{"id":111,"date":"2017-02-07T16:13:30","date_gmt":"2017-02-07T15:13:30","guid":{"rendered":"https:\/\/bassin-arcachon.com\/\/?page_id=111"},"modified":"2024-05-13T17:29:48","modified_gmt":"2024-05-13T15:29:48","slug":"arcachon","status":"publish","type":"page","link":"https:\/\/bassin-arcachon.com\/de\/nos-villes-et-villages\/arcachon\/","title":{"rendered":"Arcachon"},"content":{"rendered":"<div class=\"wp-block-uagb-container uagb-block-e72b4fc9 alignfull uagb-is-root-container\"><div class=\"uagb-container-inner-blocks-wrap\">\n<div class=\"wp-block-uagb-container uagb-block-596830f3\">\n<div class=\"wp-block-uagb-image uagb-block-29829e90 wp-block-uagb-image--layout-default wp-block-uagb-image--effect-static wp-block-uagb-image--align-none\"><figure class=\"wp-block-uagb-image__figure\"><img decoding=\"async\" srcset=\"https:\/\/bassin-arcachon.com\/wp-content\/uploads\/2017\/02\/mini-map-arcachon.jpg \" sizes=\"auto, (max-width: 480px) 150px\" src=\"https:\/\/bassin-arcachon.com\/wp-content\/uploads\/2017\/02\/mini-map-arcachon.jpg\" alt=\"- - Bassin d&#039;Arcachon\" class=\"uag-image-1913\" width=\"278\" height=\"278\" title=\"- - Bassin d&#039;Arcachon\" loading=\"lazy\" role=\"img\"><\/figure><\/div>\n\n\n\n<h2 class=\"wp-block-heading\">Arcachon-F\u00fc\u00dfe im Wasser<\/h2>\n\n\n\n<p>Arcachon kann das ganze Jahr \u00fcber entdeckt werden und ist sogar in 4 Jahreszeiten unterteilt! Kommen Sie und entdecken Sie den Kontrast zwischen seiner Sommerstadt, seinem&nbsp;<a href=\"https:\/\/bassin-arcachon.com\/de\/unser-wesentliches\/die-pfeiler\/\">sch\u00f6ne Piers<\/a>&nbsp;und sein gesch\u00e4ftiges Stadtzentrum; und die&nbsp;<a href=\"https:\/\/bassin-arcachon.com\/de\/unser-wesentliches\/die-winterstadt\/\">Winterstadt<\/a>&nbsp;mit seinen wunderbaren typischen Villen aus dem 19. Jahrhundert.<\/p>\n\n\n\n<p>Die Ville d&#039;Automne bringt Sie zum Hafen und zum Fischerviertel von Aiguillon, w\u00e4hrend die Ville de Printemps Sie zur Source des Abatilles, zum Plage Pereire und zum pulsierenden Viertel Moulleau f\u00fchrt.<\/p>\n\n\n\n<p>Willkommen zu&nbsp;<strong>Arcachon<\/strong>&nbsp;! Erw\u00e4gen Sie die Buchung Ihrer Ferienwohnung <a href=\"https:\/\/bassin-arcachon.com\/de\/wo-schlafen\/vermietungen\/unsere-ferienunterkunfte-in-arcachon\/\">hier<\/a> ! <\/p>\n<\/div>\n\n\n\n<div class=\"wp-block-uagb-container uagb-block-1220d86a\">\n<div class=\"wp-block-uagb-image uagb-block-2cc92cb2 wp-block-uagb-image--layout-default wp-block-uagb-image--effect-static wp-block-uagb-image--align-none\"><figure class=\"wp-block-uagb-image__figure\"><img decoding=\"async\" srcset=\"https:\/\/bassin-arcachon.com\/wp-content\/uploads\/2018\/07\/Plage-Pereire-Arcachon.jpg \" sizes=\"auto, (max-width: 480px) 150px\" src=\"https:\/\/bassin-arcachon.com\/wp-content\/uploads\/2018\/07\/Plage-Pereire-Arcachon.jpg\" alt=\"- - Bassin d&#039;Arcachon\" class=\"uag-image-23988\" width=\"631\" height=\"797\" title=\"- - Bassin d&#039;Arcachon\" loading=\"lazy\" role=\"img\"><\/figure><\/div>\n<\/div>\n<\/div><\/div>\n\n\n\n<div style=\"height:40px\" aria-hidden=\"true\" class=\"wp-block-spacer\"><\/div>\n\n\n\n<div class=\"wp-block-uagb-container uagb-block-576910ea alignfull uagb-is-root-container\"><div class=\"uagb-container-inner-blocks-wrap\">\n<div class=\"wp-block-uagb-container uagb-block-5719ced9\">\n<div class=\"wp-block-uagb-image uagb-block-73255a25 wp-block-uagb-image--layout-default wp-block-uagb-image--effect-static wp-block-uagb-image--align-none\"><figure class=\"wp-block-uagb-image__figure\"><img decoding=\"async\" srcset=\"\" sizes=\"auto, (max-width: 480px) 150px\" src=\"https:\/\/bassin-arcachon.com\/wp-content\/uploads\/2018\/07\/jet\u00e9e-du-moulleau-1024x683.jpg\" alt=\"- - Bassin d&#039;Arcachon\" class=\"uag-image-24836\" width=\"1024\" height=\"683\" title=\"- - Bassin d&#039;Arcachon\" loading=\"lazy\" role=\"img\" data-srcset=\"\"><\/figure><\/div>\n<\/div>\n\n\n\n<div class=\"wp-block-uagb-container uagb-block-26a62c85\">\n<h2 class=\"wp-block-heading\">Schlendern Sie entlang der Piers von Arcachon<\/h2>\n\n\n\n<p>Die Seebr\u00fccke<strong>Eyrac<\/strong>, die Seebr\u00fccke&nbsp;<strong>Thiers<\/strong>, der Pier der&nbsp;<strong>Kapelle<\/strong>&nbsp;oder das von&nbsp;<strong>Mouleau<\/strong>, diese Orte, die den Einheimischen gut bekannt sind, sind Wahrzeichen von Arcachon.<\/p>\n\n\n\n<p><a href=\"https:\/\/bassin-arcachon.com\/de\/fahrradpool\/\">Steig auf das Fahrrad<\/a>&nbsp;Nehmen Sie sich die Zeit eines Tages Zeit, um sie zu entdecken, und vergessen Sie die Kamera nicht, denn die Landschaften sind von jedem einzigartig&nbsp;<strong>Pfeiler von Arcachon<\/strong>.<\/p>\n<\/div>\n<\/div><\/div>\n\n\n\n<div style=\"height:40px\" aria-hidden=\"true\" class=\"wp-block-spacer\"><\/div>\n\n\n\n<div class=\"wp-block-uagb-container uagb-block-31588b29 alignfull uagb-is-root-container\"><div class=\"uagb-container-inner-blocks-wrap\">\n<div class=\"wp-block-uagb-container uagb-block-ead86c22\">\n<h2 class=\"wp-block-heading\">Spazierg\u00e4nge und Spazierg\u00e4nge in der Winterstadt Arcachon<\/h2>\n\n\n\n<p>Das&nbsp;<a href=\"https:\/\/bassin-arcachon.com\/de\/unser-wesentliches\/die-winterstadt\/\">Winterstadt<\/a>&nbsp;ist eine friedliche kleine Ecke von Arcachon. F\u00e4hrt ab von&nbsp;<strong>Maurischer Park<\/strong>, gibt es die sch\u00f6nsten H\u00e4user der Stadt in einem angenehmen Labyrinth aus verwinkelten Gassen. Nehmen Sie sich ein paar Stunden Zeit, um sich dort zu verirren, so werden Sie auf die charmantesten Villen sto\u00dfen! Z\u00f6gern Sie nicht, die Karte der Ville d&#039;Hiver im Fremdenverkehrsb\u00fcro mitzunehmen.<\/p>\n<\/div>\n\n\n\n<div class=\"wp-block-uagb-container uagb-block-23b24d68\">\n<div class=\"wp-block-uagb-image uagb-block-635b8cbd wp-block-uagb-image--layout-default wp-block-uagb-image--effect-static wp-block-uagb-image--align-none\"><figure class=\"wp-block-uagb-image__figure\"><img decoding=\"async\" srcset=\"\" sizes=\"auto, (max-width: 480px) 150px\" src=\"https:\/\/bassin-arcachon.com\/wp-content\/uploads\/2018\/07\/Discover-la-Ville-dHiver.jpg\" alt=\"- - Bassin d&#039;Arcachon\" class=\"uag-image-23422\" width=\"1024\" height=\"682\" title=\"- - Bassin d&#039;Arcachon\" loading=\"lazy\" role=\"img\" data-srcset=\"\"><\/figure><\/div>\n<\/div>\n<\/div><\/div>\n\n\n\n<div style=\"height:40px\" aria-hidden=\"true\" class=\"wp-block-spacer\"><\/div>\n\n\n\n<div class=\"wp-block-uagb-container uagb-block-026e7f24 alignfull uagb-is-root-container\"><div class=\"uagb-container-inner-blocks-wrap\">\n<figure class=\"wp-block-pullquote\" style=\"border-radius:0px;border-top-style:none;border-top-width:0px;border-right-style:none;border-right-width:0px;border-bottom-style:none;border-bottom-width:0px;border-left-width:2px\"><blockquote><p>Hier verbirgt sich der &quot;Eiffelturm&quot; von Arcachon. Das Observatorium Sainte-C\u00e9cile bietet einen Panoramablick \u00fcber die Stadt!<\/p><\/blockquote><\/figure>\n<\/div><\/div>\n\n\n\n<div style=\"height:20px\" aria-hidden=\"true\" class=\"wp-block-spacer\"><\/div>\n\n\n\n<div class=\"wp-block-uagb-container uagb-block-b6ff30d3 alignfull uagb-is-root-container\"><div class=\"uagb-container-inner-blocks-wrap\">\n<div class=\"wp-block-uagb-container uagb-block-2abfb3cf\">\t\t\t\t\t<div\n\t\t\t\t\t\tclass=\"wp-block-uagb-image-gallery uagb-block-d0b18a44\"\n\t\t\t\t\t\tstyle=\"\"\n\t\t\t\t\t>\n\t\t\t\t\t\t\t\t\t\t\t<div class=\"spectra-image-gallery spectra-image-gallery__layout--carousel\">\n\t\t\t\t\t\t\t\t<div class=\"uagb-slick-carousel uagb-block-d0b18a44\">\n\t\t\t\t\t\t\t\t\t\t\t\t<div class='spectra-image-gallery__media-wrapper' data-spectra-gallery-image-id='35222'>\n\t\t\t\t\t\t\t<div class=\"spectra-image-gallery__media spectra-image-gallery__media--carousel\">\n\t\t\t\t<picture>\n\t\t\t\t\t<source media=\"(min-width: 1024px)\" srcset=\"https:\/\/bassin-arcachon.com\/wp-content\/uploads\/2019\/06\/observatoire-saint-c\u00e9cile-arcachon-683x1024.jpg\">\n\t\t\t\t\t<source media=\"(min-width: 768px)\" srcset=\"https:\/\/bassin-arcachon.com\/wp-content\/uploads\/2019\/06\/observatoire-saint-c\u00e9cile-arcachon-683x1024.jpg\">\n\t\t\t\t\t<img decoding=\"async\" class=\"spectra-image-gallery__media-thumbnail spectra-image-gallery__media-thumbnail--carousel\" src=\"https:\/\/bassin-arcachon.com\/wp-content\/uploads\/2019\/06\/observatoire-saint-c\u00e9cile-arcachon-200x300.jpg\" alt=\"- - Bassin d&#039;Arcachon\" loading=\"lazy\" title=\"- - Bassin d&#039;Arcachon\">\n\t\t\t\t<\/picture>\n\t\t\t\t<div class=\"spectra-image-gallery__media-thumbnail-blurrer\"><\/div>\n\t\t\t\t\t\t\t\t\t\t\t<div class=\"spectra-image-gallery__media-thumbnail-caption-wrapper spectra-image-gallery__media-thumbnail-caption-wrapper--overlay\"><\/div>\n\t\t\t\t\t\t\t\t<\/div>\n\t\t\t\t\t\t<\/div>\n\t\t\t\t\t\t<div class='spectra-image-gallery__media-wrapper' data-spectra-gallery-image-id='35224'>\n\t\t\t\t\t\t\t<div class=\"spectra-image-gallery__media spectra-image-gallery__media--carousel\">\n\t\t\t\t<picture>\n\t\t\t\t\t<source media=\"(min-width: 1024px)\" srcset=\"https:\/\/bassin-arcachon.com\/wp-content\/uploads\/2019\/06\/arcachon-depuis-lobservatoire-sainte-cecile-683x1024.jpg\">\n\t\t\t\t\t<source media=\"(min-width: 768px)\" srcset=\"https:\/\/bassin-arcachon.com\/wp-content\/uploads\/2019\/06\/arcachon-depuis-lobservatoire-sainte-cecile-683x1024.jpg\">\n\t\t\t\t\t<img decoding=\"async\" class=\"spectra-image-gallery__media-thumbnail spectra-image-gallery__media-thumbnail--carousel\" src=\"https:\/\/bassin-arcachon.com\/wp-content\/uploads\/2019\/06\/arcachon-depuis-lobservatoire-sainte-cecile-200x300.jpg\" alt=\"- - Bassin d&#039;Arcachon\" loading=\"lazy\" title=\"- - Bassin d&#039;Arcachon\">\n\t\t\t\t<\/picture>\n\t\t\t\t<div class=\"spectra-image-gallery__media-thumbnail-blurrer\"><\/div>\n\t\t\t\t\t\t\t\t\t\t\t<div class=\"spectra-image-gallery__media-thumbnail-caption-wrapper spectra-image-gallery__media-thumbnail-caption-wrapper--overlay\"><\/div>\n\t\t\t\t\t\t\t\t<\/div>\n\t\t\t\t\t\t<\/div>\n\t\t\t\t\t\t<div class='spectra-image-gallery__media-wrapper' data-spectra-gallery-image-id='23675'>\n\t\t\t\t\t\t\t<div class=\"spectra-image-gallery__media spectra-image-gallery__media--carousel\">\n\t\t\t\t<picture>\n\t\t\t\t\t<source media=\"(min-width: 1024px)\" srcset=\"https:\/\/bassin-arcachon.com\/wp-content\/uploads\/2018\/07\/Balade-sur-leau-Bassin-Arcachon.jpg\">\n\t\t\t\t\t<source media=\"(min-width: 768px)\" srcset=\"https:\/\/bassin-arcachon.com\/wp-content\/uploads\/2018\/07\/Balade-sur-leau-Bassin-Arcachon.jpg\">\n\t\t\t\t\t<img decoding=\"async\" class=\"spectra-image-gallery__media-thumbnail spectra-image-gallery__media-thumbnail--carousel\" src=\"https:\/\/bassin-arcachon.com\/wp-content\/uploads\/2018\/07\/Balade-sur-leau-Bassin-Arcachon-450x300.jpg\" alt=\"- - Bassin d&#039;Arcachon\" loading=\"lazy\" title=\"- - Bassin d&#039;Arcachon\">\n\t\t\t\t<\/picture>\n\t\t\t\t<div class=\"spectra-image-gallery__media-thumbnail-blurrer\"><\/div>\n\t\t\t\t\t\t\t\t\t\t\t<div class=\"spectra-image-gallery__media-thumbnail-caption-wrapper spectra-image-gallery__media-thumbnail-caption-wrapper--overlay\"><\/div>\n\t\t\t\t\t\t\t\t<\/div>\n\t\t\t\t\t\t<\/div>\n\t\t\t\t\t\t\t\t\t\t\t<\/div>\n\t\t\t\t\t\t\t<\/div>\n\t\t\t\t\t\t\t\t\t\t\t<\/div>\n\t\t\t\t\t\t\t\t\t<\/div>\n\n\n\n<div class=\"wp-block-uagb-container uagb-block-8da6f29a\">\n<h2 class=\"wp-block-heading\">Machen Sie eine \u00dcberfahrt oder eine Bootsfahrt auf der Bassin<\/h2>\n\n\n\n<p>Begeben Sie sich das ganze Jahr \u00fcber von der Anlegestelle Thiers in Arcachon, um die Bassin von Arcachon in Richtung Cap Ferret zu \u00fcberqueren oder sich dem ber\u00fchmten zu n\u00e4hern&nbsp;<a href=\"https:\/\/bassin-arcachon.com\/de\/unser-wesentliches\/die-tchanquee-kabinen\/\" target=\"_blank\" rel=\"noreferrer noopener\">H\u00fctten auf Tchanqu\u00e9es<\/a>. Machen Sie sich im Juli-August auf den Weg <a href=\"https:\/\/bassin-arcachon.com\/de\/unsere-stadte-und-dorfer\/andernos-die-bader\/\" data-type=\"page\" data-id=\"339\">von Andernos-les-Bains<\/a> oder auf der&nbsp;<a href=\"https:\/\/bassin-arcachon.com\/de\/unser-wesentliches\/die-darguin-bank\/\">Bank von Arguin<\/a>.<\/p>\n\n\n\n<p>Konsultieren Sie die&nbsp;<a href=\"https:\/\/bateliers-arcachon.com\/navettes\/arcachon-cap-ferret\/\" target=\"_blank\" rel=\"noreferrer noopener\">Kreuzungszeiten<\/a>&nbsp;um Ihren Urlaubstag auf der Bassin von Arcachon vorzubereiten.<\/p>\n<\/div>\n<\/div><\/div>\n\n\n\n<div style=\"height:60px\" aria-hidden=\"true\" class=\"wp-block-spacer\"><\/div>\n\n\n\n<div class=\"wp-block-uagb-container uagb-block-a8dec0e8 alignfull uagb-is-root-container\"><div class=\"uagb-container-inner-blocks-wrap\">\n<div class=\"wp-block-uagb-container uagb-block-69e277a2\">\n<h2 class=\"wp-block-heading\">Schlendern Sie durch das Fischerviertel l&#039;Aiguillon<\/h2>\n\n\n\n<p>Das Viertel Aiguillon ist unser Geheimtipp in Arcachon. Mit seinen farbenfrohen H\u00fctten, die noch in Betrieb sind, k\u00f6nnen Sie diesen fotogenen Ort voller Charme nicht \u00fcbersehen.<\/p>\n\n\n\n<p>Machen Sie beim Bummeln eine wohlverdiente Pause in der einzigen Austernh\u00fctte der Gegend: der Cabane de l&#039;Aiguillon!<\/p>\n<\/div>\n\n\n\n<div class=\"wp-block-uagb-container uagb-block-6eec8bcd\">\n<div class=\"wp-block-uagb-image uagb-block-45097359 wp-block-uagb-image--layout-default wp-block-uagb-image--effect-static wp-block-uagb-image--align-none\"><figure class=\"wp-block-uagb-image__figure\"><img decoding=\"async\" srcset=\"https:\/\/bassin-arcachon.com\/wp-content\/uploads\/2017\/03\/quartier-aiguillon-arcachon-1024x683.jpg \" sizes=\"auto, (max-width: 480px) 150px\" src=\"https:\/\/bassin-arcachon.com\/wp-content\/uploads\/2017\/03\/quartier-aiguillon-arcachon-1024x683.jpg\" alt=\"- - Bassin d&#039;Arcachon\" class=\"uag-image-24552\" width=\"1024\" height=\"683\" title=\"- - Bassin d&#039;Arcachon\" loading=\"lazy\" role=\"img\"><\/figure><\/div>\n<\/div>\n<\/div><\/div>\n\n\n\n<div style=\"height:40px\" aria-hidden=\"true\" class=\"wp-block-spacer\"><\/div>\n\n\n\n<div class=\"wp-block-uagb-container uagb-block-75f2d821 alignfull uagb-is-root-container\"><div class=\"uagb-container-inner-blocks-wrap\">\n<div class=\"wp-block-uagb-container uagb-block-4616a241\">\n<div class=\"wp-block-uagb-image uagb-block-6b5c19d5 wp-block-uagb-image--layout-default wp-block-uagb-image--effect-static wp-block-uagb-image--align-none\"><figure class=\"wp-block-uagb-image__figure\"><img decoding=\"async\" srcset=\"https:\/\/bassin-arcachon.com\/wp-content\/uploads\/2017\/02\/Pereire-arcachon-plage-1024x683.jpg \" sizes=\"auto, (max-width: 480px) 150px\" src=\"https:\/\/bassin-arcachon.com\/wp-content\/uploads\/2017\/02\/Pereire-arcachon-plage-1024x683.jpg\" alt=\"- - Bassin d&#039;Arcachon\" class=\"uag-image-23756\" width=\"1024\" height=\"683\" title=\"- - Bassin d&#039;Arcachon\" loading=\"lazy\" role=\"img\"><\/figure><\/div>\n<\/div>\n\n\n\n<div class=\"wp-block-uagb-container uagb-block-7cec3277\">\n<h2 class=\"wp-block-heading\">Entspannen Sie sich an den Str\u00e4nden Pereire und Moulleau in Arcachon<\/h2>\n\n\n\n<p>Nach einem Shopping-Tag in der Summer City k\u00f6nnen Sie einen echten Urlaubsnachmittag am Strand verbringen. Legen Sie Ihr Handtuch am Strand von Pereire oder Moulleau aus. Von letzterem haben Sie einen atemberaubenden Blick auf die&nbsp;<a href=\"http:\/\/bassin-arcachon.com\/de\/unser-wesentliches\/die-pilat-dune\/\">D\u00fcne von Pilat<\/a>. Der von Pinien ges\u00e4umte Strand von Pereire ist ideal, um den Sonnenuntergang zu bewundern oder bei Ebbe auf der riesigen Sandbank spazieren zu gehen, die man sehen kann\u2026<\/p>\n<\/div>\n<\/div><\/div>\n\n\n\n<div style=\"height:60px\" aria-hidden=\"true\" class=\"wp-block-spacer\"><\/div>\n\n\n\n<div class=\"wp-block-uagb-container uagb-block-e2a2c9bd alignfull uagb-is-root-container\"><div class=\"uagb-container-inner-blocks-wrap\">\n<div class=\"wp-block-uagb-container uagb-block-3d939de5\">\n<h2 class=\"wp-block-heading\">Genie\u00dfen Sie die Arcachonnaises-Abende<\/h2>\n\n\n\n<p>Arcachon vibriert auch am Abend. Zwischen den&nbsp;<a href=\"https:\/\/www.arcachon.com\/culture\/\" target=\"_blank\" rel=\"noreferrer noopener\">Olympia-Theater<\/a>, Kino,&nbsp;<a href=\"http:\/\/www.zebrearcachon.fr\/cafe-theatre\/\" target=\"_blank\" rel=\"noreferrer noopener\">das Caf\u00e9-Theater Z\u00e8bre<\/a>, die Konzerte im V\u00e9lodrome im Sommer w\u00e4hrend des Festivals Arcachon en Sc\u00e8ne, k\u00f6nnen Sie jeden Tag Ihres Urlaubs einen einzigartigen Abend verbringen. Vergessen Sie f\u00fcr Gl\u00fccksspielbegeisterte nicht das Casino, das auch Shows anbietet.<\/p>\n\n\n\n<p>Lassen Sie Ihren Abend in einer der angesagten Bars im Viertel Moulleau ausklingen!<\/p>\n<\/div>\n\n\n\n<div class=\"wp-block-uagb-container uagb-block-f40a8937\">\n<div class=\"wp-block-uagb-image uagb-block-527c3612 wp-block-uagb-image--layout-default wp-block-uagb-image--effect-static wp-block-uagb-image--align-none\"><figure class=\"wp-block-uagb-image__figure\"><img decoding=\"async\" srcset=\"\" sizes=\"auto, (max-width: 480px) 150px\" src=\"https:\/\/bassin-arcachon.com\/wp-content\/uploads\/2018\/07\/Soir\u00e9e-Blanche-sur-Arcachon-1024x576.jpg\" alt=\"- - Bassin d&#039;Arcachon\" class=\"uag-image-23992\" width=\"1024\" height=\"576\" title=\"- - Bassin d&#039;Arcachon\" loading=\"lazy\" role=\"img\" data-srcset=\"\"><\/figure><\/div>\n<\/div>\n<\/div><\/div>\n\n\n\n<div style=\"height:40px\" aria-hidden=\"true\" class=\"wp-block-spacer\"><\/div>","protected":false},"excerpt":{"rendered":"<p>Arcachon les pieds dans l\u2019eau Arcachon se d\u00e9couvre toute l\u2019ann\u00e9e et se divise m\u00eame en 4 saisons ! Venez d\u00e9couvrir le contraste entre sa Ville d\u2019\u00c9t\u00e9, ses&nbsp;magnifiques jet\u00e9es&nbsp;et son centre-ville [&hellip;]<\/p>\n","protected":false},"author":25,"featured_media":23420,"parent":29,"menu_order":1,"comment_status":"closed","ping_status":"closed","template":"","meta":{"_acf_changed":false,"_uag_custom_page_level_css":"","footnotes":""},"class_list":["post-111","page","type-page","status-publish","has-post-thumbnail","hentry"],"acf":[],"uagb_featured_image_src":{"full":["https:\/\/bassin-arcachon.com\/wp-content\/uploads\/2018\/07\/Villa-Trocadero-ville-dhiver-arcachon.jpg",1000,666,false],"thumbnail":["https:\/\/bassin-arcachon.com\/wp-content\/uploads\/2018\/07\/Villa-Trocadero-ville-dhiver-arcachon-150x150.jpg",150,150,true],"medium":["https:\/\/bassin-arcachon.com\/wp-content\/uploads\/2018\/07\/Villa-Trocadero-ville-dhiver-arcachon-600x400.jpg",600,400,true],"medium_large":["https:\/\/bassin-arcachon.com\/wp-content\/uploads\/2018\/07\/Villa-Trocadero-ville-dhiver-arcachon-768x511.jpg",768,511,true],"large":["https:\/\/bassin-arcachon.com\/wp-content\/uploads\/2018\/07\/Villa-Trocadero-ville-dhiver-arcachon.jpg",1000,666,false],"1536x1536":["https:\/\/bassin-arcachon.com\/wp-content\/uploads\/2018\/07\/Villa-Trocadero-ville-dhiver-arcachon.jpg",1000,666,false],"2048x2048":["https:\/\/bassin-arcachon.com\/wp-content\/uploads\/2018\/07\/Villa-Trocadero-ville-dhiver-arcachon.jpg",1000,666,false],"trp-custom-language-flag":["https:\/\/bassin-arcachon.com\/wp-content\/uploads\/2018\/07\/Villa-Trocadero-ville-dhiver-arcachon-18x12.jpg",18,12,true]},"uagb_author_info":{"display_name":"Marie Clauzel","author_link":"https:\/\/bassin-arcachon.com\/de\/author\/mariesiba\/"},"uagb_comment_info":0,"uagb_excerpt":"Arcachon les pieds dans l\u2019eau Arcachon se d\u00e9couvre toute l\u2019ann\u00e9e et se divise m\u00eame en 4 saisons ! Venez d\u00e9couvrir le contraste entre sa Ville d\u2019\u00c9t\u00e9, ses&nbsp;magnifiques jet\u00e9es&nbsp;et son centre-ville [&hellip;]","_links":{"self":[{"href":"https:\/\/bassin-arcachon.com\/de\/wp-json\/wp\/v2\/pages\/111","targetHints":{"allow":["GET"]}}],"collection":[{"href":"https:\/\/bassin-arcachon.com\/de\/wp-json\/wp\/v2\/pages"}],"about":[{"href":"https:\/\/bassin-arcachon.com\/de\/wp-json\/wp\/v2\/types\/page"}],"author":[{"embeddable":true,"href":"https:\/\/bassin-arcachon.com\/de\/wp-json\/wp\/v2\/users\/25"}],"replies":[{"embeddable":true,"href":"https:\/\/bassin-arcachon.com\/de\/wp-json\/wp\/v2\/comments?post=111"}],"version-history":[{"count":1,"href":"https:\/\/bassin-arcachon.com\/de\/wp-json\/wp\/v2\/pages\/111\/revisions"}],"predecessor-version":[{"id":217791,"href":"https:\/\/bassin-arcachon.com\/de\/wp-json\/wp\/v2\/pages\/111\/revisions\/217791"}],"up":[{"embeddable":true,"href":"https:\/\/bassin-arcachon.com\/de\/wp-json\/wp\/v2\/pages\/29"}],"wp:featuredmedia":[{"embeddable":true,"href":"https:\/\/bassin-arcachon.com\/de\/wp-json\/wp\/v2\/media\/23420"}],"wp:attachment":[{"href":"https:\/\/bassin-arcachon.com\/de\/wp-json\/wp\/v2\/media?parent=111"}],"curies":[{"name":"wp","href":"https:\/\/api.w.org\/{rel}","templated":true}]}}