{"id":127,"date":"2017-02-08T09:54:13","date_gmt":"2017-02-08T08:54:13","guid":{"rendered":"https:\/\/bassin-arcachon.com\/\/?page_id=127"},"modified":"2024-11-21T09:28:03","modified_gmt":"2024-11-21T08:28:03","slug":"die-tchanquee-kabinen","status":"publish","type":"page","link":"https:\/\/bassin-arcachon.com\/de\/nos-incontournables\/les-cabanes-tchanquees\/","title":{"rendered":"Die H\u00fctten auf Stelzen der \u00cele aux Oiseaux"},"content":{"rendered":"<div class=\"wp-block-uagb-container uagb-block-ca43a121 alignfull uagb-is-root-container\"><div class=\"uagb-container-inner-blocks-wrap\">\n<div class=\"wp-block-uagb-container uagb-block-b5b78c0f\">\n<div class=\"wp-block-uagb-image uagb-block-67879f8d wp-block-uagb-image--layout-default wp-block-uagb-image--effect-static wp-block-uagb-image--align-none\"><figure class=\"wp-block-uagb-image__figure\"><img decoding=\"async\" srcset=\"https:\/\/bassin-arcachon.com\/wp-content\/uploads\/2017\/02\/mini-map-cab-tchanq.jpg \" sizes=\"auto, (max-width: 480px) 150px\" src=\"https:\/\/bassin-arcachon.com\/wp-content\/uploads\/2017\/02\/mini-map-cab-tchanq.jpg\" alt=\"- - Bassin d&#039;Arcachon\" class=\"uag-image-1898\" width=\"278\" height=\"278\" title=\"- - Bassin d&#039;Arcachon\" loading=\"lazy\" role=\"img\"><\/figure><\/div>\n\n\n\n<h2 class=\"wp-block-heading\">Lassen Sie sich f\u00fcr einen Moment echten Urlaubs auf dem Wasser f\u00fchren!<\/h2>\n\n\n\n<p>Am Anfang&nbsp;<a href=\"https:\/\/bassin-arcachon.com\/de\/unser-wesentliches\/die-pfeiler\/\" target=\"_blank\" rel=\"noreferrer noopener\">Anlegestellen Arcachon Bassin<\/a>, gehen Sie an Bord einer Pinasse, eines Lastkahns oder eines Ausflugsboots, um die \u00cele aux Oiseaux und ihre ber\u00fchmten H\u00fctten auf Stelzen zu entdecken.<\/p>\n<\/div>\n\n\n\n<div class=\"wp-block-uagb-container uagb-block-fb0439cb\">\t\t\t\t\t<div\n\t\t\t\t\t\tclass=\"wp-block-uagb-image-gallery uagb-block-54c90521\"\n\t\t\t\t\t\tstyle=\"\"\n\t\t\t\t\t>\n\t\t\t\t\t\t\t\t\t\t\t<div class=\"spectra-image-gallery spectra-image-gallery__layout--carousel\">\n\t\t\t\t\t\t\t\t<div class=\"uagb-slick-carousel uagb-block-54c90521\">\n\t\t\t\t\t\t\t\t\t\t\t\t<div class='spectra-image-gallery__media-wrapper' data-spectra-gallery-image-id='23673'>\n\t\t\t\t\t\t\t<div class=\"spectra-image-gallery__media spectra-image-gallery__media--carousel\">\n\t\t\t\t<picture>\n\t\t\t\t\t<source media=\"(min-width: 1024px)\" srcset=\"https:\/\/bassin-arcachon.com\/wp-content\/uploads\/2017\/02\/Cabanes-tchanqu\u00e9es-bassin-darcachon.jpg\">\n\t\t\t\t\t<source media=\"(min-width: 768px)\" srcset=\"https:\/\/bassin-arcachon.com\/wp-content\/uploads\/2017\/02\/Cabanes-tchanqu\u00e9es-bassin-darcachon.jpg\">\n\t\t\t\t\t<img decoding=\"async\" class=\"spectra-image-gallery__media-thumbnail spectra-image-gallery__media-thumbnail--carousel\" src=\"https:\/\/bassin-arcachon.com\/wp-content\/uploads\/2017\/02\/Cabanes-tchanqu\u00e9es-bassin-darcachon.jpg\" alt=\"- - Bassin d&#039;Arcachon\" loading=\"lazy\" title=\"- - Bassin d&#039;Arcachon\">\n\t\t\t\t<\/picture>\n\t\t\t\t<div class=\"spectra-image-gallery__media-thumbnail-blurrer\"><\/div>\n\t\t\t\t\t\t\t\t\t\t\t<div class=\"spectra-image-gallery__media-thumbnail-caption-wrapper spectra-image-gallery__media-thumbnail-caption-wrapper--overlay\"><\/div>\n\t\t\t\t\t\t\t\t<\/div>\n\t\t\t\t\t\t<\/div>\n\t\t\t\t\t\t<div class='spectra-image-gallery__media-wrapper' data-spectra-gallery-image-id='23675'>\n\t\t\t\t\t\t\t<div class=\"spectra-image-gallery__media spectra-image-gallery__media--carousel\">\n\t\t\t\t<picture>\n\t\t\t\t\t<source media=\"(min-width: 1024px)\" srcset=\"https:\/\/bassin-arcachon.com\/wp-content\/uploads\/2018\/07\/Balade-sur-leau-Bassin-Arcachon.jpg\">\n\t\t\t\t\t<source media=\"(min-width: 768px)\" srcset=\"https:\/\/bassin-arcachon.com\/wp-content\/uploads\/2018\/07\/Balade-sur-leau-Bassin-Arcachon.jpg\">\n\t\t\t\t\t<img decoding=\"async\" class=\"spectra-image-gallery__media-thumbnail spectra-image-gallery__media-thumbnail--carousel\" src=\"https:\/\/bassin-arcachon.com\/wp-content\/uploads\/2018\/07\/Balade-sur-leau-Bassin-Arcachon.jpg\" alt=\"- - Bassin d&#039;Arcachon\" loading=\"lazy\" title=\"- - Bassin d&#039;Arcachon\">\n\t\t\t\t<\/picture>\n\t\t\t\t<div class=\"spectra-image-gallery__media-thumbnail-blurrer\"><\/div>\n\t\t\t\t\t\t\t\t\t\t\t<div class=\"spectra-image-gallery__media-thumbnail-caption-wrapper spectra-image-gallery__media-thumbnail-caption-wrapper--overlay\"><\/div>\n\t\t\t\t\t\t\t\t<\/div>\n\t\t\t\t\t\t<\/div>\n\t\t\t\t\t\t\t\t\t\t\t<\/div>\n\t\t\t\t\t\t\t<\/div>\n\t\t\t\t\t\t\t\t\t\t\t<\/div>\n\t\t\t\t\t\t\t\t\t<\/div>\n<\/div><\/div>\n\n\n\n<div style=\"height:60px\" aria-hidden=\"true\" class=\"wp-block-spacer\"><\/div>\n\n\n\n<div class=\"wp-block-uagb-container uagb-block-fc76f3fd alignfull uagb-is-root-container\">\n<div class=\"wp-block-cover is-light has-parallax\"><span aria-hidden=\"true\" class=\"wp-block-cover__background has-background-dim-0 has-background-dim\"><\/span><div class=\"wp-block-cover__image-background wp-image-49382 has-parallax\" style=\"background-position:50% 50%;background-image:url(https:\/\/bassin-arcachon.com\/wp-content\/uploads\/2021\/03\/DSC3226cabanes-sunset-1-90x60-ti.jpg)\"><\/div><div class=\"wp-block-cover__inner-container is-layout-flow wp-block-cover-is-layout-flow\">\n<h2 class=\"wp-block-heading has-text-align-center has-white-color has-text-color has-background has-large-font-size\" style=\"background-color:#000000b3\">Bei Sonnenuntergang ein magischer Moment!<\/h2>\n<\/div><\/div>\n<\/div>\n\n\n\n<div style=\"height:60px\" aria-hidden=\"true\" class=\"wp-block-spacer\"><\/div>\n\n\n\n<div class=\"wp-block-uagb-container uagb-block-a7a612e7 alignfull uagb-is-root-container\"><div class=\"uagb-container-inner-blocks-wrap\">\n<h2 class=\"wp-block-heading\">Tolle Flucht auf dem Wasser ...<\/h2>\n\n\n\n<p>Das&nbsp;<a href=\"https:\/\/bassin-arcachon.com\/de\/was-zu-tun-ist\/auf-das-wasser\/\">Bootsausflug<\/a>&nbsp;auf der&nbsp;<strong>Bucht von Arcachon<\/strong>&nbsp;ist ein Muss. Und das ganzj\u00e4hrig m\u00f6glich! Ein Tipp: Ebbe bevorzugen, die Boote n\u00e4hern sich den H\u00fctten auf Stelzen. Reservierungen k\u00f6nnen in den Fremdenverkehrsb\u00fcros, an den Piers oder online auf den Websites der Dienstleister vorgenommen werden. Du kannst auch&nbsp;<a href=\"https:\/\/bassin-arcachon.com\/de\/bewegen-sie-sich-im-pool\/bootsverleih\/\">ein Boot privatisieren<\/a>&nbsp;die Insel der V\u00f6gel umrunden.<\/p>\n\n\n\n<p>F\u00fcr die sportlicheren ist es auch m\u00f6glich, sich dem anzuschlie\u00dfen<strong>Vogel Insel<\/strong>&nbsp;in&nbsp;<a href=\"https:\/\/bassin-arcachon.com\/de\/was-zu-tun-ist\/auf-das-wasser\/\">Seekajak<\/a>. Dies ist auch die beste M\u00f6glichkeit, die H\u00fctten auf Stelzen genauer zu beobachten! Von der einfachen Entdeckung (2 Std.) bis zum Spaziergang (3 Std.) oder der Wanderung zwischen Land und Meer (4 bis 5 Std.) sind die Routen vielf\u00e4ltig.<\/p>\n\n\n\n<p>Ein Tipp: Vermeiden Sie den Spaziergang um die \u00cele aux Oiseaux in der Hochsommersaison. Zu Beginn des Herbstes oder Fr\u00fchlings sind Sie vor den ber\u00fchmten H\u00fctten einsam auf der Welt!<\/p>\n<\/div><\/div>\n\n\n\n<div style=\"height:60px\" aria-hidden=\"true\" class=\"wp-block-spacer\"><\/div>\n\n\n\n<div class=\"wp-block-uagb-container uagb-block-393775ce alignfull uagb-is-root-container\"><div class=\"uagb-container-inner-blocks-wrap\">\n<div class=\"wp-block-uagb-container uagb-block-c4ecdbe7\">\n<h2 class=\"wp-block-heading\">Inmitten der Bassin von Arcachon, auf der \u00cele aux Oiseaux, stehen stolz unsere beiden Holzh\u00fctten auf Stelzen...<\/h2>\n\n\n\n<p>Einst zur \u00dcberwachung von Austernb\u00e4nken errichtet, sind sie der \u00d6ffentlichkeit nicht zug\u00e4nglich und k\u00f6nnen nicht von innen besichtigt werden.<\/p>\n\n\n\n<p>Bei Flut k\u00f6nnen Sie von Ihrem Boot aus auf Stelzen auf die H\u00fctten zugehen und diese umrunden.<\/p>\n\n\n\n<p>Bei Ebbe geben sie ihre Fundamente preis und man wagt sich oft barfu\u00df im Schlamm an ihre Stufen.<\/p>\n<\/div>\n\n\n\n<div class=\"wp-block-uagb-container uagb-block-9e90ce1a\">\t\t\t\t\t<div\n\t\t\t\t\t\tclass=\"wp-block-uagb-image-gallery uagb-block-cba95837\"\n\t\t\t\t\t\tstyle=\"\"\n\t\t\t\t\t>\n\t\t\t\t\t\t\t\t\t\t\t<div class=\"spectra-image-gallery spectra-image-gallery__layout--carousel\">\n\t\t\t\t\t\t\t\t<div class=\"uagb-slick-carousel uagb-block-cba95837\">\n\t\t\t\t\t\t\t\t\t\t\t\t<div class='spectra-image-gallery__media-wrapper' data-spectra-gallery-image-id='23681'>\n\t\t\t\t\t\t\t<div class=\"spectra-image-gallery__media spectra-image-gallery__media--carousel\">\n\t\t\t\t<picture>\n\t\t\t\t\t<source media=\"(min-width: 1024px)\" srcset=\"https:\/\/bassin-arcachon.com\/wp-content\/uploads\/2018\/07\/bateau-bassin-arcachon-683x1024.jpg\">\n\t\t\t\t\t<source media=\"(min-width: 768px)\" srcset=\"https:\/\/bassin-arcachon.com\/wp-content\/uploads\/2018\/07\/bateau-bassin-arcachon-683x1024.jpg\">\n\t\t\t\t\t<img decoding=\"async\" class=\"spectra-image-gallery__media-thumbnail spectra-image-gallery__media-thumbnail--carousel\" src=\"https:\/\/bassin-arcachon.com\/wp-content\/uploads\/2018\/07\/bateau-bassin-arcachon-640x960.jpg\" alt=\"- - Bassin d&#039;Arcachon\" loading=\"lazy\" title=\"- - Bassin d&#039;Arcachon\">\n\t\t\t\t<\/picture>\n\t\t\t\t<div class=\"spectra-image-gallery__media-thumbnail-blurrer\"><\/div>\n\t\t\t\t\t\t\t\t\t\t\t<div class=\"spectra-image-gallery__media-thumbnail-caption-wrapper spectra-image-gallery__media-thumbnail-caption-wrapper--overlay\"><\/div>\n\t\t\t\t\t\t\t\t<\/div>\n\t\t\t\t\t\t<\/div>\n\t\t\t\t\t\t<div class='spectra-image-gallery__media-wrapper' data-spectra-gallery-image-id='10761'>\n\t\t\t\t\t\t\t<div class=\"spectra-image-gallery__media spectra-image-gallery__media--carousel\">\n\t\t\t\t<picture>\n\t\t\t\t\t<source media=\"(min-width: 1024px)\" srcset=\"https:\/\/bassin-arcachon.com\/wp-content\/uploads\/2017\/02\/Cabanes-tchanqu\u00e9es_N5722b-682x1024.jpg\">\n\t\t\t\t\t<source media=\"(min-width: 768px)\" srcset=\"https:\/\/bassin-arcachon.com\/wp-content\/uploads\/2017\/02\/Cabanes-tchanqu\u00e9es_N5722b-682x1024.jpg\">\n\t\t\t\t\t<img decoding=\"async\" class=\"spectra-image-gallery__media-thumbnail spectra-image-gallery__media-thumbnail--carousel\" src=\"https:\/\/bassin-arcachon.com\/wp-content\/uploads\/2017\/02\/Cabanes-tchanqu\u00e9es_N5722b-640x960.jpg\" alt=\"- - Bassin d&#039;Arcachon\" loading=\"lazy\" title=\"- - Bassin d&#039;Arcachon\">\n\t\t\t\t<\/picture>\n\t\t\t\t<div class=\"spectra-image-gallery__media-thumbnail-blurrer\"><\/div>\n\t\t\t\t\t\t\t\t\t\t\t<div class=\"spectra-image-gallery__media-thumbnail-caption-wrapper spectra-image-gallery__media-thumbnail-caption-wrapper--overlay\"><\/div>\n\t\t\t\t\t\t\t\t<\/div>\n\t\t\t\t\t\t<\/div>\n\t\t\t\t\t\t<div class='spectra-image-gallery__media-wrapper' data-spectra-gallery-image-id='23683'>\n\t\t\t\t\t\t\t<div class=\"spectra-image-gallery__media spectra-image-gallery__media--carousel\">\n\t\t\t\t<picture>\n\t\t\t\t\t<source media=\"(min-width: 1024px)\" srcset=\"https:\/\/bassin-arcachon.com\/wp-content\/uploads\/2018\/07\/kayak-de-mer-cabane-tchanqu\u00e9e.jpg\">\n\t\t\t\t\t<source media=\"(min-width: 768px)\" srcset=\"https:\/\/bassin-arcachon.com\/wp-content\/uploads\/2018\/07\/kayak-de-mer-cabane-tchanqu\u00e9e.jpg\">\n\t\t\t\t\t<img decoding=\"async\" class=\"spectra-image-gallery__media-thumbnail spectra-image-gallery__media-thumbnail--carousel\" src=\"https:\/\/bassin-arcachon.com\/wp-content\/uploads\/2018\/07\/kayak-de-mer-cabane-tchanqu\u00e9e-640x426.jpg\" alt=\"- - Bassin d&#039;Arcachon\" loading=\"lazy\" title=\"- - Bassin d&#039;Arcachon\">\n\t\t\t\t<\/picture>\n\t\t\t\t<div class=\"spectra-image-gallery__media-thumbnail-blurrer\"><\/div>\n\t\t\t\t\t\t\t\t\t\t\t<div class=\"spectra-image-gallery__media-thumbnail-caption-wrapper spectra-image-gallery__media-thumbnail-caption-wrapper--overlay\"><\/div>\n\t\t\t\t\t\t\t\t<\/div>\n\t\t\t\t\t\t<\/div>\n\t\t\t\t\t\t<div class='spectra-image-gallery__media-wrapper' data-spectra-gallery-image-id='47831'>\n\t\t\t\t\t\t\t<div class=\"spectra-image-gallery__media spectra-image-gallery__media--carousel\">\n\t\t\t\t<picture>\n\t\t\t\t\t<source media=\"(min-width: 1024px)\" srcset=\"https:\/\/bassin-arcachon.com\/wp-content\/uploads\/2020\/09\/cabanes-tchanqu\u00e9es-scaled-1024x686.jpg\">\n\t\t\t\t\t<source media=\"(min-width: 768px)\" srcset=\"https:\/\/bassin-arcachon.com\/wp-content\/uploads\/2020\/09\/cabanes-tchanqu\u00e9es-scaled-1024x686.jpg\">\n\t\t\t\t\t<img decoding=\"async\" class=\"spectra-image-gallery__media-thumbnail spectra-image-gallery__media-thumbnail--carousel\" src=\"https:\/\/bassin-arcachon.com\/wp-content\/uploads\/2020\/09\/cabanes-tchanqu\u00e9es-scaled-640x429.jpg\" alt=\"- - Bassin d&#039;Arcachon\" loading=\"lazy\" title=\"- - Bassin d&#039;Arcachon\">\n\t\t\t\t<\/picture>\n\t\t\t\t<div class=\"spectra-image-gallery__media-thumbnail-blurrer\"><\/div>\n\t\t\t\t\t\t\t\t\t\t\t<div class=\"spectra-image-gallery__media-thumbnail-caption-wrapper spectra-image-gallery__media-thumbnail-caption-wrapper--overlay\"><\/div>\n\t\t\t\t\t\t\t\t<\/div>\n\t\t\t\t\t\t<\/div>\n\t\t\t\t\t\t\t\t\t\t\t<\/div>\n\t\t\t\t\t\t\t<\/div>\n\t\t\t\t\t\t\t\t\t\t\t<\/div>\n\t\t\t\t\t\t\t\t\t<\/div>\n<\/div><\/div>\n\n\n\n<div style=\"height:60px\" aria-hidden=\"true\" class=\"wp-block-spacer\"><\/div>","protected":false},"excerpt":{"rendered":"<p>Laissez-vous guider sur l\u2019eau pour un moment de vraies vacances ! Au d\u00e9part&nbsp;des jet\u00e9es du Bassin d\u2019Arcachon, embarquez \u00e0 bord d\u2019une pinasse, chaland ou bateau de promenade pour d\u00e9couvrir l\u2019\u00eele [&hellip;]<\/p>\n","protected":false},"author":25,"featured_media":6727,"parent":27,"menu_order":0,"comment_status":"closed","ping_status":"closed","template":"","meta":{"_acf_changed":false,"_uag_custom_page_level_css":"","footnotes":""},"class_list":["post-127","page","type-page","status-publish","has-post-thumbnail","hentry"],"acf":[],"uagb_featured_image_src":{"full":["https:\/\/bassin-arcachon.com\/wp-content\/uploads\/2017\/02\/Cabanes-Tchanquees-2.jpg",1200,800,false],"thumbnail":["https:\/\/bassin-arcachon.com\/wp-content\/uploads\/2017\/02\/Cabanes-Tchanquees-2-150x150.jpg",150,150,true],"medium":["https:\/\/bassin-arcachon.com\/wp-content\/uploads\/2017\/02\/Cabanes-Tchanquees-2-600x400.jpg",600,400,true],"medium_large":["https:\/\/bassin-arcachon.com\/wp-content\/uploads\/2017\/02\/Cabanes-Tchanquees-2-768x512.jpg",768,512,true],"large":["https:\/\/bassin-arcachon.com\/wp-content\/uploads\/2017\/02\/Cabanes-Tchanquees-2-1024x683.jpg",1024,683,true],"1536x1536":["https:\/\/bassin-arcachon.com\/wp-content\/uploads\/2017\/02\/Cabanes-Tchanquees-2.jpg",1200,800,false],"2048x2048":["https:\/\/bassin-arcachon.com\/wp-content\/uploads\/2017\/02\/Cabanes-Tchanquees-2.jpg",1200,800,false],"trp-custom-language-flag":["https:\/\/bassin-arcachon.com\/wp-content\/uploads\/2017\/02\/Cabanes-Tchanquees-2-18x12.jpg",18,12,true]},"uagb_author_info":{"display_name":"Marie Clauzel","author_link":"https:\/\/bassin-arcachon.com\/de\/author\/mariesiba\/"},"uagb_comment_info":0,"uagb_excerpt":"Laissez-vous guider sur l\u2019eau pour un moment de vraies vacances ! Au d\u00e9part&nbsp;des jet\u00e9es du Bassin d\u2019Arcachon, embarquez \u00e0 bord d\u2019une pinasse, chaland ou bateau de promenade pour d\u00e9couvrir l\u2019\u00eele [&hellip;]","_links":{"self":[{"href":"https:\/\/bassin-arcachon.com\/de\/wp-json\/wp\/v2\/pages\/127","targetHints":{"allow":["GET"]}}],"collection":[{"href":"https:\/\/bassin-arcachon.com\/de\/wp-json\/wp\/v2\/pages"}],"about":[{"href":"https:\/\/bassin-arcachon.com\/de\/wp-json\/wp\/v2\/types\/page"}],"author":[{"embeddable":true,"href":"https:\/\/bassin-arcachon.com\/de\/wp-json\/wp\/v2\/users\/25"}],"replies":[{"embeddable":true,"href":"https:\/\/bassin-arcachon.com\/de\/wp-json\/wp\/v2\/comments?post=127"}],"version-history":[{"count":1,"href":"https:\/\/bassin-arcachon.com\/de\/wp-json\/wp\/v2\/pages\/127\/revisions"}],"predecessor-version":[{"id":99615,"href":"https:\/\/bassin-arcachon.com\/de\/wp-json\/wp\/v2\/pages\/127\/revisions\/99615"}],"up":[{"embeddable":true,"href":"https:\/\/bassin-arcachon.com\/de\/wp-json\/wp\/v2\/pages\/27"}],"wp:featuredmedia":[{"embeddable":true,"href":"https:\/\/bassin-arcachon.com\/de\/wp-json\/wp\/v2\/media\/6727"}],"wp:attachment":[{"href":"https:\/\/bassin-arcachon.com\/de\/wp-json\/wp\/v2\/media?parent=127"}],"curies":[{"name":"wp","href":"https:\/\/api.w.org\/{rel}","templated":true}]}}