{"id":131,"date":"2017-02-08T09:54:55","date_gmt":"2017-02-08T08:54:55","guid":{"rendered":"https:\/\/bassin-arcachon.com\/\/?page_id=131"},"modified":"2024-05-13T12:31:03","modified_gmt":"2024-05-13T10:31:03","slug":"der-leuchtturm-und-die-spitze-von-cap-ferret","status":"publish","type":"page","link":"https:\/\/bassin-arcachon.com\/de\/nos-incontournables\/le-phare-et-pointe-du-cap-ferret\/","title":{"rendered":"Der Leuchtturm und die Pointe du Cap Ferret"},"content":{"rendered":"<div class=\"wp-block-uagb-container uagb-block-d8155aed alignfull uagb-is-root-container\"><div class=\"uagb-container-inner-blocks-wrap\">\n<div class=\"wp-block-uagb-container uagb-block-b4230842\">\n<div class=\"wp-block-uagb-image uagb-block-92d88869 wp-block-uagb-image--layout-default wp-block-uagb-image--effect-static wp-block-uagb-image--align-none\"><figure class=\"wp-block-uagb-image__figure\"><img decoding=\"async\" srcset=\"https:\/\/bassin-arcachon.com\/wp-content\/uploads\/2017\/02\/mini-map-phare-pointe.jpg \" sizes=\"auto, (max-width: 480px) 150px\" src=\"https:\/\/bassin-arcachon.com\/wp-content\/uploads\/2017\/02\/mini-map-phare-pointe.jpg\" alt=\"- - Bassin d&#039;Arcachon\" class=\"uag-image-1900\" width=\"278\" height=\"278\" title=\"- - Bassin d&#039;Arcachon\" loading=\"lazy\" role=\"img\"><\/figure><\/div>\n\n\n\n<p><strong>Zu jeder Jahreszeit ist dies der Ort, den Sie in L\u00e8ge-Cap Ferret nicht verpassen sollten! Auf den H\u00f6hen des Leuchtturms Cap Ferret oder von der Pointe aus k\u00f6nnen Sie die sch\u00f6nsten Panoramen des Bassin von Arcachon bewundern.<\/strong><\/p>\n\n\n\n<h2 class=\"wp-block-heading\">H\u00f6he nehmen<\/h2>\n\n\n\n<p>Richten Sie die&nbsp;<strong>Cap Ferret Leuchtturm&nbsp;<\/strong>volle Augen zu nehmen! Unm\u00f6glich, diesen wesentlichen Ort des Bassin zu \u00fcbersehen. Es ist Zeit, etwas Sport zu treiben und zu klettern&nbsp;<strong>258 Schritte vom Leuchtturm entfernt<\/strong>&nbsp;! Oben angekommen ist die Aussicht atemberaubend. Von hier aus k\u00f6nnen Sie eine genie\u00dfen&nbsp;<strong>360\u00b0-Ansicht<\/strong>&nbsp;mehr als 53 m hoch auf der Conche du Mimbeau, der&nbsp;<a href=\"https:\/\/bassin-arcachon.com\/de\/unser-wesentliches\/die-pilat-dune\/\">D\u00fcne von Pilat<\/a>, und Austernb\u00e4nke.<\/p>\n\n\n\n<p><strong>Preise<\/strong>&nbsp;: 4\u20ac\/Kind, 7\u20ac\/Erwachsener<\/p>\n<\/div>\n\n\n\n<div class=\"wp-block-uagb-container uagb-block-f398ede0\">\n<div class=\"wp-block-uagb-image uagb-block-17584f11 wp-block-uagb-image--layout-default wp-block-uagb-image--effect-static wp-block-uagb-image--align-none\"><figure class=\"wp-block-uagb-image__figure\"><img decoding=\"async\" srcset=\"https:\/\/bassin-arcachon.com\/wp-content\/uploads\/2017\/10\/velo-cap-ferret-SIBA-agence-les-conteurs-6-683x1024.jpg \" sizes=\"auto, (max-width: 480px) 150px\" src=\"https:\/\/bassin-arcachon.com\/wp-content\/uploads\/2017\/10\/velo-cap-ferret-SIBA-agence-les-conteurs-6-683x1024.jpg\" alt=\"Cap Ferret Leuchtturm mit dem Fahrrad\" class=\"uag-image-10402\" width=\"683\" height=\"1024\" title=\"- - Bassin d&#039;Arcachon\" loading=\"lazy\" role=\"img\"><\/figure><\/div>\n<\/div>\n<\/div><\/div>\n\n\n\n<div style=\"height:40px\" aria-hidden=\"true\" class=\"wp-block-spacer\"><\/div>\n\n\n\n<div class=\"wp-block-uagb-container uagb-block-3905ab67 alignfull uagb-is-root-container\">\n<div class=\"wp-block-cover has-parallax\"><span aria-hidden=\"true\" class=\"wp-block-cover__background has-background-dim-0 has-background-dim\"><\/span><div class=\"wp-block-cover__image-background wp-image-1061 has-parallax\" style=\"background-position:50% 50%;background-image:url(https:\/\/bassin-arcachon.com\/wp-content\/uploads\/2017\/02\/phare-du-cap-ferret.jpg)\"><\/div><div class=\"wp-block-cover__inner-container is-layout-flow wp-block-cover-is-layout-flow\">\n<h2 class=\"wp-block-heading has-text-align-center has-white-color has-text-color has-background has-large-font-size\" style=\"background-color:#000000b3\">Bevorzugen Sie den Beginn oder das Ende des Tages, wenn sich der Himmel verf\u00e4rbt!<\/h2>\n<\/div><\/div>\n<\/div>\n\n\n\n<div style=\"height:40px\" aria-hidden=\"true\" class=\"wp-block-spacer\"><\/div>\n\n\n\n<div class=\"wp-block-uagb-container uagb-block-d6e90228 alignfull uagb-is-root-container\"><div class=\"uagb-container-inner-blocks-wrap\">\n<div class=\"wp-block-uagb-container uagb-block-e7e617d5\">\n<div class=\"wp-block-uagb-image uagb-block-5b4f7557 wp-block-uagb-image--layout-default wp-block-uagb-image--effect-static wp-block-uagb-image--align-none\"><figure class=\"wp-block-uagb-image__figure\"><img decoding=\"async\" srcset=\"https:\/\/bassin-arcachon.com\/wp-content\/uploads\/2017\/02\/boutique-phare-lege.jpg ,https:\/\/bassin-arcachon.com\/wp-content\/uploads\/2017\/02\/boutique-phare-lege.jpg 780w, https:\/\/bassin-arcachon.com\/wp-content\/uploads\/2017\/02\/boutique-phare-lege.jpg 360w\" sizes=\"auto, (max-width: 480px) 150px\" src=\"https:\/\/bassin-arcachon.com\/wp-content\/uploads\/2017\/02\/boutique-phare-lege.jpg\" alt=\"- - Bassin d&#039;Arcachon\" class=\"uag-image-1064\" width=\"1024\" height=\"767\" title=\"- - Bassin d&#039;Arcachon\" loading=\"lazy\" role=\"img\"><\/figure><\/div>\n<\/div>\n\n\n\n<div class=\"wp-block-uagb-container uagb-block-e2e34a34\">\n<h2 class=\"wp-block-heading\">Besuchen Sie das Museum und kaufen Sie im Lighthouse Shop ein<\/h2>\n\n\n\n<p>Machen Sie nach dem Aufstieg einen interaktiven Spaziergang durch das Denkmal, durch die Navigation und die Entwicklung der nautischen Kartographie. Und bevor Sie gehen, machen Sie einen Ausflug zum Lighthouse Shop, um Geschenke zu finden, die Sie sonst nirgendwo finden werden. Es ist auch einer der Lieblingsl\u00e4den der Einheimischen, die dort anhalten, um Geschenke f\u00fcr ihre G\u00e4ste zu finden!<\/p>\n<\/div>\n<\/div><\/div>\n\n\n\n<div style=\"height:60px\" aria-hidden=\"true\" class=\"wp-block-spacer\"><\/div>\n\n\n\n<div class=\"wp-block-uagb-container uagb-block-22c34bf5 alignfull uagb-is-root-container\"><div class=\"uagb-container-inner-blocks-wrap\">\n<div class=\"wp-block-uagb-container uagb-block-8d327173\">\n<h2 class=\"wp-block-heading\">Folgen Sie dem Weg \u201eAb\u00e9c\u00e9daire des Dunes\u201c.<\/h2>\n\n\n\n<p>Und wenn Sie die Gelegenheit nutzen, mitten in den Sandd\u00fcnen spazieren zu gehen? Folgen Sie dem Weg (All\u00e9e des Dunes) f\u00fcr 5 km, um die Fauna und Flora von Cap Ferret zu entdecken. Vom Eingang zum Cap Ferret bis zur \u00e4u\u00dfersten Spitze der Halbinsel erkl\u00e4ren Tafeln, die jeden Buchstaben des Alphabets darstellen, alles \u00fcber die D\u00fcne, die Gezeiten, das Meeresleben und den Vogelzug ... an anderer Stelle, warum sie &quot;&nbsp;<a href=\"https:\/\/www.lege-capferret.com\/wp-content\/uploads\/2017\/08\/Balade_pied_AbecedaireDesDunes.pdf\" target=\"_blank\" rel=\"noreferrer noopener\">die Fibel der D\u00fcnen<\/a> !<\/p>\n<\/div>\n\n\n\n<div class=\"wp-block-uagb-container uagb-block-236142b1\">\n<div class=\"wp-block-uagb-image uagb-block-9010d749 wp-block-uagb-image--layout-default wp-block-uagb-image--effect-static wp-block-uagb-image--align-none\"><figure class=\"wp-block-uagb-image__figure\"><img decoding=\"async\" srcset=\"\" sizes=\"auto, (max-width: 480px) 150px\" src=\"https:\/\/bassin-arcachon.com\/wp-content\/uploads\/2018\/07\/ab\u00e9c\u00e9daire-des-dunes-cap-ferret-1024x683.jpg\" alt=\"- - Bassin d&#039;Arcachon\" class=\"uag-image-23722\" width=\"1024\" height=\"683\" title=\"- - Bassin d&#039;Arcachon\" loading=\"lazy\" role=\"img\" data-srcset=\"\"><\/figure><\/div>\n<\/div>\n<\/div><\/div>\n\n\n\n<div style=\"height:60px\" aria-hidden=\"true\" class=\"wp-block-spacer\"><\/div>\n\n\n\n<div class=\"wp-block-uagb-container uagb-block-111066f8 alignfull uagb-is-root-container\"><div class=\"uagb-container-inner-blocks-wrap\">\n<div class=\"wp-block-uagb-container uagb-block-9a4a99d4\">\n<div class=\"wp-block-uagb-image uagb-block-dc573222 wp-block-uagb-image--layout-default wp-block-uagb-image--effect-static wp-block-uagb-image--align-none\"><figure class=\"wp-block-uagb-image__figure\"><img decoding=\"async\" srcset=\"https:\/\/bassin-arcachon.com\/wp-content\/uploads\/2018\/07\/plage-pointe-cap-ferret-e1546594665964.jpg ,https:\/\/bassin-arcachon.com\/wp-content\/uploads\/2018\/07\/plage-pointe-cap-ferret-e1546594665964.jpg 780w, https:\/\/bassin-arcachon.com\/wp-content\/uploads\/2018\/07\/plage-pointe-cap-ferret-e1546594665964.jpg 360w\" sizes=\"auto, (max-width: 480px) 150px\" src=\"https:\/\/bassin-arcachon.com\/wp-content\/uploads\/2018\/07\/plage-pointe-cap-ferret-e1546594665964.jpg\" alt=\"Strand an der Spitze von Cap Ferret\" class=\"uag-image-24875\" width=\"1000\" height=\"667\" title=\"- - Bassin d&#039;Arcachon\" loading=\"lazy\" role=\"img\"><\/figure><\/div>\n<\/div>\n\n\n\n<div class=\"wp-block-uagb-container uagb-block-8614e705\">\n<h2 class=\"wp-block-heading\">Bewundern Sie die Pointe du Cap Ferret<\/h2>\n\n\n\n<p>Machen Sie es sich f\u00fcr einen Moment im Sand oder auf einem Blockhaus bequem und genie\u00dfen Sie den 180\u00b0-Blick auf die Dune du Pilat, die&nbsp;<a href=\"https:\/\/bassin-arcachon.com\/de\/unser-wesentliches\/die-darguin-bank\/\">Bank von Arguin<\/a>&nbsp;und geht vorbei, zum Ger\u00e4usch von pl\u00e4tscherndem Wasser. Hier trifft das ruhige Wasser Bassin auf den Atlantischen Ozean.<\/p>\n\n\n\n<p>Und wenn Sie genau hinsehen, k\u00f6nnen Sie sehen, wie sich die Str\u00f6mungen verflechten, es ist gro\u00dfartig!<\/p>\n<\/div>\n<\/div><\/div>\n\n\n\n<div style=\"height:40px\" aria-hidden=\"true\" class=\"wp-block-spacer\"><\/div>\n\n\n\n<div class=\"wp-block-uagb-container uagb-block-514828b2 alignfull uagb-is-root-container\"><div class=\"uagb-container-inner-blocks-wrap\">\n<figure class=\"wp-block-pullquote\" style=\"border-radius:0px;border-top-style:none;border-top-width:0px;border-right-style:none;border-right-width:0px;border-bottom-style:none;border-bottom-width:0px;border-left-width:2px\"><blockquote><p>Kommen Sie am Morgen, es ist magisch an der Pointe de la Peninsula!<\/p><\/blockquote><\/figure>\n<\/div><\/div>\n\n\n\n<div style=\"height:20px\" aria-hidden=\"true\" class=\"wp-block-spacer\"><\/div>\n\n\n\n<div class=\"wp-block-uagb-container uagb-block-0f6b7a7c alignfull uagb-is-root-container\"><div class=\"uagb-container-inner-blocks-wrap\">\n<div class=\"wp-block-uagb-container uagb-block-c957af83\">\n<h2 class=\"wp-block-heading\">Unsere n\u00fctzlichen Links zur Vorbereitung Ihres Urlaubs in L\u00e8ge-Cap Ferret<\/h2>\n\n\n\n<p><a href=\"https:\/\/bassin-arcachon.com\/de\/wo-schlafen\/camping\/lege-cap-frettchen\/\">Ein Campingplatz<\/a>,\u00a0<a href=\"https:\/\/bassin-arcachon.com\/de\/wo-schlafen\/vermietung-von-bed-breakfasts\/mutzenfrettchen\/\">ein G\u00e4stehaus<\/a>,\u00a0<a href=\"https:\/\/bassin-arcachon.com\/de\/wo-schlafen\/hotels\/mutzenfrettchen\/\">Hotel<\/a>,\u00a0<a href=\"https:\/\/bassin-arcachon.com\/de\/wo-schlafen\/vermietungen\/mutzenfrettchen\/\">unsere H\u00fctten<\/a>,\u00a0<a href=\"https:\/\/bassin-arcachon.com\/de\/agenda-ausfluge-markte\/die-markte-von-lege-cap-ferret\/\">die M\u00e4rkte der Halbinsel<\/a>,\u00a0<a href=\"https:\/\/bassin-arcachon.com\/de\/oder-essen\/lege-cap-frettchen\/\">Restaurants in L\u00e8ge Cap Ferret<\/a>.<\/p>\n\n\n\n<p>Entdecken Sie f\u00fcr Radsportbegeisterte&nbsp;<a href=\"https:\/\/bassin-arcachon.com\/de\/schaltkreis\/von-belisaire-bis-point\/\">Unsere Route, die am Pier von B\u00e9lisaire beginnt und zur Pointe du Cap Ferret f\u00fchrt<\/a>.<\/p>\n<\/div>\n\n\n\n<div class=\"wp-block-uagb-container uagb-block-21836a80\">\t\t\t\t\t<div\n\t\t\t\t\t\tclass=\"wp-block-uagb-image-gallery uagb-block-10ddf0f1\"\n\t\t\t\t\t\tstyle=\"\"\n\t\t\t\t\t>\n\t\t\t\t\t\t\t\t\t\t\t<div class=\"spectra-image-gallery spectra-image-gallery__layout--carousel\">\n\t\t\t\t\t\t\t\t<div class=\"uagb-slick-carousel uagb-block-10ddf0f1\">\n\t\t\t\t\t\t\t\t\t\t\t\t<div class='spectra-image-gallery__media-wrapper' data-spectra-gallery-image-id='37780'>\n\t\t\t\t\t\t\t<div class=\"spectra-image-gallery__media spectra-image-gallery__media--carousel\">\n\t\t\t\t<picture>\n\t\t\t\t\t<source media=\"(min-width: 1024px)\" srcset=\"https:\/\/bassin-arcachon.com\/wp-content\/uploads\/2019\/09\/plage-pointe-siba-agence-les-conteurs-47-1024x683.jpg\">\n\t\t\t\t\t<source media=\"(min-width: 768px)\" srcset=\"https:\/\/bassin-arcachon.com\/wp-content\/uploads\/2019\/09\/plage-pointe-siba-agence-les-conteurs-47-1024x683.jpg\">\n\t\t\t\t\t<img decoding=\"async\" class=\"spectra-image-gallery__media-thumbnail spectra-image-gallery__media-thumbnail--carousel\" src=\"https:\/\/bassin-arcachon.com\/wp-content\/uploads\/2019\/09\/plage-pointe-siba-agence-les-conteurs-47-450x300.jpg\" alt=\"Cap Ferret-Strand\" loading=\"lazy\" title=\"- - Bassin d&#039;Arcachon\">\n\t\t\t\t<\/picture>\n\t\t\t\t<div class=\"spectra-image-gallery__media-thumbnail-blurrer\"><\/div>\n\t\t\t\t\t\t\t\t\t\t\t<div class=\"spectra-image-gallery__media-thumbnail-caption-wrapper spectra-image-gallery__media-thumbnail-caption-wrapper--overlay\"><\/div>\n\t\t\t\t\t\t\t\t<\/div>\n\t\t\t\t\t\t<\/div>\n\t\t\t\t\t\t<div class='spectra-image-gallery__media-wrapper' data-spectra-gallery-image-id='26169'>\n\t\t\t\t\t\t\t<div class=\"spectra-image-gallery__media spectra-image-gallery__media--carousel\">\n\t\t\t\t<picture>\n\t\t\t\t\t<source media=\"(min-width: 1024px)\" srcset=\"https:\/\/bassin-arcachon.com\/wp-content\/uploads\/2018\/09\/nourri-a-lhu\u00eetre-\u00e9lev\u00e9-sous-les-pins-Bassin-dArcachon.jpg\">\n\t\t\t\t\t<source media=\"(min-width: 768px)\" srcset=\"https:\/\/bassin-arcachon.com\/wp-content\/uploads\/2018\/09\/nourri-a-lhu\u00eetre-\u00e9lev\u00e9-sous-les-pins-Bassin-dArcachon.jpg\">\n\t\t\t\t\t<img decoding=\"async\" class=\"spectra-image-gallery__media-thumbnail spectra-image-gallery__media-thumbnail--carousel\" src=\"https:\/\/bassin-arcachon.com\/wp-content\/uploads\/2018\/09\/nourri-a-lhu\u00eetre-\u00e9lev\u00e9-sous-les-pins-Bassin-dArcachon-450x300.jpg\" alt=\"- - Bassin d&#039;Arcachon\" loading=\"lazy\" title=\"- - Bassin d&#039;Arcachon\">\n\t\t\t\t<\/picture>\n\t\t\t\t<div class=\"spectra-image-gallery__media-thumbnail-blurrer\"><\/div>\n\t\t\t\t\t\t\t\t\t\t\t<div class=\"spectra-image-gallery__media-thumbnail-caption-wrapper spectra-image-gallery__media-thumbnail-caption-wrapper--overlay\"><\/div>\n\t\t\t\t\t\t\t\t<\/div>\n\t\t\t\t\t\t<\/div>\n\t\t\t\t\t\t\t\t\t\t\t<\/div>\n\t\t\t\t\t\t\t<\/div>\n\t\t\t\t\t\t\t\t\t\t\t<\/div>\n\t\t\t\t\t\t\t\t\t<\/div>\n<\/div><\/div>\n\n\n\n<div style=\"height:60px\" aria-hidden=\"true\" class=\"wp-block-spacer\"><\/div>","protected":false},"excerpt":{"rendered":"<p>\u00c0 toutes les saisons, c\u2019est l\u2019endroit \u00e0 ne pas manquer \u00e0 L\u00e8ge-Cap Ferret&nbsp;! Sur les hauteurs du Phare du Cap Ferret ou depuis la Pointe, vous pourrez y admirer les [&hellip;]<\/p>\n","protected":false},"author":25,"featured_media":7327,"parent":27,"menu_order":0,"comment_status":"closed","ping_status":"closed","template":"","meta":{"_acf_changed":false,"_uag_custom_page_level_css":"","footnotes":""},"class_list":["post-131","page","type-page","status-publish","has-post-thumbnail","hentry"],"acf":[],"uagb_featured_image_src":{"full":["https:\/\/bassin-arcachon.com\/wp-content\/uploads\/2017\/02\/Phare_N0491.jpg",2048,1365,false],"thumbnail":["https:\/\/bassin-arcachon.com\/wp-content\/uploads\/2017\/02\/Phare_N0491-150x150.jpg",150,150,true],"medium":["https:\/\/bassin-arcachon.com\/wp-content\/uploads\/2017\/02\/Phare_N0491-600x400.jpg",600,400,true],"medium_large":["https:\/\/bassin-arcachon.com\/wp-content\/uploads\/2017\/02\/Phare_N0491-768x512.jpg",768,512,true],"large":["https:\/\/bassin-arcachon.com\/wp-content\/uploads\/2017\/02\/Phare_N0491-1024x683.jpg",1024,683,true],"1536x1536":["https:\/\/bassin-arcachon.com\/wp-content\/uploads\/2017\/02\/Phare_N0491-1536x1024.jpg",1536,1024,true],"2048x2048":["https:\/\/bassin-arcachon.com\/wp-content\/uploads\/2017\/02\/Phare_N0491.jpg",2048,1365,false],"trp-custom-language-flag":["https:\/\/bassin-arcachon.com\/wp-content\/uploads\/2017\/02\/Phare_N0491-18x12.jpg",18,12,true]},"uagb_author_info":{"display_name":"Marie Clauzel","author_link":"https:\/\/bassin-arcachon.com\/de\/author\/mariesiba\/"},"uagb_comment_info":0,"uagb_excerpt":"\u00c0 toutes les saisons, c\u2019est l\u2019endroit \u00e0 ne pas manquer \u00e0 L\u00e8ge-Cap Ferret&nbsp;! Sur les hauteurs du Phare du Cap Ferret ou depuis la Pointe, vous pourrez y admirer les [&hellip;]","_links":{"self":[{"href":"https:\/\/bassin-arcachon.com\/de\/wp-json\/wp\/v2\/pages\/131","targetHints":{"allow":["GET"]}}],"collection":[{"href":"https:\/\/bassin-arcachon.com\/de\/wp-json\/wp\/v2\/pages"}],"about":[{"href":"https:\/\/bassin-arcachon.com\/de\/wp-json\/wp\/v2\/types\/page"}],"author":[{"embeddable":true,"href":"https:\/\/bassin-arcachon.com\/de\/wp-json\/wp\/v2\/users\/25"}],"replies":[{"embeddable":true,"href":"https:\/\/bassin-arcachon.com\/de\/wp-json\/wp\/v2\/comments?post=131"}],"version-history":[{"count":1,"href":"https:\/\/bassin-arcachon.com\/de\/wp-json\/wp\/v2\/pages\/131\/revisions"}],"predecessor-version":[{"id":217792,"href":"https:\/\/bassin-arcachon.com\/de\/wp-json\/wp\/v2\/pages\/131\/revisions\/217792"}],"up":[{"embeddable":true,"href":"https:\/\/bassin-arcachon.com\/de\/wp-json\/wp\/v2\/pages\/27"}],"wp:featuredmedia":[{"embeddable":true,"href":"https:\/\/bassin-arcachon.com\/de\/wp-json\/wp\/v2\/media\/7327"}],"wp:attachment":[{"href":"https:\/\/bassin-arcachon.com\/de\/wp-json\/wp\/v2\/media?parent=131"}],"curies":[{"name":"wp","href":"https:\/\/api.w.org\/{rel}","templated":true}]}}