{"id":133,"date":"2017-02-08T09:55:11","date_gmt":"2017-02-08T08:55:11","guid":{"rendered":"https:\/\/bassin-arcachon.com\/\/?page_id=133"},"modified":"2023-06-29T16:14:50","modified_gmt":"2023-06-29T14:14:50","slug":"die-darguin-bank","status":"publish","type":"page","link":"https:\/\/bassin-arcachon.com\/de\/nos-incontournables\/le-banc-darguin\/","title":{"rendered":"Die Banc d\u2019Arguin"},"content":{"rendered":"<div class=\"wp-block-uagb-container uagb-block-453cfb37 alignfull uagb-is-root-container\"><div class=\"uagb-container-inner-blocks-wrap\">\n<div class=\"wp-block-uagb-container uagb-block-2c61f3df\">\n<div class=\"wp-block-uagb-image uagb-block-adb99bf3 wp-block-uagb-image--layout-default wp-block-uagb-image--effect-static wp-block-uagb-image--align-none\"><figure class=\"wp-block-uagb-image__figure\"><img decoding=\"async\" srcset=\"https:\/\/bassin-arcachon.com\/wp-content\/uploads\/2017\/02\/mini-map-banc-arguin.jpg \" sizes=\"auto, (max-width: 480px) 150px\" src=\"https:\/\/bassin-arcachon.com\/wp-content\/uploads\/2017\/02\/mini-map-banc-arguin.jpg\" alt=\"- - Bassin d&#039;Arcachon\" class=\"uag-image-1881\" width=\"278\" height=\"278\" title=\"- - Bassin d&#039;Arcachon\" loading=\"lazy\"><\/figure><\/div>\n\n\n\n<h2 class=\"wp-block-heading\">Und wenn Sie den Tag auf Arguin mitten im Bassin von Arcachon verlassen...<\/h2>\n\n\n\n<p>Besuchen Sie das Nationale Naturschutzgebiet Banc d&#039;Arguin, eines der Naturjuwele des Arcachon Bassin! <\/p>\n\n\n\n<p>Am Fu\u00dfe des&nbsp;<a href=\"https:\/\/bassin-arcachon.com\/de\/unser-wesentliches\/die-pilat-dune\/\">D\u00fcne von Pilat<\/a>&nbsp;und gegen\u00fcber&nbsp;<a href=\"https:\/\/bassin-arcachon.com\/de\/unser-wesentliches\/der-leuchtturm-und-die-spitze-von-cap-ferret\/\">Punkt von Cap Ferret<\/a>, die Banc d&#039;Arguin ver\u00e4ndert st\u00e4ndig ihre Form mit den Winden und Meeresstr\u00f6mungen. Arguin ist die Heimat einer Vielzahl von V\u00f6geln, die im Sand ihre Jungen zur Welt bringen <strong>Sie d\u00fcrfen die \u201eIntegrierte Schutzzone\u201c nicht betreten<\/strong>&nbsp;\u00bb der durch ein Seil begrenzt ist und Ihren Abfall wieder zur\u00fcckbringt.<\/p>\n<\/div>\n\n\n\n<div class=\"wp-block-uagb-container uagb-block-abe45eef\">\n<div class=\"wp-block-uagb-image uagb-block-16504a32 wp-block-uagb-image--layout-default wp-block-uagb-image--effect-static wp-block-uagb-image--align-none\"><figure class=\"wp-block-uagb-image__figure\"><img decoding=\"async\" srcset=\"https:\/\/bassin-arcachon.com\/wp-content\/uploads\/2017\/10\/banc-arguin-capture.png \" sizes=\"auto, (max-width: 480px) 150px\" src=\"https:\/\/bassin-arcachon.com\/wp-content\/uploads\/2017\/10\/banc-arguin-capture.png\" alt=\"bank-arguin\" class=\"uag-image-10383\" width=\"496\" height=\"739\" title=\"- - Bassin d&#039;Arcachon\" loading=\"lazy\"><\/figure><\/div>\n<\/div>\n<\/div><\/div>\n\n\n\n<div style=\"height:60px\" aria-hidden=\"true\" class=\"wp-block-spacer\"><\/div>\n\n\n\n<div class=\"wp-block-uagb-container uagb-block-ea74af2c alignfull uagb-is-root-container\"><div class=\"uagb-container-inner-blocks-wrap\">\n<h2 class=\"wp-block-heading\">Begeben Sie sich auf ein Boot<\/h2>\n\n\n\n<p>Sie haben keine andere Wahl, um dorthin zu gelangen, Sie m\u00fcssen das Boot nehmen! An Bord einer Pinasse, eines Lastkahns, a&nbsp;<a href=\"https:\/\/www.bateliers-arcachon.com\/excursions\/journee-banc-darguin\/\" target=\"_blank\" rel=\"noreferrer noopener\">See-Shuttle<\/a>&nbsp;oder ein&nbsp;<a href=\"https:\/\/bassin-arcachon.com\/de\/bewegen-sie-sich-im-pool\/taxiboote\/\">Wassertaxi<\/a>, \u00fcberqueren Sie die Bassin zur Banc d&#039;Arguin. Abfahrt von der Halbinsel von&nbsp;<a href=\"https:\/\/bassin-arcachon.com\/de\/unsere-stadte-und-dorfer\/lege-cap-frettchen\/\">Lege-Cap Frettchen<\/a>&nbsp;f\u00fcr einen Spaziergang von etwa zwanzig Minuten oder vom Hafen oder dem Thiers d&#039;pier<a href=\"https:\/\/bassin-arcachon.com\/de\/unsere-stadte-und-dorfer\/arcachon\/\">Arcachon<\/a>&nbsp;f\u00fcr ca. 1 Std. auf See F\u00fcr Navigationsbegeisterte ist es auch m\u00f6glich&nbsp;<a href=\"https:\/\/bassin-arcachon.com\/de\/bewegen-sie-sich-im-pool\/bootsverleih\/\">ein Boot mieten<\/a>&nbsp;f\u00fcr den Tag.<\/p>\n<\/div><\/div>\n\n\n\n<div style=\"height:60px\" aria-hidden=\"true\" class=\"wp-block-spacer\"><\/div>\n\n\n\n<div class=\"wp-block-uagb-container uagb-block-a0973977 alignfull uagb-is-root-container\">\n<div class=\"wp-block-cover is-light has-parallax\"><span aria-hidden=\"true\" class=\"wp-block-cover__background has-background-dim-0 has-background-dim\"><\/span><div role=\"img\" class=\"wp-block-cover__image-background wp-image-23527 has-parallax\" style=\"background-position:50% 50%;background-image:url(https:\/\/bassin-arcachon.com\/wp-content\/uploads\/2018\/07\/Journ\u00e9e-sur-Arguin-avec-un-guide-nature.jpg)\"><\/div><div class=\"wp-block-cover__inner-container is-layout-flow wp-block-cover-is-layout-flow\">\n<h2 class=\"wp-block-heading has-text-align-center has-white-color has-text-color has-background has-large-font-size\" style=\"background-color:#000000b3\">Erkunden Sie die Banc d&#039;Arguin mit einem freiwilligen Naturf\u00fchrer!<\/h2>\n<\/div><\/div>\n<\/div>\n\n\n\n<div style=\"height:60px\" aria-hidden=\"true\" class=\"wp-block-spacer\"><\/div>\n\n\n\n<div class=\"wp-block-uagb-container uagb-block-fec831ab alignfull uagb-is-root-container\"><div class=\"uagb-container-inner-blocks-wrap\">\n<div class=\"wp-block-uagb-container uagb-block-492a0e12\">\n<h2 class=\"wp-block-heading\">Ein gesch\u00fctzter Ort f\u00fcr V\u00f6gel<\/h2>\n\n\n\n<p>Der Banc d&#039;Arguin ist nicht nur gro\u00dfartig und wild, sondern auch ein gesch\u00fctzter Rastplatz f\u00fcr viele Zugv\u00f6gel. Wenn Sie im Fr\u00fchling und Sommer dorthin fahren, k\u00f6nnen Sie die Seeschwalbe Caugek, kleine M\u00f6wen mit schwarzem Kopf oder den Austernfischer sehen. Die Banc d&#039;Arguin wird von SEPANSO-W\u00e4chtern bewacht: Biwaks und Hunde sind nicht erlaubt.<\/p>\n<\/div>\n\n\n\n<div class=\"wp-block-uagb-container uagb-block-c941227b\">\n<div class=\"wp-block-uagb-image uagb-block-0057e976 wp-block-uagb-image--layout-default wp-block-uagb-image--effect-static wp-block-uagb-image--align-none\"><figure class=\"wp-block-uagb-image__figure\"><img decoding=\"async\" srcset=\"https:\/\/bassin-arcachon.com\/wp-content\/uploads\/2018\/07\/La-R\u00e9serve-Naturelle-Nationale-du-Banc-dArguin-SEPANSO.jpg \" sizes=\"auto, (max-width: 480px) 150px\" src=\"https:\/\/bassin-arcachon.com\/wp-content\/uploads\/2018\/07\/La-R\u00e9serve-Naturelle-Nationale-du-Banc-dArguin-SEPANSO.jpg\" alt=\"- - Bassin d&#039;Arcachon\" class=\"uag-image-23528\" width=\"1000\" height=\"666\" title=\"- - Bassin d&#039;Arcachon\" loading=\"lazy\"><\/figure><\/div>\n<\/div>\n<\/div><\/div>\n\n\n\n<div class=\"wp-block-uagb-container uagb-block-7ade4a45 alignfull uagb-is-root-container\"><div class=\"uagb-container-inner-blocks-wrap\">\n<div class=\"wp-block-uagb-container uagb-block-bd7ce713\">\n<figure class=\"wp-block-image size-large\"><img loading=\"lazy\" decoding=\"async\" width=\"1024\" height=\"768\" src=\"https:\/\/bassin-arcachon.com\/wp-content\/uploads\/2023\/03\/Unknown-1024x768.jpeg\" alt=\"- - Bassin d&#039;Arcachon\" class=\"wp-image-55308\" title=\"- - Bassin d&#039;Arcachon\" srcset=\"https:\/\/bassin-arcachon.com\/wp-content\/uploads\/2023\/03\/Unknown-1024x768.jpeg 1024w, https:\/\/bassin-arcachon.com\/wp-content\/uploads\/2023\/03\/Unknown-600x450.jpeg 600w, https:\/\/bassin-arcachon.com\/wp-content\/uploads\/2023\/03\/Unknown-768x576.jpeg 768w, https:\/\/bassin-arcachon.com\/wp-content\/uploads\/2023\/03\/Unknown-16x12.jpeg 16w, https:\/\/bassin-arcachon.com\/wp-content\/uploads\/2023\/03\/Unknown.jpeg 1500w\" sizes=\"auto, (max-width: 1024px) 100vw, 1024px\" \/><\/figure>\n<\/div>\n\n\n\n<div class=\"wp-block-uagb-container uagb-block-b1527286\">\n<h2 class=\"wp-block-heading\">Besuchen Sie\u2026<\/h2>\n\n\n\n<p>Im Juli-August, freiwillige Naturf\u00fchrer von der&nbsp;<a href=\"https:\/\/www.sepanso.org\/\" target=\"_blank\" rel=\"noopener\">SEPANSO<\/a>&nbsp;stehen Ihnen f\u00fcr alle Ihre Fragen zur Verf\u00fcgung. Sie k\u00f6nnen sogar jeden Mittwochnachmittag an einer kostenlosen F\u00fchrung durch die Banc d&#039;Arguin teilnehmen oder die V\u00f6gel mit einem Teleskop beobachten (Treffpunkt bei der Ausstellungsh\u00fctte).<\/p>\n<\/div>\n<\/div><\/div>\n\n\n\n<div class=\"wp-block-uagb-container uagb-block-bd9cdbef alignfull uagb-is-root-container\"><div class=\"uagb-container-inner-blocks-wrap\"><div class=\"wp-block-image\">\n<figure class=\"aligncenter size-full\"><img loading=\"lazy\" decoding=\"async\" width=\"339\" height=\"219\" src=\"https:\/\/bassin-arcachon.com\/wp-content\/uploads\/2023\/06\/rnn5-logo.jpg\" alt=\"- - Bassin d&#039;Arcachon\" class=\"wp-image-56337\" title=\"- - Bassin d&#039;Arcachon\" srcset=\"https:\/\/bassin-arcachon.com\/wp-content\/uploads\/2023\/06\/rnn5-logo.jpg 339w, https:\/\/bassin-arcachon.com\/wp-content\/uploads\/2023\/06\/rnn5-logo-18x12.jpg 18w\" sizes=\"auto, (max-width: 339px) 100vw, 339px\" \/><\/figure>\n<\/div><\/div><\/div>\n\n\n\n<div style=\"height:60px\" aria-hidden=\"true\" class=\"wp-block-spacer\"><\/div>","protected":false},"excerpt":{"rendered":"<p>Et si vous partiez la journ\u00e9e sur Arguin au milieu du Bassin d\u2019Arcachon\u2026 Cap sur la R\u00e9serve Naturelle Nationale du Banc d\u2019Arguin, un des joyaux naturels du Bassin d\u2019Arcachon&nbsp;! Au [&hellip;]<\/p>\n","protected":false},"author":25,"featured_media":6901,"parent":27,"menu_order":0,"comment_status":"closed","ping_status":"closed","template":"","meta":{"_acf_changed":false,"_uag_custom_page_level_css":"","footnotes":""},"class_list":["post-133","page","type-page","status-publish","has-post-thumbnail","hentry"],"acf":[],"uagb_featured_image_src":{"full":["https:\/\/bassin-arcachon.com\/wp-content\/uploads\/2017\/02\/LE-BANC-DARGUIN.jpg",1200,525,false],"thumbnail":["https:\/\/bassin-arcachon.com\/wp-content\/uploads\/2017\/02\/LE-BANC-DARGUIN-150x150.jpg",150,150,true],"medium":["https:\/\/bassin-arcachon.com\/wp-content\/uploads\/2017\/02\/LE-BANC-DARGUIN-600x263.jpg",600,263,true],"medium_large":["https:\/\/bassin-arcachon.com\/wp-content\/uploads\/2017\/02\/LE-BANC-DARGUIN-768x336.jpg",768,336,true],"large":["https:\/\/bassin-arcachon.com\/wp-content\/uploads\/2017\/02\/LE-BANC-DARGUIN-1024x448.jpg",1024,448,true],"1536x1536":["https:\/\/bassin-arcachon.com\/wp-content\/uploads\/2017\/02\/LE-BANC-DARGUIN.jpg",1200,525,false],"2048x2048":["https:\/\/bassin-arcachon.com\/wp-content\/uploads\/2017\/02\/LE-BANC-DARGUIN.jpg",1200,525,false],"trp-custom-language-flag":["https:\/\/bassin-arcachon.com\/wp-content\/uploads\/2017\/02\/LE-BANC-DARGUIN-18x8.jpg",18,8,true]},"uagb_author_info":{"display_name":"Marie Clauzel","author_link":"https:\/\/bassin-arcachon.com\/de\/author\/mariesiba\/"},"uagb_comment_info":0,"uagb_excerpt":"Et si vous partiez la journ\u00e9e sur Arguin au milieu du Bassin d\u2019Arcachon\u2026 Cap sur la R\u00e9serve Naturelle Nationale du Banc d\u2019Arguin, un des joyaux naturels du Bassin d\u2019Arcachon&nbsp;! Au [&hellip;]","_links":{"self":[{"href":"https:\/\/bassin-arcachon.com\/de\/wp-json\/wp\/v2\/pages\/133","targetHints":{"allow":["GET"]}}],"collection":[{"href":"https:\/\/bassin-arcachon.com\/de\/wp-json\/wp\/v2\/pages"}],"about":[{"href":"https:\/\/bassin-arcachon.com\/de\/wp-json\/wp\/v2\/types\/page"}],"author":[{"embeddable":true,"href":"https:\/\/bassin-arcachon.com\/de\/wp-json\/wp\/v2\/users\/25"}],"replies":[{"embeddable":true,"href":"https:\/\/bassin-arcachon.com\/de\/wp-json\/wp\/v2\/comments?post=133"}],"version-history":[{"count":0,"href":"https:\/\/bassin-arcachon.com\/de\/wp-json\/wp\/v2\/pages\/133\/revisions"}],"up":[{"embeddable":true,"href":"https:\/\/bassin-arcachon.com\/de\/wp-json\/wp\/v2\/pages\/27"}],"wp:featuredmedia":[{"embeddable":true,"href":"https:\/\/bassin-arcachon.com\/de\/wp-json\/wp\/v2\/media\/6901"}],"wp:attachment":[{"href":"https:\/\/bassin-arcachon.com\/de\/wp-json\/wp\/v2\/media?parent=133"}],"curies":[{"name":"wp","href":"https:\/\/api.w.org\/{rel}","templated":true}]}}