{"id":137,"date":"2017-02-08T09:56:32","date_gmt":"2017-02-08T08:56:32","guid":{"rendered":"https:\/\/bassin-arcachon.com\/\/?page_id=137"},"modified":"2023-12-12T08:36:51","modified_gmt":"2023-12-12T07:36:51","slug":"austernzuchtdorfer-und-hafen","status":"publish","type":"page","link":"https:\/\/bassin-arcachon.com\/de\/nos-incontournables\/les-villages-et-ports-ostreicoles\/","title":{"rendered":"Austernd\u00f6rfer und H\u00e4fen"},"content":{"rendered":"<div class=\"wp-block-uagb-container uagb-block-9a520615 alignfull uagb-is-root-container\"><div class=\"uagb-container-inner-blocks-wrap\">\n<div class=\"wp-block-uagb-container uagb-block-866c04f1\">\n<div class=\"wp-block-uagb-image uagb-block-dd8f00f1 wp-block-uagb-image--layout-default wp-block-uagb-image--effect-static wp-block-uagb-image--align-none\"><figure class=\"wp-block-uagb-image__figure\"><img decoding=\"async\" srcset=\"https:\/\/bassin-arcachon.com\/wp-content\/uploads\/2017\/02\/mini-map-ports.jpg \" sizes=\"auto, (max-width: 480px) 150px\" src=\"https:\/\/bassin-arcachon.com\/wp-content\/uploads\/2017\/02\/mini-map-ports.jpg\" alt=\"- - Bassin d&#039;Arcachon\" class=\"uag-image-1887\" width=\"278\" height=\"278\" title=\"- - Bassin d&#039;Arcachon\" loading=\"lazy\"><\/figure><\/div>\n\n\n\n<h2 class=\"wp-block-heading\">Auf der Arcachon Bassin geh\u00f6ren H\u00e4fen und Austernd\u00f6rfer zum Landschaftsbild!<\/h2>\n\n\n\n<p>Und jedes hat seinen eigenen Charme und Charakter. Entdecken Sie sie zu Fu\u00df, mit dem Fahrrad oder sogar mit dem Boot, um einen Moment echten Urlaubs zu erleben! Die Leute kommen hierher, um frische Austern mit den F\u00fc\u00dfen im Wasser beim \u00f6rtlichen Austernz\u00fcchter zu probieren, entlang der farbenfrohen H\u00fctten zu schlendern oder sogar das Hin und Her der Wohnungen zu bewundern.<\/p>\n<\/div>\n\n\n\n<div class=\"wp-block-uagb-container uagb-block-811be352\">\t\t\t\t\t<div\n\t\t\t\t\t\tclass=\"wp-block-uagb-image-gallery uagb-block-de19693b\"\n\t\t\t\t\t\tstyle=\"\"\n\t\t\t\t\t>\n\t\t\t\t\t\t\t\t\t\t\t<div class=\"spectra-image-gallery spectra-image-gallery__layout--carousel\">\n\t\t\t\t\t\t\t\t<div class=\"uagb-slick-carousel uagb-block-de19693b\">\n\t\t\t\t\t\t\t\t\t\t\t\t<div class='spectra-image-gallery__media-wrapper' data-spectra-gallery-image-id='8864'>\n\t\t\t\t\t\t\t<div class=\"spectra-image-gallery__media spectra-image-gallery__media--carousel\">\n\t\t\t\t<picture>\n\t\t\t\t\t<source media=\"(min-width: 1024px)\" srcset=\"https:\/\/bassin-arcachon.com\/wp-content\/uploads\/2017\/02\/Port-de-gujan-1024x683.jpg\">\n\t\t\t\t\t<source media=\"(min-width: 768px)\" srcset=\"https:\/\/bassin-arcachon.com\/wp-content\/uploads\/2017\/02\/Port-de-gujan-1024x683.jpg\">\n\t\t\t\t\t<img decoding=\"async\" class=\"spectra-image-gallery__media-thumbnail spectra-image-gallery__media-thumbnail--carousel\" src=\"https:\/\/bassin-arcachon.com\/wp-content\/uploads\/2017\/02\/Port-de-gujan-300x200.jpg\" alt=\"- - Bassin d&#039;Arcachon\" loading=\"lazy\" title=\"- - Bassin d&#039;Arcachon\">\n\t\t\t\t<\/picture>\n\t\t\t\t<div class=\"spectra-image-gallery__media-thumbnail-blurrer\"><\/div>\n\t\t\t\t\t\t\t\t\t\t\t<div class=\"spectra-image-gallery__media-thumbnail-caption-wrapper spectra-image-gallery__media-thumbnail-caption-wrapper--overlay\"><\/div>\n\t\t\t\t\t\t\t\t<\/div>\n\t\t\t\t\t\t<\/div>\n\t\t\t\t\t\t<div class='spectra-image-gallery__media-wrapper' data-spectra-gallery-image-id='1631'>\n\t\t\t\t\t\t\t<div class=\"spectra-image-gallery__media spectra-image-gallery__media--carousel\">\n\t\t\t\t<picture>\n\t\t\t\t\t<source media=\"(min-width: 1024px)\" srcset=\"https:\/\/bassin-arcachon.com\/wp-content\/uploads\/2017\/03\/aiguillon-cabane-pecheur-1024x683.jpg\">\n\t\t\t\t\t<source media=\"(min-width: 768px)\" srcset=\"https:\/\/bassin-arcachon.com\/wp-content\/uploads\/2017\/03\/aiguillon-cabane-pecheur-1024x683.jpg\">\n\t\t\t\t\t<img decoding=\"async\" class=\"spectra-image-gallery__media-thumbnail spectra-image-gallery__media-thumbnail--carousel\" src=\"https:\/\/bassin-arcachon.com\/wp-content\/uploads\/2017\/03\/aiguillon-cabane-pecheur-300x200.jpg\" alt=\"- - Bassin d&#039;Arcachon\" loading=\"lazy\" title=\"- - Bassin d&#039;Arcachon\">\n\t\t\t\t<\/picture>\n\t\t\t\t<div class=\"spectra-image-gallery__media-thumbnail-blurrer\"><\/div>\n\t\t\t\t\t\t\t\t\t\t\t<div class=\"spectra-image-gallery__media-thumbnail-caption-wrapper spectra-image-gallery__media-thumbnail-caption-wrapper--overlay\"><\/div>\n\t\t\t\t\t\t\t\t<\/div>\n\t\t\t\t\t\t<\/div>\n\t\t\t\t\t\t\t\t\t\t\t<\/div>\n\t\t\t\t\t\t\t<\/div>\n\t\t\t\t\t\t\t\t\t\t\t<\/div>\n\t\t\t\t\t\t\t\t\t<\/div>\n<\/div><\/div>\n\n\n\n<div style=\"height:40px\" aria-hidden=\"true\" class=\"wp-block-spacer\"><\/div>\n\n\n\n<div class=\"wp-block-uagb-container uagb-block-83832cbd alignfull uagb-is-root-container\"><div class=\"uagb-container-inner-blocks-wrap\">\n<figure class=\"wp-block-pullquote\" style=\"border-radius:0px;border-top-style:none;border-top-width:0px;border-right-style:none;border-right-width:0px;border-bottom-style:none;border-bottom-width:0px;border-left-width:2px\"><blockquote><p>Der Besuch der D\u00f6rfer und Austernh\u00e4fen von Arcachon Bassin ist eine Tradition, ein Genuss f\u00fcr die Augen, aber auch f\u00fcr die Geschmacksknospen!<\/p><\/blockquote><\/figure>\n<\/div><\/div>\n\n\n\n<div style=\"height:20px\" aria-hidden=\"true\" class=\"wp-block-spacer\"><\/div>\n\n\n\n<div class=\"wp-block-uagb-container uagb-block-eac81924 alignfull uagb-is-root-container\"><div class=\"uagb-container-inner-blocks-wrap\">\n<div class=\"wp-block-uagb-container uagb-block-09e15343\">\n<h2 class=\"wp-block-heading\">Erkunden Sie Austernd\u00f6rfer<\/h2>\n\n\n\n<p>Viele von uns genie\u00dfen einen Spaziergang zwischen den H\u00fctten, Sommer wie Winter. Ein paar Sonnenstrahlen reichen aus, um uns Lust zu machen, die jodierte Luft des zu atmen&nbsp;<strong>Bucht von Arcachon<\/strong>. Rund um das Bassin gibt es Austernh\u00e4fen und -d\u00f6rfer:&nbsp;<a href=\"https:\/\/bassin-arcachon.com\/de\/unsere-stadte-und-dorfer\/der-buch-test\/\">Buchs Test<\/a>, Gujan-Mestras, Biganos, Andernos, Ares\u2026<\/p>\n\n\n\n<p>Verpassen Sie nicht die&nbsp;<strong>Grasdorf<\/strong>&nbsp;an&nbsp;<a href=\"https:\/\/bassin-arcachon.com\/de\/unsere-stadte-und-dorfer\/lege-cap-frettchen\/\">Lege-Cap Frettchen<\/a>. Ber\u00fchmt f\u00fcr seine farbenfrohen Holzh\u00fctten und seine Kapelle der Villa Alg\u00e9rienne, sieht dieses Dorf aus wie auf einer Postkarte.<\/p>\n\n\n\n<p>Abgesehen davon, dass es ein idealer Ort f\u00fcr Spazierg\u00e4nge ist, ist die&nbsp;<strong>Austernzuchtdorf Mimbeau<\/strong>&nbsp;(Cap Ferret) ist einer von denen mit der Dune du Pilat im Hintergrund! Nicht weit entfernt ist die Anlegestelle von B\u00e9lisaire der Ausgangspunkt f\u00fcr Pinassen, Barkassen und Lastk\u00e4hne, die es zu entdecken gilt&nbsp;<a href=\"https:\/\/bassin-arcachon.com\/de\/arcachon-becken\/unser-wesentliches\/die-darguin-bank\/\">die Banc d\u2019Arguin<\/a>,&nbsp;<a href=\"https:\/\/bassin-arcachon.com\/de\/unser-wesentliches\/die-tchanquee-kabinen\/\">die H\u00fctten auf Stelzen<\/a>&nbsp;oder die K\u00fcste der Presqu&#039;\u00eele.<\/p>\n\n\n\n<p><strong>Bassin intelligent<\/strong>&nbsp;: Denken Sie im Sommer an Ihre Badesachen, die kleinen Str\u00e4nde in der N\u00e4he der Austernzuchtd\u00f6rfer werden Ihre Aufmerksamkeit auf sich ziehen. Einmal im Wasser, der 360\u00b0-Blick auf die bunten H\u00fctten und die&nbsp;<a href=\"https:\/\/bassin-arcachon.com\/de\/unser-wesentliches\/die-pilat-dune\/\">D\u00fcne von Pilat<\/a>&nbsp;ist einfach perfekt. Austernverkostungen sind nat\u00fcrlich inklusive.<\/p>\n<\/div>\n\n\n\n<div class=\"wp-block-uagb-container uagb-block-1e097a23\">\n<div class=\"wp-block-uagb-image uagb-block-b7f6bc5f wp-block-uagb-image--layout-default wp-block-uagb-image--effect-static wp-block-uagb-image--align-none\"><figure class=\"wp-block-uagb-image__figure\"><img decoding=\"async\" srcset=\"https:\/\/bassin-arcachon.com\/wp-content\/uploads\/2018\/04\/villlage-ostreicole-velo-lege-cap-ferret-1-683x1024.jpg \" sizes=\"auto, (max-width: 480px) 150px\" src=\"https:\/\/bassin-arcachon.com\/wp-content\/uploads\/2018\/04\/villlage-ostreicole-velo-lege-cap-ferret-1-683x1024.jpg\" alt=\"Radtour in einem Austernz\u00fcchterdorf L\u00e8ge Cap Ferret\" class=\"uag-image-19929\" width=\"683\" height=\"1024\" title=\"- - Bassin d&#039;Arcachon\" loading=\"lazy\"><\/figure><\/div>\n<\/div>\n<\/div><\/div>\n\n\n\n<div style=\"height:40px\" aria-hidden=\"true\" class=\"wp-block-spacer\"><\/div>\n\n\n\n<div class=\"wp-block-uagb-container uagb-block-7bd83fbb alignfull uagb-is-root-container\"><div class=\"uagb-container-inner-blocks-wrap\">\t\t\t\t\t<div\n\t\t\t\t\t\tclass=\"wp-block-uagb-image-gallery uagb-block-5cdd89e6\"\n\t\t\t\t\t\tstyle=\"\"\n\t\t\t\t\t>\n\t\t\t\t\t\t\t\t\t\t\t<div class=\"spectra-image-gallery spectra-image-gallery__layout--grid spectra-image-gallery__layout--grid-col-2 spectra-image-gallery__layout--grid-col-tab-2 spectra-image-gallery__layout--grid-col-mob-2\">\n\t\t\t\t\t\t\t\t\t\t\t<div class='spectra-image-gallery__media-wrapper' data-spectra-gallery-image-id='22811' tabindex=\"0\">\n\t\t\t\t\t\t\t<div class=\"spectra-image-gallery__media spectra-image-gallery__media--grid\">\n\t\t\t\t<picture>\n\t\t\t\t\t<source media=\"(min-width: 1024px)\" srcset=\"https:\/\/bassin-arcachon.com\/wp-content\/uploads\/2018\/06\/cap-gourmand-siba-agence-les-conteurs-72-e1546597671403.jpg\">\n\t\t\t\t\t<source media=\"(min-width: 768px)\" srcset=\"https:\/\/bassin-arcachon.com\/wp-content\/uploads\/2018\/06\/cap-gourmand-siba-agence-les-conteurs-72-e1546597671403.jpg\">\n\t\t\t\t\t<img decoding=\"async\" class=\"spectra-image-gallery__media-thumbnail spectra-image-gallery__media-thumbnail--grid\" src=\"https:\/\/bassin-arcachon.com\/wp-content\/uploads\/2018\/06\/cap-gourmand-siba-agence-les-conteurs-72-e1546597671403-300x200.jpg\" alt=\"Austernverkostung mit Blick auf die Dune du Pilat mit Cap Gourmand\" loading=\"lazy\" title=\"- - Bassin d&#039;Arcachon\">\n\t\t\t\t<\/picture>\n\t\t\t\t<div class=\"spectra-image-gallery__media-thumbnail-blurrer\"><\/div>\n\t\t\t\t\t\t\t\t\t\t\t<div class=\"spectra-image-gallery__media-thumbnail-caption-wrapper spectra-image-gallery__media-thumbnail-caption-wrapper--overlay\"><\/div>\n\t\t\t\t\t\t\t\t<\/div>\n\t\t\t\t\t\t<\/div>\n\t\t\t\t\t\t<div class='spectra-image-gallery__media-wrapper' data-spectra-gallery-image-id='24865' tabindex=\"0\">\n\t\t\t\t\t\t\t<div class=\"spectra-image-gallery__media spectra-image-gallery__media--grid\">\n\t\t\t\t<picture>\n\t\t\t\t\t<source media=\"(min-width: 1024px)\" srcset=\"https:\/\/bassin-arcachon.com\/wp-content\/uploads\/2018\/07\/d\u00e9guster-hu\u00eetres-\u00e0-la-cabane-e1546595323274.jpg\">\n\t\t\t\t\t<source media=\"(min-width: 768px)\" srcset=\"https:\/\/bassin-arcachon.com\/wp-content\/uploads\/2018\/07\/d\u00e9guster-hu\u00eetres-\u00e0-la-cabane-e1546595323274.jpg\">\n\t\t\t\t\t<img decoding=\"async\" class=\"spectra-image-gallery__media-thumbnail spectra-image-gallery__media-thumbnail--grid\" src=\"https:\/\/bassin-arcachon.com\/wp-content\/uploads\/2018\/07\/d\u00e9guster-hu\u00eetres-\u00e0-la-cabane-e1546595323274-300x200.jpg\" alt=\"Austernverkostung in einer H\u00fctte bei Bassin d&#039;Arcachon\" loading=\"lazy\" title=\"- - Bassin d&#039;Arcachon\">\n\t\t\t\t<\/picture>\n\t\t\t\t<div class=\"spectra-image-gallery__media-thumbnail-blurrer\"><\/div>\n\t\t\t\t\t\t\t\t\t\t\t<div class=\"spectra-image-gallery__media-thumbnail-caption-wrapper spectra-image-gallery__media-thumbnail-caption-wrapper--overlay\"><\/div>\n\t\t\t\t\t\t\t\t<\/div>\n\t\t\t\t\t\t<\/div>\n\t\t\t\t\t\t\t\t\t\t<\/div>\n\t\t\t\t\t\t\t\t\t\t\t\t\t\t\t\t\t\t<\/div>\n\t\t\t\t\t\t\t\t\t<\/div><\/div>\n\n\n\n<div style=\"height:40px\" aria-hidden=\"true\" class=\"wp-block-spacer\"><\/div>\n\n\n\n<div class=\"wp-block-uagb-container uagb-block-14443563 alignfull uagb-is-root-container\"><div class=\"uagb-container-inner-blocks-wrap\">\n<div class=\"wp-block-uagb-container uagb-block-43170417\">\n<div class=\"wp-block-uagb-image uagb-block-90f424bc wp-block-uagb-image--layout-default wp-block-uagb-image--effect-static wp-block-uagb-image--align-none\"><figure class=\"wp-block-uagb-image__figure\"><img decoding=\"async\" srcset=\"https:\/\/bassin-arcachon.com\/wp-content\/uploads\/2023\/08\/Design-sans-titre-2023-12-08T104740.989-1024x1024.png ,https:\/\/bassin-arcachon.com\/wp-content\/uploads\/2023\/08\/Design-sans-titre-2023-12-08T104740.989.png 780w, https:\/\/bassin-arcachon.com\/wp-content\/uploads\/2023\/08\/Design-sans-titre-2023-12-08T104740.989.png 360w\" sizes=\"auto, (max-width: 480px) 150px\" src=\"https:\/\/bassin-arcachon.com\/wp-content\/uploads\/2023\/08\/Design-sans-titre-2023-12-08T104740.989-1024x1024.png\" alt=\"- - Bassin d&#039;Arcachon\" class=\"uag-image-57369\" width=\"1024\" height=\"1024\" title=\"- - Bassin d&#039;Arcachon\" loading=\"lazy\"><\/figure><\/div>\n<\/div>\n\n\n\n<div class=\"wp-block-uagb-container uagb-block-5f9282e8\">\n<h2 class=\"wp-block-heading\">Entdecken Sie die Austernh\u00e4fen des Bassin von Arcachon und ihre Aktivit\u00e4ten<\/h2>\n\n\n\n<p>Zu den Austernh\u00e4fen von Arcachon Bassin zu gehen bedeutet auch, Fachleute aus der Austernzucht und -fischerei zu treffen. In den farbenfrohen H\u00fctten, die die H\u00e4fen s\u00e4umen, ist oft die Ausr\u00fcstung untergebracht, die zum Anbau von Austern und Fisch ben\u00f6tigt wird.<\/p>\n<\/div>\n<\/div><\/div>\n\n\n\n<div style=\"height:40px\" aria-hidden=\"true\" class=\"wp-block-spacer\"><\/div>\n\n\n\n<div class=\"wp-block-uagb-container uagb-block-e4459af0 alignfull uagb-is-root-container\"><div class=\"uagb-container-inner-blocks-wrap\">\n<figure class=\"wp-block-pullquote\" style=\"border-radius:0px;border-top-style:none;border-top-width:0px;border-right-style:none;border-right-width:0px;border-bottom-style:none;border-bottom-width:0px;border-left-width:2px\"><blockquote><p>Schlendern Sie durch die H\u00fctten, Sie werden sicherlich leere Austerns\u00e4cke finden, die trocknen!<\/p><\/blockquote><\/figure>\n<\/div><\/div>\n\n\n\n<div style=\"height:20px\" aria-hidden=\"true\" class=\"wp-block-spacer\"><\/div>\n\n\n\n<div class=\"wp-block-uagb-container uagb-block-69924b9e alignfull uagb-is-root-container\"><div class=\"uagb-container-inner-blocks-wrap\">\n<p>Echter Ort der Aktivit\u00e4t, lassen Sie sich am Rand des Wassers am Hafen von nieder<a href=\"https:\/\/bassin-arcachon.com\/de\/unsere-stadte-und-dorfer\/ares\/\">Ares<\/a>&nbsp;oder<a href=\"https:\/\/bassin-arcachon.com\/de\/unsere-stadte-und-dorfer\/andernos-die-bader\/\">Andernos-les-Bains<\/a>&nbsp;um das Kommen und Gehen der flachen Boote zu bewundern, die beladen mit Austerntaschen zur\u00fcckkehren. Und f\u00fcr eine bukolische Atmosph\u00e4re lassen Sie sich zum Hafen von tragen&nbsp;<a href=\"https:\/\/bassin-arcachon.com\/de\/unsere-stadte-und-dorfer\/herz-des-beckens\/\">Biganos<\/a>.<\/p>\n<\/div><\/div>\n\n\n\n<div style=\"height:60px\" aria-hidden=\"true\" class=\"wp-block-spacer\"><\/div>\n\n\n\n<div class=\"wp-block-uagb-container uagb-block-11006bae alignfull uagb-is-root-container\">\n<div class=\"wp-block-cover has-parallax\"><span aria-hidden=\"true\" class=\"wp-block-cover__background has-background-dim-0 has-background-dim\"><\/span><div role=\"img\" class=\"wp-block-cover__image-background wp-image-10777 has-parallax\" style=\"background-position:50% 50%;background-image:url(https:\/\/bassin-arcachon.com\/wp-content\/uploads\/2017\/11\/Ares-01.jpg)\"><\/div><div class=\"wp-block-cover__inner-container is-layout-flow wp-block-cover-is-layout-flow\">\n<h2 class=\"wp-block-heading has-text-align-center has-white-color has-text-color has-background has-large-font-size\" style=\"background-color:#000000b3\">Genie\u00dfen Sie zu jeder Jahreszeit die herrlichen Sonnenunterg\u00e4nge des Bassin d&#039;Arcachon!<\/h2>\n<\/div><\/div>\n<\/div>\n\n\n\n<div style=\"height:40px\" aria-hidden=\"true\" class=\"wp-block-spacer\"><\/div>\n\n\n\n<div class=\"wp-block-uagb-container uagb-block-d6d887b1 alignfull uagb-is-root-container\"><div class=\"uagb-container-inner-blocks-wrap\">\n<div class=\"wp-block-uagb-container uagb-block-fef30770\">\n<p><strong>B\u00f6sartiges Bassin:<\/strong>&nbsp;Verpassen Sie w\u00e4hrend Ihrer Entdeckung der H\u00e4fen nicht&nbsp;<a href=\"https:\/\/bassin-arcachon.com\/de\/unsere-stadte-und-dorfer\/gujan-mestras\/\">Gujan-Mestras<\/a>, die Stadt der sieben H\u00e4fen und die Austernhauptstadt des Bassin von Arcachon. <\/p>\n\n\n\n<p>Um alles \u00fcber die Geschichte der Auster zu erfahren, besuchen Sie die&nbsp;<a href=\"http:\/\/www.maison-huitre.fr\/\" target=\"_blank\" rel=\"noreferrer noopener\">Austernhaus<\/a>&nbsp;auf der&nbsp;<a href=\"https:\/\/bassin-arcachon.com\/de\/ein-blick-auf-den-hafen-von-larros\/\">Hafen von Larros<\/a>. Werden Sie ein Muss in Gujan-Mestras, Sie werden die Zuchttechniken und die Arbeit der Austernzucht im Laufe der Jahrhunderte verstehen. Dieses Austernmuseum ist ganzj\u00e4hrig ge\u00f6ffnet.<\/p>\n<\/div>\n\n\n\n<div class=\"wp-block-uagb-container uagb-block-c13f4fde\">\n<div class=\"wp-block-uagb-image uagb-block-968b90ee wp-block-uagb-image--layout-default wp-block-uagb-image--effect-static wp-block-uagb-image--align-none\"><figure class=\"wp-block-uagb-image__figure\"><img decoding=\"async\" srcset=\"https:\/\/bassin-arcachon.com\/wp-content\/uploads\/2018\/04\/Parcours-exrt\u00e9rieur-Maison-de-lHu\u00eetre.jpg \" sizes=\"auto, (max-width: 480px) 150px\" src=\"https:\/\/bassin-arcachon.com\/wp-content\/uploads\/2018\/04\/Parcours-exrt\u00e9rieur-Maison-de-lHu\u00eetre.jpg\" alt=\"- - Bassin d&#039;Arcachon\" class=\"uag-image-20627\" width=\"1000\" height=\"666\" title=\"- - Bassin d&#039;Arcachon\" loading=\"lazy\"><\/figure><\/div>\n<\/div>\n<\/div><\/div>\n\n\n\n<div style=\"height:60px\" aria-hidden=\"true\" class=\"wp-block-spacer\"><\/div>","protected":false},"excerpt":{"rendered":"<p>Sur le Bassin d\u2019Arcachon, les ports et les villages ostr\u00e9icoles font partie du d\u00e9cor ! Et chacun poss\u00e8de son charme et sa personnalit\u00e9. Partez \u00e0 leur d\u00e9couverte \u00e0 pied, \u00e0 [&hellip;]<\/p>\n","protected":false},"author":25,"featured_media":23556,"parent":27,"menu_order":0,"comment_status":"closed","ping_status":"closed","template":"","meta":{"_acf_changed":false,"_uag_custom_page_level_css":"","footnotes":""},"class_list":["post-137","page","type-page","status-publish","has-post-thumbnail","hentry"],"acf":[],"uagb_featured_image_src":{"full":["https:\/\/bassin-arcachon.com\/wp-content\/uploads\/2017\/02\/port-de-biganos-bassin-arcachon.jpg",1200,820,false],"thumbnail":["https:\/\/bassin-arcachon.com\/wp-content\/uploads\/2017\/02\/port-de-biganos-bassin-arcachon-150x150.jpg",150,150,true],"medium":["https:\/\/bassin-arcachon.com\/wp-content\/uploads\/2017\/02\/port-de-biganos-bassin-arcachon-600x410.jpg",600,410,true],"medium_large":["https:\/\/bassin-arcachon.com\/wp-content\/uploads\/2017\/02\/port-de-biganos-bassin-arcachon-768x525.jpg",768,525,true],"large":["https:\/\/bassin-arcachon.com\/wp-content\/uploads\/2017\/02\/port-de-biganos-bassin-arcachon-1024x700.jpg",1024,700,true],"1536x1536":["https:\/\/bassin-arcachon.com\/wp-content\/uploads\/2017\/02\/port-de-biganos-bassin-arcachon.jpg",1200,820,false],"2048x2048":["https:\/\/bassin-arcachon.com\/wp-content\/uploads\/2017\/02\/port-de-biganos-bassin-arcachon.jpg",1200,820,false],"trp-custom-language-flag":["https:\/\/bassin-arcachon.com\/wp-content\/uploads\/2017\/02\/port-de-biganos-bassin-arcachon-18x12.jpg",18,12,true]},"uagb_author_info":{"display_name":"Marie Clauzel","author_link":"https:\/\/bassin-arcachon.com\/de\/author\/mariesiba\/"},"uagb_comment_info":0,"uagb_excerpt":"Sur le Bassin d\u2019Arcachon, les ports et les villages ostr\u00e9icoles font partie du d\u00e9cor ! Et chacun poss\u00e8de son charme et sa personnalit\u00e9. Partez \u00e0 leur d\u00e9couverte \u00e0 pied, \u00e0 [&hellip;]","_links":{"self":[{"href":"https:\/\/bassin-arcachon.com\/de\/wp-json\/wp\/v2\/pages\/137","targetHints":{"allow":["GET"]}}],"collection":[{"href":"https:\/\/bassin-arcachon.com\/de\/wp-json\/wp\/v2\/pages"}],"about":[{"href":"https:\/\/bassin-arcachon.com\/de\/wp-json\/wp\/v2\/types\/page"}],"author":[{"embeddable":true,"href":"https:\/\/bassin-arcachon.com\/de\/wp-json\/wp\/v2\/users\/25"}],"replies":[{"embeddable":true,"href":"https:\/\/bassin-arcachon.com\/de\/wp-json\/wp\/v2\/comments?post=137"}],"version-history":[{"count":0,"href":"https:\/\/bassin-arcachon.com\/de\/wp-json\/wp\/v2\/pages\/137\/revisions"}],"up":[{"embeddable":true,"href":"https:\/\/bassin-arcachon.com\/de\/wp-json\/wp\/v2\/pages\/27"}],"wp:featuredmedia":[{"embeddable":true,"href":"https:\/\/bassin-arcachon.com\/de\/wp-json\/wp\/v2\/media\/23556"}],"wp:attachment":[{"href":"https:\/\/bassin-arcachon.com\/de\/wp-json\/wp\/v2\/media?parent=137"}],"curies":[{"name":"wp","href":"https:\/\/api.w.org\/{rel}","templated":true}]}}