{"id":141,"date":"2017-02-08T09:57:06","date_gmt":"2017-02-08T08:57:06","guid":{"rendered":"https:\/\/bassin-arcachon.com\/\/?page_id=141"},"modified":"2025-09-17T17:25:01","modified_gmt":"2025-09-17T15:25:01","slug":"das-ornithologische-reservat","status":"publish","type":"page","link":"https:\/\/bassin-arcachon.com\/de\/nos-incontournables\/la-reserve-ornithologique\/","title":{"rendered":"Vogelschutzgebiet Teich"},"content":{"rendered":"<div class=\"wp-block-uagb-container uagb-block-8e1639f4 alignfull uagb-is-root-container\"><div class=\"uagb-container-inner-blocks-wrap\">\n<div class=\"wp-block-uagb-container uagb-block-44fb0a87\">\n<div class=\"wp-block-uagb-image uagb-block-f9a6a421 wp-block-uagb-image--layout-default wp-block-uagb-image--effect-static wp-block-uagb-image--align-none\"><figure class=\"wp-block-uagb-image__figure\"><img decoding=\"async\" srcset=\"https:\/\/bassin-arcachon.com\/wp-content\/uploads\/2017\/02\/mini-map-ornitho-teich.jpg \" sizes=\"auto, (max-width: 480px) 150px\" src=\"https:\/\/bassin-arcachon.com\/wp-content\/uploads\/2017\/02\/mini-map-ornitho-teich.jpg\" alt=\"- - Bassin d&#039;Arcachon\" class=\"uag-image-1894\" width=\"278\" height=\"278\" title=\"- - Bassin d&#039;Arcachon\" loading=\"lazy\" role=\"img\"><\/figure><\/div>\n\n\n\n<h2 class=\"wp-block-heading\">Tausende von Wildv\u00f6geln!<\/h2>\n\n\n\n<p>In einigen Jahren k\u00f6nnen 300.000 V\u00f6gel das ornithologische Reservat von Teich passieren&nbsp;<strong>Bucht von Arcachon<\/strong>.<\/p>\n\n\n\n<p>S\u00fcmpfe, Schilfgebiete, Wiesen und Lagunen \u2013 das erwartet Sie w\u00e4hrend Ihres idyllischen Urlaubs im Herzen des Ornithologischen Reservats.<\/p>\n<\/div>\n\n\n\n<div class=\"wp-block-uagb-container uagb-block-57268d05\">\t\t\t\t\t<div\n\t\t\t\t\t\tclass=\"wp-block-uagb-image-gallery uagb-block-8c07eb3b\"\n\t\t\t\t\t\tstyle=\"\"\n\t\t\t\t\t>\n\t\t\t\t\t\t\t\t\t\t\t<div class=\"spectra-image-gallery spectra-image-gallery__layout--carousel\">\n\t\t\t\t\t\t\t\t<div class=\"uagb-slick-carousel uagb-block-8c07eb3b\">\n\t\t\t\t\t\t\t\t\t\t\t\t<div class='spectra-image-gallery__media-wrapper' data-spectra-gallery-image-id='23568'>\n\t\t\t\t\t\t\t<div class=\"spectra-image-gallery__media spectra-image-gallery__media--carousel\">\n\t\t\t\t<picture>\n\t\t\t\t\t<source media=\"(min-width: 1024px)\" srcset=\"https:\/\/bassin-arcachon.com\/wp-content\/uploads\/2017\/02\/R\u00e9serve-ornithologique-du-Teich-vue.jpg\">\n\t\t\t\t\t<source media=\"(min-width: 768px)\" srcset=\"https:\/\/bassin-arcachon.com\/wp-content\/uploads\/2017\/02\/R\u00e9serve-ornithologique-du-Teich-vue.jpg\">\n\t\t\t\t\t<img decoding=\"async\" class=\"spectra-image-gallery__media-thumbnail spectra-image-gallery__media-thumbnail--carousel\" src=\"https:\/\/bassin-arcachon.com\/wp-content\/uploads\/2017\/02\/R\u00e9serve-ornithologique-du-Teich-vue-300x200.jpg\" alt=\"- - Bassin d&#039;Arcachon\" loading=\"lazy\" title=\"- - Bassin d&#039;Arcachon\">\n\t\t\t\t<\/picture>\n\t\t\t\t<div class=\"spectra-image-gallery__media-thumbnail-blurrer\"><\/div>\n\t\t\t\t\t\t\t\t\t\t\t<div class=\"spectra-image-gallery__media-thumbnail-caption-wrapper spectra-image-gallery__media-thumbnail-caption-wrapper--overlay\"><\/div>\n\t\t\t\t\t\t\t\t<\/div>\n\t\t\t\t\t\t<\/div>\n\t\t\t\t\t\t<div class='spectra-image-gallery__media-wrapper' data-spectra-gallery-image-id='48926'>\n\t\t\t\t\t\t\t<div class=\"spectra-image-gallery__media spectra-image-gallery__media--carousel\">\n\t\t\t\t<picture>\n\t\t\t\t\t<source media=\"(min-width: 1024px)\" srcset=\"https:\/\/bassin-arcachon.com\/wp-content\/uploads\/2021\/03\/Oiseaux-Reserve-ornithologique-le-teich.png\">\n\t\t\t\t\t<source media=\"(min-width: 768px)\" srcset=\"https:\/\/bassin-arcachon.com\/wp-content\/uploads\/2021\/03\/Oiseaux-Reserve-ornithologique-le-teich.png\">\n\t\t\t\t\t<img decoding=\"async\" class=\"spectra-image-gallery__media-thumbnail spectra-image-gallery__media-thumbnail--carousel\" src=\"https:\/\/bassin-arcachon.com\/wp-content\/uploads\/2021\/03\/Oiseaux-Reserve-ornithologique-le-teich-300x300.png\" alt=\"- - Bassin d&#039;Arcachon\" loading=\"lazy\" title=\"- - Bassin d&#039;Arcachon\">\n\t\t\t\t<\/picture>\n\t\t\t\t<div class=\"spectra-image-gallery__media-thumbnail-blurrer\"><\/div>\n\t\t\t\t\t\t\t\t\t\t\t<div class=\"spectra-image-gallery__media-thumbnail-caption-wrapper spectra-image-gallery__media-thumbnail-caption-wrapper--overlay\"><\/div>\n\t\t\t\t\t\t\t\t<\/div>\n\t\t\t\t\t\t<\/div>\n\t\t\t\t\t\t<div class='spectra-image-gallery__media-wrapper' data-spectra-gallery-image-id='23578'>\n\t\t\t\t\t\t\t<div class=\"spectra-image-gallery__media spectra-image-gallery__media--carousel\">\n\t\t\t\t<picture>\n\t\t\t\t\t<source media=\"(min-width: 1024px)\" srcset=\"https:\/\/bassin-arcachon.com\/wp-content\/uploads\/2017\/02\/spatule-reserve-ornitholgique-le-teich-1024x681.jpg\">\n\t\t\t\t\t<source media=\"(min-width: 768px)\" srcset=\"https:\/\/bassin-arcachon.com\/wp-content\/uploads\/2017\/02\/spatule-reserve-ornitholgique-le-teich-1024x681.jpg\">\n\t\t\t\t\t<img decoding=\"async\" class=\"spectra-image-gallery__media-thumbnail spectra-image-gallery__media-thumbnail--carousel\" src=\"https:\/\/bassin-arcachon.com\/wp-content\/uploads\/2017\/02\/spatule-reserve-ornitholgique-le-teich-300x200.jpg\" alt=\"- - Bassin d&#039;Arcachon\" loading=\"lazy\" title=\"- - Bassin d&#039;Arcachon\">\n\t\t\t\t<\/picture>\n\t\t\t\t<div class=\"spectra-image-gallery__media-thumbnail-blurrer\"><\/div>\n\t\t\t\t\t\t\t\t\t\t\t<div class=\"spectra-image-gallery__media-thumbnail-caption-wrapper spectra-image-gallery__media-thumbnail-caption-wrapper--overlay\"><\/div>\n\t\t\t\t\t\t\t\t<\/div>\n\t\t\t\t\t\t<\/div>\n\t\t\t\t\t\t\t\t\t\t\t<\/div>\n\t\t\t\t\t\t\t<\/div>\n\t\t\t\t\t\t\t\t\t\t\t<\/div>\n\t\t\t\t\t\t\t\t\t<\/div>\n<\/div><\/div>\n\n\n\n<div class=\"wp-block-uagb-container uagb-block-29e7c0ac alignfull uagb-is-root-container\"><div class=\"uagb-container-inner-blocks-wrap\">\n<div class=\"wp-block-uagb-container uagb-block-f6f3d3cb\">\n<p>Unser Rendezvous mit der Natur findet zu Fu\u00df auf einer der beiden vorgeschlagenen Schleifen (2,5 km oder 6 km) statt. Wir verstecken uns in den Observatorien, um die V\u00f6gel in Freiheit auszuspionieren. Denken Sie vor Beginn Ihres Besuchs daran, ein Fernglas zur Rezeption mitzubringen. Die 6 km lange Route erm\u00f6glicht es Ihnen, das Reservat in 3-4 Stunden zu umrunden, und die k\u00fcrzere Route ist eine ideale Abk\u00fcrzung f\u00fcr Kinder.<\/p>\n\n\n\n<p><strong>Preise<\/strong>\u00a0: 9,90 \u20ac\/Erwachsener und 7,70 \u20ac\/Kind von 5 bis 18 Jahren (Kinder unter 5 Jahren kostenlos), 30 \u20ac\/Familie (2 Erwachsene + 2 Kinder). Hunde und Fahrr\u00e4der sind nicht erlaubt.<\/p>\n\n\n\n<h2 class=\"wp-block-heading\">Um die V\u00f6gel zu beobachten<\/h2>\n\n\n\n<p>Wussten Sie, dass das Reservat das ganze Jahr \u00fcber 320 verschiedene Vogelarten beherbergt? Von den Beobachtungsstationen und erh\u00f6hten Aussichtspunkten entlang der Route k\u00f6nnen Sie sie aus n\u00e4chster N\u00e4he bewundern. Es ist nicht nur ein \u00dcberwinterungsgebiet f\u00fcr Zugv\u00f6gel aus Nord- und Osteuropa, sondern auch ein idealer Nistplatz. <a href=\"https:\/\/bassin-arcachon.com\/de\/die-nuggets-unserer-lokalen-schopfer-2\/\">Graureiher, Schwarzr\u00fcckenm\u00f6we, Wei\u00dfstorch, Stelzenl\u00e4ufer, Flussregenpfeifer<\/a> und noch viele andere Arten leben zusammen am selben Ort!<\/p>\n<\/div>\n\n\n\n<div class=\"wp-block-uagb-container uagb-block-3c377a33\">\t\t\t\t\t<div\n\t\t\t\t\t\tclass=\"wp-block-uagb-image-gallery uagb-block-bfb1617e\"\n\t\t\t\t\t\tstyle=\"\"\n\t\t\t\t\t>\n\t\t\t\t\t\t\t\t\t\t\t<div class=\"spectra-image-gallery spectra-image-gallery__layout--carousel\">\n\t\t\t\t\t\t\t\t<div class=\"uagb-slick-carousel uagb-block-bfb1617e\">\n\t\t\t\t\t\t\t\t\t\t\t\t<div class='spectra-image-gallery__media-wrapper' data-spectra-gallery-image-id='23573'>\n\t\t\t\t\t\t\t<div class=\"spectra-image-gallery__media spectra-image-gallery__media--carousel\">\n\t\t\t\t<picture>\n\t\t\t\t\t<source media=\"(min-width: 1024px)\" srcset=\"https:\/\/bassin-arcachon.com\/wp-content\/uploads\/2017\/02\/reserve-ornithologique-le-teich-bassin-darcachon-3.jpg\">\n\t\t\t\t\t<source media=\"(min-width: 768px)\" srcset=\"https:\/\/bassin-arcachon.com\/wp-content\/uploads\/2017\/02\/reserve-ornithologique-le-teich-bassin-darcachon-3.jpg\">\n\t\t\t\t\t<img decoding=\"async\" class=\"spectra-image-gallery__media-thumbnail spectra-image-gallery__media-thumbnail--carousel\" src=\"https:\/\/bassin-arcachon.com\/wp-content\/uploads\/2017\/02\/reserve-ornithologique-le-teich-bassin-darcachon-3-300x200.jpg\" alt=\"- - Bassin d&#039;Arcachon\" loading=\"lazy\" title=\"- - Bassin d&#039;Arcachon\">\n\t\t\t\t<\/picture>\n\t\t\t\t<div class=\"spectra-image-gallery__media-thumbnail-blurrer\"><\/div>\n\t\t\t\t\t\t\t\t\t\t\t<div class=\"spectra-image-gallery__media-thumbnail-caption-wrapper spectra-image-gallery__media-thumbnail-caption-wrapper--overlay\"><\/div>\n\t\t\t\t\t\t\t\t<\/div>\n\t\t\t\t\t\t<\/div>\n\t\t\t\t\t\t<div class='spectra-image-gallery__media-wrapper' data-spectra-gallery-image-id='23565'>\n\t\t\t\t\t\t\t<div class=\"spectra-image-gallery__media spectra-image-gallery__media--carousel\">\n\t\t\t\t<picture>\n\t\t\t\t\t<source media=\"(min-width: 1024px)\" srcset=\"https:\/\/bassin-arcachon.com\/wp-content\/uploads\/2017\/02\/oiseaux-le-teich.jpg\">\n\t\t\t\t\t<source media=\"(min-width: 768px)\" srcset=\"https:\/\/bassin-arcachon.com\/wp-content\/uploads\/2017\/02\/oiseaux-le-teich.jpg\">\n\t\t\t\t\t<img decoding=\"async\" class=\"spectra-image-gallery__media-thumbnail spectra-image-gallery__media-thumbnail--carousel\" src=\"https:\/\/bassin-arcachon.com\/wp-content\/uploads\/2017\/02\/oiseaux-le-teich-300x200.jpg\" alt=\"- - Bassin d&#039;Arcachon\" loading=\"lazy\" title=\"- - Bassin d&#039;Arcachon\">\n\t\t\t\t<\/picture>\n\t\t\t\t<div class=\"spectra-image-gallery__media-thumbnail-blurrer\"><\/div>\n\t\t\t\t\t\t\t\t\t\t\t<div class=\"spectra-image-gallery__media-thumbnail-caption-wrapper spectra-image-gallery__media-thumbnail-caption-wrapper--overlay\"><\/div>\n\t\t\t\t\t\t\t\t<\/div>\n\t\t\t\t\t\t<\/div>\n\t\t\t\t\t\t\t\t\t\t\t<\/div>\n\t\t\t\t\t\t\t<\/div>\n\t\t\t\t\t\t\t\t\t\t\t<\/div>\n\t\t\t\t\t\t\t\t\t<\/div>\n<\/div><\/div>\n\n\n\n<div style=\"height:60px\" aria-hidden=\"true\" class=\"wp-block-spacer\"><\/div>\n\n\n\n<div class=\"wp-block-uagb-container uagb-block-7a37dbb4 alignfull uagb-is-root-container\">\n<div class=\"wp-block-cover has-parallax\"><div class=\"wp-block-cover__image-background wp-image-23569 has-parallax\" style=\"background-position:50% 50%;background-image:url(https:\/\/bassin-arcachon.com\/wp-content\/uploads\/2017\/02\/R\u00e9serve-ornithologique-du-Teich.jpg)\"><\/div><span aria-hidden=\"true\" class=\"wp-block-cover__background has-background-dim-0 has-background-dim\"><\/span><div class=\"wp-block-cover__inner-container is-layout-flow wp-block-cover-is-layout-flow\">\n<h2 class=\"wp-block-heading has-text-align-center has-white-color has-text-color has-background has-large-font-size\" style=\"background-color:#000000b3\">Das Reservat ist ganzj\u00e4hrig t\u00e4glich ab 10 Uhr ge\u00f6ffnet. Konsultieren Sie vor Ihrer Ankunft die Website&nbsp;<a href=\"https:\/\/www.reserve-ornithologique-du-teich.com\/\" target=\"_blank\" rel=\"noreferrer noopener\">reserve-ornithologique-du-teich.com<\/a><\/h2>\n<\/div><\/div>\n<\/div>\n\n\n\n<div style=\"height:60px\" aria-hidden=\"true\" class=\"wp-block-spacer\"><\/div>\n\n\n\n<div class=\"wp-block-uagb-container uagb-block-86c17507 alignfull uagb-is-root-container\"><div class=\"uagb-container-inner-blocks-wrap\">\n<div class=\"wp-block-uagb-container uagb-block-85b2d3fc\">\n<div class=\"wp-block-uagb-image uagb-block-3ae344c9 wp-block-uagb-image--layout-default wp-block-uagb-image--effect-static wp-block-uagb-image--align-none\"><figure class=\"wp-block-uagb-image__figure\"><img decoding=\"async\" srcset=\"https:\/\/bassin-arcachon.com\/wp-content\/uploads\/2017\/02\/balades-sentiers-reserves-1024x683.jpg \" sizes=\"auto, (max-width: 480px) 150px\" src=\"https:\/\/bassin-arcachon.com\/wp-content\/uploads\/2017\/02\/balades-sentiers-reserves-1024x683.jpg\" alt=\"- - Bassin d&#039;Arcachon\" class=\"uag-image-1041\" width=\"1024\" height=\"683\" title=\"- - Bassin d&#039;Arcachon\" loading=\"lazy\" role=\"img\"><\/figure><\/div>\n<\/div>\n\n\n\n<div class=\"wp-block-uagb-container uagb-block-2e304da4\">\n<p>Auf der Website des Ornithologischen Reservats finden Sie&nbsp;<a href=\"http:\/\/chrome-extension:\/\/efaidnbmnnnibpcajpcglclefindmkaj\/https:\/\/www.reserve-ornithologique-du-teich.com\/wp-content\/uploads\/2022\/12\/Horaires_favorables_observation-2023.pdf\">g\u00fcnstige Zeiten je nach Gezeiten<\/a><a href=\"https:\/\/www.reserve-ornithologique-du-teich.com\/wp-content\/uploads\/2019\/01\/Horaires_favorables_observation-2019.pdf.pdf\" target=\"_blank\" rel=\"noopener\">S<\/a>, regelm\u00e4\u00dfige Vogelz\u00e4hlung, kurz gesagt, alle Informationen, um sicherzugehen, dass sie zur richtigen Zeit kommen.<\/p>\n\n\n\n<h2 class=\"wp-block-heading\">Gehen Sie auf den Pfaden des Reservats<\/h2>\n\n\n\n<p>Entdecken Sie im Juli-August morgens oder in der Abendd\u00e4mmerung das ornithologische Reservat Teich mit dem daf\u00fcr geliehenen Fernglas: 4 bis 5 gef\u00fchrte Touren w\u00e4hrend der Woche mit einem Naturf\u00fchrer! (mit Reservierung unter 05 24 73 37 33)<\/p>\n<\/div>\n<\/div><\/div>\n\n\n\n<div style=\"height:60px\" aria-hidden=\"true\" class=\"wp-block-spacer\"><\/div>\n\n\n\n<div class=\"wp-block-uagb-container uagb-block-283ca312 alignfull uagb-is-root-container\"><div class=\"uagb-container-inner-blocks-wrap\">\n<div class=\"wp-block-uagb-image uagb-block-484e3076 wp-block-uagb-image--layout-default wp-block-uagb-image--effect-static wp-block-uagb-image--align-none\"><figure class=\"wp-block-uagb-image__figure\"><img decoding=\"async\" srcset=\"https:\/\/bassin-arcachon.com\/wp-content\/uploads\/2025\/09\/PLAN-Reserve-ornithologique-du-Teich-2025_page-0001-1024x724.jpg ,https:\/\/bassin-arcachon.com\/wp-content\/uploads\/2025\/09\/PLAN-Reserve-ornithologique-du-Teich-2025_page-0001.jpg 780w, https:\/\/bassin-arcachon.com\/wp-content\/uploads\/2025\/09\/PLAN-Reserve-ornithologique-du-Teich-2025_page-0001.jpg 360w\" sizes=\"auto, (max-width: 480px) 150px\" src=\"https:\/\/bassin-arcachon.com\/wp-content\/uploads\/2025\/09\/PLAN-Reserve-ornithologique-du-Teich-2025_page-0001-1024x724.jpg\" alt=\"Detaillierte und illustrierte Karte der verschiedenen Wanderwege und Einrichtungen des Vogelschutzgebiets Teich\" class=\"uag-image-182260\" width=\"1024\" height=\"724\" title=\"Karte des Vogelschutzgebiets Teich\" loading=\"lazy\" role=\"img\"\/><\/figure><\/div>\n<\/div><\/div>\n\n\n\n<div style=\"height:60px\" aria-hidden=\"true\" class=\"wp-block-spacer\"><\/div>","protected":false},"excerpt":{"rendered":"<p>Des oiseaux sauvages par milliers! Certaines ann\u00e9es, 300 000 oiseaux peuvent transiter par la R\u00e9serve ornithologique du Teich, sur le&nbsp;Bassin d\u2019Arcachon. Marais, roseli\u00e8res, prairies et lagunes, voici ce qui vous [&hellip;]<\/p>\n","protected":false},"author":25,"featured_media":23572,"parent":27,"menu_order":0,"comment_status":"closed","ping_status":"closed","template":"","meta":{"_acf_changed":false,"_uag_custom_page_level_css":"","footnotes":""},"class_list":["post-141","page","type-page","status-publish","has-post-thumbnail","hentry"],"acf":[],"uagb_featured_image_src":{"full":["https:\/\/bassin-arcachon.com\/wp-content\/uploads\/2017\/02\/reserve-ornithologique-le-teich-bassin-darcachon-2.jpg",1000,666,false],"thumbnail":["https:\/\/bassin-arcachon.com\/wp-content\/uploads\/2017\/02\/reserve-ornithologique-le-teich-bassin-darcachon-2-150x150.jpg",150,150,true],"medium":["https:\/\/bassin-arcachon.com\/wp-content\/uploads\/2017\/02\/reserve-ornithologique-le-teich-bassin-darcachon-2-600x400.jpg",600,400,true],"medium_large":["https:\/\/bassin-arcachon.com\/wp-content\/uploads\/2017\/02\/reserve-ornithologique-le-teich-bassin-darcachon-2-768x511.jpg",768,511,true],"large":["https:\/\/bassin-arcachon.com\/wp-content\/uploads\/2017\/02\/reserve-ornithologique-le-teich-bassin-darcachon-2.jpg",1000,666,false],"1536x1536":["https:\/\/bassin-arcachon.com\/wp-content\/uploads\/2017\/02\/reserve-ornithologique-le-teich-bassin-darcachon-2.jpg",1000,666,false],"2048x2048":["https:\/\/bassin-arcachon.com\/wp-content\/uploads\/2017\/02\/reserve-ornithologique-le-teich-bassin-darcachon-2.jpg",1000,666,false],"trp-custom-language-flag":["https:\/\/bassin-arcachon.com\/wp-content\/uploads\/2017\/02\/reserve-ornithologique-le-teich-bassin-darcachon-2-18x12.jpg",18,12,true]},"uagb_author_info":{"display_name":"Marie Clauzel","author_link":"https:\/\/bassin-arcachon.com\/de\/author\/mariesiba\/"},"uagb_comment_info":0,"uagb_excerpt":"Des oiseaux sauvages par milliers! Certaines ann\u00e9es, 300 000 oiseaux peuvent transiter par la R\u00e9serve ornithologique du Teich, sur le&nbsp;Bassin d\u2019Arcachon. Marais, roseli\u00e8res, prairies et lagunes, voici ce qui vous [&hellip;]","_links":{"self":[{"href":"https:\/\/bassin-arcachon.com\/de\/wp-json\/wp\/v2\/pages\/141","targetHints":{"allow":["GET"]}}],"collection":[{"href":"https:\/\/bassin-arcachon.com\/de\/wp-json\/wp\/v2\/pages"}],"about":[{"href":"https:\/\/bassin-arcachon.com\/de\/wp-json\/wp\/v2\/types\/page"}],"author":[{"embeddable":true,"href":"https:\/\/bassin-arcachon.com\/de\/wp-json\/wp\/v2\/users\/25"}],"replies":[{"embeddable":true,"href":"https:\/\/bassin-arcachon.com\/de\/wp-json\/wp\/v2\/comments?post=141"}],"version-history":[{"count":2,"href":"https:\/\/bassin-arcachon.com\/de\/wp-json\/wp\/v2\/pages\/141\/revisions"}],"predecessor-version":[{"id":182261,"href":"https:\/\/bassin-arcachon.com\/de\/wp-json\/wp\/v2\/pages\/141\/revisions\/182261"}],"up":[{"embeddable":true,"href":"https:\/\/bassin-arcachon.com\/de\/wp-json\/wp\/v2\/pages\/27"}],"wp:featuredmedia":[{"embeddable":true,"href":"https:\/\/bassin-arcachon.com\/de\/wp-json\/wp\/v2\/media\/23572"}],"wp:attachment":[{"href":"https:\/\/bassin-arcachon.com\/de\/wp-json\/wp\/v2\/media?parent=141"}],"curies":[{"name":"wp","href":"https:\/\/api.w.org\/{rel}","templated":true}]}}