{"id":19430,"date":"2018-03-26T16:41:02","date_gmt":"2018-03-26T14:41:02","guid":{"rendered":"https:\/\/bassin-arcachon.com\/\/?page_id=19430"},"modified":"2026-04-08T12:06:47","modified_gmt":"2026-04-08T10:06:47","slug":"fahrradpool","status":"publish","type":"page","link":"https:\/\/bassin-arcachon.com\/de\/bassin-a-velo\/","title":{"rendered":"Das Becken mit dem Fahrrad"},"content":{"rendered":"<div style=\"height:20px\" aria-hidden=\"true\" class=\"wp-block-spacer\"><\/div>\n\n\n\n<div class=\"wp-block-uagb-container uagb-block-f3fb0af8 alignfull uagb-is-root-container\"><div class=\"uagb-container-inner-blocks-wrap\">\n<blockquote class=\"wp-block-quote is-layout-flow wp-block-quote-is-layout-flow\">\n<div class=\"wp-block-uagb-advanced-heading uagb-block-29a9e424\"><h2 class=\"uagb-heading-text\"><strong>Das Bassin in Arcachon umfasst +330 km Radwege von S\u00fcden nach Norden! <\/strong><\/h2><\/div>\n<\/blockquote>\n\n\n\n<h3 class=\"wp-block-heading\">Im S\u00fcden Bassin <br>(Arcachon, La Teste de Buch, Gujan Mestras, Le Teich) <\/h3>\n<\/div><\/div>\n\n\n\n<div class=\"wp-block-uagb-container uagb-block-1ca06b86 alignfull uagb-is-root-container\"><div class=\"uagb-container-inner-blocks-wrap\">\n<div class=\"wp-block-uagb-container uagb-block-e7e28689\">\n<p><strong>Die st\u00e4dtische Gemeinschaft von Bassin Sud (<a href=\"https:\/\/www.agglo-cobas.fr\/\" target=\"_blank\" rel=\"noopener\">COBAS<\/a>)<\/strong> erstellte einen Radwegeplan mit <strong>21 Reiseroutenvorschl\u00e4ge<\/strong> Bewegung zulassen <strong>Sommer und Winter in allen 4 Gemeinden des S\u00fcdbeckens<\/strong>, mit der M\u00f6glichkeit zum Scannen a <strong>QRCODE<\/strong> auf jedem Paneel, das an den H\u00e4ngen installiert ist, und auf das sich bezieht <a href=\"http:\/\/chrome-extension:\/\/efaidnbmnnnibpcajpcglclefindmkaj\/https:\/\/www.agglo-cobas.fr\/wp-content\/uploads\/2024\/03\/VDEF-plan-pistes-cyclables-cobas-2024-web.pdf\"><strong>der digitale Plan der Website<\/strong>.<\/a> Ein Plan, der jedes Jahr entsprechend den neuen Radwegen oder Radwegabschnitten aktualisiert wird.<\/p>\n<\/div>\n\n\n\n<div class=\"wp-block-uagb-container uagb-block-56c3496a\">\n<figure class=\"wp-block-image size-large\"><img decoding=\"async\" src=\"https:\/\/bassin-arcachon.com\/wp-content\/uploads\/2024\/08\/2020_HD_Plage-Arcachon_BIETTE-1-1024x683.jpg\" alt=\"- - Bassin d&#039;Arcachon\" class=\"wp-image-58898\" title=\"- - Bassin d&#039;Arcachon\"><\/figure>\n<\/div>\n<\/div><\/div>\n\n\n\n<div class=\"wp-block-uagb-container uagb-block-123e3c8d alignfull uagb-is-root-container\"><div class=\"uagb-container-inner-blocks-wrap\">\n<h3 class=\"wp-block-heading\">Im Norden <br>(Von Biganos bis L\u00e8ge-Cap Ferret)<\/h3>\n<\/div><\/div>\n\n\n\n<div class=\"wp-block-uagb-container uagb-block-e677af68 alignfull uagb-is-root-container\"><div class=\"uagb-container-inner-blocks-wrap\">\n<div class=\"wp-block-uagb-container uagb-block-1d284338\">\n<figure class=\"wp-block-image size-large\"><img decoding=\"async\" src=\"https:\/\/bassin-arcachon.com\/wp-content\/uploads\/2024\/08\/2017_HD_Villages-ostreicoles_BIETTE-7-1024x683.jpg\" alt=\"- - Bassin d&#039;Arcachon\" class=\"wp-image-58919\" title=\"- - Bassin d&#039;Arcachon\"><\/figure>\n<\/div>\n\n\n\n<div class=\"wp-block-uagb-container uagb-block-6bde63ec\">\n<p><strong>Die st\u00e4dtische Gemeinschaft von Bassin North (<a href=\"https:\/\/coban-atlantique.fr\/\" target=\"_blank\" rel=\"noopener\">COBAN<\/a>)<\/strong> verf\u00fcgt auch \u00fcber Fahrradwege, darunter vor allem <strong><a href=\"https:\/\/coban-atlantique.fr\/la-velodyssee-sillumine-grace-a-la-peinture-photoluminescente\/\" target=\"_blank\" rel=\"noopener\">35 km der V\u00e9lodyss\u00e9e, die \u00fcber eine biolumineszente Bodenmarkierung verf\u00fcgen. <\/a><\/strong><\/p>\n<\/div>\n<\/div><\/div>\n\n\n\n<div class=\"wp-block-uagb-container uagb-block-4cbabf0a alignfull uagb-is-root-container\"><div class=\"uagb-container-inner-blocks-wrap\">\n<div class=\"wp-block-buttons is-layout-flex wp-block-buttons-is-layout-flex\">\n<div class=\"wp-block-button is-style-outline is-style-outline--1\"><a class=\"wp-block-button__link has-text-align-center wp-element-button\" href=\"https:\/\/www.calameo.com\/read\/000024421d3283fe20be5\" target=\"_blank\" rel=\"noopener\">Finden Sie die Bassin-Karte zu Fu\u00df und mit dem Fahrrad<\/a><\/div>\n<\/div>\n<\/div><\/div>\n\n\n\n<p><\/p>\n\n\n\n<div class=\"wp-block-uagb-container uagb-block-9e001b31 alignfull uagb-is-root-container\"><div class=\"uagb-container-inner-blocks-wrap\">\n<div class=\"wp-block-uagb-container uagb-block-f1be2781\">\n<h3 class=\"wp-block-heading\">Die Tour des Bassin mit dem Fahrrad<\/h3>\n\n\n\n<p>Auf dem Programm: Austernzuchtd\u00f6rfer, Radwege im Schatten von Seekiefern, Stopps an sch\u00f6nen Str\u00e4nden, Begegnungen und gute Zeiten! Entdecken Sie die Reisegeschichte von Madame Oreille, Fotografin und Bloggerin.<\/p>\n\n\n\n<div class=\"wp-block-buttons is-layout-flex wp-block-buttons-is-layout-flex\">\n<div class=\"wp-block-button\"><a class=\"wp-block-button__link wp-element-button\" href=\"https:\/\/www.madame-oreille.com\/bassin-darcachon-faire-le-tour-a-velo\/\" target=\"_blank\" rel=\"noreferrer noopener\">Weiterlesen<\/a><\/div>\n<\/div>\n<\/div>\n\n\n\n<div class=\"wp-block-uagb-container uagb-block-5fed13b1\">\n<div class=\"wp-block-uagb-image uagb-block-ce1584a5 wp-block-uagb-image--layout-default wp-block-uagb-image--effect-static wp-block-uagb-image--align-none\"><figure class=\"wp-block-uagb-image__figure\"><img decoding=\"async\" srcset=\"https:\/\/bassin-arcachon.com\/wp-content\/uploads\/2020\/06\/arcachon-vignette-tour-a-velo-1024x683.jpg \" sizes=\"auto, (max-width: 480px) 150px\" src=\"https:\/\/bassin-arcachon.com\/wp-content\/uploads\/2020\/06\/arcachon-vignette-tour-a-velo-1024x683.jpg\" alt=\"- - Bassin d&#039;Arcachon\" class=\"uag-image-46836\" width=\"1024\" height=\"683\" title=\"- - Bassin d&#039;Arcachon\" loading=\"lazy\" role=\"img\"><\/figure><\/div>\n<\/div>\n<\/div><\/div>\n\n\n\n<div class=\"wp-block-uagb-container uagb-block-e01a274c alignfull uagb-is-root-container\"><div class=\"uagb-container-inner-blocks-wrap\"><\/div><\/div>\n\n\n\n<div class=\"wp-block-uagb-container uagb-block-515556c9 alignfull uagb-is-root-container\"><div class=\"uagb-container-inner-blocks-wrap\">\n<h2 class=\"wp-block-heading\">Praktische Informationen f\u00fcr Ihre Radtouren<\/h2>\n<\/div><\/div>\n\n\n\n<div class=\"wp-block-uagb-container uagb-block-59306843 alignfull uagb-is-root-container\"><div class=\"uagb-container-inner-blocks-wrap\">\n<p><strong>Sichere Fahrradabstellpl\u00e4tze, \u00abAccueil V\u00e9lo\u00bb (Fahrradfreundlicher Ort), Selbstbedienungs-Luftpumpen, Ladestation f\u00fcr E-Bikes<\/strong>, <strong>Vorschriften f\u00fcr Waldbr\u00e4nde,<\/strong> Hier finden Sie alle praktischen Informationen, die Ihnen das Radfahren erleichtern!<\/p>\n\n\n\n<div class=\"wp-block-uagb-buttons uagb-buttons__outer-wrap uagb-btn__default-btn uagb-btn-tablet__default-btn uagb-btn-mobile__default-btn uagb-block-8b7fa5b3\"><div class=\"uagb-buttons__wrap uagb-buttons-layout-wrap\">\n<div class=\"wp-block-uagb-buttons-child uagb-buttons__outer-wrap uagb-block-6a83a447 wp-block-button\"><div class=\"uagb-button__wrapper\"><a class=\"uagb-buttons-repeater wp-block-button__link\" aria-label=\"\" href=\"https:\/\/bassin-arcachon.com\/de\/praktische-informationen-zur-fortbewegung-mit-dem-fahrrad\/\" rel=\"follow noopener\" target=\"_blank\" role=\"button\"><div class=\"uagb-button__link\">Weiterlesen<\/div><\/a><\/div><\/div>\n<\/div><\/div>\n<\/div><\/div>\n\n\n\n<div style=\"height:40px\" aria-hidden=\"true\" class=\"wp-block-spacer\"><\/div>\n\n\n\n<div class=\"wp-block-uagb-container uagb-block-c0d31738 alignfull uagb-is-root-container\"><div class=\"uagb-container-inner-blocks-wrap\">\n<div class=\"wp-block-uagb-container uagb-block-83b2379f\">\n<div class=\"wp-block-uagb-image uagb-block-ff636889 wp-block-uagb-image--layout-default wp-block-uagb-image--effect-static wp-block-uagb-image--align-none\"><figure class=\"wp-block-uagb-image__figure\"><img decoding=\"async\" srcset=\"https:\/\/bassin-arcachon.com\/wp-content\/uploads\/2017\/08\/devant-le-bassin-velo-1024x683.jpg \" sizes=\"auto, (max-width: 480px) 150px\" src=\"https:\/\/bassin-arcachon.com\/wp-content\/uploads\/2017\/08\/devant-le-bassin-velo-1024x683.jpg\" alt=\"- - Bassin d&#039;Arcachon\" class=\"uag-image-7542\" width=\"1024\" height=\"683\" title=\"- - Bassin d&#039;Arcachon\" loading=\"lazy\" role=\"img\"><\/figure><\/div>\n<\/div>\n\n\n\n<div class=\"wp-block-uagb-container uagb-block-8c3f6205\">\n<h3 class=\"wp-block-heading\">Die Schaltungen um das Bassin von Arcachon<\/h3>\n\n\n\n<p>Diese Radwege laden Sie auf die Radwege des Bassin in Arcachon ein. Entdecken Sie den Charme unserer H\u00e4fen und D\u00f6rfer mit dem Fahrrad!<\/p>\n\n\n\n<div class=\"wp-block-buttons is-layout-flex wp-block-buttons-is-layout-flex\">\n<div class=\"wp-block-button\"><a class=\"wp-block-button__link wp-element-button\" href=\"https:\/\/bassin-arcachon.com\/de\/alle-schaltkreise\/\">Alle Fahrradrouten<\/a><\/div>\n<\/div>\n<\/div>\n<\/div><\/div>\n\n\n\n<div style=\"height:40px\" aria-hidden=\"true\" class=\"wp-block-spacer suggest\"><\/div>\n\n\n\n<div style=\"height:40px\" aria-hidden=\"true\" class=\"wp-block-spacer\"><\/div>\n\n\n\n<div class=\"wp-block-uagb-container uagb-block-a971ce9a alignfull uagb-is-root-container\"><div class=\"uagb-container-inner-blocks-wrap\">\n<figure class=\"wp-block-video\"><video height=\"720\" style=\"aspect-ratio: 1280 \/ 720;\" width=\"1280\" controls src=\"https:\/\/bassin-arcachon.com\/wp-content\/uploads\/2018\/03\/Tour-du-Bassin-dArcachon-\u00e0-v\u00e9lo-1.mp4\"><\/video><\/figure>\n<\/div><\/div>\n\n\n\n<div style=\"height:40px\" aria-hidden=\"true\" class=\"wp-block-spacer\"><\/div>\n\n\n\n<div class=\"wp-block-uagb-container uagb-block-09790aa6 alignfull uagb-is-root-container\">\n<div class=\"wp-block-cover is-light has-parallax\"><div class=\"wp-block-cover__image-background wp-image-532 has-parallax\" style=\"background-position:50% 50%;background-image:url(https:\/\/bassin-arcachon.com\/wp-content\/uploads\/2017\/03\/2-velo-bassin-darcachon-j5.jpg)\"><\/div><span aria-hidden=\"true\" class=\"wp-block-cover__background has-background-dim-30 has-background-dim\"><\/span><div class=\"wp-block-cover__inner-container is-layout-flow wp-block-cover-is-layout-flow\">\n<div class=\"wp-block-uagb-container uagb-block-6fac71f6\">\n<h2 class=\"wp-block-heading has-text-align-center has-white-color has-text-color\" style=\"font-size:50px\">Mieten Sie ein Fahrrad<\/h2>\n\n\n\n<p class=\"has-text-align-center button large plusblanc\"><a href=\"https:\/\/bassin-arcachon.com\/de\/fahrradverleih\/\">Siehe Fahrradvermieter<\/a><\/p>\n<\/div>\n<\/div><\/div>\n<\/div>\n\n\n\n<div style=\"height:60px\" aria-hidden=\"true\" class=\"wp-block-spacer\"><\/div>\n\n\n\n<div class=\"wp-block-uagb-container uagb-block-2402e545 alignfull uagb-is-root-container\"><div class=\"uagb-container-inner-blocks-wrap\">\n<div class=\"wp-block-uagb-container uagb-block-5c758880\">\n<div class=\"wp-block-uagb-image uagb-block-99a2051e wp-block-uagb-image--layout-default wp-block-uagb-image--effect-static wp-block-uagb-image--align-none\"><figure class=\"wp-block-uagb-image__figure\"><img decoding=\"async\" srcset=\"https:\/\/bassin-arcachon.com\/wp-content\/uploads\/2017\/08\/devant-le-bassin-velo-1024x683.jpg \" sizes=\"auto, (max-width: 480px) 150px\" src=\"https:\/\/bassin-arcachon.com\/wp-content\/uploads\/2017\/08\/devant-le-bassin-velo-1024x683.jpg\" alt=\"- - Bassin d&#039;Arcachon\" class=\"uag-image-7542\" width=\"1024\" height=\"683\" title=\"- - Bassin d&#039;Arcachon\" loading=\"lazy\" role=\"img\"><\/figure><\/div>\n<\/div>\n\n\n\n<div class=\"wp-block-uagb-container uagb-block-571ff4ed\">\n<h3 class=\"wp-block-heading\">Die Bassin, Etappe der V\u00e9lodyss\u00e9e<\/h3>\n\n\n\n<p>Radsportbegeisterte k\u00f6nnen von der V\u00e9lodyss\u00e9e, der Route entlang der Atlantikk\u00fcste, zum Arcachon Bassin kommen! Bassin-Dienstleister (Hotels, Campingpl\u00e4tze, Lodges, Fremdenverkehrs\u00e4mter usw.) haben das Label \u201eAccueil v\u00e9lo\u201c und reservieren einen bestimmten Service f\u00fcr Sie. Sie finden sie auf der Website von V\u00e9lodyss\u00e9e.<\/p>\n\n\n\n<div class=\"wp-block-buttons is-layout-flex wp-block-buttons-is-layout-flex\">\n<div class=\"wp-block-button\"><a class=\"wp-block-button__link wp-element-button\" href=\"https:\/\/www.lavelodyssee.com\/itineraire\/lege-cap-ferret-arcachon\" target=\"_blank\" rel=\"noopener\">Siehe Informationen zur V\u00e9lodyss\u00e9e<\/a><\/div>\n<\/div>\n<\/div>\n<\/div><\/div>\n\n\n\n<div style=\"height:40px\" aria-hidden=\"true\" class=\"wp-block-spacer\"><\/div>","protected":false},"excerpt":{"rendered":"<p>Le Bassin d&rsquo;Arcachon, c&rsquo;est +330 km de pistes cyclables du Sud au Nord ! Sur le sud Bassin (Arcachon, La Teste de Buch, Gujan Mestras, Le Teich) La Communaut\u00e9 d&rsquo;Agglom\u00e9ration [&hellip;]<\/p>\n","protected":false},"author":12,"featured_media":52280,"parent":0,"menu_order":9,"comment_status":"closed","ping_status":"closed","template":"page-templates\/page-bassin-a-velo.php","meta":{"_acf_changed":false,"_uag_custom_page_level_css":"","footnotes":""},"class_list":["post-19430","page","type-page","status-publish","has-post-thumbnail","hentry"],"acf":[],"uagb_featured_image_src":{"full":["https:\/\/bassin-arcachon.com\/wp-content\/uploads\/2022\/11\/20180925_HD_Automne_Balade-velo_CASSIAU-66-scaled.jpg",2560,1707,false],"thumbnail":["https:\/\/bassin-arcachon.com\/wp-content\/uploads\/2022\/11\/20180925_HD_Automne_Balade-velo_CASSIAU-66-scaled-150x150.jpg",150,150,true],"medium":["https:\/\/bassin-arcachon.com\/wp-content\/uploads\/2022\/11\/20180925_HD_Automne_Balade-velo_CASSIAU-66-scaled-600x400.jpg",600,400,true],"medium_large":["https:\/\/bassin-arcachon.com\/wp-content\/uploads\/2022\/11\/20180925_HD_Automne_Balade-velo_CASSIAU-66-scaled-768x512.jpg",768,512,true],"large":["https:\/\/bassin-arcachon.com\/wp-content\/uploads\/2022\/11\/20180925_HD_Automne_Balade-velo_CASSIAU-66-scaled-1024x683.jpg",1024,683,true],"1536x1536":["https:\/\/bassin-arcachon.com\/wp-content\/uploads\/2022\/11\/20180925_HD_Automne_Balade-velo_CASSIAU-66-scaled-1536x1024.jpg",1536,1024,true],"2048x2048":["https:\/\/bassin-arcachon.com\/wp-content\/uploads\/2022\/11\/20180925_HD_Automne_Balade-velo_CASSIAU-66-scaled-2048x1366.jpg",2048,1366,true],"trp-custom-language-flag":["https:\/\/bassin-arcachon.com\/wp-content\/uploads\/2022\/11\/20180925_HD_Automne_Balade-velo_CASSIAU-66-scaled-18x12.jpg",18,12,true]},"uagb_author_info":{"display_name":"Marine, habitante du Bassin d'Arcachon","author_link":"https:\/\/bassin-arcachon.com\/de\/author\/marinesiba\/"},"uagb_comment_info":0,"uagb_excerpt":"Le Bassin d&rsquo;Arcachon, c&rsquo;est +330 km de pistes cyclables du Sud au Nord ! Sur le sud Bassin (Arcachon, La Teste de Buch, Gujan Mestras, Le Teich) La Communaut\u00e9 d&rsquo;Agglom\u00e9ration [&hellip;]","_links":{"self":[{"href":"https:\/\/bassin-arcachon.com\/de\/wp-json\/wp\/v2\/pages\/19430","targetHints":{"allow":["GET"]}}],"collection":[{"href":"https:\/\/bassin-arcachon.com\/de\/wp-json\/wp\/v2\/pages"}],"about":[{"href":"https:\/\/bassin-arcachon.com\/de\/wp-json\/wp\/v2\/types\/page"}],"author":[{"embeddable":true,"href":"https:\/\/bassin-arcachon.com\/de\/wp-json\/wp\/v2\/users\/12"}],"replies":[{"embeddable":true,"href":"https:\/\/bassin-arcachon.com\/de\/wp-json\/wp\/v2\/comments?post=19430"}],"version-history":[{"count":15,"href":"https:\/\/bassin-arcachon.com\/de\/wp-json\/wp\/v2\/pages\/19430\/revisions"}],"predecessor-version":[{"id":244837,"href":"https:\/\/bassin-arcachon.com\/de\/wp-json\/wp\/v2\/pages\/19430\/revisions\/244837"}],"wp:featuredmedia":[{"embeddable":true,"href":"https:\/\/bassin-arcachon.com\/de\/wp-json\/wp\/v2\/media\/52280"}],"wp:attachment":[{"href":"https:\/\/bassin-arcachon.com\/de\/wp-json\/wp\/v2\/media?parent=19430"}],"curies":[{"name":"wp","href":"https:\/\/api.w.org\/{rel}","templated":true}]}}