{"id":197521,"date":"2025-11-25T16:37:49","date_gmt":"2025-11-25T15:37:49","guid":{"rendered":"https:\/\/bassin-arcachon.com\/?page_id=197521"},"modified":"2026-04-07T16:03:20","modified_gmt":"2026-04-07T14:03:20","slug":"faq-becken-arcachon","status":"publish","type":"page","link":"https:\/\/bassin-arcachon.com\/de\/faq-bassin-arcachon\/","title":{"rendered":"FAQ \u2013 Bereiten Sie Ihren Aufenthalt auf dem Bassin von Arcachon vor"},"content":{"rendered":"<div class=\"wp-block-uagb-container uagb-block-853d2159 alignfull uagb-is-root-container\"><div class=\"uagb-container-inner-blocks-wrap\">\n<p>Hier finden Sie unsere FAQ und Antworten auf die h\u00e4ufigsten Fragen zur Organisation <strong>Ihr Aufenthalt auf der Bassin von Arcachon<\/strong> : Str\u00e4nde, Gezeiten, Dune du Pilat, Aktivit\u00e4ten in der Natur, Austernverkostungen, Unterk\u00fcnfte und Aktivit\u00e4ten, die Sie nicht verpassen sollten.<\/p>\n<\/div><\/div>\n\n\n\n<div class=\"wp-block-uagb-container uagb-block-46c08ac1 alignfull uagb-is-root-container\"><div class=\"uagb-container-inner-blocks-wrap\">\n<h2 class=\"wp-block-heading\">1. Wann ist die beste Zeit f\u00fcr einen Besuch des Bassin in Arcachon?<br><\/h2>\n<\/div><\/div>\n\n\n\n<div class=\"wp-block-uagb-container uagb-block-7fcd8e80 alignfull uagb-is-root-container\"><div class=\"uagb-container-inner-blocks-wrap\">\n<p>Das Bassin in Arcachon kann besichtigt werden <strong>das ganze Jahr \u00fcber<\/strong>, aber die beste Zeit h\u00e4ngt von Ihren Vorlieben ab:<\/p>\n\n\n\n<ul class=\"wp-block-list\">\n<li><strong>Fr\u00fchling (April\u2013Juni)<\/strong> : mildes Klima, bl\u00fchende Natur, weniger Menschen an den Str\u00e4nden und auf den Wanderwegen.<\/li>\n\n\n\n<li><strong>Sommer (Juli\u2013August)<\/strong> : lebhafte Atmosph\u00e4re, Baden, Wassersportaktivit\u00e4ten, festliche Abende.<\/li>\n\n\n\n<li><strong>Herbst (September\u2013Oktober)<\/strong> : noch angenehmes Wasser, sanftes Licht, ideal zum Wandern, Radfahren und f\u00fcr kulinarische Gen\u00fcsse.<\/li>\n\n\n\n<li><strong>Winter<\/strong> : beruhigende Atmosph\u00e4re, ausgedehnte Spazierg\u00e4nge, Naturbeobachtung und Verw\u00f6hnaufenthalte.<\/li>\n<\/ul>\n\n\n\n<p>Um Ihnen bei der Auswahl zu helfen, finden Sie auch <strong>Unsere Inspirationen nach Saison<\/strong> !<\/p>\n<\/div><\/div>\n\n\n\n<div class=\"wp-block-uagb-container uagb-block-4e19e7a4 alignfull uagb-is-root-container\"><div class=\"uagb-container-inner-blocks-wrap\">\n<h2 class=\"wp-block-heading\">2. Wo kann man auf dem Bassin von Arcachon baden?<br><\/h2>\n<\/div><\/div>\n\n\n\n<div class=\"wp-block-uagb-container uagb-block-2b2f35e5 alignfull uagb-is-root-container\"><div class=\"uagb-container-inner-blocks-wrap\">\n<p>Der Bassin bietet eine gro\u00dfe Auswahl an Str\u00e4nden, sowohl auf der Bassin-Seite als auch auf der Meerseite. Zu den beliebtesten Badeorten geh\u00f6ren:<\/p>\n\n\n\n<ul class=\"wp-block-list\">\n<li><strong>Im S\u00fcden des Bassin von Arcachon<\/strong> : die Str\u00e4nde Pereire, Moulleau und der Strand im Stadtzentrum von Arcachon, die Str\u00e4nde von Pyla bis La Teste de Buch oder auch der Strand von La Hume in Gujan Mestras und viele andere. Alle <strong><a href=\"https:\/\/www.pigma.org\/public\/visualiseur\/donneesplages\/?x=23811&amp;y=5551522&amp;z=8&amp;l=plage&amp;lb=positron&amp;config=apps%2Fdonneesplages%2Fdonneesplages_prefecture.xml&amp;mode=d\" target=\"_blank\" rel=\"noopener\">Die bewachten Str\u00e4nde finden Sie hier <\/a><\/strong>.<\/li>\n\n\n\n<li><strong>Im Herzen des Bassin von Arcachon:<\/strong> der Strand von Certes in Audenge oder auch die Str\u00e4nde von Cassy und Suzette in Lanton. Alle <strong><a href=\"https:\/\/www.pigma.org\/public\/visualiseur\/donneesplages\/?x=23811&amp;y=5551522&amp;z=8&amp;l=plage&amp;lb=positron&amp;config=apps%2Fdonneesplages%2Fdonneesplages_prefecture.xml&amp;mode=d\" target=\"_blank\" rel=\"noopener\">Die bewachten Str\u00e4nde finden Sie hier <\/a><\/strong>.<\/li>\n\n\n\n<li><strong>Im Norden des Bassin von Arcachon:<\/strong> die von Andernos-les-Bains, Ar\u00e8s und L\u00e8ge-Cap Ferret mit ihren familienfreundlichen Str\u00e4nden. Alle <strong><a href=\"https:\/\/www.pigma.org\/public\/visualiseur\/donneesplages\/?x=23811&amp;y=5551522&amp;z=8&amp;l=plage&amp;lb=positron&amp;config=apps%2Fdonneesplages%2Fdonneesplages_prefecture.xml&amp;mode=d\" target=\"_blank\" rel=\"noopener\">Die bewachten Str\u00e4nde finden Sie hier <\/a><\/strong>.<\/li>\n\n\n\n<li><strong>Auf der Meerseite: <\/strong>an den Atlantikstr\u00e4nden von La Teste de Buch (Petit-Nice, Lagune, Salie Nord) und L\u00e8ge-Cap Ferret (Le Grand Crohot)<\/li>\n\n\n\n<li><strong>Die k\u00fcnstlich angelegten Seen und Becken:<\/strong> Der See von Cazaux, die vier Badebecken in Le Teich, Audenge, Lanton und Ar\u00e8s im Naturgebiet von St. Brice. <\/li>\n<\/ul>\n\n\n\n<p>Entdecken Sie hier eine Auswahl der sch\u00f6nsten Str\u00e4nde:<br><a href=\"https:\/\/bassin-arcachon.com\/de\/unser-wesentliches\/die-strande\/?utm_source=chatgpt.com\">https:\/\/bassin-arcachon.com\/nos-incontournables\/les-plages<\/a>\/<\/p>\n<\/div><\/div>\n\n\n\n<div class=\"wp-block-uagb-container uagb-block-3f3d13dd alignfull uagb-is-root-container\"><div class=\"uagb-container-inner-blocks-wrap\">\n<h2 class=\"wp-block-heading\">3. Wie gelangt man zur Dune du Pilat?<\/h2>\n<\/div><\/div>\n\n\n\n<div class=\"wp-block-uagb-container uagb-block-0e103258 alignfull uagb-is-root-container\"><div class=\"uagb-container-inner-blocks-wrap\">\n<div class=\"wp-block-uagb-container uagb-block-455d4c07\">\n<p>Die Dune du Pilat ist eine der bekanntesten Sehensw\u00fcrdigkeiten des Bassin von Arcachon. Sie erreichen sie wie folgt:<\/p>\n\n\n\n<ul class=\"wp-block-list\">\n<li><strong>Mit dem Auto<\/strong> : Von Bordeaux aus nehmen Sie die Autobahn A630, dann die A660 in Richtung Bassin von Arcachon \/ Biscarrosse, Ausfahrt D259 in Richtung Dune du Pilat \/ Biscarrosse. Fahren Sie zum Besucherzentrum der D\u00fcne (mit Parkplatz).<\/li>\n\n\n\n<li><strong>Mit dem Bus<\/strong> : <strong><a href=\"https:\/\/www.bus-baia.fr\/pdf\/l3.pdf\" target=\"_blank\" rel=\"noreferrer noopener\">Linie 3<\/a><\/strong>&nbsp;Richtung Plage de la Salie, steigen Sie an der Haltestelle Dune du Pilat aus (25 Min.) (ganzj\u00e4hrig au\u00dfer sonntags und an Feiertagen). In <strong>Juli\/August<\/strong>, der<strong> Linie <a href=\"https:\/\/www.bus-baia.fr\/horaires-et-lignes.html\" target=\"_blank\" rel=\"noopener\">101 Express<\/a><\/strong> erm\u00f6glicht es Ihnen, vom Bahnhof Arcachon oder vom Markt La Teste de Buch aus zur D\u00fcne zu gelangen.<\/li>\n\n\n\n<li><strong>Mit dem Fahrrad<\/strong> : Eine sehr sch\u00f6ne Option, wenn man die Radwege nutzt, die Arcachon mit der D\u00fcne verbinden. <strong><a href=\"https:\/\/bassin-arcachon.com\/de\/fahrradpool\/\" target=\"_blank\" rel=\"noreferrer noopener\">Alle Spazierg\u00e4nge und Routen finden Sie hier.<\/a><\/strong><\/li>\n\n\n\n<li><strong>Praktischer Tipp: l<\/strong>\u2019Der Zugang zur Dune du Pilat ist weiterhin kostenlos, wenn Sie zu Fu\u00df, mit dem Fahrrad oder mit dem Ba\u00efa-Bus (1 \u20ac pro Fahrt) anreisen. Kostenpflichtiger Parkplatz f\u00fcr Kraftfahrzeuge: 7 \u20ac pro Fahrzeug f\u00fcr 4 Stunden (Beitrag zum Erhalt des denkmalgesch\u00fctzten Gebiets).<strong>.&nbsp;<\/strong><\/li>\n<\/ul>\n\n\n\n<p>Alle praktischen Informationen (Anfahrt, Parkpl\u00e4tze, Tipps f\u00fcr den Besuch) finden Sie hier:<br><a href=\"https:\/\/bassin-arcachon.com\/de\/unser-wesentliches\/die-pilat-dune\/?utm_source=chatgpt.com\">https:\/\/bassin-arcachon.com\/nos-incontournables\/la-dune-du-pilat\/<\/a> <\/p>\n<\/div>\n<\/div><\/div>\n\n\n\n<div class=\"wp-block-uagb-container uagb-block-ffee8adc alignfull uagb-is-root-container\"><div class=\"uagb-container-inner-blocks-wrap\">\n<h2 class=\"wp-block-heading\">4. Welche Aktivit\u00e4ten rund um den Bassin von Arcachon sollte man sich nicht entgehen lassen?<\/h2>\n<\/div><\/div>\n\n\n\n<div class=\"wp-block-uagb-container uagb-block-e3ebafe1 alignfull uagb-is-root-container\"><div class=\"uagb-container-inner-blocks-wrap\">\n<p>Zu den Erlebnissen, die Sie nicht verpassen sollten, geh\u00f6ren:<\/p>\n\n\n\n<ul class=\"wp-block-list\">\n<li><strong>Die D\u00fcne von Pilat besteigen<\/strong> und den Blick auf den Ozean, die Banc d'Arguin und den Kiefernwald genie\u00dfen. Infos: <a href=\"https:\/\/bassin-arcachon.com\/de\/unser-wesentliches\/\" target=\"_blank\" rel=\"noreferrer noopener\">https:\/\/bassin-arcachon.com\/nos-incontournables\/la-dune-du-pilat\/<\/a><\/li>\n\n\n\n<li><strong>Mit dem Boot zur \u00cele aux Oiseaux und zu den Cabanes tchanqu\u00e9es fahren<\/strong>, wahre Ikonen des Bassin.<br>Infos: <a href=\"https:\/\/bassin-arcachon.com\/de\/unser-wesentliches\/die-tchanquee-kabinen\/\">https:\/\/bassin-arcachon.com\/nos-incontournables\/les-cabanes-tchanquees\/<\/a><\/li>\n\n\n\n<li><strong>Entdecken Sie die D\u00f6rfer und Austernh\u00e4fen<\/strong> : bunte H\u00fctten, Austernverkostung, authentische Atmosph\u00e4re.<br>Infos: <a href=\"https:\/\/bassin-arcachon.com\/de\/unser-wesentliches\/austernzuchtdorfer-und-hafen\/\">https:\/\/bassin-arcachon.com\/nos-incontournables\/les-villages-et-ports-ostreicoles\/<\/a> <\/li>\n\n\n\n<li><strong>Entdecken Sie den Bassin mit dem Fahrrad<\/strong> auf den zahlreichen Radwegen.<br>Infos: <a href=\"https:\/\/bassin-arcachon.com\/de\/fahrradpool\/\">https:\/\/bassin-arcachon.com\/bassin-a-velo\/<\/a> <\/li>\n\n\n\n<li><strong>Bummeln Sie durch die Winterstadt Arcachon: <\/strong>inmitten der sch\u00f6nsten Villen des 19. Jahrhunderts. Ideal, um zu Fu\u00df entdeckt zu werden: <a href=\"https:\/\/bassin-arcachon.com\/de\/unser-wesentliches\/die-winterstadt\/\">https:\/\/bassin-arcachon.com\/nos-incontournables\/la-ville-dhiver\/<\/a><\/li>\n\n\n\n<li><strong>Wandern<\/strong> entlang der K\u00fcste oder zu Fu\u00df um den Bassin herum:<br><a href=\"https:\/\/bassin-arcachon.com\/de\/zu-fus-rund-um-das-becken-von-arcachon\/\">https:\/\/bassin-arcachon.com\/le-tour-du-bassin-darcachon-a-pied\/<\/a> <\/li>\n\n\n\n<li><strong>Die Landzunge und der Leuchtturm von Cap Ferret:<\/strong> Von den H\u00f6hen des Leuchtturms von Cap Ferret oder von der Pointe aus k\u00f6nnen Sie die sch\u00f6nsten Panoramen auf den Bassin von Arcachon bewundern. <a href=\"https:\/\/bassin-arcachon.com\/de\/unser-wesentliches\/der-leuchtturm-und-die-spitze-von-cap-ferret\/\">https:\/\/bassin-arcachon.com\/nos-incontournables\/le-phare-et-pointe-du-cap-ferret\/ <\/a><\/li>\n<\/ul>\n\n\n\n<p>F\u00fcr einen \u00dcberblick \u00fcber die \u00abMust-haves\u00bb:<br><a href=\"https:\/\/bassin-arcachon.com\/de\/unser-wesentliches\/?utm_source=chatgpt.com\">https:\/\/bassin-arcachon.com\/nos-incontournables\/<\/a><\/p>\n<\/div><\/div>\n\n\n\n<div class=\"wp-block-uagb-container uagb-block-ea79b6a4 alignfull uagb-is-root-container\"><div class=\"uagb-container-inner-blocks-wrap\">\n<h2 class=\"wp-block-heading\">5. Wo kann man auf dem Bassin von Arcachon Austern essen?<\/h2>\n<\/div><\/div>\n\n\n\n<div class=\"wp-block-uagb-container uagb-block-3201f544 alignfull uagb-is-root-container\"><div class=\"uagb-container-inner-blocks-wrap\">\n<p>Austern sind ein wesentlicher Bestandteil der Identit\u00e4t des Bassin. Sie werden in unmittelbarer N\u00e4he der Austernparks in den Austernh\u00fctten unserer D\u00f6rfer und Austernh\u00e4fen verkostet:<\/p>\n\n\n\n<ul class=\"wp-block-list\">\n<li>Der Austernhafen <strong>von La Teste de Buch<\/strong><\/li>\n\n\n\n<li>Die 7 H\u00e4fen von <strong>Gujan-Mestras<\/strong> (Stadt der 7 H\u00e4fen) <\/li>\n\n\n\n<li>Die H\u00e4fen und D\u00f6rfer des <strong>Herz von Bassin<\/strong> (Biganos, Audenge, Lanton\u2026). <\/li>\n\n\n\n<li>Die H\u00fctten und der Austernhafen von\u2019<strong>Andernos-les-Bains<\/strong>. <\/li>\n\n\n\n<li><strong>Der Ovniport <\/strong>von Ar\u00e8s <\/li>\n\n\n\n<li>Die Austernfischerd\u00f6rfer von <strong>Lege-Cap Frettchen<\/strong>, wie das Gras oder die Kanone. <\/li>\n<\/ul>\n\n\n\n<p>Weitere Informationen zu den D\u00f6rfern und H\u00e4fen, in denen Austernzucht betrieben wird:<br><a href=\"https:\/\/bassin-arcachon.com\/de\/unser-wesentliches\/austernzuchtdorfer-und-hafen\/?utm_source=chatgpt.com\">https:\/\/bassin-arcachon.com\/nos-incontournables\/les-villages-et-ports-ostreicoles\/<\/a><\/p>\n<\/div><\/div>\n\n\n\n<div class=\"wp-block-uagb-container uagb-block-742bb82e alignfull uagb-is-root-container\"><div class=\"uagb-container-inner-blocks-wrap\">\n<h2 class=\"wp-block-heading\">6. Wie bewegt man sich rund um das Bassin von Arcachon fort?<\/h2>\n<\/div><\/div>\n\n\n\n<div class=\"wp-block-uagb-container uagb-block-9269ef56 alignfull uagb-is-root-container\"><div class=\"uagb-container-inner-blocks-wrap\">\n<p>Sie k\u00f6nnen sich ganz einfach rund um das Bassin bewegen:<\/p>\n\n\n\n<ul class=\"wp-block-list\">\n<li><strong>Mit dem Fahrrad<\/strong> : fast 315 km Radwege und Rundwege, um das Auto stehen zu lassen und die Landschaft zu genie\u00dfen. <\/li>\n\n\n\n<li><strong>Auf einem Boot<\/strong> : F\u00e4hren und Ausfl\u00fcge, beispielsweise zwischen Arcachon und Cap Ferret.<\/li>\n\n\n\n<li><strong>Mit dem Bus<\/strong> : Mehrere Verkehrsnetze bedienen die Gemeinden des Bassin. <a href=\"https:\/\/www.bus-baia.fr\/\" target=\"_blank\" rel=\"noopener\">Ba\u00efa<\/a> im S\u00fcden des Bassin (Arcachon, La Teste de Buch, Gujan Mestras, Le Teich) und <a href=\"https:\/\/www.alego-mobilite.fr\/\" target=\"_blank\" rel=\"noopener\">Al\u00e9go<\/a> im Norden des Bassin (Biganos, Audenge, Mios, Marcheprime, Lanton, Andernos, Ar\u00e8s und L\u00e8ge-Cap Ferret)<\/li>\n\n\n\n<li><strong>Mit dem Zug:<\/strong> Es gibt 7 Bahnh\u00f6fe auf der Bassin von Arcachon, n\u00e4mlich Arcachon, La Teste de Buch, Gujan Mestras, La Hume, Le Teich, Biganos und Marcheprime. Mit ihnen kann man zwar nicht das gesamte Gebiet bereisen, aber immerhin die H\u00e4lfte davon. <\/li>\n<\/ul>\n\n\n\n<p>Eine praktische Seite fasst alle Informationen zur Mobilit\u00e4t zusammen:<br><a href=\"https:\/\/bassin-arcachon.com\/de\/bewegen-sie-sich-im-pool\/?utm_source=chatgpt.com\">https:\/\/bassin-arcachon.com\/se-deplacer-sur-le-bassin\/<\/a><\/p>\n<\/div><\/div>\n\n\n\n<div class=\"wp-block-uagb-container uagb-block-3c83c9c3 alignfull uagb-is-root-container\"><div class=\"uagb-container-inner-blocks-wrap\">\n<h2 class=\"wp-block-heading\">7. Wie funktionieren die Gezeiten auf dem Bassin von Arcachon?<\/h2>\n<\/div><\/div>\n\n\n\n<div class=\"wp-block-uagb-container uagb-block-81f3ef2d alignfull uagb-is-root-container\"><div class=\"uagb-container-inner-blocks-wrap\">\n<p>Das Ph\u00e4nomen der Gezeiten ist das Ergebnis<strong> zwei Kr\u00e4fte&nbsp;<\/strong>: einerseits, <strong>die Anziehungskraft des Mondes und der Sonne auf die Erde <\/strong>was nicht nur zu einer Verformung der Ozeane, sondern auch der Erdkruste f\u00fchrt, und andererseits, <strong>die Zentrifugalkraft (Corioliskraft), die mit der Rotation der Erde um ihre eigene Achse zusammenh\u00e4ngt.<\/strong><\/p>\n\n\n\n<p>Diese vereinten Kr\u00e4fte erzeugen eine Flutwelle, die sich in einer t\u00e4glichen Schwankung des Meeresspiegels \u00e4u\u00dfert., <strong>entweder zyklische Bewegungen des Flusses (Flut) und des R\u00fcckflusses (Ebbe)<\/strong>. Die Gezeiten sind zur Tagundnachtgleiche stark und zu den Sonnenwenden schwach und variieren je nach <strong>die Position von Mond und Sonne in Bezug auf die Erdachse, definiert durch den \u00c4quator.<\/strong> Mehr Informationen : <a href=\"https:\/\/www.cieau.com\/comprendre-le-phenomene-des-marees\/ \" target=\"_blank\" rel=\"noopener\">https:\/\/www.cieau.com\/comprendre-le-phenomene-des-marees\/ <\/a><\/p>\n\n\n\n<p>Bevor Sie eine Wassersportaktivit\u00e4t, eine Bootsfahrt oder eine Erkundung der K\u00fcste planen, sollten Sie die Gezeitenzeiten konsultieren, die jedes Jahr vom SHOM aktualisiert werden und hier verf\u00fcgbar sind:<br><a href=\"https:\/\/bassin-arcachon.com\/de\/gezeitenzeiten\/\">https:\/\/bassin-arcachon.com\/horaires-des-marees\/<\/a><\/p>\n<\/div><\/div>\n\n\n\n<div class=\"wp-block-uagb-container uagb-block-3f6bd278 alignfull uagb-is-root-container\"><div class=\"uagb-container-inner-blocks-wrap\">\n<h2 class=\"wp-block-heading\">8. Welche Arten von Unterk\u00fcnften gibt es auf dem Bassin von Arcachon?<\/h2>\n<\/div><\/div>\n\n\n\n<div class=\"wp-block-uagb-container uagb-block-cb7652f5 alignfull uagb-is-root-container\"><div class=\"uagb-container-inner-blocks-wrap\">\n<p>Das Angebot an Unterk\u00fcnften ist sehr vielf\u00e4ltig und passt sich allen Urlaubsstilen an:<\/p>\n\n\n\n<ul class=\"wp-block-list\">\n<li><strong>Hotels<\/strong> : vom kleinen charmanten Hotel bis zum Hotel mit Swimmingpool : <a href=\"https:\/\/bassin-arcachon.com\/de\/unterkunft-2\/hotels\/\">https:\/\/bassin-arcachon.com\/hebergements\/hotels\/<\/a><\/li>\n\n\n\n<li><strong>Campingpl\u00e4tze<\/strong> : vom Familiencampingplatz in unmittelbarer Strandn\u00e4he bis hin zu einem eher naturbelassenen Gel\u00e4nde : <a href=\"https:\/\/bassin-arcachon.com\/de\/unterkunft-2\/campingplatze\/\">https:\/\/bassin-arcachon.com\/hebergements\/campings\/<\/a><\/li>\n\n\n\n<li><strong>Ferienmieten<\/strong> : Wohnungen, H\u00e4user, Villen, teilweise mit Aussicht Bassin : <a href=\"https:\/\/bassin-arcachon.com\/de\/unterkunft-2\/ferienmieten\/\">https:\/\/bassin-arcachon.com\/hebergements\/locations-de-vacances<\/a><\/li>\n\n\n\n<li><strong>G\u00e4stezimmer<\/strong> : herzliche Adressen, oft mit pers\u00f6nlicher Begr\u00fc\u00dfung: <a href=\"https:\/\/bassin-arcachon.com\/de\/unterkunft-2\/gastezimmer-2\/\">https:\/\/bassin-arcachon.com\/hebergements\/chambres-dhotes<\/a><\/li>\n<\/ul>\n\n\n\n<p>Um eine Unterkunft im gesamten Bassin zu suchen:<br><a href=\"https:\/\/bassin-arcachon.com\/de\/unterkunft-2\/\">https:\/\/bassin-arcachon.com\/hebergements\/<\/a><\/p>\n<\/div><\/div>\n\n\n\n<div class=\"wp-block-uagb-container uagb-block-fd1eb808 alignfull uagb-is-root-container\"><div class=\"uagb-container-inner-blocks-wrap\">\n<h2 class=\"wp-block-heading\">9. Welche St\u00e4dte rund um den Bassin von Arcachon sind einen Besuch wert?<br><\/h2>\n<\/div><\/div>\n\n\n\n<div class=\"wp-block-uagb-container uagb-block-e54ee13c alignfull uagb-is-root-container\"><div class=\"uagb-container-inner-blocks-wrap\">\n<p>Mehrere Gemeinden bilden das Reiseziel Bassin von Arcachon, jede mit ihrer eigenen Atmosph\u00e4re:<\/p>\n\n\n\n<ul class=\"wp-block-list\">\n<li><strong>Arcachon<\/strong> : Strand, Piers, Ville d'Hiver, Viertel Moulleau und Pereire: <a href=\"https:\/\/bassin-arcachon.com\/de\/unsere-stadte-und-dorfer\/arcachon\/\">https:\/\/bassin-arcachon.com\/nos-villes-et-villages\/arcachon\/ <\/a><\/li>\n\n\n\n<li><strong>La Teste-de-Buch<\/strong> : Dune du Pilat, Austernh\u00e4fen, Cabanes Tchanqu\u00e9es, Lac de Cazaux : <a href=\"https:\/\/bassin-arcachon.com\/de\/unsere-stadte-und-dorfer\/der-buch-test\/\">https:\/\/bassin-arcachon.com\/nos-villes-et-villages\/la-teste-de-buch\/<\/a><\/li>\n\n\n\n<li><strong>Gujan-Mestras:<\/strong> Hauptstadt der Austernzucht, Stadt mit 7 H\u00e4fen: <a href=\"https:\/\/bassin-arcachon.com\/de\/unsere-stadte-und-dorfer\/gujan-mestras\/\">https:\/\/bassin-arcachon.com\/nos-villes-et-villages\/gujan-mestras\/<\/a><\/li>\n\n\n\n<li><strong>Le Teich: <\/strong>Aussichtspunkt, Vogelschutzgebiet, Delta de la Leyre: <a href=\"https:\/\/bassin-arcachon.com\/de\/unsere-stadte-und-dorfer\/der-teich\/\">https:\/\/bassin-arcachon.com\/nos-villes-et-villages\/le-teich\/<\/a><\/li>\n\n\n\n<li><strong>Herz von Bassin<\/strong> : Biganos, Audenge, Lanton, Mios, Marcheprime, f\u00fcr einen Ausflug in die Natur: <a href=\"https:\/\/bassin-arcachon.com\/de\/unsere-stadte-und-dorfer\/herz-des-beckens\/\">https:\/\/bassin-arcachon.com\/nos-villes-et-villages\/coeur-du-bassin\/<\/a><\/li>\n\n\n\n<li><strong>Andernos-les-Bains<\/strong> : langer Steg, Hafen, gesch\u00fctzte Naturr\u00e4ume : <a href=\"https:\/\/bassin-arcachon.com\/de\/unsere-stadte-und-dorfer\/andernos-die-bader\/\">https:\/\/bassin-arcachon.com\/nos-villes-et-villages\/andernos-les-bains\/<\/a><\/li>\n\n\n\n<li><strong>Ares<\/strong> : Austernfischerd\u00f6rfer, Leuchtturm, Str\u00e4nde am Atlantik : <a href=\"https:\/\/bassin-arcachon.com\/de\/unsere-stadte-und-dorfer\/ares\/\">https:\/\/bassin-arcachon.com\/nos-villes-et-villages\/ares\/<\/a><\/li>\n\n\n\n<li><strong>Lege-Cap Frettchen<\/strong> : Austernfischerd\u00f6rfer, Leuchtturm, Str\u00e4nde am Atlantik : <a href=\"https:\/\/bassin-arcachon.com\/de\/unsere-stadte-und-dorfer\/lege-cap-frettchen\/\">https:\/\/bassin-arcachon.com\/nos-villes-et-villages\/lege-cap-ferret\/<\/a><\/li>\n<\/ul>\n\n\n\n<p>Um alle St\u00e4dte und D\u00f6rfer zu entdecken:<br><a href=\"https:\/\/bassin-arcachon.com\/de\/unsere-stadte-und-dorfer\/\">https:\/\/bassin-arcachon.com\/nos-villes-et-villages\/<\/a><\/p>\n<\/div><\/div>\n\n\n\n<div class=\"wp-block-uagb-container uagb-block-95b6335f alignfull uagb-is-root-container\"><div class=\"uagb-container-inner-blocks-wrap\">\n<h2 class=\"wp-block-heading\">10. Wie kommt man zum Bassin in Arcachon?<\/h2>\n<\/div><\/div>\n\n\n\n<div class=\"wp-block-uagb-container uagb-block-3cb22894 alignfull uagb-is-root-container\"><div class=\"uagb-container-inner-blocks-wrap\">\n<p>Das Bassin in Arcachon ist leicht zu erreichen:<\/p>\n\n\n\n<ul class=\"wp-block-list\">\n<li><strong>Mit dem Zug<\/strong> : Regelm\u00e4\u00dfige Verbindungen vom Bahnhof Bordeaux zum Bahnhof Arcachon und zum Bahnhof Biganos-Facture.<\/li>\n\n\n\n<li><strong>Mit dem Auto<\/strong> : \u00fcber die Autobahn A63 und dann die A660 in Richtung Arcachon.<\/li>\n\n\n\n<li><strong>Mit dem Flugzeug<\/strong> : Der Flughafen Bordeaux-M\u00e9rignac ist etwa 45 Autominuten vom Bassin entfernt.<\/li>\n<\/ul>\n\n\n\n<p>Alle Informationen zur Anfahrt und zum Transport finden Sie hier: <a href=\"https:\/\/www.calameo.com\/bassin-arcachon\/books\/00002442172196ce0017a\" target=\"_blank\" rel=\"noopener\">https:\/\/www.calameo.com\/bassin-arcachon\/books\/00002442172196ce0017a<\/a><\/p>\n\n\n\n<p><a href=\"https:\/\/www.calameo.com\/bassin-arcachon\/books\/00002442172196ce0017a\" target=\"_blank\" rel=\"noopener\"><br><\/a>Um den Bassin von Arcachon immer griffbereit dabei zu haben, finden Sie alle Informationen, die Sie ben\u00f6tigen, unter <strong>Die App \u201eBassin\u201c aus Arcachon: <a href=\"https:\/\/bassin-arcachon.com\/de\/laden-sie-unsere-anwendung-herunter\/\" target=\"_blank\" rel=\"noreferrer noopener\">https:\/\/bassin-arcachon.com\/telechargez-notre-application\/<\/a> ! <\/strong><\/p>\n<\/div><\/div>","protected":false},"excerpt":{"rendered":"<p>Retrouvez ici notre FAQ et les r\u00e9ponses aux questions les plus fr\u00e9quentes pour organiser votre s\u00e9jour sur le Bassin d\u2019Arcachon : plages, mar\u00e9es, Dune du Pilat, activit\u00e9s nature, d\u00e9gustations d\u2019hu\u00eetres, [&hellip;]<\/p>\n","protected":false},"author":25,"featured_media":198170,"parent":0,"menu_order":0,"comment_status":"closed","ping_status":"closed","template":"","meta":{"_acf_changed":false,"_uag_custom_page_level_css":"","footnotes":""},"class_list":["post-197521","page","type-page","status-publish","has-post-thumbnail","hentry"],"acf":[],"uagb_featured_image_src":{"full":["https:\/\/bassin-arcachon.com\/wp-content\/uploads\/2025\/11\/Design-sans-titre-29.png",1400,700,false],"thumbnail":["https:\/\/bassin-arcachon.com\/wp-content\/uploads\/2025\/11\/Design-sans-titre-29-150x150.png",150,150,true],"medium":["https:\/\/bassin-arcachon.com\/wp-content\/uploads\/2025\/11\/Design-sans-titre-29-600x300.png",600,300,true],"medium_large":["https:\/\/bassin-arcachon.com\/wp-content\/uploads\/2025\/11\/Design-sans-titre-29-768x384.png",768,384,true],"large":["https:\/\/bassin-arcachon.com\/wp-content\/uploads\/2025\/11\/Design-sans-titre-29-1024x512.png",1024,512,true],"1536x1536":["https:\/\/bassin-arcachon.com\/wp-content\/uploads\/2025\/11\/Design-sans-titre-29.png",1400,700,false],"2048x2048":["https:\/\/bassin-arcachon.com\/wp-content\/uploads\/2025\/11\/Design-sans-titre-29.png",1400,700,false],"trp-custom-language-flag":["https:\/\/bassin-arcachon.com\/wp-content\/uploads\/2025\/11\/Design-sans-titre-29-18x9.png",18,9,true]},"uagb_author_info":{"display_name":"Marie Clauzel","author_link":"https:\/\/bassin-arcachon.com\/de\/author\/mariesiba\/"},"uagb_comment_info":0,"uagb_excerpt":"Retrouvez ici notre FAQ et les r\u00e9ponses aux questions les plus fr\u00e9quentes pour organiser votre s\u00e9jour sur le Bassin d\u2019Arcachon : plages, mar\u00e9es, Dune du Pilat, activit\u00e9s nature, d\u00e9gustations d\u2019hu\u00eetres, [&hellip;]","_links":{"self":[{"href":"https:\/\/bassin-arcachon.com\/de\/wp-json\/wp\/v2\/pages\/197521","targetHints":{"allow":["GET"]}}],"collection":[{"href":"https:\/\/bassin-arcachon.com\/de\/wp-json\/wp\/v2\/pages"}],"about":[{"href":"https:\/\/bassin-arcachon.com\/de\/wp-json\/wp\/v2\/types\/page"}],"author":[{"embeddable":true,"href":"https:\/\/bassin-arcachon.com\/de\/wp-json\/wp\/v2\/users\/25"}],"replies":[{"embeddable":true,"href":"https:\/\/bassin-arcachon.com\/de\/wp-json\/wp\/v2\/comments?post=197521"}],"version-history":[{"count":31,"href":"https:\/\/bassin-arcachon.com\/de\/wp-json\/wp\/v2\/pages\/197521\/revisions"}],"predecessor-version":[{"id":244599,"href":"https:\/\/bassin-arcachon.com\/de\/wp-json\/wp\/v2\/pages\/197521\/revisions\/244599"}],"wp:featuredmedia":[{"embeddable":true,"href":"https:\/\/bassin-arcachon.com\/de\/wp-json\/wp\/v2\/media\/198170"}],"wp:attachment":[{"href":"https:\/\/bassin-arcachon.com\/de\/wp-json\/wp\/v2\/media?parent=197521"}],"curies":[{"name":"wp","href":"https:\/\/api.w.org\/{rel}","templated":true}]}}