{"id":26641,"date":"2018-10-29T15:44:13","date_gmt":"2018-10-29T14:44:13","guid":{"rendered":"https:\/\/bassin-arcachon.com\/\/?page_id=26641"},"modified":"2024-11-06T10:53:22","modified_gmt":"2024-11-06T09:53:22","slug":"mutzenfrettchen","status":"publish","type":"page","link":"https:\/\/bassin-arcachon.com\/de\/ou-dormir\/cap-ferret\/","title":{"rendered":"Unsere Hotels in Cap Ferret"},"content":{"rendered":"<div class=\"wp-block-uagb-container uagb-block-ad637d86 alignfull uagb-is-root-container\"><div class=\"uagb-container-inner-blocks-wrap\">\n<h2 class=\"wp-block-heading has-text-align-center\" style=\"font-size:25px\"><strong>Entscheiden Sie sich f\u00fcr eines unserer Hotels auf der Halbinsel L\u00e8ge-Cap-Ferret, das einen Blick auf das Bassin, einen Swimmingpool und das ganze Jahr \u00fcber ge\u00f6ffnet bietet, f\u00fcr Ihren Aufenthalt im Bassin von Arcachon!<\/strong><\/h2>\n<\/div><\/div>\n\n\n\n<div style=\"height:40px\" aria-hidden=\"true\" class=\"wp-block-spacer\"><\/div>\n\n\n\n<div class=\"wp-block-uagb-container uagb-block-a8ebaba9 alignfull uagb-is-root-container\"><div class=\"uagb-container-inner-blocks-wrap\">\n<div class=\"wp-block-uagb-container uagb-block-36895c6e\">\n<h2 class=\"wp-block-heading\">Unsere Hotels in Cap Ferret mit Blick auf das Becken<\/h2>\n\n\n\n<p>M\u00f6chten Sie Ihre Batterien n\u00e4her an den Elementen aufladen? \u00dcbernachten Sie in einem unserer Hotels in Cap Ferret mit Blick auf das Becken! Schlafen Sie friedlich, eingelullt vom Ger\u00e4usch der K\u00e4hne, die auf dem Wasser schaukeln! Wachen Sie mit Vogelgezwitscher auf und essen Sie mit Blick auf den Strand zu Mittag, um den Tag sanft zu beginnen. Genie\u00dfen Sie herrliche Landschaften und enden Sie mit einem Sonnenuntergang mit den F\u00fc\u00dfen im Sand. Perfekt f\u00fcr ein romantisches Wochenende oder mit Freunden! W\u00e4hlen Sie Ihr Hotel am Wasser und entdecken Sie Cap Ferret jeden Tag \u00fcber den Gezeiten neu!<\/p>\n\n\n\n<div class=\"wp-block-buttons is-layout-flex wp-block-buttons-is-layout-flex\">\n<div class=\"wp-block-button\"><a class=\"wp-block-button__link wp-element-button\" href=\"https:\/\/bassin-arcachon.com\/de\/unterkunft-2\/hotelslege-cap-ferretvuemer\/\">Hotels am Wasser<\/a><\/div>\n<\/div>\n<\/div>\n\n\n\n<div class=\"wp-block-uagb-container uagb-block-c325e0b4\">\n<div class=\"wp-block-uagb-image uagb-block-dd9b6142 wp-block-uagb-image--layout-default wp-block-uagb-image--effect-static wp-block-uagb-image--align-none\"><figure class=\"wp-block-uagb-image__figure\"><img decoding=\"async\" srcset=\"https:\/\/bassin-arcachon.com\/wp-content\/uploads\/2018\/04\/cap-ferret-vue-sur-la-dune-du-pilat-e1546606801513.jpg \" sizes=\"auto, (max-width: 480px) 150px\" src=\"https:\/\/bassin-arcachon.com\/wp-content\/uploads\/2018\/04\/cap-ferret-vue-sur-la-dune-du-pilat-e1546606801513.jpg\" alt=\"Schlendern Sie zum Cap Ferret mit Blick auf die Dune du Pilat\" class=\"uag-image-19936\" width=\"1000\" height=\"667\" title=\"- - Bassin d&#039;Arcachon\" loading=\"lazy\" role=\"img\"><\/figure><\/div>\n<\/div>\n<\/div><\/div>\n\n\n\n<div style=\"height:60px\" aria-hidden=\"true\" class=\"wp-block-spacer\"><\/div>\n\n\n\n<div class=\"wp-block-uagb-container uagb-block-6f0eee2b alignfull uagb-is-root-container\"><div class=\"uagb-container-inner-blocks-wrap\">\n<div class=\"wp-block-uagb-container uagb-block-6fe81117\">\n<div class=\"wp-block-uagb-image uagb-block-48469825 wp-block-uagb-image--layout-default wp-block-uagb-image--effect-static wp-block-uagb-image--align-none\"><figure class=\"wp-block-uagb-image__figure\"><img decoding=\"async\" srcset=\"https:\/\/bassin-arcachon.com\/wp-content\/uploads\/2017\/12\/balneo-serge-blanco-lege-cap-ferret-33-1024x683.jpg \" sizes=\"auto, (max-width: 480px) 150px\" src=\"https:\/\/bassin-arcachon.com\/wp-content\/uploads\/2017\/12\/balneo-serge-blanco-lege-cap-ferret-33-1024x683.jpg\" alt=\"- - Bassin d&#039;Arcachon\" class=\"uag-image-11599\" width=\"1024\" height=\"683\" title=\"- - Bassin d&#039;Arcachon\" loading=\"lazy\" role=\"img\"><\/figure><\/div>\n<\/div>\n\n\n\n<div class=\"wp-block-uagb-container uagb-block-89feca12\">\n<h2 class=\"wp-block-heading\">Unsere Hotels in Cap Ferret mit Swimmingpool<\/h2>\n\n\n\n<p>Machen Sie eine erfrischende Pause im Swimmingpool Ihres Hotels in Cap Ferret! Nutzen Sie eine ruhige und nat\u00fcrliche Umgebung, um sich am Pool zu entspannen. Verfeinern Sie Ihre Br\u00e4une, w\u00e4hrend die Bojen, Ballons und Wasserspiele die Kinder auf die Flut warten lassen. In einer Beziehung mit ? Teilen Sie gemeinsam einen Moment der Entspannung in einem beheizten Swimmingpool. Zwischen Freunden ? L\u00e4ngenwettkampf garantiert! Lassen Sie Ihre W\u00fcnsche sprechen und w\u00e4hlen Sie eines unserer Hotels mit Swimmingpool in Cap Ferret. Schauen Sie sich unsere Auswahl an, Sie werden sicher f\u00fcndig!<\/p>\n\n\n\n<div class=\"wp-block-buttons is-layout-flex wp-block-buttons-is-layout-flex\">\n<div class=\"wp-block-button\"><a class=\"wp-block-button__link wp-element-button\" href=\"https:\/\/bassin-arcachon.com\/de\/unterkunft-2\/hotelslege-cap-ferretpiscine\/\">Hotels mit Schwimmbad<\/a><\/div>\n<\/div>\n<\/div>\n<\/div><\/div>\n\n\n\n<div style=\"height:60px\" aria-hidden=\"true\" class=\"wp-block-spacer\"><\/div>\n\n\n\n<div class=\"wp-block-uagb-container uagb-block-44092020 alignfull uagb-is-root-container\"><div class=\"uagb-container-inner-blocks-wrap\">\n<div class=\"wp-block-uagb-container uagb-block-44718edc\">\n<h2 class=\"wp-block-heading\">Unsere Hotels in Cap Ferret sind ganzj\u00e4hrig ge\u00f6ffnet<\/h2>\n\n\n\n<p>Buchen Sie f\u00fcr ein typisches Wochenende Ihr Hotel in einer kleinen Oase der Ruhe im Herzen eines Austernz\u00fcchterdorfes in Cap Ferret! Einige Betriebe befinden sich in der N\u00e4he der ber\u00fchmtesten Austernd\u00f6rfer: l&#039;Herbe, le Canon und nat\u00fcrlich Cap Ferret.<br>Genie\u00dfen Sie das ganze Jahr \u00fcber den nat\u00fcrlichen Reichtum des Beckens! Gehen Sie im Wald oder am Strand spazieren, entdecken Sie den Charme von Landschaften, die sich mit jeder Jahreszeit \u00e4ndern! Entspannen Sie im Winter oder dynamisch im Sommer, entscheiden Sie sich f\u00fcr einen Aufenthalt in einem unserer ganzj\u00e4hrig ge\u00f6ffneten Hotels und entdecken Sie die Sch\u00f6nheit von Cap Ferret neu!<\/p>\n\n\n\n<div class=\"wp-block-buttons is-layout-flex wp-block-buttons-is-layout-flex\">\n<div class=\"wp-block-button\"><a class=\"wp-block-button__link wp-element-button\" href=\"https:\/\/bassin-arcachon.com\/de\/unterkunft-2\/hotelslege-cap-ferret-2\/\">Hotels ganzj\u00e4hrig ge\u00f6ffnet<\/a><\/div>\n<\/div>\n<\/div>\n\n\n\n<div class=\"wp-block-uagb-container uagb-block-f7af55be\">\n<div class=\"wp-block-uagb-image uagb-block-d3b73739 wp-block-uagb-image--layout-default wp-block-uagb-image--effect-static wp-block-uagb-image--align-none\"><figure class=\"wp-block-uagb-image__figure\"><img decoding=\"async\" srcset=\"https:\/\/bassin-arcachon.com\/wp-content\/uploads\/2018\/04\/velo-phare-du-cap-ferret-e1548069770881.jpg \" sizes=\"auto, (max-width: 480px) 150px\" src=\"https:\/\/bassin-arcachon.com\/wp-content\/uploads\/2018\/04\/velo-phare-du-cap-ferret-e1548069770881.jpg\" alt=\"Radeln Sie zum Leuchtturm von Cap Ferret\" class=\"uag-image-19939\" width=\"1000\" height=\"666\" title=\"- - Bassin d&#039;Arcachon\" loading=\"lazy\" role=\"img\"><\/figure><\/div>\n<\/div>\n<\/div><\/div>\n\n\n\n<div style=\"height:60px\" aria-hidden=\"true\" class=\"wp-block-spacer\"><\/div>\n\n\n\n<div class=\"wp-block-uagb-container uagb-block-748d9289 alignfull uagb-is-root-container\">\n<div class=\"wp-block-cover is-light has-parallax\"><span aria-hidden=\"true\" class=\"wp-block-cover__background has-background-dim-0 has-background-dim\"><\/span><div class=\"wp-block-cover__image-background wp-image-1345 has-parallax\" style=\"background-position:50% 50%;background-image:url(https:\/\/bassin-arcachon.com\/wp-content\/uploads\/2017\/03\/Camping-Panorama-du-Pyla-cottage-vue-mer-coin-farniente.jpg)\"><\/div><div class=\"wp-block-cover__inner-container is-layout-flow wp-block-cover-is-layout-flow\">\n<div class=\"wp-block-uagb-container uagb-block-11b360e0\">\n<h2 class=\"wp-block-heading has-text-align-center has-white-color has-text-color has-large-font-size\">Verbringen Sie Ihren Urlaub mit Leichtigkeit in einem der Bassin-Hotels in Arcachon<\/h2>\n\n\n\n<p class=\"has-text-align-center has-white-color has-text-color\"><a href=\"https:\/\/bassin-arcachon.com\/de\/unterkunft-2\/hotels\/\">STARTEN SIE IHRE SUCHE<\/a><\/p>\n<\/div>\n<\/div><\/div>\n<\/div>\n\n\n\n<div style=\"height:60px\" aria-hidden=\"true\" class=\"wp-block-spacer\"><\/div>\n\n\n\n<div class=\"wp-block-uagb-container uagb-block-67970557 alignfull uagb-is-root-container\"><div class=\"uagb-container-inner-blocks-wrap\">\n<div class=\"wp-block-uagb-container uagb-block-dd7dcc04\">\n<h3 class=\"wp-block-heading\">M\u00f6chten Sie ein Hotel in der N\u00e4he von Cap Ferret buchen?<\/h3>\n\n\n\n<p>Entdecken Sie alle unsere Hotels im Bassin Arcachon:&nbsp;<a href=\"https:\/\/bassin-arcachon.com\/de\/unterkunft-2\/hotels+ares\/\">Ares<\/a>,&nbsp;<a href=\"https:\/\/bassin-arcachon.com\/de\/unterkunft-2\/hotels+arcachon\/\">Arcachon<\/a>,&nbsp;<a href=\"https:\/\/bassin-arcachon.com\/de\/unterkunft-2\/hotels+der-buch-test\/\">Buchs Test<\/a>,&nbsp;<a href=\"https:\/\/bassin-arcachon.com\/de\/unterkunft-2\/hotels+anders\/\">Andersen<\/a>,&nbsp;<a href=\"https:\/\/bassin-arcachon.com\/de\/unterkunft-2\/hotels+gujan-mestras\/\">Gujan-Mestras,<\/a>&nbsp;<a href=\"https:\/\/bassin-arcachon.com\/de\/unterkunft-2\/hotels+herz-des-beckens-2\/\">Biganos,<\/a>&nbsp;<a href=\"https:\/\/bassin-arcachon.com\/de\/unterkunft-2\/hotels+herz-des-beckens-2\/\">Audenge<\/a>,<a href=\"https:\/\/bassin-arcachon.com\/de\/unterkunft-2\/hotels+herz-des-beckens-2\/\">&nbsp;Lanton&nbsp;<\/a>und&nbsp;<a href=\"https:\/\/bassin-arcachon.com\/de\/unterkunft-2\/hotels+der-teich\/\">Der Teich<\/a>&nbsp;!<\/p>\n<\/div>\n\n\n\n<div class=\"wp-block-uagb-container uagb-block-dd7a49a4\">\n<div class=\"wp-block-uagb-image uagb-block-349829c0 wp-block-uagb-image--layout-default wp-block-uagb-image--effect-static wp-block-uagb-image--align-none\"><figure class=\"wp-block-uagb-image__figure\"><img decoding=\"async\" srcset=\"https:\/\/bassin-arcachon.com\/wp-content\/uploads\/2018\/09\/nourri-a-lhu\u00eetre-\u00e9lev\u00e9-sous-les-pins-Bassin-dArcachon.jpg 1000w, https:\/\/bassin-arcachon.com\/wp-content\/uploads\/2018\/09\/nourri-a-lhu\u00eetre-\u00e9lev\u00e9-sous-les-pins-Bassin-dArcachon-600x400.jpg 600w, https:\/\/bassin-arcachon.com\/wp-content\/uploads\/2018\/09\/nourri-a-lhu\u00eetre-\u00e9lev\u00e9-sous-les-pins-Bassin-dArcachon-768x511.jpg 768w, https:\/\/bassin-arcachon.com\/wp-content\/uploads\/2018\/09\/nourri-a-lhu\u00eetre-\u00e9lev\u00e9-sous-les-pins-Bassin-dArcachon-18x12.jpg 18w\" sizes=\"auto, (max-width: 480px) 150px\" src=\"https:\/\/bassin-arcachon.com\/wp-content\/uploads\/2018\/09\/nourri-a-lhu\u00eetre-\u00e9lev\u00e9-sous-les-pins-Bassin-dArcachon.jpg\" alt=\"- - Bassin d&#039;Arcachon\" class=\"uag-image-26169\" width=\"1000\" height=\"666\" title=\"- - Bassin d&#039;Arcachon\" loading=\"lazy\" role=\"img\"><\/figure><\/div>\n<\/div>\n<\/div><\/div>\n\n\n\n<div style=\"height:60px\" aria-hidden=\"true\" class=\"wp-block-spacer\"><\/div>","protected":false},"excerpt":{"rendered":"<p>Optez pour l&rsquo;un de nos h\u00f4tels sur la presqu\u2019\u00eele de L\u00e8ge-Cap-Ferret, offrant une vue sur le Bassin, une piscine, et ouverts toute l&rsquo;ann\u00e9e, pour votre s\u00e9jour dans le Bassin d&rsquo;Arcachon [&hellip;]<\/p>\n","protected":false},"author":24,"featured_media":2217,"parent":43,"menu_order":1,"comment_status":"closed","ping_status":"closed","template":"","meta":{"_acf_changed":false,"_uag_custom_page_level_css":"","footnotes":""},"class_list":["post-26641","page","type-page","status-publish","has-post-thumbnail","hentry"],"acf":[],"uagb_featured_image_src":{"full":["https:\/\/bassin-arcachon.com\/wp-content\/uploads\/2017\/03\/camping-bassin-arcachon.jpg",1200,800,false],"thumbnail":["https:\/\/bassin-arcachon.com\/wp-content\/uploads\/2017\/03\/camping-bassin-arcachon-150x150.jpg",150,150,true],"medium":["https:\/\/bassin-arcachon.com\/wp-content\/uploads\/2017\/03\/camping-bassin-arcachon-600x400.jpg",600,400,true],"medium_large":["https:\/\/bassin-arcachon.com\/wp-content\/uploads\/2017\/03\/camping-bassin-arcachon-768x512.jpg",768,512,true],"large":["https:\/\/bassin-arcachon.com\/wp-content\/uploads\/2017\/03\/camping-bassin-arcachon-1024x683.jpg",1024,683,true],"1536x1536":["https:\/\/bassin-arcachon.com\/wp-content\/uploads\/2017\/03\/camping-bassin-arcachon.jpg",1200,800,false],"2048x2048":["https:\/\/bassin-arcachon.com\/wp-content\/uploads\/2017\/03\/camping-bassin-arcachon.jpg",1200,800,false],"trp-custom-language-flag":["https:\/\/bassin-arcachon.com\/wp-content\/uploads\/2017\/03\/camping-bassin-arcachon-18x12.jpg",18,12,true]},"uagb_author_info":{"display_name":"Audrey RAMBAUT","author_link":"https:\/\/bassin-arcachon.com\/de\/author\/audrey-siba\/"},"uagb_comment_info":0,"uagb_excerpt":"Optez pour l&rsquo;un de nos h\u00f4tels sur la presqu\u2019\u00eele de L\u00e8ge-Cap-Ferret, offrant une vue sur le Bassin, une piscine, et ouverts toute l&rsquo;ann\u00e9e, pour votre s\u00e9jour dans le Bassin d&rsquo;Arcachon [&hellip;]","_links":{"self":[{"href":"https:\/\/bassin-arcachon.com\/de\/wp-json\/wp\/v2\/pages\/26641","targetHints":{"allow":["GET"]}}],"collection":[{"href":"https:\/\/bassin-arcachon.com\/de\/wp-json\/wp\/v2\/pages"}],"about":[{"href":"https:\/\/bassin-arcachon.com\/de\/wp-json\/wp\/v2\/types\/page"}],"author":[{"embeddable":true,"href":"https:\/\/bassin-arcachon.com\/de\/wp-json\/wp\/v2\/users\/24"}],"replies":[{"embeddable":true,"href":"https:\/\/bassin-arcachon.com\/de\/wp-json\/wp\/v2\/comments?post=26641"}],"version-history":[{"count":2,"href":"https:\/\/bassin-arcachon.com\/de\/wp-json\/wp\/v2\/pages\/26641\/revisions"}],"predecessor-version":[{"id":68244,"href":"https:\/\/bassin-arcachon.com\/de\/wp-json\/wp\/v2\/pages\/26641\/revisions\/68244"}],"up":[{"embeddable":true,"href":"https:\/\/bassin-arcachon.com\/de\/wp-json\/wp\/v2\/pages\/43"}],"wp:featuredmedia":[{"embeddable":true,"href":"https:\/\/bassin-arcachon.com\/de\/wp-json\/wp\/v2\/media\/2217"}],"wp:attachment":[{"href":"https:\/\/bassin-arcachon.com\/de\/wp-json\/wp\/v2\/media?parent=26641"}],"curies":[{"name":"wp","href":"https:\/\/api.w.org\/{rel}","templated":true}]}}