{"id":26974,"date":"2018-11-15T16:44:29","date_gmt":"2018-11-15T15:44:29","guid":{"rendered":"https:\/\/bassin-arcachon.com\/\/?page_id=26974"},"modified":"2024-11-06T11:35:49","modified_gmt":"2024-11-06T10:35:49","slug":"arcachon","status":"publish","type":"page","link":"https:\/\/bassin-arcachon.com\/de\/ou-dormir\/camping\/arcachon\/","title":{"rendered":"Unsere Campingpl\u00e4tze in Arcachon"},"content":{"rendered":"<div class=\"wp-block-uagb-container uagb-block-4d59246b alignfull uagb-is-root-container\"><div class=\"uagb-container-inner-blocks-wrap\">\n<div class=\"wp-block-uagb-container uagb-block-566c8e73\">\n<h3 class=\"wp-block-heading\">Unsere Campingpl\u00e4tze in Arcachon mit WLAN-Verbindung<\/h3>\n\n\n\n<p>Was w\u00e4re, wenn Sie w\u00e4hrend Ihres Urlaubs in Arcachon immer in Verbindung bleiben w\u00fcrden? W\u00e4hlen Sie einen unserer Campingpl\u00e4tze in Arcachon mit WIFI und teilen Sie Ihre besten Fotos mit Ihren Freunden! Wenn Sie sich mit dem WLAN des Campingplatzes verbinden, k\u00f6nnen Sie Ihren Aufenthalt und Ihre Aktivit\u00e4ten vom Schwimmbad aus organisieren! Denn auf unseren Campingpl\u00e4tzen in Arcachon mit WLAN ist Entspannung garantiert!<\/p>\n\n\n\n<div class=\"wp-block-buttons is-layout-flex wp-block-buttons-is-layout-flex\">\n<div class=\"wp-block-button\"><a class=\"wp-block-button__link wp-element-button\" href=\"https:\/\/bassin-arcachon.com\/de\/unterkunft-2\/campingplatze%40arcachon%26amp%3bwifi\/\">Campingplatz mit WLAN<\/a><\/div>\n<\/div>\n<\/div>\n\n\n\n<div class=\"wp-block-uagb-container uagb-block-008c935c\">\n<div class=\"wp-block-uagb-image uagb-block-7a7a80e2 wp-block-uagb-image--layout-default wp-block-uagb-image--effect-static wp-block-uagb-image--align-none\"><figure class=\"wp-block-uagb-image__figure\"><img decoding=\"async\" srcset=\"https:\/\/bassin-arcachon.com\/wp-content\/uploads\/2017\/04\/header-wifi-light-1024x522.jpg \" sizes=\"auto, (max-width: 480px) 150px\" src=\"https:\/\/bassin-arcachon.com\/wp-content\/uploads\/2017\/04\/header-wifi-light-1024x522.jpg\" alt=\"WIFI Gujan-Mestras\" class=\"uag-image-1576\" width=\"1024\" height=\"522\" title=\"- - Bassin d&#039;Arcachon\" loading=\"lazy\" role=\"img\"><\/figure><\/div>\n<\/div>\n<\/div><\/div>\n\n\n\n<div style=\"height:60px\" aria-hidden=\"true\" class=\"wp-block-spacer\"><\/div>\n\n\n\n<div class=\"wp-block-uagb-container uagb-block-496870a4 alignfull uagb-is-root-container\"><div class=\"uagb-container-inner-blocks-wrap\">\n<div class=\"wp-block-uagb-container uagb-block-3e63995b\">\n<div class=\"wp-block-uagb-image uagb-block-bb47d88f wp-block-uagb-image--layout-default wp-block-uagb-image--effect-static wp-block-uagb-image--align-none\"><figure class=\"wp-block-uagb-image__figure\"><img decoding=\"async\" srcset=\"https:\/\/bassin-arcachon.com\/wp-content\/uploads\/2017\/03\/1-aqualand-j6-1024x680.jpg \" sizes=\"auto, (max-width: 480px) 150px\" src=\"https:\/\/bassin-arcachon.com\/wp-content\/uploads\/2017\/03\/1-aqualand-j6-1024x680.jpg\" alt=\"- - Bassin d&#039;Arcachon\" class=\"uag-image-537\" width=\"1024\" height=\"680\" title=\"- - Bassin d&#039;Arcachon\" loading=\"lazy\" role=\"img\"><\/figure><\/div>\n<\/div>\n\n\n\n<div class=\"wp-block-uagb-container uagb-block-9250bf13\">\n<h3 class=\"wp-block-heading\">Unsere Campingpl\u00e4tze in Arcachon mit Schwimmbad<\/h3>\n\n\n\n<p>Nach einem Tag am Strand oder morgens beim Aufwachen tanken Sie neue Energie im&nbsp;<strong>Schwimmbad<\/strong>&nbsp;von dir&nbsp;<strong>Camping<\/strong>&nbsp;bei&nbsp;<strong>Arcachon<\/strong>&nbsp;! \u00dcberdacht, beheizt, mit kleinem Pool oder Rutschen f\u00fcr Kinder, genie\u00dfen Sie einzigartige Momente im&nbsp;<strong>Schwimmbad<\/strong>&nbsp;von dir&nbsp;<strong>Camping<\/strong>, mit Familie oder Freunden! Wagen Sie den Sprung und buchen Sie Ihren&nbsp;<strong>Camping<\/strong>&nbsp;mit&nbsp;<strong>Schwimmbad<\/strong>&nbsp;bei&nbsp;<strong>Arcachon<\/strong>&nbsp;!<\/p>\n\n\n\n<div class=\"wp-block-buttons is-layout-flex wp-block-buttons-is-layout-flex\">\n<div class=\"wp-block-button\"><a class=\"wp-block-button__link wp-element-button\" href=\"https:\/\/bassin-arcachon.com\/de\/unterkunft-2\/campingplatze%40arcachon%26amp%3bschwimmbad\/\">Campingpl\u00e4tze mit Schwimmbad<\/a><\/div>\n<\/div>\n<\/div>\n<\/div><\/div>\n\n\n\n<div style=\"height:60px\" aria-hidden=\"true\" class=\"wp-block-spacer\"><\/div>\n\n\n\n<div class=\"wp-block-uagb-container uagb-block-54402d54 alignfull uagb-is-root-container\"><div class=\"uagb-container-inner-blocks-wrap\">\n<div class=\"wp-block-uagb-container uagb-block-49b29bee\">\n<h3 class=\"wp-block-heading\">Unsere Campingpl\u00e4tze in Arcachon mit Stellpl\u00e4tzen f\u00fcr Wohnmobile<\/h3>\n\n\n\n<p>Sie reisen als Familie an&nbsp;<strong>Arcachon<\/strong>&nbsp;und sind Fans von Urlaub in&nbsp;<strong>Wohnwagen ?<\/strong>&nbsp;M\u00f6gen Sie Ruhe und Freiheit? G\u00f6nnen Sie sich also eine ruhige Nacht auf einem Stellplatz bei einem unserer&nbsp;<strong>Campingpl\u00e4tze&nbsp;<\/strong>! Genie\u00dfen Sie mit den Kindern einen au\u00dfergew\u00f6hnlichen Moment im Herzen der Natur, in a&nbsp;<strong>Camping<\/strong>&nbsp;von<strong>Arcachon<\/strong>, in der N\u00e4he des Pools! Machen Sie es sich in Ihrem bequem&nbsp;<strong>Camping<\/strong>&nbsp;und genie\u00dfen Sie einen Raum, der Ihnen gewidmet ist&nbsp;<strong>Wohnwagen<\/strong>&nbsp;!<\/p>\n\n\n\n<div class=\"wp-block-buttons is-layout-flex wp-block-buttons-is-layout-flex\">\n<div class=\"wp-block-button\"><a class=\"wp-block-button__link wp-element-button\" href=\"https:\/\/bassin-arcachon.com\/de\/unterkunft-2\/campingplatze%40arcachon\/\">Campingpl\u00e4tze mit Wohnmobilstellpl\u00e4tzen<\/a><\/div>\n<\/div>\n<\/div>\n\n\n\n<div class=\"wp-block-uagb-container uagb-block-f5f5e240\">\n<div class=\"wp-block-uagb-image uagb-block-6af89bd3 wp-block-uagb-image--layout-default wp-block-uagb-image--effect-static wp-block-uagb-image--align-none\"><figure class=\"wp-block-uagb-image__figure\"><img decoding=\"async\" srcset=\"https:\/\/bassin-arcachon.com\/wp-content\/uploads\/2017\/03\/aires-de-camping-cars-bassin-arcachon-1024x646.jpg \" sizes=\"auto, (max-width: 480px) 150px\" src=\"https:\/\/bassin-arcachon.com\/wp-content\/uploads\/2017\/03\/aires-de-camping-cars-bassin-arcachon-1024x646.jpg\" alt=\"- - Bassin d&#039;Arcachon\" class=\"uag-image-1991\" width=\"1024\" height=\"646\" title=\"- - Bassin d&#039;Arcachon\" loading=\"lazy\" role=\"img\"><\/figure><\/div>\n<\/div>\n<\/div><\/div>\n\n\n\n<div style=\"height:60px\" aria-hidden=\"true\" class=\"wp-block-spacer\"><\/div>\n\n\n\n<div class=\"wp-block-uagb-container uagb-block-137ba2f7 alignfull uagb-is-root-container\">\n<div class=\"wp-block-cover is-light has-parallax\"><span aria-hidden=\"true\" class=\"wp-block-cover__background has-background-dim-0 has-background-dim\"><\/span><div class=\"wp-block-cover__image-background wp-image-1345 has-parallax\" style=\"background-position:50% 50%;background-image:url(https:\/\/bassin-arcachon.com\/wp-content\/uploads\/2017\/03\/Camping-Panorama-du-Pyla-cottage-vue-mer-coin-farniente.jpg)\"><\/div><div class=\"wp-block-cover__inner-container is-layout-flow wp-block-cover-is-layout-flow\">\n<div class=\"wp-block-uagb-container uagb-block-9d6c483a\">\n<h2 class=\"wp-block-heading has-text-align-center has-white-color has-text-color has-large-font-size\">Verbringen Sie Ihre Ferien mit Leichtigkeit auf einem der Bassin-Campingpl\u00e4tze in Arcachon!<\/h2>\n\n\n\n<p class=\"has-text-align-center has-white-color has-text-color\"><a href=\"https:\/\/bassin-arcachon.com\/de\/unterkunft-2\/campingplatze\/\">STARTEN SIE IHRE SUCHE<\/a><\/p>\n<\/div>\n<\/div><\/div>\n<\/div>\n\n\n\n<div style=\"height:60px\" aria-hidden=\"true\" class=\"wp-block-spacer\"><\/div>\n\n\n\n<div class=\"wp-block-uagb-container uagb-block-ebba802f alignfull uagb-is-root-container\"><div class=\"uagb-container-inner-blocks-wrap\">\n<div class=\"wp-block-uagb-container uagb-block-756660f0\">\n<h3 class=\"wp-block-heading\">M\u00f6chten Sie einen Campingplatz rund um Arcachon buchen?<\/h3>\n\n\n\n<p>Entdecken Sie alle unsere Campingpl\u00e4tze bei Bassin Arcachon:&nbsp;<a href=\"https:\/\/bassin-arcachon.com\/de\/wo-schlafen\/camping\/ares\/\">Ares<\/a>,&nbsp;<a href=\"https:\/\/bassin-arcachon.com\/de\/wo-schlafen\/camping\/anders\/\">Andersen<\/a>,&nbsp;<a href=\"https:\/\/bassin-arcachon.com\/de\/wo-schlafen\/camping\/gujan-mestras\/\">Gujan-Mestras<\/a>,&nbsp;<a href=\"https:\/\/bassin-arcachon.com\/de\/wo-schlafen\/camping\/lehr\/\">Der Teich<\/a>,&nbsp;<a href=\"https:\/\/bassin-arcachon.com\/de\/wo-schlafen\/camping\/biganos\/\">Biganos,<\/a>&nbsp;<a href=\"https:\/\/bassin-arcachon.com\/de\/wo-schlafen\/camping\/audienge\/\">Audenge<\/a>,<a href=\"https:\/\/bassin-arcachon.com\/de\/wo-schlafen\/camping\/lanton\/\">&nbsp;Lanton&nbsp;<\/a>und&nbsp;<a href=\"https:\/\/bassin-arcachon.com\/de\/wo-schlafen\/camping\/lege-cap-frettchen\/\">Lege Cap Frettchen<\/a>&nbsp;!<\/p>\n<\/div>\n\n\n\n<div class=\"wp-block-uagb-container uagb-block-245929a0\">\n<div class=\"wp-block-uagb-image uagb-block-b385ea68 wp-block-uagb-image--layout-default wp-block-uagb-image--effect-static wp-block-uagb-image--align-none\"><figure class=\"wp-block-uagb-image__figure\"><img decoding=\"async\" srcset=\"https:\/\/bassin-arcachon.com\/wp-content\/uploads\/2018\/09\/nourri-a-lhu\u00eetre-\u00e9lev\u00e9-sous-les-pins-Bassin-dArcachon.jpg 1000w, https:\/\/bassin-arcachon.com\/wp-content\/uploads\/2018\/09\/nourri-a-lhu\u00eetre-\u00e9lev\u00e9-sous-les-pins-Bassin-dArcachon-600x400.jpg 600w, https:\/\/bassin-arcachon.com\/wp-content\/uploads\/2018\/09\/nourri-a-lhu\u00eetre-\u00e9lev\u00e9-sous-les-pins-Bassin-dArcachon-768x511.jpg 768w, https:\/\/bassin-arcachon.com\/wp-content\/uploads\/2018\/09\/nourri-a-lhu\u00eetre-\u00e9lev\u00e9-sous-les-pins-Bassin-dArcachon-18x12.jpg 18w\" sizes=\"auto, (max-width: 480px) 150px\" src=\"https:\/\/bassin-arcachon.com\/wp-content\/uploads\/2018\/09\/nourri-a-lhu\u00eetre-\u00e9lev\u00e9-sous-les-pins-Bassin-dArcachon.jpg\" alt=\"- - Bassin d&#039;Arcachon\" class=\"uag-image-26169\" width=\"1000\" height=\"666\" title=\"- - Bassin d&#039;Arcachon\" loading=\"lazy\" role=\"img\"><\/figure><\/div>\n<\/div>\n<\/div><\/div>\n\n\n\n<div style=\"height:60px\" aria-hidden=\"true\" class=\"wp-block-spacer\"><\/div>","protected":false},"excerpt":{"rendered":"<p>Nos campings \u00e0 Arcachon avec une connexion Wifi Et si vous restiez toujours connect\u00e9s pendant vos vacances \u00e0 Arcachon&nbsp;? Choisissez parmi l\u2019un de nos campings \u00e0 Arcachon avec WIFI et [&hellip;]<\/p>\n","protected":false},"author":24,"featured_media":2217,"parent":392,"menu_order":1,"comment_status":"closed","ping_status":"closed","template":"","meta":{"_acf_changed":false,"_uag_custom_page_level_css":"","footnotes":""},"class_list":["post-26974","page","type-page","status-publish","has-post-thumbnail","hentry"],"acf":[],"uagb_featured_image_src":{"full":["https:\/\/bassin-arcachon.com\/wp-content\/uploads\/2017\/03\/camping-bassin-arcachon.jpg",1200,800,false],"thumbnail":["https:\/\/bassin-arcachon.com\/wp-content\/uploads\/2017\/03\/camping-bassin-arcachon-150x150.jpg",150,150,true],"medium":["https:\/\/bassin-arcachon.com\/wp-content\/uploads\/2017\/03\/camping-bassin-arcachon-600x400.jpg",600,400,true],"medium_large":["https:\/\/bassin-arcachon.com\/wp-content\/uploads\/2017\/03\/camping-bassin-arcachon-768x512.jpg",768,512,true],"large":["https:\/\/bassin-arcachon.com\/wp-content\/uploads\/2017\/03\/camping-bassin-arcachon-1024x683.jpg",1024,683,true],"1536x1536":["https:\/\/bassin-arcachon.com\/wp-content\/uploads\/2017\/03\/camping-bassin-arcachon.jpg",1200,800,false],"2048x2048":["https:\/\/bassin-arcachon.com\/wp-content\/uploads\/2017\/03\/camping-bassin-arcachon.jpg",1200,800,false],"trp-custom-language-flag":["https:\/\/bassin-arcachon.com\/wp-content\/uploads\/2017\/03\/camping-bassin-arcachon-18x12.jpg",18,12,true]},"uagb_author_info":{"display_name":"Audrey RAMBAUT","author_link":"https:\/\/bassin-arcachon.com\/de\/author\/audrey-siba\/"},"uagb_comment_info":0,"uagb_excerpt":"Nos campings \u00e0 Arcachon avec une connexion Wifi Et si vous restiez toujours connect\u00e9s pendant vos vacances \u00e0 Arcachon&nbsp;? Choisissez parmi l\u2019un de nos campings \u00e0 Arcachon avec WIFI et [&hellip;]","_links":{"self":[{"href":"https:\/\/bassin-arcachon.com\/de\/wp-json\/wp\/v2\/pages\/26974","targetHints":{"allow":["GET"]}}],"collection":[{"href":"https:\/\/bassin-arcachon.com\/de\/wp-json\/wp\/v2\/pages"}],"about":[{"href":"https:\/\/bassin-arcachon.com\/de\/wp-json\/wp\/v2\/types\/page"}],"author":[{"embeddable":true,"href":"https:\/\/bassin-arcachon.com\/de\/wp-json\/wp\/v2\/users\/24"}],"replies":[{"embeddable":true,"href":"https:\/\/bassin-arcachon.com\/de\/wp-json\/wp\/v2\/comments?post=26974"}],"version-history":[{"count":2,"href":"https:\/\/bassin-arcachon.com\/de\/wp-json\/wp\/v2\/pages\/26974\/revisions"}],"predecessor-version":[{"id":68265,"href":"https:\/\/bassin-arcachon.com\/de\/wp-json\/wp\/v2\/pages\/26974\/revisions\/68265"}],"up":[{"embeddable":true,"href":"https:\/\/bassin-arcachon.com\/de\/wp-json\/wp\/v2\/pages\/392"}],"wp:featuredmedia":[{"embeddable":true,"href":"https:\/\/bassin-arcachon.com\/de\/wp-json\/wp\/v2\/media\/2217"}],"wp:attachment":[{"href":"https:\/\/bassin-arcachon.com\/de\/wp-json\/wp\/v2\/media?parent=26974"}],"curies":[{"name":"wp","href":"https:\/\/api.w.org\/{rel}","templated":true}]}}