{"id":29,"date":"2017-02-06T14:51:28","date_gmt":"2017-02-06T13:51:28","guid":{"rendered":"https:\/\/bassin-arcachon.com\/\/?page_id=29"},"modified":"2023-11-30T11:42:26","modified_gmt":"2023-11-30T10:42:26","slug":"unsere-stadte-und-dorfer","status":"publish","type":"page","link":"https:\/\/bassin-arcachon.com\/de\/nos-villes-et-villages\/","title":{"rendered":"Unsere St\u00e4dte und D\u00f6rfer"},"content":{"rendered":"<div class=\"wp-block-uagb-table-of-contents uagb-toc__align-center uagb-toc__columns-1  uagb-block-5deb6baa toc_sticky    uag-blocks-common-selector\"\n\t\t\t\t\tdata-scroll= \"1\"\n\t\t\t\t\tdata-offset= \"30\"\n\t\t\t\t\tstyle=\"--z-index-desktop:3;\"\n\t\t\t\t>\n\t\t\t\t<div class=\"uagb-toc__wrap\">\n\t\t\t\t\t\t<div class=\"uagb-toc__title\">\n\t\t\t\t\t\t\tInhaltsverzeichnis\t\t\t\t\t\t<\/div>\n\t\t\t\t\t\t\t\t\t\t\t\t\t\t\t\t\t\t\t\t\t\t<div class=\"uagb-toc__list-wrap\">\n\t\t\t\t\t\t<ol class=\"uagb-toc__list\"><li class=\"uagb-toc__list\"><a href=\"#arcachon\" class=\"uagb-toc-link__trigger\">Arcachon<\/a><li class=\"uagb-toc__list\"><a href=\"#la-teste-de-buch\" class=\"uagb-toc-link__trigger\">Buchs Test<\/a><li class=\"uagb-toc__list\"><a href=\"#gujan-mestras\" class=\"uagb-toc-link__trigger\">Gujan-Mestras<\/a><li class=\"uagb-toc__list\"><a href=\"#le-teich\" class=\"uagb-toc-link__trigger\">Der Teich<\/a><li class=\"uagb-toc__list\"><a href=\"#c\u0153ur-du-bassin\" class=\"uagb-toc-link__trigger\">Herz von Bassin<\/a><li class=\"uagb-toc__list\"><a href=\"#andernos-les-bains\" class=\"uagb-toc-link__trigger\">Andernos-les-Bains<\/a><li class=\"uagb-toc__list\"><a href=\"#ar\u00e8s\" class=\"uagb-toc-link__trigger\">Ares<\/a><li class=\"uagb-toc__list\"><a href=\"#l\u00e8ge-cap-ferret\" class=\"uagb-toc-link__trigger\">Lege-Cap Frettchen<\/a><\/ol>\t\t\t\t\t<\/div>\n\t\t\t\t\t\t\t\t\t<\/div>\n\t\t\t\t<\/div>\n\t\t\t\n\n\n<div style=\"height:60px\" aria-hidden=\"true\" class=\"wp-block-spacer\"><\/div>\n\n\n\n<div class=\"wp-block-uagb-container uagb-block-b6bcfc7d alignfull uagb-is-root-container\"><div class=\"uagb-container-inner-blocks-wrap\">\n<div class=\"wp-block-uagb-container uagb-block-ed936d9c\">\n<div class=\"wp-block-uagb-image uagb-block-0b3e73a2 wp-block-uagb-image--layout-default wp-block-uagb-image--effect-static wp-block-uagb-image--align-none\"><figure class=\"wp-block-uagb-image__figure\"><img decoding=\"async\" srcset=\"https:\/\/bassin-arcachon.com\/wp-content\/uploads\/2018\/07\/Villa-Trocadero-ville-dhiver-arcachon.jpg \" sizes=\"auto, (max-width: 480px) 150px\" src=\"https:\/\/bassin-arcachon.com\/wp-content\/uploads\/2018\/07\/Villa-Trocadero-ville-dhiver-arcachon.jpg\" alt=\"- - Bassin d&#039;Arcachon\" class=\"uag-image-23420\" width=\"1000\" height=\"666\" title=\"- - Bassin d&#039;Arcachon\" loading=\"lazy\"><\/figure><\/div>\n<\/div>\n\n\n\n<div class=\"wp-block-uagb-container uagb-block-55745e9c\">\n<h2 class=\"wp-block-heading\" style=\"font-size:50px\">Arcachon<\/h2>\n\n\n\n<p>Arcachon ist ein gesch\u00e4ftiger Urlaubsort und eine sanfte K\u00fcstenstadt, in der man gerne entlang der Piers schlendert, im Stadtzentrum einkauft und sich in den verwinkelten Gassen der Ville d&#039;Hiver verliert. Damit ist sie eine der bei Sommerg\u00e4sten beliebten St\u00e4dte des Bassin von Arcachon.<\/p>\n\n\n\n<div class=\"wp-block-buttons is-layout-flex wp-block-buttons-is-layout-flex\">\n<div class=\"wp-block-button\"><a class=\"wp-block-button__link wp-element-button\" href=\"https:\/\/bassin-arcachon.com\/de\/unsere-stadte-und-dorfer\/arcachon\/\">Arcachon<\/a><\/div>\n<\/div>\n<\/div>\n<\/div><\/div>\n\n\n\n<div style=\"height:40px\" aria-hidden=\"true\" class=\"wp-block-spacer\"><\/div>\n\n\n\n<div class=\"wp-block-uagb-container uagb-block-43daddf0 alignfull uagb-is-root-container\"><div class=\"uagb-container-inner-blocks-wrap\">\n<div class=\"wp-block-uagb-container uagb-block-0c320d41\">\n<h2 class=\"wp-block-heading\" style=\"font-size:50px\">Buchs Test<\/h2>\n\n\n\n<p>Mit seiner ber\u00fchmten Dune du Pilat und seinem fabelhaften Blick auf das Bassin von Arcachon ist La Teste de Buch auch an Orten ein geheimer Ort, der neugierigen Reisenden offenbart werden kann.<\/p>\n\n\n\n<div class=\"wp-block-buttons is-layout-flex wp-block-buttons-is-layout-flex\">\n<div class=\"wp-block-button\"><a class=\"wp-block-button__link wp-element-button\" href=\"https:\/\/bassin-arcachon.com\/de\/unsere-stadte-und-dorfer\/der-buch-test\/\">Buchs Test<\/a><\/div>\n<\/div>\n<\/div>\n\n\n\n<div class=\"wp-block-uagb-container uagb-block-f901f082\">\n<div class=\"wp-block-uagb-image uagb-block-a06db440 wp-block-uagb-image--layout-default wp-block-uagb-image--effect-static wp-block-uagb-image--align-none\"><figure class=\"wp-block-uagb-image__figure\"><img decoding=\"async\" srcset=\"https:\/\/bassin-arcachon.com\/wp-content\/uploads\/2018\/06\/Plage-oceane-Bassin.jpg \" sizes=\"auto, (max-width: 480px) 150px\" src=\"https:\/\/bassin-arcachon.com\/wp-content\/uploads\/2018\/06\/Plage-oceane-Bassin.jpg\" alt=\"Bassin d&#039;Arcachon Meeresstrand\" class=\"uag-image-22319\" width=\"1000\" height=\"666\" title=\"- - Bassin d&#039;Arcachon\" loading=\"lazy\"><\/figure><\/div>\n<\/div>\n<\/div><\/div>\n\n\n\n<div style=\"height:40px\" aria-hidden=\"true\" class=\"wp-block-spacer\"><\/div>\n\n\n\n<div class=\"wp-block-uagb-container uagb-block-1048c5b5 alignfull uagb-is-root-container\"><div class=\"uagb-container-inner-blocks-wrap\">\n<div class=\"wp-block-uagb-container uagb-block-d16a6de5\">\n<div class=\"wp-block-uagb-image uagb-block-afde7bc3 wp-block-uagb-image--layout-default wp-block-uagb-image--effect-static wp-block-uagb-image--align-none\"><figure class=\"wp-block-uagb-image__figure\"><img decoding=\"async\" srcset=\"https:\/\/bassin-arcachon.com\/wp-content\/uploads\/2017\/02\/Sentier_littoral_Gujan_N6825-1024x683.jpg \" sizes=\"auto, (max-width: 480px) 150px\" src=\"https:\/\/bassin-arcachon.com\/wp-content\/uploads\/2017\/02\/Sentier_littoral_Gujan_N6825-1024x683.jpg\" alt=\"- - Bassin d&#039;Arcachon\" class=\"uag-image-11174\" width=\"1024\" height=\"683\" title=\"- - Bassin d&#039;Arcachon\" loading=\"lazy\"><\/figure><\/div>\n<\/div>\n\n\n\n<div class=\"wp-block-uagb-container uagb-block-14ec2df4\">\n<h2 class=\"wp-block-heading\" style=\"font-size:50px\">Gujan-Mestras<\/h2>\n\n\n\n<p>Unter den St\u00e4dten des Bassin von Arcachon finden wir Gujan-Mestras, die Stadt der 7 H\u00e4fen. Es ist der beliebteste Ort, um t\u00e4glich die wahre Arbeit der Austernz\u00fcchter zu beobachten. Es ist auch eine Gelegenheit, eine Pause f\u00fcr eine Austernverkostung mit den Einheimischen einzulegen.<\/p>\n\n\n\n<div class=\"wp-block-buttons is-layout-flex wp-block-buttons-is-layout-flex\">\n<div class=\"wp-block-button\"><a class=\"wp-block-button__link wp-element-button\" href=\"https:\/\/bassin-arcachon.com\/de\/unsere-stadte-und-dorfer\/gujan-mestras\/\">Gujan-Mestras<\/a><\/div>\n<\/div>\n<\/div>\n<\/div><\/div>\n\n\n\n<div style=\"height:40px\" aria-hidden=\"true\" class=\"wp-block-spacer\"><\/div>\n\n\n\n<div class=\"wp-block-uagb-container uagb-block-15ef96d7 alignfull uagb-is-root-container\"><div class=\"uagb-container-inner-blocks-wrap\">\n<div class=\"wp-block-uagb-container uagb-block-0f94eda3\">\n<h2 class=\"wp-block-heading\" style=\"font-size:50px\">Der Teich<\/h2>\n\n\n\n<p>Hier ist die Natur die absolute K\u00f6nigin. Ein ornithologisches Reservat, das Zugv\u00f6gel lieben. Le Teich grenzt auch an La Leyre, die wir gerne mit dem Kanu \u00fcberqueren.<\/p>\n\n\n\n<div class=\"wp-block-buttons is-layout-flex wp-block-buttons-is-layout-flex\">\n<div class=\"wp-block-button\"><a class=\"wp-block-button__link wp-element-button\" href=\"https:\/\/bassin-arcachon.com\/de\/unsere-stadte-und-dorfer\/der-teich\/\">Der Teich<\/a><\/div>\n<\/div>\n<\/div>\n\n\n\n<div class=\"wp-block-uagb-container uagb-block-de9108ef\">\n<div class=\"wp-block-uagb-image uagb-block-cd6c8d40 wp-block-uagb-image--layout-default wp-block-uagb-image--effect-static wp-block-uagb-image--align-none\"><figure class=\"wp-block-uagb-image__figure\"><img decoding=\"async\" srcset=\"https:\/\/bassin-arcachon.com\/wp-content\/uploads\/2017\/02\/le-teich_vue-1024x683.jpg \" sizes=\"auto, (max-width: 480px) 150px\" src=\"https:\/\/bassin-arcachon.com\/wp-content\/uploads\/2017\/02\/le-teich_vue-1024x683.jpg\" alt=\"- - Bassin d&#039;Arcachon\" class=\"uag-image-1133\" width=\"1024\" height=\"683\" title=\"- - Bassin d&#039;Arcachon\" loading=\"lazy\"><\/figure><\/div>\n<\/div>\n<\/div><\/div>\n\n\n\n<div style=\"height:40px\" aria-hidden=\"true\" class=\"wp-block-spacer\"><\/div>\n\n\n\n<div class=\"wp-block-uagb-container uagb-block-e807e648 alignfull uagb-is-root-container\">\n<div class=\"wp-block-cover is-light has-parallax\"><span aria-hidden=\"true\" class=\"wp-block-cover__background has-background-dim-0 has-background-dim\"><\/span><div role=\"img\" class=\"wp-block-cover__image-background wp-image-281 has-parallax\" style=\"background-position:50% 50%;background-image:url(https:\/\/bassin-arcachon.com\/wp-content\/uploads\/2017\/02\/section-large-immersive.jpg)\"><\/div><div class=\"wp-block-cover__inner-container is-layout-flow wp-block-cover-is-layout-flow\">\n<div class=\"wp-block-uagb-container uagb-block-85f22a67\">\n<h3 class=\"wp-block-heading has-text-align-center has-white-color has-text-color\" style=\"font-size:45px\">M\u00f6chten Sie lokale Gerichte in idyllischer Umgebung probieren?<\/h3>\n\n\n\n<p class=\"button large plusblanc has-white-color has-text-color\"><a href=\"https:\/\/bassin-arcachon.com\/de\/laden-sie-unsere-anwendung-herunter\/\">Laden Sie unsere mobile App herunter!<\/a><\/p>\n<\/div>\n<\/div><\/div>\n<\/div>\n\n\n\n<div style=\"height:40px\" aria-hidden=\"true\" class=\"wp-block-spacer\"><\/div>\n\n\n\n<div class=\"wp-block-uagb-container uagb-block-375f7760 alignfull uagb-is-root-container\"><div class=\"uagb-container-inner-blocks-wrap\">\n<div class=\"wp-block-uagb-container uagb-block-52a45196\">\n<div class=\"wp-block-uagb-image uagb-block-4d1ef7d2 wp-block-uagb-image--layout-default wp-block-uagb-image--effect-static wp-block-uagb-image--align-none\"><figure class=\"wp-block-uagb-image__figure\"><img decoding=\"async\" srcset=\"https:\/\/bassin-arcachon.com\/wp-content\/uploads\/2018\/07\/Sentier-littoral-de-Lanton.jpg \" sizes=\"auto, (max-width: 480px) 150px\" src=\"https:\/\/bassin-arcachon.com\/wp-content\/uploads\/2018\/07\/Sentier-littoral-de-Lanton.jpg\" alt=\"- - Bassin d&#039;Arcachon\" class=\"uag-image-23939\" width=\"1000\" height=\"666\" title=\"- - Bassin d&#039;Arcachon\" loading=\"lazy\"><\/figure><\/div>\n<\/div>\n\n\n\n<div class=\"wp-block-uagb-container uagb-block-c3c5ba43\">\n<h2 class=\"wp-block-heading\" style=\"font-size:50px\"><a href=\"https:\/\/bassin-arcachon.com\/de\/unsere-stadte-und-dorfer\/herz-des-beckens\/\">Herz von Bassin<\/a><\/h2>\n\n\n\n<p>Sch\u00f6ne Naturr\u00e4ume, eine Gelegenheit, frische Luft zu schnappen. Schlendern Sie durch die D\u00f6rfer Biganos, Audenge, Lanton, Mios oder Marcheprime.<\/p>\n\n\n\n<div class=\"wp-block-buttons is-layout-flex wp-block-buttons-is-layout-flex\">\n<div class=\"wp-block-button\"><a class=\"wp-block-button__link wp-element-button\" href=\"https:\/\/bassin-arcachon.com\/de\/unsere-stadte-und-dorfer\/herz-des-beckens\/\">Herzst\u00fcck des Beckens<\/a><\/div>\n<\/div>\n<\/div>\n<\/div><\/div>\n\n\n\n<div style=\"height:40px\" aria-hidden=\"true\" class=\"wp-block-spacer\"><\/div>\n\n\n\n<div class=\"wp-block-uagb-container uagb-block-9f2fc325 alignfull uagb-is-root-container\"><div class=\"uagb-container-inner-blocks-wrap\">\n<div class=\"wp-block-uagb-container uagb-block-238ce845\">\n<h2 class=\"wp-block-heading\" style=\"font-size:50px\">Andernos-les-Bains<\/h2>\n\n\n\n<p>Andernos ist der beliebteste Ort f\u00fcr vereinende Veranstaltungen! In der Zwischenzeit werden Sie Andernos f\u00fcr seinen Austernhafen, seine Einkaufsstra\u00dfen und seinen langen Pier lieben.<\/p>\n\n\n\n<div class=\"wp-block-buttons is-layout-flex wp-block-buttons-is-layout-flex\">\n<div class=\"wp-block-button\"><a class=\"wp-block-button__link wp-element-button\" href=\"https:\/\/bassin-arcachon.com\/de\/unsere-stadte-und-dorfer\/andernos-die-bader\/\">Andernos-les-Bains<\/a><\/div>\n<\/div>\n<\/div>\n\n\n\n<div class=\"wp-block-uagb-container uagb-block-30654205\">\n<div class=\"wp-block-uagb-image uagb-block-9adff6f9 wp-block-uagb-image--layout-default wp-block-uagb-image--effect-static wp-block-uagb-image--align-none\"><figure class=\"wp-block-uagb-image__figure\"><img decoding=\"async\" srcset=\"https:\/\/bassin-arcachon.com\/wp-content\/uploads\/2018\/04\/jetee-andernos-e1548069968302.jpg ,https:\/\/bassin-arcachon.com\/wp-content\/uploads\/2018\/04\/jetee-andernos-e1548069968302.jpg 780w, https:\/\/bassin-arcachon.com\/wp-content\/uploads\/2018\/04\/jetee-andernos-e1548069968302.jpg 360w\" sizes=\"auto, (max-width: 480px) 150px\" src=\"https:\/\/bassin-arcachon.com\/wp-content\/uploads\/2018\/04\/jetee-andernos-e1548069968302.jpg\" alt=\"Blick vom Pier von Andernos\" class=\"uag-image-19923\" width=\"1000\" height=\"667\" title=\"- - Bassin d&#039;Arcachon\" loading=\"lazy\"><\/figure><\/div>\n<\/div>\n<\/div><\/div>\n\n\n\n<div style=\"height:40px\" aria-hidden=\"true\" class=\"wp-block-spacer\"><\/div>\n\n\n\n<div class=\"wp-block-uagb-container uagb-block-93020d46 alignfull uagb-is-root-container\"><div class=\"uagb-container-inner-blocks-wrap\">\n<div class=\"wp-block-uagb-container uagb-block-57a5e65b\">\n<div class=\"wp-block-uagb-image uagb-block-50d6d643 wp-block-uagb-image--layout-default wp-block-uagb-image--effect-static wp-block-uagb-image--align-none\"><figure class=\"wp-block-uagb-image__figure\"><img decoding=\"async\" srcset=\"https:\/\/bassin-arcachon.com\/wp-content\/uploads\/2020\/07\/pres-sales-ares-17-1024x683.jpg \" sizes=\"auto, (max-width: 480px) 150px\" src=\"https:\/\/bassin-arcachon.com\/wp-content\/uploads\/2020\/07\/pres-sales-ares-17-1024x683.jpg\" alt=\"- - Bassin d&#039;Arcachon\" class=\"uag-image-44400\" width=\"1024\" height=\"683\" title=\"- - Bassin d&#039;Arcachon\" loading=\"lazy\"><\/figure><\/div>\n<\/div>\n\n\n\n<div class=\"wp-block-uagb-container uagb-block-1dcd4587\">\n<h2 class=\"wp-block-heading\" style=\"font-size:50px\">Ares<\/h2>\n\n\n\n<p>Ar\u00e8s grenzt auf der einen Seite an die Bassin und auf der anderen an ein Naturgebiet und ist vor allem das ideale Dorf f\u00fcr Familien, die Aktivit\u00e4ten mit Kindern suchen. Unter den St\u00e4dten des Bassin von Arcachon l\u00e4sst Ar\u00e8s Sie die Intensit\u00e4t eines Familienurlaubs inmitten einer nat\u00fcrlichen Umgebung erleben.<\/p>\n\n\n\n<div class=\"wp-block-buttons is-layout-flex wp-block-buttons-is-layout-flex\">\n<div class=\"wp-block-button\"><a class=\"wp-block-button__link wp-element-button\" href=\"https:\/\/bassin-arcachon.com\/de\/unsere-stadte-und-dorfer\/ares\/\">Ares<\/a><\/div>\n<\/div>\n<\/div>\n<\/div><\/div>\n\n\n\n<div style=\"height:40px\" aria-hidden=\"true\" class=\"wp-block-spacer\"><\/div>\n\n\n\n<div class=\"wp-block-uagb-container uagb-block-8d52cb4b alignfull uagb-is-root-container\"><div class=\"uagb-container-inner-blocks-wrap\">\n<div class=\"wp-block-uagb-container uagb-block-7cd9f098\">\n<h2 class=\"wp-block-heading\" style=\"font-size:50px\">Lege-Cap Frettchen<\/h2>\n\n\n\n<p>25 km trennen L\u00e8ge von der Pointe du Cap Ferret. So viele Orte zum Bummeln, Entdecken Sie die geheimen Ecken dieser emblematischen Halbinsel und entdecken Sie die unvergesslichen Freuden der Kindheit wieder.<\/p>\n\n\n\n<div class=\"wp-block-buttons is-layout-flex wp-block-buttons-is-layout-flex\">\n<div class=\"wp-block-button\"><a class=\"wp-block-button__link wp-element-button\" href=\"https:\/\/bassin-arcachon.com\/de\/unsere-stadte-und-dorfer\/lege-cap-frettchen\/\">Lege-Cap Frettchen<\/a><\/div>\n<\/div>\n<\/div>\n\n\n\n<div class=\"wp-block-uagb-container uagb-block-99f5e7ff\">\n<div class=\"wp-block-uagb-image uagb-block-739a9ee9 wp-block-uagb-image--layout-default wp-block-uagb-image--effect-static wp-block-uagb-image--align-none\"><figure class=\"wp-block-uagb-image__figure\"><img decoding=\"async\" srcset=\"https:\/\/bassin-arcachon.com\/wp-content\/uploads\/2017\/09\/pique-nique-plage-truquette-petit-piquey-1024x683.jpg \" sizes=\"auto, (max-width: 480px) 150px\" src=\"https:\/\/bassin-arcachon.com\/wp-content\/uploads\/2017\/09\/pique-nique-plage-truquette-petit-piquey-1024x683.jpg\" alt=\"- - Bassin d&#039;Arcachon\" class=\"uag-image-9683\" width=\"1024\" height=\"683\" title=\"- - Bassin d&#039;Arcachon\" loading=\"lazy\"><\/figure><\/div>\n<\/div>\n<\/div><\/div>\n\n\n\n<div style=\"height:40px\" aria-hidden=\"true\" class=\"wp-block-spacer\"><\/div>\n\n\n\n<div class=\"wp-block-uagb-container uagb-block-8794d0ca alignfull uagb-is-root-container\">\n<div class=\"wp-block-cover is-light has-parallax\"><span aria-hidden=\"true\" class=\"wp-block-cover__background has-background-dim-0 has-background-dim\"><\/span><div role=\"img\" class=\"wp-block-cover__image-background wp-image-281 has-parallax\" style=\"background-position:50% 50%;background-image:url(https:\/\/bassin-arcachon.com\/wp-content\/uploads\/2017\/02\/section-large-immersive.jpg)\"><\/div><div class=\"wp-block-cover__inner-container is-layout-flow wp-block-cover-is-layout-flow\">\n<div class=\"wp-block-uagb-container uagb-block-a956755b\">\n<h3 class=\"wp-block-heading has-text-align-center has-white-color has-text-color\" style=\"font-size:45px\">M\u00fcssen Sie zwischen den St\u00e4dten des Bassin von Arcachon umziehen?<\/h3>\n\n\n\n<p class=\"button large plusblanc has-white-color has-text-color\"><a href=\"https:\/\/bassin-arcachon.com\/de\/bewegen-sie-sich-im-pool\/\">Einige Hinweise<\/a><\/p>\n<\/div>\n<\/div><\/div>\n<\/div>\n\n\n\n<div style=\"height:40px\" aria-hidden=\"true\" class=\"wp-block-spacer\"><\/div>","protected":false},"excerpt":{"rendered":"<p>Arcachon Lieu d\u2019effervescence pour les vacances, Arcachon est la douce ville baln\u00e9aire o\u00f9 l\u2019on aime fl\u00e2ner le long de ses jet\u00e9es, faire les boutiques du centre-ville et se perdre dans [&hellip;]<\/p>\n","protected":false},"author":25,"featured_media":24021,"parent":0,"menu_order":3,"comment_status":"closed","ping_status":"closed","template":"","meta":{"_acf_changed":false,"_uag_custom_page_level_css":"","footnotes":""},"class_list":["post-29","page","type-page","status-publish","has-post-thumbnail","hentry"],"acf":[],"uagb_featured_image_src":{"full":["https:\/\/bassin-arcachon.com\/wp-content\/uploads\/2018\/07\/Balade-dans-les-ports-de-Gujan-Mestras.jpg",1000,666,false],"thumbnail":["https:\/\/bassin-arcachon.com\/wp-content\/uploads\/2018\/07\/Balade-dans-les-ports-de-Gujan-Mestras-150x150.jpg",150,150,true],"medium":["https:\/\/bassin-arcachon.com\/wp-content\/uploads\/2018\/07\/Balade-dans-les-ports-de-Gujan-Mestras-600x400.jpg",600,400,true],"medium_large":["https:\/\/bassin-arcachon.com\/wp-content\/uploads\/2018\/07\/Balade-dans-les-ports-de-Gujan-Mestras-768x511.jpg",768,511,true],"large":["https:\/\/bassin-arcachon.com\/wp-content\/uploads\/2018\/07\/Balade-dans-les-ports-de-Gujan-Mestras.jpg",1000,666,false],"1536x1536":["https:\/\/bassin-arcachon.com\/wp-content\/uploads\/2018\/07\/Balade-dans-les-ports-de-Gujan-Mestras.jpg",1000,666,false],"2048x2048":["https:\/\/bassin-arcachon.com\/wp-content\/uploads\/2018\/07\/Balade-dans-les-ports-de-Gujan-Mestras.jpg",1000,666,false],"trp-custom-language-flag":["https:\/\/bassin-arcachon.com\/wp-content\/uploads\/2018\/07\/Balade-dans-les-ports-de-Gujan-Mestras-18x12.jpg",18,12,true]},"uagb_author_info":{"display_name":"Marie Clauzel","author_link":"https:\/\/bassin-arcachon.com\/de\/author\/mariesiba\/"},"uagb_comment_info":0,"uagb_excerpt":"Arcachon Lieu d\u2019effervescence pour les vacances, Arcachon est la douce ville baln\u00e9aire o\u00f9 l\u2019on aime fl\u00e2ner le long de ses jet\u00e9es, faire les boutiques du centre-ville et se perdre dans [&hellip;]","_links":{"self":[{"href":"https:\/\/bassin-arcachon.com\/de\/wp-json\/wp\/v2\/pages\/29","targetHints":{"allow":["GET"]}}],"collection":[{"href":"https:\/\/bassin-arcachon.com\/de\/wp-json\/wp\/v2\/pages"}],"about":[{"href":"https:\/\/bassin-arcachon.com\/de\/wp-json\/wp\/v2\/types\/page"}],"author":[{"embeddable":true,"href":"https:\/\/bassin-arcachon.com\/de\/wp-json\/wp\/v2\/users\/25"}],"replies":[{"embeddable":true,"href":"https:\/\/bassin-arcachon.com\/de\/wp-json\/wp\/v2\/comments?post=29"}],"version-history":[{"count":0,"href":"https:\/\/bassin-arcachon.com\/de\/wp-json\/wp\/v2\/pages\/29\/revisions"}],"wp:featuredmedia":[{"embeddable":true,"href":"https:\/\/bassin-arcachon.com\/de\/wp-json\/wp\/v2\/media\/24021"}],"wp:attachment":[{"href":"https:\/\/bassin-arcachon.com\/de\/wp-json\/wp\/v2\/media?parent=29"}],"curies":[{"name":"wp","href":"https:\/\/api.w.org\/{rel}","templated":true}]}}