{"id":333,"date":"2017-03-09T14:29:47","date_gmt":"2017-03-09T13:29:47","guid":{"rendered":"https:\/\/bassin-arcachon.com\/\/?page_id=333"},"modified":"2024-05-13T17:24:50","modified_gmt":"2024-05-13T15:24:50","slug":"herz-des-beckens","status":"publish","type":"page","link":"https:\/\/bassin-arcachon.com\/de\/nos-villes-et-villages\/coeur-du-bassin\/","title":{"rendered":"Herz von Bassin"},"content":{"rendered":"<div class=\"wp-block-uagb-container uagb-block-08d8a051 alignfull uagb-is-root-container\"><div class=\"uagb-container-inner-blocks-wrap\">\n<div class=\"wp-block-uagb-container uagb-block-b8aed989\">\n<div class=\"wp-block-uagb-image uagb-block-a195b4ec wp-block-uagb-image--layout-default wp-block-uagb-image--effect-static wp-block-uagb-image--align-none\"><figure class=\"wp-block-uagb-image__figure\"><img decoding=\"async\" srcset=\"https:\/\/bassin-arcachon.com\/wp-content\/uploads\/2018\/01\/mini-map-coeur-bassin.jpg \" sizes=\"auto, (max-width: 480px) 150px\" src=\"https:\/\/bassin-arcachon.com\/wp-content\/uploads\/2018\/01\/mini-map-coeur-bassin.jpg\" alt=\"- - Bassin d&#039;Arcachon\" class=\"uag-image-12018\" width=\"278\" height=\"278\" title=\"- - Bassin d&#039;Arcachon\" loading=\"lazy\" role=\"img\"><\/figure><\/div>\n\n\n\n<h2 class=\"wp-block-heading\">Herzst\u00fcck von Bassin, von Stadt zu Stadt<\/h2>\n\n\n\n<p class=\"translation-block\">Mit 5 Gemeinden mit besonderem Charme ist das <strong>Herz von Bassin von Arcachon<\/strong> vor allem ein Gebiet mit empfindlichen Naturr\u00e4umen. <strong>Biganos<\/strong> , <strong>Audenge<\/strong> , <strong>Lanton<\/strong> , <strong>Mios<\/strong> und <strong>Marcheprime<\/strong> haben jeweils ihre eigene Pers\u00f6nlichkeit und wir empfehlen Ihnen, sie zu entdecken. Von den <a href=\"https:\/\/bassin-arcachon.com\/de\/unser-wesentliches\/die-gebiete-von-sicherlich-graveyron\/\" target=\"_self\">Anwesen von Certes-Graveyron<\/a> bis zum Leyre-Delta vereint das Herz von Bassin alle Zutaten f\u00fcr einen echten Urlaub!<\/p>\n<\/div>\n\n\n\n<div class=\"wp-block-uagb-container uagb-block-7af08e13\">\n<div class=\"wp-block-uagb-image uagb-block-3b7f861a wp-block-uagb-image--layout-default wp-block-uagb-image--effect-static wp-block-uagb-image--align-none\"><figure class=\"wp-block-uagb-image__figure\"><img decoding=\"async\" srcset=\"https:\/\/bassin-arcachon.com\/wp-content\/uploads\/2017\/02\/domaines-certes-graveyron-1024x683.jpg \" sizes=\"auto, (max-width: 480px) 150px\" src=\"https:\/\/bassin-arcachon.com\/wp-content\/uploads\/2017\/02\/domaines-certes-graveyron-1024x683.jpg\" alt=\"- - Bassin d&#039;Arcachon\" class=\"uag-image-1827\" width=\"1024\" height=\"683\" title=\"- - Bassin d&#039;Arcachon\" loading=\"lazy\" role=\"img\"><\/figure><\/div>\n<\/div>\n<\/div><\/div>\n\n\n\n<div style=\"height:40px\" aria-hidden=\"true\" class=\"wp-block-spacer\"><\/div>\n\n\n\n<div class=\"wp-block-uagb-container uagb-block-b598008d alignfull uagb-is-root-container\"><div class=\"uagb-container-inner-blocks-wrap\">\n<div class=\"wp-block-uagb-container uagb-block-6129fc5c\">\n<div class=\"wp-block-uagb-image uagb-block-fba2c76b wp-block-uagb-image--layout-default wp-block-uagb-image--effect-static wp-block-uagb-image--align-none\"><figure class=\"wp-block-uagb-image__figure\"><img decoding=\"async\" srcset=\"https:\/\/bassin-arcachon.com\/wp-content\/uploads\/2018\/04\/port-de-biganos-e1548076260360.jpg \" sizes=\"auto, (max-width: 480px) 150px\" src=\"https:\/\/bassin-arcachon.com\/wp-content\/uploads\/2018\/04\/port-de-biganos-e1548076260360.jpg\" alt=\"Die bunten H\u00fctten des Hafens von Biganos\" class=\"uag-image-19868\" width=\"1000\" height=\"667\" title=\"- - Bassin d&#039;Arcachon\" loading=\"lazy\" role=\"img\"><\/figure><\/div>\n<\/div>\n\n\n\n<div class=\"wp-block-uagb-container uagb-block-8831d4f0\">\n<h2 class=\"wp-block-heading\">Schlendern Sie durch den Hafen <a href=\"https:\/\/tourisme-coeurdubassin.com\/le-coeur-du-bassin\/nos-communes-au-coeur-du-bassin\/biganos\/\" target=\"_blank\" rel=\"noopener\">Biganos<\/a><\/h2>\n\n\n\n<p>Beginnen Sie Ihren Tag mit einer Entdeckung <a href=\"https:\/\/bassin-arcachon.com\/de\/unser-wesentliches\/austernzuchtdorfer-und-hafen\/\" data-type=\"URL\" data-id=\"https:\/\/bassin-arcachon.com\/nos-incontournables\/les-villages-et-ports-ostreicoles\/\">des Hafens und seiner\u00a0<strong>typische H\u00fctten<\/strong><\/a>\u00a0mitten im Wald. Machen Sie einen Spaziergang durch die Blumenalleen und bewundern Sie die h\u00fcbschen Farben der H\u00fctten entlang der Leyre. Dann machen Sie einen Spaziergang oder eine Kanu-Kajak-Fahrt am Ufer der Leyre. Wenn Sie entlang des Deltas voranschreiten, werden Sie Zeuge der Begegnung zwischen dem S\u00fc\u00dfwasserfluss und dem Bassin mit seinem salzhaltigen Wasser! Und f\u00fcr Austernliebhaber gibt es eine Pause bei Antoine&#039;s (Austernbar am Hafen) oder ein Picknick im Schatten der B\u00e4ume.<\/p>\n<\/div>\n<\/div><\/div>\n\n\n\n<div style=\"height:40px\" aria-hidden=\"true\" class=\"wp-block-spacer\"><\/div>\n\n\n\n<div class=\"wp-block-uagb-container uagb-block-09a758fb alignfull uagb-is-root-container\"><div class=\"uagb-container-inner-blocks-wrap\">\n<div class=\"wp-block-uagb-container uagb-block-5e99eb72\">\n<h2 class=\"wp-block-heading\">Wagen Sie sich an die wilde K\u00fcste von Audenge<\/h2>\n\n\n\n<p>Gehen Sie zum Ostufer des Bassin d&#039;Arcachon f\u00fcr eine 100%-Naturentdeckung! Genie\u00dfen Sie eine Fahrt in der&nbsp;<strong>Sumpf von Mesple<\/strong>&nbsp;in Begleitung von Alexandre, Naturf\u00fchrer, der Ihnen etwas \u00fcber die Fauna und Flora des Sumpfes erz\u00e4hlt. Wenden Sie sich an das Fremdenverkehrsamt C\u0153ur du Bassin, um die Geheimnisse des Marais de Mesple zu entdecken!<\/p>\n\n\n\n<p>Gehen Sie zur Essenszeit ins&nbsp;<strong>Audenge Austernhafen<\/strong>&nbsp;um ein paar frische Austern zu probieren! Wenn Sie Lust haben, k\u00f6nnen Sie im Sommer das Meerwasser-Schwimmbad genie\u00dfen, das sich an der Hafeneinfahrt befindet. Ideal bei Ebbe!<\/p>\n\n\n\n<p>Verl\u00e4ngern Sie diesen Tag mit einem Spaziergang in der&nbsp;<strong>Gewissheits- und Graveyron-Dom\u00e4nen<\/strong>. Wenn Sie genau hinschauen, k\u00f6nnen Sie das Gl\u00fcck haben, mehrere Vogelarten zu sehen!<\/p>\n<\/div>\n\n\n\n<div class=\"wp-block-uagb-container uagb-block-277ae073\">\t\t\t\t\t<div\n\t\t\t\t\t\tclass=\"wp-block-uagb-image-gallery uagb-block-4b163a47\"\n\t\t\t\t\t\tstyle=\"\"\n\t\t\t\t\t>\n\t\t\t\t\t\t\t\t\t\t\t<div class=\"spectra-image-gallery spectra-image-gallery__layout--carousel\">\n\t\t\t\t\t\t\t\t<div class=\"uagb-slick-carousel uagb-block-4b163a47\">\n\t\t\t\t\t\t\t\t\t\t\t\t<div class='spectra-image-gallery__media-wrapper' data-spectra-gallery-image-id='23934'>\n\t\t\t\t\t\t\t<div class=\"spectra-image-gallery__media spectra-image-gallery__media--carousel\">\n\t\t\t\t<picture>\n\t\t\t\t\t<source media=\"(min-width: 1024px)\" srcset=\"https:\/\/bassin-arcachon.com\/wp-content\/uploads\/2018\/07\/marais-de-Mesple-Audenge-1024x768.jpg\">\n\t\t\t\t\t<source media=\"(min-width: 768px)\" srcset=\"https:\/\/bassin-arcachon.com\/wp-content\/uploads\/2018\/07\/marais-de-Mesple-Audenge-1024x768.jpg\">\n\t\t\t\t\t<img decoding=\"async\" class=\"spectra-image-gallery__media-thumbnail spectra-image-gallery__media-thumbnail--carousel\" src=\"https:\/\/bassin-arcachon.com\/wp-content\/uploads\/2018\/07\/marais-de-Mesple-Audenge-300x225.jpg\" alt=\"- - Bassin d&#039;Arcachon\" loading=\"lazy\" title=\"- - Bassin d&#039;Arcachon\">\n\t\t\t\t<\/picture>\n\t\t\t\t<div class=\"spectra-image-gallery__media-thumbnail-blurrer\"><\/div>\n\t\t\t\t\t\t\t\t\t\t\t<div class=\"spectra-image-gallery__media-thumbnail-caption-wrapper spectra-image-gallery__media-thumbnail-caption-wrapper--overlay\"><\/div>\n\t\t\t\t\t\t\t\t<\/div>\n\t\t\t\t\t\t<\/div>\n\t\t\t\t\t\t<div class='spectra-image-gallery__media-wrapper' data-spectra-gallery-image-id='23932'>\n\t\t\t\t\t\t\t<div class=\"spectra-image-gallery__media spectra-image-gallery__media--carousel\">\n\t\t\t\t<picture>\n\t\t\t\t\t<source media=\"(min-width: 1024px)\" srcset=\"https:\/\/bassin-arcachon.com\/wp-content\/uploads\/2018\/07\/Balade-dans-le-port-Audenge.jpg\">\n\t\t\t\t\t<source media=\"(min-width: 768px)\" srcset=\"https:\/\/bassin-arcachon.com\/wp-content\/uploads\/2018\/07\/Balade-dans-le-port-Audenge.jpg\">\n\t\t\t\t\t<img decoding=\"async\" class=\"spectra-image-gallery__media-thumbnail spectra-image-gallery__media-thumbnail--carousel\" src=\"https:\/\/bassin-arcachon.com\/wp-content\/uploads\/2018\/07\/Balade-dans-le-port-Audenge-300x200.jpg\" alt=\"- - Bassin d&#039;Arcachon\" loading=\"lazy\" title=\"- - Bassin d&#039;Arcachon\">\n\t\t\t\t<\/picture>\n\t\t\t\t<div class=\"spectra-image-gallery__media-thumbnail-blurrer\"><\/div>\n\t\t\t\t\t\t\t\t\t\t\t<div class=\"spectra-image-gallery__media-thumbnail-caption-wrapper spectra-image-gallery__media-thumbnail-caption-wrapper--overlay\"><\/div>\n\t\t\t\t\t\t\t\t<\/div>\n\t\t\t\t\t\t<\/div>\n\t\t\t\t\t\t\t\t\t\t\t<\/div>\n\t\t\t\t\t\t\t<\/div>\n\t\t\t\t\t\t\t\t\t\t\t<\/div>\n\t\t\t\t\t\t\t\t\t<\/div>\n<\/div><\/div>\n\n\n\n<div style=\"height:40px\" aria-hidden=\"true\" class=\"wp-block-spacer\"><\/div>\n\n\n\n<div class=\"wp-block-uagb-container uagb-block-b19f7007 alignfull uagb-is-root-container\">\n<div class=\"wp-block-cover is-light has-parallax\"><span aria-hidden=\"true\" class=\"wp-block-cover__background has-background-dim-0 has-background-dim\"><\/span><div class=\"wp-block-cover__image-background wp-image-23808 has-parallax\" style=\"background-position:50% 50%;background-image:url(https:\/\/bassin-arcachon.com\/wp-content\/uploads\/2017\/02\/Domaine-de-Certes-Audenge.jpg)\"><\/div><div class=\"wp-block-cover__inner-container is-layout-flow wp-block-cover-is-layout-flow\">\n<h2 class=\"wp-block-heading has-text-align-center has-white-color has-text-color has-background has-large-font-size\" style=\"background-color:#000000b3\">Im Herzen von Bassin ist die Natur die K\u00f6nigin, und wir sind ihre G\u00e4ste<\/h2>\n<\/div><\/div>\n<\/div>\n\n\n\n<div style=\"height:40px\" aria-hidden=\"true\" class=\"wp-block-spacer\"><\/div>\n\n\n\n<div class=\"wp-block-uagb-container uagb-block-86287f6d alignfull uagb-is-root-container\"><div class=\"uagb-container-inner-blocks-wrap\">\n<div class=\"wp-block-uagb-container uagb-block-847cc855\">\n<h2 class=\"wp-block-heading\">Schlendern Sie zwischen Land und Meer in Lanton<\/h2>\n\n\n\n<p>Diese unber\u00fchrte K\u00fcste inmitten der Pinien l\u00e4dt zur Entspannung ein. F\u00fcr einen Moment in der Natur nehmen Sie vom Schwimmbad aus den K\u00fcstenweg bis zur Spitze von Branne in der Domaine de Certes. Die Aussicht ist herrlich! Machen Sie im Juli-August eine Seekajaktour, die vom Hafen von Cassy abf\u00e4hrt, um die maritime Seite des C\u0153ur du Bassin zu entdecken. Nach diesen Kurzurlauben ist es Zeit f\u00fcr ein Bad am Suzette-Strand oder am Hauptstrand von Taussat-les-Bains (Schwimmen m\u00f6glich bei&nbsp;<a href=\"https:\/\/bassin-arcachon.com\/de\/gezeitenzeiten\/\">Flut<\/a>&nbsp;einmalig).<\/p>\n<\/div>\n\n\n\n<div class=\"wp-block-uagb-container uagb-block-98c04d8d\">\n<div class=\"wp-block-uagb-image uagb-block-cfca5c97 wp-block-uagb-image--layout-default wp-block-uagb-image--effect-static wp-block-uagb-image--align-none\"><figure class=\"wp-block-uagb-image__figure\"><img decoding=\"async\" srcset=\"https:\/\/bassin-arcachon.com\/wp-content\/uploads\/2018\/07\/Sentier-littoral-de-Lanton.jpg \" sizes=\"auto, (max-width: 480px) 150px\" src=\"https:\/\/bassin-arcachon.com\/wp-content\/uploads\/2018\/07\/Sentier-littoral-de-Lanton.jpg\" alt=\"- - Bassin d&#039;Arcachon\" class=\"uag-image-23939\" width=\"1000\" height=\"666\" title=\"- - Bassin d&#039;Arcachon\" loading=\"lazy\" role=\"img\"><\/figure><\/div>\n<\/div>\n<\/div><\/div>\n\n\n\n<div style=\"height:40px\" aria-hidden=\"true\" class=\"wp-block-spacer\"><\/div>\n\n\n\n<div class=\"wp-block-uagb-container uagb-block-2339b3ef alignfull uagb-is-root-container\"><div class=\"uagb-container-inner-blocks-wrap\">\n<div class=\"wp-block-uagb-container uagb-block-b6b5fc4f\">\n<div class=\"wp-block-uagb-image uagb-block-2198f9b5 wp-block-uagb-image--layout-default wp-block-uagb-image--effect-static wp-block-uagb-image--align-none\"><figure class=\"wp-block-uagb-image__figure\"><img decoding=\"async\" srcset=\"https:\/\/bassin-arcachon.com\/wp-content\/uploads\/2018\/07\/Parcours-dans-les-arbres-bassin-arcachon.jpg \" sizes=\"auto, (max-width: 480px) 150px\" src=\"https:\/\/bassin-arcachon.com\/wp-content\/uploads\/2018\/07\/Parcours-dans-les-arbres-bassin-arcachon.jpg\" alt=\"- - Bassin d&#039;Arcachon\" class=\"uag-image-23942\" width=\"1000\" height=\"665\" title=\"- - Bassin d&#039;Arcachon\" loading=\"lazy\" role=\"img\"><\/figure><\/div>\n<\/div>\n\n\n\n<div class=\"wp-block-uagb-container uagb-block-2907e35c\">\n<h2 class=\"wp-block-heading\">Mios und Marcheprime<\/h2>\n\n\n\n<p>F\u00fcr Nervenkitzel-Suchende ist Mios etwas, um Sie zu besch\u00e4ftigen! Erklimmen Sie die Baumkronen nach einem Baumkletterparcours (<a href=\"https:\/\/parcours-acrobatique-t-en-leyre.fr\/\" target=\"_blank\" rel=\"noreferrer noopener\">T in Leyre<\/a>), sich in einen Parcours aus aufblasbaren Strukturen katapultieren lassen, Wasserski fahren mit einem Skilift, Wakeboard oder Paddel (<a href=\"http:\/\/lakecity.fr\/\" target=\"_blank\" rel=\"noreferrer noopener\">Seestadt<\/a> Wo <a href=\"https:\/\/lakecity.fr\/aquapark\/\" target=\"_blank\" rel=\"noopener\">Wasserpark33)<\/a>. Es ist auch m\u00f6glich, der Leyre zu Fu\u00df oder mit dem Boot zu folgen.<br>G\u00f6nnen Sie sich abends eine Show oder eine Kinosession im \u201e&nbsp;<a href=\"http:\/\/www.la-caravelle-marcheprime.fr\/\" target=\"_blank\" rel=\"noreferrer noopener\">Die Karavelle<\/a>&nbsp;&quot;.<\/p>\n<\/div>\n<\/div><\/div>\n\n\n\n<div style=\"height:40px\" aria-hidden=\"true\" class=\"wp-block-spacer\"><\/div>","protected":false},"excerpt":{"rendered":"<p>C\u0153ur du Bassin, de ville en ville Avec 5 communes au charme particulier, le&nbsp;C\u0153ur du Bassin d\u2019Arcachon&nbsp;est surtout un territoire aux espaces naturels fragiles. Biganos,&nbsp;Audenge,&nbsp;Lanton,&nbsp;Mios&nbsp;et&nbsp;Marcheprime poss\u00e8dent chacune leur personnalit\u00e9 et [&hellip;]<\/p>\n","protected":false},"author":25,"featured_media":23939,"parent":29,"menu_order":5,"comment_status":"closed","ping_status":"closed","template":"","meta":{"_acf_changed":false,"_uag_custom_page_level_css":"","footnotes":""},"class_list":["post-333","page","type-page","status-publish","has-post-thumbnail","hentry"],"acf":[],"uagb_featured_image_src":{"full":["https:\/\/bassin-arcachon.com\/wp-content\/uploads\/2018\/07\/Sentier-littoral-de-Lanton.jpg",1000,666,false],"thumbnail":["https:\/\/bassin-arcachon.com\/wp-content\/uploads\/2018\/07\/Sentier-littoral-de-Lanton-150x150.jpg",150,150,true],"medium":["https:\/\/bassin-arcachon.com\/wp-content\/uploads\/2018\/07\/Sentier-littoral-de-Lanton-600x400.jpg",600,400,true],"medium_large":["https:\/\/bassin-arcachon.com\/wp-content\/uploads\/2018\/07\/Sentier-littoral-de-Lanton-768x511.jpg",768,511,true],"large":["https:\/\/bassin-arcachon.com\/wp-content\/uploads\/2018\/07\/Sentier-littoral-de-Lanton.jpg",1000,666,false],"1536x1536":["https:\/\/bassin-arcachon.com\/wp-content\/uploads\/2018\/07\/Sentier-littoral-de-Lanton.jpg",1000,666,false],"2048x2048":["https:\/\/bassin-arcachon.com\/wp-content\/uploads\/2018\/07\/Sentier-littoral-de-Lanton.jpg",1000,666,false],"trp-custom-language-flag":["https:\/\/bassin-arcachon.com\/wp-content\/uploads\/2018\/07\/Sentier-littoral-de-Lanton-18x12.jpg",18,12,true]},"uagb_author_info":{"display_name":"Marie Clauzel","author_link":"https:\/\/bassin-arcachon.com\/de\/author\/mariesiba\/"},"uagb_comment_info":0,"uagb_excerpt":"C\u0153ur du Bassin, de ville en ville Avec 5 communes au charme particulier, le&nbsp;C\u0153ur du Bassin d\u2019Arcachon&nbsp;est surtout un territoire aux espaces naturels fragiles. Biganos,&nbsp;Audenge,&nbsp;Lanton,&nbsp;Mios&nbsp;et&nbsp;Marcheprime poss\u00e8dent chacune leur personnalit\u00e9 et [&hellip;]","_links":{"self":[{"href":"https:\/\/bassin-arcachon.com\/de\/wp-json\/wp\/v2\/pages\/333","targetHints":{"allow":["GET"]}}],"collection":[{"href":"https:\/\/bassin-arcachon.com\/de\/wp-json\/wp\/v2\/pages"}],"about":[{"href":"https:\/\/bassin-arcachon.com\/de\/wp-json\/wp\/v2\/types\/page"}],"author":[{"embeddable":true,"href":"https:\/\/bassin-arcachon.com\/de\/wp-json\/wp\/v2\/users\/25"}],"replies":[{"embeddable":true,"href":"https:\/\/bassin-arcachon.com\/de\/wp-json\/wp\/v2\/comments?post=333"}],"version-history":[{"count":0,"href":"https:\/\/bassin-arcachon.com\/de\/wp-json\/wp\/v2\/pages\/333\/revisions"}],"up":[{"embeddable":true,"href":"https:\/\/bassin-arcachon.com\/de\/wp-json\/wp\/v2\/pages\/29"}],"wp:featuredmedia":[{"embeddable":true,"href":"https:\/\/bassin-arcachon.com\/de\/wp-json\/wp\/v2\/media\/23939"}],"wp:attachment":[{"href":"https:\/\/bassin-arcachon.com\/de\/wp-json\/wp\/v2\/media?parent=333"}],"curies":[{"name":"wp","href":"https:\/\/api.w.org\/{rel}","templated":true}]}}