{"id":339,"date":"2017-03-09T14:31:37","date_gmt":"2017-03-09T13:31:37","guid":{"rendered":"https:\/\/bassin-arcachon.com\/\/?page_id=339"},"modified":"2024-12-13T10:58:13","modified_gmt":"2024-12-13T09:58:13","slug":"andernos-die-bader","status":"publish","type":"page","link":"https:\/\/bassin-arcachon.com\/de\/nos-villes-et-villages\/andernos-les-bains\/","title":{"rendered":"Andernos-les-Bains"},"content":{"rendered":"<div class=\"wp-block-uagb-container uagb-block-93e7943d alignfull uagb-is-root-container\"><div class=\"uagb-container-inner-blocks-wrap\">\n<div class=\"wp-block-uagb-container uagb-block-23f06e02\">\n<div class=\"wp-block-uagb-image uagb-block-52ed65b7 wp-block-uagb-image--layout-default wp-block-uagb-image--effect-static wp-block-uagb-image--align-none\"><figure class=\"wp-block-uagb-image__figure\"><img decoding=\"async\" srcset=\"https:\/\/bassin-arcachon.com\/wp-content\/uploads\/2017\/03\/mini-map-andernos.jpg \" sizes=\"auto, (max-width: 480px) 150px\" src=\"https:\/\/bassin-arcachon.com\/wp-content\/uploads\/2017\/03\/mini-map-andernos.jpg\" alt=\"- - Bassin d&#039;Arcachon\" class=\"uag-image-1911\" width=\"278\" height=\"278\" title=\"- - Bassin d&#039;Arcachon\" loading=\"lazy\" role=\"img\"><\/figure><\/div>\n\n\n\n<h2 class=\"wp-block-heading\">Andernos-les-Bains<\/h2>\n\n\n\n<p>Mit seinem gro\u00dfen Pier, seinem Austernhafen, seinen Naturr\u00e4umen, seinen Str\u00e4nden und seiner lebendigen Stadt,&nbsp;<strong>Andernos-les-Bains<\/strong>&nbsp;hat alles N\u00f6tige f\u00fcr einen echten Urlaub mit Freunden und Familie! <br>Du suchst nach <a href=\"https:\/\/bassin-arcachon.com\/de\/wo-schlafen\/hotels\/anders\/\">Hotel<\/a>, <a href=\"https:\/\/bassin-arcachon.com\/de\/wo-schlafen\/vermietungen\/anders\/\">eine Ferienwohnung<\/a>, <a href=\"https:\/\/bassin-arcachon.com\/de\/wo-schlafen\/camping\/anders\/\">ein Campingplatz<\/a> Wo <a href=\"https:\/\/bassin-arcachon.com\/de\/wo-schlafen\/gastezimmer\/anders\/\" data-type=\"link\" data-id=\"https:\/\/bassin-arcachon.com\/ou-dormir\/chambres-hotes\/andernos\/\">ein G\u00e4stehaus<\/a>Andernos-les-Bains ist der ideale Badeort f\u00fcr Ferienunterk\u00fcnfte.<\/p>\n<\/div>\n\n\n\n<div class=\"wp-block-uagb-container uagb-block-7e8a9914\">\n<div class=\"wp-block-uagb-image uagb-block-a129df15 wp-block-uagb-image--layout-default wp-block-uagb-image--effect-static wp-block-uagb-image--align-none\"><figure class=\"wp-block-uagb-image__figure\"><img decoding=\"async\" srcset=\"https:\/\/bassin-arcachon.com\/wp-content\/uploads\/2023\/01\/andernos-velo-SIBA-agence-les-conteurs-112-scaled-683x1024.jpg \" sizes=\"auto, (max-width: 480px) 150px\" src=\"https:\/\/bassin-arcachon.com\/wp-content\/uploads\/2023\/01\/andernos-velo-SIBA-agence-les-conteurs-112-scaled-683x1024.jpg\" alt=\"- - Bassin d&#039;Arcachon\" class=\"uag-image-53651\" width=\"683\" height=\"1024\" title=\"- - Bassin d&#039;Arcachon\" loading=\"lazy\" role=\"img\"><\/figure><\/div>\n<\/div>\n<\/div><\/div>\n\n\n\n<div style=\"height:40px\" aria-hidden=\"true\" class=\"wp-block-spacer\"><\/div>\n\n\n\n<div class=\"wp-block-uagb-container uagb-block-c30762ba alignfull uagb-is-root-container\"><div class=\"uagb-container-inner-blocks-wrap\">\n<div class=\"wp-block-uagb-container uagb-block-c57f602d\">\n<div class=\"wp-block-uagb-image uagb-block-6209834a wp-block-uagb-image--layout-default wp-block-uagb-image--effect-static wp-block-uagb-image--align-none\"><figure class=\"wp-block-uagb-image__figure\"><img decoding=\"async\" srcset=\"https:\/\/bassin-arcachon.com\/wp-content\/uploads\/2018\/07\/Jetee-andernos-les-bains-balade-en-famille.jpg \" sizes=\"auto, (max-width: 480px) 150px\" src=\"https:\/\/bassin-arcachon.com\/wp-content\/uploads\/2018\/07\/Jetee-andernos-les-bains-balade-en-famille.jpg\" alt=\"- - Bassin d&#039;Arcachon\" class=\"uag-image-23917\" width=\"1000\" height=\"666\" title=\"- - Bassin d&#039;Arcachon\" loading=\"lazy\" role=\"img\"><\/figure><\/div>\n<\/div>\n\n\n\n<div class=\"wp-block-uagb-container uagb-block-39e8a21f\">\n<h2 class=\"wp-block-heading\">Schlendern Sie am Pier entlang, dem l\u00e4ngsten Frankreichs<\/h2>\n\n\n\n<p><br>Gehen Sie das entlang&nbsp;<strong>232 m lange Seebr\u00fccke<\/strong>, Kamera in der Hand. Machen Sie einen Spaziergang bis zu seinem Ende, um die Aussicht auf die Zinnen und die Boote zu bewundern und die V\u00f6gel zu beobachten. Entdecken Sie es auch bei Sonnenuntergang! Schlendern Sie in der N\u00e4he des Piers entlang des Strandboulevards, um unsere Sch\u00f6nheit zu sehen&nbsp;<strong><a href=\"https:\/\/bassin-arcachon.com\/de\/wo-schlafen\/vermietungen\/anders\/\">Landh\u00e4user<\/a><\/strong>&nbsp;: die sch\u00f6ne Andernosiennes.<\/p>\n<\/div>\n<\/div><\/div>\n\n\n\n<div style=\"height:40px\" aria-hidden=\"true\" class=\"wp-block-spacer\"><\/div>\n\n\n\n<div class=\"wp-block-uagb-container uagb-block-20fba992 alignfull uagb-is-root-container\"><div class=\"uagb-container-inner-blocks-wrap\">\n<div class=\"wp-block-uagb-container uagb-block-f7ec523a\">\n<h2 class=\"wp-block-heading\">Schlendern Sie durch den Austernhafen<\/h2>\n\n\n\n<p>Nutzen Sie die Feiertage, um durch die blumigen Gassen der zu schlendern&nbsp;<a href=\"https:\/\/bassin-arcachon.com\/de\/unser-wesentliches\/austernzuchtdorfer-und-hafen\/\">Austernhafen<\/a> von Andernos-les-Bains. Hier haben die H\u00fctten alle unterschiedliche Farben.<\/p>\n\n\n\n<p>Setzen Sie sich zum Mittagessen an einen Tisch, um eine gute Meeresfr\u00fcchteplatte zu genie\u00dfen, oder am Ufer, um das Kommen und Gehen der Austernz\u00fcchter zu beobachten, die in den Hafen zur\u00fcckkehren. <\/p>\n\n\n\n<p>\u00d6ffnen Sie in der N\u00e4he die T\u00fcr zum<a href=\"https:\/\/www.gironde-tourisme.fr\/patrimoine-culturel\/eglise-saint-eloi\/\" data-type=\"URL\" data-id=\"https:\/\/www.gironde-tourisme.fr\/patrimoine-culturel\/eglise-saint-eloi\/\" target=\"_blank\" rel=\"noopener\"><strong>Kirche St. Eloi<\/strong>&nbsp;<\/a>aus dem 11. Jahrhundert: pr\u00e4chtige Friese und Wandmalereien. <\/p>\n\n\n\n<p>Dann machen Sie eine Pause in der&nbsp;<strong>\u00dcberreste einer gallo-r\u00f6mischen Villa<\/strong>&nbsp;aus dem 4. Jahrhundert.<\/p>\n<\/div>\n\n\n\n<div class=\"wp-block-uagb-container uagb-block-93b7e89f\">\n<div class=\"wp-block-uagb-image uagb-block-452f8197 wp-block-uagb-image--layout-default wp-block-uagb-image--effect-static wp-block-uagb-image--align-none\"><figure class=\"wp-block-uagb-image__figure\"><img decoding=\"async\" srcset=\"https:\/\/bassin-arcachon.com\/wp-content\/uploads\/2022\/10\/andernos-huitres-SIBA-agence-les-conteurs-36-1536x1536-1-1024x1024.jpg \" sizes=\"auto, (max-width: 480px) 150px\" src=\"https:\/\/bassin-arcachon.com\/wp-content\/uploads\/2022\/10\/andernos-huitres-SIBA-agence-les-conteurs-36-1536x1536-1-1024x1024.jpg\" alt=\"- - Bassin d&#039;Arcachon\" class=\"uag-image-51611\" width=\"1024\" height=\"1024\" title=\"- - Bassin d&#039;Arcachon\" loading=\"lazy\" role=\"img\"><\/figure><\/div>\n<\/div>\n<\/div><\/div>\n\n\n\n<div style=\"height:40px\" aria-hidden=\"true\" class=\"wp-block-spacer\"><\/div>\n\n\n\n<div class=\"wp-block-uagb-container uagb-block-4934205d alignfull uagb-is-root-container\"><div class=\"uagb-container-inner-blocks-wrap\">\n<h3 class=\"wp-block-heading\">Die Natur erkunden\u2026<\/h3>\n\n\n\n<p>Entdecken Sie ab dem Austernhafen eine der Naturst\u00e4tten des Bassin d&#039;Arcachon, die\u00a0<strong>Domaine St-Brice-Les Quinconces-Le Coulin<\/strong>. Wenn Sie dem K\u00fcstenweg folgen, haben Sie von Pointe des Quinconces aus einen Blick auf die gesamte Bassin. Eine kleine Ecke, die den Einheimischen gut bekannt ist. Im Norden \u00fcberqueren wir den Fluss Cir\u00e8s und erreichen den h\u00fcbschen Strand La Conche de Saint Brice\u00a0<a href=\"https:\/\/bassin-arcachon.com\/de\/unsere-stadte-und-dorfer\/ares\/\">Ares<\/a>.<\/p>\n\n\n\n<figure class=\"wp-block-gallery has-nested-images columns-3 is-cropped wp-block-gallery-1 is-layout-flex wp-block-gallery-is-layout-flex\">\n<figure class=\"wp-block-image size-large\"><img loading=\"lazy\" decoding=\"async\" width=\"1024\" height=\"768\" data-id=\"47498\" src=\"https:\/\/bassin-arcachon.com\/wp-content\/uploads\/2020\/09\/5-QuinconcescAng\u00e9lique-Saget-scaled-1024x768.jpg\" alt=\"- - Bassin d&#039;Arcachon\" class=\"wp-image-47498\" title=\"- - Bassin d&#039;Arcachon\" srcset=\"\" sizes=\"auto, (max-width: 1024px) 100vw, 1024px\" data-srcset=\"\" \/><\/figure>\n\n\n\n<figure class=\"wp-block-image size-large\"><img loading=\"lazy\" decoding=\"async\" width=\"1024\" height=\"683\" data-id=\"42974\" src=\"https:\/\/bassin-arcachon.com\/wp-content\/uploads\/2020\/03\/andernos-velo-SIBA-agence-les-conteurs-64-1024x683.jpg\" alt=\"- - Bassin d&#039;Arcachon\" class=\"wp-image-42974\" title=\"- - Bassin d&#039;Arcachon\" srcset=\"https:\/\/bassin-arcachon.com\/wp-content\/uploads\/2020\/03\/andernos-velo-SIBA-agence-les-conteurs-64-1024x683.jpg 1024w, https:\/\/bassin-arcachon.com\/wp-content\/uploads\/2020\/03\/andernos-velo-SIBA-agence-les-conteurs-64-600x400.jpg 600w, https:\/\/bassin-arcachon.com\/wp-content\/uploads\/2020\/03\/andernos-velo-SIBA-agence-les-conteurs-64-768x512.jpg 768w, https:\/\/bassin-arcachon.com\/wp-content\/uploads\/2020\/03\/andernos-velo-SIBA-agence-les-conteurs-64-18x12.jpg 18w, https:\/\/bassin-arcachon.com\/wp-content\/uploads\/2020\/03\/andernos-velo-SIBA-agence-les-conteurs-64.jpg 1200w\" sizes=\"auto, (max-width: 1024px) 100vw, 1024px\" \/><\/figure>\n\n\n\n<figure class=\"wp-block-image size-large\"><img loading=\"lazy\" decoding=\"async\" width=\"1024\" height=\"683\" data-id=\"46829\" src=\"https:\/\/bassin-arcachon.com\/wp-content\/uploads\/2020\/06\/andernos-quinconces-SIBA-agence-les-conteurs-39-1024x683.jpg\" alt=\"- - Bassin d&#039;Arcachon\" class=\"wp-image-46829\" title=\"- - Bassin d&#039;Arcachon\" srcset=\"https:\/\/bassin-arcachon.com\/wp-content\/uploads\/2020\/06\/andernos-quinconces-SIBA-agence-les-conteurs-39-1024x683.jpg 1024w, https:\/\/bassin-arcachon.com\/wp-content\/uploads\/2020\/06\/andernos-quinconces-SIBA-agence-les-conteurs-39-600x400.jpg 600w, https:\/\/bassin-arcachon.com\/wp-content\/uploads\/2020\/06\/andernos-quinconces-SIBA-agence-les-conteurs-39-768x512.jpg 768w, https:\/\/bassin-arcachon.com\/wp-content\/uploads\/2020\/06\/andernos-quinconces-SIBA-agence-les-conteurs-39-18x12.jpg 18w, https:\/\/bassin-arcachon.com\/wp-content\/uploads\/2020\/06\/andernos-quinconces-SIBA-agence-les-conteurs-39.jpg 1200w\" sizes=\"auto, (max-width: 1024px) 100vw, 1024px\" \/><\/figure>\n<\/figure>\n<\/div><\/div>\n\n\n\n<div style=\"height:40px\" aria-hidden=\"true\" class=\"wp-block-spacer\"><\/div>\n\n\n\n<div class=\"wp-block-uagb-container uagb-block-58548285 alignfull uagb-is-root-container\"><div class=\"uagb-container-inner-blocks-wrap\">\n<figure class=\"wp-block-pullquote\" style=\"border-radius:0px;border-top-style:none;border-top-width:0px;border-right-style:none;border-right-width:0px;border-bottom-style:none;border-bottom-width:0px;border-left-width:2px\"><blockquote><p>G\u00f6nnen Sie sich eine Gourmetpause in der N\u00e4he des Piers von Andernos!<\/p><\/blockquote><\/figure>\n<\/div><\/div>\n\n\n\n<div style=\"height:20px\" aria-hidden=\"true\" class=\"wp-block-spacer\"><\/div>\n\n\n\n<div class=\"wp-block-uagb-container uagb-block-d858886b alignfull uagb-is-root-container\"><div class=\"uagb-container-inner-blocks-wrap\">\n<div class=\"wp-block-uagb-container uagb-block-cba1005c\">\n<div class=\"wp-block-uagb-image uagb-block-1c60eea1 wp-block-uagb-image--layout-default wp-block-uagb-image--effect-static wp-block-uagb-image--align-none\"><figure class=\"wp-block-uagb-image__figure\"><img decoding=\"async\" srcset=\"https:\/\/bassin-arcachon.com\/wp-content\/uploads\/2023\/01\/Festival-de-Jazz-a-Andernos.jpg \" sizes=\"auto, (max-width: 480px) 150px\" src=\"https:\/\/bassin-arcachon.com\/wp-content\/uploads\/2023\/01\/Festival-de-Jazz-a-Andernos.jpg\" alt=\"- - Bassin d&#039;Arcachon\" class=\"uag-image-53659\" width=\"603\" height=\"444\" title=\"- - Bassin d&#039;Arcachon\" loading=\"lazy\" role=\"img\"><\/figure><\/div>\n<\/div>\n\n\n\n<div class=\"wp-block-uagb-container uagb-block-44c37fb5\">\n<h2 class=\"wp-block-heading\">Lebe im Rhythmus der Animationen<\/h2>\n\n\n\n<p>Lassen Sie sich Tag und Nacht und vor allem das ganze Jahr \u00fcber von der Atmosph\u00e4re der Stadt Andernos-les-Bains mitrei\u00dfen!<\/p>\n\n\n\n<p>Auf der Esplanade des Piers,&nbsp;<strong>Animation<\/strong>&nbsp;folgen im Sommer jeden Abend aufeinander.&nbsp;<a href=\"https:\/\/bassin-arcachon.com\/de\/agenda-ausfluge-markte\/\" target=\"_blank\" rel=\"noreferrer noopener\">Konsultieren Sie den Veranstaltungskalender<\/a>&nbsp;! Und f\u00fcr Liebhaber von&nbsp;<strong>Einkaufen<\/strong>, die Gesch\u00e4fte von Andernos-les-Bains sind das ganze Jahr \u00fcber ge\u00f6ffnet und im Sommer jeden Abend! Wir Einheimischen lieben sie!<\/p>\n<\/div>\n<\/div><\/div>\n\n\n\n<div style=\"height:40px\" aria-hidden=\"true\" class=\"wp-block-spacer\"><\/div>\n\n\n\n<div class=\"wp-block-uagb-container uagb-block-0d08e2bf alignfull uagb-is-root-container\"><div class=\"uagb-container-inner-blocks-wrap\">\n<div class=\"wp-block-uagb-container uagb-block-93fd5562\">\n<h2 class=\"wp-block-heading\">Versinken in den Esteys\u2026<\/h2>\n\n\n\n<p>Machen Sie sich bei Ebbe auf den Weg, um das K\u00fcstenvorland auf der Suche nach Herzmuscheln, Krabben und Muscheln zu entdecken... Achten Sie darauf, die Mindestgr\u00f6\u00dfe der Schalentiere einzuhalten, um einen dauerhaften Schutz dieser empfindlichen Umwelt zu gew\u00e4hrleisten: Lineale sind im Fremdenverkehrsamt erh\u00e4ltlich.<\/p>\n<\/div>\n\n\n\n<div class=\"wp-block-uagb-container uagb-block-c9e92521\">\n<div class=\"wp-block-uagb-image uagb-block-279bb207 wp-block-uagb-image--layout-default wp-block-uagb-image--effect-static wp-block-uagb-image--align-none\"><figure class=\"wp-block-uagb-image__figure\"><img decoding=\"async\" srcset=\"https:\/\/bassin-arcachon.com\/wp-content\/uploads\/2020\/07\/Peche-a-pied-Bassin-dArcachon-1024x683-1.jpg \" sizes=\"auto, (max-width: 480px) 150px\" src=\"https:\/\/bassin-arcachon.com\/wp-content\/uploads\/2020\/07\/Peche-a-pied-Bassin-dArcachon-1024x683-1.jpg\" alt=\"- - Bassin d&#039;Arcachon\" class=\"uag-image-44390\" width=\"1024\" height=\"683\" title=\"- - Bassin d&#039;Arcachon\" loading=\"lazy\" role=\"img\"><\/figure><\/div>\n<\/div>\n<\/div><\/div>\n\n\n\n<div style=\"height:40px\" aria-hidden=\"true\" class=\"wp-block-spacer\"><\/div>\n\n\n\n<div class=\"wp-block-uagb-container uagb-block-25c6622c alignfull uagb-is-root-container\"><div class=\"uagb-container-inner-blocks-wrap\">\n<div class=\"wp-block-uagb-container uagb-block-da2ba761\">\n<div class=\"wp-block-uagb-image uagb-block-224ed929 wp-block-uagb-image--layout-default wp-block-uagb-image--effect-static wp-block-uagb-image--align-none\"><figure class=\"wp-block-uagb-image__figure\"><img decoding=\"async\" srcset=\"https:\/\/bassin-arcachon.com\/wp-content\/uploads\/2018\/07\/Plage-du-Betey-a-Andernos-les-Bains-1024x683.jpg \" sizes=\"auto, (max-width: 480px) 150px\" src=\"https:\/\/bassin-arcachon.com\/wp-content\/uploads\/2018\/07\/Plage-du-Betey-a-Andernos-les-Bains-1024x683.jpg\" alt=\"- - Bassin d&#039;Arcachon\" class=\"uag-image-23907\" width=\"1024\" height=\"683\" title=\"- - Bassin d&#039;Arcachon\" loading=\"lazy\" role=\"img\"><\/figure><\/div>\n<\/div>\n\n\n\n<div class=\"wp-block-uagb-container uagb-block-4f83e3f7\">\n<h3 class=\"wp-block-heading\">Entspannen an den Str\u00e4nden<\/h3>\n\n\n\n<p>Das sind auch die Feiertage! Nehmen Sie ein Eis in der \u00f6rtlichen Eisdiele und faulenzen Sie am Rand des Strandes mit dem Pl\u00e4tschern des Wassers im Hintergrund. HAT&nbsp;<strong>Andernos-les-Bains<\/strong>, haben Sie die Wahl zwischen Quinconces-Strand, Austernhafen-Strand, B\u00e9tey-Strand und Jet\u00e9e-Strand.<\/p>\n\n\n\n<p>Kinder werden es lieben&nbsp;<strong>Betey-Strand<\/strong>&nbsp;mit seinen Schaukeln und vielen Strandaktivit\u00e4ten!<\/p>\n<\/div>\n<\/div><\/div>\n\n\n\n<div style=\"height:40px\" aria-hidden=\"true\" class=\"wp-block-spacer\"><\/div>","protected":false},"excerpt":{"rendered":"<p>Andernos-les-Bains Avec sa grande jet\u00e9e, son port ostr\u00e9icole, ses espaces naturels, ses plages et sa ville anim\u00e9e,&nbsp;Andernos-les-Bains&nbsp;poss\u00e8de tous les indispensables pour vivre de vraies vacances entre amis et en famille&nbsp;! [&hellip;]<\/p>\n","protected":false},"author":25,"featured_media":19923,"parent":29,"menu_order":6,"comment_status":"closed","ping_status":"closed","template":"","meta":{"_acf_changed":false,"_uag_custom_page_level_css":"","footnotes":""},"class_list":["post-339","page","type-page","status-publish","has-post-thumbnail","hentry"],"acf":[],"uagb_featured_image_src":{"full":["https:\/\/bassin-arcachon.com\/wp-content\/uploads\/2018\/04\/jetee-andernos-e1548069968302.jpg",1000,667,false],"thumbnail":["https:\/\/bassin-arcachon.com\/wp-content\/uploads\/2018\/04\/jetee-andernos-e1548069968302-150x150.jpg",150,150,true],"medium":["https:\/\/bassin-arcachon.com\/wp-content\/uploads\/2018\/04\/jetee-andernos-e1548069968302-600x400.jpg",600,400,true],"medium_large":["https:\/\/bassin-arcachon.com\/wp-content\/uploads\/2018\/04\/jetee-andernos-e1548069968302-768x512.jpg",768,512,true],"large":["https:\/\/bassin-arcachon.com\/wp-content\/uploads\/2018\/04\/jetee-andernos-e1548069968302.jpg",1000,667,false],"1536x1536":["https:\/\/bassin-arcachon.com\/wp-content\/uploads\/2018\/04\/jetee-andernos-e1548069968302.jpg",1000,667,false],"2048x2048":["https:\/\/bassin-arcachon.com\/wp-content\/uploads\/2018\/04\/jetee-andernos-e1548069968302.jpg",1000,667,false],"trp-custom-language-flag":["https:\/\/bassin-arcachon.com\/wp-content\/uploads\/2018\/04\/jetee-andernos-e1548069968302-18x12.jpg",18,12,true]},"uagb_author_info":{"display_name":"Marie Clauzel","author_link":"https:\/\/bassin-arcachon.com\/de\/author\/mariesiba\/"},"uagb_comment_info":0,"uagb_excerpt":"Andernos-les-Bains Avec sa grande jet\u00e9e, son port ostr\u00e9icole, ses espaces naturels, ses plages et sa ville anim\u00e9e,&nbsp;Andernos-les-Bains&nbsp;poss\u00e8de tous les indispensables pour vivre de vraies vacances entre amis et en famille&nbsp;! [&hellip;]","_links":{"self":[{"href":"https:\/\/bassin-arcachon.com\/de\/wp-json\/wp\/v2\/pages\/339","targetHints":{"allow":["GET"]}}],"collection":[{"href":"https:\/\/bassin-arcachon.com\/de\/wp-json\/wp\/v2\/pages"}],"about":[{"href":"https:\/\/bassin-arcachon.com\/de\/wp-json\/wp\/v2\/types\/page"}],"author":[{"embeddable":true,"href":"https:\/\/bassin-arcachon.com\/de\/wp-json\/wp\/v2\/users\/25"}],"replies":[{"embeddable":true,"href":"https:\/\/bassin-arcachon.com\/de\/wp-json\/wp\/v2\/comments?post=339"}],"version-history":[{"count":2,"href":"https:\/\/bassin-arcachon.com\/de\/wp-json\/wp\/v2\/pages\/339\/revisions"}],"predecessor-version":[{"id":118616,"href":"https:\/\/bassin-arcachon.com\/de\/wp-json\/wp\/v2\/pages\/339\/revisions\/118616"}],"up":[{"embeddable":true,"href":"https:\/\/bassin-arcachon.com\/de\/wp-json\/wp\/v2\/pages\/29"}],"wp:featuredmedia":[{"embeddable":true,"href":"https:\/\/bassin-arcachon.com\/de\/wp-json\/wp\/v2\/media\/19923"}],"wp:attachment":[{"href":"https:\/\/bassin-arcachon.com\/de\/wp-json\/wp\/v2\/media?parent=339"}],"curies":[{"name":"wp","href":"https:\/\/api.w.org\/{rel}","templated":true}]}}