{"id":342,"date":"2017-03-09T14:32:51","date_gmt":"2017-03-09T13:32:51","guid":{"rendered":"https:\/\/bassin-arcachon.com\/\/?page_id=342"},"modified":"2024-05-13T12:36:32","modified_gmt":"2024-05-13T10:36:32","slug":"lege-cap-frettchen","status":"publish","type":"page","link":"https:\/\/bassin-arcachon.com\/de\/nos-villes-et-villages\/lege-cap-ferret\/","title":{"rendered":"Lege-Cap Frettchen"},"content":{"rendered":"<div class=\"wp-block-uagb-container uagb-block-608f027c alignfull uagb-is-root-container\"><div class=\"uagb-container-inner-blocks-wrap\">\n<div class=\"wp-block-uagb-container uagb-block-b68abdb1\">\n<div class=\"wp-block-uagb-image uagb-block-1df32a0c wp-block-uagb-image--layout-default wp-block-uagb-image--effect-static wp-block-uagb-image--align-none\"><figure class=\"wp-block-uagb-image__figure\"><img decoding=\"async\" srcset=\"https:\/\/bassin-arcachon.com\/wp-content\/uploads\/2017\/09\/mini-map-lege.jpg \" sizes=\"auto, (max-width: 480px) 150px\" src=\"https:\/\/bassin-arcachon.com\/wp-content\/uploads\/2017\/09\/mini-map-lege.jpg\" alt=\"- - Bassin d&#039;Arcachon\" class=\"uag-image-9672\" width=\"278\" height=\"278\" title=\"- - Bassin d&#039;Arcachon\" loading=\"lazy\" role=\"img\"><\/figure><\/div>\n\n\n\n<h2 class=\"wp-block-heading\">L\u00e8ge-Cap Ferret und Kindheitserinnerungen<\/h2>\n\n\n\n<p>Vom Himmel aus betrachtet scheint diese Halbinsel das Bassin von Arcachon liebevoll zu umgeben. Mit den F\u00fc\u00dfen auf dem Boden, die 10 D\u00f6rfer, die L\u00e8ge-Cap Ferret bilden, sind alle Einladungen, die Ferien in Ihrem eigenen Tempo zu genie\u00dfen, sich die Zeit zu nehmen, nichts zu tun oder alles auf einmal zu tun ...<\/p>\n\n\n\n<p>Denn auch das ist der wahre Urlaub!<\/p>\n<\/div>\n\n\n\n<div class=\"wp-block-uagb-container uagb-block-f1ff5419\">\t\t\t\t\t<div\n\t\t\t\t\t\tclass=\"wp-block-uagb-image-gallery uagb-block-24031e8c\"\n\t\t\t\t\t\tstyle=\"\"\n\t\t\t\t\t>\n\t\t\t\t\t\t\t\t\t\t\t<div class=\"spectra-image-gallery spectra-image-gallery__layout--grid spectra-image-gallery__layout--grid-col-1 spectra-image-gallery__layout--grid-col-tab-1 spectra-image-gallery__layout--grid-col-mob-1\">\n\t\t\t\t\t\t\t\t\t\t\t<div class='spectra-image-gallery__media-wrapper' data-spectra-gallery-image-id='1737' tabindex=\"0\">\n\t\t\t\t\t\t\t<div class=\"spectra-image-gallery__media spectra-image-gallery__media--grid\">\n\t\t\t\t<picture>\n\t\t\t\t\t<source media=\"(min-width: 1024px)\" srcset=\"https:\/\/bassin-arcachon.com\/wp-content\/uploads\/2017\/02\/balade-ocean-noel-1024x683.jpg\">\n\t\t\t\t\t<source media=\"(min-width: 768px)\" srcset=\"https:\/\/bassin-arcachon.com\/wp-content\/uploads\/2017\/02\/balade-ocean-noel-1024x683.jpg\">\n\t\t\t\t\t<img decoding=\"async\" class=\"spectra-image-gallery__media-thumbnail spectra-image-gallery__media-thumbnail--grid\" src=\"https:\/\/bassin-arcachon.com\/wp-content\/uploads\/2017\/02\/balade-ocean-noel-300x200.jpg\" alt=\"- - Bassin d&#039;Arcachon\" loading=\"lazy\" title=\"- - Bassin d&#039;Arcachon\">\n\t\t\t\t<\/picture>\n\t\t\t\t<div class=\"spectra-image-gallery__media-thumbnail-blurrer\"><\/div>\n\t\t\t\t\t\t\t\t\t\t\t<div class=\"spectra-image-gallery__media-thumbnail-caption-wrapper spectra-image-gallery__media-thumbnail-caption-wrapper--overlay\"><\/div>\n\t\t\t\t\t\t\t\t<\/div>\n\t\t\t\t\t\t<\/div>\n\t\t\t\t\t\t\t\t\t\t<\/div>\n\t\t\t\t\t\t\t\t\t\t\t\t\t\t\t\t\t\t<\/div>\n\t\t\t\t\t\t\t\t\t<\/div>\n<\/div><\/div>\n\n\n\n<div style=\"height:40px\" aria-hidden=\"true\" class=\"wp-block-spacer\"><\/div>\n\n\n\n<div class=\"wp-block-uagb-container uagb-block-38ac36db alignfull uagb-is-root-container\"><div class=\"uagb-container-inner-blocks-wrap\">\n<div class=\"wp-block-uagb-container uagb-block-7d987f6f\">\n<div class=\"wp-block-uagb-image uagb-block-9eb9b940 wp-block-uagb-image--layout-default wp-block-uagb-image--effect-static wp-block-uagb-image--align-none\"><figure class=\"wp-block-uagb-image__figure\"><img decoding=\"async\" srcset=\"https:\/\/bassin-arcachon.com\/wp-content\/uploads\/2017\/11\/velo-cap-ferret-SIBA-agence-les-conteurs-29-1024x683.jpg \" sizes=\"auto, (max-width: 480px) 150px\" src=\"https:\/\/bassin-arcachon.com\/wp-content\/uploads\/2017\/11\/velo-cap-ferret-SIBA-agence-les-conteurs-29-1024x683.jpg\" alt=\"- - Bassin d&#039;Arcachon\" class=\"uag-image-10687\" width=\"1024\" height=\"683\" title=\"- - Bassin d&#039;Arcachon\" loading=\"lazy\" role=\"img\"><\/figure><\/div>\n<\/div>\n\n\n\n<div class=\"wp-block-uagb-container uagb-block-08d7781a\">\n<h3 class=\"wp-block-heading\">Anreise mit dem Fahrrad nach Pointe du Cap Ferret<\/h3>\n\n\n\n<p>An Radwegen mangelt es in L\u00e8ge-Cap Ferret nicht. Steigen Sie von Claouey oder einem der D\u00f6rfer aus auf das Fahrrad, Sie k\u00f6nnen die Pointe du Cap Ferret leicht erreichen, indem Sie durch h\u00fcbsche Ecken der Natur fahren. Um das Beste aus dem Tag zu machen, z\u00f6gern Sie nicht, so schnell wie m\u00f6glich einen Fu\u00df an Land zu setzen, ein paar Austern zu probieren, Ihre F\u00fc\u00dfe ins Wasser zu stecken oder auf ein wohlverdientes Eis anzuhalten!<\/p>\n<\/div>\n<\/div><\/div>\n\n\n\n<div style=\"height:40px\" aria-hidden=\"true\" class=\"wp-block-spacer\"><\/div>\n\n\n\n<div class=\"wp-block-uagb-container uagb-block-79b0f52e alignfull uagb-is-root-container\"><div class=\"uagb-container-inner-blocks-wrap\">\n<div class=\"wp-block-uagb-container uagb-block-4aa57d52\">\n<h3 class=\"wp-block-heading\">Bewundern Sie die Aussicht vom Cap Ferret Lighthouse<\/h3>\n\n\n\n<p>Wenn Sie zum ersten Mal zum Bassin in Arcachon kommen, m\u00fcssen Sie unbedingt auf die Spitze des klettern&nbsp;<a href=\"https:\/\/bassin-arcachon.com\/de\/unser-wesentliches\/der-leuchtturm-und-die-spitze-von-cap-ferret\/\">Cap Ferret Leuchtturm<\/a>. Auf diese Weise k\u00f6nnen Sie das Ausma\u00df des Bassin und seine unterschiedlichen Sichtweisen messen! Sie werden sehen, auch wenn Sie mehrmals zur\u00fcckkehren, gibt es immer wieder Landschaften, die wir wiederentdecken.<\/p>\n<\/div>\n\n\n\n<div class=\"wp-block-uagb-container uagb-block-c94f6b43\">\n<div class=\"wp-block-uagb-image uagb-block-b1ff78cf wp-block-uagb-image--layout-default wp-block-uagb-image--effect-static wp-block-uagb-image--align-none\"><figure class=\"wp-block-uagb-image__figure\"><img decoding=\"async\" srcset=\"https:\/\/bassin-arcachon.com\/wp-content\/uploads\/2020\/03\/phare-du-cap-ferret-1024x683.jpg \" sizes=\"auto, (max-width: 480px) 150px\" src=\"https:\/\/bassin-arcachon.com\/wp-content\/uploads\/2020\/03\/phare-du-cap-ferret-1024x683.jpg\" alt=\"- - Bassin d&#039;Arcachon\" class=\"uag-image-42976\" width=\"1024\" height=\"683\" title=\"- - Bassin d&#039;Arcachon\" loading=\"lazy\" role=\"img\"><\/figure><\/div>\n<\/div>\n<\/div><\/div>\n\n\n\n<div style=\"height:40px\" aria-hidden=\"true\" class=\"wp-block-spacer\"><\/div>\n\n\n\n<div class=\"wp-block-uagb-container uagb-block-829041f6 alignfull uagb-is-root-container\"><div class=\"uagb-container-inner-blocks-wrap\">\n<figure class=\"wp-block-pullquote\" style=\"border-radius:0px;border-top-style:none;border-top-width:0px;border-right-style:none;border-right-width:0px;border-bottom-style:none;border-bottom-width:0px;border-left-width:2px\"><blockquote><p>Das Vergn\u00fcgen eines echten Urlaubs, alles zu tun oder nichts zu tun, aber in Ihrem eigenen Tempo!<\/p><\/blockquote><\/figure>\n<\/div><\/div>\n\n\n\n<div style=\"height:20px\" aria-hidden=\"true\" class=\"wp-block-spacer\"><\/div>\n\n\n\n<div class=\"wp-block-uagb-container uagb-block-8b524f5f alignfull uagb-is-root-container\"><div class=\"uagb-container-inner-blocks-wrap\">\n<div class=\"wp-block-uagb-container uagb-block-56d01f60\">\n<div class=\"wp-block-uagb-image uagb-block-a3b02c86 wp-block-uagb-image--layout-default wp-block-uagb-image--effect-static wp-block-uagb-image--align-none\"><figure class=\"wp-block-uagb-image__figure\"><img decoding=\"async\" srcset=\"https:\/\/bassin-arcachon.com\/wp-content\/uploads\/2017\/03\/pointe-aux-chevaux-hiver-1024x683.jpg \" sizes=\"auto, (max-width: 480px) 150px\" src=\"https:\/\/bassin-arcachon.com\/wp-content\/uploads\/2017\/03\/pointe-aux-chevaux-hiver-1024x683.jpg\" alt=\"- - Bassin d&#039;Arcachon\" class=\"uag-image-10684\" width=\"1024\" height=\"683\" title=\"- - Bassin d&#039;Arcachon\" loading=\"lazy\" role=\"img\"><\/figure><\/div>\n<\/div>\n\n\n\n<div class=\"wp-block-uagb-container uagb-block-09ba0835\">\n<h3 class=\"wp-block-heading\">La Pointe aux Chevaux: Panorama der Ile aux Oiseaux<\/h3>\n\n\n\n<p><a href=\"https:\/\/bassin-arcachon.com\/de\/unser-wesentliches\/die-tchanquee-kabinen\/\" data-type=\"page\" data-id=\"127\">Vogelinsel<\/a> kann auf verschiedene Weise entdeckt werden: mit dem Seekajak, mit dem Boot... Und f\u00fcr ein \u201ePostkartenfoto\u201c gehen Sie zur Pointe aux Chevaux. Von hier aus haben Sie den sch\u00f6nsten Blick auf diesen magischen Ort. Gehen Sie dann die Treppe hinunter und unternehmen Sie einen Spaziergang im Dorf Petit Piquey. Vergessen Sie nicht, einige K\u00f6stlichkeiten zu probieren, wie z&nbsp;<a href=\"https:\/\/dunesblanches.fr\/\" target=\"_blank\" rel=\"noopener\">Wei\u00dfe D\u00fcnen von Chez Pascal.<\/a><\/p>\n<\/div>\n<\/div><\/div>\n\n\n\n<div style=\"height:40px\" aria-hidden=\"true\" class=\"wp-block-spacer\"><\/div>\n\n\n\n<div class=\"wp-block-uagb-container uagb-block-12e88341 alignfull uagb-is-root-container\"><div class=\"uagb-container-inner-blocks-wrap\">\n<div class=\"wp-block-uagb-container uagb-block-7db9a849\">\n<h3 class=\"wp-block-heading\">Die Str\u00e4nde des Ozeans<\/h3>\n\n\n\n<p>Das Gl\u00fcck der Wellen! In L\u00e8ge-Cap Ferret haben Sie die Wahl zwischen den ruhigen und bezaubernden Str\u00e4nden auf der Bassin-Seite oder denen auf der Atlantikseite. Es gibt 4 davon: Grand Crohot Beach, Horizon Beach, erreichbar \u00fcber einen&nbsp;<a href=\"https:\/\/bassin-arcachon.com\/de\/was-zu-tun-ist\/en-tribu-entre-jeunes\/\">kleiner Zug<\/a>&nbsp;die Kinder lieben, der Strand von Truc Vert oder die Garonne.<\/p>\n\n\n\n<p>So viele M\u00f6glichkeiten, jeden Tag in den Ferien, oder fast, den Platz zu wechseln!<\/p>\n<\/div>\n\n\n\n<div class=\"wp-block-uagb-container uagb-block-567d6e21\">\n<div class=\"wp-block-uagb-image uagb-block-5288d8b6 wp-block-uagb-image--layout-default wp-block-uagb-image--effect-static wp-block-uagb-image--align-none\"><figure class=\"wp-block-uagb-image__figure\"><img decoding=\"async\" srcset=\"https:\/\/bassin-arcachon.com\/wp-content\/uploads\/2017\/11\/plage-horizon-balade-hiver-24-1024x683.jpg \" sizes=\"auto, (max-width: 480px) 150px\" src=\"https:\/\/bassin-arcachon.com\/wp-content\/uploads\/2017\/11\/plage-horizon-balade-hiver-24-1024x683.jpg\" alt=\"- - Bassin d&#039;Arcachon\" class=\"uag-image-10688\" width=\"1024\" height=\"683\" title=\"- - Bassin d&#039;Arcachon\" loading=\"lazy\" role=\"img\"><\/figure><\/div>\n<\/div>\n<\/div><\/div>\n\n\n\n<div style=\"height:40px\" aria-hidden=\"true\" class=\"wp-block-spacer\"><\/div>\n\n\n\n<div class=\"wp-block-uagb-container uagb-block-2952884b alignfull uagb-is-root-container\"><div class=\"uagb-container-inner-blocks-wrap\">\n<div class=\"wp-block-uagb-container uagb-block-a4ac9f2b\">\n<div class=\"wp-block-uagb-image uagb-block-336e8c72 wp-block-uagb-image--layout-default wp-block-uagb-image--effect-static wp-block-uagb-image--align-none\"><figure class=\"wp-block-uagb-image__figure\"><img decoding=\"async\" srcset=\"https:\/\/bassin-arcachon.com\/wp-content\/uploads\/2017\/12\/gilberte-with-love-3-1024x683.jpg \" sizes=\"auto, (max-width: 480px) 150px\" src=\"https:\/\/bassin-arcachon.com\/wp-content\/uploads\/2017\/12\/gilberte-with-love-3-1024x683.jpg\" alt=\"- - Bassin d&#039;Arcachon\" class=\"uag-image-11594\" width=\"1024\" height=\"683\" title=\"- - Bassin d&#039;Arcachon\" loading=\"lazy\" role=\"img\"><\/figure><\/div>\n<\/div>\n\n\n\n<div class=\"wp-block-uagb-container uagb-block-207e3b34\">\n<h3 class=\"wp-block-heading\">Von Laden zu Laden in Piquey<\/h3>\n\n\n\n<p>Wenn Sie gerne in den Dekorationsgesch\u00e4ften spazieren gehen, begeben Sie sich auf die Stra\u00dfe von Bordeaux nach Grand Piquey in einem der 4 Gesch\u00e4fte, die den Einheimischen bekannt sind.<\/p>\n\n\n\n<p>In der N\u00e4he werden Sie auch Antiquit\u00e4ten in Petit Piquey lieben. Etwas, um ein Andenken an Arcachons Bassin zur\u00fcckzubringen.<\/p>\n<\/div>\n<\/div><\/div>\n\n\n\n<div style=\"height:40px\" aria-hidden=\"true\" class=\"wp-block-spacer\"><\/div>\n\n\n\n<div class=\"wp-block-uagb-container uagb-block-992c4271 alignfull uagb-is-root-container\"><div class=\"uagb-container-inner-blocks-wrap\">\n<div class=\"wp-block-uagb-container uagb-block-0ae9a2e1\">\n<h3 class=\"wp-block-heading\">Eine Fahrt in einer Pinasse auf der Bassin von Arcachon<\/h3>\n\n\n\n<p>Wie man die Feiertage f\u00fcr a nicht genie\u00dft&nbsp;<a href=\"https:\/\/bassin-arcachon.com\/de\/was-zu-tun-ist\/auf-das-wasser\/\">Bootsausflug&nbsp;<\/a>? Nachdem Sie die Austernz\u00fcchterd\u00f6rfer zu Fu\u00df durchquert haben, ist dies eine Gelegenheit, sie anders als beim Bassin zu entdecken.<\/p>\n\n\n\n<p>Ob Sommer oder Winter, Sie werden von den wechselnden Farben der Landschaft \u00fcberrascht sein, eine Freude zum Fotografieren.<\/p>\n<\/div>\n\n\n\n<div class=\"wp-block-uagb-container uagb-block-e1f217e5\">\n<div class=\"wp-block-uagb-image uagb-block-2c381640 wp-block-uagb-image--layout-default wp-block-uagb-image--effect-static wp-block-uagb-image--align-none\"><figure class=\"wp-block-uagb-image__figure\"><img decoding=\"async\" srcset=\"https:\/\/bassin-arcachon.com\/wp-content\/uploads\/2017\/02\/balade-pinasse-lege-cap-ferret-60-1024x683.jpg \" sizes=\"auto, (max-width: 480px) 150px\" src=\"https:\/\/bassin-arcachon.com\/wp-content\/uploads\/2017\/02\/balade-pinasse-lege-cap-ferret-60-1024x683.jpg\" alt=\"- - Bassin d&#039;Arcachon\" class=\"uag-image-10706\" width=\"1024\" height=\"683\" title=\"- - Bassin d&#039;Arcachon\" loading=\"lazy\" role=\"img\"><\/figure><\/div>\n<\/div>\n<\/div><\/div>\n\n\n\n<div style=\"height:40px\" aria-hidden=\"true\" class=\"wp-block-spacer\"><\/div>\n\n\n\n<div class=\"wp-block-uagb-container uagb-block-4848d61a alignfull uagb-is-root-container\"><div class=\"uagb-container-inner-blocks-wrap\">\n<div class=\"wp-block-uagb-container uagb-block-2ec528d1\">\n<div class=\"wp-block-uagb-image uagb-block-523a3f7f wp-block-uagb-image--layout-default wp-block-uagb-image--effect-static wp-block-uagb-image--align-none\"><figure class=\"wp-block-uagb-image__figure\"><img decoding=\"async\" srcset=\"https:\/\/bassin-arcachon.com\/wp-content\/uploads\/2017\/03\/marche-cap-ferret-1024x683.jpg \" sizes=\"auto, (max-width: 480px) 150px\" src=\"https:\/\/bassin-arcachon.com\/wp-content\/uploads\/2017\/03\/marche-cap-ferret-1024x683.jpg\" alt=\"- - Bassin d&#039;Arcachon\" class=\"uag-image-1761\" width=\"1024\" height=\"683\" title=\"- - Bassin d&#039;Arcachon\" loading=\"lazy\" role=\"img\"><\/figure><\/div>\n<\/div>\n\n\n\n<div class=\"wp-block-uagb-container uagb-block-d175779c\">\n<h3 class=\"wp-block-heading\">Der Markt von Cap Ferret<\/h3>\n\n\n\n<p>Am Morgen, nach einem guten Fr\u00fchst\u00fcck auf der Terrasse, nehmen Sie den Korb zum Markt von Cap Ferret!<\/p>\n\n\n\n<p>Hier werden Sie die Atmosph\u00e4re und vor allem die St\u00e4nde lieben. Es gibt nat\u00fcrlich Obst und Gem\u00fcse, aber auch viele H\u00e4ndler, die Schmuck, Kleidung, Bettw\u00e4sche oder Modeaccessoires anbieten.<\/p>\n<\/div>\n<\/div><\/div>\n\n\n\n<div style=\"height:40px\" aria-hidden=\"true\" class=\"wp-block-spacer\"><\/div>\n\n\n\n<div class=\"wp-block-uagb-container uagb-block-b5e5d07b alignfull uagb-is-root-container\"><div class=\"uagb-container-inner-blocks-wrap\">\n<div class=\"wp-block-uagb-container uagb-block-f52dd6d9\">\n<div class=\"wp-block-uagb-image uagb-block-ff08cbeb wp-block-uagb-image--layout-default wp-block-uagb-image--effect-static wp-block-uagb-image--align-none\"><figure class=\"wp-block-uagb-image__figure\"><img decoding=\"async\" srcset=\"https:\/\/bassin-arcachon.com\/wp-content\/uploads\/2018\/09\/nourri-a-lhu\u00eetre-\u00e9lev\u00e9-sous-les-pins-Bassin-dArcachon.jpg 1000w, https:\/\/bassin-arcachon.com\/wp-content\/uploads\/2018\/09\/nourri-a-lhu\u00eetre-\u00e9lev\u00e9-sous-les-pins-Bassin-dArcachon-600x400.jpg 600w, https:\/\/bassin-arcachon.com\/wp-content\/uploads\/2018\/09\/nourri-a-lhu\u00eetre-\u00e9lev\u00e9-sous-les-pins-Bassin-dArcachon-768x511.jpg 768w, https:\/\/bassin-arcachon.com\/wp-content\/uploads\/2018\/09\/nourri-a-lhu\u00eetre-\u00e9lev\u00e9-sous-les-pins-Bassin-dArcachon-18x12.jpg 18w\" sizes=\"auto, (max-width: 480px) 150px\" src=\"https:\/\/bassin-arcachon.com\/wp-content\/uploads\/2018\/09\/nourri-a-lhu\u00eetre-\u00e9lev\u00e9-sous-les-pins-Bassin-dArcachon.jpg\" alt=\"- - Bassin d&#039;Arcachon\" class=\"uag-image-26169\" width=\"1000\" height=\"666\" title=\"- - Bassin d&#039;Arcachon\" loading=\"lazy\" role=\"img\"><\/figure><\/div>\n<\/div>\n\n\n\n<div class=\"wp-block-uagb-container uagb-block-93f7acec\">\n<h4 class=\"wp-block-heading\">Unsere n\u00fctzlichen Links zur Vorbereitung Ihres Urlaubs in L\u00e8ge-Cap Ferret<\/h4>\n\n\n\n<p><a href=\"https:\/\/bassin-arcachon.com\/de\/wo-schlafen\/camping\/lege-cap-frettchen\/\">Ein Campingplatz<\/a>,\u00a0<a href=\"https:\/\/bassin-arcachon.com\/de\/wo-schlafen\/vermietung-von-bed-breakfasts\/mutzenfrettchen\/\">ein Bett und Fr\u00fchst\u00fcck<\/a>,\u00a0<a href=\"https:\/\/bassin-arcachon.com\/de\/wo-schlafen\/hotels\/mutzenfrettchen\/\">Hotel<\/a>,\u00a0<a href=\"https:\/\/bassin-arcachon.com\/de\/agenda-ausfluge-markte\/die-markte-von-lege-cap-ferret\/\">die M\u00e4rkte der Halbinsel<\/a>,\u00a0<a href=\"https:\/\/bassin-arcachon.com\/de\/laden-sie-unsere-anwendung-herunter\/\">Restaurants in L\u00e8ge Cap Ferret.<\/a><\/p>\n<\/div>\n<\/div><\/div>\n\n\n\n<div style=\"height:40px\" aria-hidden=\"true\" class=\"wp-block-spacer\"><\/div>","protected":false},"excerpt":{"rendered":"<p>L\u00e8ge-Cap Ferret et les souvenirs de l\u2019enfance Vue du ciel, cette presqu\u2019\u00eele semble entourer affectueusement le Bassin d\u2019Arcachon. Les pieds sur terre, les 10 villages qui composent L\u00e8ge-Cap Ferret sont [&hellip;]<\/p>\n","protected":false},"author":25,"featured_media":1769,"parent":29,"menu_order":8,"comment_status":"closed","ping_status":"closed","template":"","meta":{"_acf_changed":false,"_uag_custom_page_level_css":"","footnotes":""},"class_list":["post-342","page","type-page","status-publish","has-post-thumbnail","hentry"],"acf":[],"uagb_featured_image_src":{"full":["https:\/\/bassin-arcachon.com\/wp-content\/uploads\/2017\/03\/pique-nique-plage-truquette-petit-piquey.jpg",1200,800,false],"thumbnail":["https:\/\/bassin-arcachon.com\/wp-content\/uploads\/2017\/03\/pique-nique-plage-truquette-petit-piquey-150x150.jpg",150,150,true],"medium":["https:\/\/bassin-arcachon.com\/wp-content\/uploads\/2017\/03\/pique-nique-plage-truquette-petit-piquey-600x400.jpg",600,400,true],"medium_large":["https:\/\/bassin-arcachon.com\/wp-content\/uploads\/2017\/03\/pique-nique-plage-truquette-petit-piquey-768x512.jpg",768,512,true],"large":["https:\/\/bassin-arcachon.com\/wp-content\/uploads\/2017\/03\/pique-nique-plage-truquette-petit-piquey-1024x683.jpg",1024,683,true],"1536x1536":["https:\/\/bassin-arcachon.com\/wp-content\/uploads\/2017\/03\/pique-nique-plage-truquette-petit-piquey.jpg",1200,800,false],"2048x2048":["https:\/\/bassin-arcachon.com\/wp-content\/uploads\/2017\/03\/pique-nique-plage-truquette-petit-piquey.jpg",1200,800,false],"trp-custom-language-flag":["https:\/\/bassin-arcachon.com\/wp-content\/uploads\/2017\/03\/pique-nique-plage-truquette-petit-piquey-18x12.jpg",18,12,true]},"uagb_author_info":{"display_name":"Marie Clauzel","author_link":"https:\/\/bassin-arcachon.com\/de\/author\/mariesiba\/"},"uagb_comment_info":0,"uagb_excerpt":"L\u00e8ge-Cap Ferret et les souvenirs de l\u2019enfance Vue du ciel, cette presqu\u2019\u00eele semble entourer affectueusement le Bassin d\u2019Arcachon. Les pieds sur terre, les 10 villages qui composent L\u00e8ge-Cap Ferret sont [&hellip;]","_links":{"self":[{"href":"https:\/\/bassin-arcachon.com\/de\/wp-json\/wp\/v2\/pages\/342","targetHints":{"allow":["GET"]}}],"collection":[{"href":"https:\/\/bassin-arcachon.com\/de\/wp-json\/wp\/v2\/pages"}],"about":[{"href":"https:\/\/bassin-arcachon.com\/de\/wp-json\/wp\/v2\/types\/page"}],"author":[{"embeddable":true,"href":"https:\/\/bassin-arcachon.com\/de\/wp-json\/wp\/v2\/users\/25"}],"replies":[{"embeddable":true,"href":"https:\/\/bassin-arcachon.com\/de\/wp-json\/wp\/v2\/comments?post=342"}],"version-history":[{"count":0,"href":"https:\/\/bassin-arcachon.com\/de\/wp-json\/wp\/v2\/pages\/342\/revisions"}],"up":[{"embeddable":true,"href":"https:\/\/bassin-arcachon.com\/de\/wp-json\/wp\/v2\/pages\/29"}],"wp:featuredmedia":[{"embeddable":true,"href":"https:\/\/bassin-arcachon.com\/de\/wp-json\/wp\/v2\/media\/1769"}],"wp:attachment":[{"href":"https:\/\/bassin-arcachon.com\/de\/wp-json\/wp\/v2\/media?parent=342"}],"curies":[{"name":"wp","href":"https:\/\/api.w.org\/{rel}","templated":true}]}}