{"id":398,"date":"2017-03-14T08:39:01","date_gmt":"2017-03-14T07:39:01","guid":{"rendered":"https:\/\/bassin-arcachon.com\/\/?page_id=398"},"modified":"2024-11-06T16:34:54","modified_gmt":"2024-11-06T15:34:54","slug":"gastezimmer","status":"publish","type":"page","link":"https:\/\/bassin-arcachon.com\/de\/ou-dormir\/chambres-hotes\/","title":{"rendered":"G\u00e4stezimmer"},"content":{"rendered":"<div class=\"wp-block-uagb-container uagb-block-21cae65d alignfull uagb-is-root-container\"><div class=\"uagb-container-inner-blocks-wrap\">\n<div class=\"wp-block-uagb-container uagb-block-2d2c9a91\">\n<h2 class=\"wp-block-heading\">Ihre Fr\u00fchst\u00fcckspension mit Swimmingpool<\/h2>\n\n\n\n<p>Wenn der Bassin zum Schwimmen nie weit ist, ist ein Swimmingpool f\u00fcr die Feiertage immer sch\u00f6n. Entdecken Sie unsere Auswahl an&nbsp;<strong>G\u00e4stezimmer mit Swimmingpools ausgestattet<\/strong>, nur f\u00fcr Sie reserviert oder von allen Gastgebern geteilt.<\/p>\n\n\n\n<div class=\"wp-block-buttons is-layout-flex wp-block-buttons-is-layout-flex\">\n<div class=\"wp-block-button\"><a class=\"wp-block-button__link wp-element-button\" href=\"https:\/\/bassin-arcachon.com\/de\/https-2\/\/bassin-arcachon-com\/unterkunft-2\/ubernachtung-mit-fruhstuck-und-swimmingpool\/\">Bed and Breakfast mit Schwimmbad<\/a><\/div>\n<\/div>\n<\/div>\n\n\n\n<div class=\"wp-block-uagb-container uagb-block-85c1bd8a\">\n<div class=\"wp-block-uagb-image uagb-block-e2ca8422 wp-block-uagb-image--layout-default wp-block-uagb-image--effect-static wp-block-uagb-image--align-none\"><figure class=\"wp-block-uagb-image__figure\"><img decoding=\"async\" srcset=\"https:\/\/bassin-arcachon.com\/wp-content\/uploads\/2017\/03\/chambre-dhotes-bassin-arcachon.jpg \" sizes=\"auto, (max-width: 480px) 150px\" src=\"https:\/\/bassin-arcachon.com\/wp-content\/uploads\/2017\/03\/chambre-dhotes-bassin-arcachon.jpg\" alt=\"- - Bassin d&#039;Arcachon\" class=\"uag-image-1357\" width=\"884\" height=\"700\" title=\"- - Bassin d&#039;Arcachon\" loading=\"lazy\" role=\"img\"><\/figure><\/div>\n<\/div>\n<\/div><\/div>\n\n\n\n<div style=\"height:60px\" aria-hidden=\"true\" class=\"wp-block-spacer\"><\/div>\n\n\n\n<div class=\"wp-block-uagb-container uagb-block-1dcad099 alignfull uagb-is-root-container\"><div class=\"uagb-container-inner-blocks-wrap\">\n<div class=\"wp-block-uagb-container uagb-block-dc7665c0\">\n<div class=\"wp-block-uagb-image uagb-block-79c0e5ca wp-block-uagb-image--layout-default wp-block-uagb-image--effect-static wp-block-uagb-image--align-none\"><figure class=\"wp-block-uagb-image__figure\"><img decoding=\"async\" srcset=\"https:\/\/bassin-arcachon.com\/wp-content\/uploads\/2017\/03\/vue-bassin.jpg \" sizes=\"auto, (max-width: 480px) 150px\" src=\"https:\/\/bassin-arcachon.com\/wp-content\/uploads\/2017\/03\/vue-bassin.jpg\" alt=\"- - Bassin d&#039;Arcachon\" class=\"uag-image-1358\" width=\"900\" height=\"600\" title=\"- - Bassin d&#039;Arcachon\" loading=\"lazy\" role=\"img\"><\/figure><\/div>\n<\/div>\n\n\n\n<div class=\"wp-block-uagb-container uagb-block-75b47c51\">\n<h2 class=\"wp-block-heading\">W\u00e4hlen Sie den Charme eines Bed and Breakfast View Bassin<\/h2>\n\n\n\n<p>Ein Bed and Breakfast am Meer oder in der N\u00e4he des&nbsp;<strong>Bucht von Arcachon<\/strong>&nbsp;pr\u00e4ziser sein ! F\u00fcr ein Bed and Breakfast in Meeresn\u00e4he m\u00fcssen Sie Ihre Unterkunft auf der Presqu&#039;\u00eele de w\u00e4hlen&nbsp;<a href=\"https:\/\/bassin-arcachon.com\/de\/unsere-stadte-und-dorfer\/lege-cap-frettchen\/\" target=\"_blank\" rel=\"noreferrer noopener\">Lege-Cap Frettchen<\/a>&nbsp;Oder weiter&nbsp;<a href=\"https:\/\/bassin-arcachon.com\/de\/unsere-stadte-und-dorfer\/der-buch-test\/\" target=\"_blank\" rel=\"noreferrer noopener\">Buchs Test<\/a>.<\/p>\n\n\n\n<div class=\"wp-block-buttons is-layout-flex wp-block-buttons-is-layout-flex\">\n<div class=\"wp-block-button\"><a class=\"wp-block-button__link wp-element-button\" href=\"https:\/\/bassin-arcachon.com\/de\/unterkunft-2\/ubernachtung-mit-fruhstuck-%26amp-%3bviewsea\/\">G\u00e4stezimmer mit Aussicht Bassin<\/a><\/div>\n<\/div>\n<\/div>\n<\/div><\/div>\n\n\n\n<div style=\"height:60px\" aria-hidden=\"true\" class=\"wp-block-spacer\"><\/div>\n\n\n\n<div class=\"wp-block-uagb-container uagb-block-60c02d29 alignfull uagb-is-root-container\"><div class=\"uagb-container-inner-blocks-wrap\">\n<div class=\"wp-block-uagb-container uagb-block-980a0440\">\n<h2 class=\"wp-block-heading\">In der N\u00e4he der Dune du Pilat<\/h2>\n\n\n\n<p>F\u00fcr ein Bed &amp; Breakfast in der N\u00e4he des&nbsp;<a href=\"https:\/\/bassin-arcachon.com\/de\/unser-wesentliches\/die-pilat-dune\/\" target=\"_blank\" rel=\"noreferrer noopener\">D\u00fcne von Pilat<\/a>, w\u00e4hlen Sie den n\u00e4chstgelegenen Bezirk:&nbsp;<strong>Pyla-sur-Mer<\/strong>, in der Stadt La Teste de Buch. Um einen \u00dcberblick \u00fcber diese emblematische D\u00fcne zu erhalten, bevorzugen Sie die&nbsp;<strong>Dorf Cap Ferret<\/strong>&nbsp;der Halbinsel. Sie werden weiter weg sein, aber die Aussicht, wenn Sie aufwachen, wird unglaublich sein.<\/p>\n\n\n\n<div class=\"wp-block-buttons is-layout-flex wp-block-buttons-is-layout-flex\">\n<div class=\"wp-block-button\"><a class=\"wp-block-button__link wp-element-button\" href=\"https:\/\/bassin-arcachon.com\/de\/unterkunft-2\/gastezimmer-2\/\">Bed and Breakfast in der N\u00e4he der Dune du Pilat<\/a><\/div>\n<\/div>\n<\/div>\n\n\n\n<div class=\"wp-block-uagb-container uagb-block-91cdc693\">\n<div class=\"wp-block-uagb-image uagb-block-1038aa3e wp-block-uagb-image--layout-default wp-block-uagb-image--effect-static wp-block-uagb-image--align-none\"><figure class=\"wp-block-uagb-image__figure\"><img decoding=\"async\" srcset=\"https:\/\/bassin-arcachon.com\/wp-content\/uploads\/2017\/02\/Randonnee-sur-la-dune-du-Pilat-1024x683.jpg \" sizes=\"auto, (max-width: 480px) 150px\" src=\"https:\/\/bassin-arcachon.com\/wp-content\/uploads\/2017\/02\/Randonnee-sur-la-dune-du-Pilat-1024x683.jpg\" alt=\"- - Bassin d&#039;Arcachon\" class=\"uag-image-1223\" width=\"1024\" height=\"683\" title=\"- - Bassin d&#039;Arcachon\" loading=\"lazy\" role=\"img\"><\/figure><\/div>\n<\/div>\n<\/div><\/div>\n\n\n\n<div style=\"height:60px\" aria-hidden=\"true\" class=\"wp-block-spacer\"><\/div>\n\n\n\n<div class=\"wp-block-uagb-container uagb-block-abff89f2 alignfull uagb-is-root-container\"><div class=\"uagb-container-inner-blocks-wrap\">\n<div class=\"wp-block-uagb-container uagb-block-a07f034d\">\n<div class=\"wp-block-uagb-image uagb-block-22676635 wp-block-uagb-image--layout-default wp-block-uagb-image--effect-static wp-block-uagb-image--align-none\"><figure class=\"wp-block-uagb-image__figure\"><img decoding=\"async\" srcset=\"https:\/\/bassin-arcachon.com\/wp-content\/uploads\/2017\/02\/aiguillon-arcachon-5-1024x512.jpg \" sizes=\"auto, (max-width: 480px) 150px\" src=\"https:\/\/bassin-arcachon.com\/wp-content\/uploads\/2017\/02\/aiguillon-arcachon-5-1024x512.jpg\" alt=\"- - Bassin d&#039;Arcachon\" class=\"uag-image-1263\" width=\"1024\" height=\"512\" title=\"- - Bassin d&#039;Arcachon\" loading=\"lazy\" role=\"img\"><\/figure><\/div>\n<\/div>\n\n\n\n<div class=\"wp-block-uagb-container uagb-block-b2c73c18\">\n<h2 class=\"wp-block-heading\">H\u00fcttengeist f\u00fcr die Feiertage<\/h2>\n\n\n\n<p>Die St\u00e4dte und D\u00f6rfer des Bassin d&#039;Arcachon sind voll von charmanten Adressen im Geiste von &quot;&nbsp;<strong>Fischerh\u00fctten<\/strong>&nbsp;&quot;. Das typische Bassin-Haus ist au\u00dfen mit Holz verkleidet und mit Treibholz dekoriert, das im Winter an den Str\u00e4nden gesammelt wurde. Es liegt an Ihnen, das Bed and Breakfast zu w\u00e4hlen, das Sie am meisten verzaubern wird.<\/p>\n\n\n\n<div class=\"wp-block-buttons is-layout-flex wp-block-buttons-is-layout-flex\">\n<div class=\"wp-block-button\"><a class=\"wp-block-button__link wp-element-button\" href=\"https:\/\/bassin-arcachon.com\/de\/unterkunft-2\/bed-breakfast-huttenstimmung\/\">Bed &amp; Breakfast im H\u00fcttenstil<\/a><\/div>\n<\/div>\n<\/div>\n<\/div><\/div>\n\n\n\n<div style=\"height:60px\" aria-hidden=\"true\" class=\"wp-block-spacer\"><\/div>\n\n\n\n<div class=\"wp-block-uagb-container uagb-block-9eb4992f alignfull uagb-is-root-container\"><div class=\"uagb-container-inner-blocks-wrap\">\n<div class=\"wp-block-uagb-container uagb-block-99950309\">\n<h2 class=\"wp-block-heading\">Entscheiden Sie sich f\u00fcr ein Naturally Bassin-G\u00e4stezimmer<\/h2>\n\n\n\n<p>Um sicher zu sein, bei der Buchung die richtige Wahl zu treffen, entscheiden Sie sich f\u00fcr ein Bed &amp; Breakfast &quot;&nbsp;<strong>Nat\u00fcrlich Bassin<\/strong>&nbsp;\u00bb das die Unterk\u00fcnfte f\u00f6rdert, deren Eigent\u00fcmer Ihnen gerne helfen m\u00f6chten, das Bassin von Arcachon in all seinen Besonderheiten, Zerbrechlichkeiten und Intimit\u00e4ten zu entdecken.<\/p>\n\n\n\n<div class=\"wp-block-buttons is-layout-flex wp-block-buttons-is-layout-flex\">\n<div class=\"wp-block-button\"><a class=\"wp-block-button__link wp-element-button\" href=\"https:\/\/bassin-arcachon.com\/de\/unterkunft-2\/chambres-dhotes%26amp%3blabel%3anaturellement+bassin\/\">Bed and Breakfast Nat\u00fcrlich Bassin<\/a><\/div>\n<\/div>\n<\/div>\n\n\n\n<div class=\"wp-block-uagb-container uagb-block-2fa6eec4\">\n<div class=\"wp-block-uagb-image uagb-block-53910baf wp-block-uagb-image--layout-default wp-block-uagb-image--effect-static wp-block-uagb-image--align-none\"><figure class=\"wp-block-uagb-image__figure\"><img decoding=\"async\" srcset=\"https:\/\/bassin-arcachon.com\/wp-content\/uploads\/2017\/03\/regine-et-yves-cazes-la-teste-de-buch.jpg \" sizes=\"auto, (max-width: 480px) 150px\" src=\"https:\/\/bassin-arcachon.com\/wp-content\/uploads\/2017\/03\/regine-et-yves-cazes-la-teste-de-buch.jpg\" alt=\"- - Bassin d&#039;Arcachon\" class=\"uag-image-1360\" width=\"1000\" height=\"666\" title=\"- - Bassin d&#039;Arcachon\" loading=\"lazy\" role=\"img\"><\/figure><\/div>\n<\/div>\n<\/div><\/div>\n\n\n\n<div style=\"height:60px\" aria-hidden=\"true\" class=\"wp-block-spacer\"><\/div>\n\n\n\n<div class=\"wp-block-uagb-container uagb-block-35a3db1c alignfull uagb-is-root-container\">\n<div class=\"wp-block-cover is-light has-parallax\"><span aria-hidden=\"true\" class=\"wp-block-cover__background has-background-dim-0 has-background-dim\"><\/span><div class=\"wp-block-cover__image-background wp-image-1363 has-parallax\" style=\"background-position:50% 50%;background-image:url(https:\/\/bassin-arcachon.com\/wp-content\/uploads\/2017\/03\/ville-hiver-arcachon-14.jpg)\"><\/div><div class=\"wp-block-cover__inner-container is-layout-flow wp-block-cover-is-layout-flow\">\n<div class=\"wp-block-uagb-container uagb-block-a99a95e2\">\n<h2 class=\"wp-block-heading has-text-align-center has-white-color has-text-color has-large-font-size\">Buchen Sie so schnell wie m\u00f6glich!<\/h2>\n\n\n\n<p class=\"has-text-align-center has-white-color has-text-color\"><a href=\"https:\/\/bassin-arcachon.com\/de\/unterkunft-2\/gastezimmer-2\/\">STARTEN SIE IHRE SUCHE<\/a><\/p>\n<\/div>\n<\/div><\/div>\n<\/div>\n\n\n\n<div style=\"height:40px\" aria-hidden=\"true\" class=\"wp-block-spacer\"><\/div>","protected":false},"excerpt":{"rendered":"<p>Votre chambre d\u2019h\u00f4tes avec piscine Si le Bassin n\u2019est jamais tr\u00e8s loin pour une baignade, avoir une piscine est toujours agr\u00e9able pour les vacances. D\u00e9couvrez notre s\u00e9lection de&nbsp;chambres d\u2019h\u00f4tes \u00e9quip\u00e9es [&hellip;]<\/p>\n","protected":false},"author":25,"featured_media":24458,"parent":43,"menu_order":2,"comment_status":"closed","ping_status":"closed","template":"","meta":{"_acf_changed":false,"_uag_custom_page_level_css":"","footnotes":""},"class_list":["post-398","page","type-page","status-publish","has-post-thumbnail","hentry"],"acf":[],"uagb_featured_image_src":{"full":["https:\/\/bassin-arcachon.com\/wp-content\/uploads\/2017\/03\/chambre-hotes-bassin-arcachon.jpg",1000,666,false],"thumbnail":["https:\/\/bassin-arcachon.com\/wp-content\/uploads\/2017\/03\/chambre-hotes-bassin-arcachon-150x150.jpg",150,150,true],"medium":["https:\/\/bassin-arcachon.com\/wp-content\/uploads\/2017\/03\/chambre-hotes-bassin-arcachon-600x400.jpg",600,400,true],"medium_large":["https:\/\/bassin-arcachon.com\/wp-content\/uploads\/2017\/03\/chambre-hotes-bassin-arcachon-768x511.jpg",768,511,true],"large":["https:\/\/bassin-arcachon.com\/wp-content\/uploads\/2017\/03\/chambre-hotes-bassin-arcachon.jpg",1000,666,false],"1536x1536":["https:\/\/bassin-arcachon.com\/wp-content\/uploads\/2017\/03\/chambre-hotes-bassin-arcachon.jpg",1000,666,false],"2048x2048":["https:\/\/bassin-arcachon.com\/wp-content\/uploads\/2017\/03\/chambre-hotes-bassin-arcachon.jpg",1000,666,false],"trp-custom-language-flag":["https:\/\/bassin-arcachon.com\/wp-content\/uploads\/2017\/03\/chambre-hotes-bassin-arcachon-18x12.jpg",18,12,true]},"uagb_author_info":{"display_name":"Marie Clauzel","author_link":"https:\/\/bassin-arcachon.com\/de\/author\/mariesiba\/"},"uagb_comment_info":0,"uagb_excerpt":"Votre chambre d\u2019h\u00f4tes avec piscine Si le Bassin n\u2019est jamais tr\u00e8s loin pour une baignade, avoir une piscine est toujours agr\u00e9able pour les vacances. D\u00e9couvrez notre s\u00e9lection de&nbsp;chambres d\u2019h\u00f4tes \u00e9quip\u00e9es [&hellip;]","_links":{"self":[{"href":"https:\/\/bassin-arcachon.com\/de\/wp-json\/wp\/v2\/pages\/398","targetHints":{"allow":["GET"]}}],"collection":[{"href":"https:\/\/bassin-arcachon.com\/de\/wp-json\/wp\/v2\/pages"}],"about":[{"href":"https:\/\/bassin-arcachon.com\/de\/wp-json\/wp\/v2\/types\/page"}],"author":[{"embeddable":true,"href":"https:\/\/bassin-arcachon.com\/de\/wp-json\/wp\/v2\/users\/25"}],"replies":[{"embeddable":true,"href":"https:\/\/bassin-arcachon.com\/de\/wp-json\/wp\/v2\/comments?post=398"}],"version-history":[{"count":2,"href":"https:\/\/bassin-arcachon.com\/de\/wp-json\/wp\/v2\/pages\/398\/revisions"}],"predecessor-version":[{"id":68295,"href":"https:\/\/bassin-arcachon.com\/de\/wp-json\/wp\/v2\/pages\/398\/revisions\/68295"}],"up":[{"embeddable":true,"href":"https:\/\/bassin-arcachon.com\/de\/wp-json\/wp\/v2\/pages\/43"}],"wp:featuredmedia":[{"embeddable":true,"href":"https:\/\/bassin-arcachon.com\/de\/wp-json\/wp\/v2\/media\/24458"}],"wp:attachment":[{"href":"https:\/\/bassin-arcachon.com\/de\/wp-json\/wp\/v2\/media?parent=398"}],"curies":[{"name":"wp","href":"https:\/\/api.w.org\/{rel}","templated":true}]}}