{"id":44448,"date":"2020-07-06T14:22:32","date_gmt":"2020-07-06T12:22:32","guid":{"rendered":"https:\/\/bassin-arcachon.com\/\/?page_id=44448"},"modified":"2024-11-06T11:42:44","modified_gmt":"2024-11-06T10:42:44","slug":"lanton","status":"publish","type":"page","link":"https:\/\/bassin-arcachon.com\/de\/ou-dormir\/camping\/lanton\/","title":{"rendered":"Unsere Campingpl\u00e4tze in Lanton"},"content":{"rendered":"<div class=\"wp-block-uagb-container uagb-block-ed203fa7 alignfull uagb-is-root-container\"><div class=\"uagb-container-inner-blocks-wrap\">\n<div class=\"wp-block-uagb-container uagb-block-4ace7f2d\">\n<h2 class=\"wp-block-heading\">Unsere Campingpl\u00e4tze mit Aussicht in Lanton oder in der N\u00e4he<\/h2>\n\n\n\n<p>M\u00f6chten Sie einen Campingplatz in Lanton oder in der N\u00e4he buchen, der einen direkten Blick auf die Bassin d&#039;Arcachon hat? Du hast Recht ! Genie\u00dfen Sie den direkten Zugang zum Strand und wachen Sie jeden Morgen mit Blick auf den Strand auf&nbsp;<strong>Sch\u00fcssel.<\/strong>&nbsp;Bewundern Sie diese Landschaft, die sich jeden Tag ver\u00e4ndert! Buchen Sie im Zelt oder Wohnwagen Ihren&nbsp;<strong>Camping<\/strong>&nbsp;bei&nbsp;<strong>Lanton oder in der N\u00e4he<\/strong>&nbsp;!<\/p>\n\n\n\n<div class=\"wp-block-buttons is-layout-flex wp-block-buttons-is-layout-flex\">\n<div class=\"wp-block-button\"><a class=\"wp-block-button__link wp-element-button\" href=\"https:\/\/bassin-arcachon.com\/de\/unterkunft-2\/campingplatze-im-herzen-des-beckens-und-mit-meerblick\/\">Campingplatz am Wasser<\/a><\/div>\n<\/div>\n<\/div>\n\n\n\n<div class=\"wp-block-uagb-container uagb-block-4606889d\">\n<div class=\"wp-block-uagb-image uagb-block-79596707 wp-block-uagb-image--layout-default wp-block-uagb-image--effect-static wp-block-uagb-image--align-none\"><figure class=\"wp-block-uagb-image__figure\"><img decoding=\"async\" srcset=\"https:\/\/bassin-arcachon.com\/wp-content\/uploads\/2017\/08\/devant-le-bassin-velo-1024x683.jpg \" sizes=\"auto, (max-width: 480px) 150px\" src=\"https:\/\/bassin-arcachon.com\/wp-content\/uploads\/2017\/08\/devant-le-bassin-velo-1024x683.jpg\" alt=\"- - Bassin d&#039;Arcachon\" class=\"uag-image-7542\" width=\"1024\" height=\"683\" title=\"- - Bassin d&#039;Arcachon\" loading=\"lazy\" role=\"img\"><\/figure><\/div>\n<\/div>\n<\/div><\/div>\n\n\n\n<div style=\"height:60px\" aria-hidden=\"true\" class=\"wp-block-spacer\"><\/div>\n\n\n\n<div class=\"wp-block-uagb-container uagb-block-add14a80 alignfull uagb-is-root-container\"><div class=\"uagb-container-inner-blocks-wrap\">\n<div class=\"wp-block-uagb-container uagb-block-80990708\">\n<div class=\"wp-block-uagb-image uagb-block-2114fdf6 wp-block-uagb-image--layout-default wp-block-uagb-image--effect-static wp-block-uagb-image--align-none\"><figure class=\"wp-block-uagb-image__figure\"><img decoding=\"async\" srcset=\"https:\/\/bassin-arcachon.com\/wp-content\/uploads\/2020\/07\/Plage-suzette-Lanton.jpg \" sizes=\"auto, (max-width: 480px) 150px\" src=\"https:\/\/bassin-arcachon.com\/wp-content\/uploads\/2020\/07\/Plage-suzette-Lanton.jpg\" alt=\"- - Bassin d&#039;Arcachon\" class=\"uag-image-44378\" width=\"1000\" height=\"666\" title=\"- - Bassin d&#039;Arcachon\" loading=\"lazy\" role=\"img\"><\/figure><\/div>\n<\/div>\n\n\n\n<div class=\"wp-block-uagb-container uagb-block-5078c1a9\">\n<h2 class=\"wp-block-heading\">Unsere Campingpl\u00e4tze mit Schwimmbad in Lanton<\/h2>\n\n\n\n<p>Erholen Sie sich im Herzen des Beckens, nur einen Steinwurf von Audenge entfernt, indem Sie eines unserer buchen&nbsp;<strong>Campingpl\u00e4tze in Lanton<\/strong>&nbsp;mit&nbsp;<strong>Schwimmbad oder in der N\u00e4he<\/strong>&nbsp;! Nutzen Sie die Bereiche f\u00fcr Kinder und Erwachsene: Wasserspiele, Rutschen, Wassergymnastikkurse, alles wird getan, damit Sie einen unvergesslichen Familienaufenthalt in einem verbringen&nbsp;<strong>Camping<\/strong><\/p>\n\n\n\n<div class=\"wp-block-buttons is-layout-flex wp-block-buttons-is-layout-flex\">\n<div class=\"wp-block-button\"><a class=\"wp-block-button__link wp-element-button\" href=\"https:\/\/bassin-arcachon.com\/de\/unterkunft-2\/campingplatze%40herz-des-beckens%26amp%3bschwimmbad\/\">Campingpl\u00e4tze mit Schwimmbad<\/a><\/div>\n<\/div>\n<\/div>\n<\/div><\/div>\n\n\n\n<div style=\"height:60px\" aria-hidden=\"true\" class=\"wp-block-spacer\"><\/div>\n\n\n\n<div class=\"wp-block-uagb-container uagb-block-731488c7 alignfull uagb-is-root-container\"><div class=\"uagb-container-inner-blocks-wrap\">\n<div class=\"wp-block-uagb-container uagb-block-a97a9785\">\n<h2 class=\"wp-block-heading\">Unsere Campingpl\u00e4tze hei\u00dfen Wohnmobile in Lanton willkommen<\/h2>\n\n\n\n<p>Reisen Sie mit dem Wohnmobil? Kommen Sie und tanken Sie neue Energie auf einem unserer Wohnmobilstellpl\u00e4tze in Lanton oder in der N\u00e4he! Tanken Sie zwischen den Pinien und den Str\u00e4nden des Beckens ein paar Tage lang neue Energie in einer idyllischen Umgebung, bevor Sie sich an Bord Ihres Wohnmobils auf den Weg machen!<\/p>\n\n\n\n<div class=\"wp-block-buttons is-layout-flex wp-block-buttons-is-layout-flex\">\n<div class=\"wp-block-button\"><a class=\"wp-block-button__link wp-element-button\" href=\"https:\/\/bassin-arcachon.com\/de\/unterkunft-2\/campingplatze-im-herzen-des-beckens\/\">Campingpl\u00e4tze mit Wohnmobilstellpl\u00e4tzen<\/a><\/div>\n<\/div>\n<\/div>\n\n\n\n<div class=\"wp-block-uagb-container uagb-block-96fe018c\">\n<div class=\"wp-block-uagb-image uagb-block-1b1f2cec wp-block-uagb-image--layout-default wp-block-uagb-image--effect-static wp-block-uagb-image--align-none\"><figure class=\"wp-block-uagb-image__figure\"><img decoding=\"async\" srcset=\"https:\/\/bassin-arcachon.com\/wp-content\/uploads\/2018\/04\/velo-lanton-photo-de-une-e1546601388171-1024x683.jpg ,https:\/\/bassin-arcachon.com\/wp-content\/uploads\/2018\/04\/velo-lanton-photo-de-une-e1546601388171.jpg 780w, https:\/\/bassin-arcachon.com\/wp-content\/uploads\/2018\/04\/velo-lanton-photo-de-une-e1546601388171.jpg 360w\" sizes=\"auto, (max-width: 480px) 150px\" src=\"https:\/\/bassin-arcachon.com\/wp-content\/uploads\/2018\/04\/velo-lanton-photo-de-une-e1546601388171-1024x683.jpg\" alt=\"Lanton Waterfront Fahrradtour\" class=\"uag-image-19955\" width=\"1024\" height=\"683\" title=\"Lanton Waterfront Fahrradtour\" loading=\"lazy\" role=\"img\"\/><\/figure><\/div>\n<\/div>\n<\/div><\/div>\n\n\n\n<div style=\"height:60px\" aria-hidden=\"true\" class=\"wp-block-spacer\"><\/div>\n\n\n\n<div class=\"wp-block-uagb-container uagb-block-91886311 alignfull uagb-is-root-container\">\n<div class=\"wp-block-cover is-light has-parallax\"><span aria-hidden=\"true\" class=\"wp-block-cover__background has-background-dim-0 has-background-dim\"><\/span><div class=\"wp-block-cover__image-background wp-image-1345 has-parallax\" style=\"background-position:50% 50%;background-image:url(https:\/\/bassin-arcachon.com\/wp-content\/uploads\/2017\/03\/Camping-Panorama-du-Pyla-cottage-vue-mer-coin-farniente.jpg)\"><\/div><div class=\"wp-block-cover__inner-container is-layout-flow wp-block-cover-is-layout-flow\">\n<div class=\"wp-block-uagb-container uagb-block-c1453dc2\">\n<h2 class=\"wp-block-heading has-text-align-center has-white-color has-text-color has-large-font-size\">Verbringen Sie Ihre Ferien mit Leichtigkeit auf einem der Bassin-Campingpl\u00e4tze in Arcachon!<\/h2>\n\n\n\n<p class=\"has-text-align-center has-white-color has-text-color\"><a href=\"https:\/\/bassin-arcachon.com\/de\/unterkunft-2\/campingplatze\/\">STARTEN SIE IHRE SUCHE<\/a><\/p>\n<\/div>\n<\/div><\/div>\n<\/div>\n\n\n\n<div style=\"height:60px\" aria-hidden=\"true\" class=\"wp-block-spacer\"><\/div>\n\n\n\n<div class=\"wp-block-uagb-container uagb-block-02e6a164 alignfull uagb-is-root-container\"><div class=\"uagb-container-inner-blocks-wrap\">\n<div class=\"wp-block-uagb-container uagb-block-8edb6d7d\">\n<h3 class=\"wp-block-heading\">M\u00f6chten Sie einen Campingplatz rund um Lanton buchen?<\/h3>\n\n\n\n<p>Entdecken Sie alle unsere Campingpl\u00e4tze bei Bassin Arcachon:&nbsp;<a href=\"https:\/\/bassin-arcachon.com\/de\/unterkunft-2\/hotels+ares\/\">Ares<\/a>,&nbsp;<a href=\"https:\/\/bassin-arcachon.com\/de\/unterkunft-2\/hotels+arcachon\/\">Arcachon<\/a>,&nbsp;<a href=\"https:\/\/bassin-arcachon.com\/de\/unterkunft-2\/hotels+der-buch-test\/\">Buchs Test<\/a>,&nbsp;<a href=\"https:\/\/bassin-arcachon.com\/de\/unterkunft-2\/hotels+anders\/\">Andersen<\/a>,&nbsp;<a href=\"https:\/\/bassin-arcachon.com\/de\/unterkunft-2\/hotels+gujan-mestras\/\">Gujan-Mestras,<\/a>&nbsp;<a href=\"https:\/\/bassin-arcachon.com\/de\/unterkunft-2\/hotels+herz-des-beckens-2\/\">Biganos,<\/a>&nbsp;<a href=\"https:\/\/bassin-arcachon.com\/de\/unterkunft-2\/hotels+herz-des-beckens-2\/\">Audenge<\/a>, &lt;a href=&quot;https:\/\/www.bassin-arcachon.com\/hebergements\/hotels+le-teich\/&quot;Le Teich&nbsp;<\/a>und&nbsp;<a href=\"https:\/\/bassin-arcachon.com\/de\/unterkunft-2\/hotels+lege-cap-frettchen\/\">Cap-Frettchen<\/a>&nbsp;!<\/p>\n<\/div>\n\n\n\n<div class=\"wp-block-uagb-container uagb-block-2e52a006\">\n<div class=\"wp-block-uagb-image uagb-block-a755267c wp-block-uagb-image--layout-default wp-block-uagb-image--effect-static wp-block-uagb-image--align-none\"><figure class=\"wp-block-uagb-image__figure\"><img decoding=\"async\" srcset=\"https:\/\/bassin-arcachon.com\/wp-content\/uploads\/2018\/09\/nourri-a-lhu\u00eetre-\u00e9lev\u00e9-sous-les-pins-Bassin-dArcachon.jpg 1000w, https:\/\/bassin-arcachon.com\/wp-content\/uploads\/2018\/09\/nourri-a-lhu\u00eetre-\u00e9lev\u00e9-sous-les-pins-Bassin-dArcachon-600x400.jpg 600w, https:\/\/bassin-arcachon.com\/wp-content\/uploads\/2018\/09\/nourri-a-lhu\u00eetre-\u00e9lev\u00e9-sous-les-pins-Bassin-dArcachon-768x511.jpg 768w, https:\/\/bassin-arcachon.com\/wp-content\/uploads\/2018\/09\/nourri-a-lhu\u00eetre-\u00e9lev\u00e9-sous-les-pins-Bassin-dArcachon-18x12.jpg 18w\" sizes=\"auto, (max-width: 480px) 150px\" src=\"https:\/\/bassin-arcachon.com\/wp-content\/uploads\/2018\/09\/nourri-a-lhu\u00eetre-\u00e9lev\u00e9-sous-les-pins-Bassin-dArcachon.jpg\" alt=\"- - Bassin d&#039;Arcachon\" class=\"uag-image-26169\" width=\"1000\" height=\"666\" title=\"- - Bassin d&#039;Arcachon\" loading=\"lazy\" role=\"img\"><\/figure><\/div>\n<\/div>\n<\/div><\/div>\n\n\n\n<div style=\"height:60px\" aria-hidden=\"true\" class=\"wp-block-spacer\"><\/div>","protected":false},"excerpt":{"rendered":"<p>Nos campings avec vue \u00e0 Lanton, ou \u00e0 proximit\u00e9 Vous souhaitez r\u00e9server un camping \u00e0 Lanton, ou \u00e0 proximit\u00e9, qui dispose d\u2019une vue directe sur le Bassin d\u2019Arcachon ? Vous [&hellip;]<\/p>\n","protected":false},"author":25,"featured_media":2217,"parent":392,"menu_order":1,"comment_status":"closed","ping_status":"closed","template":"","meta":{"_acf_changed":false,"_uag_custom_page_level_css":"","footnotes":""},"class_list":["post-44448","page","type-page","status-publish","has-post-thumbnail","hentry"],"acf":[],"uagb_featured_image_src":{"full":["https:\/\/bassin-arcachon.com\/wp-content\/uploads\/2017\/03\/camping-bassin-arcachon.jpg",1200,800,false],"thumbnail":["https:\/\/bassin-arcachon.com\/wp-content\/uploads\/2017\/03\/camping-bassin-arcachon-150x150.jpg",150,150,true],"medium":["https:\/\/bassin-arcachon.com\/wp-content\/uploads\/2017\/03\/camping-bassin-arcachon-600x400.jpg",600,400,true],"medium_large":["https:\/\/bassin-arcachon.com\/wp-content\/uploads\/2017\/03\/camping-bassin-arcachon-768x512.jpg",768,512,true],"large":["https:\/\/bassin-arcachon.com\/wp-content\/uploads\/2017\/03\/camping-bassin-arcachon-1024x683.jpg",1024,683,true],"1536x1536":["https:\/\/bassin-arcachon.com\/wp-content\/uploads\/2017\/03\/camping-bassin-arcachon.jpg",1200,800,false],"2048x2048":["https:\/\/bassin-arcachon.com\/wp-content\/uploads\/2017\/03\/camping-bassin-arcachon.jpg",1200,800,false],"trp-custom-language-flag":["https:\/\/bassin-arcachon.com\/wp-content\/uploads\/2017\/03\/camping-bassin-arcachon-18x12.jpg",18,12,true]},"uagb_author_info":{"display_name":"Marie Clauzel","author_link":"https:\/\/bassin-arcachon.com\/de\/author\/mariesiba\/"},"uagb_comment_info":0,"uagb_excerpt":"Nos campings avec vue \u00e0 Lanton, ou \u00e0 proximit\u00e9 Vous souhaitez r\u00e9server un camping \u00e0 Lanton, ou \u00e0 proximit\u00e9, qui dispose d\u2019une vue directe sur le Bassin d\u2019Arcachon ? Vous [&hellip;]","_links":{"self":[{"href":"https:\/\/bassin-arcachon.com\/de\/wp-json\/wp\/v2\/pages\/44448","targetHints":{"allow":["GET"]}}],"collection":[{"href":"https:\/\/bassin-arcachon.com\/de\/wp-json\/wp\/v2\/pages"}],"about":[{"href":"https:\/\/bassin-arcachon.com\/de\/wp-json\/wp\/v2\/types\/page"}],"author":[{"embeddable":true,"href":"https:\/\/bassin-arcachon.com\/de\/wp-json\/wp\/v2\/users\/25"}],"replies":[{"embeddable":true,"href":"https:\/\/bassin-arcachon.com\/de\/wp-json\/wp\/v2\/comments?post=44448"}],"version-history":[{"count":2,"href":"https:\/\/bassin-arcachon.com\/de\/wp-json\/wp\/v2\/pages\/44448\/revisions"}],"predecessor-version":[{"id":68274,"href":"https:\/\/bassin-arcachon.com\/de\/wp-json\/wp\/v2\/pages\/44448\/revisions\/68274"}],"up":[{"embeddable":true,"href":"https:\/\/bassin-arcachon.com\/de\/wp-json\/wp\/v2\/pages\/392"}],"wp:featuredmedia":[{"embeddable":true,"href":"https:\/\/bassin-arcachon.com\/de\/wp-json\/wp\/v2\/media\/2217"}],"wp:attachment":[{"href":"https:\/\/bassin-arcachon.com\/de\/wp-json\/wp\/v2\/media?parent=44448"}],"curies":[{"name":"wp","href":"https:\/\/api.w.org\/{rel}","templated":true}]}}