{"id":44455,"date":"2020-07-06T14:40:46","date_gmt":"2020-07-06T12:40:46","guid":{"rendered":"https:\/\/bassin-arcachon.com\/\/?page_id=44455"},"modified":"2024-11-06T11:41:24","modified_gmt":"2024-11-06T10:41:24","slug":"ares-2-2","status":"publish","type":"page","link":"https:\/\/bassin-arcachon.com\/de\/ou-dormir\/camping\/ares-2\/","title":{"rendered":"Unsere Campingpl\u00e4tze in Ares"},"content":{"rendered":"<div class=\"wp-block-uagb-container uagb-block-7ba71126 alignfull uagb-is-root-container\"><div class=\"uagb-container-inner-blocks-wrap\">\n<div class=\"wp-block-uagb-container uagb-block-dfceb38c\">\n<h2 class=\"wp-block-heading\">Unsere Campingpl\u00e4tze mit Schwimmbad in Ar\u00e8s<\/h2>\n\n\n\n<p>Genie\u00dfen Sie als Paar oder als Familie nach einem Tag im Salzwasser des Pools einen Moment der Entspannung am Pool! Buchen Sie Ihren Aufenthalt auf dem Campingplatz und machen Sie das Beste aus Ihrem Urlaub, indem Sie am Pool Ihres Campingplatzes in Ar\u00e8s oder in der N\u00e4he entspannen!<\/p>\n\n\n\n<div class=\"wp-block-buttons is-layout-flex wp-block-buttons-is-layout-flex\">\n<div class=\"wp-block-button\"><a class=\"wp-block-button__link wp-element-button\" href=\"https:\/\/bassin-arcachon.com\/de\/unterkunft-2\/campingplatze%40ares%26amp%3bpool\/\">Campingpl\u00e4tze mit Schwimmbad<\/a><\/div>\n<\/div>\n<\/div>\n\n\n\n<div class=\"wp-block-uagb-container uagb-block-270f4ce0\">\n<div class=\"wp-block-uagb-image uagb-block-31e999fe wp-block-uagb-image--layout-default wp-block-uagb-image--effect-static wp-block-uagb-image--align-none\"><figure class=\"wp-block-uagb-image__figure\"><img decoding=\"async\" srcset=\"https:\/\/bassin-arcachon.com\/wp-content\/uploads\/2017\/03\/camping-piscine-1024x768.jpg ,https:\/\/bassin-arcachon.com\/wp-content\/uploads\/2017\/03\/camping-piscine.jpg 780w, https:\/\/bassin-arcachon.com\/wp-content\/uploads\/2017\/03\/camping-piscine.jpg 360w\" sizes=\"auto, (max-width: 480px) 150px\" src=\"https:\/\/bassin-arcachon.com\/wp-content\/uploads\/2017\/03\/camping-piscine-1024x768.jpg\" alt=\"- - Bassin d&#039;Arcachon\" class=\"uag-image-1343\" width=\"1024\" height=\"768\" title=\"Camping-Schwimmbad\" loading=\"lazy\" role=\"img\"><\/figure><\/div>\n<\/div>\n<\/div><\/div>\n\n\n\n<div style=\"height:60px\" aria-hidden=\"true\" class=\"wp-block-spacer\"><\/div>\n\n\n\n<div class=\"wp-block-uagb-container uagb-block-eaa47007 alignfull uagb-is-root-container\"><div class=\"uagb-container-inner-blocks-wrap\">\n<div class=\"wp-block-uagb-container uagb-block-a978a454\">\n<div class=\"wp-block-uagb-image uagb-block-05d2882c wp-block-uagb-image--layout-default wp-block-uagb-image--effect-static wp-block-uagb-image--align-none\"><figure class=\"wp-block-uagb-image__figure\"><img decoding=\"async\" srcset=\"https:\/\/bassin-arcachon.com\/wp-content\/uploads\/2020\/07\/ares-velos-1024x681-1.jpg \" sizes=\"auto, (max-width: 480px) 150px\" src=\"https:\/\/bassin-arcachon.com\/wp-content\/uploads\/2020\/07\/ares-velos-1024x681-1.jpg\" alt=\"- - Bassin d&#039;Arcachon\" class=\"uag-image-44403\" width=\"1024\" height=\"681\" title=\"- - Bassin d&#039;Arcachon\" loading=\"lazy\" role=\"img\"><\/figure><\/div>\n<\/div>\n\n\n\n<div class=\"wp-block-uagb-container uagb-block-ab746ba7\">\n<h2 class=\"wp-block-heading\">Unsere Campingpl\u00e4tze mit Blick auf die Bassin in Ar\u00e8s<\/h2>\n\n\n\n<p>Wachen Sie auf einem unserer Campingpl\u00e4tze mit dem Pl\u00e4tschern des Wassers auf <a href=\"https:\/\/bassin-arcachon.com\/de\/unsere-stadte-und-dorfer\/ares\/\">Ares<\/a> mit Blick auf den Pool (oder in die N\u00e4he)! Beobachten Sie die ersten Lastk\u00e4hne beim Segeln. Je nach Gezeiten werden Sie jeden Morgen mit einer anderen Landschaft verw\u00f6hnt! Also es gef\u00e4llt dir ? W\u00e4hlen Sie einen unserer Campingpl\u00e4tze mit Blick auf das Becken von Ar\u00e8s!<\/p>\n\n\n\n<div class=\"wp-block-buttons is-layout-flex wp-block-buttons-is-layout-flex\">\n<div class=\"wp-block-button\"><a class=\"wp-block-button__link wp-element-button\" href=\"https:\/\/bassin-arcachon.com\/de\/unterkunft-2\/campingsaresvuemer\/\">Campingplatz am Wasser<\/a><\/div>\n<\/div>\n<\/div>\n<\/div><\/div>\n\n\n\n<div style=\"height:60px\" aria-hidden=\"true\" class=\"wp-block-spacer\"><\/div>\n\n\n\n<div class=\"wp-block-uagb-container uagb-block-e4245f34 alignfull uagb-is-root-container\"><div class=\"uagb-container-inner-blocks-wrap\">\n<div class=\"wp-block-uagb-container uagb-block-550cde5c\">\n<h2 class=\"wp-block-heading\">Unsere Campingpl\u00e4tze mit WLAN in Ar\u00e8s<\/h2>\n\n\n\n<p>M\u00f6chten Sie einen Film ansehen oder Ihre Urlaubsfotos in sozialen Netzwerken teilen? Nutzen Sie WLAN auf unseren Campingpl\u00e4tzen in Ar\u00e8s! Bleiben Sie in Verbindung und organisieren Sie Ihre Ausfl\u00fcge vom Campingplatz aus dank der WLAN-Verbindung und verbringen Sie einen Traumurlaub! Entscheiden Sie sich f\u00fcr einen Campingplatz mit WLAN in Ar\u00e8s!<\/p>\n\n\n\n<div class=\"wp-block-buttons is-layout-flex wp-block-buttons-is-layout-flex\">\n<div class=\"wp-block-button\"><a class=\"wp-block-button__link wp-element-button\" href=\"https:\/\/bassin-arcachon.com\/de\/unterkunft-2\/campingplatzeareswifi\/\">Campingpl\u00e4tze mit WLAN<\/a><\/div>\n<\/div>\n<\/div>\n\n\n\n<div class=\"wp-block-uagb-container uagb-block-36439317\">\n<div class=\"wp-block-uagb-image uagb-block-e04e83d9 wp-block-uagb-image--layout-default wp-block-uagb-image--effect-static wp-block-uagb-image--align-none\"><figure class=\"wp-block-uagb-image__figure\"><img decoding=\"async\" srcset=\"https:\/\/bassin-arcachon.com\/wp-content\/uploads\/2017\/04\/ares-port-ostreicole-1024x768.jpg \" sizes=\"auto, (max-width: 480px) 150px\" src=\"https:\/\/bassin-arcachon.com\/wp-content\/uploads\/2017\/04\/ares-port-ostreicole-1024x768.jpg\" alt=\"- - Bassin d&#039;Arcachon\" class=\"uag-image-1162\" width=\"1024\" height=\"768\" title=\"- - Bassin d&#039;Arcachon\" loading=\"lazy\" role=\"img\"><\/figure><\/div>\n<\/div>\n<\/div><\/div>\n\n\n\n<div style=\"height:60px\" aria-hidden=\"true\" class=\"wp-block-spacer\"><\/div>\n\n\n\n<div class=\"wp-block-uagb-container uagb-block-ca0feb9e alignfull uagb-is-root-container\">\n<div class=\"wp-block-cover is-light has-parallax\"><span aria-hidden=\"true\" class=\"wp-block-cover__background has-background-dim-0 has-background-dim\"><\/span><div class=\"wp-block-cover__image-background wp-image-1345 has-parallax\" style=\"background-position:50% 50%;background-image:url(https:\/\/bassin-arcachon.com\/wp-content\/uploads\/2017\/03\/Camping-Panorama-du-Pyla-cottage-vue-mer-coin-farniente.jpg)\"><\/div><div class=\"wp-block-cover__inner-container is-layout-flow wp-block-cover-is-layout-flow\">\n<div class=\"wp-block-uagb-container uagb-block-5b189076\">\n<h2 class=\"wp-block-heading has-text-align-center has-white-color has-text-color has-large-font-size\">Verbringen Sie Ihre Ferien mit Leichtigkeit auf einem der Bassin-Campingpl\u00e4tze in Arcachon!<\/h2>\n\n\n\n<p class=\"has-text-align-center has-white-color has-text-color\"><a href=\"https:\/\/bassin-arcachon.com\/de\/unterkunft-2\/campingplatze\/\">STARTEN SIE IHRE SUCHE<\/a><\/p>\n<\/div>\n<\/div><\/div>\n<\/div>\n\n\n\n<div style=\"height:60px\" aria-hidden=\"true\" class=\"wp-block-spacer\"><\/div>\n\n\n\n<div class=\"wp-block-uagb-container uagb-block-02e6a164 alignfull uagb-is-root-container\"><div class=\"uagb-container-inner-blocks-wrap\">\n<div class=\"wp-block-uagb-container uagb-block-8edb6d7d\">\n<h3 class=\"wp-block-heading\">M\u00f6chten Sie einen Campingplatz rund um Ar\u00e8s buchen?<\/h3>\n\n\n\n<p>Entdecken Sie alle unsere Campingpl\u00e4tze bei Bassin Arcachon:&nbsp;<a href=\"https:\/\/bassin-arcachon.com\/de\/unterkunft-2\/hotels+der-teich\/\">Der Teich<\/a>,&nbsp;<a href=\"https:\/\/bassin-arcachon.com\/de\/unterkunft-2\/hotels+arcachon\/\">Arcachon<\/a>,&nbsp;<a href=\"https:\/\/bassin-arcachon.com\/de\/unterkunft-2\/hotels+der-buch-test\/\">Buchs Test<\/a>,&nbsp;<a href=\"https:\/\/bassin-arcachon.com\/de\/unterkunft-2\/hotels+anders\/\">Andersen<\/a>,&nbsp;<a href=\"https:\/\/bassin-arcachon.com\/de\/unterkunft-2\/hotels+gujan-mestras\/\">Gujan-Mestras,<\/a>&nbsp;<a href=\"https:\/\/bassin-arcachon.com\/de\/unterkunft-2\/hotels+herz-des-beckens-2\/\">Biganos,<\/a>&nbsp;<a href=\"https:\/\/bassin-arcachon.com\/de\/unterkunft-2\/hotels+herz-des-beckens-2\/\">Audenge<\/a>,<a href=\"https:\/\/bassin-arcachon.com\/de\/unterkunft-2\/hotels+herz-des-beckens-2\/\">&nbsp;Lanton&nbsp;<\/a>und&nbsp;<a href=\"https:\/\/bassin-arcachon.com\/de\/unterkunft-2\/hotels+lege-cap-frettchen\/\">Cap-Frettchen<\/a>&nbsp;!<\/p>\n<\/div>\n\n\n\n<div class=\"wp-block-uagb-container uagb-block-2e52a006\">\n<div class=\"wp-block-uagb-image uagb-block-a755267c wp-block-uagb-image--layout-default wp-block-uagb-image--effect-static wp-block-uagb-image--align-none\"><figure class=\"wp-block-uagb-image__figure\"><img decoding=\"async\" srcset=\"https:\/\/bassin-arcachon.com\/wp-content\/uploads\/2018\/09\/nourri-a-lhu\u00eetre-\u00e9lev\u00e9-sous-les-pins-Bassin-dArcachon.jpg 1000w, https:\/\/bassin-arcachon.com\/wp-content\/uploads\/2018\/09\/nourri-a-lhu\u00eetre-\u00e9lev\u00e9-sous-les-pins-Bassin-dArcachon-600x400.jpg 600w, https:\/\/bassin-arcachon.com\/wp-content\/uploads\/2018\/09\/nourri-a-lhu\u00eetre-\u00e9lev\u00e9-sous-les-pins-Bassin-dArcachon-768x511.jpg 768w, https:\/\/bassin-arcachon.com\/wp-content\/uploads\/2018\/09\/nourri-a-lhu\u00eetre-\u00e9lev\u00e9-sous-les-pins-Bassin-dArcachon-18x12.jpg 18w\" sizes=\"auto, (max-width: 480px) 150px\" src=\"https:\/\/bassin-arcachon.com\/wp-content\/uploads\/2018\/09\/nourri-a-lhu\u00eetre-\u00e9lev\u00e9-sous-les-pins-Bassin-dArcachon.jpg\" alt=\"- - Bassin d&#039;Arcachon\" class=\"uag-image-26169\" width=\"1000\" height=\"666\" title=\"- - Bassin d&#039;Arcachon\" loading=\"lazy\" role=\"img\"><\/figure><\/div>\n<\/div>\n<\/div><\/div>\n\n\n\n<div style=\"height:60px\" aria-hidden=\"true\" class=\"wp-block-spacer\"><\/div>","protected":false},"excerpt":{"rendered":"<p>Nos campings avec piscine \u00e0 Ar\u00e8s A deux ou en famille, profitez d\u2019un moment 100% d\u00e9tente au bord de la piscine apr\u00e8s une journ\u00e9e dans l\u2019eau saline du bassin ! [&hellip;]<\/p>\n","protected":false},"author":25,"featured_media":2217,"parent":392,"menu_order":1,"comment_status":"closed","ping_status":"closed","template":"","meta":{"_acf_changed":false,"_uag_custom_page_level_css":"","footnotes":""},"class_list":["post-44455","page","type-page","status-publish","has-post-thumbnail","hentry"],"acf":[],"uagb_featured_image_src":{"full":["https:\/\/bassin-arcachon.com\/wp-content\/uploads\/2017\/03\/camping-bassin-arcachon.jpg",1200,800,false],"thumbnail":["https:\/\/bassin-arcachon.com\/wp-content\/uploads\/2017\/03\/camping-bassin-arcachon-150x150.jpg",150,150,true],"medium":["https:\/\/bassin-arcachon.com\/wp-content\/uploads\/2017\/03\/camping-bassin-arcachon-600x400.jpg",600,400,true],"medium_large":["https:\/\/bassin-arcachon.com\/wp-content\/uploads\/2017\/03\/camping-bassin-arcachon-768x512.jpg",768,512,true],"large":["https:\/\/bassin-arcachon.com\/wp-content\/uploads\/2017\/03\/camping-bassin-arcachon-1024x683.jpg",1024,683,true],"1536x1536":["https:\/\/bassin-arcachon.com\/wp-content\/uploads\/2017\/03\/camping-bassin-arcachon.jpg",1200,800,false],"2048x2048":["https:\/\/bassin-arcachon.com\/wp-content\/uploads\/2017\/03\/camping-bassin-arcachon.jpg",1200,800,false],"trp-custom-language-flag":["https:\/\/bassin-arcachon.com\/wp-content\/uploads\/2017\/03\/camping-bassin-arcachon-18x12.jpg",18,12,true]},"uagb_author_info":{"display_name":"Marie Clauzel","author_link":"https:\/\/bassin-arcachon.com\/de\/author\/mariesiba\/"},"uagb_comment_info":0,"uagb_excerpt":"Nos campings avec piscine \u00e0 Ar\u00e8s A deux ou en famille, profitez d\u2019un moment 100% d\u00e9tente au bord de la piscine apr\u00e8s une journ\u00e9e dans l\u2019eau saline du bassin ! [&hellip;]","_links":{"self":[{"href":"https:\/\/bassin-arcachon.com\/de\/wp-json\/wp\/v2\/pages\/44455","targetHints":{"allow":["GET"]}}],"collection":[{"href":"https:\/\/bassin-arcachon.com\/de\/wp-json\/wp\/v2\/pages"}],"about":[{"href":"https:\/\/bassin-arcachon.com\/de\/wp-json\/wp\/v2\/types\/page"}],"author":[{"embeddable":true,"href":"https:\/\/bassin-arcachon.com\/de\/wp-json\/wp\/v2\/users\/25"}],"replies":[{"embeddable":true,"href":"https:\/\/bassin-arcachon.com\/de\/wp-json\/wp\/v2\/comments?post=44455"}],"version-history":[{"count":4,"href":"https:\/\/bassin-arcachon.com\/de\/wp-json\/wp\/v2\/pages\/44455\/revisions"}],"predecessor-version":[{"id":68271,"href":"https:\/\/bassin-arcachon.com\/de\/wp-json\/wp\/v2\/pages\/44455\/revisions\/68271"}],"up":[{"embeddable":true,"href":"https:\/\/bassin-arcachon.com\/de\/wp-json\/wp\/v2\/pages\/392"}],"wp:featuredmedia":[{"embeddable":true,"href":"https:\/\/bassin-arcachon.com\/de\/wp-json\/wp\/v2\/media\/2217"}],"wp:attachment":[{"href":"https:\/\/bassin-arcachon.com\/de\/wp-json\/wp\/v2\/media?parent=44455"}],"curies":[{"name":"wp","href":"https:\/\/api.w.org\/{rel}","templated":true}]}}