{"id":44472,"date":"2020-07-06T15:25:39","date_gmt":"2020-07-06T13:25:39","guid":{"rendered":"https:\/\/bassin-arcachon.com\/\/?page_id=44472"},"modified":"2024-11-06T11:43:52","modified_gmt":"2024-11-06T10:43:52","slug":"gujan-mestras","status":"publish","type":"page","link":"https:\/\/bassin-arcachon.com\/de\/ou-dormir\/camping\/gujan-mestras\/","title":{"rendered":"Unsere Campingpl\u00e4tze in Gujan-Mestras"},"content":{"rendered":"<div class=\"wp-block-uagb-container uagb-block-1f341a00 alignfull uagb-is-root-container\"><div class=\"uagb-container-inner-blocks-wrap\">\n<div class=\"wp-block-uagb-container uagb-block-907f347f\">\n<h2 class=\"wp-block-heading\">Unsere Campingpl\u00e4tze in Gujan-Mestras mit Ihren Haustieren<\/h2>\n\n\n\n<p>Machen Sie Urlaub mit Ihrem Haustier in einem unserer&nbsp;<strong>Campingpl\u00e4tze&nbsp;<\/strong>bei<strong>&nbsp;Gujan-Mestras oder in der N\u00e4he<\/strong>&nbsp;! Zwischen D\u00fcnen und Wald, Ihr&nbsp;<strong>Tiere<\/strong>&nbsp;wird viel Platz haben, um Spa\u00df zu haben! Bummeln Sie weiter&nbsp;<a href=\"https:\/\/bassin-arcachon.com\/de\/unser-wesentliches\/die-strande\/\" target=\"_blank\" rel=\"noreferrer noopener\">einer der Bereiche des Bassin<\/a>&nbsp;mit Ihrer&nbsp;<strong>Tiere<\/strong>&nbsp;und verbringen Sie unvergessliche Urlaubstage in Ihrem&nbsp;<strong>Camping<\/strong>&nbsp;im Herzen von&nbsp;<strong>Gujan-Mestras<\/strong>, in Begleitung Ihres treuesten Begleiters!<\/p>\n\n\n\n<div class=\"wp-block-buttons is-layout-flex wp-block-buttons-is-layout-flex\">\n<div class=\"wp-block-button\"><a class=\"wp-block-button__link wp-element-button\" href=\"https:\/\/bassin-arcachon.com\/de\/unterkunft-2\/campingsgujan-mestrasanimaux\/\">Camping mit Haustieren<\/a><\/div>\n<\/div>\n<\/div>\n\n\n\n<div class=\"wp-block-uagb-container uagb-block-d3e84a1a\">\n<div class=\"wp-block-uagb-image uagb-block-2e8de19e wp-block-uagb-image--layout-default wp-block-uagb-image--effect-static wp-block-uagb-image--align-none\"><figure class=\"wp-block-uagb-image__figure\"><img decoding=\"async\" srcset=\"https:\/\/bassin-arcachon.com\/wp-content\/uploads\/2017\/02\/IMG_04b_LaMolle-1024x683.jpg \" sizes=\"auto, (max-width: 480px) 150px\" src=\"https:\/\/bassin-arcachon.com\/wp-content\/uploads\/2017\/02\/IMG_04b_LaMolle-1024x683.jpg\" alt=\"Hafen von Gujan-Mestras\" class=\"uag-image-7219\" width=\"1024\" height=\"683\" title=\"- - Bassin d&#039;Arcachon\" loading=\"lazy\" role=\"img\"><\/figure><\/div>\n<\/div>\n<\/div><\/div>\n\n\n\n<div style=\"height:60px\" aria-hidden=\"true\" class=\"wp-block-spacer\"><\/div>\n\n\n\n<div class=\"wp-block-uagb-container uagb-block-fcce26e9 alignfull uagb-is-root-container\"><div class=\"uagb-container-inner-blocks-wrap\">\n<div class=\"wp-block-uagb-container uagb-block-556263d3\">\n<div class=\"wp-block-uagb-image uagb-block-f9eb4601 wp-block-uagb-image--layout-default wp-block-uagb-image--effect-static wp-block-uagb-image--align-none\"><figure class=\"wp-block-uagb-image__figure\"><img decoding=\"async\" srcset=\"https:\/\/bassin-arcachon.com\/wp-content\/uploads\/2017\/03\/Camping-Panorama-du-Pyla-vue-mer-1024x683.jpg \" sizes=\"auto, (max-width: 480px) 150px\" src=\"https:\/\/bassin-arcachon.com\/wp-content\/uploads\/2017\/03\/Camping-Panorama-du-Pyla-vue-mer-1024x683.jpg\" alt=\"- - Bassin d&#039;Arcachon\" class=\"uag-image-1336\" width=\"1024\" height=\"683\" title=\"- - Bassin d&#039;Arcachon\" loading=\"lazy\" role=\"img\"><\/figure><\/div>\n<\/div>\n\n\n\n<div class=\"wp-block-uagb-container uagb-block-ceee1af7\">\n<h2 class=\"wp-block-heading\">Unsere Campingpl\u00e4tze in Gujan-Mestras mit Wohnmobilstellplatz<\/h2>\n\n\n\n<p>Erleben Sie einen au\u00dfergew\u00f6hnlichen Urlaub an Bord Ihres&nbsp;<strong>Wohnwagen<\/strong>&nbsp;! Buchen Sie Ihren Stellplatz in a&nbsp;<strong>Camping<\/strong>&nbsp;von&nbsp;<strong>Gujan-Mestras<\/strong>&nbsp;und teilen Sie besondere Familienmomente auf dem Bassin. W\u00e4hlen Sie auf dem Sand und am Rand des Wassers Ihr Dekor f\u00fcr ein unvergessliches Erwachen von sich aus&nbsp;<strong>Wohnwagen&nbsp;<\/strong>!<\/p>\n\n\n\n<div class=\"wp-block-buttons is-layout-flex wp-block-buttons-is-layout-flex\">\n<div class=\"wp-block-button\"><a class=\"wp-block-button__link wp-element-button\" href=\"https:\/\/bassin-arcachon.com\/de\/unterkunft-2\/campingplatze%40gujan-mestras\/\">Campingpl\u00e4tze mit Wohnmobilstellpl\u00e4tzen<\/a><\/div>\n<\/div>\n<\/div>\n<\/div><\/div>\n\n\n\n<div style=\"height:60px\" aria-hidden=\"true\" class=\"wp-block-spacer\"><\/div>\n\n\n\n<div class=\"wp-block-uagb-container uagb-block-8baa74f7 alignfull uagb-is-root-container\"><div class=\"uagb-container-inner-blocks-wrap\">\n<div class=\"wp-block-uagb-container uagb-block-6ff0a6f8\">\n<h2 class=\"wp-block-heading\">Unsere Campingpl\u00e4tze mit Schwimmbad in Gujan-Mestras<\/h2>\n\n\n\n<p>Stellen Sie sich Ihren Urlaub vor&nbsp;<strong>Camping<\/strong>&nbsp;auf der Seite des&nbsp;<strong>Schwimmbad<\/strong>, ein Genuss f\u00fcr die ganze Familie: kleine und gro\u00dfe Pools, Wasserspiele und Liegest\u00fchle, unser&nbsp;<strong>Campingpl\u00e4tze<\/strong>&nbsp;von&nbsp;<strong>Gujan-Mestras oder in der N\u00e4he<\/strong>&nbsp;Machen Sie Ihren Urlaub zu einer wahrhaft verzauberten Klammer! Nur einen Steinwurf vom Becken entfernt und umgeben von Natur, genie\u00dfen Sie das ruhige und klare Wasser des&nbsp;<strong>Schwimmbad<\/strong>&nbsp;von dir&nbsp;<strong>Camping<\/strong>&nbsp;!<\/p>\n\n\n\n<div class=\"wp-block-buttons is-layout-flex wp-block-buttons-is-layout-flex\">\n<div class=\"wp-block-button\"><a class=\"wp-block-button__link wp-element-button\" href=\"https:\/\/bassin-arcachon.com\/de\/unterkunft-2\/campingplatze%40gujan-mestras%26amp%3bschwimmbad\/\">Campingpl\u00e4tze mit Schwimmbad<\/a><\/div>\n<\/div>\n<\/div>\n\n\n\n<div class=\"wp-block-uagb-container uagb-block-ecb83634\">\n<div class=\"wp-block-uagb-image uagb-block-4aef9e7b wp-block-uagb-image--layout-default wp-block-uagb-image--effect-static wp-block-uagb-image--align-none\"><figure class=\"wp-block-uagb-image__figure\"><img decoding=\"async\" srcset=\"https:\/\/bassin-arcachon.com\/wp-content\/uploads\/2017\/02\/IMG_28_Canal-1024x683.jpg \" sizes=\"auto, (max-width: 480px) 150px\" src=\"https:\/\/bassin-arcachon.com\/wp-content\/uploads\/2017\/02\/IMG_28_Canal-1024x683.jpg\" alt=\"- - Bassin d&#039;Arcachon\" class=\"uag-image-6995\" width=\"1024\" height=\"683\" title=\"- - Bassin d&#039;Arcachon\" loading=\"lazy\" role=\"img\"><\/figure><\/div>\n<\/div>\n<\/div><\/div>\n\n\n\n<div style=\"height:60px\" aria-hidden=\"true\" class=\"wp-block-spacer\"><\/div>\n\n\n\n<div class=\"wp-block-uagb-container uagb-block-041c39c5 alignfull uagb-is-root-container\">\n<div class=\"wp-block-cover is-light has-parallax\"><span aria-hidden=\"true\" class=\"wp-block-cover__background has-background-dim-0 has-background-dim\"><\/span><div class=\"wp-block-cover__image-background wp-image-1345 has-parallax\" style=\"background-position:50% 50%;background-image:url(https:\/\/bassin-arcachon.com\/wp-content\/uploads\/2017\/03\/Camping-Panorama-du-Pyla-cottage-vue-mer-coin-farniente.jpg)\"><\/div><div class=\"wp-block-cover__inner-container is-layout-flow wp-block-cover-is-layout-flow\">\n<div class=\"wp-block-uagb-container uagb-block-ae6479e7\">\n<h2 class=\"wp-block-heading has-text-align-center has-white-color has-text-color has-large-font-size\">Verbringen Sie Ihre Ferien mit Leichtigkeit auf einem der Bassin-Campingpl\u00e4tze in Arcachon!<\/h2>\n\n\n\n<p class=\"has-text-align-center has-white-color has-text-color\"><a href=\"https:\/\/bassin-arcachon.com\/de\/unterkunft-2\/campingplatze\/\">STARTEN SIE IHRE SUCHE<\/a><\/p>\n<\/div>\n<\/div><\/div>\n<\/div>\n\n\n\n<div style=\"height:60px\" aria-hidden=\"true\" class=\"wp-block-spacer\"><\/div>\n\n\n\n<div class=\"wp-block-uagb-container uagb-block-02e6a164 alignfull uagb-is-root-container\"><div class=\"uagb-container-inner-blocks-wrap\">\n<div class=\"wp-block-uagb-container uagb-block-8edb6d7d\">\n<h3 class=\"wp-block-heading\">M\u00f6chten Sie einen Campingplatz in der N\u00e4he von Gujan-Mestras buchen?<\/h3>\n\n\n\n<p>Entdecken Sie alle unsere Campingpl\u00e4tze bei Bassin Arcachon:&nbsp;<a href=\"https:\/\/bassin-arcachon.com\/de\/unterkunft-2\/hotels+ares\/\">Ares<\/a>,&nbsp;<a href=\"https:\/\/bassin-arcachon.com\/de\/unterkunft-2\/hotels+arcachon\/\">Arcachon<\/a>,&nbsp;<a href=\"https:\/\/bassin-arcachon.com\/de\/unterkunft-2\/hotels+der-buch-test\/\">Buchs Test<\/a>,&nbsp;<a href=\"https:\/\/bassin-arcachon.com\/de\/unterkunft-2\/hotels+anders\/\">Andersen<\/a>,&nbsp;<a href=\"https:\/\/bassin-arcachon.com\/de\/unterkunft-2\/hotels+der-teich\/\">Le Teich,<\/a>&nbsp;<a href=\"https:\/\/bassin-arcachon.com\/de\/unterkunft-2\/hotels+herz-des-beckens-2\/\">Biganos,<\/a>&nbsp;<a href=\"https:\/\/bassin-arcachon.com\/de\/unterkunft-2\/hotels+herz-des-beckens-2\/\">Audenge<\/a>,<a href=\"https:\/\/bassin-arcachon.com\/de\/unterkunft-2\/hotels+herz-des-beckens-2\/\">&nbsp;Lanton&nbsp;<\/a>und&nbsp;<a href=\"https:\/\/bassin-arcachon.com\/de\/unterkunft-2\/hotels+lege-cap-frettchen\/\">Cap-Frettchen<\/a>&nbsp;!<\/p>\n<\/div>\n\n\n\n<div class=\"wp-block-uagb-container uagb-block-2e52a006\">\n<div class=\"wp-block-uagb-image uagb-block-a755267c wp-block-uagb-image--layout-default wp-block-uagb-image--effect-static wp-block-uagb-image--align-none\"><figure class=\"wp-block-uagb-image__figure\"><img decoding=\"async\" srcset=\"https:\/\/bassin-arcachon.com\/wp-content\/uploads\/2018\/09\/nourri-a-lhu\u00eetre-\u00e9lev\u00e9-sous-les-pins-Bassin-dArcachon.jpg 1000w, https:\/\/bassin-arcachon.com\/wp-content\/uploads\/2018\/09\/nourri-a-lhu\u00eetre-\u00e9lev\u00e9-sous-les-pins-Bassin-dArcachon-600x400.jpg 600w, https:\/\/bassin-arcachon.com\/wp-content\/uploads\/2018\/09\/nourri-a-lhu\u00eetre-\u00e9lev\u00e9-sous-les-pins-Bassin-dArcachon-768x511.jpg 768w, https:\/\/bassin-arcachon.com\/wp-content\/uploads\/2018\/09\/nourri-a-lhu\u00eetre-\u00e9lev\u00e9-sous-les-pins-Bassin-dArcachon-18x12.jpg 18w\" sizes=\"auto, (max-width: 480px) 150px\" src=\"https:\/\/bassin-arcachon.com\/wp-content\/uploads\/2018\/09\/nourri-a-lhu\u00eetre-\u00e9lev\u00e9-sous-les-pins-Bassin-dArcachon.jpg\" alt=\"- - Bassin d&#039;Arcachon\" class=\"uag-image-26169\" width=\"1000\" height=\"666\" title=\"- - Bassin d&#039;Arcachon\" loading=\"lazy\" role=\"img\"><\/figure><\/div>\n<\/div>\n<\/div><\/div>\n\n\n\n<div style=\"height:60px\" aria-hidden=\"true\" class=\"wp-block-spacer\"><\/div>","protected":false},"excerpt":{"rendered":"<p>Nos campings \u00e0 Gujan-Mestras avec vos animaux de compagnie Partez en vacances avec votre animal de compagnie dans un de nos&nbsp;campings&nbsp;\u00e0&nbsp;Gujan-Mestras, ou \u00e0 proximit\u00e9&nbsp;! Entre dunes et for\u00eat, vos&nbsp;animaux&nbsp;auront bien [&hellip;]<\/p>\n","protected":false},"author":25,"featured_media":2217,"parent":392,"menu_order":1,"comment_status":"closed","ping_status":"closed","template":"","meta":{"_acf_changed":false,"_uag_custom_page_level_css":"","footnotes":""},"class_list":["post-44472","page","type-page","status-publish","has-post-thumbnail","hentry"],"acf":[],"uagb_featured_image_src":{"full":["https:\/\/bassin-arcachon.com\/wp-content\/uploads\/2017\/03\/camping-bassin-arcachon.jpg",1200,800,false],"thumbnail":["https:\/\/bassin-arcachon.com\/wp-content\/uploads\/2017\/03\/camping-bassin-arcachon-150x150.jpg",150,150,true],"medium":["https:\/\/bassin-arcachon.com\/wp-content\/uploads\/2017\/03\/camping-bassin-arcachon-600x400.jpg",600,400,true],"medium_large":["https:\/\/bassin-arcachon.com\/wp-content\/uploads\/2017\/03\/camping-bassin-arcachon-768x512.jpg",768,512,true],"large":["https:\/\/bassin-arcachon.com\/wp-content\/uploads\/2017\/03\/camping-bassin-arcachon-1024x683.jpg",1024,683,true],"1536x1536":["https:\/\/bassin-arcachon.com\/wp-content\/uploads\/2017\/03\/camping-bassin-arcachon.jpg",1200,800,false],"2048x2048":["https:\/\/bassin-arcachon.com\/wp-content\/uploads\/2017\/03\/camping-bassin-arcachon.jpg",1200,800,false],"trp-custom-language-flag":["https:\/\/bassin-arcachon.com\/wp-content\/uploads\/2017\/03\/camping-bassin-arcachon-18x12.jpg",18,12,true]},"uagb_author_info":{"display_name":"Marie Clauzel","author_link":"https:\/\/bassin-arcachon.com\/de\/author\/mariesiba\/"},"uagb_comment_info":0,"uagb_excerpt":"Nos campings \u00e0 Gujan-Mestras avec vos animaux de compagnie Partez en vacances avec votre animal de compagnie dans un de nos&nbsp;campings&nbsp;\u00e0&nbsp;Gujan-Mestras, ou \u00e0 proximit\u00e9&nbsp;! Entre dunes et for\u00eat, vos&nbsp;animaux&nbsp;auront bien [&hellip;]","_links":{"self":[{"href":"https:\/\/bassin-arcachon.com\/de\/wp-json\/wp\/v2\/pages\/44472","targetHints":{"allow":["GET"]}}],"collection":[{"href":"https:\/\/bassin-arcachon.com\/de\/wp-json\/wp\/v2\/pages"}],"about":[{"href":"https:\/\/bassin-arcachon.com\/de\/wp-json\/wp\/v2\/types\/page"}],"author":[{"embeddable":true,"href":"https:\/\/bassin-arcachon.com\/de\/wp-json\/wp\/v2\/users\/25"}],"replies":[{"embeddable":true,"href":"https:\/\/bassin-arcachon.com\/de\/wp-json\/wp\/v2\/comments?post=44472"}],"version-history":[{"count":2,"href":"https:\/\/bassin-arcachon.com\/de\/wp-json\/wp\/v2\/pages\/44472\/revisions"}],"predecessor-version":[{"id":68275,"href":"https:\/\/bassin-arcachon.com\/de\/wp-json\/wp\/v2\/pages\/44472\/revisions\/68275"}],"up":[{"embeddable":true,"href":"https:\/\/bassin-arcachon.com\/de\/wp-json\/wp\/v2\/pages\/392"}],"wp:featuredmedia":[{"embeddable":true,"href":"https:\/\/bassin-arcachon.com\/de\/wp-json\/wp\/v2\/media\/2217"}],"wp:attachment":[{"href":"https:\/\/bassin-arcachon.com\/de\/wp-json\/wp\/v2\/media?parent=44472"}],"curies":[{"name":"wp","href":"https:\/\/api.w.org\/{rel}","templated":true}]}}