{"id":45501,"date":"2020-07-10T13:50:37","date_gmt":"2020-07-10T11:50:37","guid":{"rendered":"https:\/\/bassin-arcachon.com\/\/?page_id=45501"},"modified":"2024-11-06T11:08:00","modified_gmt":"2024-11-06T10:08:00","slug":"unsere-gastezimmer-in-ares","status":"publish","type":"page","link":"https:\/\/bassin-arcachon.com\/de\/ou-dormir\/chambres-hotes\/nos-chambres-dhotes-a-ares\/","title":{"rendered":"Unser Bed and Breakfast in Ar\u00e8s"},"content":{"rendered":"<div class=\"wp-block-uagb-container uagb-block-18d529f1 alignfull uagb-is-root-container\"><div class=\"uagb-container-inner-blocks-wrap\">\n<div class=\"wp-block-uagb-container uagb-block-1c7ec6e5\">\n<h2 class=\"wp-block-heading\">Unsere G\u00e4stezimmer mit Schwimmbad in Ar\u00e8s<\/h2>\n\n\n\n<p>W\u00e4hlen Sie eines unserer G\u00e4stezimmer mit Swimmingpool in Ar\u00e8s und \u00fcbernachten Sie direkt vor den Toren des Pools! M\u00f6chten Sie sich ausruhen? Mit Kindern oder Freunden die Schwimmb\u00e4der unserer G\u00e4stezimmer <a href=\"https:\/\/bassin-arcachon.com\/de\/unsere-stadte-und-dorfer\/ares\/\">in Ares<\/a> garantieren Ihnen Momente der Ruhe in einer friedlichen und nat\u00fcrlichen Umgebung, genie\u00dfen Sie sie!<\/p>\n\n\n\n<div class=\"wp-block-buttons is-layout-flex wp-block-buttons-is-layout-flex\">\n<div class=\"wp-block-button\"><a class=\"wp-block-button__link wp-element-button\" href=\"https:\/\/bassin-arcachon.com\/de\/unterkunft-2\/gastezimmerarespool-2\/\">Bed and Breakfast mit Schwimmbad<\/a><\/div>\n<\/div>\n<\/div>\n\n\n\n<div class=\"wp-block-uagb-container uagb-block-ff521753\">\n<div class=\"wp-block-uagb-image uagb-block-1ff723e3 wp-block-uagb-image--layout-default wp-block-uagb-image--effect-static wp-block-uagb-image--align-none\"><figure class=\"wp-block-uagb-image__figure\"><img decoding=\"async\" srcset=\"https:\/\/bassin-arcachon.com\/wp-content\/uploads\/2017\/04\/ares-foret-1024x745.jpg \" sizes=\"auto, (max-width: 480px) 150px\" src=\"https:\/\/bassin-arcachon.com\/wp-content\/uploads\/2017\/04\/ares-foret-1024x745.jpg\" alt=\"- - Bassin d&#039;Arcachon\" class=\"uag-image-1161\" width=\"1024\" height=\"745\" title=\"- - Bassin d&#039;Arcachon\" loading=\"lazy\" role=\"img\"><\/figure><\/div>\n<\/div>\n<\/div><\/div>\n\n\n\n<div style=\"height:60px\" aria-hidden=\"true\" class=\"wp-block-spacer\"><\/div>\n\n\n\n<div class=\"wp-block-uagb-container uagb-block-f567a905 alignfull uagb-is-root-container\"><div class=\"uagb-container-inner-blocks-wrap\">\n<div class=\"wp-block-uagb-container uagb-block-959033a5\">\n<div class=\"wp-block-uagb-image uagb-block-7c4aacdf wp-block-uagb-image--layout-default wp-block-uagb-image--effect-static wp-block-uagb-image--align-none\"><figure class=\"wp-block-uagb-image__figure\"><img decoding=\"async\" srcset=\"https:\/\/bassin-arcachon.com\/wp-content\/uploads\/2017\/11\/Ares-01-1024x683.jpg \" sizes=\"auto, (max-width: 480px) 150px\" src=\"https:\/\/bassin-arcachon.com\/wp-content\/uploads\/2017\/11\/Ares-01-1024x683.jpg\" alt=\"Sonnenuntergang-ares\" class=\"uag-image-10777\" width=\"1024\" height=\"683\" title=\"- - Bassin d&#039;Arcachon\" loading=\"lazy\" role=\"img\"><\/figure><\/div>\n<\/div>\n\n\n\n<div class=\"wp-block-uagb-container uagb-block-774bd529\">\n<h2 class=\"wp-block-heading\">Unsere G\u00e4stezimmer sind das ganze Jahr \u00fcber in Ar\u00e8s ge\u00f6ffnet<\/h2>\n\n\n\n<p>Die G\u00e4stezimmer in Ar\u00e8s hei\u00dfen Sie im Rhythmus der Jahreszeiten willkommen! Fr\u00fchling, Sommer, Herbst ... M\u00f6chten Sie einen Winterurlaub am Becken verbringen? Stellen Sie sich die einsamen Str\u00e4nde vor, den Zauber des Waldes im Winter ... Sp\u00fcren Sie die Unermesslichkeit der Natur und ein Gef\u00fchl der Freiheit! Erleben Sie eine neue Erfahrung, indem Sie das ganze Jahr \u00fcber die Farben des Beckens entdecken und w\u00e4hlen Sie eines unserer ganzj\u00e4hrig ge\u00f6ffneten G\u00e4stezimmer in Ar\u00e8s!<\/p>\n\n\n\n<div class=\"wp-block-buttons is-layout-flex wp-block-buttons-is-layout-flex\">\n<div class=\"wp-block-button\"><a class=\"wp-block-button__link wp-element-button\" href=\"https:\/\/bassin-arcachon.com\/de\/unterkunft-2\/gastezimmerares\/\">Die G\u00e4stezimmer sind ganzj\u00e4hrig ge\u00f6ffnet<\/a><\/div>\n<\/div>\n<\/div>\n<\/div><\/div>\n\n\n\n<div style=\"height:60px\" aria-hidden=\"true\" class=\"wp-block-spacer\"><\/div>\n\n\n\n<div class=\"wp-block-uagb-container uagb-block-93219634 alignfull uagb-is-root-container\"><div class=\"uagb-container-inner-blocks-wrap\">\n<div class=\"wp-block-uagb-container uagb-block-97e56624\">\n<h2 class=\"wp-block-heading\">Unsere G\u00e4stezimmer mit WLAN in Ar\u00e8s<\/h2>\n\n\n\n<p>Reservieren Sie dank des WLANs unserer G\u00e4stezimmer in Ar\u00e8s einen Tisch in einem Restaurant auf der Halbinsel oder eine Bootsfahrt von Ihrem Zimmer aus! Bleiben Sie w\u00e4hrend Ihres Aufenthalts am Becken in Verbindung und teilen Sie Ihre besten Fotos mit Ihren Freunden. Entscheiden Sie sich f\u00fcr ein Bed &amp; Breakfast mit WLAN in Ar\u00e8s!<\/p>\n\n\n\n<div class=\"wp-block-buttons is-layout-flex wp-block-buttons-is-layout-flex\">\n<div class=\"wp-block-button\"><a class=\"wp-block-button__link wp-element-button\" href=\"https:\/\/bassin-arcachon.com\/de\/unterkunft-2\/gastezimmerareswifi\/\">Bed &amp; Breakfast mit WLAN<\/a><\/div>\n<\/div>\n<\/div>\n\n\n\n<div class=\"wp-block-uagb-container uagb-block-3310a7d3\">\n<div class=\"wp-block-uagb-image uagb-block-6b2d231c wp-block-uagb-image--layout-default wp-block-uagb-image--effect-static wp-block-uagb-image--align-none\"><figure class=\"wp-block-uagb-image__figure\"><img decoding=\"async\" srcset=\"https:\/\/bassin-arcachon.com\/wp-content\/uploads\/2020\/07\/Flaner-sur-le-port-ostreicole-Ares-Bassin-Arcachon-1024x683-1.jpg \" sizes=\"auto, (max-width: 480px) 150px\" src=\"https:\/\/bassin-arcachon.com\/wp-content\/uploads\/2020\/07\/Flaner-sur-le-port-ostreicole-Ares-Bassin-Arcachon-1024x683-1.jpg\" alt=\"- - Bassin d&#039;Arcachon\" class=\"uag-image-44399\" width=\"1024\" height=\"683\" title=\"- - Bassin d&#039;Arcachon\" loading=\"lazy\" role=\"img\"><\/figure><\/div>\n<\/div>\n<\/div><\/div>\n\n\n\n<div style=\"height:60px\" aria-hidden=\"true\" class=\"wp-block-spacer\"><\/div>\n\n\n\n<div class=\"wp-block-uagb-container uagb-block-b69654d4 alignfull uagb-is-root-container\">\n<div class=\"wp-block-cover is-light has-parallax\"><span aria-hidden=\"true\" class=\"wp-block-cover__background has-background-dim-0 has-background-dim\"><\/span><div class=\"wp-block-cover__image-background wp-image-1345 has-parallax\" style=\"background-position:50% 50%;background-image:url(https:\/\/bassin-arcachon.com\/wp-content\/uploads\/2017\/03\/Camping-Panorama-du-Pyla-cottage-vue-mer-coin-farniente.jpg)\"><\/div><div class=\"wp-block-cover__inner-container is-layout-flow wp-block-cover-is-layout-flow\">\n<div class=\"wp-block-uagb-container uagb-block-5f0a3710\">\n<h2 class=\"wp-block-heading has-text-align-center has-white-color has-text-color has-large-font-size\">Verbringen Sie Ihren Urlaub mit Leichtigkeit in einem der Bassin-G\u00e4stezimmer in Arcachon!<\/h2>\n\n\n\n<p class=\"has-text-align-center has-white-color has-text-color\"><a href=\"https:\/\/bassin-arcachon.com\/de\/unterkunft-2\/gastezimmer-2\/\">STARTEN SIE IHRE SUCHE<\/a><\/p>\n<\/div>\n<\/div><\/div>\n<\/div>\n\n\n\n<div style=\"height:60px\" aria-hidden=\"true\" class=\"wp-block-spacer\"><\/div>\n\n\n\n<div class=\"wp-block-uagb-container uagb-block-64953ac4 alignfull uagb-is-root-container\"><div class=\"uagb-container-inner-blocks-wrap\">\n<div class=\"wp-block-uagb-container uagb-block-325ff4a0\">\n<h3 class=\"wp-block-heading\">M\u00f6chten Sie ein Bed &amp; Breakfast rund um Ar\u00e8s buchen?<\/h3>\n\n\n\n<p>Entdecken Sie alle G\u00e4stezimmer im Bassin Arcachon:&nbsp;<a href=\"https:\/\/bassin-arcachon.com\/de\/wo-schlafen\/vermietung-von-bed-breakfasts\/?commune=arcachon\">Arcachon<\/a>,&nbsp;<a href=\"https:\/\/bassin-arcachon.com\/de\/wo-schlafen\/vermietung-von-bed-breakfasts\/?commune=andernos-les-bains\">Andersen<\/a>,&nbsp;<a href=\"https:\/\/bassin-arcachon.com\/de\/wo-schlafen\/vermietung-von-bed-breakfasts\/?commune=lanton\">Lanton<\/a>,&nbsp;<a href=\"https:\/\/bassin-arcachon.com\/de\/wo-schlafen\/vermietung-von-bed-breakfasts\/?commune=gujan-mestras\">Gujan-Mestras<\/a>,&nbsp;<a href=\"https:\/\/bassin-arcachon.com\/de\/wo-schlafen\/vermietung-von-bed-breakfasts\/?commune=la-teste-de-buch\">Buchs Test<\/a>,&nbsp;<a href=\"https:\/\/bassin-arcachon.com\/de\/wo-schlafen\/vermietung-von-bed-breakfasts\/?commune=audenge\">Audenge,<\/a>&nbsp;und&nbsp;<a href=\"https:\/\/bassin-arcachon.com\/de\/wo-schlafen\/vermietung-von-bed-breakfasts\/?commune=lege-cap-ferret\">Cap-Frettchen<\/a>&nbsp;!<\/p>\n<\/div>\n\n\n\n<div class=\"wp-block-uagb-container uagb-block-6f3206be\">\n<div class=\"wp-block-uagb-image uagb-block-f7246d5e wp-block-uagb-image--layout-default wp-block-uagb-image--effect-static wp-block-uagb-image--align-none\"><figure class=\"wp-block-uagb-image__figure\"><img decoding=\"async\" srcset=\"https:\/\/bassin-arcachon.com\/wp-content\/uploads\/2018\/09\/nourri-a-lhu\u00eetre-\u00e9lev\u00e9-sous-les-pins-Bassin-dArcachon.jpg 1000w, https:\/\/bassin-arcachon.com\/wp-content\/uploads\/2018\/09\/nourri-a-lhu\u00eetre-\u00e9lev\u00e9-sous-les-pins-Bassin-dArcachon-600x400.jpg 600w, https:\/\/bassin-arcachon.com\/wp-content\/uploads\/2018\/09\/nourri-a-lhu\u00eetre-\u00e9lev\u00e9-sous-les-pins-Bassin-dArcachon-768x511.jpg 768w, https:\/\/bassin-arcachon.com\/wp-content\/uploads\/2018\/09\/nourri-a-lhu\u00eetre-\u00e9lev\u00e9-sous-les-pins-Bassin-dArcachon-18x12.jpg 18w\" sizes=\"auto, (max-width: 480px) 150px\" src=\"https:\/\/bassin-arcachon.com\/wp-content\/uploads\/2018\/09\/nourri-a-lhu\u00eetre-\u00e9lev\u00e9-sous-les-pins-Bassin-dArcachon.jpg\" alt=\"- - Bassin d&#039;Arcachon\" class=\"uag-image-26169\" width=\"1000\" height=\"666\" title=\"- - Bassin d&#039;Arcachon\" loading=\"lazy\" role=\"img\"><\/figure><\/div>\n<\/div>\n<\/div><\/div>\n\n\n\n<div style=\"height:60px\" aria-hidden=\"true\" class=\"wp-block-spacer\"><\/div>","protected":false},"excerpt":{"rendered":"<p>Nos chambres d\u2019h\u00f4tes avec piscine \u00e0 Ar\u00e8s Choisissez l\u2019une de nos chambres d\u2019h\u00f4tes avec piscine \u00e0 Ar\u00e8s, et s\u00e9journez aux portes du bassin ! Envie de repos ? Avec les [&hellip;]<\/p>\n","protected":false},"author":25,"featured_media":2217,"parent":398,"menu_order":1,"comment_status":"closed","ping_status":"closed","template":"","meta":{"_acf_changed":false,"_uag_custom_page_level_css":"","footnotes":""},"class_list":["post-45501","page","type-page","status-publish","has-post-thumbnail","hentry"],"acf":[],"uagb_featured_image_src":{"full":["https:\/\/bassin-arcachon.com\/wp-content\/uploads\/2017\/03\/camping-bassin-arcachon.jpg",1200,800,false],"thumbnail":["https:\/\/bassin-arcachon.com\/wp-content\/uploads\/2017\/03\/camping-bassin-arcachon-150x150.jpg",150,150,true],"medium":["https:\/\/bassin-arcachon.com\/wp-content\/uploads\/2017\/03\/camping-bassin-arcachon-600x400.jpg",600,400,true],"medium_large":["https:\/\/bassin-arcachon.com\/wp-content\/uploads\/2017\/03\/camping-bassin-arcachon-768x512.jpg",768,512,true],"large":["https:\/\/bassin-arcachon.com\/wp-content\/uploads\/2017\/03\/camping-bassin-arcachon-1024x683.jpg",1024,683,true],"1536x1536":["https:\/\/bassin-arcachon.com\/wp-content\/uploads\/2017\/03\/camping-bassin-arcachon.jpg",1200,800,false],"2048x2048":["https:\/\/bassin-arcachon.com\/wp-content\/uploads\/2017\/03\/camping-bassin-arcachon.jpg",1200,800,false],"trp-custom-language-flag":["https:\/\/bassin-arcachon.com\/wp-content\/uploads\/2017\/03\/camping-bassin-arcachon-18x12.jpg",18,12,true]},"uagb_author_info":{"display_name":"Marie Clauzel","author_link":"https:\/\/bassin-arcachon.com\/de\/author\/mariesiba\/"},"uagb_comment_info":0,"uagb_excerpt":"Nos chambres d\u2019h\u00f4tes avec piscine \u00e0 Ar\u00e8s Choisissez l\u2019une de nos chambres d\u2019h\u00f4tes avec piscine \u00e0 Ar\u00e8s, et s\u00e9journez aux portes du bassin ! Envie de repos ? Avec les [&hellip;]","_links":{"self":[{"href":"https:\/\/bassin-arcachon.com\/de\/wp-json\/wp\/v2\/pages\/45501","targetHints":{"allow":["GET"]}}],"collection":[{"href":"https:\/\/bassin-arcachon.com\/de\/wp-json\/wp\/v2\/pages"}],"about":[{"href":"https:\/\/bassin-arcachon.com\/de\/wp-json\/wp\/v2\/types\/page"}],"author":[{"embeddable":true,"href":"https:\/\/bassin-arcachon.com\/de\/wp-json\/wp\/v2\/users\/25"}],"replies":[{"embeddable":true,"href":"https:\/\/bassin-arcachon.com\/de\/wp-json\/wp\/v2\/comments?post=45501"}],"version-history":[{"count":1,"href":"https:\/\/bassin-arcachon.com\/de\/wp-json\/wp\/v2\/pages\/45501\/revisions"}],"predecessor-version":[{"id":68257,"href":"https:\/\/bassin-arcachon.com\/de\/wp-json\/wp\/v2\/pages\/45501\/revisions\/68257"}],"up":[{"embeddable":true,"href":"https:\/\/bassin-arcachon.com\/de\/wp-json\/wp\/v2\/pages\/398"}],"wp:featuredmedia":[{"embeddable":true,"href":"https:\/\/bassin-arcachon.com\/de\/wp-json\/wp\/v2\/media\/2217"}],"wp:attachment":[{"href":"https:\/\/bassin-arcachon.com\/de\/wp-json\/wp\/v2\/media?parent=45501"}],"curies":[{"name":"wp","href":"https:\/\/api.w.org\/{rel}","templated":true}]}}