{"id":45555,"date":"2020-07-10T14:47:51","date_gmt":"2020-07-10T12:47:51","guid":{"rendered":"https:\/\/bassin-arcachon.com\/\/?page_id=45555"},"modified":"2024-11-06T10:47:16","modified_gmt":"2024-11-06T09:47:16","slug":"unsere-hotels-a-ares","status":"publish","type":"page","link":"https:\/\/bassin-arcachon.com\/de\/ou-dormir\/nos-hotels-a-ares\/","title":{"rendered":"Unsere Hotels in Ares"},"content":{"rendered":"<div class=\"wp-block-uagb-container uagb-block-d6340998 alignfull uagb-is-root-container\"><div class=\"uagb-container-inner-blocks-wrap\">\n<h2 class=\"wp-block-heading has-text-align-center\" style=\"font-size:25px\">In Ar\u00e8s haben Sie die Wahl zwischen Hotels mit Schwimmbad, Parkplatz oder Familienzimmern. Finden Sie die perfekte Immobilie f\u00fcr Ihren Aufenthalt.<\/h2>\n<\/div><\/div>\n\n\n\n<div style=\"height:40px\" aria-hidden=\"true\" class=\"wp-block-spacer\"><\/div>\n\n\n\n<div class=\"wp-block-uagb-container uagb-block-7792da94 alignfull uagb-is-root-container\"><div class=\"uagb-container-inner-blocks-wrap\">\n<div class=\"wp-block-uagb-container uagb-block-5161a769\">\n<h2 class=\"wp-block-heading\">Unsere Hotels in Ares mit Schwimmbad<\/h2>\n\n\n\n<p>Genie\u00dfen Sie mit Familie oder Freunden den Pool in einem unserer Hotels in Ar\u00e8s! Entdecken Sie unsere Auswahl an Hotelbetrieben, die \u00fcber Planschbecken f\u00fcr die Kleinen, Wasserspiele f\u00fcr die Kinder oder Ruhezonen f\u00fcr die Gr\u00f6\u00dferen verf\u00fcgen. Genug, um die anspruchsvollsten Schwimmer zufrieden zu stellen! Erfrischend oder w\u00e4rmend, sportlich oder entspannend, in unseren Hotels in Ar\u00e8s hat jeder sein eigenes Schwimmbad! Was wird deiner sein?<\/p>\n\n\n\n<div class=\"wp-block-buttons is-layout-flex wp-block-buttons-is-layout-flex\">\n<div class=\"wp-block-button\"><a class=\"wp-block-button__link wp-element-button\" href=\"https:\/\/bassin-arcachon.com\/de\/unterkunft-2\/hotels-schwimmbad\/\">Hotels mit Schwimmbad<\/a><\/div>\n<\/div>\n<\/div>\n\n\n\n<div class=\"wp-block-uagb-container uagb-block-f8f5f9f9\">\n<div class=\"wp-block-uagb-image uagb-block-90d42698 wp-block-uagb-image--layout-default wp-block-uagb-image--effect-static wp-block-uagb-image--align-none\"><figure class=\"wp-block-uagb-image__figure\"><img decoding=\"async\" srcset=\"https:\/\/bassin-arcachon.com\/wp-content\/uploads\/2017\/04\/ares-port-ostreicole-1024x768.jpg \" sizes=\"auto, (max-width: 480px) 150px\" src=\"https:\/\/bassin-arcachon.com\/wp-content\/uploads\/2017\/04\/ares-port-ostreicole-1024x768.jpg\" alt=\"- - Bassin d&#039;Arcachon\" class=\"uag-image-1162\" width=\"1024\" height=\"768\" title=\"- - Bassin d&#039;Arcachon\" loading=\"lazy\" role=\"img\"><\/figure><\/div>\n<\/div>\n<\/div><\/div>\n\n\n\n<div style=\"height:60px\" aria-hidden=\"true\" class=\"wp-block-spacer\"><\/div>\n\n\n\n<div class=\"wp-block-uagb-container uagb-block-66800836 alignfull uagb-is-root-container\"><div class=\"uagb-container-inner-blocks-wrap\">\n<div class=\"wp-block-uagb-container uagb-block-d368b390\">\n<div class=\"wp-block-uagb-image uagb-block-84006432 wp-block-uagb-image--layout-default wp-block-uagb-image--effect-static wp-block-uagb-image--align-none\"><figure class=\"wp-block-uagb-image__figure\"><img decoding=\"async\" srcset=\"https:\/\/bassin-arcachon.com\/wp-content\/uploads\/2017\/02\/parking-dune-du-pilat.jpg \" sizes=\"auto, (max-width: 480px) 150px\" src=\"https:\/\/bassin-arcachon.com\/wp-content\/uploads\/2017\/02\/parking-dune-du-pilat.jpg\" alt=\"- - Bassin d&#039;Arcachon\" class=\"uag-image-24070\" width=\"1000\" height=\"664\" title=\"- - Bassin d&#039;Arcachon\" loading=\"lazy\" role=\"img\"><\/figure><\/div>\n<\/div>\n\n\n\n<div class=\"wp-block-uagb-container uagb-block-185509d3\">\n<h2 class=\"wp-block-heading\">Unsere Hotels in Ares mit Parkplatz<\/h2>\n\n\n\n<p>M\u00f6chten Sie Ihr Auto in wenigen Minuten parken? Entscheiden Sie sich f\u00fcr Komfort und Entspannung w\u00e4hrend Ihres Wochenendes, indem Sie ein Hotel in Ares buchen, das \u00fcber einen Parkplatz verf\u00fcgt! Sie k\u00f6nnen Ihr Auto stehen lassen und ein Fahrrad mieten, um sich freier im Herzen der Stadt zu bewegen. Wenn Sie sich f\u00fcr ein Hotel mit Parkplatz entscheiden, vermeiden Sie auch Staus! Genug, um Zeit zu sparen, um die Umgebung des Bassin von Arcachon und seine herrlichen Landschaften leicht zu entdecken. Finden Sie Ihr Hotel mit Parkplatz in Ares und machen Sie sich das Leben leichter!<\/p>\n\n\n\n<div class=\"wp-block-buttons is-layout-flex wp-block-buttons-is-layout-flex\">\n<div class=\"wp-block-button\"><a class=\"wp-block-button__link wp-element-button\" href=\"https:\/\/bassin-arcachon.com\/de\/unterkunft-2\/hotels%26amp%3bparkplatz\/\">Hotels mit Parkplatz<\/a><\/div>\n<\/div>\n<\/div>\n<\/div><\/div>\n\n\n\n<div style=\"height:60px\" aria-hidden=\"true\" class=\"wp-block-spacer\"><\/div>\n\n\n\n<div class=\"wp-block-uagb-container uagb-block-9523392f alignfull uagb-is-root-container\"><div class=\"uagb-container-inner-blocks-wrap\">\n<div class=\"wp-block-uagb-container uagb-block-6ee4a939\">\n<h2 class=\"wp-block-heading\">Unsere Hotels in Ares mit Familienzimmern<\/h2>\n\n\n\n<p>Bleiben Sie mit den Kindern in Ares? Entscheiden Sie sich f\u00fcr ein Hotel mit Familienzimmer! Ger\u00e4umig und komfortabel bieten sie Platz f\u00fcr alle und Raum f\u00fcr alle! Jung und Alt k\u00f6nnen sich wie zu Hause f\u00fchlen. Brauchen Sie mehr Privatsph\u00e4re? W\u00e4hlen Sie Zimmer mit Verbindungst\u00fcr. Perfekt f\u00fcr ein harmonisches Zusammenleben. Unsere Hotels mit Familienzimmern in Ar\u00e8s garantieren Ihnen einen unvergesslichen Familienurlaub, nur einen Steinwurf vom Strand entfernt!<\/p>\n\n\n\n<div class=\"wp-block-buttons is-layout-flex wp-block-buttons-is-layout-flex\">\n<div class=\"wp-block-button\"><a class=\"wp-block-button__link wp-element-button\" href=\"https:\/\/bassin-arcachon.com\/de\/unterkunft-2\/hotels-family\/\">Hotels mit Familienzimmern<\/a><\/div>\n<\/div>\n<\/div>\n\n\n\n<div class=\"wp-block-uagb-container uagb-block-68257ebb\">\n<div class=\"wp-block-uagb-image uagb-block-85fcf081 wp-block-uagb-image--layout-default wp-block-uagb-image--effect-static wp-block-uagb-image--align-none\"><figure class=\"wp-block-uagb-image__figure\"><img decoding=\"async\" srcset=\"https:\/\/bassin-arcachon.com\/wp-content\/uploads\/2017\/08\/2-e1548082207616.jpg \" sizes=\"auto, (max-width: 480px) 150px\" src=\"https:\/\/bassin-arcachon.com\/wp-content\/uploads\/2017\/08\/2-e1548082207616.jpg\" alt=\"Familienurlaub in Ares\" class=\"uag-image-7703\" width=\"1000\" height=\"747\" title=\"- - Bassin d&#039;Arcachon\" loading=\"lazy\" role=\"img\"><\/figure><\/div>\n<\/div>\n<\/div><\/div>\n\n\n\n<div style=\"height:60px\" aria-hidden=\"true\" class=\"wp-block-spacer\"><\/div>\n\n\n\n<div class=\"wp-block-uagb-container uagb-block-152c6ce9 alignfull uagb-is-root-container\">\n<div class=\"wp-block-cover is-light has-parallax\"><span aria-hidden=\"true\" class=\"wp-block-cover__background has-background-dim-0 has-background-dim\"><\/span><div class=\"wp-block-cover__image-background wp-image-1345 has-parallax\" style=\"background-position:50% 50%;background-image:url(https:\/\/bassin-arcachon.com\/wp-content\/uploads\/2017\/03\/Camping-Panorama-du-Pyla-cottage-vue-mer-coin-farniente.jpg)\"><\/div><div class=\"wp-block-cover__inner-container is-layout-flow wp-block-cover-is-layout-flow\">\n<div class=\"wp-block-uagb-container uagb-block-e744b7ca\">\n<h2 class=\"wp-block-heading has-text-align-center has-white-color has-text-color has-large-font-size\">Verbringen Sie Ihren Urlaub mit Leichtigkeit in einem der Bassin-Hotels in Arcachon<\/h2>\n\n\n\n<p class=\"has-text-align-center has-white-color has-text-color\"><a href=\"https:\/\/bassin-arcachon.com\/de\/unterkunft-2\/hotels\/\">STARTEN SIE IHRE SUCHE<\/a><\/p>\n<\/div>\n<\/div><\/div>\n<\/div>\n\n\n\n<div style=\"height:60px\" aria-hidden=\"true\" class=\"wp-block-spacer\"><\/div>\n\n\n\n<div class=\"wp-block-uagb-container uagb-block-67970557 alignfull uagb-is-root-container\"><div class=\"uagb-container-inner-blocks-wrap\">\n<div class=\"wp-block-uagb-container uagb-block-dd7dcc04\">\n<h3 class=\"wp-block-heading\">M\u00f6chten Sie ein Hotel in der N\u00e4he von Ares buchen?<\/h3>\n\n\n\n<p>Entdecken Sie alle unsere Hotels im Bassin Arcachon:&nbsp;<a href=\"https:\/\/bassin-arcachon.com\/de\/unterkunft-2\/hotels+der-teich\/\">Der Teich<\/a>,&nbsp;<a href=\"https:\/\/bassin-arcachon.com\/de\/unterkunft-2\/hotels+arcachon\/\">Arcachon<\/a>,&nbsp;<a href=\"https:\/\/bassin-arcachon.com\/de\/unterkunft-2\/hotels+der-buch-test\/\">Buchs Test<\/a>,&nbsp;<a href=\"https:\/\/bassin-arcachon.com\/de\/unterkunft-2\/hotels+anders\/\">Andersen<\/a>,&nbsp;<a href=\"https:\/\/bassin-arcachon.com\/de\/unterkunft-2\/hotels+gujan-mestras\/\">Gujan-Mestras,<\/a>&nbsp;<a href=\"https:\/\/bassin-arcachon.com\/de\/unterkunft-2\/hotels+herz-des-beckens-2\/\">Biganos,<\/a>&nbsp;<a href=\"https:\/\/bassin-arcachon.com\/de\/unterkunft-2\/hotels+herz-des-beckens-2\/\">Audenge<\/a>,<a href=\"https:\/\/bassin-arcachon.com\/de\/unterkunft-2\/hotels+herz-des-beckens-2\/\">&nbsp;Lanton&nbsp;<\/a>und&nbsp;<a href=\"https:\/\/bassin-arcachon.com\/de\/unterkunft-2\/hotels+lege-cap-frettchen\/\">Cap-Frettchen<\/a>&nbsp;!<\/p>\n<\/div>\n\n\n\n<div class=\"wp-block-uagb-container uagb-block-dd7a49a4\">\n<div class=\"wp-block-uagb-image uagb-block-349829c0 wp-block-uagb-image--layout-default wp-block-uagb-image--effect-static wp-block-uagb-image--align-none\"><figure class=\"wp-block-uagb-image__figure\"><img decoding=\"async\" srcset=\"https:\/\/bassin-arcachon.com\/wp-content\/uploads\/2018\/09\/nourri-a-lhu\u00eetre-\u00e9lev\u00e9-sous-les-pins-Bassin-dArcachon.jpg 1000w, https:\/\/bassin-arcachon.com\/wp-content\/uploads\/2018\/09\/nourri-a-lhu\u00eetre-\u00e9lev\u00e9-sous-les-pins-Bassin-dArcachon-600x400.jpg 600w, https:\/\/bassin-arcachon.com\/wp-content\/uploads\/2018\/09\/nourri-a-lhu\u00eetre-\u00e9lev\u00e9-sous-les-pins-Bassin-dArcachon-768x511.jpg 768w, https:\/\/bassin-arcachon.com\/wp-content\/uploads\/2018\/09\/nourri-a-lhu\u00eetre-\u00e9lev\u00e9-sous-les-pins-Bassin-dArcachon-18x12.jpg 18w\" sizes=\"auto, (max-width: 480px) 150px\" src=\"https:\/\/bassin-arcachon.com\/wp-content\/uploads\/2018\/09\/nourri-a-lhu\u00eetre-\u00e9lev\u00e9-sous-les-pins-Bassin-dArcachon.jpg\" alt=\"- - Bassin d&#039;Arcachon\" class=\"uag-image-26169\" width=\"1000\" height=\"666\" title=\"- - Bassin d&#039;Arcachon\" loading=\"lazy\" role=\"img\"><\/figure><\/div>\n<\/div>\n<\/div><\/div>\n\n\n\n<div style=\"height:60px\" aria-hidden=\"true\" class=\"wp-block-spacer\"><\/div>","protected":false},"excerpt":{"rendered":"<p>\u00c0 Ar\u00e8s, vous avez le choix entre des h\u00f4tels avec piscine, parking ou chambres familiales. Trouvez l&rsquo;\u00e9tablissement parfait pour votre s\u00e9jour. Nos h\u00f4tels \u00e0 Ar\u00e8s avec piscine En famille ou [&hellip;]<\/p>\n","protected":false},"author":25,"featured_media":2217,"parent":43,"menu_order":1,"comment_status":"closed","ping_status":"closed","template":"","meta":{"_acf_changed":false,"_uag_custom_page_level_css":"","footnotes":""},"class_list":["post-45555","page","type-page","status-publish","has-post-thumbnail","hentry"],"acf":[],"uagb_featured_image_src":{"full":["https:\/\/bassin-arcachon.com\/wp-content\/uploads\/2017\/03\/camping-bassin-arcachon.jpg",1200,800,false],"thumbnail":["https:\/\/bassin-arcachon.com\/wp-content\/uploads\/2017\/03\/camping-bassin-arcachon-150x150.jpg",150,150,true],"medium":["https:\/\/bassin-arcachon.com\/wp-content\/uploads\/2017\/03\/camping-bassin-arcachon-600x400.jpg",600,400,true],"medium_large":["https:\/\/bassin-arcachon.com\/wp-content\/uploads\/2017\/03\/camping-bassin-arcachon-768x512.jpg",768,512,true],"large":["https:\/\/bassin-arcachon.com\/wp-content\/uploads\/2017\/03\/camping-bassin-arcachon-1024x683.jpg",1024,683,true],"1536x1536":["https:\/\/bassin-arcachon.com\/wp-content\/uploads\/2017\/03\/camping-bassin-arcachon.jpg",1200,800,false],"2048x2048":["https:\/\/bassin-arcachon.com\/wp-content\/uploads\/2017\/03\/camping-bassin-arcachon.jpg",1200,800,false],"trp-custom-language-flag":["https:\/\/bassin-arcachon.com\/wp-content\/uploads\/2017\/03\/camping-bassin-arcachon-18x12.jpg",18,12,true]},"uagb_author_info":{"display_name":"Marie Clauzel","author_link":"https:\/\/bassin-arcachon.com\/de\/author\/mariesiba\/"},"uagb_comment_info":0,"uagb_excerpt":"\u00c0 Ar\u00e8s, vous avez le choix entre des h\u00f4tels avec piscine, parking ou chambres familiales. Trouvez l&rsquo;\u00e9tablissement parfait pour votre s\u00e9jour. Nos h\u00f4tels \u00e0 Ar\u00e8s avec piscine En famille ou [&hellip;]","_links":{"self":[{"href":"https:\/\/bassin-arcachon.com\/de\/wp-json\/wp\/v2\/pages\/45555","targetHints":{"allow":["GET"]}}],"collection":[{"href":"https:\/\/bassin-arcachon.com\/de\/wp-json\/wp\/v2\/pages"}],"about":[{"href":"https:\/\/bassin-arcachon.com\/de\/wp-json\/wp\/v2\/types\/page"}],"author":[{"embeddable":true,"href":"https:\/\/bassin-arcachon.com\/de\/wp-json\/wp\/v2\/users\/25"}],"replies":[{"embeddable":true,"href":"https:\/\/bassin-arcachon.com\/de\/wp-json\/wp\/v2\/comments?post=45555"}],"version-history":[{"count":2,"href":"https:\/\/bassin-arcachon.com\/de\/wp-json\/wp\/v2\/pages\/45555\/revisions"}],"predecessor-version":[{"id":68236,"href":"https:\/\/bassin-arcachon.com\/de\/wp-json\/wp\/v2\/pages\/45555\/revisions\/68236"}],"up":[{"embeddable":true,"href":"https:\/\/bassin-arcachon.com\/de\/wp-json\/wp\/v2\/pages\/43"}],"wp:featuredmedia":[{"embeddable":true,"href":"https:\/\/bassin-arcachon.com\/de\/wp-json\/wp\/v2\/media\/2217"}],"wp:attachment":[{"href":"https:\/\/bassin-arcachon.com\/de\/wp-json\/wp\/v2\/media?parent=45555"}],"curies":[{"name":"wp","href":"https:\/\/api.w.org\/{rel}","templated":true}]}}