{"id":47656,"date":"2020-09-18T11:22:19","date_gmt":"2020-09-18T09:22:19","guid":{"rendered":"https:\/\/bassin-arcachon.com\/\/?page_id=47656"},"modified":"2024-09-02T10:51:56","modified_gmt":"2024-09-02T08:51:56","slug":"grunes-treffen-2","status":"publish","type":"page","link":"https:\/\/bassin-arcachon.com\/de\/seminaires-congres\/green-meeting-2\/","title":{"rendered":"Gr\u00fcnes Treffen"},"content":{"rendered":"<div class=\"wp-block-uagb-container uagb-block-3086f23c alignfull uagb-is-root-container\"><div class=\"uagb-container-inner-blocks-wrap\">\n<div class=\"wp-block-uagb-container uagb-block-f235f073\">\t\t\t\t\t<div\n\t\t\t\t\t\tclass=\"wp-block-uagb-image-gallery uagb-block-c5031403\"\n\t\t\t\t\t\tstyle=\"\"\n\t\t\t\t\t>\n\t\t\t\t\t\t\t\t\t\t\t<div class=\"spectra-image-gallery spectra-image-gallery__layout--carousel\">\n\t\t\t\t\t\t\t\t<div class=\"uagb-slick-carousel uagb-block-c5031403\">\n\t\t\t\t\t\t\t\t\t\t\t\t<div class='spectra-image-gallery__media-wrapper' data-spectra-gallery-image-id='47762'>\n\t\t\t\t\t\t\t<div class=\"spectra-image-gallery__media spectra-image-gallery__media--carousel\">\n\t\t\t\t<picture>\n\t\t\t\t\t<source media=\"(min-width: 1024px)\" srcset=\"https:\/\/bassin-arcachon.com\/wp-content\/uploads\/2020\/09\/1-vvf-lege-cap-ferret-1024x683.jpg\">\n\t\t\t\t\t<source media=\"(min-width: 768px)\" srcset=\"https:\/\/bassin-arcachon.com\/wp-content\/uploads\/2020\/09\/1-vvf-lege-cap-ferret-1024x683.jpg\">\n\t\t\t\t\t<img decoding=\"async\" class=\"spectra-image-gallery__media-thumbnail spectra-image-gallery__media-thumbnail--carousel\" src=\"https:\/\/bassin-arcachon.com\/wp-content\/uploads\/2020\/09\/1-vvf-lege-cap-ferret-300x200.jpg\" alt=\"- - Bassin d&#039;Arcachon\" loading=\"lazy\" title=\"- - Bassin d&#039;Arcachon\">\n\t\t\t\t<\/picture>\n\t\t\t\t<div class=\"spectra-image-gallery__media-thumbnail-blurrer\"><\/div>\n\t\t\t\t\t\t\t\t\t\t\t<div class=\"spectra-image-gallery__media-thumbnail-caption-wrapper spectra-image-gallery__media-thumbnail-caption-wrapper--overlay\"><\/div>\n\t\t\t\t\t\t\t\t<\/div>\n\t\t\t\t\t\t<\/div>\n\t\t\t\t\t\t<div class='spectra-image-gallery__media-wrapper' data-spectra-gallery-image-id='47763'>\n\t\t\t\t\t\t\t<div class=\"spectra-image-gallery__media spectra-image-gallery__media--carousel\">\n\t\t\t\t<picture>\n\t\t\t\t\t<source media=\"(min-width: 1024px)\" srcset=\"https:\/\/bassin-arcachon.com\/wp-content\/uploads\/2020\/09\/2-d\u00e9gustation-huitres-arcachon-cap-ferret-1024x682.jpg\">\n\t\t\t\t\t<source media=\"(min-width: 768px)\" srcset=\"https:\/\/bassin-arcachon.com\/wp-content\/uploads\/2020\/09\/2-d\u00e9gustation-huitres-arcachon-cap-ferret-1024x682.jpg\">\n\t\t\t\t\t<img decoding=\"async\" class=\"spectra-image-gallery__media-thumbnail spectra-image-gallery__media-thumbnail--carousel\" src=\"https:\/\/bassin-arcachon.com\/wp-content\/uploads\/2020\/09\/2-d\u00e9gustation-huitres-arcachon-cap-ferret-300x200.jpg\" alt=\"- - Bassin d&#039;Arcachon\" loading=\"lazy\" title=\"- - Bassin d&#039;Arcachon\">\n\t\t\t\t<\/picture>\n\t\t\t\t<div class=\"spectra-image-gallery__media-thumbnail-blurrer\"><\/div>\n\t\t\t\t\t\t\t\t\t\t\t<div class=\"spectra-image-gallery__media-thumbnail-caption-wrapper spectra-image-gallery__media-thumbnail-caption-wrapper--overlay\"><\/div>\n\t\t\t\t\t\t\t\t<\/div>\n\t\t\t\t\t\t<\/div>\n\t\t\t\t\t\t<div class='spectra-image-gallery__media-wrapper' data-spectra-gallery-image-id='47764'>\n\t\t\t\t\t\t\t<div class=\"spectra-image-gallery__media spectra-image-gallery__media--carousel\">\n\t\t\t\t<picture>\n\t\t\t\t\t<source media=\"(min-width: 1024px)\" srcset=\"https:\/\/bassin-arcachon.com\/wp-content\/uploads\/2020\/09\/3-maison-de-lhu\u00eetre-gujan-mestras-1024x683.jpg\">\n\t\t\t\t\t<source media=\"(min-width: 768px)\" srcset=\"https:\/\/bassin-arcachon.com\/wp-content\/uploads\/2020\/09\/3-maison-de-lhu\u00eetre-gujan-mestras-1024x683.jpg\">\n\t\t\t\t\t<img decoding=\"async\" class=\"spectra-image-gallery__media-thumbnail spectra-image-gallery__media-thumbnail--carousel\" src=\"https:\/\/bassin-arcachon.com\/wp-content\/uploads\/2020\/09\/3-maison-de-lhu\u00eetre-gujan-mestras-300x200.jpg\" alt=\"- - Bassin d&#039;Arcachon\" loading=\"lazy\" title=\"- - Bassin d&#039;Arcachon\">\n\t\t\t\t<\/picture>\n\t\t\t\t<div class=\"spectra-image-gallery__media-thumbnail-blurrer\"><\/div>\n\t\t\t\t\t\t\t\t\t\t\t<div class=\"spectra-image-gallery__media-thumbnail-caption-wrapper spectra-image-gallery__media-thumbnail-caption-wrapper--overlay\"><\/div>\n\t\t\t\t\t\t\t\t<\/div>\n\t\t\t\t\t\t<\/div>\n\t\t\t\t\t\t<div class='spectra-image-gallery__media-wrapper' data-spectra-gallery-image-id='47765'>\n\t\t\t\t\t\t\t<div class=\"spectra-image-gallery__media spectra-image-gallery__media--carousel\">\n\t\t\t\t<picture>\n\t\t\t\t\t<source media=\"(min-width: 1024px)\" srcset=\"https:\/\/bassin-arcachon.com\/wp-content\/uploads\/2020\/09\/4-rallye-aventure-khapanat-1024x683.jpg\">\n\t\t\t\t\t<source media=\"(min-width: 768px)\" srcset=\"https:\/\/bassin-arcachon.com\/wp-content\/uploads\/2020\/09\/4-rallye-aventure-khapanat-1024x683.jpg\">\n\t\t\t\t\t<img decoding=\"async\" class=\"spectra-image-gallery__media-thumbnail spectra-image-gallery__media-thumbnail--carousel\" src=\"https:\/\/bassin-arcachon.com\/wp-content\/uploads\/2020\/09\/4-rallye-aventure-khapanat-300x200.jpg\" alt=\"- - Bassin d&#039;Arcachon\" loading=\"lazy\" title=\"- - Bassin d&#039;Arcachon\">\n\t\t\t\t<\/picture>\n\t\t\t\t<div class=\"spectra-image-gallery__media-thumbnail-blurrer\"><\/div>\n\t\t\t\t\t\t\t\t\t\t\t<div class=\"spectra-image-gallery__media-thumbnail-caption-wrapper spectra-image-gallery__media-thumbnail-caption-wrapper--overlay\"><\/div>\n\t\t\t\t\t\t\t\t<\/div>\n\t\t\t\t\t\t<\/div>\n\t\t\t\t\t\t<div class='spectra-image-gallery__media-wrapper' data-spectra-gallery-image-id='47766'>\n\t\t\t\t\t\t\t<div class=\"spectra-image-gallery__media spectra-image-gallery__media--carousel\">\n\t\t\t\t<picture>\n\t\t\t\t\t<source media=\"(min-width: 1024px)\" srcset=\"https:\/\/bassin-arcachon.com\/wp-content\/uploads\/2020\/09\/5-plogging-bassin-arcachon.jpg\">\n\t\t\t\t\t<source media=\"(min-width: 768px)\" srcset=\"https:\/\/bassin-arcachon.com\/wp-content\/uploads\/2020\/09\/5-plogging-bassin-arcachon.jpg\">\n\t\t\t\t\t<img decoding=\"async\" class=\"spectra-image-gallery__media-thumbnail spectra-image-gallery__media-thumbnail--carousel\" src=\"https:\/\/bassin-arcachon.com\/wp-content\/uploads\/2020\/09\/5-plogging-bassin-arcachon-300x170.jpg\" alt=\"- - Bassin d&#039;Arcachon\" loading=\"lazy\" title=\"- - Bassin d&#039;Arcachon\">\n\t\t\t\t<\/picture>\n\t\t\t\t<div class=\"spectra-image-gallery__media-thumbnail-blurrer\"><\/div>\n\t\t\t\t\t\t\t\t\t\t\t<div class=\"spectra-image-gallery__media-thumbnail-caption-wrapper spectra-image-gallery__media-thumbnail-caption-wrapper--overlay\"><\/div>\n\t\t\t\t\t\t\t\t<\/div>\n\t\t\t\t\t\t<\/div>\n\t\t\t\t\t\t<div class='spectra-image-gallery__media-wrapper' data-spectra-gallery-image-id='47767'>\n\t\t\t\t\t\t\t<div class=\"spectra-image-gallery__media spectra-image-gallery__media--carousel\">\n\t\t\t\t<picture>\n\t\t\t\t\t<source media=\"(min-width: 1024px)\" srcset=\"https:\/\/bassin-arcachon.com\/wp-content\/uploads\/2020\/09\/6-food-tour-goumand-cap-ferret-1024x683.jpg\">\n\t\t\t\t\t<source media=\"(min-width: 768px)\" srcset=\"https:\/\/bassin-arcachon.com\/wp-content\/uploads\/2020\/09\/6-food-tour-goumand-cap-ferret-1024x683.jpg\">\n\t\t\t\t\t<img decoding=\"async\" class=\"spectra-image-gallery__media-thumbnail spectra-image-gallery__media-thumbnail--carousel\" src=\"https:\/\/bassin-arcachon.com\/wp-content\/uploads\/2020\/09\/6-food-tour-goumand-cap-ferret-300x200.jpg\" alt=\"- - Bassin d&#039;Arcachon\" loading=\"lazy\" title=\"- - Bassin d&#039;Arcachon\">\n\t\t\t\t<\/picture>\n\t\t\t\t<div class=\"spectra-image-gallery__media-thumbnail-blurrer\"><\/div>\n\t\t\t\t\t\t\t\t\t\t\t<div class=\"spectra-image-gallery__media-thumbnail-caption-wrapper spectra-image-gallery__media-thumbnail-caption-wrapper--overlay\"><\/div>\n\t\t\t\t\t\t\t\t<\/div>\n\t\t\t\t\t\t<\/div>\n\t\t\t\t\t\t<div class='spectra-image-gallery__media-wrapper' data-spectra-gallery-image-id='47768'>\n\t\t\t\t\t\t\t<div class=\"spectra-image-gallery__media spectra-image-gallery__media--carousel\">\n\t\t\t\t<picture>\n\t\t\t\t\t<source media=\"(min-width: 1024px)\" srcset=\"https:\/\/bassin-arcachon.com\/wp-content\/uploads\/2020\/09\/dune-pilat-SIBA-agence-les-conteurs-132-1024x682.jpg\">\n\t\t\t\t\t<source media=\"(min-width: 768px)\" srcset=\"https:\/\/bassin-arcachon.com\/wp-content\/uploads\/2020\/09\/dune-pilat-SIBA-agence-les-conteurs-132-1024x682.jpg\">\n\t\t\t\t\t<img decoding=\"async\" class=\"spectra-image-gallery__media-thumbnail spectra-image-gallery__media-thumbnail--carousel\" src=\"https:\/\/bassin-arcachon.com\/wp-content\/uploads\/2020\/09\/dune-pilat-SIBA-agence-les-conteurs-132-300x200.jpg\" alt=\"- - Bassin d&#039;Arcachon\" loading=\"lazy\" title=\"- - Bassin d&#039;Arcachon\">\n\t\t\t\t<\/picture>\n\t\t\t\t<div class=\"spectra-image-gallery__media-thumbnail-blurrer\"><\/div>\n\t\t\t\t\t\t\t\t\t\t\t<div class=\"spectra-image-gallery__media-thumbnail-caption-wrapper spectra-image-gallery__media-thumbnail-caption-wrapper--overlay\"><\/div>\n\t\t\t\t\t\t\t\t<\/div>\n\t\t\t\t\t\t<\/div>\n\t\t\t\t\t\t<div class='spectra-image-gallery__media-wrapper' data-spectra-gallery-image-id='47769'>\n\t\t\t\t\t\t\t<div class=\"spectra-image-gallery__media spectra-image-gallery__media--carousel\">\n\t\t\t\t<picture>\n\t\t\t\t\t<source media=\"(min-width: 1024px)\" srcset=\"https:\/\/bassin-arcachon.com\/wp-content\/uploads\/2020\/09\/onewheel-1024x682.jpg\">\n\t\t\t\t\t<source media=\"(min-width: 768px)\" srcset=\"https:\/\/bassin-arcachon.com\/wp-content\/uploads\/2020\/09\/onewheel-1024x682.jpg\">\n\t\t\t\t\t<img decoding=\"async\" class=\"spectra-image-gallery__media-thumbnail spectra-image-gallery__media-thumbnail--carousel\" src=\"https:\/\/bassin-arcachon.com\/wp-content\/uploads\/2020\/09\/onewheel-300x200.jpg\" alt=\"- - Bassin d&#039;Arcachon\" loading=\"lazy\" title=\"- - Bassin d&#039;Arcachon\">\n\t\t\t\t<\/picture>\n\t\t\t\t<div class=\"spectra-image-gallery__media-thumbnail-blurrer\"><\/div>\n\t\t\t\t\t\t\t\t\t\t\t<div class=\"spectra-image-gallery__media-thumbnail-caption-wrapper spectra-image-gallery__media-thumbnail-caption-wrapper--overlay\"><\/div>\n\t\t\t\t\t\t\t\t<\/div>\n\t\t\t\t\t\t<\/div>\n\t\t\t\t\t\t\t\t\t\t\t<\/div>\n\t\t\t\t\t\t\t<\/div>\n\t\t\t\t\t\t\t\t\t\t\t<\/div>\n\t\t\t\t\t\t\t\t\t<\/div>\n\n\n\n<div class=\"wp-block-uagb-container uagb-block-859424fe\">\n<div class=\"wp-block-uagb-container uagb-block-8fd1b5b6\">\n<p class=\"has-white-color has-text-color\" style=\"font-size:16px\">Green Meeting-Angebot<br><br>Ein Seminar, das Sinn macht<br><br>Im Herzen der Natur<br><br>gr\u00fcne Tarife<br><br>Umweltbewusste Entdeckung Plogging Cohesion<\/p>\n<\/div>\n\n\n\n<div class=\"wp-block-uagb-container uagb-block-b87b9e95\">\n<h4 class=\"wp-block-heading\">Kontaktiere uns<\/h4>\n\n\n\n<p class=\"has-black-color has-text-color\"><a href=\"mailto:mice@siba-bassin-arcachon.fr\">mice@siba-bassin-arcachon.fr<\/a><\/p>\n<\/div>\n<\/div>\n<\/div><\/div>\n\n\n\n<div style=\"height:40px\" aria-hidden=\"true\" class=\"wp-block-spacer\"><\/div>\n\n\n\n<div class=\"wp-block-uagb-container uagb-block-849d9147 alignfull uagb-is-root-container\"><div class=\"uagb-container-inner-blocks-wrap\">\n<div class=\"wp-block-uagb-container uagb-block-b5166cbf\">\n<h2 class=\"wp-block-heading\">Vorgeschlagenes Programm<\/h2>\n\n\n\n<h3 class=\"wp-block-heading\">Tag 1<strong><\/strong><\/h3>\n\n\n\n<ul class=\"wp-block-list\">\n<li>Ankunft der Teilnehmer am Morgen<\/li>\n\n\n\n<li>Installation auf dem Bassin in a&nbsp;<strong>\u201eUmweltbewusstes\u201c Umfeld<\/strong>&nbsp;\u00bb<\/li>\n\n\n\n<li>Mittagsbuffet mit lokalen Spezialit\u00e4ten&nbsp;<strong>gesund&nbsp;<\/strong>\u00bb<\/li>\n\n\n\n<li>Arbeitstreffen mitten in der Natur mit Loslassen-Workshop bzw<strong>&nbsp;Gourmet-Food-Tour<\/strong>&nbsp;in der Natur oder am Meer.<\/li>\n\n\n\n<li>Am Ende des Tages besuchen Sie die&nbsp;<strong>Austernhaus&nbsp;<\/strong>(Gujan-Mestras), gefolgt von einem Cocktailempfang in a&nbsp;<strong>Austernz\u00fcchterh\u00fctte am Hafen<\/strong>.<\/li>\n<\/ul>\n\n\n\n<p><a href=\"https:\/\/fr.calameo.com\/read\/0000244211152a79deb84\" target=\"_blank\" rel=\"noreferrer noopener\">Unterkunft am Ort Ihrer Wahl.<\/a><\/p>\n\n\n\n<h3 class=\"wp-block-heading\">Tag 2<strong><\/strong><\/h3>\n\n\n\n<ul class=\"wp-block-list\">\n<li>Fr\u00fchst\u00fccksbuffet<\/li>\n\n\n\n<li>Gesch\u00e4ftstreffen und Kaffeepause&nbsp;<strong>lokale Produkte<\/strong><\/li>\n\n\n\n<li>Mittagessen im Hotel<\/li>\n\n\n\n<li>Nachmittag gewidmet einem au\u00dfergew\u00f6hnlichen Joggen: der &quot;&nbsp;<strong>Ploggen<\/strong>&nbsp;! Oder wie verbindet man Sport und Natur? Sensibilisieren Sie Ihre Teams f\u00fcr die Umwelt und probieren Sie die \u201eAbfall\u201c-Skulptur und das recycelbare Selfie!<\/li>\n<\/ul>\n\n\n\n<p><strong>WO<\/strong><\/p>\n\n\n\n<ul class=\"wp-block-list\">\n<li>Atemberaubende Herausforderung mit a&nbsp;<strong>Wind Herausforderung<\/strong>&nbsp;! Sch\u00f6pfen Sie Ihre eigene Energie aus, um an einem unglaublichen Rennen teilzunehmen! Ihr Team muss eine Windkraftanlage bauen, die innerhalb der vorgegebenen Zeit so viel Strom wie m\u00f6glich erzeugt.<\/li>\n<\/ul>\n\n\n\n<p><strong>WO<\/strong><\/p>\n\n\n\n<ul class=\"wp-block-list\">\n<li>Fordern Sie Teams auf unterhaltsame und originelle Weise heraus mit a<strong>&nbsp;Abenteuer- und Naturrallye&nbsp;<\/strong>auf der Bassin von Arcachon,&nbsp;<a href=\"https:\/\/www.khapevent.fr\/pages\/nos-circuits-khap-event.html\" target=\"_blank\" rel=\"noreferrer noopener\">mit Sandra und Jean-Marc von Khap Event<\/a>.<\/li>\n\n\n\n<li>Abreise der Teilnehmer am Ende des Tages.<\/li>\n<\/ul>\n\n\n\n<p>Als Beispiele seien die verbindenden Aktivit\u00e4ten genannt, die in diesem Programm angeboten werden. Kontakt&nbsp;<a href=\"https:\/\/www.arcachonecotours.com\/\" target=\"_blank\" rel=\"noreferrer noopener\">Arcachon Ecotours Incoming-Agentur<\/a>&nbsp;f\u00fcr die Organisation Ihres umweltbewussten beruflichen Aufenthaltes auf der Bassin.<\/p>\n\n\n\n<p><a href=\"https:\/\/www.bassin-arcachon.com\/wp-content\/uploads\/2020\/05\/CATALOGUE-ARCACHON-ECOTOURS-Web.pdf\" target=\"_blank\" rel=\"noreferrer noopener\">Entdecken Sie hier das gesamte Angebot<\/a>.<\/p>\n<\/div>\n\n\n\n<div class=\"wp-block-uagb-container uagb-block-1ba8209f\"><\/div>\n<\/div><\/div>\n\n\n\n<div style=\"height:60px\" aria-hidden=\"true\" class=\"wp-block-spacer\"><\/div>","protected":false},"excerpt":{"rendered":"<p>Offre Green Meeting Un s\u00e9minaire qui a du sens Au coeur de la nature Tarifs green D\u00e9couverte \u00e9co-responsable Plogging Coh\u00e9sion Nous contacter mice@siba-bassin-arcachon.fr Suggestion de programme Jour 1 H\u00e9bergement sur [&hellip;]<\/p>\n","protected":false},"author":13,"featured_media":44400,"parent":47639,"menu_order":0,"comment_status":"closed","ping_status":"closed","template":"","meta":{"_acf_changed":false,"_uag_custom_page_level_css":"","footnotes":""},"class_list":["post-47656","page","type-page","status-publish","has-post-thumbnail","hentry"],"acf":[],"uagb_featured_image_src":{"full":["https:\/\/bassin-arcachon.com\/wp-content\/uploads\/2020\/07\/pres-sales-ares-17.jpg",1200,800,false],"thumbnail":["https:\/\/bassin-arcachon.com\/wp-content\/uploads\/2020\/07\/pres-sales-ares-17-150x150.jpg",150,150,true],"medium":["https:\/\/bassin-arcachon.com\/wp-content\/uploads\/2020\/07\/pres-sales-ares-17-600x400.jpg",600,400,true],"medium_large":["https:\/\/bassin-arcachon.com\/wp-content\/uploads\/2020\/07\/pres-sales-ares-17-768x512.jpg",768,512,true],"large":["https:\/\/bassin-arcachon.com\/wp-content\/uploads\/2020\/07\/pres-sales-ares-17-1024x683.jpg",1024,683,true],"1536x1536":["https:\/\/bassin-arcachon.com\/wp-content\/uploads\/2020\/07\/pres-sales-ares-17.jpg",1200,800,false],"2048x2048":["https:\/\/bassin-arcachon.com\/wp-content\/uploads\/2020\/07\/pres-sales-ares-17.jpg",1200,800,false],"trp-custom-language-flag":["https:\/\/bassin-arcachon.com\/wp-content\/uploads\/2020\/07\/pres-sales-ares-17-18x12.jpg",18,12,true]},"uagb_author_info":{"display_name":"Marine, ambassadrice du Bassin d'Arcachon","author_link":"https:\/\/bassin-arcachon.com\/de\/author\/marineles-conteurs-com\/"},"uagb_comment_info":0,"uagb_excerpt":"Offre Green Meeting Un s\u00e9minaire qui a du sens Au coeur de la nature Tarifs green D\u00e9couverte \u00e9co-responsable Plogging Coh\u00e9sion Nous contacter mice@siba-bassin-arcachon.fr Suggestion de programme Jour 1 H\u00e9bergement sur [&hellip;]","_links":{"self":[{"href":"https:\/\/bassin-arcachon.com\/de\/wp-json\/wp\/v2\/pages\/47656","targetHints":{"allow":["GET"]}}],"collection":[{"href":"https:\/\/bassin-arcachon.com\/de\/wp-json\/wp\/v2\/pages"}],"about":[{"href":"https:\/\/bassin-arcachon.com\/de\/wp-json\/wp\/v2\/types\/page"}],"author":[{"embeddable":true,"href":"https:\/\/bassin-arcachon.com\/de\/wp-json\/wp\/v2\/users\/13"}],"replies":[{"embeddable":true,"href":"https:\/\/bassin-arcachon.com\/de\/wp-json\/wp\/v2\/comments?post=47656"}],"version-history":[{"count":0,"href":"https:\/\/bassin-arcachon.com\/de\/wp-json\/wp\/v2\/pages\/47656\/revisions"}],"up":[{"embeddable":true,"href":"https:\/\/bassin-arcachon.com\/de\/wp-json\/wp\/v2\/pages\/47639"}],"wp:featuredmedia":[{"embeddable":true,"href":"https:\/\/bassin-arcachon.com\/de\/wp-json\/wp\/v2\/media\/44400"}],"wp:attachment":[{"href":"https:\/\/bassin-arcachon.com\/de\/wp-json\/wp\/v2\/media?parent=47656"}],"curies":[{"name":"wp","href":"https:\/\/api.w.org\/{rel}","templated":true}]}}