{"id":47910,"date":"2020-10-02T17:01:39","date_gmt":"2020-10-02T15:01:39","guid":{"rendered":"https:\/\/bassin-arcachon.com\/\/?page_id=47910"},"modified":"2024-09-02T10:46:57","modified_gmt":"2024-09-02T08:46:57","slug":"coder-programm","status":"publish","type":"page","link":"https:\/\/bassin-arcachon.com\/de\/seminaires-congres\/offres-codir\/programme-codir\/","title":{"rendered":"Codir-Programmvorschlag"},"content":{"rendered":"<div class=\"wp-block-uagb-container uagb-block-cad52e04 alignfull uagb-is-root-container\"><div class=\"uagb-container-inner-blocks-wrap\">\n<div class=\"wp-block-uagb-container uagb-block-b2fb09ce\">\t\t\t\t\t<div\n\t\t\t\t\t\tclass=\"wp-block-uagb-image-gallery uagb-block-7cd75bc3\"\n\t\t\t\t\t\tstyle=\"\"\n\t\t\t\t\t>\n\t\t\t\t\t\t\t\t\t\t\t<div class=\"spectra-image-gallery spectra-image-gallery__layout--carousel\">\n\t\t\t\t\t\t\t\t<div class=\"uagb-slick-carousel uagb-block-7cd75bc3\">\n\t\t\t\t\t\t\t\t\t\t\t\t<div class='spectra-image-gallery__media-wrapper' data-spectra-gallery-image-id='22304'>\n\t\t\t\t\t\t\t<div class=\"spectra-image-gallery__media spectra-image-gallery__media--carousel\">\n\t\t\t\t<picture>\n\t\t\t\t\t<source media=\"(min-width: 1024px)\" srcset=\"https:\/\/bassin-arcachon.com\/wp-content\/uploads\/2018\/06\/Bassin-Arcachon.jpg\">\n\t\t\t\t\t<source media=\"(min-width: 768px)\" srcset=\"https:\/\/bassin-arcachon.com\/wp-content\/uploads\/2018\/06\/Bassin-Arcachon.jpg\">\n\t\t\t\t\t<img decoding=\"async\" class=\"spectra-image-gallery__media-thumbnail spectra-image-gallery__media-thumbnail--carousel\" src=\"https:\/\/bassin-arcachon.com\/wp-content\/uploads\/2018\/06\/Bassin-Arcachon-300x200.jpg\" alt=\"Blick vom Himmel auf die Bassin d&#039;Arcachon, die Banc d&#039;Arguin und die Dune du Pilat\" loading=\"lazy\" title=\"- - Bassin d&#039;Arcachon\">\n\t\t\t\t<\/picture>\n\t\t\t\t<div class=\"spectra-image-gallery__media-thumbnail-blurrer\"><\/div>\n\t\t\t\t\t\t\t\t\t\t\t<div class=\"spectra-image-gallery__media-thumbnail-caption-wrapper spectra-image-gallery__media-thumbnail-caption-wrapper--overlay\"><\/div>\n\t\t\t\t\t\t\t\t<\/div>\n\t\t\t\t\t\t<\/div>\n\t\t\t\t\t\t<div class='spectra-image-gallery__media-wrapper' data-spectra-gallery-image-id='47758'>\n\t\t\t\t\t\t\t<div class=\"spectra-image-gallery__media spectra-image-gallery__media--carousel\">\n\t\t\t\t<picture>\n\t\t\t\t\t<source media=\"(min-width: 1024px)\" srcset=\"https:\/\/bassin-arcachon.com\/wp-content\/uploads\/2020\/09\/Salle-occup\u00e9e-s\u00e9minaire-scaled-1024x683.jpg\">\n\t\t\t\t\t<source media=\"(min-width: 768px)\" srcset=\"https:\/\/bassin-arcachon.com\/wp-content\/uploads\/2020\/09\/Salle-occup\u00e9e-s\u00e9minaire-scaled-1024x683.jpg\">\n\t\t\t\t\t<img decoding=\"async\" class=\"spectra-image-gallery__media-thumbnail spectra-image-gallery__media-thumbnail--carousel\" src=\"https:\/\/bassin-arcachon.com\/wp-content\/uploads\/2020\/09\/Salle-occup\u00e9e-s\u00e9minaire-scaled-300x200.jpg\" alt=\"- - Bassin d&#039;Arcachon\" loading=\"lazy\" title=\"- - Bassin d&#039;Arcachon\">\n\t\t\t\t<\/picture>\n\t\t\t\t<div class=\"spectra-image-gallery__media-thumbnail-blurrer\"><\/div>\n\t\t\t\t\t\t\t\t\t\t\t<div class=\"spectra-image-gallery__media-thumbnail-caption-wrapper spectra-image-gallery__media-thumbnail-caption-wrapper--overlay\"><\/div>\n\t\t\t\t\t\t\t\t<\/div>\n\t\t\t\t\t\t<\/div>\n\t\t\t\t\t\t<div class='spectra-image-gallery__media-wrapper' data-spectra-gallery-image-id='47899'>\n\t\t\t\t\t\t\t<div class=\"spectra-image-gallery__media spectra-image-gallery__media--carousel\">\n\t\t\t\t<picture>\n\t\t\t\t\t<source media=\"(min-width: 1024px)\" srcset=\"https:\/\/bassin-arcachon.com\/wp-content\/uploads\/2020\/09\/hotel-cote-sable-lege-cap-ferret-57-1024x682.jpg\">\n\t\t\t\t\t<source media=\"(min-width: 768px)\" srcset=\"https:\/\/bassin-arcachon.com\/wp-content\/uploads\/2020\/09\/hotel-cote-sable-lege-cap-ferret-57-1024x682.jpg\">\n\t\t\t\t\t<img decoding=\"async\" class=\"spectra-image-gallery__media-thumbnail spectra-image-gallery__media-thumbnail--carousel\" src=\"https:\/\/bassin-arcachon.com\/wp-content\/uploads\/2020\/09\/hotel-cote-sable-lege-cap-ferret-57-300x200.jpg\" alt=\"- - Bassin d&#039;Arcachon\" loading=\"lazy\" title=\"- - Bassin d&#039;Arcachon\">\n\t\t\t\t<\/picture>\n\t\t\t\t<div class=\"spectra-image-gallery__media-thumbnail-blurrer\"><\/div>\n\t\t\t\t\t\t\t\t\t\t\t<div class=\"spectra-image-gallery__media-thumbnail-caption-wrapper spectra-image-gallery__media-thumbnail-caption-wrapper--overlay\"><\/div>\n\t\t\t\t\t\t\t\t<\/div>\n\t\t\t\t\t\t<\/div>\n\t\t\t\t\t\t<div class='spectra-image-gallery__media-wrapper' data-spectra-gallery-image-id='47895'>\n\t\t\t\t\t\t\t<div class=\"spectra-image-gallery__media spectra-image-gallery__media--carousel\">\n\t\t\t\t<picture>\n\t\t\t\t\t<source media=\"(min-width: 1024px)\" srcset=\"https:\/\/bassin-arcachon.com\/wp-content\/uploads\/2020\/09\/brasserie-MIRA-codir.jpg\">\n\t\t\t\t\t<source media=\"(min-width: 768px)\" srcset=\"https:\/\/bassin-arcachon.com\/wp-content\/uploads\/2020\/09\/brasserie-MIRA-codir.jpg\">\n\t\t\t\t\t<img decoding=\"async\" class=\"spectra-image-gallery__media-thumbnail spectra-image-gallery__media-thumbnail--carousel\" src=\"https:\/\/bassin-arcachon.com\/wp-content\/uploads\/2020\/09\/brasserie-MIRA-codir-300x200.jpg\" alt=\"- - Bassin d&#039;Arcachon\" loading=\"lazy\" title=\"- - Bassin d&#039;Arcachon\">\n\t\t\t\t<\/picture>\n\t\t\t\t<div class=\"spectra-image-gallery__media-thumbnail-blurrer\"><\/div>\n\t\t\t\t\t\t\t\t\t\t\t<div class=\"spectra-image-gallery__media-thumbnail-caption-wrapper spectra-image-gallery__media-thumbnail-caption-wrapper--overlay\"><\/div>\n\t\t\t\t\t\t\t\t<\/div>\n\t\t\t\t\t\t<\/div>\n\t\t\t\t\t\t<div class='spectra-image-gallery__media-wrapper' data-spectra-gallery-image-id='47911'>\n\t\t\t\t\t\t\t<div class=\"spectra-image-gallery__media spectra-image-gallery__media--carousel\">\n\t\t\t\t<picture>\n\t\t\t\t\t<source media=\"(min-width: 1024px)\" srcset=\"https:\/\/bassin-arcachon.com\/wp-content\/uploads\/2020\/09\/Balade-en-pinasse-scaled-1024x683.jpg\">\n\t\t\t\t\t<source media=\"(min-width: 768px)\" srcset=\"https:\/\/bassin-arcachon.com\/wp-content\/uploads\/2020\/09\/Balade-en-pinasse-scaled-1024x683.jpg\">\n\t\t\t\t\t<img decoding=\"async\" class=\"spectra-image-gallery__media-thumbnail spectra-image-gallery__media-thumbnail--carousel\" src=\"https:\/\/bassin-arcachon.com\/wp-content\/uploads\/2020\/09\/Balade-en-pinasse-scaled-300x200.jpg\" alt=\"- - Bassin d&#039;Arcachon\" loading=\"lazy\" title=\"- - Bassin d&#039;Arcachon\">\n\t\t\t\t<\/picture>\n\t\t\t\t<div class=\"spectra-image-gallery__media-thumbnail-blurrer\"><\/div>\n\t\t\t\t\t\t\t\t\t\t\t<div class=\"spectra-image-gallery__media-thumbnail-caption-wrapper spectra-image-gallery__media-thumbnail-caption-wrapper--overlay\"><\/div>\n\t\t\t\t\t\t\t\t<\/div>\n\t\t\t\t\t\t<\/div>\n\t\t\t\t\t\t<div class='spectra-image-gallery__media-wrapper' data-spectra-gallery-image-id='47897'>\n\t\t\t\t\t\t\t<div class=\"spectra-image-gallery__media spectra-image-gallery__media--carousel\">\n\t\t\t\t<picture>\n\t\t\t\t\t<source media=\"(min-width: 1024px)\" srcset=\"https:\/\/bassin-arcachon.com\/wp-content\/uploads\/2020\/09\/chateau-mader-1024x512.jpg\">\n\t\t\t\t\t<source media=\"(min-width: 768px)\" srcset=\"https:\/\/bassin-arcachon.com\/wp-content\/uploads\/2020\/09\/chateau-mader-1024x512.jpg\">\n\t\t\t\t\t<img decoding=\"async\" class=\"spectra-image-gallery__media-thumbnail spectra-image-gallery__media-thumbnail--carousel\" src=\"https:\/\/bassin-arcachon.com\/wp-content\/uploads\/2020\/09\/chateau-mader-300x150.jpg\" alt=\"- - Bassin d&#039;Arcachon\" loading=\"lazy\" title=\"- - Bassin d&#039;Arcachon\">\n\t\t\t\t<\/picture>\n\t\t\t\t<div class=\"spectra-image-gallery__media-thumbnail-blurrer\"><\/div>\n\t\t\t\t\t\t\t\t\t\t\t<div class=\"spectra-image-gallery__media-thumbnail-caption-wrapper spectra-image-gallery__media-thumbnail-caption-wrapper--overlay\"><\/div>\n\t\t\t\t\t\t\t\t<\/div>\n\t\t\t\t\t\t<\/div>\n\t\t\t\t\t\t<div class='spectra-image-gallery__media-wrapper' data-spectra-gallery-image-id='47900'>\n\t\t\t\t\t\t\t<div class=\"spectra-image-gallery__media spectra-image-gallery__media--carousel\">\n\t\t\t\t<picture>\n\t\t\t\t\t<source media=\"(min-width: 1024px)\" srcset=\"https:\/\/bassin-arcachon.com\/wp-content\/uploads\/2020\/09\/petit-salon-table-centrale-1024x727.png\">\n\t\t\t\t\t<source media=\"(min-width: 768px)\" srcset=\"https:\/\/bassin-arcachon.com\/wp-content\/uploads\/2020\/09\/petit-salon-table-centrale-1024x727.png\">\n\t\t\t\t\t<img decoding=\"async\" class=\"spectra-image-gallery__media-thumbnail spectra-image-gallery__media-thumbnail--carousel\" src=\"https:\/\/bassin-arcachon.com\/wp-content\/uploads\/2020\/09\/petit-salon-table-centrale-300x213.png\" alt=\"- - Bassin d&#039;Arcachon\" loading=\"lazy\" title=\"- - Bassin d&#039;Arcachon\">\n\t\t\t\t<\/picture>\n\t\t\t\t<div class=\"spectra-image-gallery__media-thumbnail-blurrer\"><\/div>\n\t\t\t\t\t\t\t\t\t\t\t<div class=\"spectra-image-gallery__media-thumbnail-caption-wrapper spectra-image-gallery__media-thumbnail-caption-wrapper--overlay\"><\/div>\n\t\t\t\t\t\t\t\t<\/div>\n\t\t\t\t\t\t<\/div>\n\t\t\t\t\t\t<div class='spectra-image-gallery__media-wrapper' data-spectra-gallery-image-id='47768'>\n\t\t\t\t\t\t\t<div class=\"spectra-image-gallery__media spectra-image-gallery__media--carousel\">\n\t\t\t\t<picture>\n\t\t\t\t\t<source media=\"(min-width: 1024px)\" srcset=\"https:\/\/bassin-arcachon.com\/wp-content\/uploads\/2020\/09\/dune-pilat-SIBA-agence-les-conteurs-132-1024x682.jpg\">\n\t\t\t\t\t<source media=\"(min-width: 768px)\" srcset=\"https:\/\/bassin-arcachon.com\/wp-content\/uploads\/2020\/09\/dune-pilat-SIBA-agence-les-conteurs-132-1024x682.jpg\">\n\t\t\t\t\t<img decoding=\"async\" class=\"spectra-image-gallery__media-thumbnail spectra-image-gallery__media-thumbnail--carousel\" src=\"https:\/\/bassin-arcachon.com\/wp-content\/uploads\/2020\/09\/dune-pilat-SIBA-agence-les-conteurs-132-300x200.jpg\" alt=\"- - Bassin d&#039;Arcachon\" loading=\"lazy\" title=\"- - Bassin d&#039;Arcachon\">\n\t\t\t\t<\/picture>\n\t\t\t\t<div class=\"spectra-image-gallery__media-thumbnail-blurrer\"><\/div>\n\t\t\t\t\t\t\t\t\t\t\t<div class=\"spectra-image-gallery__media-thumbnail-caption-wrapper spectra-image-gallery__media-thumbnail-caption-wrapper--overlay\"><\/div>\n\t\t\t\t\t\t\t\t<\/div>\n\t\t\t\t\t\t<\/div>\n\t\t\t\t\t\t\t\t\t\t\t<\/div>\n\t\t\t\t\t\t\t<\/div>\n\t\t\t\t\t\t\t\t\t\t\t<\/div>\n\t\t\t\t\t\t\t\t\t<\/div>\n\n\n\n<div class=\"wp-block-uagb-container uagb-block-92a3e9ba\">\n<div class=\"wp-block-uagb-container uagb-block-2ed7a4bc\">\n<p class=\"has-white-color has-text-color\">Einzelrahmen<br><br>Harmonie des Ortes f\u00fcr Ihr Seminar<br><br>Gleichgewicht des Anreizdenkens<br><br>COMEX-Zusammenhalts-Brainstorming<br><br>Luxus<br><br>Privatsph\u00e4re<\/p>\n<\/div>\n\n\n\n<div class=\"wp-block-uagb-container uagb-block-9dae8d65\">\n<h4 class=\"wp-block-heading\">Kontaktiere uns<\/h4>\n\n\n\n<p class=\"has-black-color has-text-color\"><a href=\"mailto:mice@siba-bassin-arcachon.fr\">mice@siba-bassin-arcachon.fr<\/a><\/p>\n<\/div>\n<\/div>\n<\/div><\/div>\n\n\n\n<div style=\"height:40px\" aria-hidden=\"true\" class=\"wp-block-spacer\"><\/div>\n\n\n\n<div class=\"wp-block-uagb-container uagb-block-5d626e67 alignfull uagb-is-root-container\"><div class=\"uagb-container-inner-blocks-wrap\">\n<div class=\"wp-block-uagb-container uagb-block-346c7efc\">\n<h3 class=\"wp-block-heading\">Vorgeschlagenes Programm<\/h3>\n\n\n\n<h3 class=\"wp-block-heading\">Tag 1<strong><\/strong><\/h3>\n\n\n\n<ul class=\"wp-block-list\">\n<li>Anreise der Teilnehmer morgens ab&nbsp;<strong>Paris mit dem Hochgeschwindigkeitszug<\/strong>&nbsp;(2h50 bei t\u00e4glichen Verbindungen).<\/li>\n\n\n\n<li>Einbau bei&nbsp;<strong>Das<\/strong>&nbsp;<strong>Moulleau-Villa<\/strong>&nbsp;(Arcachon), bei&nbsp;<strong>Villa Toska<\/strong>&nbsp;(Lanton) oder sogar bei der<strong>Sandy-Side-Hotel&nbsp;<\/strong>(Cap-Frettchen).<\/li>\n\n\n\n<li>Mittagessen mit lokalen Spezialit\u00e4ten in einer der Lounges der oben genannten Einrichtung oder im Hotelrestaurant&nbsp;<strong>Das Haus von Bassin<\/strong>&nbsp;\u00bb in der N\u00e4he von C\u00f4t\u00e9 Sable.<\/li>\n\n\n\n<li>Arbeitstreffen, gefolgt von a&nbsp;<strong>Fahrrad-Rallye<\/strong>, in&nbsp;<strong>Segways<\/strong>&nbsp;Wo&nbsp;<strong>Elektroroller<\/strong>&nbsp;in der Natur. Die M\u00f6glichkeit, dass&nbsp;<strong>\u00d6nologische Kurse<\/strong>&nbsp;je nach gew\u00e4hlter Einrichtung oder ab einer Session bei&nbsp;<strong>Spa<\/strong>.<\/li>\n\n\n\n<li>Am Ende des Tages Abreise&nbsp;<strong>Pinasse<\/strong>&nbsp;(traditionelles Arcachon-Boot), um den Sonnenuntergang und die Austernverkostung auf dem Wasser zu beobachten. Die M\u00f6glichkeit, dass&nbsp;<strong>Abendessen an Bord<\/strong>&nbsp;(Champagner, Kaviar und Hummer).<\/li>\n<\/ul>\n\n\n\n<p>\u00dcbernachtung in der oben genannten Einrichtung oder in einer der&nbsp;<a href=\"https:\/\/fr.calameo.com\/read\/0000244210ced591e8392\" target=\"_blank\" rel=\"noreferrer noopener\">CODIR-referenzierte Hotels,&nbsp;<strong>Klick hier.<\/strong><\/a><\/p>\n\n\n\n<h3 class=\"wp-block-heading\">TAG 2<strong><\/strong><\/h3>\n\n\n\n<ul class=\"wp-block-list\">\n<li>Fr\u00fchst\u00fccksbuffet.<\/li>\n\n\n\n<li>Arbeitstreffen und Kaffeepause mit regionalen Produkten.<\/li>\n\n\n\n<li>Mittagessen in der Einrichtung, in einer Austernh\u00fctte am Wasser oder in einem Concept Store.<\/li>\n\n\n\n<li>Nachmittag gewidmet a&nbsp;<strong>F\u00fchrung<\/strong>&nbsp;mit einem F\u00fchrungslautsprecher auf der&nbsp;<strong>D\u00fcne von Pilat<\/strong>&nbsp;(f\u00fcr diejenigen, deren Unterkunft sich s\u00fcdlich von Bassin befindet) oder&nbsp;<strong>Olympiade am Strand<\/strong>&nbsp;erreichbar von Ihrem Hotel (f\u00fcr den Norden Bassin).<\/li>\n\n\n\n<li>Abreise der Teilnehmer am Ende des Tages.<\/li>\n<\/ul>\n\n\n\n<p>Es ist auch m\u00f6glich, das ganze Jahr \u00fcber ein Wochenende zu verbringen&nbsp;<strong>Mieten Sie eine au\u00dfergew\u00f6hnliche Villa in Pyla-sur-Mer<\/strong>, in einem privilegierten und intimen Rahmen zur Unterst\u00fctzung bei Ver\u00e4nderungen, einem Coaching-Kurs f\u00fcr Wohlbefinden, Selbstvertrauen, Loslassen\u2026 Kontaktieren Sie Nathalie Calvet de Myom unter 06 52 40 33 53 oder per E-Mail:&nbsp;<a href=\"mailto:nathalie@myom.fr\">nathalie@myom.fr<\/a><\/p>\n\n\n\n<p>Als Beispiele seien die verbindenden Aktivit\u00e4ten genannt, die in diesem Programm angeboten werden. Entdecken Sie die&nbsp;<a href=\"https:\/\/fr.calameo.com\/read\/000024421f9dbe748c813\" target=\"_blank\" rel=\"noreferrer noopener\"><strong>Incoming Agenturen im Arcachon Bassin Veranstalterleitfaden<\/strong><\/a>&nbsp;indem Sie hier klicken<em>.<\/em><\/p>\n<\/div>\n\n\n\n<div class=\"wp-block-uagb-container uagb-block-4380c5f9\"><\/div>\n<\/div><\/div>\n\n\n\n<div style=\"height:60px\" aria-hidden=\"true\" class=\"wp-block-spacer\"><\/div>","protected":false},"excerpt":{"rendered":"<p>Cadre unique Harmonie du lieu \u00e0 l&rsquo;esprit de votre s\u00e9minaire \u00c9quilibre r\u00e9flexion incentive COMEX coh\u00e9sion brainstorming Luxe Intimit\u00e9 Nous contacter mice@siba-bassin-arcachon.fr Suggestion de programme Jour 1 Nuit dans l\u2019\u00e9tablissement cit\u00e9 [&hellip;]<\/p>\n","protected":false},"author":12,"featured_media":45547,"parent":47887,"menu_order":0,"comment_status":"closed","ping_status":"closed","template":"","meta":{"_acf_changed":false,"_uag_custom_page_level_css":"","footnotes":""},"class_list":["post-47910","page","type-page","status-publish","has-post-thumbnail","hentry"],"acf":[],"uagb_featured_image_src":{"full":["https:\/\/bassin-arcachon.com\/wp-content\/uploads\/2020\/06\/cabane-huitres-aiguillon-12-1.jpg",1200,873,false],"thumbnail":["https:\/\/bassin-arcachon.com\/wp-content\/uploads\/2020\/06\/cabane-huitres-aiguillon-12-1-150x150.jpg",150,150,true],"medium":["https:\/\/bassin-arcachon.com\/wp-content\/uploads\/2020\/06\/cabane-huitres-aiguillon-12-1-600x437.jpg",600,437,true],"medium_large":["https:\/\/bassin-arcachon.com\/wp-content\/uploads\/2020\/06\/cabane-huitres-aiguillon-12-1-768x559.jpg",768,559,true],"large":["https:\/\/bassin-arcachon.com\/wp-content\/uploads\/2020\/06\/cabane-huitres-aiguillon-12-1-1024x745.jpg",1024,745,true],"1536x1536":["https:\/\/bassin-arcachon.com\/wp-content\/uploads\/2020\/06\/cabane-huitres-aiguillon-12-1.jpg",1200,873,false],"2048x2048":["https:\/\/bassin-arcachon.com\/wp-content\/uploads\/2020\/06\/cabane-huitres-aiguillon-12-1.jpg",1200,873,false],"trp-custom-language-flag":["https:\/\/bassin-arcachon.com\/wp-content\/uploads\/2020\/06\/cabane-huitres-aiguillon-12-1-16x12.jpg",16,12,true]},"uagb_author_info":{"display_name":"Marine, habitante du Bassin d'Arcachon","author_link":"https:\/\/bassin-arcachon.com\/de\/author\/marinesiba\/"},"uagb_comment_info":0,"uagb_excerpt":"Cadre unique Harmonie du lieu \u00e0 l&rsquo;esprit de votre s\u00e9minaire \u00c9quilibre r\u00e9flexion incentive COMEX coh\u00e9sion brainstorming Luxe Intimit\u00e9 Nous contacter mice@siba-bassin-arcachon.fr Suggestion de programme Jour 1 Nuit dans l\u2019\u00e9tablissement cit\u00e9 [&hellip;]","_links":{"self":[{"href":"https:\/\/bassin-arcachon.com\/de\/wp-json\/wp\/v2\/pages\/47910","targetHints":{"allow":["GET"]}}],"collection":[{"href":"https:\/\/bassin-arcachon.com\/de\/wp-json\/wp\/v2\/pages"}],"about":[{"href":"https:\/\/bassin-arcachon.com\/de\/wp-json\/wp\/v2\/types\/page"}],"author":[{"embeddable":true,"href":"https:\/\/bassin-arcachon.com\/de\/wp-json\/wp\/v2\/users\/12"}],"replies":[{"embeddable":true,"href":"https:\/\/bassin-arcachon.com\/de\/wp-json\/wp\/v2\/comments?post=47910"}],"version-history":[{"count":0,"href":"https:\/\/bassin-arcachon.com\/de\/wp-json\/wp\/v2\/pages\/47910\/revisions"}],"up":[{"embeddable":true,"href":"https:\/\/bassin-arcachon.com\/de\/wp-json\/wp\/v2\/pages\/47887"}],"wp:featuredmedia":[{"embeddable":true,"href":"https:\/\/bassin-arcachon.com\/de\/wp-json\/wp\/v2\/media\/45547"}],"wp:attachment":[{"href":"https:\/\/bassin-arcachon.com\/de\/wp-json\/wp\/v2\/media?parent=47910"}],"curies":[{"name":"wp","href":"https:\/\/api.w.org\/{rel}","templated":true}]}}