{"id":47924,"date":"2020-10-02T17:01:05","date_gmt":"2020-10-02T15:01:05","guid":{"rendered":"https:\/\/bassin-arcachon.com\/\/?page_id=47924"},"modified":"2024-05-13T16:22:16","modified_gmt":"2024-05-13T14:22:16","slug":"social-mause-programm","status":"publish","type":"page","link":"https:\/\/bassin-arcachon.com\/de\/seminaires-congres\/programme-social-mice\/","title":{"rendered":"Begleitprogramm"},"content":{"rendered":"<div class=\"wp-block-uagb-container uagb-block-79a87478 alignfull uagb-is-root-container\"><div class=\"uagb-container-inner-blocks-wrap\">\n<div class=\"wp-block-uagb-container uagb-block-61acb081\">\t\t\t\t\t<div\n\t\t\t\t\t\tclass=\"wp-block-uagb-image-gallery uagb-block-9ee358e5\"\n\t\t\t\t\t\tstyle=\"\"\n\t\t\t\t\t>\n\t\t\t\t\t\t\t\t\t\t\t<div class=\"spectra-image-gallery spectra-image-gallery__layout--carousel\">\n\t\t\t\t\t\t\t\t<div class=\"uagb-slick-carousel uagb-block-9ee358e5\">\n\t\t\t\t\t\t\t\t\t\t\t\t<div class='spectra-image-gallery__media-wrapper' data-spectra-gallery-image-id='23422'>\n\t\t\t\t\t\t\t<div class=\"spectra-image-gallery__media spectra-image-gallery__media--carousel\">\n\t\t\t\t<picture>\n\t\t\t\t\t<source media=\"(min-width: 1024px)\" srcset=\"https:\/\/bassin-arcachon.com\/wp-content\/uploads\/2018\/07\/D\u00e9couvrir-la-Ville-dHiver.jpg\">\n\t\t\t\t\t<source media=\"(min-width: 768px)\" srcset=\"https:\/\/bassin-arcachon.com\/wp-content\/uploads\/2018\/07\/D\u00e9couvrir-la-Ville-dHiver.jpg\">\n\t\t\t\t\t<img decoding=\"async\" class=\"spectra-image-gallery__media-thumbnail spectra-image-gallery__media-thumbnail--carousel\" src=\"https:\/\/bassin-arcachon.com\/wp-content\/uploads\/2018\/07\/Discover-la-Ville-dHiver.jpg\" alt=\"- - Bassin d&#039;Arcachon\" loading=\"lazy\" title=\"- - Bassin d&#039;Arcachon\">\n\t\t\t\t<\/picture>\n\t\t\t\t<div class=\"spectra-image-gallery__media-thumbnail-blurrer\"><\/div>\n\t\t\t\t\t\t\t\t\t\t\t<div class=\"spectra-image-gallery__media-thumbnail-caption-wrapper spectra-image-gallery__media-thumbnail-caption-wrapper--overlay\"><\/div>\n\t\t\t\t\t\t\t\t<\/div>\n\t\t\t\t\t\t<\/div>\n\t\t\t\t\t\t<div class='spectra-image-gallery__media-wrapper' data-spectra-gallery-image-id='47488'>\n\t\t\t\t\t\t\t<div class=\"spectra-image-gallery__media spectra-image-gallery__media--carousel\">\n\t\t\t\t<picture>\n\t\t\t\t\t<source media=\"(min-width: 1024px)\" srcset=\"https:\/\/bassin-arcachon.com\/wp-content\/uploads\/2020\/09\/7-Vue-sur-la-Dune-du-Pilat-au-Cap-FerretcAng\u00e9lique-Saget-scaled-1024x768.jpg\">\n\t\t\t\t\t<source media=\"(min-width: 768px)\" srcset=\"https:\/\/bassin-arcachon.com\/wp-content\/uploads\/2020\/09\/7-Vue-sur-la-Dune-du-Pilat-au-Cap-FerretcAng\u00e9lique-Saget-scaled-1024x768.jpg\">\n\t\t\t\t\t<img decoding=\"async\" class=\"spectra-image-gallery__media-thumbnail spectra-image-gallery__media-thumbnail--carousel\" src=\"https:\/\/bassin-arcachon.com\/wp-content\/uploads\/2020\/09\/7-Vue-sur-la-Dune-du-Pilat-au-Cap-FerretcAng\u00e9lique-Saget-scaled-1024x768.jpg\" alt=\"- - Bassin d&#039;Arcachon\" loading=\"lazy\" title=\"- - Bassin d&#039;Arcachon\">\n\t\t\t\t<\/picture>\n\t\t\t\t<div class=\"spectra-image-gallery__media-thumbnail-blurrer\"><\/div>\n\t\t\t\t\t\t\t\t\t\t\t<div class=\"spectra-image-gallery__media-thumbnail-caption-wrapper spectra-image-gallery__media-thumbnail-caption-wrapper--overlay\"><\/div>\n\t\t\t\t\t\t\t\t<\/div>\n\t\t\t\t\t\t<\/div>\n\t\t\t\t\t\t<div class='spectra-image-gallery__media-wrapper' data-spectra-gallery-image-id='47936'>\n\t\t\t\t\t\t\t<div class=\"spectra-image-gallery__media spectra-image-gallery__media--carousel\">\n\t\t\t\t<picture>\n\t\t\t\t\t<source media=\"(min-width: 1024px)\" srcset=\"https:\/\/bassin-arcachon.com\/wp-content\/uploads\/2020\/09\/navettes-uba-agence-les-conteurs-9-1024x683.jpg\">\n\t\t\t\t\t<source media=\"(min-width: 768px)\" srcset=\"https:\/\/bassin-arcachon.com\/wp-content\/uploads\/2020\/09\/navettes-uba-agence-les-conteurs-9-1024x683.jpg\">\n\t\t\t\t\t<img decoding=\"async\" class=\"spectra-image-gallery__media-thumbnail spectra-image-gallery__media-thumbnail--carousel\" src=\"https:\/\/bassin-arcachon.com\/wp-content\/uploads\/2020\/09\/navettes-uba-agence-les-conteurs-9-1024x683.jpg\" alt=\"- - Bassin d&#039;Arcachon\" loading=\"lazy\" title=\"- - Bassin d&#039;Arcachon\">\n\t\t\t\t<\/picture>\n\t\t\t\t<div class=\"spectra-image-gallery__media-thumbnail-blurrer\"><\/div>\n\t\t\t\t\t\t\t\t\t\t\t<div class=\"spectra-image-gallery__media-thumbnail-caption-wrapper spectra-image-gallery__media-thumbnail-caption-wrapper--overlay\"><\/div>\n\t\t\t\t\t\t\t\t<\/div>\n\t\t\t\t\t\t<\/div>\n\t\t\t\t\t\t<div class='spectra-image-gallery__media-wrapper' data-spectra-gallery-image-id='47931'>\n\t\t\t\t\t\t\t<div class=\"spectra-image-gallery__media spectra-image-gallery__media--carousel\">\n\t\t\t\t<picture>\n\t\t\t\t\t<source media=\"(min-width: 1024px)\" srcset=\"https:\/\/bassin-arcachon.com\/wp-content\/uploads\/2020\/09\/andernos-3-scaled-1024x683.jpg\">\n\t\t\t\t\t<source media=\"(min-width: 768px)\" srcset=\"https:\/\/bassin-arcachon.com\/wp-content\/uploads\/2020\/09\/andernos-3-scaled-1024x683.jpg\">\n\t\t\t\t\t<img decoding=\"async\" class=\"spectra-image-gallery__media-thumbnail spectra-image-gallery__media-thumbnail--carousel\" src=\"https:\/\/bassin-arcachon.com\/wp-content\/uploads\/2020\/09\/andernos-3-scaled-1024x683.jpg\" alt=\"- - Bassin d&#039;Arcachon\" loading=\"lazy\" title=\"- - Bassin d&#039;Arcachon\">\n\t\t\t\t<\/picture>\n\t\t\t\t<div class=\"spectra-image-gallery__media-thumbnail-blurrer\"><\/div>\n\t\t\t\t\t\t\t\t\t\t\t<div class=\"spectra-image-gallery__media-thumbnail-caption-wrapper spectra-image-gallery__media-thumbnail-caption-wrapper--overlay\"><\/div>\n\t\t\t\t\t\t\t\t<\/div>\n\t\t\t\t\t\t<\/div>\n\t\t\t\t\t\t<div class='spectra-image-gallery__media-wrapper' data-spectra-gallery-image-id='47930'>\n\t\t\t\t\t\t\t<div class=\"spectra-image-gallery__media spectra-image-gallery__media--carousel\">\n\t\t\t\t<picture>\n\t\t\t\t\t<source media=\"(min-width: 1024px)\" srcset=\"https:\/\/bassin-arcachon.com\/wp-content\/uploads\/2020\/09\/andernos-2-1024x682.jpg\">\n\t\t\t\t\t<source media=\"(min-width: 768px)\" srcset=\"https:\/\/bassin-arcachon.com\/wp-content\/uploads\/2020\/09\/andernos-2-1024x682.jpg\">\n\t\t\t\t\t<img decoding=\"async\" class=\"spectra-image-gallery__media-thumbnail spectra-image-gallery__media-thumbnail--carousel\" src=\"https:\/\/bassin-arcachon.com\/wp-content\/uploads\/2020\/09\/andernos-2-1024x682.jpg\" alt=\"- - Bassin d&#039;Arcachon\" loading=\"lazy\" title=\"- - Bassin d&#039;Arcachon\">\n\t\t\t\t<\/picture>\n\t\t\t\t<div class=\"spectra-image-gallery__media-thumbnail-blurrer\"><\/div>\n\t\t\t\t\t\t\t\t\t\t\t<div class=\"spectra-image-gallery__media-thumbnail-caption-wrapper spectra-image-gallery__media-thumbnail-caption-wrapper--overlay\"><\/div>\n\t\t\t\t\t\t\t\t<\/div>\n\t\t\t\t\t\t<\/div>\n\t\t\t\t\t\t<div class='spectra-image-gallery__media-wrapper' data-spectra-gallery-image-id='48130'>\n\t\t\t\t\t\t\t<div class=\"spectra-image-gallery__media spectra-image-gallery__media--carousel\">\n\t\t\t\t<picture>\n\t\t\t\t\t<source media=\"(min-width: 1024px)\" srcset=\"https:\/\/bassin-arcachon.com\/wp-content\/uploads\/2020\/10\/thalasso-arcachon-karine-medina-1024x683.jpg\">\n\t\t\t\t\t<source media=\"(min-width: 768px)\" srcset=\"https:\/\/bassin-arcachon.com\/wp-content\/uploads\/2020\/10\/thalasso-arcachon-karine-medina-1024x683.jpg\">\n\t\t\t\t\t<img decoding=\"async\" class=\"spectra-image-gallery__media-thumbnail spectra-image-gallery__media-thumbnail--carousel\" src=\"https:\/\/bassin-arcachon.com\/wp-content\/uploads\/2020\/10\/thalasso-arcachon-karine-medina-1024x683.jpg\" alt=\"- - Bassin d&#039;Arcachon\" loading=\"lazy\" title=\"- - Bassin d&#039;Arcachon\">\n\t\t\t\t<\/picture>\n\t\t\t\t<div class=\"spectra-image-gallery__media-thumbnail-blurrer\"><\/div>\n\t\t\t\t\t\t\t\t\t\t\t<div class=\"spectra-image-gallery__media-thumbnail-caption-wrapper spectra-image-gallery__media-thumbnail-caption-wrapper--overlay\"><\/div>\n\t\t\t\t\t\t\t\t<\/div>\n\t\t\t\t\t\t<\/div>\n\t\t\t\t\t\t<div class='spectra-image-gallery__media-wrapper' data-spectra-gallery-image-id='47937'>\n\t\t\t\t\t\t\t<div class=\"spectra-image-gallery__media spectra-image-gallery__media--carousel\">\n\t\t\t\t<picture>\n\t\t\t\t\t<source media=\"(min-width: 1024px)\" srcset=\"https:\/\/bassin-arcachon.com\/wp-content\/uploads\/2020\/09\/shopping-arcachon-siba-agence-les-conteurs-17-1024x705.jpg\">\n\t\t\t\t\t<source media=\"(min-width: 768px)\" srcset=\"https:\/\/bassin-arcachon.com\/wp-content\/uploads\/2020\/09\/shopping-arcachon-siba-agence-les-conteurs-17-1024x705.jpg\">\n\t\t\t\t\t<img decoding=\"async\" class=\"spectra-image-gallery__media-thumbnail spectra-image-gallery__media-thumbnail--carousel\" src=\"https:\/\/bassin-arcachon.com\/wp-content\/uploads\/2020\/09\/shopping-arcachon-siba-agence-les-conteurs-17-1024x705.jpg\" alt=\"- - Bassin d&#039;Arcachon\" loading=\"lazy\" title=\"- - Bassin d&#039;Arcachon\">\n\t\t\t\t<\/picture>\n\t\t\t\t<div class=\"spectra-image-gallery__media-thumbnail-blurrer\"><\/div>\n\t\t\t\t\t\t\t\t\t\t\t<div class=\"spectra-image-gallery__media-thumbnail-caption-wrapper spectra-image-gallery__media-thumbnail-caption-wrapper--overlay\"><\/div>\n\t\t\t\t\t\t\t\t<\/div>\n\t\t\t\t\t\t<\/div>\n\t\t\t\t\t\t<div class='spectra-image-gallery__media-wrapper' data-spectra-gallery-image-id='47928'>\n\t\t\t\t\t\t\t<div class=\"spectra-image-gallery__media spectra-image-gallery__media--carousel\">\n\t\t\t\t<picture>\n\t\t\t\t\t<source media=\"(min-width: 1024px)\" srcset=\"https:\/\/bassin-arcachon.com\/wp-content\/uploads\/2020\/09\/Paddle-bassin-darcachon-1-scaled-1024x683.jpg\">\n\t\t\t\t\t<source media=\"(min-width: 768px)\" srcset=\"https:\/\/bassin-arcachon.com\/wp-content\/uploads\/2020\/09\/Paddle-bassin-darcachon-1-scaled-1024x683.jpg\">\n\t\t\t\t\t<img decoding=\"async\" class=\"spectra-image-gallery__media-thumbnail spectra-image-gallery__media-thumbnail--carousel\" src=\"https:\/\/bassin-arcachon.com\/wp-content\/uploads\/2020\/09\/Paddle-bassin-darcachon-1-scaled-1024x683.jpg\" alt=\"- - Bassin d&#039;Arcachon\" loading=\"lazy\" title=\"- - Bassin d&#039;Arcachon\">\n\t\t\t\t<\/picture>\n\t\t\t\t<div class=\"spectra-image-gallery__media-thumbnail-blurrer\"><\/div>\n\t\t\t\t\t\t\t\t\t\t\t<div class=\"spectra-image-gallery__media-thumbnail-caption-wrapper spectra-image-gallery__media-thumbnail-caption-wrapper--overlay\"><\/div>\n\t\t\t\t\t\t\t\t<\/div>\n\t\t\t\t\t\t<\/div>\n\t\t\t\t\t\t<div class='spectra-image-gallery__media-wrapper' data-spectra-gallery-image-id='47929'>\n\t\t\t\t\t\t\t<div class=\"spectra-image-gallery__media spectra-image-gallery__media--carousel\">\n\t\t\t\t<picture>\n\t\t\t\t\t<source media=\"(min-width: 1024px)\" srcset=\"https:\/\/bassin-arcachon.com\/wp-content\/uploads\/2020\/09\/andernos-1-1024x682.jpg\">\n\t\t\t\t\t<source media=\"(min-width: 768px)\" srcset=\"https:\/\/bassin-arcachon.com\/wp-content\/uploads\/2020\/09\/andernos-1-1024x682.jpg\">\n\t\t\t\t\t<img decoding=\"async\" class=\"spectra-image-gallery__media-thumbnail spectra-image-gallery__media-thumbnail--carousel\" src=\"https:\/\/bassin-arcachon.com\/wp-content\/uploads\/2020\/09\/andernos-1-1024x682.jpg\" alt=\"- - Bassin d&#039;Arcachon\" loading=\"lazy\" title=\"- - Bassin d&#039;Arcachon\">\n\t\t\t\t<\/picture>\n\t\t\t\t<div class=\"spectra-image-gallery__media-thumbnail-blurrer\"><\/div>\n\t\t\t\t\t\t\t\t\t\t\t<div class=\"spectra-image-gallery__media-thumbnail-caption-wrapper spectra-image-gallery__media-thumbnail-caption-wrapper--overlay\"><\/div>\n\t\t\t\t\t\t\t\t<\/div>\n\t\t\t\t\t\t<\/div>\n\t\t\t\t\t\t\t\t\t\t\t<\/div>\n\t\t\t\t\t\t\t<\/div>\n\t\t\t\t\t\t\t\t\t\t\t<\/div>\n\t\t\t\t\t\t\t\t\t<\/div>\n\n\n\n<div class=\"wp-block-uagb-container uagb-block-3ff112e5\">\n<div class=\"wp-block-uagb-container uagb-block-e3d33b9a\">\n<p class=\"has-white-color has-text-color\">F\u00fchrung durch die Winterstadt<br><br>Wandern Sie im Sand<br><br>Kreuzfahrt auf dem Bassin<br><br>Kulinarische Verkostungen<br><br>Golf und Thalassotherapie<br><br>Das Einkaufen<\/p>\n<\/div>\n\n\n\n<div class=\"wp-block-uagb-container uagb-block-d7bc019e\">\n<h4 class=\"wp-block-heading\">Kontaktiere uns<\/h4>\n\n\n\n<p class=\"has-black-color has-text-color\"><a href=\"mailto:mice@siba-bassin-arcachon.fr\">mice@siba-bassin-arcachon.fr<\/a><\/p>\n<\/div>\n<\/div>\n<\/div><\/div>\n\n\n\n<div style=\"height:40px\" aria-hidden=\"true\" class=\"wp-block-spacer\"><\/div>\n\n\n\n<div class=\"wp-block-uagb-container uagb-block-f3a0d706 alignfull uagb-is-root-container\"><div class=\"uagb-container-inner-blocks-wrap\">\n<div class=\"wp-block-uagb-container uagb-block-98354184\">\n<h2 class=\"wp-block-heading\">Rahmenprogramm \/ Begleiter<\/h2>\n\n\n\n<h3 class=\"wp-block-heading\">F\u00fchrung durch die Winterstadt Arcachon<strong><\/strong><\/h3>\n\n\n\n<p>Entdecken Sie die architektonische und stilistische Entwicklung der Villen der&nbsp;<strong>Winterstadt<\/strong>. Lassen Sie sich von seiner Entstehung bis zu historischen Anekdoten im Zusammenhang mit der Aristokratie und dem B\u00fcrgertum, die in Arcachon Urlaub machten, durch dieses emblematische Viertel f\u00fchren.<\/p>\n\n\n\n<h3 class=\"wp-block-heading\">Wandern im Sand und unter den Pinien<\/h3>\n\n\n\n<p>Entdecken Sie die&nbsp;<strong>Halbinsel L\u00e8ge-Cap Ferret<\/strong>, zu Fu\u00df, mit dem Segway, mit dem Roller oder sogar mit dem Fahrrad. Kurs durch die 44 Hektar zur Pointe du Cap Ferret mit ihrem herrlichen Panorama auf die Bassin und das Meer. Oder entdecken Sie die&nbsp;<strong>D\u00fcne von Pilat<\/strong>&nbsp;bei einer gef\u00fchrten Wanderung mit einem Reiseleiter.<\/p>\n\n\n\n<h3 class=\"wp-block-heading\">Kreuzfahrt im Bassin von Arcachon<strong><\/strong><\/h3>\n\n\n\n<p><strong>Bootsfahrt<\/strong>&nbsp;auf dem Arcachon Bassin: Runde von&nbsp;<strong>Vogelinsel<\/strong>&nbsp;und es ist ber\u00fchmt&nbsp;<strong>H\u00fctten auf Stelzen<\/strong>&nbsp;(H\u00fctten auf Pf\u00e4hlen) und wandern Sie entlang der Austernz\u00fcchterd\u00f6rfer der Halbinsel Cap Ferret.<\/p>\n\n\n\n<h3 class=\"wp-block-heading\">Kulinarische Verkostungen<strong><\/strong><\/h3>\n\n\n\n<p>Ap\u00e9ro in einem&nbsp;<strong>Austern H\u00fctte<\/strong>&nbsp;um einen Teller Austern, begleitet von einem Glas Wei\u00dfwein. M\u00f6glichkeit eines Sch\u00e4lworkshops mit dem Austernz\u00fcchter in freundlicher Atmosph\u00e4re.<\/p>\n\n\n\n<h3 class=\"wp-block-heading\">Golf<strong><\/strong><\/h3>\n\n\n\n<p>Genie\u00dfen Sie einen Kurs zwischen den Pinien, gefolgt von einem Mittagessen im Restaurant auf der Golfterrasse: um&nbsp;<a href=\"https:\/\/www.golfarcachon.org\/fr\/\" target=\"_blank\" rel=\"noreferrer noopener\">Arcachon<\/a>,&nbsp;<a href=\"https:\/\/bluegreen.fr\/gujan\/\" target=\"_blank\" rel=\"noreferrer noopener\">Gujan-Mestras<\/a>,&nbsp;<a href=\"https:\/\/bassin-arcachon.com\/de\/detailblatt\/?types=activite_golf&amp;id=LOIAQU033FS000NJ&amp;title=golf-des-aiguilles-vertes\" target=\"_blank\" rel=\"noreferrer noopener\">Lanton<\/a>&nbsp;Wo&nbsp;<a href=\"https:\/\/www.capgolf.fr\/\" target=\"_blank\" rel=\"noreferrer noopener\">Lege-Cap Frettchen<\/a>.<\/p>\n\n\n\n<h3 class=\"wp-block-heading\">Thalasso\/Balneotherapie\/Spa<strong><\/strong><\/h3>\n\n\n\n<p>Genie\u00dfen Sie einen Moment der Entspannung im Thalassotherapie-Zentrum&nbsp;<a href=\"https:\/\/www.thalazur.fr\/arcachon\/thalasso\/\" target=\"_blank\" rel=\"noreferrer noopener\">Thalazur Arcachon<\/a>, zu&nbsp;<a href=\"https:\/\/www.domaineduferret.com\/\" target=\"_blank\" rel=\"noreferrer noopener\">Domaine du Ferret Balneo &amp; Spa<\/a>&nbsp;in L\u00e8ge-Cap Ferret oder in einem au\u00dfergew\u00f6hnlichen Spa-Hotel: dem<a href=\"https:\/\/www.hotel-cotesable.com\/fr\/spa-clarins-cap-ferret.html\" target=\"_blank\" rel=\"noopener\">Sandy-Side-Hotel<\/a>&nbsp;in Cap Ferret, die<a href=\"https:\/\/www.hotelvilledhiver.com\/\" target=\"_blank\" rel=\"noreferrer noopener\">Winterstadthotel<\/a>&nbsp;oder sogar die<a href=\"https:\/\/www.hotelvillalamartine.com\/\" target=\"_blank\" rel=\"noopener\">Hotel Villa Lamartine<\/a>&nbsp;in Arcachon.<\/p>\n\n\n\n<h3 class=\"wp-block-heading\">Das Einkaufen<strong><\/strong><\/h3>\n\n\n\n<p><strong>Canel\u00e9s<\/strong>&nbsp;von Guignard \/&nbsp;<strong>wei\u00dfe D\u00fcnen<\/strong>&nbsp;von Chez Pascal \/&nbsp;<strong>Schokoladenaustern<\/strong>&nbsp;von P\u00e2tisserie Marquet oder von Pierre Mirgalet \/&nbsp;<strong>Arcachon Schaumparf\u00fcm&nbsp;<\/strong>\/&nbsp;<strong>Marelia-Haus&nbsp;<\/strong>in Andernos\u2026<\/p>\n\n\n\n<p>Die in diesem Programm vorgeschlagenen Aktivit\u00e4ten werden beispielhaft aufgef\u00fchrt. Entdecken Sie die Aktivit\u00e4ten von Bassin von <a href=\"https:\/\/bassin-arcachon.com\/de\/laden-sie-unsere-anwendung-herunter\/\">Laden Sie unsere mobile App herunter!<\/a><\/p>\n<\/div>\n\n\n\n<div class=\"wp-block-uagb-container uagb-block-96db5550\"><\/div>\n<\/div><\/div>\n\n\n\n<div style=\"height:60px\" aria-hidden=\"true\" class=\"wp-block-spacer\"><\/div>","protected":false},"excerpt":{"rendered":"<p>Visite guid\u00e9e de la Ville d&rsquo;Hiver Rando dans le sable Croisi\u00e8re sur le Bassin D\u00e9gustations culinaires Golf et Thalasso Shopping Nous contacter mice@siba-bassin-arcachon.fr Programme social \/ accompagnant Visite guid\u00e9e de [&hellip;]<\/p>\n","protected":false},"author":12,"featured_media":47917,"parent":47639,"menu_order":0,"comment_status":"closed","ping_status":"closed","template":"","meta":{"_acf_changed":false,"_uag_custom_page_level_css":"","footnotes":""},"class_list":["post-47924","page","type-page","status-publish","has-post-thumbnail","hentry"],"acf":[],"uagb_featured_image_src":{"full":["https:\/\/bassin-arcachon.com\/wp-content\/uploads\/2020\/09\/shopping-arcachon.jpg",2000,1333,false],"thumbnail":["https:\/\/bassin-arcachon.com\/wp-content\/uploads\/2020\/09\/shopping-arcachon-150x150.jpg",150,150,true],"medium":["https:\/\/bassin-arcachon.com\/wp-content\/uploads\/2020\/09\/shopping-arcachon-600x400.jpg",600,400,true],"medium_large":["https:\/\/bassin-arcachon.com\/wp-content\/uploads\/2020\/09\/shopping-arcachon-768x512.jpg",768,512,true],"large":["https:\/\/bassin-arcachon.com\/wp-content\/uploads\/2020\/09\/shopping-arcachon-1024x682.jpg",1024,682,true],"1536x1536":["https:\/\/bassin-arcachon.com\/wp-content\/uploads\/2020\/09\/shopping-arcachon-1536x1024.jpg",1536,1024,true],"2048x2048":["https:\/\/bassin-arcachon.com\/wp-content\/uploads\/2020\/09\/shopping-arcachon.jpg",2000,1333,false],"trp-custom-language-flag":["https:\/\/bassin-arcachon.com\/wp-content\/uploads\/2020\/09\/shopping-arcachon-18x12.jpg",18,12,true]},"uagb_author_info":{"display_name":"Marine, habitante du Bassin d'Arcachon","author_link":"https:\/\/bassin-arcachon.com\/de\/author\/marinesiba\/"},"uagb_comment_info":0,"uagb_excerpt":"Visite guid\u00e9e de la Ville d&rsquo;Hiver Rando dans le sable Croisi\u00e8re sur le Bassin D\u00e9gustations culinaires Golf et Thalasso Shopping Nous contacter mice@siba-bassin-arcachon.fr Programme social \/ accompagnant Visite guid\u00e9e de [&hellip;]","_links":{"self":[{"href":"https:\/\/bassin-arcachon.com\/de\/wp-json\/wp\/v2\/pages\/47924","targetHints":{"allow":["GET"]}}],"collection":[{"href":"https:\/\/bassin-arcachon.com\/de\/wp-json\/wp\/v2\/pages"}],"about":[{"href":"https:\/\/bassin-arcachon.com\/de\/wp-json\/wp\/v2\/types\/page"}],"author":[{"embeddable":true,"href":"https:\/\/bassin-arcachon.com\/de\/wp-json\/wp\/v2\/users\/12"}],"replies":[{"embeddable":true,"href":"https:\/\/bassin-arcachon.com\/de\/wp-json\/wp\/v2\/comments?post=47924"}],"version-history":[{"count":0,"href":"https:\/\/bassin-arcachon.com\/de\/wp-json\/wp\/v2\/pages\/47924\/revisions"}],"up":[{"embeddable":true,"href":"https:\/\/bassin-arcachon.com\/de\/wp-json\/wp\/v2\/pages\/47639"}],"wp:featuredmedia":[{"embeddable":true,"href":"https:\/\/bassin-arcachon.com\/de\/wp-json\/wp\/v2\/media\/47917"}],"wp:attachment":[{"href":"https:\/\/bassin-arcachon.com\/de\/wp-json\/wp\/v2\/media?parent=47924"}],"curies":[{"name":"wp","href":"https:\/\/api.w.org\/{rel}","templated":true}]}}