{"id":48239,"date":"2020-10-21T12:20:30","date_gmt":"2020-10-21T10:20:30","guid":{"rendered":"https:\/\/bassin-arcachon.com\/\/?page_id=48239"},"modified":"2024-09-02T10:58:06","modified_gmt":"2024-09-02T08:58:06","slug":"vip-lounge-arcachon-4","status":"publish","type":"page","link":"https:\/\/bassin-arcachon.com\/de\/seminaires-congres\/offres-codir\/salon-vip-arcachon-4\/","title":{"rendered":"Arcachon Business VIP-Lounge"},"content":{"rendered":"<div class=\"wp-block-uagb-container uagb-block-97a66069 alignfull uagb-is-root-container\"><div class=\"uagb-container-inner-blocks-wrap\">\n<div class=\"wp-block-uagb-container uagb-block-4f159a09\">\t\t\t\t\t<div\n\t\t\t\t\t\tclass=\"wp-block-uagb-image-gallery uagb-block-d19b0ff6\"\n\t\t\t\t\t\tstyle=\"\"\n\t\t\t\t\t>\n\t\t\t\t\t\t\t\t\t\t\t<div class=\"spectra-image-gallery spectra-image-gallery__layout--carousel\">\n\t\t\t\t\t\t\t\t<div class=\"uagb-slick-carousel uagb-block-d19b0ff6\">\n\t\t\t\t\t\t\t\t\t\t\t\t<div class='spectra-image-gallery__media-wrapper' data-spectra-gallery-image-id='34926'>\n\t\t\t\t\t\t\t<div class=\"spectra-image-gallery__media spectra-image-gallery__media--carousel\">\n\t\t\t\t<picture>\n\t\t\t\t\t<source media=\"(min-width: 1024px)\" srcset=\"https:\/\/bassin-arcachon.com\/wp-content\/uploads\/2019\/06\/Salle-Palais-des-congr\u00e8s-organisation-de-seminaire-et-congres-1024x683.jpg\">\n\t\t\t\t\t<source media=\"(min-width: 768px)\" srcset=\"https:\/\/bassin-arcachon.com\/wp-content\/uploads\/2019\/06\/Salle-Palais-des-congr\u00e8s-organisation-de-seminaire-et-congres-1024x683.jpg\">\n\t\t\t\t\t<img decoding=\"async\" class=\"spectra-image-gallery__media-thumbnail spectra-image-gallery__media-thumbnail--carousel\" src=\"https:\/\/bassin-arcachon.com\/wp-content\/uploads\/2019\/06\/Salle-Palais-des-congr\u00e8s-organisation-de-seminaire-et-congres-300x200.jpg\" alt=\"- - Bassin d&#039;Arcachon\" loading=\"lazy\" title=\"- - Bassin d&#039;Arcachon\">\n\t\t\t\t<\/picture>\n\t\t\t\t<div class=\"spectra-image-gallery__media-thumbnail-blurrer\"><\/div>\n\t\t\t\t\t\t\t\t\t\t\t<div class=\"spectra-image-gallery__media-thumbnail-caption-wrapper spectra-image-gallery__media-thumbnail-caption-wrapper--overlay\"><\/div>\n\t\t\t\t\t\t\t\t<\/div>\n\t\t\t\t\t\t<\/div>\n\t\t\t\t\t\t<div class='spectra-image-gallery__media-wrapper' data-spectra-gallery-image-id='48245'>\n\t\t\t\t\t\t\t<div class=\"spectra-image-gallery__media spectra-image-gallery__media--carousel\">\n\t\t\t\t<picture>\n\t\t\t\t\t<source media=\"(min-width: 1024px)\" srcset=\"https:\/\/bassin-arcachon.com\/wp-content\/uploads\/2020\/10\/palais-des-congr\u00e8s-darcachon-vue-mer-scaled-1024x683.jpg\">\n\t\t\t\t\t<source media=\"(min-width: 768px)\" srcset=\"https:\/\/bassin-arcachon.com\/wp-content\/uploads\/2020\/10\/palais-des-congr\u00e8s-darcachon-vue-mer-scaled-1024x683.jpg\">\n\t\t\t\t\t<img decoding=\"async\" class=\"spectra-image-gallery__media-thumbnail spectra-image-gallery__media-thumbnail--carousel\" src=\"https:\/\/bassin-arcachon.com\/wp-content\/uploads\/2020\/10\/palais-des-congr\u00e8s-darcachon-vue-mer-scaled-300x200.jpg\" alt=\"- - Bassin d&#039;Arcachon\" loading=\"lazy\" title=\"- - Bassin d&#039;Arcachon\">\n\t\t\t\t<\/picture>\n\t\t\t\t<div class=\"spectra-image-gallery__media-thumbnail-blurrer\"><\/div>\n\t\t\t\t\t\t\t\t\t\t\t<div class=\"spectra-image-gallery__media-thumbnail-caption-wrapper spectra-image-gallery__media-thumbnail-caption-wrapper--overlay\"><\/div>\n\t\t\t\t\t\t\t\t<\/div>\n\t\t\t\t\t\t<\/div>\n\t\t\t\t\t\t<div class='spectra-image-gallery__media-wrapper' data-spectra-gallery-image-id='47911'>\n\t\t\t\t\t\t\t<div class=\"spectra-image-gallery__media spectra-image-gallery__media--carousel\">\n\t\t\t\t<picture>\n\t\t\t\t\t<source media=\"(min-width: 1024px)\" srcset=\"https:\/\/bassin-arcachon.com\/wp-content\/uploads\/2020\/09\/Balade-en-pinasse-scaled-1024x683.jpg\">\n\t\t\t\t\t<source media=\"(min-width: 768px)\" srcset=\"https:\/\/bassin-arcachon.com\/wp-content\/uploads\/2020\/09\/Balade-en-pinasse-scaled-1024x683.jpg\">\n\t\t\t\t\t<img decoding=\"async\" class=\"spectra-image-gallery__media-thumbnail spectra-image-gallery__media-thumbnail--carousel\" src=\"https:\/\/bassin-arcachon.com\/wp-content\/uploads\/2020\/09\/Balade-en-pinasse-scaled-300x200.jpg\" alt=\"- - Bassin d&#039;Arcachon\" loading=\"lazy\" title=\"- - Bassin d&#039;Arcachon\">\n\t\t\t\t<\/picture>\n\t\t\t\t<div class=\"spectra-image-gallery__media-thumbnail-blurrer\"><\/div>\n\t\t\t\t\t\t\t\t\t\t\t<div class=\"spectra-image-gallery__media-thumbnail-caption-wrapper spectra-image-gallery__media-thumbnail-caption-wrapper--overlay\"><\/div>\n\t\t\t\t\t\t\t\t<\/div>\n\t\t\t\t\t\t<\/div>\n\t\t\t\t\t\t<div class='spectra-image-gallery__media-wrapper' data-spectra-gallery-image-id='22801'>\n\t\t\t\t\t\t\t<div class=\"spectra-image-gallery__media spectra-image-gallery__media--carousel\">\n\t\t\t\t<picture>\n\t\t\t\t\t<source media=\"(min-width: 1024px)\" srcset=\"https:\/\/bassin-arcachon.com\/wp-content\/uploads\/2018\/06\/cap-gourmand-siba-agence-les-conteurs-97-e1546597288272.jpg\">\n\t\t\t\t\t<source media=\"(min-width: 768px)\" srcset=\"https:\/\/bassin-arcachon.com\/wp-content\/uploads\/2018\/06\/cap-gourmand-siba-agence-les-conteurs-97-e1546597288272.jpg\">\n\t\t\t\t\t<img decoding=\"async\" class=\"spectra-image-gallery__media-thumbnail spectra-image-gallery__media-thumbnail--carousel\" src=\"https:\/\/bassin-arcachon.com\/wp-content\/uploads\/2018\/06\/cap-gourmand-siba-agence-les-conteurs-97-e1546597288272-300x200.jpg\" alt=\"Austerndorf Mimbeau mit Cap Gourmand bei Bassin d&#039;Arcachon\" loading=\"lazy\" title=\"- - Bassin d&#039;Arcachon\">\n\t\t\t\t<\/picture>\n\t\t\t\t<div class=\"spectra-image-gallery__media-thumbnail-blurrer\"><\/div>\n\t\t\t\t\t\t\t\t\t\t\t<div class=\"spectra-image-gallery__media-thumbnail-caption-wrapper spectra-image-gallery__media-thumbnail-caption-wrapper--overlay\"><\/div>\n\t\t\t\t\t\t\t\t<\/div>\n\t\t\t\t\t\t<\/div>\n\t\t\t\t\t\t<div class='spectra-image-gallery__media-wrapper' data-spectra-gallery-image-id='24866'>\n\t\t\t\t\t\t\t<div class=\"spectra-image-gallery__media spectra-image-gallery__media--carousel\">\n\t\t\t\t<picture>\n\t\t\t\t\t<source media=\"(min-width: 1024px)\" srcset=\"https:\/\/bassin-arcachon.com\/wp-content\/uploads\/2018\/07\/d\u00e9guster-hu\u00eetres-arcachon-cap-ferret-e1546595398521.jpg\">\n\t\t\t\t\t<source media=\"(min-width: 768px)\" srcset=\"https:\/\/bassin-arcachon.com\/wp-content\/uploads\/2018\/07\/d\u00e9guster-hu\u00eetres-arcachon-cap-ferret-e1546595398521.jpg\">\n\t\t\t\t\t<img decoding=\"async\" class=\"spectra-image-gallery__media-thumbnail spectra-image-gallery__media-thumbnail--carousel\" src=\"https:\/\/bassin-arcachon.com\/wp-content\/uploads\/2018\/07\/d\u00e9guster-hu\u00eetres-arcachon-cap-ferret-e1546595398521-300x200.jpg\" alt=\"Probieren Sie Austern am Cap Ferret auf der Bassin d&#039;Arcachon\" loading=\"lazy\" title=\"- - Bassin d&#039;Arcachon\">\n\t\t\t\t<\/picture>\n\t\t\t\t<div class=\"spectra-image-gallery__media-thumbnail-blurrer\"><\/div>\n\t\t\t\t\t\t\t\t\t\t\t<div class=\"spectra-image-gallery__media-thumbnail-caption-wrapper spectra-image-gallery__media-thumbnail-caption-wrapper--overlay\"><\/div>\n\t\t\t\t\t\t\t\t<\/div>\n\t\t\t\t\t\t<\/div>\n\t\t\t\t\t\t<div class='spectra-image-gallery__media-wrapper' data-spectra-gallery-image-id='48250'>\n\t\t\t\t\t\t\t<div class=\"spectra-image-gallery__media spectra-image-gallery__media--carousel\">\n\t\t\t\t<picture>\n\t\t\t\t\t<source media=\"(min-width: 1024px)\" srcset=\"https:\/\/bassin-arcachon.com\/wp-content\/uploads\/2020\/10\/SALON-VIP-ARCACHON-1024x694.jpg\">\n\t\t\t\t\t<source media=\"(min-width: 768px)\" srcset=\"https:\/\/bassin-arcachon.com\/wp-content\/uploads\/2020\/10\/SALON-VIP-ARCACHON-1024x694.jpg\">\n\t\t\t\t\t<img decoding=\"async\" class=\"spectra-image-gallery__media-thumbnail spectra-image-gallery__media-thumbnail--carousel\" src=\"https:\/\/bassin-arcachon.com\/wp-content\/uploads\/2020\/10\/SALON-VIP-ARCACHON-300x203.jpg\" alt=\"- - Bassin d&#039;Arcachon\" loading=\"lazy\" title=\"- - Bassin d&#039;Arcachon\">\n\t\t\t\t<\/picture>\n\t\t\t\t<div class=\"spectra-image-gallery__media-thumbnail-blurrer\"><\/div>\n\t\t\t\t\t\t\t\t\t\t\t<div class=\"spectra-image-gallery__media-thumbnail-caption-wrapper spectra-image-gallery__media-thumbnail-caption-wrapper--overlay\"><\/div>\n\t\t\t\t\t\t\t\t<\/div>\n\t\t\t\t\t\t<\/div>\n\t\t\t\t\t\t<div class='spectra-image-gallery__media-wrapper' data-spectra-gallery-image-id='47953'>\n\t\t\t\t\t\t\t<div class=\"spectra-image-gallery__media spectra-image-gallery__media--carousel\">\n\t\t\t\t<picture>\n\t\t\t\t\t<source media=\"(min-width: 1024px)\" srcset=\"https:\/\/bassin-arcachon.com\/wp-content\/uploads\/2020\/09\/terrasses-du-port-arcachon-1024x684.jpg\">\n\t\t\t\t\t<source media=\"(min-width: 768px)\" srcset=\"https:\/\/bassin-arcachon.com\/wp-content\/uploads\/2020\/09\/terrasses-du-port-arcachon-1024x684.jpg\">\n\t\t\t\t\t<img decoding=\"async\" class=\"spectra-image-gallery__media-thumbnail spectra-image-gallery__media-thumbnail--carousel\" src=\"https:\/\/bassin-arcachon.com\/wp-content\/uploads\/2020\/09\/terrasses-du-port-arcachon-300x200.jpg\" alt=\"- - Bassin d&#039;Arcachon\" loading=\"lazy\" title=\"- - Bassin d&#039;Arcachon\">\n\t\t\t\t<\/picture>\n\t\t\t\t<div class=\"spectra-image-gallery__media-thumbnail-blurrer\"><\/div>\n\t\t\t\t\t\t\t\t\t\t\t<div class=\"spectra-image-gallery__media-thumbnail-caption-wrapper spectra-image-gallery__media-thumbnail-caption-wrapper--overlay\"><\/div>\n\t\t\t\t\t\t\t\t<\/div>\n\t\t\t\t\t\t<\/div>\n\t\t\t\t\t\t<div class='spectra-image-gallery__media-wrapper' data-spectra-gallery-image-id='9916'>\n\t\t\t\t\t\t\t<div class=\"spectra-image-gallery__media spectra-image-gallery__media--carousel\">\n\t\t\t\t<picture>\n\t\t\t\t\t<source media=\"(min-width: 1024px)\" srcset=\"https:\/\/bassin-arcachon.com\/wp-content\/uploads\/2017\/10\/ville-dhiver-1-compress\u00e9-1024x683.jpg\">\n\t\t\t\t\t<source media=\"(min-width: 768px)\" srcset=\"https:\/\/bassin-arcachon.com\/wp-content\/uploads\/2017\/10\/ville-dhiver-1-compress\u00e9-1024x683.jpg\">\n\t\t\t\t\t<img decoding=\"async\" class=\"spectra-image-gallery__media-thumbnail spectra-image-gallery__media-thumbnail--carousel\" src=\"https:\/\/bassin-arcachon.com\/wp-content\/uploads\/2017\/10\/ville-dhiver-1-compress\u00e9-300x200.jpg\" alt=\"- - Bassin d&#039;Arcachon\" loading=\"lazy\" title=\"- - Bassin d&#039;Arcachon\">\n\t\t\t\t<\/picture>\n\t\t\t\t<div class=\"spectra-image-gallery__media-thumbnail-blurrer\"><\/div>\n\t\t\t\t\t\t\t\t\t\t\t<div class=\"spectra-image-gallery__media-thumbnail-caption-wrapper spectra-image-gallery__media-thumbnail-caption-wrapper--overlay\"><\/div>\n\t\t\t\t\t\t\t\t<\/div>\n\t\t\t\t\t\t<\/div>\n\t\t\t\t\t\t\t\t\t\t\t<\/div>\n\t\t\t\t\t\t\t<\/div>\n\t\t\t\t\t\t\t\t\t\t\t<\/div>\n\t\t\t\t\t\t\t\t\t<\/div>\n\n\n\n<div class=\"wp-block-uagb-container uagb-block-ce13ea3a\">\n<div class=\"wp-block-uagb-container uagb-block-840ba42a\">\n<p class=\"has-white-color has-text-color\">Gesch\u00e4ft mit Aussicht<br><br>Fl\u00e4che von 70 m\u00b2<br><br>Kapazit\u00e4t 19 Personen<br><br>Voll ausgestattete VIP-Lounge<br><br>Ma\u00dfgeschneidertes Programm<br><br>Dienstleistungen<br><br>Erschwingliche Preise<\/p>\n<\/div>\n\n\n\n<div class=\"wp-block-uagb-container bloc_contact uagb-block-e4d02c2a\">\n<h4 class=\"wp-block-heading\">Kontaktiere uns<\/h4>\n\n\n\n<p class=\"has-black-color has-text-color\"><a href=\"mailto:palaisdescongres@arcachon.com\">palaisdescongres@arcachon.com<\/a><\/p>\n<\/div>\n<\/div>\n<\/div><\/div>\n\n\n\n<div style=\"height:40px\" aria-hidden=\"true\" class=\"wp-block-spacer\"><\/div>\n\n\n\n<div class=\"wp-block-uagb-container uagb-block-d2bbc83b alignfull uagb-is-root-container\"><div class=\"uagb-container-inner-blocks-wrap\">\n<div class=\"wp-block-uagb-container uagb-block-e6ef3422\">\n<p>In das Licht des Bassin von Arcachon getaucht, mit seinem gro\u00dfen Erkerfenster, das sich zum Meer hin \u00f6ffnet, ist diese prestigetr\u00e4chtige 70 m\u00b2 gro\u00dfe Lounge der ideale Ort, um Ihre Vorstandsaussch\u00fcsse, Ihre Pressekonferenzen, Ihre Meetings, Ihre Beratungen der Verwaltung abzuhalten \u2026<\/p>\n\n\n\n<p>Mit einer Kapazit\u00e4t von 19 Personen verf\u00fcgt dieser Raum \u00fcber eine Garderobe, seine Toiletten, einen Brunnen mit stillem und sprudelndem Wasser und eine jederzeit verf\u00fcgbare Kaffee-\/Teemaschine.<\/p>\n\n\n\n<h3 class=\"wp-block-heading\">Vorgeschlagenes Programm<\/h3>\n\n\n\n<h3 class=\"wp-block-heading\">Tag 1<strong><\/strong><\/h3>\n\n\n\n<ul class=\"wp-block-list\">\n<li>Ankunft der Teilnehmer morgens aus Paris mit dem LGV (2h50 bei t\u00e4glichen Verbindungen).<\/li>\n\n\n\n<li>Einbau ein&nbsp;<a href=\"https:\/\/fr.calameo.com\/read\/0000244211152a79deb84\" target=\"_blank\" rel=\"noreferrer noopener\">eines der MICE-Hotels<\/a>.<\/li>\n\n\n\n<li><strong>Mittagessen mit lokalen Spezialit\u00e4ten<\/strong>&nbsp;in einem der Partnerrestaurants direkt am Meer, in unmittelbarer N\u00e4he des Palais des Congr\u00e8s.<\/li>\n\n\n\n<li><strong>Gesch\u00e4ftstreffen in der VIP-Lounge<\/strong>, mit Blick auf Arcachon Bassin, die Cabanes Tchanqu\u00e9es und die Ile aux Oiseaux.<\/li>\n\n\n\n<li>Detox-Kaffeepause mit Obst und Smoothie bzw&nbsp;<strong>Arcachonnaise Kaffeepause<\/strong>&nbsp;mit den ber\u00fchmten Wei\u00dfen D\u00fcnen, mit einem Moment der Entspannung auf dem Balkon der VIP-Lounge.<\/li>\n\n\n\n<li>Am Ende des Tages,&nbsp;<strong>Abfahrt in einer Pinasse<\/strong>&nbsp;(traditionelles Arcachon-Boot), um den Sonnenuntergang zu beobachten, um die Ile aux Oiseaux zu schlendern, mit der M\u00f6glichkeit, Austern an Bord oder in einer Austernh\u00fctte in Le Canon, einem kleinen Dorf auf der Halbinsel L\u00e8ge-Cap Ferret, zu probieren.<\/li>\n\n\n\n<li><strong>Abendessen im Cap Ferret<\/strong>&nbsp;in einem Restaurant mit Blick auf die Dune du Pilat.<\/li>\n\n\n\n<li>R\u00fcckkehr nach Arcachon mit dem Boot und \u00dcbernachtung&nbsp;<a href=\"https:\/\/fr.calameo.com\/read\/0000244211152a79deb84\" target=\"_blank\" rel=\"noreferrer noopener\">einer von&nbsp;<strong>Hotels<\/strong>&nbsp;<strong>M\u00c4USE<\/strong>&nbsp;<\/a>.<\/li>\n<\/ul>\n\n\n\n<h3 class=\"wp-block-heading\">Tag 2<strong><\/strong><\/h3>\n\n\n\n<ul class=\"wp-block-list\">\n<li>Fr\u00fchst\u00fccksbuffet drin&nbsp;<a href=\"https:\/\/fr.calameo.com\/read\/0000244211152a79deb84\" target=\"_blank\" rel=\"noreferrer noopener\">eines der MICE-Hotels<\/a>.<\/li>\n\n\n\n<li><strong>Gesch\u00e4ftstreffen in der VIP-Lounge<\/strong>.<\/li>\n\n\n\n<li><strong>Austernkaffeepause<\/strong>&nbsp;bestehend aus Banc d&#039;Arguin- oder Grand Banc-Austern und einem Glas Wei\u00dfwein Entre deux Mers.<\/li>\n\n\n\n<li><strong>Mittagessen<\/strong>&nbsp;im Hafen von Arcachon,&nbsp;<strong>auf einem Dach&nbsp;<\/strong>mit Blick auf den Hafen, die Austernb\u00e4nke und die Str\u00e4nde von Arcachon.<\/li>\n\n\n\n<li>Nachmittag gewidmet a&nbsp;<strong>F\u00fchrung mit einem F\u00fchrer aus der Ville d&#039;Hiver<\/strong>, historisches Viertel von Arcachon, zu Fu\u00df oder mit dem Elektrofahrrad.<\/li>\n\n\n\n<li>Abreise der Teilnehmer am Ende des Tages.<\/li>\n<\/ul>\n\n\n\n<p>Als Beispiele seien die verbindenden Aktivit\u00e4ten genannt, die in diesem Programm angeboten werden. Entdecken Sie die&nbsp;<a href=\"https:\/\/fr.calameo.com\/read\/000024421f9dbe748c813\" target=\"_blank\" rel=\"noreferrer noopener\">Incoming-Agenturen im Arcachon Bassin-Organisatorhandbuch, indem Sie hier klicken<\/a>.<\/p>\n\n\n\n<p>Mehr Informationen :&nbsp;<a href=\"https:\/\/www.arcachon.com\/palais-des-congres\/\" target=\"_blank\" rel=\"noreferrer noopener\">www.arcachon.com\/palais-des-congres\/<\/a><\/p>\n<\/div>\n\n\n\n<div class=\"wp-block-uagb-container uagb-block-0e5e02d9\"><\/div>\n<\/div><\/div>\n\n\n\n<div style=\"height:60px\" aria-hidden=\"true\" class=\"wp-block-spacer\"><\/div>","protected":false},"excerpt":{"rendered":"<p>Business avec vue Espace de 70 m\u00b2 Capacit\u00e9 19 personnes Salon VIP tout \u00e9quip\u00e9 Programme sur-mesure Services Tarifs abordables Nous contacter palaisdescongres@arcachon.com Baign\u00e9e par la lumi\u00e8re du Bassin d\u2019Arcachon avec [&hellip;]<\/p>\n","protected":false},"author":12,"featured_media":58947,"parent":47887,"menu_order":0,"comment_status":"closed","ping_status":"closed","template":"","meta":{"_acf_changed":false,"_uag_custom_page_level_css":".bloc_contact {overflow-wrap: break-word; word-break: break-all;}","footnotes":""},"class_list":["post-48239","page","type-page","status-publish","has-post-thumbnail","hentry"],"acf":[],"uagb_featured_image_src":{"full":["https:\/\/bassin-arcachon.com\/wp-content\/uploads\/2024\/08\/Salon-VIP-PDC-reunion-strom-studio-scaled.png",2560,1707,false],"thumbnail":["https:\/\/bassin-arcachon.com\/wp-content\/uploads\/2024\/08\/Salon-VIP-PDC-reunion-strom-studio-150x150.png",150,150,true],"medium":["https:\/\/bassin-arcachon.com\/wp-content\/uploads\/2024\/08\/Salon-VIP-PDC-reunion-strom-studio-600x400.png",600,400,true],"medium_large":["https:\/\/bassin-arcachon.com\/wp-content\/uploads\/2024\/08\/Salon-VIP-PDC-reunion-strom-studio-768x512.png",768,512,true],"large":["https:\/\/bassin-arcachon.com\/wp-content\/uploads\/2024\/08\/Salon-VIP-PDC-reunion-strom-studio-1024x683.png",1024,683,true],"1536x1536":["https:\/\/bassin-arcachon.com\/wp-content\/uploads\/2024\/08\/Salon-VIP-PDC-reunion-strom-studio-1536x1024.png",1536,1024,true],"2048x2048":["https:\/\/bassin-arcachon.com\/wp-content\/uploads\/2024\/08\/Salon-VIP-PDC-reunion-strom-studio-2048x1365.png",2048,1365,true],"trp-custom-language-flag":["https:\/\/bassin-arcachon.com\/wp-content\/uploads\/2024\/08\/Salon-VIP-PDC-reunion-strom-studio-18x12.png",18,12,true]},"uagb_author_info":{"display_name":"Marine, habitante du Bassin d'Arcachon","author_link":"https:\/\/bassin-arcachon.com\/de\/author\/marinesiba\/"},"uagb_comment_info":0,"uagb_excerpt":"Business avec vue Espace de 70 m\u00b2 Capacit\u00e9 19 personnes Salon VIP tout \u00e9quip\u00e9 Programme sur-mesure Services Tarifs abordables Nous contacter palaisdescongres@arcachon.com Baign\u00e9e par la lumi\u00e8re du Bassin d\u2019Arcachon avec [&hellip;]","_links":{"self":[{"href":"https:\/\/bassin-arcachon.com\/de\/wp-json\/wp\/v2\/pages\/48239","targetHints":{"allow":["GET"]}}],"collection":[{"href":"https:\/\/bassin-arcachon.com\/de\/wp-json\/wp\/v2\/pages"}],"about":[{"href":"https:\/\/bassin-arcachon.com\/de\/wp-json\/wp\/v2\/types\/page"}],"author":[{"embeddable":true,"href":"https:\/\/bassin-arcachon.com\/de\/wp-json\/wp\/v2\/users\/12"}],"replies":[{"embeddable":true,"href":"https:\/\/bassin-arcachon.com\/de\/wp-json\/wp\/v2\/comments?post=48239"}],"version-history":[{"count":0,"href":"https:\/\/bassin-arcachon.com\/de\/wp-json\/wp\/v2\/pages\/48239\/revisions"}],"up":[{"embeddable":true,"href":"https:\/\/bassin-arcachon.com\/de\/wp-json\/wp\/v2\/pages\/47887"}],"wp:featuredmedia":[{"embeddable":true,"href":"https:\/\/bassin-arcachon.com\/de\/wp-json\/wp\/v2\/media\/58947"}],"wp:attachment":[{"href":"https:\/\/bassin-arcachon.com\/de\/wp-json\/wp\/v2\/media?parent=48239"}],"curies":[{"name":"wp","href":"https:\/\/api.w.org\/{rel}","templated":true}]}}