{"id":56210,"date":"2023-06-22T15:24:11","date_gmt":"2023-06-22T13:24:11","guid":{"rendered":"https:\/\/bassin-arcachon.com\/?page_id=56210"},"modified":"2026-01-14T09:57:07","modified_gmt":"2026-01-14T08:57:07","slug":"behindertentourismus","status":"publish","type":"page","link":"https:\/\/bassin-arcachon.com\/de\/handitourisme\/","title":{"rendered":"Behindertentourismus"},"content":{"rendered":"<div class=\"wp-block-uagb-container uagb-block-4faad14b alignfull uagb-is-root-container\"><div class=\"uagb-container-inner-blocks-wrap\">\n<p>Entdecken Sie den Bassin von Arcachon in aller Ruhe. Um Ihren Aufenthalt zu erleichtern, wird Ihnen eine Auswahl an barrierefreien Spazierg\u00e4ngen, Unterk\u00fcnften, Freizeitangeboten und Restaurants angeboten. Mehrere Angebote, die mit der Marke <strong>Tourismus &amp; Behinderung<\/strong> und Labels <strong>Behinderte Behinderte, Handiplage, Handisurf, Handikayak, Handivalide<\/strong>, Die in den Richtlinien festgelegten Standards garantieren angemessene, komfortable und sichere Aufnahmebedingungen.<\/p>\n<\/div><\/div>\n\n\n\n<div class=\"wp-block-uagb-container uagb-block-b4d95a60 alignfull uagb-is-root-container\"><div class=\"uagb-container-inner-blocks-wrap\">\n<p>Konsultieren <a href=\"https:\/\/www.calameo.com\/read\/000024421494aad58e094\" target=\"_blank\" rel=\"noopener\">unseren Leitfaden f\u00fcr Handitourismus<\/a> um Ihren Aufenthalt vorzubereiten!<\/p>\n<\/div><\/div>\n\n\n\n<p><\/p>\n\n\n\n<div class=\"wp-block-uagb-container uagb-block-05cc4e08 alignfull uagb-is-root-container\"><div class=\"uagb-container-inner-blocks-wrap\"><div class=\"wp-block-image\">\n<figure class=\"aligncenter size-full is-resized\"><a href=\"https:\/\/www.calameo.com\/bassin-arcachon\/read\/000024421494aad58e094\" target=\"_blank\" rel=\"noopener\"><img loading=\"lazy\" decoding=\"async\" width=\"651\" height=\"857\" src=\"https:\/\/bassin-arcachon.com\/wp-content\/uploads\/2021\/06\/guide-handitourisme-image.jpg\" alt=\"- - Bassin d&#039;Arcachon\" class=\"wp-image-215988\" style=\"width:384px;height:auto\" title=\"- - Bassin d&#039;Arcachon\" srcset=\"https:\/\/bassin-arcachon.com\/wp-content\/uploads\/2021\/06\/guide-handitourisme-image.jpg 651w, https:\/\/bassin-arcachon.com\/wp-content\/uploads\/2021\/06\/guide-handitourisme-image-456x600.jpg 456w, https:\/\/bassin-arcachon.com\/wp-content\/uploads\/2021\/06\/guide-handitourisme-image-9x12.jpg 9w\" sizes=\"auto, (max-width: 651px) 100vw, 651px\" \/><\/a><\/figure>\n<\/div><\/div><\/div>\n\n\n\n<p><\/p>\n\n\n\n<div class=\"wp-block-uagb-container uagb-block-e9bdf291 alignfull uagb-is-root-container\"><div class=\"uagb-container-inner-blocks-wrap\">\n<p class=\"has-text-align-center\"><strong>MEHR INFORMATIONEN :<\/strong><\/p>\n<\/div><\/div>\n\n\n\n<div class=\"wp-block-uagb-container uagb-block-898386a5 alignfull uagb-is-root-container\"><div class=\"uagb-container-inner-blocks-wrap\">\n<p class=\"has-text-align-center\"><a href=\"https:\/\/tourisme-handicaps.org\/espace-grand-public\/\" target=\"_blank\" rel=\"noopener\">https:\/\/tourisme-handicaps.org\/espace-grand-public\/<\/a> <br><a href=\"https:\/\/handiplusaquitaine.fr\/\" target=\"_blank\" rel=\"noopener\">https:\/\/handiplusaquitaine.fr\/<\/a><\/p>\n<\/div><\/div>","protected":false},"excerpt":{"rendered":"<p>D\u00e9couvrez le Bassin d\u2019Arcachon en toute s\u00e9r\u00e9nit\u00e9. Pour faciliter votre s\u00e9jour, une s\u00e9lection de balades, d\u2019h\u00e9bergements, de loisirs et de restaurants accessibles vous est propos\u00e9e. Plusieurs offres, identifi\u00e9es par la [&hellip;]<\/p>\n","protected":false},"author":25,"featured_media":56223,"parent":0,"menu_order":0,"comment_status":"closed","ping_status":"closed","template":"","meta":{"_acf_changed":false,"_uag_custom_page_level_css":"","footnotes":""},"class_list":["post-56210","page","type-page","status-publish","has-post-thumbnail","hentry"],"acf":[],"uagb_featured_image_src":{"full":["https:\/\/bassin-arcachon.com\/wp-content\/uploads\/2023\/06\/52131260084_bd44d26df2_o-scaled.jpg",2560,1520,false],"thumbnail":["https:\/\/bassin-arcachon.com\/wp-content\/uploads\/2023\/06\/52131260084_bd44d26df2_o-scaled-150x150.jpg",150,150,true],"medium":["https:\/\/bassin-arcachon.com\/wp-content\/uploads\/2023\/06\/52131260084_bd44d26df2_o-scaled-600x356.jpg",600,356,true],"medium_large":["https:\/\/bassin-arcachon.com\/wp-content\/uploads\/2023\/06\/52131260084_bd44d26df2_o-scaled-768x456.jpg",768,456,true],"large":["https:\/\/bassin-arcachon.com\/wp-content\/uploads\/2023\/06\/52131260084_bd44d26df2_o-scaled-1024x608.jpg",1024,608,true],"1536x1536":["https:\/\/bassin-arcachon.com\/wp-content\/uploads\/2023\/06\/52131260084_bd44d26df2_o-scaled-1536x912.jpg",1536,912,true],"2048x2048":["https:\/\/bassin-arcachon.com\/wp-content\/uploads\/2023\/06\/52131260084_bd44d26df2_o-scaled-2048x1216.jpg",2048,1216,true],"trp-custom-language-flag":["https:\/\/bassin-arcachon.com\/wp-content\/uploads\/2023\/06\/52131260084_bd44d26df2_o-scaled-18x12.jpg",18,12,true]},"uagb_author_info":{"display_name":"Marie Clauzel","author_link":"https:\/\/bassin-arcachon.com\/de\/author\/mariesiba\/"},"uagb_comment_info":0,"uagb_excerpt":"D\u00e9couvrez le Bassin d\u2019Arcachon en toute s\u00e9r\u00e9nit\u00e9. Pour faciliter votre s\u00e9jour, une s\u00e9lection de balades, d\u2019h\u00e9bergements, de loisirs et de restaurants accessibles vous est propos\u00e9e. Plusieurs offres, identifi\u00e9es par la [&hellip;]","_links":{"self":[{"href":"https:\/\/bassin-arcachon.com\/de\/wp-json\/wp\/v2\/pages\/56210","targetHints":{"allow":["GET"]}}],"collection":[{"href":"https:\/\/bassin-arcachon.com\/de\/wp-json\/wp\/v2\/pages"}],"about":[{"href":"https:\/\/bassin-arcachon.com\/de\/wp-json\/wp\/v2\/types\/page"}],"author":[{"embeddable":true,"href":"https:\/\/bassin-arcachon.com\/de\/wp-json\/wp\/v2\/users\/25"}],"replies":[{"embeddable":true,"href":"https:\/\/bassin-arcachon.com\/de\/wp-json\/wp\/v2\/comments?post=56210"}],"version-history":[{"count":14,"href":"https:\/\/bassin-arcachon.com\/de\/wp-json\/wp\/v2\/pages\/56210\/revisions"}],"predecessor-version":[{"id":216519,"href":"https:\/\/bassin-arcachon.com\/de\/wp-json\/wp\/v2\/pages\/56210\/revisions\/216519"}],"wp:featuredmedia":[{"embeddable":true,"href":"https:\/\/bassin-arcachon.com\/de\/wp-json\/wp\/v2\/media\/56223"}],"wp:attachment":[{"href":"https:\/\/bassin-arcachon.com\/de\/wp-json\/wp\/v2\/media?parent=56210"}],"curies":[{"name":"wp","href":"https:\/\/api.w.org\/{rel}","templated":true}]}}