{"id":57983,"date":"2024-02-29T16:47:31","date_gmt":"2024-02-29T15:47:31","guid":{"rendered":"https:\/\/bassin-arcachon.com\/?page_id=57983"},"modified":"2025-07-16T09:40:44","modified_gmt":"2025-07-16T07:40:44","slug":"webcams","status":"publish","type":"page","link":"https:\/\/bassin-arcachon.com\/de\/les-webcams\/","title":{"rendered":"Webcams"},"content":{"rendered":"<div class=\"wp-block-uagb-container uagb-block-b178cc18 alignfull uagb-is-root-container\"><div class=\"uagb-container-inner-blocks-wrap\">\n<h2 class=\"wp-block-heading has-text-align-center\">Erleben Sie die Magie von Arcachon Bassin in Echtzeit, als ob Sie dort w\u00e4ren!<\/h2>\n\n\n\n<div style=\"height:50px\" aria-hidden=\"true\" class=\"wp-block-spacer\"><\/div>\n<\/div><\/div>\n\n\n\n<div class=\"wp-block-uagb-container uagb-block-0815fd7e alignfull uagb-is-root-container\"><div class=\"uagb-container-inner-blocks-wrap\">\n<div class=\"wp-block-uagb-container uagb-block-65aea1dc\">\n<h3 class=\"wp-block-heading\">Arcachon<\/h3>\n\n\n\n<p>Pier Thiers<\/p>\n\n\n\n<div style=\"padding-top: 56.25%;position: relative;\">\n     <iframe\n         src=\"https:\/\/pv.viewsurf.com\/2480\/Arcachon-Jetee-Thiers-Live\" frameborder=\"0\"\n         scrolling=\"no\" allowfullscreen=\"allowfullscreen\"\n         style=\"position: absolute; top: 0;left: 0;bottom: 0;right: 0;width: 100%; height: 100%;\">\n     <\/iframe>\n<\/div>\n<\/div>\n\n\n\n<div class=\"wp-block-uagb-container uagb-block-19ab3351\">\n<h3 class=\"wp-block-heading\">Andernos-les-Bains<\/h3>\n\n\n\n<p>Der Austernhafen<\/p>\n\n\n\n<div style=\"padding-top: 56.25%;position: relative;\">\n     <iframe\n         src=\"https:\/\/pv.viewsurf.com\/2514\/Andernoslesbains\" frameborder=\"0\"\n         scrolling=\"no\" allowfullscreen=\"allowfullscreen\"\n         style=\"position: absolute; top: 0;left: 0;bottom: 0;right: 0;width: 100%; height: 100%;\">\n     <\/iframe>\n<\/div>\n<\/div>\n\n\n\n<div class=\"wp-block-uagb-container uagb-block-59dcc7dc\"><\/div>\n\n\n\n<div class=\"wp-block-uagb-container uagb-block-1eb55803\"><\/div>\n<\/div><\/div>","protected":false},"excerpt":{"rendered":"<p>Vivez la magie du Bassin d\u2019Arcachon en temps r\u00e9el, comme si vous y \u00e9tiez ! Arcachon Jet\u00e9e Thiers Andernos-les-Bains Le Port Ostr\u00e9icole<\/p>","protected":false},"author":300,"featured_media":268,"parent":0,"menu_order":0,"comment_status":"closed","ping_status":"closed","template":"","meta":{"_acf_changed":false,"_uag_custom_page_level_css":"","footnotes":""},"class_list":["post-57983","page","type-page","status-publish","has-post-thumbnail","hentry"],"acf":[],"uagb_featured_image_src":{"full":["https:\/\/bassin-arcachon.com\/wp-content\/uploads\/2017\/02\/header-meteo.jpg",1200,290,false],"thumbnail":["https:\/\/bassin-arcachon.com\/wp-content\/uploads\/2017\/02\/header-meteo-150x150.jpg",150,150,true],"medium":["https:\/\/bassin-arcachon.com\/wp-content\/uploads\/2017\/02\/header-meteo-600x145.jpg",600,145,true],"medium_large":["https:\/\/bassin-arcachon.com\/wp-content\/uploads\/2017\/02\/header-meteo-768x186.jpg",768,186,true],"large":["https:\/\/bassin-arcachon.com\/wp-content\/uploads\/2017\/02\/header-meteo-1024x247.jpg",1024,247,true],"1536x1536":["https:\/\/bassin-arcachon.com\/wp-content\/uploads\/2017\/02\/header-meteo.jpg",1200,290,false],"2048x2048":["https:\/\/bassin-arcachon.com\/wp-content\/uploads\/2017\/02\/header-meteo.jpg",1200,290,false],"trp-custom-language-flag":["https:\/\/bassin-arcachon.com\/wp-content\/uploads\/2017\/02\/header-meteo-18x4.jpg",18,4,true]},"uagb_author_info":{"display_name":"dfuzionadmin","author_link":"https:\/\/bassin-arcachon.com\/de\/author\/dfuzionadmin\/"},"uagb_comment_info":0,"uagb_excerpt":"Vivez la magie du Bassin d\u2019Arcachon en temps r\u00e9el, comme si vous y \u00e9tiez ! Arcachon Jet\u00e9e Thiers Andernos-les-Bains Le Port Ostr\u00e9icole","_links":{"self":[{"href":"https:\/\/bassin-arcachon.com\/de\/wp-json\/wp\/v2\/pages\/57983","targetHints":{"allow":["GET"]}}],"collection":[{"href":"https:\/\/bassin-arcachon.com\/de\/wp-json\/wp\/v2\/pages"}],"about":[{"href":"https:\/\/bassin-arcachon.com\/de\/wp-json\/wp\/v2\/types\/page"}],"author":[{"embeddable":true,"href":"https:\/\/bassin-arcachon.com\/de\/wp-json\/wp\/v2\/users\/300"}],"replies":[{"embeddable":true,"href":"https:\/\/bassin-arcachon.com\/de\/wp-json\/wp\/v2\/comments?post=57983"}],"version-history":[{"count":1,"href":"https:\/\/bassin-arcachon.com\/de\/wp-json\/wp\/v2\/pages\/57983\/revisions"}],"predecessor-version":[{"id":172306,"href":"https:\/\/bassin-arcachon.com\/de\/wp-json\/wp\/v2\/pages\/57983\/revisions\/172306"}],"wp:featuredmedia":[{"embeddable":true,"href":"https:\/\/bassin-arcachon.com\/de\/wp-json\/wp\/v2\/media\/268"}],"wp:attachment":[{"href":"https:\/\/bassin-arcachon.com\/de\/wp-json\/wp\/v2\/media?parent=57983"}],"curies":[{"name":"wp","href":"https:\/\/api.w.org\/{rel}","templated":true}]}}