{"id":752,"date":"2017-04-04T12:20:56","date_gmt":"2017-04-04T10:20:56","guid":{"rendered":"https:\/\/bassin-arcachon.com\/\/?page_id=752"},"modified":"2024-12-16T14:01:58","modified_gmt":"2024-12-16T13:01:58","slug":"wlan-andernos-les-bains","status":"publish","type":"page","link":"https:\/\/bassin-arcachon.com\/de\/trouver-votre-point-wifi\/wifi-andernos-les-bains\/","title":{"rendered":"Willkommen in Andernos-les-Bains"},"content":{"rendered":"<div class=\"wp-block-uagb-container uagb-block-28c4200d alignfull uagb-is-root-container\"><div class=\"uagb-container-inner-blocks-wrap\">\n<div class=\"wp-block-uagb-container uagb-block-ac1923b3\">\n<h2 class=\"wp-block-heading\">Andernos bietet Ihnen im Tourismusb\u00fcro einen kostenlosen und sicheren WLAN-Zugang zum freien Surfen im Internet.<\/h2>\n\n\n\n<p>Erkunden Sie n\u00f6rdlich des Arcachon Bassin den Austernhafen von Andernos mit dem Fahrrad auf der Suche nach frischen Austern und schlendern Sie am gro\u00dfen Steg entlang, bevor Sie sich abseits der ausgetretenen Pfade auf die Suche nach Nuggets begeben.&nbsp;<a href=\"https:\/\/bassin-arcachon.com\/de\/unsere-stadte-und-dorfer\/andernos-die-bader\/\">Andernos-les-Bains<\/a>, eine der lebhaftesten St\u00e4dte in Bassin, mit mehr als 500 Veranstaltungen pro Jahr.<\/p>\n<\/div>\n\n\n\n<div class=\"wp-block-uagb-container uagb-block-9a1f3a06\">\n<div class=\"wp-block-uagb-image uagb-block-a215d8dc wp-block-uagb-image--layout-default wp-block-uagb-image--effect-static wp-block-uagb-image--align-none\"><figure class=\"wp-block-uagb-image__figure\"><img decoding=\"async\" srcset=\"https:\/\/bassin-arcachon.com\/wp-content\/uploads\/2018\/10\/balades-amis-quinconces-andernos.jpg \" sizes=\"auto, (max-width: 480px) 150px\" src=\"https:\/\/bassin-arcachon.com\/wp-content\/uploads\/2018\/10\/balades-amis-quinconces-andernos.jpg\" alt=\"Mit Freunden im Quinconces in Andernos\" class=\"uag-image-26679\" width=\"1220\" height=\"600\" title=\"- - Bassin d&#039;Arcachon\" loading=\"lazy\" role=\"img\"><\/figure><\/div>\n<\/div>\n<\/div><\/div>\n\n\n\n<div style=\"height:40px\" aria-hidden=\"true\" class=\"wp-block-spacer\"><\/div>\n\n\n\n<div class=\"wp-block-uagb-container uagb-block-dcc38588 alignfull uagb-is-root-container\"><div class=\"uagb-container-inner-blocks-wrap\">\n<figure class=\"wp-block-pullquote\"><blockquote><p>Entdecken Sie die Stadt Andernos-les-Bains auf&nbsp;<a href=\"https:\/\/andernos-tourisme.fr\/\" target=\"_blank\" rel=\"noreferrer noopener\">andersos-tourisme.fr<\/a>.<br>Durchsuchen Sie dies&nbsp;<a href=\"https:\/\/bassin-arcachon.com\/de\/\">Website, die des Bassin von Arcachon<\/a>. <br>Sie m\u00fcssen sich nicht ausweisen!<\/p><\/blockquote><\/figure>\n<\/div><\/div>\n\n\n\n<div style=\"height:40px\" aria-hidden=\"true\" class=\"wp-block-spacer\"><\/div>\n\n\n\n<div class=\"wp-block-uagb-container uagb-block-9ca951b6 alignfull uagb-is-root-container\"><div class=\"uagb-container-inner-blocks-wrap\">\n<h3 class=\"wp-block-heading\">Surfen Sie schlau!<\/h3>\n\n\n\n<p>Das WiFi_Bassin_Arcachon-Netzwerk erinnert sich an Sie! Die Verbindung wird jedes Mal automatisch auf demselben Ger\u00e4t hergestellt, wenn Sie sich in der N\u00e4he eines unserer WiFi-Terminals befinden, unabh\u00e4ngig von der Gemeinde des Bassin. Denken Sie daran, Ihren Browser neu zu starten.<\/p>\n<\/div><\/div>\n\n\n\n<div class=\"wp-block-uagb-container uagb-block-bca733d3 alignfull uagb-is-root-container\"><div class=\"uagb-container-inner-blocks-wrap\">\n<h3 class=\"wp-block-heading\">Digitale N\u00fcchternheit<\/h3>\n\n\n\n<p>Lassen Sie uns die richtigen Ma\u00dfnahmen f\u00fcr eine gr\u00fcnere digitale Welt ergreifen! Lassen Sie uns gemeinsam unsere Auswirkungen auf die Umwelt reduzieren, indem wir einfache Ma\u00dfnahmen f\u00fcr eine verantwortungsvollere digitale Welt ergreifen. Entdecken Sie unsere praktischen Ratschl\u00e4ge\u00a0<strong><a href=\"https:\/\/www.ecologie.gouv.fr\/sites\/default\/files\/guide-en-route-vers-sobriete-numerique.pdf\" target=\"_blank\" rel=\"noreferrer noopener\">auf dieser Seite\u00a0<\/a>!<\/strong><\/p>\n<\/div><\/div>\n\n\n\n<div style=\"height:40px\" aria-hidden=\"true\" class=\"wp-block-spacer\"><\/div>","protected":false},"excerpt":{"rendered":"<p>Andernos vous offre un acc\u00e8s WiFi gratuit et s\u00e9curis\u00e9 pour surfer sur Internet librement \u00e0 l&rsquo;office de tourisme. Au nord du Bassin d\u2019Arcachon, on explore \u00e0 v\u00e9lo le port ostr\u00e9icole [&hellip;]<\/p>\n","protected":false},"author":25,"featured_media":23921,"parent":69,"menu_order":8,"comment_status":"closed","ping_status":"closed","template":"","meta":{"_acf_changed":false,"_uag_custom_page_level_css":"","footnotes":""},"class_list":["post-752","page","type-page","status-publish","has-post-thumbnail","hentry"],"acf":[],"uagb_featured_image_src":{"full":["https:\/\/bassin-arcachon.com\/wp-content\/uploads\/2018\/07\/Les-Quinconces-coin-secret-Andernos-les-Bains.jpg",1000,784,false],"thumbnail":["https:\/\/bassin-arcachon.com\/wp-content\/uploads\/2018\/07\/Les-Quinconces-coin-secret-Andernos-les-Bains-150x150.jpg",150,150,true],"medium":["https:\/\/bassin-arcachon.com\/wp-content\/uploads\/2018\/07\/Les-Quinconces-coin-secret-Andernos-les-Bains-600x470.jpg",600,470,true],"medium_large":["https:\/\/bassin-arcachon.com\/wp-content\/uploads\/2018\/07\/Les-Quinconces-coin-secret-Andernos-les-Bains-768x602.jpg",768,602,true],"large":["https:\/\/bassin-arcachon.com\/wp-content\/uploads\/2018\/07\/Les-Quinconces-coin-secret-Andernos-les-Bains.jpg",1000,784,false],"1536x1536":["https:\/\/bassin-arcachon.com\/wp-content\/uploads\/2018\/07\/Les-Quinconces-coin-secret-Andernos-les-Bains.jpg",1000,784,false],"2048x2048":["https:\/\/bassin-arcachon.com\/wp-content\/uploads\/2018\/07\/Les-Quinconces-coin-secret-Andernos-les-Bains.jpg",1000,784,false],"trp-custom-language-flag":["https:\/\/bassin-arcachon.com\/wp-content\/uploads\/2018\/07\/Les-Quinconces-coin-secret-Andernos-les-Bains-15x12.jpg",15,12,true]},"uagb_author_info":{"display_name":"Marie Clauzel","author_link":"https:\/\/bassin-arcachon.com\/de\/author\/mariesiba\/"},"uagb_comment_info":0,"uagb_excerpt":"Andernos vous offre un acc\u00e8s WiFi gratuit et s\u00e9curis\u00e9 pour surfer sur Internet librement \u00e0 l&rsquo;office de tourisme. Au nord du Bassin d\u2019Arcachon, on explore \u00e0 v\u00e9lo le port ostr\u00e9icole [&hellip;]","_links":{"self":[{"href":"https:\/\/bassin-arcachon.com\/de\/wp-json\/wp\/v2\/pages\/752","targetHints":{"allow":["GET"]}}],"collection":[{"href":"https:\/\/bassin-arcachon.com\/de\/wp-json\/wp\/v2\/pages"}],"about":[{"href":"https:\/\/bassin-arcachon.com\/de\/wp-json\/wp\/v2\/types\/page"}],"author":[{"embeddable":true,"href":"https:\/\/bassin-arcachon.com\/de\/wp-json\/wp\/v2\/users\/25"}],"replies":[{"embeddable":true,"href":"https:\/\/bassin-arcachon.com\/de\/wp-json\/wp\/v2\/comments?post=752"}],"version-history":[{"count":1,"href":"https:\/\/bassin-arcachon.com\/de\/wp-json\/wp\/v2\/pages\/752\/revisions"}],"predecessor-version":[{"id":119038,"href":"https:\/\/bassin-arcachon.com\/de\/wp-json\/wp\/v2\/pages\/752\/revisions\/119038"}],"up":[{"embeddable":true,"href":"https:\/\/bassin-arcachon.com\/de\/wp-json\/wp\/v2\/pages\/69"}],"wp:featuredmedia":[{"embeddable":true,"href":"https:\/\/bassin-arcachon.com\/de\/wp-json\/wp\/v2\/media\/23921"}],"wp:attachment":[{"href":"https:\/\/bassin-arcachon.com\/de\/wp-json\/wp\/v2\/media?parent=752"}],"curies":[{"name":"wp","href":"https:\/\/api.w.org\/{rel}","templated":true}]}}