{"id":754,"date":"2017-04-04T12:21:37","date_gmt":"2017-04-04T10:21:37","guid":{"rendered":"https:\/\/bassin-arcachon.com\/\/?page_id=754"},"modified":"2024-12-16T14:02:22","modified_gmt":"2024-12-16T13:02:22","slug":"wifi-ares","status":"publish","type":"page","link":"https:\/\/bassin-arcachon.com\/de\/trouver-votre-point-wifi\/wifi-ares\/","title":{"rendered":"Willkommen bei Ares"},"content":{"rendered":"<div class=\"wp-block-uagb-container uagb-block-153fbf96 alignfull uagb-is-root-container\"><div class=\"uagb-container-inner-blocks-wrap\">\n<div class=\"wp-block-uagb-container uagb-block-7810a821\">\n<h2 class=\"wp-block-heading\">Ar\u00e8s bietet Ihnen kostenlosen und sicheren WLAN-Zugang, um an allen ausgestatteten \u00f6ffentlichen Orten frei im Internet zu surfen.<\/h2>\n\n\n\n<p>Zwischen Str\u00e4nden, W\u00e4ldern und Naturschutzgebieten:&nbsp;<a href=\"https:\/\/bassin-arcachon.com\/de\/unsere-stadte-und-dorfer\/ares\/\">Ares<\/a>, ein authentisches Dorf, bietet das ganze Jahr \u00fcber ein Programm mit \u201eNatur\u201c-Aktivit\u00e4ten und Unterhaltung f\u00fcr die ganze Familie. Ares wird von der V\u00e9lodyss\u00e9 durchquert und ist ideal f\u00fcr Fahrradbegeisterte.<\/p>\n<\/div>\n\n\n\n<div class=\"wp-block-uagb-container uagb-block-b1de9fbd\">\n<div class=\"wp-block-uagb-image uagb-block-ef8820b0 wp-block-uagb-image--layout-default wp-block-uagb-image--effect-static wp-block-uagb-image--align-none\"><figure class=\"wp-block-uagb-image__figure\"><img decoding=\"async\" srcset=\"https:\/\/bassin-arcachon.com\/wp-content\/uploads\/2020\/07\/Flaner-sur-le-port-ostreicole-Ares-Bassin-Arcachon-1024x683-1.jpg \" sizes=\"auto, (max-width: 480px) 150px\" src=\"https:\/\/bassin-arcachon.com\/wp-content\/uploads\/2020\/07\/Flaner-sur-le-port-ostreicole-Ares-Bassin-Arcachon-1024x683-1.jpg\" alt=\"- - Bassin d&#039;Arcachon\" class=\"uag-image-44399\" width=\"1024\" height=\"683\" title=\"- - Bassin d&#039;Arcachon\" loading=\"lazy\" role=\"img\"><\/figure><\/div>\n<\/div>\n<\/div><\/div>\n\n\n\n<div style=\"height:40px\" aria-hidden=\"true\" class=\"wp-block-spacer\"><\/div>\n\n\n\n<div class=\"wp-block-uagb-container uagb-block-d5780c99 alignfull uagb-is-root-container\"><div class=\"uagb-container-inner-blocks-wrap\">\n<figure class=\"wp-block-pullquote\"><blockquote><p>Entdecken Sie die Stadt Ar\u00e8s auf&nbsp;<a href=\"http:\/\/www.ares-tourisme.com\/\" target=\"_blank\" rel=\"noreferrer noopener\">www.ares-tourisme.com<\/a>.<br>Durchsuchen Sie dies&nbsp;<a href=\"https:\/\/bassin-arcachon.com\/de\/\">Website, die des Bassin von Arcachon<\/a>. Sie m\u00fcssen sich nicht ausweisen!<\/p><\/blockquote><\/figure>\n<\/div><\/div>\n\n\n\n<div style=\"height:40px\" aria-hidden=\"true\" class=\"wp-block-spacer\"><\/div>\n\n\n\n<div class=\"wp-block-uagb-container uagb-block-566dc536 alignfull uagb-is-root-container\"><div class=\"uagb-container-inner-blocks-wrap\">\n<h3 class=\"wp-block-heading\">Surfen Sie schlau!<\/h3>\n\n\n\n<p>Das WiFi_Bassin_Arcachon-Netzwerk erinnert sich an Sie! Die Verbindung wird jedes Mal automatisch auf demselben Ger\u00e4t hergestellt, wenn Sie sich in der N\u00e4he eines unserer WiFi-Terminals befinden, unabh\u00e4ngig von der Gemeinde des Bassin. Denken Sie daran, Ihren Browser neu zu starten.<\/p>\n<\/div><\/div>\n\n\n\n<div class=\"wp-block-uagb-container uagb-block-216b45c7 alignfull uagb-is-root-container\"><div class=\"uagb-container-inner-blocks-wrap\">\n<h3 class=\"wp-block-heading\">Digitale N\u00fcchternheit<\/h3>\n\n\n\n<p>Lassen Sie uns die richtigen Ma\u00dfnahmen f\u00fcr eine gr\u00fcnere digitale Welt ergreifen! Lassen Sie uns gemeinsam unsere Auswirkungen auf die Umwelt reduzieren, indem wir einfache Ma\u00dfnahmen f\u00fcr eine verantwortungsvollere digitale Welt ergreifen. Entdecken Sie unsere praktischen Ratschl\u00e4ge\u00a0<strong><a href=\"https:\/\/www.ecologie.gouv.fr\/sites\/default\/files\/guide-en-route-vers-sobriete-numerique.pdf\" target=\"_blank\" rel=\"noreferrer noopener\">auf dieser Seite\u00a0<\/a>!<\/strong><\/p>\n<\/div><\/div>\n\n\n\n<div style=\"height:40px\" aria-hidden=\"true\" class=\"wp-block-spacer\"><\/div>","protected":false},"excerpt":{"rendered":"<p>Ar\u00e8s vous offre un acc\u00e8s WiFi gratuit et s\u00e9curis\u00e9 pour surfer sur Internet librement dans tous les lieux publics \u00e9quip\u00e9s. Entre plages, for\u00eats et espaces naturels pr\u00e9serv\u00e9s :&nbsp;Ar\u00e8s, village authentique, [&hellip;]<\/p>\n","protected":false},"author":25,"featured_media":23617,"parent":69,"menu_order":10,"comment_status":"closed","ping_status":"closed","template":"","meta":{"_acf_changed":false,"_uag_custom_page_level_css":"","footnotes":""},"class_list":["post-754","page","type-page","status-publish","has-post-thumbnail","hentry"],"acf":[],"uagb_featured_image_src":{"full":["https:\/\/bassin-arcachon.com\/wp-content\/uploads\/2018\/07\/Vue-depuis-la-jet\u00e9e-dAr\u00e8s.jpg",1000,666,false],"thumbnail":["https:\/\/bassin-arcachon.com\/wp-content\/uploads\/2018\/07\/Vue-depuis-la-jet\u00e9e-dAr\u00e8s-150x150.jpg",150,150,true],"medium":["https:\/\/bassin-arcachon.com\/wp-content\/uploads\/2018\/07\/Vue-depuis-la-jet\u00e9e-dAr\u00e8s-600x400.jpg",600,400,true],"medium_large":["https:\/\/bassin-arcachon.com\/wp-content\/uploads\/2018\/07\/Vue-depuis-la-jet\u00e9e-dAr\u00e8s-768x511.jpg",768,511,true],"large":["https:\/\/bassin-arcachon.com\/wp-content\/uploads\/2018\/07\/Vue-depuis-la-jet\u00e9e-dAr\u00e8s.jpg",1000,666,false],"1536x1536":["https:\/\/bassin-arcachon.com\/wp-content\/uploads\/2018\/07\/Vue-depuis-la-jet\u00e9e-dAr\u00e8s.jpg",1000,666,false],"2048x2048":["https:\/\/bassin-arcachon.com\/wp-content\/uploads\/2018\/07\/Vue-depuis-la-jet\u00e9e-dAr\u00e8s.jpg",1000,666,false],"trp-custom-language-flag":["https:\/\/bassin-arcachon.com\/wp-content\/uploads\/2018\/07\/Vue-depuis-la-jet\u00e9e-dAr\u00e8s-18x12.jpg",18,12,true]},"uagb_author_info":{"display_name":"Marie Clauzel","author_link":"https:\/\/bassin-arcachon.com\/de\/author\/mariesiba\/"},"uagb_comment_info":0,"uagb_excerpt":"Ar\u00e8s vous offre un acc\u00e8s WiFi gratuit et s\u00e9curis\u00e9 pour surfer sur Internet librement dans tous les lieux publics \u00e9quip\u00e9s. Entre plages, for\u00eats et espaces naturels pr\u00e9serv\u00e9s :&nbsp;Ar\u00e8s, village authentique, [&hellip;]","_links":{"self":[{"href":"https:\/\/bassin-arcachon.com\/de\/wp-json\/wp\/v2\/pages\/754","targetHints":{"allow":["GET"]}}],"collection":[{"href":"https:\/\/bassin-arcachon.com\/de\/wp-json\/wp\/v2\/pages"}],"about":[{"href":"https:\/\/bassin-arcachon.com\/de\/wp-json\/wp\/v2\/types\/page"}],"author":[{"embeddable":true,"href":"https:\/\/bassin-arcachon.com\/de\/wp-json\/wp\/v2\/users\/25"}],"replies":[{"embeddable":true,"href":"https:\/\/bassin-arcachon.com\/de\/wp-json\/wp\/v2\/comments?post=754"}],"version-history":[{"count":1,"href":"https:\/\/bassin-arcachon.com\/de\/wp-json\/wp\/v2\/pages\/754\/revisions"}],"predecessor-version":[{"id":119039,"href":"https:\/\/bassin-arcachon.com\/de\/wp-json\/wp\/v2\/pages\/754\/revisions\/119039"}],"up":[{"embeddable":true,"href":"https:\/\/bassin-arcachon.com\/de\/wp-json\/wp\/v2\/pages\/69"}],"wp:featuredmedia":[{"embeddable":true,"href":"https:\/\/bassin-arcachon.com\/de\/wp-json\/wp\/v2\/media\/23617"}],"wp:attachment":[{"href":"https:\/\/bassin-arcachon.com\/de\/wp-json\/wp\/v2\/media?parent=754"}],"curies":[{"name":"wp","href":"https:\/\/api.w.org\/{rel}","templated":true}]}}