{"id":760,"date":"2017-04-04T12:24:38","date_gmt":"2017-04-04T10:24:38","guid":{"rendered":"https:\/\/bassin-arcachon.com\/\/?page_id=760"},"modified":"2024-12-16T14:04:13","modified_gmt":"2024-12-16T13:04:13","slug":"wifi-le-teich","status":"publish","type":"page","link":"https:\/\/bassin-arcachon.com\/de\/trouver-votre-point-wifi\/wifi-le-teich\/","title":{"rendered":"Willkommen bei Teich"},"content":{"rendered":"<div class=\"wp-block-uagb-container uagb-block-d91e8758 alignfull uagb-is-root-container\"><div class=\"uagb-container-inner-blocks-wrap\">\n<div class=\"wp-block-uagb-container uagb-block-b955d429\">\n<h2 class=\"wp-block-heading\">Le Teich bietet Ihnen kostenlosen und sicheren WLAN-Zugang, damit Sie an ausgestatteten \u00f6ffentlichen Orten frei im Internet surfen k\u00f6nnen.<\/h2>\n\n\n\n<p>Kommen Sie und entdecken Sie den nat\u00fcrlichen Reichtum von Teich zu Fu\u00df, mit dem Fahrrad oder mit dem Kanu-Kajak, indem Sie die Wege und Wasserwege zwischen W\u00e4ldern und Feuchtwiesen nutzen, und beobachten Sie die verschiedenen Vogelarten, die das ganze Jahr \u00fcber im Vogelschutzgebiet zu finden sind.<\/p>\n<\/div>\n\n\n\n<div class=\"wp-block-uagb-container uagb-block-282ada4a\">\n<div class=\"wp-block-uagb-image uagb-block-fbcc2db0 wp-block-uagb-image--layout-default wp-block-uagb-image--effect-static wp-block-uagb-image--align-none\"><figure class=\"wp-block-uagb-image__figure\"><img decoding=\"async\" srcset=\"https:\/\/bassin-arcachon.com\/wp-content\/uploads\/2017\/04\/sentier-littoral-gujan-le-teich-8-1024x683.jpg \" sizes=\"auto, (max-width: 480px) 150px\" src=\"https:\/\/bassin-arcachon.com\/wp-content\/uploads\/2017\/04\/sentier-littoral-gujan-le-teich-8-1024x683.jpg\" alt=\"Der Teich\" class=\"uag-image-8233\" width=\"1024\" height=\"683\" title=\"- - Bassin d&#039;Arcachon\" loading=\"lazy\"><\/figure><\/div>\n<\/div>\n<\/div><\/div>\n\n\n\n<div style=\"height:40px\" aria-hidden=\"true\" class=\"wp-block-spacer\"><\/div>\n\n\n\n<div class=\"wp-block-uagb-container uagb-block-f6c0da35 alignfull uagb-is-root-container\"><div class=\"uagb-container-inner-blocks-wrap\">\n<figure class=\"wp-block-pullquote\"><blockquote><p>Entdecken Sie die Stadt Teich auf&nbsp;<a href=\"http:\/\/www.leteich-tourisme.com\/\" target=\"_blank\" rel=\"noreferrer noopener\">www.leteich-tourisme.com<\/a>.<br>Durchsuchen Sie dies&nbsp;<a href=\"https:\/\/bassin-arcachon.com\/de\/\">Website, die des Bassin von Arcachon<\/a>. Sie m\u00fcssen sich nicht ausweisen!<\/p><\/blockquote><\/figure>\n<\/div><\/div>\n\n\n\n<div style=\"height:40px\" aria-hidden=\"true\" class=\"wp-block-spacer\"><\/div>\n\n\n\n<div class=\"wp-block-uagb-container uagb-block-f654ba1d alignfull uagb-is-root-container\"><div class=\"uagb-container-inner-blocks-wrap\">\n<h3 class=\"wp-block-heading\">Surfen Sie schlau!<\/h3>\n\n\n\n<p>Das WiFi_Bassin_Arcachon-Netzwerk erinnert sich an Sie! Die Verbindung wird jedes Mal automatisch auf demselben Ger\u00e4t hergestellt, wenn Sie sich in der N\u00e4he eines unserer WiFi-Terminals befinden, unabh\u00e4ngig von der Gemeinde des Bassin. Denken Sie daran, Ihren Browser neu zu starten.<\/p>\n<\/div><\/div>\n\n\n\n<div style=\"height:40px\" aria-hidden=\"true\" class=\"wp-block-spacer\"><\/div>","protected":false},"excerpt":{"rendered":"<p>Le Teich vous offre un acc\u00e8s WiFi gratuit et s\u00e9curis\u00e9 pour surfer sur Internet librement dans les lieux publics \u00e9quip\u00e9s. Venez d\u00e9couvrir les richesses naturelles du Teich \u00e0 pied, \u00e0 [&hellip;]<\/p>\n","protected":false},"author":25,"featured_media":23579,"parent":69,"menu_order":19,"comment_status":"closed","ping_status":"closed","template":"","meta":{"_acf_changed":false,"_uag_custom_page_level_css":"","footnotes":""},"class_list":["post-760","page","type-page","status-publish","has-post-thumbnail","hentry"],"acf":[],"uagb_featured_image_src":{"full":["https:\/\/bassin-arcachon.com\/wp-content\/uploads\/2017\/02\/vue-sentier-littoral-le-teich.jpg",1000,666,false],"thumbnail":["https:\/\/bassin-arcachon.com\/wp-content\/uploads\/2017\/02\/vue-sentier-littoral-le-teich-150x150.jpg",150,150,true],"medium":["https:\/\/bassin-arcachon.com\/wp-content\/uploads\/2017\/02\/vue-sentier-littoral-le-teich-600x400.jpg",600,400,true],"medium_large":["https:\/\/bassin-arcachon.com\/wp-content\/uploads\/2017\/02\/vue-sentier-littoral-le-teich-768x511.jpg",768,511,true],"large":["https:\/\/bassin-arcachon.com\/wp-content\/uploads\/2017\/02\/vue-sentier-littoral-le-teich.jpg",1000,666,false],"1536x1536":["https:\/\/bassin-arcachon.com\/wp-content\/uploads\/2017\/02\/vue-sentier-littoral-le-teich.jpg",1000,666,false],"2048x2048":["https:\/\/bassin-arcachon.com\/wp-content\/uploads\/2017\/02\/vue-sentier-littoral-le-teich.jpg",1000,666,false],"trp-custom-language-flag":["https:\/\/bassin-arcachon.com\/wp-content\/uploads\/2017\/02\/vue-sentier-littoral-le-teich-18x12.jpg",18,12,true]},"uagb_author_info":{"display_name":"Marie Clauzel","author_link":"https:\/\/bassin-arcachon.com\/de\/author\/mariesiba\/"},"uagb_comment_info":0,"uagb_excerpt":"Le Teich vous offre un acc\u00e8s WiFi gratuit et s\u00e9curis\u00e9 pour surfer sur Internet librement dans les lieux publics \u00e9quip\u00e9s. Venez d\u00e9couvrir les richesses naturelles du Teich \u00e0 pied, \u00e0 [&hellip;]","_links":{"self":[{"href":"https:\/\/bassin-arcachon.com\/de\/wp-json\/wp\/v2\/pages\/760","targetHints":{"allow":["GET"]}}],"collection":[{"href":"https:\/\/bassin-arcachon.com\/de\/wp-json\/wp\/v2\/pages"}],"about":[{"href":"https:\/\/bassin-arcachon.com\/de\/wp-json\/wp\/v2\/types\/page"}],"author":[{"embeddable":true,"href":"https:\/\/bassin-arcachon.com\/de\/wp-json\/wp\/v2\/users\/25"}],"replies":[{"embeddable":true,"href":"https:\/\/bassin-arcachon.com\/de\/wp-json\/wp\/v2\/comments?post=760"}],"version-history":[{"count":1,"href":"https:\/\/bassin-arcachon.com\/de\/wp-json\/wp\/v2\/pages\/760\/revisions"}],"predecessor-version":[{"id":119043,"href":"https:\/\/bassin-arcachon.com\/de\/wp-json\/wp\/v2\/pages\/760\/revisions\/119043"}],"up":[{"embeddable":true,"href":"https:\/\/bassin-arcachon.com\/de\/wp-json\/wp\/v2\/pages\/69"}],"wp:featuredmedia":[{"embeddable":true,"href":"https:\/\/bassin-arcachon.com\/de\/wp-json\/wp\/v2\/media\/23579"}],"wp:attachment":[{"href":"https:\/\/bassin-arcachon.com\/de\/wp-json\/wp\/v2\/media?parent=760"}],"curies":[{"name":"wp","href":"https:\/\/api.w.org\/{rel}","templated":true}]}}