{"id":8409,"date":"2017-11-20T10:18:54","date_gmt":"2017-11-20T09:18:54","guid":{"rendered":"https:\/\/bassin-arcachon.com\/\/?page_id=8409"},"modified":"2025-07-17T16:51:20","modified_gmt":"2025-07-17T14:51:20","slug":"was-tun-wenn-es-regnet","status":"publish","type":"page","link":"https:\/\/bassin-arcachon.com\/de\/que-faire-quand-il-pleut\/","title":{"rendered":"Was tun bei Regen?"},"content":{"rendered":"<div class=\"wp-block-uagb-container uagb-block-3e11289c alignfull uagb-is-root-container\"><div class=\"uagb-container-inner-blocks-wrap\">\n<div class=\"wp-block-buttons is-content-justification-center is-layout-flex wp-container-core-buttons-is-layout-16018d1d wp-block-buttons-is-layout-flex\">\n<div class=\"wp-block-button\"><a class=\"wp-block-button__link wp-element-button\" href=\"https:\/\/www.calameo.com\/read\/000024421dd1f2bc56daa\" target=\"_blank\" rel=\"noreferrer noopener\">Was tun auf dem Arcachon Bassin bei Regen? Laden Sie das PDF herunter!<\/a><\/div>\n<\/div>\n<\/div><\/div>\n\n\n\n<div style=\"height:60px\" aria-hidden=\"true\" class=\"wp-block-spacer\"><\/div>\n\n\n\n<div class=\"wp-block-uagb-container uagb-block-5c2cf503 alignfull uagb-is-root-container\"><div class=\"uagb-container-inner-blocks-wrap\">\n<div class=\"wp-block-uagb-container uagb-block-b283b991\">\n<h2 class=\"wp-block-heading\">Eule, es regnet!<\/h2>\n\n\n\n<p>Es regnet, okay ... aber Ihr Aufenthalt auf dem Arcachon Bassin h\u00f6rt hier nicht auf!<\/p>\n\n\n\n<p>Nutzen Sie diese bew\u00f6lkten Tage, um Aktivit\u00e4ten zu entdecken, die im Urlaub genauso angenehm sind wie am Wochenende.<\/p>\n\n\n\n<p>Mediathek und st\u00e4dtisches Schwimmbad, Casino, Bowling, Lasergames, Kino, Balneotherapie, Thalassotherapie, Spa, Klettern, Escape Games\u2026<\/p>\n\n\n\n<p>An M\u00f6glichkeiten, Sauerstoff zu tanken, mangelt es auch bei Regenwetter nicht!<\/p>\n<\/div>\n\n\n\n<div class=\"wp-block-uagb-container uagb-block-58a3a22c\">\n<div class=\"wp-block-uagb-image uagb-block-552f12e2 wp-block-uagb-image--layout-default wp-block-uagb-image--effect-static wp-block-uagb-image--align-none\"><figure class=\"wp-block-uagb-image__figure\"><img decoding=\"async\" srcset=\"https:\/\/bassin-arcachon.com\/wp-content\/uploads\/2020\/03\/thalasso-thalazur-arcachon-cure-couple-1024x684.jpg \" sizes=\"auto, (max-width: 480px) 150px\" src=\"https:\/\/bassin-arcachon.com\/wp-content\/uploads\/2020\/03\/thalasso-thalazur-arcachon-cure-couple-1024x684.jpg\" alt=\"- - Bassin d&#039;Arcachon\" class=\"uag-image-42589\" width=\"1024\" height=\"684\" title=\"- - Bassin d&#039;Arcachon\" loading=\"lazy\" role=\"img\"><\/figure><\/div>\n<\/div>\n<\/div><\/div>\n\n\n\n<div style=\"height:60px\" aria-hidden=\"true\" class=\"wp-block-spacer\"><\/div>\n\n\n\n<div class=\"wp-block-uagb-container uagb-block-fa5e4fc3 alignfull uagb-is-root-container\"><div class=\"uagb-container-inner-blocks-wrap\">\n<div class=\"wp-block-uagb-container uagb-block-9b9b8fd7\">\n<div class=\"wp-block-uagb-image uagb-block-600673eb wp-block-uagb-image--layout-default wp-block-uagb-image--effect-static wp-block-uagb-image--align-none\"><figure class=\"wp-block-uagb-image__figure\"><img decoding=\"async\" srcset=\"https:\/\/bassin-arcachon.com\/wp-content\/uploads\/2023\/01\/maison-huitre-bassin-arcachon-agence-les-conteurs-24-edited.jpg \" sizes=\"auto, (max-width: 480px) 150px\" src=\"https:\/\/bassin-arcachon.com\/wp-content\/uploads\/2023\/01\/maison-huitre-bassin-arcachon-agence-les-conteurs-24-edited.jpg\" alt=\"- - Bassin d&#039;Arcachon\" class=\"uag-image-54859\" width=\"800\" height=\"800\" title=\"- - Bassin d&#039;Arcachon\" loading=\"lazy\" role=\"img\"><\/figure><\/div>\n<\/div>\n\n\n\n<div class=\"wp-block-uagb-container uagb-block-07324eb0\">\n<h2 class=\"wp-block-heading\">Kultur- und Erlebnispause<\/h2>\n\n\n\n<ul class=\"wp-block-list\">\n<li>das&nbsp;<a href=\"http:\/\/www.ville-arcachon.fr\/le-bunker-502\/\" target=\"_blank\" rel=\"noreferrer noopener\">Bunker 502<\/a>, \u00dcberbleibsel des Zweiten Weltkriegs, in Arcachon (innerhalb des MA.AT)<\/li>\n\n\n\n<li>Maison Louis David in Andernos-les-Bains (Stadtmuseum und Kunstausstellungsort)<\/li>\n\n\n\n<li>Kleines Austernmuseum, Cabane Nr. 55 in Andernos-les-Bains (\u00d6ffnungsdaten beim Tourismusb\u00fcro unter 05 56 82 02 95 erfragen)<\/li>\n\n\n\n<li>Die Kapelle der algerischen Villa, das Juwel der Halbinsel<\/li>\n\n\n\n<li>Die Kapelle der Seefahrer in Arcachon<\/li>\n\n\n\n<li>Das&nbsp;<a href=\"http:\/\/www.maison-huitre.fr\/\" target=\"_blank\" rel=\"noreferrer noopener\">Austernhaus<\/a>, in Gujan-Mestras<\/li>\n\n\n\n<li>La Cabane bleue aux artistes (Kunstgalerie am Hafen von Audenge)<\/li>\n\n\n\n<li>Das \u00d6komuseum von Gardarem in Lanton (nur am Wochenende ge\u00f6ffnet)<\/li>\n\n\n\n<li><a href=\"https:\/\/www.kokobelli.fr\/\" target=\"_blank\" rel=\"noopener\">kokobelli-Werkstatt<\/a>&nbsp;(Schmuck und Dekorationsgegenst\u00e4nde aus pflanzlichem Elfenbein und Tannenzapfen) in L\u00e8ge-Cap Ferret \u2013 ge\u00f6ffnet von April bis September<\/li>\n\n\n\n<li>Das <a href=\"https:\/\/captermer.com\/\" target=\"_blank\" rel=\"noopener\">Harzsammlerh\u00fctte<\/a> in L\u00e8ge-Cap-Ferret<\/li>\n\n\n\n<li>das&nbsp;<a href=\"https:\/\/bassin-arcachon.com\/de\/unser-wesentliches\/der-leuchtturm-und-die-spitze-von-cap-ferret\/\">Cap Ferret Leuchtturm<\/a>&nbsp;und seine interaktive Ausstellung (ge\u00f6ffnet von Mittwoch bis Sonntag von 14.00 bis 17.00 Uhr oder 18.00 Uhr im Herbst-Winter)<\/li>\n<\/ul>\n<\/div>\n<\/div><\/div>\n\n\n\n<div style=\"height:60px\" aria-hidden=\"true\" class=\"wp-block-spacer\"><\/div>\n\n\n\n<div class=\"wp-block-uagb-container uagb-block-89ed556a alignfull uagb-is-root-container\"><div class=\"uagb-container-inner-blocks-wrap\">\n<div class=\"wp-block-uagb-container uagb-block-146e97e1\">\n<h2 class=\"wp-block-heading\">Lassen Sie sich f\u00fchren!<\/h2>\n\n\n\n<ul class=\"wp-block-list\">\n<li>das&nbsp;<a href=\"http:\/\/www.lepetittraindarcachon.fr\/le_petit_train_d_arcachon\/Le_petit_train_darcachon.html\" target=\"_blank\" rel=\"noreferrer noopener\">Kleiner Zug von Arcachon<\/a>&nbsp;(gedeckter Zug)<\/li>\n\n\n\n<li>Die Schokoladenfabrik\u201c&nbsp;<a href=\"http:\/\/www.alienorchocolat.com\/chocolaterie.html\" target=\"_blank\" rel=\"noreferrer noopener\">Eleanors Delikatessen<\/a>&nbsp;\u00bb bei La Teste de Buch, nur mit Reservierung von Dienstag bis Samstag<\/li>\n\n\n\n<li>Le Caviar Perlita \u2013 Besuch von L\u2019Esturgeonni\u00e8re in Le Teich von April bis September<\/li>\n\n\n\n<li>Der Kaviar Frankreichs \u2013 Besuch der Moulin de la Cassadotte in Biganos von April bis September<\/li>\n\n\n\n<li>Besuch der SMURFIT-KAPPA-Schreibwarenfabrik in Biganos (nur dienstags und donnerstags im Juli und August)<\/li>\n<\/ul>\n\n\n\n<p><em>F\u00fcr Besuche n\u00e4hern Sie sich Ihrem&nbsp;<a href=\"https:\/\/bassin-arcachon.com\/de\/offices-tourisme\/\">Touristeninformation<\/a><\/em><\/p>\n<\/div>\n\n\n\n<div class=\"wp-block-uagb-container uagb-block-895e6d9c\">\n<div class=\"wp-block-uagb-image uagb-block-d404c367 wp-block-uagb-image--layout-default wp-block-uagb-image--effect-static wp-block-uagb-image--align-none\"><figure class=\"wp-block-uagb-image__figure\"><img decoding=\"async\" srcset=\"https:\/\/bassin-arcachon.com\/wp-content\/uploads\/2023\/01\/Source-des-Abatilles-N0691b-e1548081054123-edited.jpg \" sizes=\"auto, (max-width: 480px) 150px\" src=\"https:\/\/bassin-arcachon.com\/wp-content\/uploads\/2023\/01\/Source-des-Abatilles-N0691b-e1548081054123-edited.jpg\" alt=\"Besuch der Source des Abatilles in Arcachon\" class=\"uag-image-54856\" width=\"1000\" height=\"749\" title=\"- - Bassin d&#039;Arcachon\" loading=\"lazy\" role=\"img\"><\/figure><\/div>\n<\/div>\n<\/div><\/div>\n\n\n\n<div style=\"height:60px\" aria-hidden=\"true\" class=\"wp-block-spacer\"><\/div>\n\n\n\n<div class=\"wp-block-uagb-container uagb-block-e10669f6 alignfull uagb-is-root-container\"><div class=\"uagb-container-inner-blocks-wrap\">\n<div class=\"wp-block-uagb-container uagb-block-40f8e1be\">\n<div class=\"wp-block-uagb-image uagb-block-b0e4088a wp-block-uagb-image--layout-default wp-block-uagb-image--effect-static wp-block-uagb-image--align-none\"><figure class=\"wp-block-uagb-image__figure\"><img decoding=\"async\" srcset=\"https:\/\/bassin-arcachon.com\/wp-content\/uploads\/2017\/08\/baby-72695_960_720.jpg \" sizes=\"auto, (max-width: 480px) 150px\" src=\"https:\/\/bassin-arcachon.com\/wp-content\/uploads\/2017\/08\/baby-72695_960_720.jpg\" alt=\"Aktivit\u00e4ten f\u00fcr Kinder bei Regen bei Bassin d&#039;Arcachon\" class=\"uag-image-7296\" width=\"960\" height=\"640\" title=\"- - Bassin d&#039;Arcachon\" loading=\"lazy\" role=\"img\"><\/figure><\/div>\n<\/div>\n\n\n\n<div class=\"wp-block-uagb-container uagb-block-472b0972\">\n<h2 class=\"wp-block-heading\">Was mache ich mit meinen Kleinigkeiten<\/h2>\n\n\n\n<ul class=\"wp-block-list\">\n<li><a href=\"http:\/\/www.bigajump.com\/\" target=\"_blank\" rel=\"noreferrer noopener\">GROSSER SPRUNG<\/a>&nbsp;\u00dcberdachter Trampolinpark in Biganos<\/li>\n\n\n\n<li><a href=\"https:\/\/www.bassinabloc.fr\/\" target=\"_blank\" rel=\"noopener\">Bassin-Block<\/a>, Kletterraum in Gujan<\/li>\n\n\n\n<li><a href=\"https:\/\/www.battlekart.com\/fr\/arcachon\/\" target=\"_blank\" rel=\"noopener\">BATTLEKART<\/a> Kartfahren und Gaming bei La Teste de Buch<\/li>\n\n\n\n<li>Das&nbsp;<a href=\"https:\/\/bassin-arcachon.com\/de\/agenda-ausfluge-markte\/\">Bassin Kinos<\/a>&nbsp;sind ganzj\u00e4hrig ge\u00f6ffnet!<\/li>\n\n\n\n<li>Und f\u00fcr die etwas \u00c4lteren: Tauchen Sie ein in die Welt der virtuellen Realit\u00e4t mit <a href=\"https:\/\/bassinvr.fr\/\" target=\"_blank\" rel=\"noopener\">Bassin VR<\/a> !<\/li>\n<\/ul>\n\n\n\n<p><a href=\"https:\/\/bassin-arcachon.com\/de\/4-dinge-die-man-fur-kinder-tun-kann-wenn-es-regnet\/\">Entdecken Sie unsere 4 Aktivit\u00e4ten, die Sie mit Ihren Kindern bei Regen unternehmen k\u00f6nnen!<\/a><\/p>\n<\/div>\n<\/div><\/div>\n\n\n\n<div style=\"height:60px\" aria-hidden=\"true\" class=\"wp-block-spacer\"><\/div>\n\n\n\n<div class=\"wp-block-uagb-container uagb-block-3e7ac0d7 alignfull uagb-is-root-container\"><div class=\"uagb-container-inner-blocks-wrap\">\n<div class=\"wp-block-uagb-container uagb-block-55376999\">\n<h2 class=\"wp-block-heading\">Gesch\u00fctzte Kreuzfahrten<\/h2>\n\n\n\n<p>Je nach Saison organisierte Ausfl\u00fcge ab Arcachon, Cap Ferret, Canon, Moulleau und Andernos:<\/p>\n\n\n\n<ul class=\"wp-block-list\">\n<li><strong>Vogelinseltour<\/strong>, Dauer 1h45<\/li>\n\n\n\n<li><strong>Gro\u00dfe Tour von Bassin<\/strong>, Dauer 2h45<\/li>\n<\/ul>\n\n\n\n<p><em>Erkundigen Sie sich bei der<a href=\"https:\/\/bateliers-arcachon.com\/\" target=\"_blank\" rel=\"noreferrer noopener\">Verband der Schiffer<\/a>.<\/em><\/p>\n<\/div>\n\n\n\n<div class=\"wp-block-uagb-container uagb-block-5480b58d\">\n<div class=\"wp-block-uagb-image uagb-block-023bd38f wp-block-uagb-image--layout-default wp-block-uagb-image--effect-static wp-block-uagb-image--align-none\"><figure class=\"wp-block-uagb-image__figure\"><img decoding=\"async\" srcset=\"https:\/\/bassin-arcachon.com\/wp-content\/uploads\/2023\/08\/Design-sans-titre-2023-12-08T104740.989-1024x1024.png ,https:\/\/bassin-arcachon.com\/wp-content\/uploads\/2023\/08\/Design-sans-titre-2023-12-08T104740.989.png 780w, https:\/\/bassin-arcachon.com\/wp-content\/uploads\/2023\/08\/Design-sans-titre-2023-12-08T104740.989.png 360w\" sizes=\"auto, (max-width: 480px) 150px\" src=\"https:\/\/bassin-arcachon.com\/wp-content\/uploads\/2023\/08\/Design-sans-titre-2023-12-08T104740.989-1024x1024.png\" alt=\"- - Bassin d&#039;Arcachon\" class=\"uag-image-57369\" width=\"1024\" height=\"1024\" title=\"- - Bassin d&#039;Arcachon\" loading=\"lazy\" role=\"img\"><\/figure><\/div>\n<\/div>\n<\/div><\/div>\n\n\n\n<div style=\"height:60px\" aria-hidden=\"true\" class=\"wp-block-spacer\"><\/div>\n\n\n\n<div class=\"wp-block-uagb-container uagb-block-3fbba451 alignfull uagb-is-root-container\"><div class=\"uagb-container-inner-blocks-wrap\">\n<h2 class=\"wp-block-heading\">Ein paar Kilometer von Bassin entfernt<\/h2>\n\n\n\n<div class=\"wp-block-uagb-image uagb-block-5699374c wp-block-uagb-image--layout-default wp-block-uagb-image--effect-static wp-block-uagb-image--align-none\"><figure class=\"wp-block-uagb-image__figure\"><img decoding=\"async\" srcset=\"https:\/\/bassin-arcachon.com\/wp-content\/uploads\/2023\/01\/miroir-eau-bordeaux-edited.jpg \" sizes=\"auto, (max-width: 480px) 150px\" src=\"https:\/\/bassin-arcachon.com\/wp-content\/uploads\/2023\/01\/miroir-eau-bordeaux-edited.jpg\" alt=\"Der Wasserspiegel in Bordeaux\" class=\"uag-image-54851\" width=\"1200\" height=\"675\" title=\"- - Bassin d&#039;Arcachon\" loading=\"lazy\" role=\"img\"><\/figure><\/div>\n\n\n\n<h3 class=\"wp-block-heading\"><a href=\"https:\/\/bassin-arcachon.com\/de\/bordeaux-kurzurlaub\/\">Entdecken Sie Bordeaux:<\/a><\/h3>\n\n\n\n<ul class=\"wp-block-list\">\n<li><a href=\"https:\/\/www.laciteduvin.com\" target=\"_blank\" rel=\"noopener\">Die Stadt des Weines<\/a><\/li>\n\n\n\n<li><a href=\"https:\/\/www.bassins-lumieres.com\" target=\"_blank\" rel=\"noopener\">Bassins der Erleuchtung<\/a>  <\/li>\n\n\n\n<li>Schlendern Sie mit Stiefeln an den F\u00fc\u00dfen durch die Stra\u00dfen des alten Bordeaux<\/li>\n\n\n\n<li>Machen Sie es sich in einem Sessel im charakteristischen Utopia-Kino bequem<\/li>\n\n\n\n<li>Viel Spa\u00df beim Shoppen auf der l\u00e4ngsten Stra\u00dfe Europas: Rue Sainte-Catherine<\/li>\n\n\n\n<li>Bordeaux wird Ihnen nie an Ideen f\u00fcr kulturelle Ausfl\u00fcge fehlen: Aquitaine Museum, Cap Science, CAPC usw.<\/li>\n\n\n\n<li>Genie\u00dfen Sie die lokale Gastronomie in einer gro\u00dfen Auswahl an Restaurants<\/li>\n\n\n\n<li>Weinberge und Schl\u00f6sser: Bordeaux, Saint-\u00c9milion, M\u00e9doc, Entre-deux-mers\u2026<\/li>\n\n\n\n<li>Plan\u00e8te Bordeaux (Stra\u00dfe nach Libourne, Beychac-et-Caillau), La Winerie<\/li>\n<\/ul>\n\n\n\n<h3 class=\"wp-block-heading\">Die Landes und das Hinterland:<\/h3>\n\n\n\n<ul class=\"wp-block-list\">\n<li>Wasserkomplex \u2013 Spadium de Salles<\/li>\n\n\n\n<li><a href=\"https:\/\/www.marqueze.fr\" target=\"_blank\" rel=\"noopener\">\u00d6komuseum Marqu\u00e8ze<\/a> zu Sabers <\/li>\n\n\n\n<li>Wasserflugzeugmuseum in Biscarrosse<\/li>\n<\/ul>\n<\/div><\/div>\n\n\n\n<div style=\"height:60px\" aria-hidden=\"true\" class=\"wp-block-spacer\"><\/div>","protected":false},"excerpt":{"rendered":"<p>Chouette, il pleut ! Il pleut, d\u2019accord\u2026 mais votre s\u00e9jour sur le Bassin d\u2019Arcachon ne s\u2019arr\u00eate pas l\u00e0 ! Profitez de ces journ\u00e9es au temps couvert pour d\u00e9couvrir des activit\u00e9s [&hellip;]<\/p>\n","protected":false},"author":25,"featured_media":8421,"parent":0,"menu_order":8,"comment_status":"closed","ping_status":"closed","template":"","meta":{"_acf_changed":false,"_uag_custom_page_level_css":"","footnotes":""},"class_list":["post-8409","page","type-page","status-publish","has-post-thumbnail","hentry"],"acf":[],"uagb_featured_image_src":{"full":["https:\/\/bassin-arcachon.com\/wp-content\/uploads\/2017\/08\/child-898040_960_720-1.jpg",960,720,false],"thumbnail":["https:\/\/bassin-arcachon.com\/wp-content\/uploads\/2017\/08\/child-898040_960_720-1-150x150.jpg",150,150,true],"medium":["https:\/\/bassin-arcachon.com\/wp-content\/uploads\/2017\/08\/child-898040_960_720-1-600x450.jpg",600,450,true],"medium_large":["https:\/\/bassin-arcachon.com\/wp-content\/uploads\/2017\/08\/child-898040_960_720-1-768x576.jpg",768,576,true],"large":["https:\/\/bassin-arcachon.com\/wp-content\/uploads\/2017\/08\/child-898040_960_720-1.jpg",960,720,false],"1536x1536":["https:\/\/bassin-arcachon.com\/wp-content\/uploads\/2017\/08\/child-898040_960_720-1.jpg",960,720,false],"2048x2048":["https:\/\/bassin-arcachon.com\/wp-content\/uploads\/2017\/08\/child-898040_960_720-1.jpg",960,720,false],"trp-custom-language-flag":["https:\/\/bassin-arcachon.com\/wp-content\/uploads\/2017\/08\/child-898040_960_720-1-16x12.jpg",16,12,true]},"uagb_author_info":{"display_name":"Marie Clauzel","author_link":"https:\/\/bassin-arcachon.com\/de\/author\/mariesiba\/"},"uagb_comment_info":0,"uagb_excerpt":"Chouette, il pleut ! Il pleut, d\u2019accord\u2026 mais votre s\u00e9jour sur le Bassin d\u2019Arcachon ne s\u2019arr\u00eate pas l\u00e0 ! Profitez de ces journ\u00e9es au temps couvert pour d\u00e9couvrir des activit\u00e9s [&hellip;]","_links":{"self":[{"href":"https:\/\/bassin-arcachon.com\/de\/wp-json\/wp\/v2\/pages\/8409","targetHints":{"allow":["GET"]}}],"collection":[{"href":"https:\/\/bassin-arcachon.com\/de\/wp-json\/wp\/v2\/pages"}],"about":[{"href":"https:\/\/bassin-arcachon.com\/de\/wp-json\/wp\/v2\/types\/page"}],"author":[{"embeddable":true,"href":"https:\/\/bassin-arcachon.com\/de\/wp-json\/wp\/v2\/users\/25"}],"replies":[{"embeddable":true,"href":"https:\/\/bassin-arcachon.com\/de\/wp-json\/wp\/v2\/comments?post=8409"}],"version-history":[{"count":5,"href":"https:\/\/bassin-arcachon.com\/de\/wp-json\/wp\/v2\/pages\/8409\/revisions"}],"predecessor-version":[{"id":172578,"href":"https:\/\/bassin-arcachon.com\/de\/wp-json\/wp\/v2\/pages\/8409\/revisions\/172578"}],"wp:featuredmedia":[{"embeddable":true,"href":"https:\/\/bassin-arcachon.com\/de\/wp-json\/wp\/v2\/media\/8421"}],"wp:attachment":[{"href":"https:\/\/bassin-arcachon.com\/de\/wp-json\/wp\/v2\/media?parent=8409"}],"curies":[{"name":"wp","href":"https:\/\/api.w.org\/{rel}","templated":true}]}}