{"id":891,"date":"2017-04-10T15:04:49","date_gmt":"2017-04-10T13:04:49","guid":{"rendered":"http:\/\/bassin-arcachon.com\/?page_id=891"},"modified":"2026-04-07T11:42:53","modified_gmt":"2026-04-07T09:42:53","slug":"weltraumprofi","status":"publish","type":"page","link":"https:\/\/bassin-arcachon.com\/de\/espace-pro\/","title":{"rendered":"Professioneller Bereich"},"content":{"rendered":"<div class=\"wp-block-uagb-container uagb-block-f8679caf alignfull uagb-is-root-container\"><div class=\"uagb-container-inner-blocks-wrap\">\n<h2 class=\"wp-block-heading\">Willkommen im Espace Pro: Tools und Materialien zu Ihrer Verf\u00fcgung! <\/h2>\n\n\n\n<h3 class=\"wp-block-heading\">1) Wo finden Sie unsere Inhalte und Videos zur Bassin-Promotion in Arcachon? <\/h3>\n\n\n\n<p>Bedienen Sie sich \ud83d\ude0a und erw\u00e4hnen Sie <strong>@bassindarcachon auf <a href=\"https:\/\/www.facebook.com\/bassindarcachon\" target=\"_blank\" rel=\"noopener\">Facebook<\/a> und <a href=\"https:\/\/www.instagram.com\/bassindarcachon\/\" target=\"_blank\" rel=\"noopener\">Instagram<\/a><\/strong>. <\/p>\n\n\n\n<ul class=\"wp-block-list\">\n<li><strong>Unsere Videos<\/strong> stehen Ihnen zur Verf\u00fcgung : <a href=\"\/de\/vimeo.com\/bassindarcachon\/\">vimeo.com\/bassindarcachon<\/a> <em>(in HD herunterladbar)<\/em> und auf<a href=\"https:\/\/www.youtube.com\/lebassindarcachon\" target=\"_blank\" rel=\"noopener\"> https:\/\/www.youtube.com\/lebassindarcachon<\/a><\/li>\n\n\n\n<li><strong>Bassin Site in Arcachon und ihr Blog<\/strong>\u00a0: <a href=\"https:\/\/bassin-arcachon.com\/de\/bloggen\/\">https:\/\/bassin-arcachon.com\/blog\/<\/a>\u00a0<\/li>\n\n\n\n<li>Ideen f\u00fcr einen Aufenthalt von\u2019<strong>eine Woche auf dem Bassin<\/strong>&nbsp;: <a href=\"https:\/\/bassin-arcachon.com\/de\/1-woche-pool\/\">https:\/\/bassin-arcachon.com\/1-semaine-bassin\/<\/a><\/li>\n\n\n\n<li><strong>Listing mit Kontaktdaten von Aktivit\u00e4ten und Freizeitangeboten <\/strong>in der dynamischen Wiedergabe : <a href=\"https:\/\/www.calameo.com\/bassin-arcachon\/read\/000024421aa7e5a3e7faf\" target=\"_blank\" rel=\"noopener\">Leitfaden 2026<\/a><\/li>\n\n\n\n<li>Alle <strong>die Brosch\u00fcren und herunterladbaren Dokumente<\/strong> online : <a href=\"https:\/\/bassin-arcachon.com\/de\/unsere-broschuren\/\">https:\/\/bassin-arcachon.com\/nos-brochures\/<\/a> <em>(z. B. Liste der M\u00e4rkte, Handitourismus, Es regnet, was tun?)<\/em><\/li>\n\n\n\n<li>das <strong>Pressemappe des Bassin in Arcachon und versendete Pressemitteilungen<\/strong> von der SIBA : <a href=\"https:\/\/www.calameo.com\/bassin-arcachon\/subscriptions\/1430334\" target=\"_blank\" rel=\"noopener\">https:\/\/www.calameo.com\/bassin-arcachon\/subscriptions\/1430334<\/a><\/li>\n\n\n\n<li>Zu beachten: <strong>einen KI-Assistenten, der mit UNSEREN DATEN gef\u00fcttert wird<\/strong>, Wenn Sie eine Frage haben, die Sie nicht beantworten k\u00f6nnen, k\u00f6nnen wir Ihnen helfen, sie zu beantworten: <a href=\"https:\/\/bassin-arcachon.com\/de\/\">https:\/\/bassin-arcachon.com\/<\/a><\/li>\n<\/ul>\n\n\n\n<h3 class=\"wp-block-heading\">2) Wo finden Sie zuverl\u00e4ssige und aktuelle Informationen \u00fcber Veranstaltungen und Events in unseren 12 Gemeinden?<\/h3>\n\n\n\n<ul class=\"wp-block-list\">\n<li>Kostenlos herunterladen <a href=\"https:\/\/bassin-arcachon.com\/de\/laden-sie-unsere-anwendung-herunter\/\"><strong>die Anwendung Bassin aus Arcachon<\/strong><\/a> (<em>t\u00e4gliche Aktualisierung<\/em>), erkennbar an seinen 2 Rollen. <\/li>\n\n\n\n<li>W\u00e4hlen Sie <strong>\u00absich unterhalten\u00bb<\/strong>, Dann <strong>\u00ab Veranstaltungskalender \u00bb<\/strong>, und schlie\u00dflich der Zeitraum.<\/li>\n<\/ul>\n\n\n\n<h3 class=\"wp-block-heading\">3) Wie kann ich auf den von der SIBA erstellten Materialien erscheinen?<\/h3>\n\n\n\n<p>Unsere Materialien (<em>Webseite und App<\/em>) verwenden eine <strong>regionale Datenbank namens SIRTAQUI<\/strong>. Die Informationen werden von Ihren <strong>Tourismusb\u00fcros <\/strong>und dann \u00fcber die Medien der SIBA verbreitet.<\/p>\n\n\n\n<p>Um in dieser Datenbank zu erscheinen, <strong>bitte wenden Sie sich an Ihr Tourismusb\u00fcro <\/strong>!<\/p>\n\n\n\n<h3 class=\"wp-block-heading\">4) Wie interagieren Sie mit unseren Netzwerken zur F\u00f6rderung des Reiseziels?<\/h3>\n\n\n\n<ul class=\"wp-block-list\">\n<li>Bassin von Arcachon : \n<ul class=\"wp-block-list\">\n<li><strong>Facebook : <a href=\"https:\/\/www.instagram.com\/bassindarcachon\/\" target=\"_blank\" rel=\"noopener\">https:\/\/www.instagram.com\/bassindarcachon\/<\/a><\/strong><\/li>\n\n\n\n<li><strong>Instagram: <a href=\"https:\/\/www.instagram.com\/bassindarcachon\/\" target=\"_blank\" rel=\"noopener\">https:\/\/www.instagram.com\/bassindarcachon\/<\/a><\/strong><\/li>\n\n\n\n<li><strong>LinkedIn :<\/strong>\n<ul class=\"wp-block-list\">\n<li><a href=\"https:\/\/www.linkedin.com\/in\/marque-bassin-arcachon\/\" target=\"_blank\" rel=\"noopener\">https:\/\/www.linkedin.com\/in\/marque-bassin-arcachon\/<\/a><\/li>\n\n\n\n<li><a href=\"https:\/\/www.linkedin.com\/in\/bassindarcachonaffaires\" target=\"_blank\" rel=\"noopener\">https:\/\/www.linkedin.com\/in\/bassindarcachonaffaires<\/a><\/li>\n<\/ul>\n<\/li>\n<\/ul>\n<\/li>\n<\/ul>\n\n\n\n<h3 class=\"wp-block-heading\">5) Wo finde ich die Tourismusdokumentation \u00abBassin d'Arcachon\u00bb? &nbsp;<\/h3>\n\n\n\n<div class=\"wp-block-uagb-container uagb-block-c7374873\">\n<p>Um Exemplare zu erhalten, wenden Sie sich bitte zuerst an Ihr Fremdenverkehrsamt. Sie finden unsere Dokumentation auch als interaktives Kalameo :<\/p>\n<\/div>\n\n\n\n<ul class=\"wp-block-list\">\n<li><strong><a href=\"https:\/\/www.calameo.com\/bassin-arcachon\/read\/000024421306f9920b5fd\" target=\"_blank\" rel=\"noopener\">Touristenkarte<\/a><\/strong> auf Franz\u00f6sisch, <a href=\"https:\/\/www.calameo.com\/bassin-arcachon\/read\/000024421068f7d6c4614\" target=\"_blank\" rel=\"noopener\">Englisch<\/a>, <a href=\"https:\/\/www.calameo.com\/bassin-arcachon\/read\/000024421e693dd179d84\" target=\"_blank\" rel=\"noopener\">Deutsch<\/a>,<a href=\"https:\/\/www.calameo.com\/bassin-arcachon\/read\/0000244213620f91402b8\" target=\"_blank\" rel=\"noopener\"> Spanisch<\/a> und <a href=\"https:\/\/www.calameo.com\/bassin-arcachon\/read\/000024421fcbd62b9dd24\" target=\"_blank\" rel=\"noopener\">italienisch<\/a><\/li>\n\n\n\n<li><strong><a href=\"https:\/\/www.calameo.com\/bassin-arcachon\/read\/0000244214d5faf8a6d5b\" target=\"_blank\" rel=\"noopener\">Bassin Magazin aus Arcachon<\/a><\/strong><\/li>\n\n\n\n<li>Jahrbuch \u00ab&nbsp;<a href=\"https:\/\/www.calameo.com\/bassin-arcachon\/read\/00002442172196ce0017a\" target=\"_blank\" rel=\"noopener\"><strong>Mein Bassin ohne MEIN Auto<\/strong><\/a>&nbsp;\u00bb (<em>Fahrradverleiher, alles \u00fcber die Mobilit\u00e4t auf dem Bassin erfahren<\/em>)<\/li>\n<\/ul>\n\n\n\n<p>Um Sie <strong>direkt unsere Dokumentation liefern<\/strong>, Bitte wenden Sie sich an : <a href=\"mailto:communication@siba-bassin-arcachon.fr\">communication@siba-bassin-arcachon.fr<\/a><\/p>\n\n\n\n<h3 class=\"wp-block-heading\">6) Wo finde ich die gro\u00dfen Tourismusdaten: Besucherzahlen, Branchen, ...? :<\/h3>\n\n\n\n<p><strong>Zug\u00e4ngliche und herunterladbare Datensammlung<\/strong> online : <a href=\"https:\/\/www.siba-bassin-arcachon.fr\/le-pole-promotion\/le-recueil-de-donnees-tourisme\" target=\"_blank\" rel=\"noopener\">https:\/\/www.siba-bassin-arcachon.fr\/le-pole-promotion\/le-recueil-de-donnees-tourisme<\/a><\/p>\n\n\n\n<h3 class=\"wp-block-heading\">7) Wann sollte die Werbeabteilung des SIBA mobilisiert werden?<\/h3>\n\n\n\n<p>Wann <strong>ein Projekt, eine Aktion oder ein Bed\u00fcrfnis<\/strong> betrifft die F\u00f6rderung des Territoriums auf kollektiver Ebene, das Zentrum f\u00fcr \u00d6ffentlichkeitsarbeit ist eine unterst\u00fctzende Abteilung, <strong>im Dienste der institutionellen Partner, der Tourismusfachleute und der Markenpartner.<\/strong><\/p>\n\n\n\n<ul class=\"wp-block-list\">\n<li>F\u00fcr <strong>Partner der <a href=\"https:\/\/www.marque-bassin-arcachon.fr\/\" target=\"_blank\" rel=\"noopener\">territoriale Marke des Bassin von Arcachon<\/a><\/strong> : formulieren Sie Ihren begr\u00fcndeten Antrag per E-Mail \u00fcber <a href=\"https:\/\/www.marque-bassin-arcachon.fr\/les-partenaires\/devenir-partenaire\/\" target=\"_blank\" rel=\"noopener\">https:\/\/www.marque-bassin-arcachon.fr\/les-partenaires\/devenir-partenaire\/<\/a><\/li>\n\n\n\n<li>Um zu wissen <strong>wer Partner ist<\/strong>, Die interaktive Karte online ansehen : <a href=\"https:\/\/www.marque-bassin-arcachon.fr\/les-partenaires\/deja-partenaires\/\" target=\"_blank\" rel=\"noopener\">https:\/\/www.marque-bassin-arcachon.fr\/les-partenaires\/deja-partenaires\/<\/a><\/li>\n\n\n\n<li>zu integrieren, um den <strong>Netzwerk von Fachleuten aus dem Bereich des Gesch\u00e4ftstourismus<\/strong>&nbsp;: <a href=\"mailto:mice@siba-bassin-arcachon.fr\">mice@siba-bassin-arcachon.fr<\/a>. Alle Informationen im Zusammenhang mit dem Gesch\u00e4ftstourismus finden Sie hier : <a href=\"https:\/\/bassin-arcachon.com\/de\/kongressseminare\/\">https:\/\/bassin-arcachon.com\/seminaires-congres\/<\/a><\/li>\n\n\n\n<li>Um zu profitieren <strong>Materialien und Werkzeuge zur Sensibilisierung<\/strong> zur Erhaltung der Wasserqualit\u00e4t (<a href=\"https:\/\/www.siba-bassin-arcachon.fr\/ici-commence-la-mer\" target=\"_blank\" rel=\"noopener\">hier beginnt das Meer \u00abnichts wegwerfen\u00bb<\/a>, (z. B. G\u00e4nsespiel, Fensterbilder...)\u00a0<\/li>\n<\/ul>\n\n\n\n<h3 class=\"wp-block-heading\">8) Notwendigkeit, die lokalen Medien zu kontaktieren <a href=\"https:\/\/tvba.fr\/\" target=\"_blank\" rel=\"noopener\">TVBA.de<\/a>&nbsp;: <\/h3>\n\n\n\n<ul class=\"wp-block-list\">\n<li>Kontaktieren Sie Fanny und Camille, unsere beiden Reporterinnen aus der Region unter <a href=\"mailto:contact@tvba.fr\">contact@tvba.fr<\/a>. Folgen Sie ihnen auf <strong><a href=\"https:\/\/tvba.fr\/\" target=\"_blank\" rel=\"noopener\">tvba.de<\/a> <\/strong>und auf ihren sozialen Netzwerken, um \u00fcber alle Neuigkeiten informiert zu sein :\n<ul class=\"wp-block-list\">\n<li><strong>Facebook : <a href=\"https:\/\/www.facebook.com\/tvba.fr\" target=\"_blank\" rel=\"noopener\">https:\/\/www.facebook.com\/tvba.fr<\/a><\/strong><\/li>\n\n\n\n<li><strong>Instagram: <a href=\"https:\/\/www.instagram.com\/tvba.fr\/\" target=\"_blank\" rel=\"noopener\">https:\/\/www.instagram.com\/tvba.fr\/<\/a><\/strong><\/li>\n<\/ul>\n<\/li>\n<\/ul>\n\n\n\n<p>Sie ben\u00f6tigen eine Auskunft, eine Brosch\u00fcre f\u00fcr Ihre Einrichtung oder Ihre Pro-Veranstaltung, Videos, Goodies? Z\u00f6gern Sie nicht, den Promotion-Pool der SIBA per E-Mail zu kontaktieren:&nbsp;<a href=\"mailto:contact@bassin-arcachon.com\">contact@bassin-arcachon.com<\/a><\/p>\n<\/div><\/div>\n\n\n\n<div style=\"height:60px\" aria-hidden=\"true\" class=\"wp-block-spacer\"><\/div>","protected":false},"excerpt":{"rendered":"<p>Bienvenue dans l&rsquo;Espace Pro : des outils et supports \u00e0 votre disposition ! 1) O\u00f9 trouver nos contenus et vid\u00e9os&nbsp;de promotion Bassin d\u2019Arcachon ? Servez-vous&nbsp;\ud83d\ude0a et mentionnez @bassindarcachon sur Facebook [&hellip;]<\/p>\n","protected":false},"author":25,"featured_media":51812,"parent":0,"menu_order":30,"comment_status":"closed","ping_status":"closed","template":"","meta":{"_acf_changed":false,"_uag_custom_page_level_css":"","footnotes":""},"class_list":["post-891","page","type-page","status-publish","has-post-thumbnail","hentry"],"acf":[],"uagb_featured_image_src":{"full":["https:\/\/bassin-arcachon.com\/wp-content\/uploads\/2022\/10\/SIBA-CONGRES-web.jpg",1383,524,false],"thumbnail":["https:\/\/bassin-arcachon.com\/wp-content\/uploads\/2022\/10\/SIBA-CONGRES-web-150x150.jpg",150,150,true],"medium":["https:\/\/bassin-arcachon.com\/wp-content\/uploads\/2022\/10\/SIBA-CONGRES-web-600x227.jpg",600,227,true],"medium_large":["https:\/\/bassin-arcachon.com\/wp-content\/uploads\/2022\/10\/SIBA-CONGRES-web-768x291.jpg",768,291,true],"large":["https:\/\/bassin-arcachon.com\/wp-content\/uploads\/2022\/10\/SIBA-CONGRES-web-1024x388.jpg",1024,388,true],"1536x1536":["https:\/\/bassin-arcachon.com\/wp-content\/uploads\/2022\/10\/SIBA-CONGRES-web.jpg",1383,524,false],"2048x2048":["https:\/\/bassin-arcachon.com\/wp-content\/uploads\/2022\/10\/SIBA-CONGRES-web.jpg",1383,524,false],"trp-custom-language-flag":["https:\/\/bassin-arcachon.com\/wp-content\/uploads\/2022\/10\/SIBA-CONGRES-web-18x7.jpg",18,7,true]},"uagb_author_info":{"display_name":"Marie Clauzel","author_link":"https:\/\/bassin-arcachon.com\/de\/author\/mariesiba\/"},"uagb_comment_info":0,"uagb_excerpt":"Bienvenue dans l&rsquo;Espace Pro : des outils et supports \u00e0 votre disposition ! 1) O\u00f9 trouver nos contenus et vid\u00e9os&nbsp;de promotion Bassin d\u2019Arcachon ? Servez-vous&nbsp;\ud83d\ude0a et mentionnez @bassindarcachon sur Facebook [&hellip;]","_links":{"self":[{"href":"https:\/\/bassin-arcachon.com\/de\/wp-json\/wp\/v2\/pages\/891","targetHints":{"allow":["GET"]}}],"collection":[{"href":"https:\/\/bassin-arcachon.com\/de\/wp-json\/wp\/v2\/pages"}],"about":[{"href":"https:\/\/bassin-arcachon.com\/de\/wp-json\/wp\/v2\/types\/page"}],"author":[{"embeddable":true,"href":"https:\/\/bassin-arcachon.com\/de\/wp-json\/wp\/v2\/users\/25"}],"replies":[{"embeddable":true,"href":"https:\/\/bassin-arcachon.com\/de\/wp-json\/wp\/v2\/comments?post=891"}],"version-history":[{"count":22,"href":"https:\/\/bassin-arcachon.com\/de\/wp-json\/wp\/v2\/pages\/891\/revisions"}],"predecessor-version":[{"id":244593,"href":"https:\/\/bassin-arcachon.com\/de\/wp-json\/wp\/v2\/pages\/891\/revisions\/244593"}],"wp:featuredmedia":[{"embeddable":true,"href":"https:\/\/bassin-arcachon.com\/de\/wp-json\/wp\/v2\/media\/51812"}],"wp:attachment":[{"href":"https:\/\/bassin-arcachon.com\/de\/wp-json\/wp\/v2\/media?parent=891"}],"curies":[{"name":"wp","href":"https:\/\/api.w.org\/{rel}","templated":true}]}}