{"id":98630,"date":"2024-11-18T12:22:45","date_gmt":"2024-11-18T11:22:45","guid":{"rendered":"https:\/\/bassin-arcachon.com\/?page_id=98630"},"modified":"2026-04-08T16:52:32","modified_gmt":"2026-04-08T14:52:32","slug":"praktische-informationen-zur-fortbewegung-mit-dem-fahrrad","status":"publish","type":"page","link":"https:\/\/bassin-arcachon.com\/de\/informations-pratiques-pour-se-deplacer-a-velo\/","title":{"rendered":"Praktische Informationen zum Reisen mit dem Fahrrad"},"content":{"rendered":"<div class=\"wp-block-uagb-container uagb-block-c7651c20 alignfull uagb-is-root-container\"><div class=\"uagb-container-inner-blocks-wrap\">\n<p>Auf dieser Seite finden Sie alle n\u00fctzlichen und praktischen Informationen f\u00fcr <strong>Machen Sie Ihre Ausfl\u00fcge mit dem Fahrrad unter den besten Bedingungen.<\/strong><\/p>\n<\/div><\/div>\n\n\n\n<div class=\"wp-block-uagb-container uagb-block-a9138734 alignfull uagb-is-root-container\"><div class=\"uagb-container-inner-blocks-wrap\">\n<h2 class=\"wp-block-heading\">1) Selbstbedienungspumpen<\/h2>\n<\/div><\/div>\n\n\n\n<div class=\"wp-block-uagb-container uagb-block-832224e8 alignfull uagb-is-root-container\"><div class=\"uagb-container-inner-blocks-wrap\">\n<div class=\"wp-block-uagb-container uagb-block-cf1714b1\">\n<figure class=\"wp-block-image size-full\"><img loading=\"lazy\" decoding=\"async\" width=\"480\" height=\"640\" src=\"https:\/\/bassin-arcachon.com\/wp-content\/uploads\/2024\/11\/N\u00b05-Station-de-Gonflage-Mairie-duTeich.jpg\" alt=\"- - Bassin d&#039;Arcachon\" class=\"wp-image-98633\" title=\"- - Bassin d&#039;Arcachon\" srcset=\"https:\/\/bassin-arcachon.com\/wp-content\/uploads\/2024\/11\/N\u00b05-Station-de-Gonflage-Mairie-duTeich.jpg 480w, https:\/\/bassin-arcachon.com\/wp-content\/uploads\/2024\/11\/N\u00b05-Station-de-Gonflage-Mairie-duTeich-450x600.jpg 450w, https:\/\/bassin-arcachon.com\/wp-content\/uploads\/2024\/11\/N\u00b05-Station-de-Gonflage-Mairie-duTeich-9x12.jpg 9w\" sizes=\"auto, (max-width: 480px) 100vw, 480px\" \/><figcaption class=\"wp-element-caption\">\u00a9 COBAS<\/figcaption><\/figure>\n<\/div>\n\n\n\n<div class=\"wp-block-uagb-container uagb-block-732da1a7\">\n<h3 class=\"wp-block-heading\"><strong>Auf der S\u00fcd-Bassin:<\/strong><\/h3>\n\n\n\n<ul class=\"wp-block-list\">\n<li><strong>Arcachon:<\/strong><br>Pereire, Place Peyneau, SNCF-Bahnhof, Jet\u00e9e du Moulleau, kleiner Hafen von Arcachon<\/li>\n\n\n\n<li><strong>La Teste de Buch:<\/strong><br>Place Meller in Le Pyla, Halte Nautique de Cazaux, Port de La Teste, Intermarch\u00e9 Les Miquelots, Pr\u00e9s sal\u00e9s Ouest, Espace d'accueil de la Dune du Pilat (+ Reparatur)<\/li>\n\n\n\n<li><strong>Gujan-Mestras:<\/strong><br>Kreisverkehr Chante-Cigale, Bahnhof La Hume, La Ch\u00eaneraie, Freizeitzone, Bahnhof Gujan-Mestras (Nord und S\u00fcd), Rathaus Gujan-Mestras<\/li>\n\n\n\n<li><strong>Le Teich:<\/strong><br>Rathaus Le Teich, SNCF-Bahnhof, Super U, Port du Teich<\/li>\n<\/ul>\n<\/div>\n<\/div><\/div>\n\n\n\n<div class=\"wp-block-uagb-container uagb-block-9a502bd6 alignfull uagb-is-root-container\"><div class=\"uagb-container-inner-blocks-wrap\">\n<div class=\"wp-block-uagb-container uagb-block-68dec60e\">\n<h3 class=\"wp-block-heading\"><a href=\"https:\/\/coban-atlantique.fr\/la-coban\/services-equipements\/\" target=\"_blank\" rel=\"noopener\">Im Norden Bassin: <\/a><\/h3>\n\n\n\n<ul class=\"wp-block-list\">\n<li><strong>Andernos-les-Bains:<\/strong><br>vor der Mediathek mit einem Reparatur-Totem, in der Markthalle und am Austernhafen<\/li>\n\n\n\n<li><strong>Ares:<\/strong><br>Am PEI in Ar\u00e8s-L\u00e8ge mit einem Reparatur-Totem, an der Haltestelle am alten Bahnhof, vor dem Tourismusb\u00fcro und vor dem Espace Br\u00e9montier<\/li>\n\n\n\n<li><strong>Audenge:<\/strong><br>Am PEI von Cardolle mit einem Reparatur-Totem, am Badebecken, am Kreisverkehr im Stadtzentrum und vor dem Ballion-Sportkomplex<\/li>\n\n\n\n<li><strong>Biganos:<\/strong><br>Auf dem Vorplatz des TER-Bahnhofs, am PEI mit Reparatur-Totem und am Eingang des Parc Charles Lecoq<\/li>\n\n\n\n<li><strong>Lanton:<\/strong><br>Office du tourisme Coeur de Bassin - 1 route du Stade (auf dem Parkplatz), an der Haltestelle Cassy (All\u00e9e de la halte - auf der V\u00e9lodyss\u00e9e) und am Badebecken<\/li>\n\n\n\n<li><strong>Strecke \u2013 Cap Ferret:<\/strong><br>Im alten Bahnhof von L\u00e8ge, im Tourismusb\u00fcro von Claouey, im Port de la Vigne und im Tourismusb\u00fcro von B\u00e9lisaire<\/li>\n\n\n\n<li><strong>Marketprime:<\/strong><br>An der Grundschule Maurice FOGNET im Stadtzentrum mit einem Reparatur-Totem, vor dem Saal von La Caravelle und am TER-Bahnhof<\/li>\n\n\n\n<li><strong>Mios:<\/strong><br>Vorplatz des B\u00fcros der Touristeninformation (All\u00e9e de Val de San Vicente) und im Parc Birabeille mit einem Reparatur-Totem.<\/li>\n<\/ul>\n<\/div>\n\n\n\n<div class=\"wp-block-uagb-container uagb-block-67e8edc7\">\n<figure class=\"wp-block-image size-large\"><img loading=\"lazy\" decoding=\"async\" width=\"506\" height=\"1024\" src=\"https:\/\/bassin-arcachon.com\/wp-content\/uploads\/2024\/11\/mobilier-type-62668ba9b5506298122291-1-506x1024.jpg\" alt=\"- - Bassin d&#039;Arcachon\" class=\"wp-image-98636\" title=\"- - Bassin d&#039;Arcachon\" srcset=\"https:\/\/bassin-arcachon.com\/wp-content\/uploads\/2024\/11\/mobilier-type-62668ba9b5506298122291-1-506x1024.jpg 506w, https:\/\/bassin-arcachon.com\/wp-content\/uploads\/2024\/11\/mobilier-type-62668ba9b5506298122291-1-297x600.jpg 297w, https:\/\/bassin-arcachon.com\/wp-content\/uploads\/2024\/11\/mobilier-type-62668ba9b5506298122291-1-768x1553.jpg 768w, https:\/\/bassin-arcachon.com\/wp-content\/uploads\/2024\/11\/mobilier-type-62668ba9b5506298122291-1-759x1536.jpg 759w, https:\/\/bassin-arcachon.com\/wp-content\/uploads\/2024\/11\/mobilier-type-62668ba9b5506298122291-1-1013x2048.jpg 1013w, https:\/\/bassin-arcachon.com\/wp-content\/uploads\/2024\/11\/mobilier-type-62668ba9b5506298122291-1-6x12.jpg 6w, https:\/\/bassin-arcachon.com\/wp-content\/uploads\/2024\/11\/mobilier-type-62668ba9b5506298122291-1.jpg 1024w\" sizes=\"auto, (max-width: 506px) 100vw, 506px\" \/><\/figure>\n<\/div>\n<\/div><\/div>\n\n\n\n<div class=\"wp-block-uagb-container uagb-block-4c786e10 alignfull uagb-is-root-container\"><div class=\"uagb-container-inner-blocks-wrap\">\n<h2 class=\"wp-block-heading\">2) Sichere Fahrradabstellpl\u00e4tze<\/h2>\n<\/div><\/div>\n\n\n\n<div class=\"wp-block-uagb-container uagb-block-0b113335 alignfull uagb-is-root-container\"><div class=\"uagb-container-inner-blocks-wrap\">\n<div class=\"wp-block-uagb-container uagb-block-e639cbfa\">\n<figure class=\"wp-block-image size-full\"><img loading=\"lazy\" decoding=\"async\" width=\"380\" height=\"285\" src=\"https:\/\/bassin-arcachon.com\/wp-content\/uploads\/2024\/11\/PEI-audenge-380x285-1.jpg\" alt=\"- - Bassin d&#039;Arcachon\" class=\"wp-image-98640\" title=\"- - Bassin d&#039;Arcachon\" srcset=\"https:\/\/bassin-arcachon.com\/wp-content\/uploads\/2024\/11\/PEI-audenge-380x285-1.jpg 380w, https:\/\/bassin-arcachon.com\/wp-content\/uploads\/2024\/11\/PEI-audenge-380x285-1-16x12.jpg 16w\" sizes=\"auto, (max-width: 380px) 100vw, 380px\" \/><\/figure>\n<\/div>\n<\/div><\/div>\n\n\n\n<div class=\"wp-block-uagb-container uagb-block-0d2dcc91 alignfull uagb-is-root-container\"><div class=\"uagb-container-inner-blocks-wrap\">\n<p><strong>Sicher parken ist besser!<\/strong><\/p>\n\n\n\n<p>Sichere Parkpl\u00e4tze, f\u00fcr Fahrr\u00e4der reservierte Pl\u00e4tze, zug\u00e4nglich:<\/p>\n\n\n\n<ul class=\"wp-block-list\">\n<li>An den Stationen von: <strong>Marcheprime, Biganos-Facture, Le Teich, Gujan-Mestras, <strong>Der Hume<\/strong> und Arcachon<\/strong>. Letztlich werden alle Stationen damit ausgestattet sein.<\/li>\n\n\n\n<li>Auf Fahrgemeinschaftspl\u00e4tzen<strong> von Mios A660 <\/strong>sowie auf der Ebene von<strong>Bushaltestelle Al\u00e9go, Boulevard de l'A\u00e9rium in Ar\u00e8s.<\/strong><\/li>\n\n\n\n<li>Auf den <strong>intermodale Austauschpole (PEI) von Audenge Cardolle<\/strong> (in der N\u00e4he des Campingplatzes Le Braou) und<strong> von Ar\u00e8s-L\u00e8ge (Kreuzung RD106\/RD3 in Ar\u00e8s)<\/strong>. <\/li>\n\n\n\n<li>Fahrradabstellplatz bei <strong>Moulleau (Arcachon)<\/strong><\/li>\n<\/ul>\n<\/div><\/div>\n\n\n\n<div class=\"wp-block-uagb-container uagb-block-40fa4ca0 alignfull uagb-is-root-container\"><div class=\"uagb-container-inner-blocks-wrap\">\n<h2 class=\"wp-block-heading\">3) Gut zu wissen: Elektroladestationen<\/h2>\n<\/div><\/div>\n\n\n\n<div class=\"wp-block-uagb-container uagb-block-26b285ea alignfull uagb-is-root-container\"><div class=\"uagb-container-inner-blocks-wrap\">\n<p>Der kleine Hafen von<strong>Arcachon<\/strong> oder sogar die<strong>Tourismusb\u00fcro L\u00e8ge-Cap Ferret<\/strong>&nbsp;In Claouey gibt es einen Terminal f\u00fcr Elektrofahrr\u00e4der.<\/p>\n\n\n\n<p><strong>Der Empfangsbereich der Dune du Pilat<\/strong> schl\u00e4gt eine \u00abVorrichtung zum Aufladen der Batterie eines Elektrofahrrads\u00bb vor (Steckdosen in angeschlossenen Schlie\u00dff\u00e4chern).<\/p>\n\n\n\n<p><br><\/p>\n<\/div><\/div>\n\n\n\n<div class=\"wp-block-uagb-container uagb-block-d49d06d2 alignfull uagb-is-root-container\"><div class=\"uagb-container-inner-blocks-wrap\">\n<h2 class=\"wp-block-heading\">4) Haben Sie einen Rat? Eine Reifenpanne? Eine Unterkunft?<\/h2>\n<\/div><\/div>\n\n\n\n<div class=\"wp-block-uagb-container uagb-block-c50e29ba alignfull uagb-is-root-container\"><div class=\"uagb-container-inner-blocks-wrap\">\n<p>Unsere Fachleute <strong>\u00ab Accueil V\u00e9lo \u00bb (Empfang des Fahrrads)\u00bb<\/strong> sind f\u00fcr Sie da : <a href=\"https:\/\/www.francevelotourisme.com\/accueil-velo\" target=\"_blank\" rel=\"noopener\">https:\/\/www.francevelotourisme.com\/accueil-velo<\/a><\/p>\n\n\n\n<p><strong>NEU in Ar\u00e8s : <\/strong>LA GARE, ein Etappen-Drittort, der eine Fahrradreparaturwerkstatt f\u00fcr Menschen anbietet, die in der N\u00e4he vorbeikommen. Weitere Informationen finden Sie hier : <a href=\"https:\/\/www.facebook.com\/lagareares\/\" target=\"_blank\" rel=\"noopener\">https:\/\/www.facebook.com\/lagareares\/<\/a><\/p>\n<\/div><\/div>\n\n\n\n<div class=\"wp-block-uagb-container uagb-block-ebfe10dc alignfull uagb-is-root-container\"><div class=\"uagb-container-inner-blocks-wrap\">\n<h2 class=\"wp-block-heading\">5) Bei Waldbrandgefahr <\/h2>\n\n\n\n<p>Im Sommer, <strong>bei Waldbrandgefahr k\u00f6nnen Radwege gesperrt werden<\/strong>. Denken Sie daran, die offiziellen Informationen zu \u00fcberpr\u00fcfen : <a href=\"https:\/\/qr.dfci-aquitaine.fr\/p\/dc7aBiOioS?utm_source=qrcode&amp;utm_medium=link-list&amp;utm_campaign=40434135\" target=\"_blank\" rel=\"noopener\">https:\/\/qr.dfci-aquitaine.fr\/p\/dc7aBiOioS?utm_source=qrcode&amp;utm_medium=link-list&amp;utm_campaign=40434135<\/a><\/p>\n<\/div><\/div>\n\n\n\n<div class=\"wp-block-uagb-container uagb-block-907b103f alignfull uagb-is-root-container\"><div class=\"uagb-container-inner-blocks-wrap\"><\/div><\/div>","protected":false},"excerpt":{"rendered":"<p>Sur cette page, retrouvez toutes les informations utiles et pratiques pour r\u00e9aliser vos d\u00e9placements \u00e0 v\u00e9lo dans les meilleures conditions. 1) Les pompes de gonflage en libre-service Sur le Sud-Bassin [&hellip;]<\/p>\n","protected":false},"author":25,"featured_media":223651,"parent":0,"menu_order":0,"comment_status":"closed","ping_status":"closed","template":"","meta":{"_acf_changed":false,"_uag_custom_page_level_css":"","footnotes":""},"class_list":["post-98630","page","type-page","status-publish","has-post-thumbnail","hentry"],"acf":[],"uagb_featured_image_src":{"full":["https:\/\/bassin-arcachon.com\/wp-content\/uploads\/2026\/01\/2015_HD_Viree-velo-Bassin_BIETTE-10-scaled-1.jpg",2560,1707,false],"thumbnail":["https:\/\/bassin-arcachon.com\/wp-content\/uploads\/2026\/01\/2015_HD_Viree-velo-Bassin_BIETTE-10-scaled-1-150x150.jpg",150,150,true],"medium":["https:\/\/bassin-arcachon.com\/wp-content\/uploads\/2026\/01\/2015_HD_Viree-velo-Bassin_BIETTE-10-scaled-1-600x400.jpg",600,400,true],"medium_large":["https:\/\/bassin-arcachon.com\/wp-content\/uploads\/2026\/01\/2015_HD_Viree-velo-Bassin_BIETTE-10-scaled-1-768x512.jpg",768,512,true],"large":["https:\/\/bassin-arcachon.com\/wp-content\/uploads\/2026\/01\/2015_HD_Viree-velo-Bassin_BIETTE-10-scaled-1-1024x683.jpg",1024,683,true],"1536x1536":["https:\/\/bassin-arcachon.com\/wp-content\/uploads\/2026\/01\/2015_HD_Viree-velo-Bassin_BIETTE-10-scaled-1-1536x1024.jpg",1536,1024,true],"2048x2048":["https:\/\/bassin-arcachon.com\/wp-content\/uploads\/2026\/01\/2015_HD_Viree-velo-Bassin_BIETTE-10-scaled-1-2048x1366.jpg",2048,1366,true],"trp-custom-language-flag":["https:\/\/bassin-arcachon.com\/wp-content\/uploads\/2026\/01\/2015_HD_Viree-velo-Bassin_BIETTE-10-scaled-1-18x12.jpg",18,12,true]},"uagb_author_info":{"display_name":"Marie Clauzel","author_link":"https:\/\/bassin-arcachon.com\/de\/author\/mariesiba\/"},"uagb_comment_info":0,"uagb_excerpt":"Sur cette page, retrouvez toutes les informations utiles et pratiques pour r\u00e9aliser vos d\u00e9placements \u00e0 v\u00e9lo dans les meilleures conditions. 1) Les pompes de gonflage en libre-service Sur le Sud-Bassin [&hellip;]","_links":{"self":[{"href":"https:\/\/bassin-arcachon.com\/de\/wp-json\/wp\/v2\/pages\/98630","targetHints":{"allow":["GET"]}}],"collection":[{"href":"https:\/\/bassin-arcachon.com\/de\/wp-json\/wp\/v2\/pages"}],"about":[{"href":"https:\/\/bassin-arcachon.com\/de\/wp-json\/wp\/v2\/types\/page"}],"author":[{"embeddable":true,"href":"https:\/\/bassin-arcachon.com\/de\/wp-json\/wp\/v2\/users\/25"}],"replies":[{"embeddable":true,"href":"https:\/\/bassin-arcachon.com\/de\/wp-json\/wp\/v2\/comments?post=98630"}],"version-history":[{"count":35,"href":"https:\/\/bassin-arcachon.com\/de\/wp-json\/wp\/v2\/pages\/98630\/revisions"}],"predecessor-version":[{"id":244851,"href":"https:\/\/bassin-arcachon.com\/de\/wp-json\/wp\/v2\/pages\/98630\/revisions\/244851"}],"wp:featuredmedia":[{"embeddable":true,"href":"https:\/\/bassin-arcachon.com\/de\/wp-json\/wp\/v2\/media\/223651"}],"wp:attachment":[{"href":"https:\/\/bassin-arcachon.com\/de\/wp-json\/wp\/v2\/media?parent=98630"}],"curies":[{"name":"wp","href":"https:\/\/api.w.org\/{rel}","templated":true}]}}