{"id":145,"date":"2017-02-08T09:57:47","date_gmt":"2017-02-08T08:57:47","guid":{"rendered":"https:\/\/bassin-arcachon.com\/\/?page_id=145"},"modified":"2024-10-04T08:45:01","modified_gmt":"2024-10-04T06:45:01","slug":"the-dirty-meadows-dares-lege-2","status":"publish","type":"page","link":"https:\/\/bassin-arcachon.com\/en\/nos-incontournables\/les-pres-sales-dares-lege-2\/","title":{"rendered":"The salt meadows of Ar\u00e8s-L\u00e8ge"},"content":{"rendered":"<div class=\"wp-block-uagb-container uagb-block-5eb6d199 alignfull uagb-is-root-container\"><div class=\"uagb-container-inner-blocks-wrap\">\n<div class=\"wp-block-uagb-container uagb-block-6954a7cc\">\n<div class=\"wp-block-uagb-image uagb-block-cd67eaa3 wp-block-uagb-image--layout-default wp-block-uagb-image--effect-static wp-block-uagb-image--align-none\"><figure class=\"wp-block-uagb-image__figure\"><img decoding=\"async\" srcset=\"https:\/\/bassin-arcachon.com\/wp-content\/uploads\/2017\/02\/mini-map-pres-sales-ares.jpg \" sizes=\"auto, (max-width: 480px) 150px\" src=\"https:\/\/bassin-arcachon.com\/wp-content\/uploads\/2017\/02\/mini-map-pres-sales-ares.jpg\" alt=\"- - Bassin d&#039;Arcachon\" class=\"uag-image-1896\" width=\"278\" height=\"278\" title=\"- - Bassin d&#039;Arcachon\" loading=\"lazy\" role=\"img\"><\/figure><\/div>\n\n\n\n<h2 class=\"wp-block-heading\">Between Jane de Boy in L\u00e8ge-Cap Ferret and the oyster port of Ar\u00e8s<\/h2>\n\n\n\n<p>330 hectares form the Salt Meadows National Nature Reserve of<a href=\"https:\/\/bassin-arcachon.com\/en\/our-towns-and-villages\/ares\/\">Ares-L\u00e8ge<\/a>. With the appearance of a savannah in summer and a forest in winter, the Pr\u00e9s Sal\u00e9s d&#039;Ar\u00e8s-L\u00e8ge change their appearance with the seasons and with each tide. To enjoy the natural side of the Bassin of Arcachon, discover the many species of birds, but also all the fauna and flora of this natural site. A pair of binoculars is highly recommended!<\/p>\n<\/div>\n\n\n\n<div class=\"wp-block-uagb-container uagb-block-f26ec7de\">\t\t\t\t\t<div\n\t\t\t\t\t\tclass=\"wp-block-uagb-image-gallery uagb-block-442e748d\"\n\t\t\t\t\t\tstyle=\"\"\n\t\t\t\t\t>\n\t\t\t\t\t\t\t\t\t\t\t<div class=\"spectra-image-gallery spectra-image-gallery__layout--carousel\">\n\t\t\t\t\t\t\t\t<div class=\"uagb-slick-carousel uagb-block-442e748d\">\n\t\t\t\t\t\t\t\t\t\t\t\t<div class='spectra-image-gallery__media-wrapper' data-spectra-gallery-image-id='24657'>\n\t\t\t\t\t\t\t<div class=\"spectra-image-gallery__media spectra-image-gallery__media--carousel\">\n\t\t\t\t<picture>\n\t\t\t\t\t<source media=\"(min-width: 1024px)\" srcset=\"https:\/\/bassin-arcachon.com\/wp-content\/uploads\/2017\/03\/balade-pr\u00e9s-sal\u00e9s-ar\u00e8s-l\u00e8ge-cap-ferret-1024x621.jpg\">\n\t\t\t\t\t<source media=\"(min-width: 768px)\" srcset=\"https:\/\/bassin-arcachon.com\/wp-content\/uploads\/2017\/03\/balade-pr\u00e9s-sal\u00e9s-ar\u00e8s-l\u00e8ge-cap-ferret-1024x621.jpg\">\n\t\t\t\t\t<img decoding=\"async\" class=\"spectra-image-gallery__media-thumbnail spectra-image-gallery__media-thumbnail--carousel\" src=\"https:\/\/bassin-arcachon.com\/wp-content\/uploads\/2017\/03\/balade-pr\u00e9s-sal\u00e9s-ar\u00e8s-l\u00e8ge-cap-ferret-300x182.jpg\" alt=\"- - Bassin d&#039;Arcachon\" loading=\"lazy\" title=\"- - Bassin d&#039;Arcachon\">\n\t\t\t\t<\/picture>\n\t\t\t\t<div class=\"spectra-image-gallery__media-thumbnail-blurrer\"><\/div>\n\t\t\t\t\t\t\t\t\t\t\t<div class=\"spectra-image-gallery__media-thumbnail-caption-wrapper spectra-image-gallery__media-thumbnail-caption-wrapper--overlay\"><\/div>\n\t\t\t\t\t\t\t\t<\/div>\n\t\t\t\t\t\t<\/div>\n\t\t\t\t\t\t<div class='spectra-image-gallery__media-wrapper' data-spectra-gallery-image-id='23609'>\n\t\t\t\t\t\t\t<div class=\"spectra-image-gallery__media spectra-image-gallery__media--carousel\">\n\t\t\t\t<picture>\n\t\t\t\t\t<source media=\"(min-width: 1024px)\" srcset=\"https:\/\/bassin-arcachon.com\/wp-content\/uploads\/2018\/07\/Pr\u00e9s-sal\u00e9s-Ar\u00e8s-L\u00e8ge-Bassin-Arcachon-1-1024x683.jpg\">\n\t\t\t\t\t<source media=\"(min-width: 768px)\" srcset=\"https:\/\/bassin-arcachon.com\/wp-content\/uploads\/2018\/07\/Pr\u00e9s-sal\u00e9s-Ar\u00e8s-L\u00e8ge-Bassin-Arcachon-1-1024x683.jpg\">\n\t\t\t\t\t<img decoding=\"async\" class=\"spectra-image-gallery__media-thumbnail spectra-image-gallery__media-thumbnail--carousel\" src=\"https:\/\/bassin-arcachon.com\/wp-content\/uploads\/2018\/07\/Pr\u00e9s-sal\u00e9s-Ar\u00e8s-L\u00e8ge-Bassin-Arcachon-1-300x200.jpg\" alt=\"- - Bassin d&#039;Arcachon\" loading=\"lazy\" title=\"- - Bassin d&#039;Arcachon\">\n\t\t\t\t<\/picture>\n\t\t\t\t<div class=\"spectra-image-gallery__media-thumbnail-blurrer\"><\/div>\n\t\t\t\t\t\t\t\t\t\t\t<div class=\"spectra-image-gallery__media-thumbnail-caption-wrapper spectra-image-gallery__media-thumbnail-caption-wrapper--overlay\"><\/div>\n\t\t\t\t\t\t\t\t<\/div>\n\t\t\t\t\t\t<\/div>\n\t\t\t\t\t\t\t\t\t\t\t<\/div>\n\t\t\t\t\t\t\t<\/div>\n\t\t\t\t\t\t\t\t\t\t\t<\/div>\n\t\t\t\t\t\t\t\t\t<\/div>\n<\/div><\/div>\n\n\n\n<div style=\"height:40px\" aria-hidden=\"true\" class=\"wp-block-spacer\"><\/div>\n\n\n\n<div class=\"wp-block-uagb-container uagb-block-85e0b749 alignfull uagb-is-root-container\"><div class=\"uagb-container-inner-blocks-wrap\">\n<div class=\"wp-block-uagb-container uagb-block-1cc83b29\">\n<div class=\"wp-block-uagb-image uagb-block-3384d0c3 wp-block-uagb-image--layout-default wp-block-uagb-image--effect-static wp-block-uagb-image--align-none\"><figure class=\"wp-block-uagb-image__figure\"><img decoding=\"async\" srcset=\"https:\/\/bassin-arcachon.com\/wp-content\/uploads\/2018\/07\/Pr\u00e9s-sal\u00e9s-Ar\u00e8s-L\u00e8ge-Bassin-Arcachon-4-683x1024.jpg \" sizes=\"auto, (max-width: 480px) 150px\" src=\"https:\/\/bassin-arcachon.com\/wp-content\/uploads\/2018\/07\/Pr\u00e9s-sal\u00e9s-Ar\u00e8s-L\u00e8ge-Bassin-Arcachon-4-683x1024.jpg\" alt=\"The Salt Meadows Ares-L\u00e8ge\" class=\"uag-image-23612\" width=\"683\" height=\"1024\" title=\"- - Bassin d&#039;Arcachon\" loading=\"lazy\" role=\"img\"><\/figure><\/div>\n<\/div>\n\n\n\n<div class=\"wp-block-uagb-container uagb-block-e2c8ea9c\">\n<h2 class=\"wp-block-heading\">Take a stroll along the pedestrian paths of the Pr\u00e9s Sal\u00e9s at low tide...<\/h2>\n\n\n\n<p>You can access the Pr\u00e9s Sal\u00e9s in two ways. From the oyster port of Ar\u00e8s or from the R\u00e9sinier cabin in&nbsp;<a href=\"https:\/\/bassin-arcachon.com\/en\/our-towns-and-villages\/light-cap-ferret\/\">Lege-Cap Ferret<\/a>.<\/p>\n\n\n\n<p>Set off on foot to criss-cross this beautiful and completely preserved natural area. In the places left free by the receding tide, search for salicornia with its slightly salty taste.<\/p>\n\n\n\n<p>Keep your eyes wide open to try to spot the lizards that blend into the grass or even the European pond turtles.<\/p>\n\n\n\n<p>In spring, birds come to nest here and the show becomes a musical! In autumn, the lights play with the vegetation, a real delight for the eyes. In winter, you can observe the wintering waterbirds on the Arcachon Bay, such as the Brant goose.<\/p>\n\n\n\n<p>For sports enthusiasts, the wild trails of the Pr\u00e9s Sal\u00e9s d'Ar\u00e8s-L\u00e8ge are also a great spot for jogging!<\/p>\n<\/div>\n<\/div><\/div>\n\n\n\n<div style=\"height:60px\" aria-hidden=\"true\" class=\"wp-block-spacer\"><\/div>\n\n\n\n<div class=\"wp-block-uagb-container uagb-block-f15bcbba alignfull uagb-is-root-container\"><div class=\"uagb-container-inner-blocks-wrap\">\n<h2 class=\"wp-block-heading\">Go on a guided nature tour !<\/h2>\n\n\n\n<p>You will meet a character!&nbsp;<a href=\"https:\/\/bassin-arcachon.com\/en\/discovery-of-the-salty-meadows-dares-lege-with-a-nature-guide\/\">Alexandre is a nature guide<\/a>, at the<a href=\"https:\/\/www.ares-tourisme.com\/\" data-type=\"URL\" data-id=\"https:\/\/www.ares-tourisme.com\/\" target=\"_blank\" rel=\"noopener\">Ar\u00e8s Tourist Office<\/a>but above all, he is passionate about this place. In his little notebook, he takes notes about the birds and animals he spots. Pay close attention, he will show you the European pond turtles that blend in among the driftwood, or the green lizards hiding at the edge of the area.<\/p>\n\n\n\t\t\t\t\t<div\n\t\t\t\t\t\tclass=\"wp-block-uagb-image-gallery uagb-block-8a747881\"\n\t\t\t\t\t\tstyle=\"\"\n\t\t\t\t\t>\n\t\t\t\t\t\t\t\t\t\t\t<div class=\"spectra-image-gallery spectra-image-gallery__layout--grid spectra-image-gallery__layout--grid-col-3 spectra-image-gallery__layout--grid-col-tab-3 spectra-image-gallery__layout--grid-col-mob-2\">\n\t\t\t\t\t\t\t\t\t\t\t<div class='spectra-image-gallery__media-wrapper' data-spectra-gallery-image-id='23614' tabindex=\"0\">\n\t\t\t\t\t\t\t<div class=\"spectra-image-gallery__media spectra-image-gallery__media--grid\">\n\t\t\t\t<picture>\n\t\t\t\t\t<source media=\"(min-width: 1024px)\" srcset=\"https:\/\/bassin-arcachon.com\/wp-content\/uploads\/2018\/07\/Pr\u00e9s-sal\u00e9s-Ar\u00e8s-L\u00e8ge-Bassin-Arcachon-6-1024x683.jpg\">\n\t\t\t\t\t<source media=\"(min-width: 768px)\" srcset=\"https:\/\/bassin-arcachon.com\/wp-content\/uploads\/2018\/07\/Pr\u00e9s-sal\u00e9s-Ar\u00e8s-L\u00e8ge-Bassin-Arcachon-6-1024x683.jpg\">\n\t\t\t\t\t<img decoding=\"async\" class=\"spectra-image-gallery__media-thumbnail spectra-image-gallery__media-thumbnail--grid\" src=\"https:\/\/bassin-arcachon.com\/wp-content\/uploads\/2018\/07\/Pr\u00e9s-sal\u00e9s-Ar\u00e8s-L\u00e8ge-Bassin-Arcachon-6-300x200.jpg\" alt=\"- - Bassin d&#039;Arcachon\" loading=\"lazy\" title=\"- - Bassin d&#039;Arcachon\">\n\t\t\t\t<\/picture>\n\t\t\t\t<div class=\"spectra-image-gallery__media-thumbnail-blurrer\"><\/div>\n\t\t\t\t\t\t\t\t\t\t\t<div class=\"spectra-image-gallery__media-thumbnail-caption-wrapper spectra-image-gallery__media-thumbnail-caption-wrapper--overlay\"><\/div>\n\t\t\t\t\t\t\t\t<\/div>\n\t\t\t\t\t\t<\/div>\n\t\t\t\t\t\t<div class='spectra-image-gallery__media-wrapper' data-spectra-gallery-image-id='23627' tabindex=\"0\">\n\t\t\t\t\t\t\t<div class=\"spectra-image-gallery__media spectra-image-gallery__media--grid\">\n\t\t\t\t<picture>\n\t\t\t\t\t<source media=\"(min-width: 1024px)\" srcset=\"https:\/\/bassin-arcachon.com\/wp-content\/uploads\/2018\/07\/guide-nature-Alexandre.jpg\">\n\t\t\t\t\t<source media=\"(min-width: 768px)\" srcset=\"https:\/\/bassin-arcachon.com\/wp-content\/uploads\/2018\/07\/guide-nature-Alexandre.jpg\">\n\t\t\t\t\t<img decoding=\"async\" class=\"spectra-image-gallery__media-thumbnail spectra-image-gallery__media-thumbnail--grid\" src=\"https:\/\/bassin-arcachon.com\/wp-content\/uploads\/2018\/07\/guide-nature-Alexandre-242x300.jpg\" alt=\"nature guide alexandre salt meadows ar\u00e8s-l\u00e8ge\" loading=\"lazy\" title=\"- - Bassin d&#039;Arcachon\">\n\t\t\t\t<\/picture>\n\t\t\t\t<div class=\"spectra-image-gallery__media-thumbnail-blurrer\"><\/div>\n\t\t\t\t\t\t\t\t\t\t\t<div class=\"spectra-image-gallery__media-thumbnail-caption-wrapper spectra-image-gallery__media-thumbnail-caption-wrapper--overlay\"><\/div>\n\t\t\t\t\t\t\t\t<\/div>\n\t\t\t\t\t\t<\/div>\n\t\t\t\t\t\t<div class='spectra-image-gallery__media-wrapper' data-spectra-gallery-image-id='21295' tabindex=\"0\">\n\t\t\t\t\t\t\t<div class=\"spectra-image-gallery__media spectra-image-gallery__media--grid\">\n\t\t\t\t<picture>\n\t\t\t\t\t<source media=\"(min-width: 1024px)\" srcset=\"https:\/\/bassin-arcachon.com\/wp-content\/uploads\/2018\/05\/Inventaire-scientifique-sur-la-biodiversit\u00e9-1024x683.jpg\">\n\t\t\t\t\t<source media=\"(min-width: 768px)\" srcset=\"https:\/\/bassin-arcachon.com\/wp-content\/uploads\/2018\/05\/Inventaire-scientifique-sur-la-biodiversit\u00e9-1024x683.jpg\">\n\t\t\t\t\t<img decoding=\"async\" class=\"spectra-image-gallery__media-thumbnail spectra-image-gallery__media-thumbnail--grid\" src=\"https:\/\/bassin-arcachon.com\/wp-content\/uploads\/2018\/05\/Inventaire-scientifique-sur-la-biodiversit\u00e9-300x200.jpg\" alt=\"- - Bassin d&#039;Arcachon\" loading=\"lazy\" title=\"- - Bassin d&#039;Arcachon\">\n\t\t\t\t<\/picture>\n\t\t\t\t<div class=\"spectra-image-gallery__media-thumbnail-blurrer\"><\/div>\n\t\t\t\t\t\t\t\t\t\t\t<div class=\"spectra-image-gallery__media-thumbnail-caption-wrapper spectra-image-gallery__media-thumbnail-caption-wrapper--overlay\"><\/div>\n\t\t\t\t\t\t\t\t<\/div>\n\t\t\t\t\t\t<\/div>\n\t\t\t\t\t\t\t\t\t\t<\/div>\n\t\t\t\t\t\t\t\t\t\t\t\t\t\t\t\t\t\t<\/div>\n\t\t\t\t\t\t\t\t\t<\/div><\/div>\n\n\n\n<div style=\"height:60px\" aria-hidden=\"true\" class=\"wp-block-spacer\"><\/div>\n\n\n\n<div class=\"wp-block-uagb-container uagb-block-ff5c28d4 alignfull uagb-is-root-container\"><div class=\"uagb-container-inner-blocks-wrap\"><div class=\"wp-block-image\">\n<figure class=\"aligncenter size-full\"><img loading=\"lazy\" decoding=\"async\" width=\"564\" height=\"219\" src=\"https:\/\/bassin-arcachon.com\/wp-content\/uploads\/2023\/06\/rnn65-logo.jpg\" alt=\"- - Bassin d&#039;Arcachon\" class=\"wp-image-56339\" title=\"- - Bassin d&#039;Arcachon\" srcset=\"https:\/\/bassin-arcachon.com\/wp-content\/uploads\/2023\/06\/rnn65-logo.jpg 564w, https:\/\/bassin-arcachon.com\/wp-content\/uploads\/2023\/06\/rnn65-logo-18x7.jpg 18w\" sizes=\"auto, (max-width: 564px) 100vw, 564px\" \/><\/figure>\n<\/div><\/div><\/div>","protected":false},"excerpt":{"rendered":"<p>Entre Jane de Boy \u00e0 L\u00e8ge-Cap Ferret et le port ostr\u00e9icole d\u2019Ar\u00e8s 330 hectares forment la R\u00e9serve Naturelle Nationale des Pr\u00e9s Sal\u00e9s d\u2019Ar\u00e8s-L\u00e8ge. Avec des allures de savane en \u00e9t\u00e9 [&hellip;]<\/p>\n","protected":false},"author":25,"featured_media":11703,"parent":27,"menu_order":0,"comment_status":"closed","ping_status":"closed","template":"","meta":{"_acf_changed":false,"_uag_custom_page_level_css":"","footnotes":""},"class_list":["post-145","page","type-page","status-publish","has-post-thumbnail","hentry"],"acf":[],"uagb_featured_image_src":{"full":["https:\/\/bassin-arcachon.com\/wp-content\/uploads\/2017\/12\/pres-sales-ares-17.jpg",1200,800,false],"thumbnail":["https:\/\/bassin-arcachon.com\/wp-content\/uploads\/2017\/12\/pres-sales-ares-17-150x150.jpg",150,150,true],"medium":["https:\/\/bassin-arcachon.com\/wp-content\/uploads\/2017\/12\/pres-sales-ares-17-600x400.jpg",600,400,true],"medium_large":["https:\/\/bassin-arcachon.com\/wp-content\/uploads\/2017\/12\/pres-sales-ares-17-768x512.jpg",768,512,true],"large":["https:\/\/bassin-arcachon.com\/wp-content\/uploads\/2017\/12\/pres-sales-ares-17-1024x683.jpg",1024,683,true],"1536x1536":["https:\/\/bassin-arcachon.com\/wp-content\/uploads\/2017\/12\/pres-sales-ares-17.jpg",1200,800,false],"2048x2048":["https:\/\/bassin-arcachon.com\/wp-content\/uploads\/2017\/12\/pres-sales-ares-17.jpg",1200,800,false],"trp-custom-language-flag":["https:\/\/bassin-arcachon.com\/wp-content\/uploads\/2017\/12\/pres-sales-ares-17-18x12.jpg",18,12,true]},"uagb_author_info":{"display_name":"Marie Clauzel","author_link":"https:\/\/bassin-arcachon.com\/en\/author\/mariesiba\/"},"uagb_comment_info":0,"uagb_excerpt":"Entre Jane de Boy \u00e0 L\u00e8ge-Cap Ferret et le port ostr\u00e9icole d\u2019Ar\u00e8s 330 hectares forment la R\u00e9serve Naturelle Nationale des Pr\u00e9s Sal\u00e9s d\u2019Ar\u00e8s-L\u00e8ge. Avec des allures de savane en \u00e9t\u00e9 [&hellip;]","_links":{"self":[{"href":"https:\/\/bassin-arcachon.com\/en\/wp-json\/wp\/v2\/pages\/145","targetHints":{"allow":["GET"]}}],"collection":[{"href":"https:\/\/bassin-arcachon.com\/en\/wp-json\/wp\/v2\/pages"}],"about":[{"href":"https:\/\/bassin-arcachon.com\/en\/wp-json\/wp\/v2\/types\/page"}],"author":[{"embeddable":true,"href":"https:\/\/bassin-arcachon.com\/en\/wp-json\/wp\/v2\/users\/25"}],"replies":[{"embeddable":true,"href":"https:\/\/bassin-arcachon.com\/en\/wp-json\/wp\/v2\/comments?post=145"}],"version-history":[{"count":0,"href":"https:\/\/bassin-arcachon.com\/en\/wp-json\/wp\/v2\/pages\/145\/revisions"}],"up":[{"embeddable":true,"href":"https:\/\/bassin-arcachon.com\/en\/wp-json\/wp\/v2\/pages\/27"}],"wp:featuredmedia":[{"embeddable":true,"href":"https:\/\/bassin-arcachon.com\/en\/wp-json\/wp\/v2\/media\/11703"}],"wp:attachment":[{"href":"https:\/\/bassin-arcachon.com\/en\/wp-json\/wp\/v2\/media?parent=145"}],"curies":[{"name":"wp","href":"https:\/\/api.w.org\/{rel}","templated":true}]}}