{"id":26641,"date":"2018-10-29T15:44:13","date_gmt":"2018-10-29T14:44:13","guid":{"rendered":"https:\/\/bassin-arcachon.com\/\/?page_id=26641"},"modified":"2024-11-06T10:53:22","modified_gmt":"2024-11-06T09:53:22","slug":"cap-ferret","status":"publish","type":"page","link":"https:\/\/bassin-arcachon.com\/en\/ou-dormir\/cap-ferret\/","title":{"rendered":"Our hotels in Cap Ferret"},"content":{"rendered":"<div class=\"wp-block-uagb-container uagb-block-ad637d86 alignfull uagb-is-root-container\"><div class=\"uagb-container-inner-blocks-wrap\">\n<h2 class=\"wp-block-heading has-text-align-center\" style=\"font-size:25px\"><strong>Opt for one of our hotels on the L\u00e8ge-Cap-Ferret peninsula, offering a view of the Bassin, a swimming pool, and open all year round, for your stay in the Bassin of Arcachon!<\/strong><\/h2>\n<\/div><\/div>\n\n\n\n<div style=\"height:40px\" aria-hidden=\"true\" class=\"wp-block-spacer\"><\/div>\n\n\n\n<div class=\"wp-block-uagb-container uagb-block-a8ebaba9 alignfull uagb-is-root-container\"><div class=\"uagb-container-inner-blocks-wrap\">\n<div class=\"wp-block-uagb-container uagb-block-36895c6e\">\n<h2 class=\"wp-block-heading\">Our hotels in Cap Ferret with a view of the basin<\/h2>\n\n\n\n<p>Want to recharge your batteries closer to the elements? Stay in one of our hotels in Cap Ferret with a view of the basin! Sleep peacefully, lulled by the sound of the punts rocking on the water! Wake up to birdsong and have lunch facing the beach to start the day gently. Enjoy superb landscapes and end with a sunset with your feet in the sand. Perfect for a romantic weekend or with friends! Choose your hotel at the water&#039;s edge and rediscover Cap Ferret every day over the tides!<\/p>\n\n\n\n<div class=\"wp-block-buttons is-layout-flex wp-block-buttons-is-layout-flex\">\n<div class=\"wp-block-button\"><a class=\"wp-block-button__link wp-element-button\" href=\"https:\/\/bassin-arcachon.com\/en\/accommodations\/hotelslege-cap-ferretvuemer\/\">Waterfront hotels<\/a><\/div>\n<\/div>\n<\/div>\n\n\n\n<div class=\"wp-block-uagb-container uagb-block-c325e0b4\">\n<div class=\"wp-block-uagb-image uagb-block-dd9b6142 wp-block-uagb-image--layout-default wp-block-uagb-image--effect-static wp-block-uagb-image--align-none\"><figure class=\"wp-block-uagb-image__figure\"><img decoding=\"async\" srcset=\"https:\/\/bassin-arcachon.com\/wp-content\/uploads\/2018\/04\/cap-ferret-vue-sur-la-dune-du-pilat-e1546606801513.jpg \" sizes=\"auto, (max-width: 480px) 150px\" src=\"https:\/\/bassin-arcachon.com\/wp-content\/uploads\/2018\/04\/cap-ferret-vue-sur-la-dune-du-pilat-e1546606801513.jpg\" alt=\"Stroll to Cap Ferret with a view of the Dune du Pilat\" class=\"uag-image-19936\" width=\"1000\" height=\"667\" title=\"- - Bassin d&#039;Arcachon\" loading=\"lazy\" role=\"img\"><\/figure><\/div>\n<\/div>\n<\/div><\/div>\n\n\n\n<div style=\"height:60px\" aria-hidden=\"true\" class=\"wp-block-spacer\"><\/div>\n\n\n\n<div class=\"wp-block-uagb-container uagb-block-6f0eee2b alignfull uagb-is-root-container\"><div class=\"uagb-container-inner-blocks-wrap\">\n<div class=\"wp-block-uagb-container uagb-block-6fe81117\">\n<div class=\"wp-block-uagb-image uagb-block-48469825 wp-block-uagb-image--layout-default wp-block-uagb-image--effect-static wp-block-uagb-image--align-none\"><figure class=\"wp-block-uagb-image__figure\"><img decoding=\"async\" srcset=\"https:\/\/bassin-arcachon.com\/wp-content\/uploads\/2017\/12\/balneo-serge-blanco-lege-cap-ferret-33-1024x683.jpg \" sizes=\"auto, (max-width: 480px) 150px\" src=\"https:\/\/bassin-arcachon.com\/wp-content\/uploads\/2017\/12\/balneo-serge-blanco-lege-cap-ferret-33-1024x683.jpg\" alt=\"- - Bassin d&#039;Arcachon\" class=\"uag-image-11599\" width=\"1024\" height=\"683\" title=\"- - Bassin d&#039;Arcachon\" loading=\"lazy\" role=\"img\"><\/figure><\/div>\n<\/div>\n\n\n\n<div class=\"wp-block-uagb-container uagb-block-89feca12\">\n<h2 class=\"wp-block-heading\">Our hotels in Cap Ferret with swimming pool<\/h2>\n\n\n\n<p>Take a refreshing break in the swimming pool of your hotel in Cap Ferret! Take advantage of a calm and natural environment to relax by the pool. Refine your tan, while the buoys, balloons and water games will keep the children waiting for high tide. In a relationship with ? Share together a moment of relaxation in a heated swimming pool. Between friends ? Length competition guaranteed! Let your desires do the talking and choose one of our hotels with swimming pool in Cap Ferret. Take a look at our selection, you&#039;re sure to find what you&#039;re looking for!<\/p>\n\n\n\n<div class=\"wp-block-buttons is-layout-flex wp-block-buttons-is-layout-flex\">\n<div class=\"wp-block-button\"><a class=\"wp-block-button__link wp-element-button\" href=\"https:\/\/bassin-arcachon.com\/en\/accommodations\/hotelslege-cap-ferretswimming-pool\/\">Hotels with swimming pool<\/a><\/div>\n<\/div>\n<\/div>\n<\/div><\/div>\n\n\n\n<div style=\"height:60px\" aria-hidden=\"true\" class=\"wp-block-spacer\"><\/div>\n\n\n\n<div class=\"wp-block-uagb-container uagb-block-44092020 alignfull uagb-is-root-container\"><div class=\"uagb-container-inner-blocks-wrap\">\n<div class=\"wp-block-uagb-container uagb-block-44718edc\">\n<h2 class=\"wp-block-heading\">Our hotels in Cap Ferret open all year round<\/h2>\n\n\n\n<p>For a typical weekend, book your hotel in a small haven of peace in the heart of an oyster-farming village in Cap Ferret! Some establishments are close to the most famous oyster villages: l&#039;Herbe, le Canon, and Cap Ferret of course.<br>Enjoy the natural wealth of the basin all year round! Walk in the forest or walk on the beach, discover the charm of landscapes that change with each season! Relaxing in winter or dynamic in summer, opt for a stay in one of our hotels open all year round, and rediscover the beauty of Cap Ferret!<\/p>\n\n\n\n<div class=\"wp-block-buttons is-layout-flex wp-block-buttons-is-layout-flex\">\n<div class=\"wp-block-button\"><a class=\"wp-block-button__link wp-element-button\" href=\"https:\/\/bassin-arcachon.com\/en\/accommodations\/hotelslege-cap-ferret-2\/\">Hotels open all year round<\/a><\/div>\n<\/div>\n<\/div>\n\n\n\n<div class=\"wp-block-uagb-container uagb-block-f7af55be\">\n<div class=\"wp-block-uagb-image uagb-block-d3b73739 wp-block-uagb-image--layout-default wp-block-uagb-image--effect-static wp-block-uagb-image--align-none\"><figure class=\"wp-block-uagb-image__figure\"><img decoding=\"async\" srcset=\"https:\/\/bassin-arcachon.com\/wp-content\/uploads\/2018\/04\/velo-phare-du-cap-ferret-e1548069770881.jpg \" sizes=\"auto, (max-width: 480px) 150px\" src=\"https:\/\/bassin-arcachon.com\/wp-content\/uploads\/2018\/04\/velo-phare-du-cap-ferret-e1548069770881.jpg\" alt=\"Bike to the Cap Ferret lighthouse\" class=\"uag-image-19939\" width=\"1000\" height=\"666\" title=\"- - Bassin d&#039;Arcachon\" loading=\"lazy\" role=\"img\"><\/figure><\/div>\n<\/div>\n<\/div><\/div>\n\n\n\n<div style=\"height:60px\" aria-hidden=\"true\" class=\"wp-block-spacer\"><\/div>\n\n\n\n<div class=\"wp-block-uagb-container uagb-block-748d9289 alignfull uagb-is-root-container\">\n<div class=\"wp-block-cover is-light has-parallax\"><span aria-hidden=\"true\" class=\"wp-block-cover__background has-background-dim-0 has-background-dim\"><\/span><div class=\"wp-block-cover__image-background wp-image-1345 has-parallax\" style=\"background-position:50% 50%;background-image:url(https:\/\/bassin-arcachon.com\/wp-content\/uploads\/2017\/03\/Camping-Panorama-du-Pyla-cottage-vue-mer-coin-farniente.jpg)\"><\/div><div class=\"wp-block-cover__inner-container is-layout-flow wp-block-cover-is-layout-flow\">\n<div class=\"wp-block-uagb-container uagb-block-11b360e0\">\n<h2 class=\"wp-block-heading has-text-align-center has-white-color has-text-color has-large-font-size\">Spend your holidays with ease in one of the Bassin hotels in Arcachon<\/h2>\n\n\n\n<p class=\"has-text-align-center has-white-color has-text-color\"><a href=\"https:\/\/bassin-arcachon.com\/en\/accommodations\/hotels\/\">START YOUR SEARCH<\/a><\/p>\n<\/div>\n<\/div><\/div>\n<\/div>\n\n\n\n<div style=\"height:60px\" aria-hidden=\"true\" class=\"wp-block-spacer\"><\/div>\n\n\n\n<div class=\"wp-block-uagb-container uagb-block-67970557 alignfull uagb-is-root-container\"><div class=\"uagb-container-inner-blocks-wrap\">\n<div class=\"wp-block-uagb-container uagb-block-dd7dcc04\">\n<h3 class=\"wp-block-heading\">Would you like to book a hotel around Cap Ferret?<\/h3>\n\n\n\n<p>Discover all our hotels at Bassin Arcachon:&nbsp;<a href=\"https:\/\/bassin-arcachon.com\/en\/accommodations\/hotels+ares\/\">Ares<\/a>,&nbsp;<a href=\"https:\/\/bassin-arcachon.com\/en\/accommodations\/hotels+arcachon\/\">Arcachon<\/a>,&nbsp;<a href=\"https:\/\/bassin-arcachon.com\/en\/accommodations\/hotels+the-buch-test\/\">La Teste de Buch<\/a>,&nbsp;<a href=\"https:\/\/bassin-arcachon.com\/en\/accommodations\/hotels+andernos\/\">Andernos<\/a>,&nbsp;<a href=\"https:\/\/bassin-arcachon.com\/en\/accommodations\/hotels+gujan-mestras\/\">Gujan-Mestras,<\/a>&nbsp;<a href=\"https:\/\/bassin-arcachon.com\/en\/accommodations\/hotels+heart-of-the-basin-2\/\">Biganos,<\/a>&nbsp;<a href=\"https:\/\/bassin-arcachon.com\/en\/accommodations\/hotels+heart-of-the-basin-2\/\">Audenge<\/a>,<a href=\"https:\/\/bassin-arcachon.com\/en\/accommodations\/hotels+heart-of-the-basin-2\/\">&nbsp;lanton&nbsp;<\/a>and&nbsp;<a href=\"https:\/\/bassin-arcachon.com\/en\/accommodations\/hotels+the-teich\/\">Le Teich<\/a>&nbsp;!<\/p>\n<\/div>\n\n\n\n<div class=\"wp-block-uagb-container uagb-block-dd7a49a4\">\n<div class=\"wp-block-uagb-image uagb-block-349829c0 wp-block-uagb-image--layout-default wp-block-uagb-image--effect-static wp-block-uagb-image--align-none\"><figure class=\"wp-block-uagb-image__figure\"><img decoding=\"async\" srcset=\"https:\/\/bassin-arcachon.com\/wp-content\/uploads\/2018\/09\/nourri-a-lhu\u00eetre-\u00e9lev\u00e9-sous-les-pins-Bassin-dArcachon.jpg \" sizes=\"auto, (max-width: 480px) 150px\" src=\"https:\/\/bassin-arcachon.com\/wp-content\/uploads\/2018\/09\/nourri-a-lhu\u00eetre-\u00e9lev\u00e9-sous-les-pins-Bassin-dArcachon.jpg\" alt=\"- - Bassin d&#039;Arcachon\" class=\"uag-image-26169\" width=\"1000\" height=\"666\" title=\"- - Bassin d&#039;Arcachon\" loading=\"lazy\" role=\"img\"><\/figure><\/div>\n<\/div>\n<\/div><\/div>\n\n\n\n<div style=\"height:60px\" aria-hidden=\"true\" class=\"wp-block-spacer\"><\/div>","protected":false},"excerpt":{"rendered":"<p>Optez pour l&rsquo;un de nos h\u00f4tels sur la presqu\u2019\u00eele de L\u00e8ge-Cap-Ferret, offrant une vue sur le Bassin, une piscine, et ouverts toute l&rsquo;ann\u00e9e, pour votre s\u00e9jour dans le Bassin d&rsquo;Arcachon [&hellip;]<\/p>\n","protected":false},"author":24,"featured_media":2217,"parent":43,"menu_order":1,"comment_status":"closed","ping_status":"closed","template":"","meta":{"_acf_changed":false,"_uag_custom_page_level_css":"","footnotes":""},"class_list":["post-26641","page","type-page","status-publish","has-post-thumbnail","hentry"],"acf":[],"uagb_featured_image_src":{"full":["https:\/\/bassin-arcachon.com\/wp-content\/uploads\/2017\/03\/camping-bassin-arcachon.jpg",1200,800,false],"thumbnail":["https:\/\/bassin-arcachon.com\/wp-content\/uploads\/2017\/03\/camping-bassin-arcachon-150x150.jpg",150,150,true],"medium":["https:\/\/bassin-arcachon.com\/wp-content\/uploads\/2017\/03\/camping-bassin-arcachon-600x400.jpg",600,400,true],"medium_large":["https:\/\/bassin-arcachon.com\/wp-content\/uploads\/2017\/03\/camping-bassin-arcachon-768x512.jpg",768,512,true],"large":["https:\/\/bassin-arcachon.com\/wp-content\/uploads\/2017\/03\/camping-bassin-arcachon-1024x683.jpg",1024,683,true],"1536x1536":["https:\/\/bassin-arcachon.com\/wp-content\/uploads\/2017\/03\/camping-bassin-arcachon.jpg",1200,800,false],"2048x2048":["https:\/\/bassin-arcachon.com\/wp-content\/uploads\/2017\/03\/camping-bassin-arcachon.jpg",1200,800,false],"trp-custom-language-flag":["https:\/\/bassin-arcachon.com\/wp-content\/uploads\/2017\/03\/camping-bassin-arcachon-18x12.jpg",18,12,true]},"uagb_author_info":{"display_name":"Audrey RAMBAUT","author_link":"https:\/\/bassin-arcachon.com\/en\/author\/audrey-siba\/"},"uagb_comment_info":0,"uagb_excerpt":"Optez pour l&rsquo;un de nos h\u00f4tels sur la presqu\u2019\u00eele de L\u00e8ge-Cap-Ferret, offrant une vue sur le Bassin, une piscine, et ouverts toute l&rsquo;ann\u00e9e, pour votre s\u00e9jour dans le Bassin d&rsquo;Arcachon [&hellip;]","_links":{"self":[{"href":"https:\/\/bassin-arcachon.com\/en\/wp-json\/wp\/v2\/pages\/26641","targetHints":{"allow":["GET"]}}],"collection":[{"href":"https:\/\/bassin-arcachon.com\/en\/wp-json\/wp\/v2\/pages"}],"about":[{"href":"https:\/\/bassin-arcachon.com\/en\/wp-json\/wp\/v2\/types\/page"}],"author":[{"embeddable":true,"href":"https:\/\/bassin-arcachon.com\/en\/wp-json\/wp\/v2\/users\/24"}],"replies":[{"embeddable":true,"href":"https:\/\/bassin-arcachon.com\/en\/wp-json\/wp\/v2\/comments?post=26641"}],"version-history":[{"count":2,"href":"https:\/\/bassin-arcachon.com\/en\/wp-json\/wp\/v2\/pages\/26641\/revisions"}],"predecessor-version":[{"id":68244,"href":"https:\/\/bassin-arcachon.com\/en\/wp-json\/wp\/v2\/pages\/26641\/revisions\/68244"}],"up":[{"embeddable":true,"href":"https:\/\/bassin-arcachon.com\/en\/wp-json\/wp\/v2\/pages\/43"}],"wp:featuredmedia":[{"embeddable":true,"href":"https:\/\/bassin-arcachon.com\/en\/wp-json\/wp\/v2\/media\/2217"}],"wp:attachment":[{"href":"https:\/\/bassin-arcachon.com\/en\/wp-json\/wp\/v2\/media?parent=26641"}],"curies":[{"name":"wp","href":"https:\/\/api.w.org\/{rel}","templated":true}]}}