{"id":26935,"date":"2018-11-15T12:29:36","date_gmt":"2018-11-15T11:29:36","guid":{"rendered":"https:\/\/bassin-arcachon.com\/\/?page_id=26935"},"modified":"2024-11-06T10:50:09","modified_gmt":"2024-11-06T09:50:09","slug":"our-hotels-a-audenge","status":"publish","type":"page","link":"https:\/\/bassin-arcachon.com\/en\/ou-dormir\/nos-hotels-a-audenge\/","title":{"rendered":"Our hotels in Audenge"},"content":{"rendered":"<div class=\"wp-block-uagb-container uagb-block-fca88788 alignfull uagb-is-root-container\"><div class=\"uagb-container-inner-blocks-wrap\">\n<h2 class=\"wp-block-heading has-text-align-center\" style=\"font-size:25px\">Choose from our selection of hotels in Audenge. We offer hotels with swimming pool, parking or Wi-Fi in the heart of Bassin Arcachon!<\/h2>\n<\/div><\/div>\n\n\n\n<div style=\"height:40px\" aria-hidden=\"true\" class=\"wp-block-spacer\"><\/div>\n\n\n\n<div class=\"wp-block-uagb-container uagb-block-bdf9dd58 alignfull uagb-is-root-container\"><div class=\"uagb-container-inner-blocks-wrap\">\n<div class=\"wp-block-uagb-container uagb-block-2e0bc8ef\">\n<h2 class=\"wp-block-heading\">Our hotels in Audenge with swimming pool<\/h2>\n\n\n\n<p>As a couple or with the children, stop off at one of our hotels with a swimming pool in Audenge! Enjoy a swim at any time of the day. Wake up your body gently in the morning with a few swims or relax by the pool after returning from the beach at the end of the afternoon. Want a fun family activity? All in the water! It\u2019s an opportunity to create beautiful moments of complicity between young and old. Choose your hotel with swimming pool in Audenge and enjoy an unforgettable stay!<\/p>\n\n\n\n<div class=\"wp-block-buttons is-layout-flex wp-block-buttons-is-layout-flex\">\n<div class=\"wp-block-button\"><a class=\"wp-block-button__link wp-element-button\" href=\"https:\/\/bassin-arcachon.com\/en\/accommodations\/hotelsaudengepiscine-2\/\">Hotels with swimming pool<\/a><\/div>\n<\/div>\n<\/div>\n\n\n\n<div class=\"wp-block-uagb-container uagb-block-f97ba7b2\">\n<div class=\"wp-block-uagb-image uagb-block-c91a4ee2 wp-block-uagb-image--layout-default wp-block-uagb-image--effect-static wp-block-uagb-image--align-none\"><figure class=\"wp-block-uagb-image__figure\"><img decoding=\"async\" srcset=\"https:\/\/bassin-arcachon.com\/wp-content\/uploads\/2018\/07\/Balade-dans-le-port-Audenge.jpg \" sizes=\"auto, (max-width: 480px) 150px\" src=\"https:\/\/bassin-arcachon.com\/wp-content\/uploads\/2018\/07\/Balade-dans-le-port-Audenge.jpg\" alt=\"- - Bassin d&#039;Arcachon\" class=\"uag-image-23932\" width=\"1000\" height=\"666\" title=\"- - Bassin d&#039;Arcachon\" loading=\"lazy\" role=\"img\"><\/figure><\/div>\n<\/div>\n<\/div><\/div>\n\n\n\n<div style=\"height:60px\" aria-hidden=\"true\" class=\"wp-block-spacer\"><\/div>\n\n\n\n<div class=\"wp-block-uagb-container uagb-block-d309b0cb alignfull uagb-is-root-container\"><div class=\"uagb-container-inner-blocks-wrap\">\n<div class=\"wp-block-uagb-container uagb-block-9da79623\">\n<div class=\"wp-block-uagb-image uagb-block-707b798d wp-block-uagb-image--layout-default wp-block-uagb-image--effect-static wp-block-uagb-image--align-none\"><figure class=\"wp-block-uagb-image__figure\"><img decoding=\"async\" srcset=\"https:\/\/bassin-arcachon.com\/wp-content\/uploads\/2017\/02\/parking-dune-du-pilat-bassin-arcachon.jpg \" sizes=\"auto, (max-width: 480px) 150px\" src=\"https:\/\/bassin-arcachon.com\/wp-content\/uploads\/2017\/02\/parking-dune-du-pilat-bassin-arcachon.jpg\" alt=\"- - Bassin d&#039;Arcachon\" class=\"uag-image-24069\" width=\"1000\" height=\"500\" title=\"- - Bassin d&#039;Arcachon\" loading=\"lazy\" role=\"img\"><\/figure><\/div>\n<\/div>\n\n\n\n<div class=\"wp-block-uagb-container uagb-block-95c927c2\">\n<h2 class=\"wp-block-heading\">Our hotels in Audenge with parking<\/h2>\n\n\n\n<p>Do you dream of being able to park in complete peace of mind at any time of the day or night? In our hotels with private parking, you are guaranteed to have a secure place for your car throughout your vacation or weekend in Audenge! Move around the pool for the day or go out to dinner at the restaurant in the evening, your place is waiting for you when you return. Rediscover the pleasure of parking in just a few minutes by choosing one of our hotels with parking in Audenge!<\/p>\n\n\n\n<div class=\"wp-block-buttons is-layout-flex wp-block-buttons-is-layout-flex\">\n<div class=\"wp-block-button\"><a class=\"wp-block-button__link wp-element-button\" href=\"https:\/\/bassin-arcachon.com\/en\/accommodations\/hotelsaudengeparking\/\">Hotels with parking<\/a><\/div>\n<\/div>\n<\/div>\n<\/div><\/div>\n\n\n\n<div style=\"height:60px\" aria-hidden=\"true\" class=\"wp-block-spacer\"><\/div>\n\n\n\n<div class=\"wp-block-uagb-container uagb-block-42eaf61e alignfull uagb-is-root-container\"><div class=\"uagb-container-inner-blocks-wrap\">\n<div class=\"wp-block-uagb-container uagb-block-c55291be\">\n<h2 class=\"wp-block-heading\">Our hotels in Audenge with Wifi<\/h2>\n\n\n\n<p>Do you like to escape while keeping in touch with the rest of the world? Stay connected during your stay in the heart of the basin by opting for one of our hotels with Wifi in Audenge! Find the best restaurant in the area, share your impressions or book an unusual activity from your hotel room. An essential for many of you! Thanks to simple and practical Wi-Fi access, our hotels in Audenge offer you a connected stay surrounded by nature. Good vibes guaranteed!<\/p>\n\n\n\n<div class=\"wp-block-buttons is-layout-flex wp-block-buttons-is-layout-flex\">\n<div class=\"wp-block-button\"><a class=\"wp-block-button__link wp-element-button\" href=\"https:\/\/bassin-arcachon.com\/en\/accommodations\/hotelsaudengewifi-2\/\">Hotels with Wi-Fi<\/a><\/div>\n<\/div>\n<\/div>\n\n\n\n<div class=\"wp-block-uagb-container uagb-block-79f3a01b\">\n<div class=\"wp-block-uagb-image uagb-block-be92d523 wp-block-uagb-image--layout-default wp-block-uagb-image--effect-static wp-block-uagb-image--align-none\"><figure class=\"wp-block-uagb-image__figure\"><img decoding=\"async\" srcset=\"https:\/\/bassin-arcachon.com\/wp-content\/uploads\/2020\/07\/header-wifi-1024x522.jpg \" sizes=\"auto, (max-width: 480px) 150px\" src=\"https:\/\/bassin-arcachon.com\/wp-content\/uploads\/2020\/07\/header-wifi-1024x522.jpg\" alt=\"- - Bassin d&#039;Arcachon\" class=\"uag-image-44186\" width=\"1024\" height=\"522\" title=\"- - Bassin d&#039;Arcachon\" loading=\"lazy\" role=\"img\"><\/figure><\/div>\n<\/div>\n<\/div><\/div>\n\n\n\n<div style=\"height:60px\" aria-hidden=\"true\" class=\"wp-block-spacer\"><\/div>\n\n\n\n<div class=\"wp-block-uagb-container uagb-block-1be6649d alignfull uagb-is-root-container\">\n<div class=\"wp-block-cover is-light has-parallax\"><span aria-hidden=\"true\" class=\"wp-block-cover__background has-background-dim-0 has-background-dim\"><\/span><div class=\"wp-block-cover__image-background wp-image-1345 has-parallax\" style=\"background-position:50% 50%;background-image:url(https:\/\/bassin-arcachon.com\/wp-content\/uploads\/2017\/03\/Camping-Panorama-du-Pyla-cottage-vue-mer-coin-farniente.jpg)\"><\/div><div class=\"wp-block-cover__inner-container is-layout-flow wp-block-cover-is-layout-flow\">\n<div class=\"wp-block-uagb-container uagb-block-f3b15db9\">\n<h2 class=\"wp-block-heading has-text-align-center has-white-color has-text-color has-large-font-size\">Spend your holidays with ease in one of the Bassin hotels in Arcachon<\/h2>\n\n\n\n<p class=\"has-text-align-center has-white-color has-text-color\"><a href=\"https:\/\/bassin-arcachon.com\/en\/accommodations\/hotels\/\">START YOUR SEARCH<\/a><\/p>\n<\/div>\n<\/div><\/div>\n<\/div>\n\n\n\n<div style=\"height:60px\" aria-hidden=\"true\" class=\"wp-block-spacer\"><\/div>\n\n\n\n<div class=\"wp-block-uagb-container uagb-block-67970557 alignfull uagb-is-root-container\"><div class=\"uagb-container-inner-blocks-wrap\">\n<div class=\"wp-block-uagb-container uagb-block-dd7dcc04\">\n<h3 class=\"wp-block-heading\">Do you want to book a hotel around Audenge?<\/h3>\n\n\n\n<p>Discover all our hotels at Bassin Arcachon:&nbsp;<a href=\"https:\/\/bassin-arcachon.com\/en\/accommodations\/hotels+ares\/\">Ares<\/a>,&nbsp;<a href=\"https:\/\/bassin-arcachon.com\/en\/accommodations\/hotels+arcachon\/\">Arcachon<\/a>,&nbsp;<a href=\"https:\/\/bassin-arcachon.com\/en\/accommodations\/hotels+the-buch-test\/\">La Teste de Buch<\/a>,&nbsp;<a href=\"https:\/\/bassin-arcachon.com\/en\/accommodations\/hotels+andernos\/\">Andernos<\/a>,&nbsp;<a href=\"https:\/\/bassin-arcachon.com\/en\/accommodations\/hotels+gujan-mestras\/\">Gujan-Mestras,<\/a>&nbsp;<a href=\"https:\/\/bassin-arcachon.com\/en\/accommodations\/hotels+heart-of-the-basin-2\/\">Biganos,<\/a>&nbsp;<a href=\"https:\/\/bassin-arcachon.com\/en\/accommodations\/hotels+the-teich\/\">Le Teich<\/a>,<a href=\"https:\/\/bassin-arcachon.com\/en\/accommodations\/hotels+heart-of-the-basin-2\/\">&nbsp;lanton&nbsp;<\/a>and&nbsp;<a href=\"https:\/\/bassin-arcachon.com\/en\/accommodations\/hotels+light-cap-ferret\/\">in Cap Ferret<\/a>&nbsp;!<\/p>\n<\/div>\n\n\n\n<div class=\"wp-block-uagb-container uagb-block-dd7a49a4\">\n<div class=\"wp-block-uagb-image uagb-block-349829c0 wp-block-uagb-image--layout-default wp-block-uagb-image--effect-static wp-block-uagb-image--align-none\"><figure class=\"wp-block-uagb-image__figure\"><img decoding=\"async\" srcset=\"https:\/\/bassin-arcachon.com\/wp-content\/uploads\/2018\/09\/nourri-a-lhu\u00eetre-\u00e9lev\u00e9-sous-les-pins-Bassin-dArcachon.jpg \" sizes=\"auto, (max-width: 480px) 150px\" src=\"https:\/\/bassin-arcachon.com\/wp-content\/uploads\/2018\/09\/nourri-a-lhu\u00eetre-\u00e9lev\u00e9-sous-les-pins-Bassin-dArcachon.jpg\" alt=\"- - Bassin d&#039;Arcachon\" class=\"uag-image-26169\" width=\"1000\" height=\"666\" title=\"- - Bassin d&#039;Arcachon\" loading=\"lazy\" role=\"img\"><\/figure><\/div>\n<\/div>\n<\/div><\/div>\n\n\n\n<div style=\"height:60px\" aria-hidden=\"true\" class=\"wp-block-spacer\"><\/div>","protected":false},"excerpt":{"rendered":"<p>Choisissez parmi notre s\u00e9lection d&rsquo;h\u00f4tels \u00e0 Audenge. On vous propose des h\u00f4tels avec piscine, parking ou Wi-Fi au c\u0153ur du Bassin d&rsquo;Arcachon ! Nos h\u00f4tels \u00e0 Audenge avec piscine \u00c0 [&hellip;]<\/p>\n","protected":false},"author":24,"featured_media":2217,"parent":43,"menu_order":1,"comment_status":"closed","ping_status":"closed","template":"","meta":{"_acf_changed":false,"_uag_custom_page_level_css":"","footnotes":""},"class_list":["post-26935","page","type-page","status-publish","has-post-thumbnail","hentry"],"acf":[],"uagb_featured_image_src":{"full":["https:\/\/bassin-arcachon.com\/wp-content\/uploads\/2017\/03\/camping-bassin-arcachon.jpg",1200,800,false],"thumbnail":["https:\/\/bassin-arcachon.com\/wp-content\/uploads\/2017\/03\/camping-bassin-arcachon-150x150.jpg",150,150,true],"medium":["https:\/\/bassin-arcachon.com\/wp-content\/uploads\/2017\/03\/camping-bassin-arcachon-600x400.jpg",600,400,true],"medium_large":["https:\/\/bassin-arcachon.com\/wp-content\/uploads\/2017\/03\/camping-bassin-arcachon-768x512.jpg",768,512,true],"large":["https:\/\/bassin-arcachon.com\/wp-content\/uploads\/2017\/03\/camping-bassin-arcachon-1024x683.jpg",1024,683,true],"1536x1536":["https:\/\/bassin-arcachon.com\/wp-content\/uploads\/2017\/03\/camping-bassin-arcachon.jpg",1200,800,false],"2048x2048":["https:\/\/bassin-arcachon.com\/wp-content\/uploads\/2017\/03\/camping-bassin-arcachon.jpg",1200,800,false],"trp-custom-language-flag":["https:\/\/bassin-arcachon.com\/wp-content\/uploads\/2017\/03\/camping-bassin-arcachon-18x12.jpg",18,12,true]},"uagb_author_info":{"display_name":"Audrey RAMBAUT","author_link":"https:\/\/bassin-arcachon.com\/en\/author\/audrey-siba\/"},"uagb_comment_info":0,"uagb_excerpt":"Choisissez parmi notre s\u00e9lection d&rsquo;h\u00f4tels \u00e0 Audenge. On vous propose des h\u00f4tels avec piscine, parking ou Wi-Fi au c\u0153ur du Bassin d&rsquo;Arcachon ! Nos h\u00f4tels \u00e0 Audenge avec piscine \u00c0 [&hellip;]","_links":{"self":[{"href":"https:\/\/bassin-arcachon.com\/en\/wp-json\/wp\/v2\/pages\/26935","targetHints":{"allow":["GET"]}}],"collection":[{"href":"https:\/\/bassin-arcachon.com\/en\/wp-json\/wp\/v2\/pages"}],"about":[{"href":"https:\/\/bassin-arcachon.com\/en\/wp-json\/wp\/v2\/types\/page"}],"author":[{"embeddable":true,"href":"https:\/\/bassin-arcachon.com\/en\/wp-json\/wp\/v2\/users\/24"}],"replies":[{"embeddable":true,"href":"https:\/\/bassin-arcachon.com\/en\/wp-json\/wp\/v2\/comments?post=26935"}],"version-history":[{"count":2,"href":"https:\/\/bassin-arcachon.com\/en\/wp-json\/wp\/v2\/pages\/26935\/revisions"}],"predecessor-version":[{"id":68240,"href":"https:\/\/bassin-arcachon.com\/en\/wp-json\/wp\/v2\/pages\/26935\/revisions\/68240"}],"up":[{"embeddable":true,"href":"https:\/\/bassin-arcachon.com\/en\/wp-json\/wp\/v2\/pages\/43"}],"wp:featuredmedia":[{"embeddable":true,"href":"https:\/\/bassin-arcachon.com\/en\/wp-json\/wp\/v2\/media\/2217"}],"wp:attachment":[{"href":"https:\/\/bassin-arcachon.com\/en\/wp-json\/wp\/v2\/media?parent=26935"}],"curies":[{"name":"wp","href":"https:\/\/api.w.org\/{rel}","templated":true}]}}