{"id":27306,"date":"2018-11-21T16:31:39","date_gmt":"2018-11-21T15:31:39","guid":{"rendered":"https:\/\/bassin-arcachon.com\/\/?page_id=27306"},"modified":"2024-11-06T10:55:46","modified_gmt":"2024-11-06T09:55:46","slug":"test-de-buch-2","status":"publish","type":"page","link":"https:\/\/bassin-arcachon.com\/en\/ou-dormir\/teste-de-buch\/","title":{"rendered":"Our guest rooms at La Teste de Buch"},"content":{"rendered":"<div class=\"wp-block-uagb-container uagb-block-364a7175 alignfull uagb-is-root-container\"><div class=\"uagb-container-inner-blocks-wrap\">\n<div class=\"wp-block-uagb-container uagb-block-dbe4c7bd\">\n<h2 class=\"wp-block-heading\">Our guest rooms at La Teste de Buch with a view of the Bassin<\/h2>\n\n\n\n<p>Would you like a relaxing stay by the water? Contemplate the basin from the terrace of your guest room at La Teste de Buch, and stay close to the beach! You will smell the sea air from your balcony! Live an exceptional holiday in one of our guest rooms at La Teste de Buch!<\/p>\n\n\n\n<div class=\"wp-block-buttons is-layout-flex wp-block-buttons-is-layout-flex\">\n<div class=\"wp-block-button\"><a class=\"wp-block-button__link wp-element-button\" href=\"https:\/\/bassin-arcachon.com\/en\/accommodations\/bed-and-breakfast-la-teste-de-buchvuemer\/\">Bed and breakfast on the waterfront<\/a><\/div>\n<\/div>\n<\/div>\n\n\n\n<div class=\"wp-block-uagb-container uagb-block-c7b1d2b6\">\n<div class=\"wp-block-uagb-image uagb-block-4d4954a8 wp-block-uagb-image--layout-default wp-block-uagb-image--effect-static wp-block-uagb-image--align-none\"><figure class=\"wp-block-uagb-image__figure\"><img decoding=\"async\" srcset=\"https:\/\/bassin-arcachon.com\/wp-content\/uploads\/2017\/02\/Plage-oc\u00e9ane-La-Teste-de-Buch-1024x683.jpg \" sizes=\"auto, (max-width: 480px) 150px\" src=\"https:\/\/bassin-arcachon.com\/wp-content\/uploads\/2017\/02\/Plage-oc\u00e9ane-La-Teste-de-Buch-1024x683.jpg\" alt=\"- - Bassin d&#039;Arcachon\" class=\"uag-image-23765\" width=\"1024\" height=\"683\" title=\"- - Bassin d&#039;Arcachon\" loading=\"lazy\" role=\"img\"><\/figure><\/div>\n<\/div>\n<\/div><\/div>\n\n\n\n<div style=\"height:60px\" aria-hidden=\"true\" class=\"wp-block-spacer\"><\/div>\n\n\n\n<div class=\"wp-block-uagb-container uagb-block-e67af894 alignfull uagb-is-root-container\"><div class=\"uagb-container-inner-blocks-wrap\">\n<div class=\"wp-block-uagb-container uagb-block-46d50884\">\n<div class=\"wp-block-uagb-image uagb-block-a0a3fc12 wp-block-uagb-image--layout-default wp-block-uagb-image--effect-static wp-block-uagb-image--align-none\"><figure class=\"wp-block-uagb-image__figure\"><img decoding=\"async\" srcset=\"https:\/\/bassin-arcachon.com\/wp-content\/uploads\/2017\/07\/balade-detente-amis-bassin-arcachon-1024x683.jpg \" sizes=\"auto, (max-width: 480px) 150px\" src=\"https:\/\/bassin-arcachon.com\/wp-content\/uploads\/2017\/07\/balade-detente-amis-bassin-arcachon-1024x683.jpg\" alt=\"- - Bassin d&#039;Arcachon\" class=\"uag-image-5859\" width=\"1024\" height=\"683\" title=\"- - Bassin d&#039;Arcachon\" loading=\"lazy\" role=\"img\"><\/figure><\/div>\n<\/div>\n\n\n\n<div class=\"wp-block-uagb-container uagb-block-2d923acd\">\n<h2 class=\"wp-block-heading\">Our guest rooms in La Teste de Buch with swimming pool<\/h2>\n\n\n\n<p>Choose one of our guest rooms with swimming pool at La Teste de Buch and enjoy a relaxing stay 100% near the pool! Relax by the pool while the children play in the water. You will quickly feel at home in our guest rooms at La Teste de Buch!<\/p>\n\n\n\n<div class=\"wp-block-buttons is-layout-flex wp-block-buttons-is-layout-flex\">\n<div class=\"wp-block-button\"><a class=\"wp-block-button__link wp-element-button\" href=\"https:\/\/bassin-arcachon.com\/en\/accommodations\/bed-and-breakfast-la-teste-de-buch-swimming-pool\/\">Bed and breakfast with swimming pool<\/a><\/div>\n<\/div>\n<\/div>\n<\/div><\/div>\n\n\n\n<div style=\"height:60px\" aria-hidden=\"true\" class=\"wp-block-spacer\"><\/div>\n\n\n\n<div class=\"wp-block-uagb-container uagb-block-e1f76ed8 alignfull uagb-is-root-container\"><div class=\"uagb-container-inner-blocks-wrap\">\n<div class=\"wp-block-uagb-container uagb-block-48eff2ec\">\n<h2 class=\"wp-block-heading\">Our guest rooms in La Teste de Buch with garden<\/h2>\n\n\n\n<p>Stay in a real haven of peace by opting for one of our guest rooms with garden at La Teste de Buch! In a natural and flowery setting, take advantage of the garden of your bed and breakfast to relax with friends or family! A real enchanted parenthesis!<\/p>\n\n\n\n<div class=\"wp-block-buttons is-layout-flex wp-block-buttons-is-layout-flex\">\n<div class=\"wp-block-button\"><a class=\"wp-block-button__link wp-element-button\" href=\"https:\/\/bassin-arcachon.com\/en\/accommodations\/guest-rooms%40la-teste-de-buch%26amp%3bjardin\/\">Bed and breakfast with garden<\/a><\/div>\n<\/div>\n<\/div>\n\n\n\n<div class=\"wp-block-uagb-container uagb-block-b4f2dac4\">\n<div class=\"wp-block-uagb-image uagb-block-1ffd8f82 wp-block-uagb-image--layout-default wp-block-uagb-image--effect-static wp-block-uagb-image--align-none\"><figure class=\"wp-block-uagb-image__figure\"><img decoding=\"async\" srcset=\"https:\/\/bassin-arcachon.com\/wp-content\/uploads\/2019\/01\/ou-manger-teste-de-buch.jpg \" sizes=\"auto, (max-width: 480px) 150px\" src=\"https:\/\/bassin-arcachon.com\/wp-content\/uploads\/2019\/01\/ou-manger-teste-de-buch.jpg\" alt=\"where-to-eat-teste-de-buch\" class=\"uag-image-31234\" width=\"1000\" height=\"666\" title=\"- - Bassin d&#039;Arcachon\" loading=\"lazy\" role=\"img\"><\/figure><\/div>\n<\/div>\n<\/div><\/div>\n\n\n\n<div style=\"height:60px\" aria-hidden=\"true\" class=\"wp-block-spacer\"><\/div>\n\n\n\n<div class=\"wp-block-uagb-container uagb-block-fe020429 alignfull uagb-is-root-container\">\n<div class=\"wp-block-cover is-light has-parallax\"><span aria-hidden=\"true\" class=\"wp-block-cover__background has-background-dim-0 has-background-dim\"><\/span><div class=\"wp-block-cover__image-background wp-image-1345 has-parallax\" style=\"background-position:50% 50%;background-image:url(https:\/\/bassin-arcachon.com\/wp-content\/uploads\/2017\/03\/Camping-Panorama-du-Pyla-cottage-vue-mer-coin-farniente.jpg)\"><\/div><div class=\"wp-block-cover__inner-container is-layout-flow wp-block-cover-is-layout-flow\">\n<div class=\"wp-block-uagb-container uagb-block-340dcf33\">\n<h2 class=\"wp-block-heading has-text-align-center has-white-color has-text-color has-large-font-size\">Spend your holidays with ease in one of the Bassin guest rooms in Arcachon<\/h2>\n\n\n\n<p class=\"has-text-align-center has-white-color has-text-color\"><a href=\"https:\/\/bassin-arcachon.com\/en\/accommodations\/bed-and-breakfast-2\/\">START YOUR SEARCH<\/a><\/p>\n<\/div>\n<\/div><\/div>\n<\/div>\n\n\n\n<div style=\"height:60px\" aria-hidden=\"true\" class=\"wp-block-spacer\"><\/div>\n\n\n\n<div class=\"wp-block-uagb-container uagb-block-8f305ad1 alignfull uagb-is-root-container\"><div class=\"uagb-container-inner-blocks-wrap\">\n<div class=\"wp-block-uagb-container uagb-block-e71f2ccf\">\n<h3 class=\"wp-block-heading\">You wish to book a bed and breakfast around La Teste de Buch<\/h3>\n\n\n\n<p>Discover all the guest rooms at the Bassin in Arcachon:&nbsp;<a href=\"https:\/\/bassin-arcachon.com\/en\/accommodations\/bed-and-breakfast-2+ares\/\">Ares<\/a>,&nbsp;<a href=\"https:\/\/bassin-arcachon.com\/en\/accommodations\/bed-and-breakfast-2+arcachon\/\">Arcachon<\/a>,&nbsp;<a href=\"https:\/\/bassin-arcachon.com\/en\/accommodations\/bed-and-breakfast-2+the-teich\/\">Le Teich<\/a>,&nbsp;<a href=\"https:\/\/bassin-arcachon.com\/en\/accommodations\/bed-and-breakfast-2+andernos\/\">Andernos<\/a>,&nbsp;<a href=\"https:\/\/bassin-arcachon.com\/en\/accommodations\/bed-and-breakfast-2+gujan-mestras\/\">Gujan-Mestras,<\/a>&nbsp;<a href=\"https:\/\/bassin-arcachon.com\/en\/accommodations\/bed-and-breakfast-2+heart-of-the-basin-2\/\">Biganos,<\/a>&nbsp;<a href=\"https:\/\/bassin-arcachon.com\/en\/accommodations\/bed-and-breakfast-2+heart-of-the-basin-2\/\">Audenge<\/a>,<a href=\"https:\/\/bassin-arcachon.com\/en\/accommodations\/bed-and-breakfast-2+heart-of-the-basin-2\/\">&nbsp;lanton&nbsp;<\/a>and&nbsp;<a href=\"https:\/\/bassin-arcachon.com\/en\/accommodations\/bed-and-breakfast-2+light-cap-ferret\/\">Lege-cap-ferret<\/a>&nbsp;!<\/p>\n<\/div>\n\n\n\n<div class=\"wp-block-uagb-container uagb-block-3ba7c796\">\n<div class=\"wp-block-uagb-image uagb-block-d47d4e56 wp-block-uagb-image--layout-default wp-block-uagb-image--effect-static wp-block-uagb-image--align-none\"><figure class=\"wp-block-uagb-image__figure\"><img decoding=\"async\" srcset=\"https:\/\/bassin-arcachon.com\/wp-content\/uploads\/2018\/09\/nourri-a-lhu\u00eetre-\u00e9lev\u00e9-sous-les-pins-Bassin-dArcachon.jpg \" sizes=\"auto, (max-width: 480px) 150px\" src=\"https:\/\/bassin-arcachon.com\/wp-content\/uploads\/2018\/09\/nourri-a-lhu\u00eetre-\u00e9lev\u00e9-sous-les-pins-Bassin-dArcachon.jpg\" alt=\"- - Bassin d&#039;Arcachon\" class=\"uag-image-26169\" width=\"1000\" height=\"666\" title=\"- - Bassin d&#039;Arcachon\" loading=\"lazy\" role=\"img\"><\/figure><\/div>\n<\/div>\n<\/div><\/div>\n\n\n\n<div style=\"height:60px\" aria-hidden=\"true\" class=\"wp-block-spacer\"><\/div>","protected":false},"excerpt":{"rendered":"<p>Nos chambres d\u2019h\u00f4tes \u00e0 La Teste de Buch avec vue sur le Bassin Un s\u00e9jour relaxant au bord de l\u2019eau, \u00e7a vous tente ? Contemplez le bassin depuis la terrasse [&hellip;]<\/p>\n","protected":false},"author":24,"featured_media":2217,"parent":43,"menu_order":1,"comment_status":"closed","ping_status":"closed","template":"","meta":{"_acf_changed":false,"_uag_custom_page_level_css":"","footnotes":""},"class_list":["post-27306","page","type-page","status-publish","has-post-thumbnail","hentry"],"acf":[],"uagb_featured_image_src":{"full":["https:\/\/bassin-arcachon.com\/wp-content\/uploads\/2017\/03\/camping-bassin-arcachon.jpg",1200,800,false],"thumbnail":["https:\/\/bassin-arcachon.com\/wp-content\/uploads\/2017\/03\/camping-bassin-arcachon-150x150.jpg",150,150,true],"medium":["https:\/\/bassin-arcachon.com\/wp-content\/uploads\/2017\/03\/camping-bassin-arcachon-600x400.jpg",600,400,true],"medium_large":["https:\/\/bassin-arcachon.com\/wp-content\/uploads\/2017\/03\/camping-bassin-arcachon-768x512.jpg",768,512,true],"large":["https:\/\/bassin-arcachon.com\/wp-content\/uploads\/2017\/03\/camping-bassin-arcachon-1024x683.jpg",1024,683,true],"1536x1536":["https:\/\/bassin-arcachon.com\/wp-content\/uploads\/2017\/03\/camping-bassin-arcachon.jpg",1200,800,false],"2048x2048":["https:\/\/bassin-arcachon.com\/wp-content\/uploads\/2017\/03\/camping-bassin-arcachon.jpg",1200,800,false],"trp-custom-language-flag":["https:\/\/bassin-arcachon.com\/wp-content\/uploads\/2017\/03\/camping-bassin-arcachon-18x12.jpg",18,12,true]},"uagb_author_info":{"display_name":"Audrey RAMBAUT","author_link":"https:\/\/bassin-arcachon.com\/en\/author\/audrey-siba\/"},"uagb_comment_info":0,"uagb_excerpt":"Nos chambres d\u2019h\u00f4tes \u00e0 La Teste de Buch avec vue sur le Bassin Un s\u00e9jour relaxant au bord de l\u2019eau, \u00e7a vous tente ? Contemplez le bassin depuis la terrasse [&hellip;]","_links":{"self":[{"href":"https:\/\/bassin-arcachon.com\/en\/wp-json\/wp\/v2\/pages\/27306","targetHints":{"allow":["GET"]}}],"collection":[{"href":"https:\/\/bassin-arcachon.com\/en\/wp-json\/wp\/v2\/pages"}],"about":[{"href":"https:\/\/bassin-arcachon.com\/en\/wp-json\/wp\/v2\/types\/page"}],"author":[{"embeddable":true,"href":"https:\/\/bassin-arcachon.com\/en\/wp-json\/wp\/v2\/users\/24"}],"replies":[{"embeddable":true,"href":"https:\/\/bassin-arcachon.com\/en\/wp-json\/wp\/v2\/comments?post=27306"}],"version-history":[{"count":2,"href":"https:\/\/bassin-arcachon.com\/en\/wp-json\/wp\/v2\/pages\/27306\/revisions"}],"predecessor-version":[{"id":68246,"href":"https:\/\/bassin-arcachon.com\/en\/wp-json\/wp\/v2\/pages\/27306\/revisions\/68246"}],"up":[{"embeddable":true,"href":"https:\/\/bassin-arcachon.com\/en\/wp-json\/wp\/v2\/pages\/43"}],"wp:featuredmedia":[{"embeddable":true,"href":"https:\/\/bassin-arcachon.com\/en\/wp-json\/wp\/v2\/media\/2217"}],"wp:attachment":[{"href":"https:\/\/bassin-arcachon.com\/en\/wp-json\/wp\/v2\/media?parent=27306"}],"curies":[{"name":"wp","href":"https:\/\/api.w.org\/{rel}","templated":true}]}}