{"id":339,"date":"2017-03-09T14:31:37","date_gmt":"2017-03-09T13:31:37","guid":{"rendered":"https:\/\/bassin-arcachon.com\/\/?page_id=339"},"modified":"2024-12-13T10:58:13","modified_gmt":"2024-12-13T09:58:13","slug":"andernos-the-baths","status":"publish","type":"page","link":"https:\/\/bassin-arcachon.com\/en\/nos-villes-et-villages\/andernos-les-bains\/","title":{"rendered":"Andernos les Bains"},"content":{"rendered":"<div class=\"wp-block-uagb-container uagb-block-93e7943d alignfull uagb-is-root-container\"><div class=\"uagb-container-inner-blocks-wrap\">\n<div class=\"wp-block-uagb-container uagb-block-23f06e02\">\n<div class=\"wp-block-uagb-image uagb-block-52ed65b7 wp-block-uagb-image--layout-default wp-block-uagb-image--effect-static wp-block-uagb-image--align-none\"><figure class=\"wp-block-uagb-image__figure\"><img decoding=\"async\" srcset=\"https:\/\/bassin-arcachon.com\/wp-content\/uploads\/2017\/03\/mini-map-andernos.jpg \" sizes=\"auto, (max-width: 480px) 150px\" src=\"https:\/\/bassin-arcachon.com\/wp-content\/uploads\/2017\/03\/mini-map-andernos.jpg\" alt=\"- - Bassin d&#039;Arcachon\" class=\"uag-image-1911\" width=\"278\" height=\"278\" title=\"- - Bassin d&#039;Arcachon\" loading=\"lazy\" role=\"img\"><\/figure><\/div>\n\n\n\n<h2 class=\"wp-block-heading\">Andernos les Bains<\/h2>\n\n\n\n<p>With its long pier, oyster port, natural spaces, beaches, and lively town,&nbsp;<strong>Andernos les Bains<\/strong>&nbsp;has all the essentials for a true vacation with friends and family! <br>You look for <a href=\"https:\/\/bassin-arcachon.com\/en\/or-sleep\/hotels\/andernos\/\">hotel<\/a>, <a href=\"https:\/\/bassin-arcachon.com\/en\/or-sleep\/rentals\/andernos\/\">a vacation rental<\/a>, <a href=\"https:\/\/bassin-arcachon.com\/en\/or-sleep\/camping\/andernos\/\">a camping<\/a> Where <a href=\"https:\/\/bassin-arcachon.com\/en\/or-sleep\/bed-and-breakfast\/andernos\/\" data-type=\"link\" data-id=\"https:\/\/bassin-arcachon.com\/ou-dormir\/chambres-hotes\/andernos\/\">a guesthouse<\/a>, Andernos-les-Bains is the ideal seaside resort for holiday accommodation.<\/p>\n<\/div>\n\n\n\n<div class=\"wp-block-uagb-container uagb-block-7e8a9914\">\n<div class=\"wp-block-uagb-image uagb-block-a129df15 wp-block-uagb-image--layout-default wp-block-uagb-image--effect-static wp-block-uagb-image--align-none\"><figure class=\"wp-block-uagb-image__figure\"><img decoding=\"async\" srcset=\"https:\/\/bassin-arcachon.com\/wp-content\/uploads\/2023\/01\/andernos-velo-SIBA-agence-les-conteurs-112-scaled-683x1024.jpg \" sizes=\"auto, (max-width: 480px) 150px\" src=\"https:\/\/bassin-arcachon.com\/wp-content\/uploads\/2023\/01\/andernos-velo-SIBA-agence-les-conteurs-112-scaled-683x1024.jpg\" alt=\"- - Bassin d&#039;Arcachon\" class=\"uag-image-53651\" width=\"683\" height=\"1024\" title=\"- - Bassin d&#039;Arcachon\" loading=\"lazy\" role=\"img\"><\/figure><\/div>\n<\/div>\n<\/div><\/div>\n\n\n\n<div style=\"height:40px\" aria-hidden=\"true\" class=\"wp-block-spacer\"><\/div>\n\n\n\n<div class=\"wp-block-uagb-container uagb-block-c30762ba alignfull uagb-is-root-container\"><div class=\"uagb-container-inner-blocks-wrap\">\n<div class=\"wp-block-uagb-container uagb-block-c57f602d\">\n<div class=\"wp-block-uagb-image uagb-block-6209834a wp-block-uagb-image--layout-default wp-block-uagb-image--effect-static wp-block-uagb-image--align-none\"><figure class=\"wp-block-uagb-image__figure\"><img decoding=\"async\" srcset=\"https:\/\/bassin-arcachon.com\/wp-content\/uploads\/2018\/07\/Jetee-andernos-les-bains-balade-en-famille.jpg \" sizes=\"auto, (max-width: 480px) 150px\" src=\"https:\/\/bassin-arcachon.com\/wp-content\/uploads\/2018\/07\/Jetee-andernos-les-bains-balade-en-famille.jpg\" alt=\"- - Bassin d&#039;Arcachon\" class=\"uag-image-23917\" width=\"1000\" height=\"666\" title=\"- - Bassin d&#039;Arcachon\" loading=\"lazy\" role=\"img\"><\/figure><\/div>\n<\/div>\n\n\n\n<div class=\"wp-block-uagb-container uagb-block-39e8a21f\">\n<h2 class=\"wp-block-heading\">Stroll along the pier, the longest in France<\/h2>\n\n\n\n<p><br>Take a walk along this&nbsp;<strong>232 m long pier<\/strong>, camera in hand. Wander to the very end to admire the view of the pignots (sticks planted in the sea to delimit the oyster beds), boats, and observe the birds. Discover it also at sunset! Just next to the pier, stroll along the beach boulevard to catch a glimpse of beautiful&nbsp;<strong><a href=\"https:\/\/bassin-arcachon.com\/en\/or-sleep\/rentals\/andernos\/\">country houses<\/a><\/strong>&nbsp;: the charming Andernosiennes.<\/p>\n<\/div>\n<\/div><\/div>\n\n\n\n<div style=\"height:40px\" aria-hidden=\"true\" class=\"wp-block-spacer\"><\/div>\n\n\n\n<div class=\"wp-block-uagb-container uagb-block-20fba992 alignfull uagb-is-root-container\"><div class=\"uagb-container-inner-blocks-wrap\">\n<div class=\"wp-block-uagb-container uagb-block-f7ec523a\">\n<h2 class=\"wp-block-heading\">Stroll along the oyster port<\/h2>\n\n\n\n<p>Savor your vacation while wandering through the flower-lined streets of Andernos-les-Bains&nbsp;<a href=\"https:\/\/bassin-arcachon.com\/en\/our-essentials\/oyster-farming-villages-and-ports\/\">oyster port<\/a> . Here, the cabins all have different colors.<\/p>\n\n\n\n<p>Take a seat at a table for lunch and enjoy a delicious seafood platter, or sit by the water's edge to admire the coming and going of oyster farmers returning to the port. <\/p>\n\n\n\n<p>Nearby, visit the<a href=\"https:\/\/www.gironde-tourisme.fr\/patrimoine-culturel\/eglise-saint-eloi\/\" data-type=\"URL\" data-id=\"https:\/\/www.gironde-tourisme.fr\/patrimoine-culturel\/eglise-saint-eloi\/\" target=\"_blank\" rel=\"noopener\"><strong>Church of St. Eloi<\/strong>&nbsp;<\/a>, dating back to the 11th century, adorned with magnificent friezes and murals. <\/p>\n\n\n\n<p>Then, take a break and explore the&nbsp;<strong>remains of a Gallo-Roman villa<\/strong>&nbsp;from the 4th century.<\/p>\n<\/div>\n\n\n\n<div class=\"wp-block-uagb-container uagb-block-93b7e89f\">\n<div class=\"wp-block-uagb-image uagb-block-452f8197 wp-block-uagb-image--layout-default wp-block-uagb-image--effect-static wp-block-uagb-image--align-none\"><figure class=\"wp-block-uagb-image__figure\"><img decoding=\"async\" srcset=\"https:\/\/bassin-arcachon.com\/wp-content\/uploads\/2022\/10\/andernos-huitres-SIBA-agence-les-conteurs-36-1536x1536-1-1024x1024.jpg \" sizes=\"auto, (max-width: 480px) 150px\" src=\"https:\/\/bassin-arcachon.com\/wp-content\/uploads\/2022\/10\/andernos-huitres-SIBA-agence-les-conteurs-36-1536x1536-1-1024x1024.jpg\" alt=\"- - Bassin d&#039;Arcachon\" class=\"uag-image-51611\" width=\"1024\" height=\"1024\" title=\"- - Bassin d&#039;Arcachon\" loading=\"lazy\" role=\"img\"><\/figure><\/div>\n<\/div>\n<\/div><\/div>\n\n\n\n<div style=\"height:40px\" aria-hidden=\"true\" class=\"wp-block-spacer\"><\/div>\n\n\n\n<div class=\"wp-block-uagb-container uagb-block-4934205d alignfull uagb-is-root-container\"><div class=\"uagb-container-inner-blocks-wrap\">\n<h3 class=\"wp-block-heading\">Exploring nature\u2026<\/h3>\n\n\n\n<p>From the oyster port, set off to discover one of the natural sites of the Arcachon Bay, the\u00a0<strong>Domaine St-Brice-Les Quinconces-Le Coulin<\/strong>. By following the coastal path, you will have a view of the entire Bassin from the Pointe des Quinconces. A little corner well known to locals. Towards the North, we cross the Cir\u00e8s river to reach the pretty beach of Conche de Saint Brice at\u00a0<a href=\"https:\/\/bassin-arcachon.com\/en\/our-towns-and-villages\/ares\/\">Ares<\/a>.<\/p>\n\n\n\n<figure class=\"wp-block-gallery has-nested-images columns-3 is-cropped wp-block-gallery-1 is-layout-flex wp-block-gallery-is-layout-flex\">\n<figure class=\"wp-block-image size-large\"><img loading=\"lazy\" decoding=\"async\" width=\"1024\" height=\"768\" data-id=\"47498\" src=\"https:\/\/bassin-arcachon.com\/wp-content\/uploads\/2020\/09\/5-QuinconcescAng\u00e9lique-Saget-scaled-1024x768.jpg\" alt=\"- - Bassin d&#039;Arcachon\" class=\"wp-image-47498\" title=\"- - Bassin d&#039;Arcachon\" srcset=\"\" sizes=\"auto, (max-width: 1024px) 100vw, 1024px\" data-srcset=\"\" \/><\/figure>\n\n\n\n<figure class=\"wp-block-image size-large\"><img loading=\"lazy\" decoding=\"async\" width=\"1024\" height=\"683\" data-id=\"42974\" src=\"https:\/\/bassin-arcachon.com\/wp-content\/uploads\/2020\/03\/andernos-velo-SIBA-agence-les-conteurs-64-1024x683.jpg\" alt=\"- - Bassin d&#039;Arcachon\" class=\"wp-image-42974\" title=\"- - Bassin d&#039;Arcachon\" srcset=\"https:\/\/bassin-arcachon.com\/wp-content\/uploads\/2020\/03\/andernos-velo-SIBA-agence-les-conteurs-64-1024x683.jpg 1024w, https:\/\/bassin-arcachon.com\/wp-content\/uploads\/2020\/03\/andernos-velo-SIBA-agence-les-conteurs-64-600x400.jpg 600w, https:\/\/bassin-arcachon.com\/wp-content\/uploads\/2020\/03\/andernos-velo-SIBA-agence-les-conteurs-64-768x512.jpg 768w, https:\/\/bassin-arcachon.com\/wp-content\/uploads\/2020\/03\/andernos-velo-SIBA-agence-les-conteurs-64-18x12.jpg 18w, https:\/\/bassin-arcachon.com\/wp-content\/uploads\/2020\/03\/andernos-velo-SIBA-agence-les-conteurs-64.jpg 1200w\" sizes=\"auto, (max-width: 1024px) 100vw, 1024px\" \/><\/figure>\n\n\n\n<figure class=\"wp-block-image size-large\"><img loading=\"lazy\" decoding=\"async\" width=\"1024\" height=\"683\" data-id=\"46829\" src=\"https:\/\/bassin-arcachon.com\/wp-content\/uploads\/2020\/06\/andernos-quinconces-SIBA-agence-les-conteurs-39-1024x683.jpg\" alt=\"- - Bassin d&#039;Arcachon\" class=\"wp-image-46829\" title=\"- - Bassin d&#039;Arcachon\" srcset=\"https:\/\/bassin-arcachon.com\/wp-content\/uploads\/2020\/06\/andernos-quinconces-SIBA-agence-les-conteurs-39-1024x683.jpg 1024w, https:\/\/bassin-arcachon.com\/wp-content\/uploads\/2020\/06\/andernos-quinconces-SIBA-agence-les-conteurs-39-600x400.jpg 600w, https:\/\/bassin-arcachon.com\/wp-content\/uploads\/2020\/06\/andernos-quinconces-SIBA-agence-les-conteurs-39-768x512.jpg 768w, https:\/\/bassin-arcachon.com\/wp-content\/uploads\/2020\/06\/andernos-quinconces-SIBA-agence-les-conteurs-39-18x12.jpg 18w, https:\/\/bassin-arcachon.com\/wp-content\/uploads\/2020\/06\/andernos-quinconces-SIBA-agence-les-conteurs-39.jpg 1200w\" sizes=\"auto, (max-width: 1024px) 100vw, 1024px\" \/><\/figure>\n<\/figure>\n<\/div><\/div>\n\n\n\n<div style=\"height:40px\" aria-hidden=\"true\" class=\"wp-block-spacer\"><\/div>\n\n\n\n<div class=\"wp-block-uagb-container uagb-block-58548285 alignfull uagb-is-root-container\"><div class=\"uagb-container-inner-blocks-wrap\">\n<figure class=\"wp-block-pullquote\" style=\"border-radius:0px;border-top-style:none;border-top-width:0px;border-right-style:none;border-right-width:0px;border-bottom-style:none;border-bottom-width:0px;border-left-width:2px\"><blockquote><p>Treat yourself to a gourmet break near the Andernos pier!<\/p><\/blockquote><\/figure>\n<\/div><\/div>\n\n\n\n<div style=\"height:20px\" aria-hidden=\"true\" class=\"wp-block-spacer\"><\/div>\n\n\n\n<div class=\"wp-block-uagb-container uagb-block-d858886b alignfull uagb-is-root-container\"><div class=\"uagb-container-inner-blocks-wrap\">\n<div class=\"wp-block-uagb-container uagb-block-cba1005c\">\n<div class=\"wp-block-uagb-image uagb-block-1c60eea1 wp-block-uagb-image--layout-default wp-block-uagb-image--effect-static wp-block-uagb-image--align-none\"><figure class=\"wp-block-uagb-image__figure\"><img decoding=\"async\" srcset=\"https:\/\/bassin-arcachon.com\/wp-content\/uploads\/2023\/01\/Festival-de-Jazz-a-Andernos.jpg \" sizes=\"auto, (max-width: 480px) 150px\" src=\"https:\/\/bassin-arcachon.com\/wp-content\/uploads\/2023\/01\/Festival-de-Jazz-a-Andernos.jpg\" alt=\"- - Bassin d&#039;Arcachon\" class=\"uag-image-53659\" width=\"603\" height=\"444\" title=\"- - Bassin d&#039;Arcachon\" loading=\"lazy\" role=\"img\"><\/figure><\/div>\n<\/div>\n\n\n\n<div class=\"wp-block-uagb-container uagb-block-44c37fb5\">\n<h2 class=\"wp-block-heading\">Living to the rhythm of entertainment<\/h2>\n\n\n\n<p>Let yourself be carried away by the ambiance of the town of Andernos-les-Bains, day and night, and especially all year round!<\/p>\n\n\n\n<p>On the esplanade of the pier, various&nbsp;<strong>entertainment events<\/strong>&nbsp;take place every evening during the summer.&nbsp;<a href=\"https:\/\/bassin-arcachon.com\/en\/agenda-outings-markets\/\" target=\"_blank\" rel=\"noreferrer noopener\">Be sure to check the events calendar!<\/a>&nbsp;! And for&nbsp;<strong>shopping lovers<\/strong>the boutiques in Andernos-les-Bains are open year-round and every evening during the summer! We, the locals, love them!<\/p>\n<\/div>\n<\/div><\/div>\n\n\n\n<div style=\"height:40px\" aria-hidden=\"true\" class=\"wp-block-spacer\"><\/div>\n\n\n\n<div class=\"wp-block-uagb-container uagb-block-0d08e2bf alignfull uagb-is-root-container\"><div class=\"uagb-container-inner-blocks-wrap\">\n<div class=\"wp-block-uagb-container uagb-block-93fd5562\">\n<h2 class=\"wp-block-heading\">Sink into the tidal channels...<\/h2>\n\n\n\n<p>Set off to discover the intertidal zone at low tide in search of cockles, crabs, and clams\u2026 Please be sure to respect the minimum sizes of the shellfish to ensure the sustainable protection of this fragile environment \u2013 size guides are available at the Tourist Office.<\/p>\n<\/div>\n\n\n\n<div class=\"wp-block-uagb-container uagb-block-c9e92521\">\n<div class=\"wp-block-uagb-image uagb-block-279bb207 wp-block-uagb-image--layout-default wp-block-uagb-image--effect-static wp-block-uagb-image--align-none\"><figure class=\"wp-block-uagb-image__figure\"><img decoding=\"async\" srcset=\"https:\/\/bassin-arcachon.com\/wp-content\/uploads\/2020\/07\/Peche-a-pied-Bassin-dArcachon-1024x683-1.jpg \" sizes=\"auto, (max-width: 480px) 150px\" src=\"https:\/\/bassin-arcachon.com\/wp-content\/uploads\/2020\/07\/Peche-a-pied-Bassin-dArcachon-1024x683-1.jpg\" alt=\"- - Bassin d&#039;Arcachon\" class=\"uag-image-44390\" width=\"1024\" height=\"683\" title=\"- - Bassin d&#039;Arcachon\" loading=\"lazy\" role=\"img\"><\/figure><\/div>\n<\/div>\n<\/div><\/div>\n\n\n\n<div style=\"height:40px\" aria-hidden=\"true\" class=\"wp-block-spacer\"><\/div>\n\n\n\n<div class=\"wp-block-uagb-container uagb-block-25c6622c alignfull uagb-is-root-container\"><div class=\"uagb-container-inner-blocks-wrap\">\n<div class=\"wp-block-uagb-container uagb-block-da2ba761\">\n<div class=\"wp-block-uagb-image uagb-block-224ed929 wp-block-uagb-image--layout-default wp-block-uagb-image--effect-static wp-block-uagb-image--align-none\"><figure class=\"wp-block-uagb-image__figure\"><img decoding=\"async\" srcset=\"https:\/\/bassin-arcachon.com\/wp-content\/uploads\/2018\/07\/Plage-du-Betey-a-Andernos-les-Bains-1024x683.jpg \" sizes=\"auto, (max-width: 480px) 150px\" src=\"https:\/\/bassin-arcachon.com\/wp-content\/uploads\/2018\/07\/Plage-du-Betey-a-Andernos-les-Bains-1024x683.jpg\" alt=\"- - Bassin d&#039;Arcachon\" class=\"uag-image-23907\" width=\"1024\" height=\"683\" title=\"- - Bassin d&#039;Arcachon\" loading=\"lazy\" role=\"img\"><\/figure><\/div>\n<\/div>\n\n\n\n<div class=\"wp-block-uagb-container uagb-block-4f83e3f7\">\n<h3 class=\"wp-block-heading\">Relaxing on the beaches<\/h3>\n\n\n\n<p>This is also what vacations are all about! Enjoy an ice cream from a local gelateria and bask on the beach, listening to the gentle lapping of the water. In&nbsp;<strong>Andernos les Bains<\/strong>, you have a choice of beaches: Quinconces Beach, Oyster Port Beach, B\u00e9tey Beach, and Pier Beach.<\/p>\n\n\n\n<p>Children will love&nbsp;<strong>Betey beach<\/strong>&nbsp;with its swings and its many beach activities!<\/p>\n<\/div>\n<\/div><\/div>\n\n\n\n<div style=\"height:40px\" aria-hidden=\"true\" class=\"wp-block-spacer\"><\/div>","protected":false},"excerpt":{"rendered":"<p>Andernos-les-Bains Avec sa grande jet\u00e9e, son port ostr\u00e9icole, ses espaces naturels, ses plages et sa ville anim\u00e9e,&nbsp;Andernos-les-Bains&nbsp;poss\u00e8de tous les indispensables pour vivre de vraies vacances entre amis et en famille&nbsp;! [&hellip;]<\/p>\n","protected":false},"author":25,"featured_media":19923,"parent":29,"menu_order":6,"comment_status":"closed","ping_status":"closed","template":"","meta":{"_acf_changed":false,"_uag_custom_page_level_css":"","footnotes":""},"class_list":["post-339","page","type-page","status-publish","has-post-thumbnail","hentry"],"acf":[],"uagb_featured_image_src":{"full":["https:\/\/bassin-arcachon.com\/wp-content\/uploads\/2018\/04\/jetee-andernos-e1548069968302.jpg",1000,667,false],"thumbnail":["https:\/\/bassin-arcachon.com\/wp-content\/uploads\/2018\/04\/jetee-andernos-e1548069968302-150x150.jpg",150,150,true],"medium":["https:\/\/bassin-arcachon.com\/wp-content\/uploads\/2018\/04\/jetee-andernos-e1548069968302-600x400.jpg",600,400,true],"medium_large":["https:\/\/bassin-arcachon.com\/wp-content\/uploads\/2018\/04\/jetee-andernos-e1548069968302-768x512.jpg",768,512,true],"large":["https:\/\/bassin-arcachon.com\/wp-content\/uploads\/2018\/04\/jetee-andernos-e1548069968302.jpg",1000,667,false],"1536x1536":["https:\/\/bassin-arcachon.com\/wp-content\/uploads\/2018\/04\/jetee-andernos-e1548069968302.jpg",1000,667,false],"2048x2048":["https:\/\/bassin-arcachon.com\/wp-content\/uploads\/2018\/04\/jetee-andernos-e1548069968302.jpg",1000,667,false],"trp-custom-language-flag":["https:\/\/bassin-arcachon.com\/wp-content\/uploads\/2018\/04\/jetee-andernos-e1548069968302-18x12.jpg",18,12,true]},"uagb_author_info":{"display_name":"Marie Clauzel","author_link":"https:\/\/bassin-arcachon.com\/en\/author\/mariesiba\/"},"uagb_comment_info":0,"uagb_excerpt":"Andernos-les-Bains Avec sa grande jet\u00e9e, son port ostr\u00e9icole, ses espaces naturels, ses plages et sa ville anim\u00e9e,&nbsp;Andernos-les-Bains&nbsp;poss\u00e8de tous les indispensables pour vivre de vraies vacances entre amis et en famille&nbsp;! [&hellip;]","_links":{"self":[{"href":"https:\/\/bassin-arcachon.com\/en\/wp-json\/wp\/v2\/pages\/339","targetHints":{"allow":["GET"]}}],"collection":[{"href":"https:\/\/bassin-arcachon.com\/en\/wp-json\/wp\/v2\/pages"}],"about":[{"href":"https:\/\/bassin-arcachon.com\/en\/wp-json\/wp\/v2\/types\/page"}],"author":[{"embeddable":true,"href":"https:\/\/bassin-arcachon.com\/en\/wp-json\/wp\/v2\/users\/25"}],"replies":[{"embeddable":true,"href":"https:\/\/bassin-arcachon.com\/en\/wp-json\/wp\/v2\/comments?post=339"}],"version-history":[{"count":2,"href":"https:\/\/bassin-arcachon.com\/en\/wp-json\/wp\/v2\/pages\/339\/revisions"}],"predecessor-version":[{"id":118616,"href":"https:\/\/bassin-arcachon.com\/en\/wp-json\/wp\/v2\/pages\/339\/revisions\/118616"}],"up":[{"embeddable":true,"href":"https:\/\/bassin-arcachon.com\/en\/wp-json\/wp\/v2\/pages\/29"}],"wp:featuredmedia":[{"embeddable":true,"href":"https:\/\/bassin-arcachon.com\/en\/wp-json\/wp\/v2\/media\/19923"}],"wp:attachment":[{"href":"https:\/\/bassin-arcachon.com\/en\/wp-json\/wp\/v2\/media?parent=339"}],"curies":[{"name":"wp","href":"https:\/\/api.w.org\/{rel}","templated":true}]}}