{"id":342,"date":"2017-03-09T14:32:51","date_gmt":"2017-03-09T13:32:51","guid":{"rendered":"https:\/\/bassin-arcachon.com\/\/?page_id=342"},"modified":"2024-05-13T12:36:32","modified_gmt":"2024-05-13T10:36:32","slug":"light-cap-ferret","status":"publish","type":"page","link":"https:\/\/bassin-arcachon.com\/en\/nos-villes-et-villages\/lege-cap-ferret\/","title":{"rendered":"Lege-Cap Ferret"},"content":{"rendered":"<div class=\"wp-block-uagb-container uagb-block-608f027c alignfull uagb-is-root-container\"><div class=\"uagb-container-inner-blocks-wrap\">\n<div class=\"wp-block-uagb-container uagb-block-b68abdb1\">\n<div class=\"wp-block-uagb-image uagb-block-1df32a0c wp-block-uagb-image--layout-default wp-block-uagb-image--effect-static wp-block-uagb-image--align-none\"><figure class=\"wp-block-uagb-image__figure\"><img decoding=\"async\" srcset=\"https:\/\/bassin-arcachon.com\/wp-content\/uploads\/2017\/09\/mini-map-lege.jpg \" sizes=\"auto, (max-width: 480px) 150px\" src=\"https:\/\/bassin-arcachon.com\/wp-content\/uploads\/2017\/09\/mini-map-lege.jpg\" alt=\"- - Bassin d&#039;Arcachon\" class=\"uag-image-9672\" width=\"278\" height=\"278\" title=\"- - Bassin d&#039;Arcachon\" loading=\"lazy\" role=\"img\"><\/figure><\/div>\n\n\n\n<h2 class=\"wp-block-heading\">L\u00e8ge-Cap Ferret and childhood memories<\/h2>\n\n\n\n<p>Seen from the sky, this peninsula seems to lovingly embrace the Arcachon Bay. On the ground, the 10 villages that make up L\u00e8ge-Cap Ferret are all invitations to enjoy the holidays at your own pace, take the time to do nothing or do everything at once...<\/p>\n\n\n\n<p>Because that's also what true vacations are all about!<\/p>\n<\/div>\n\n\n\n<div class=\"wp-block-uagb-container uagb-block-f1ff5419\">\t\t\t\t\t<div\n\t\t\t\t\t\tclass=\"wp-block-uagb-image-gallery uagb-block-24031e8c\"\n\t\t\t\t\t\tstyle=\"\"\n\t\t\t\t\t>\n\t\t\t\t\t\t\t\t\t\t\t<div class=\"spectra-image-gallery spectra-image-gallery__layout--grid spectra-image-gallery__layout--grid-col-1 spectra-image-gallery__layout--grid-col-tab-1 spectra-image-gallery__layout--grid-col-mob-1\">\n\t\t\t\t\t\t\t\t\t\t\t<div class='spectra-image-gallery__media-wrapper' data-spectra-gallery-image-id='1737' tabindex=\"0\">\n\t\t\t\t\t\t\t<div class=\"spectra-image-gallery__media spectra-image-gallery__media--grid\">\n\t\t\t\t<picture>\n\t\t\t\t\t<source media=\"(min-width: 1024px)\" srcset=\"https:\/\/bassin-arcachon.com\/wp-content\/uploads\/2017\/02\/balade-ocean-noel-1024x683.jpg\">\n\t\t\t\t\t<source media=\"(min-width: 768px)\" srcset=\"https:\/\/bassin-arcachon.com\/wp-content\/uploads\/2017\/02\/balade-ocean-noel-1024x683.jpg\">\n\t\t\t\t\t<img decoding=\"async\" class=\"spectra-image-gallery__media-thumbnail spectra-image-gallery__media-thumbnail--grid\" src=\"https:\/\/bassin-arcachon.com\/wp-content\/uploads\/2017\/02\/balade-ocean-noel-300x200.jpg\" alt=\"- - Bassin d&#039;Arcachon\" loading=\"lazy\" title=\"- - Bassin d&#039;Arcachon\">\n\t\t\t\t<\/picture>\n\t\t\t\t<div class=\"spectra-image-gallery__media-thumbnail-blurrer\"><\/div>\n\t\t\t\t\t\t\t\t\t\t\t<div class=\"spectra-image-gallery__media-thumbnail-caption-wrapper spectra-image-gallery__media-thumbnail-caption-wrapper--overlay\"><\/div>\n\t\t\t\t\t\t\t\t<\/div>\n\t\t\t\t\t\t<\/div>\n\t\t\t\t\t\t\t\t\t\t<\/div>\n\t\t\t\t\t\t\t\t\t\t\t\t\t\t\t\t\t\t<\/div>\n\t\t\t\t\t\t\t\t\t<\/div>\n<\/div><\/div>\n\n\n\n<div style=\"height:40px\" aria-hidden=\"true\" class=\"wp-block-spacer\"><\/div>\n\n\n\n<div class=\"wp-block-uagb-container uagb-block-38ac36db alignfull uagb-is-root-container\"><div class=\"uagb-container-inner-blocks-wrap\">\n<div class=\"wp-block-uagb-container uagb-block-7d987f6f\">\n<div class=\"wp-block-uagb-image uagb-block-9eb9b940 wp-block-uagb-image--layout-default wp-block-uagb-image--effect-static wp-block-uagb-image--align-none\"><figure class=\"wp-block-uagb-image__figure\"><img decoding=\"async\" srcset=\"https:\/\/bassin-arcachon.com\/wp-content\/uploads\/2017\/11\/velo-cap-ferret-SIBA-agence-les-conteurs-29-1024x683.jpg \" sizes=\"auto, (max-width: 480px) 150px\" src=\"https:\/\/bassin-arcachon.com\/wp-content\/uploads\/2017\/11\/velo-cap-ferret-SIBA-agence-les-conteurs-29-1024x683.jpg\" alt=\"- - Bassin d&#039;Arcachon\" class=\"uag-image-10687\" width=\"1024\" height=\"683\" title=\"- - Bassin d&#039;Arcachon\" loading=\"lazy\" role=\"img\"><\/figure><\/div>\n<\/div>\n\n\n\n<div class=\"wp-block-uagb-container uagb-block-08d7781a\">\n<h3 class=\"wp-block-heading\">Getting to the tip of Cap Ferret by bike<\/h3>\n\n\n\n<p>There is no shortage of cycle paths in L\u00e8ge-Cap Ferret. Hop on a bike from Claouey or any of the villages, and you can easily reach the tip of Cap Ferret while passing through beautiful areas of nature. To make the most of your day, don't hesitate to stop along the way and savor some oysters, dip your feet in the water or treat yourself to a well-deserved ice cream!<\/p>\n<\/div>\n<\/div><\/div>\n\n\n\n<div style=\"height:40px\" aria-hidden=\"true\" class=\"wp-block-spacer\"><\/div>\n\n\n\n<div class=\"wp-block-uagb-container uagb-block-79b0f52e alignfull uagb-is-root-container\"><div class=\"uagb-container-inner-blocks-wrap\">\n<div class=\"wp-block-uagb-container uagb-block-4aa57d52\">\n<h3 class=\"wp-block-heading\">Marvel at the view from the Cap Ferret Lighthouse<\/h3>\n\n\n\n<p>f you are visiting the Arcachon Bay for the first time, you absolutely must climb to the top of the&nbsp;<a href=\"https:\/\/bassin-arcachon.com\/en\/our-essentials\/the-lighthouse-and-point-of-cap-ferret\/\">Cap Ferret Lighthouse<\/a>. From there, you can fully appreciate the expanse of the Bay and its various viewpoints! Even if you return to visit several times, you will see that there are always landscapes to rediscover.<\/p>\n<\/div>\n\n\n\n<div class=\"wp-block-uagb-container uagb-block-c94f6b43\">\n<div class=\"wp-block-uagb-image uagb-block-b1ff78cf wp-block-uagb-image--layout-default wp-block-uagb-image--effect-static wp-block-uagb-image--align-none\"><figure class=\"wp-block-uagb-image__figure\"><img decoding=\"async\" srcset=\"https:\/\/bassin-arcachon.com\/wp-content\/uploads\/2020\/03\/phare-du-cap-ferret-1024x683.jpg \" sizes=\"auto, (max-width: 480px) 150px\" src=\"https:\/\/bassin-arcachon.com\/wp-content\/uploads\/2020\/03\/phare-du-cap-ferret-1024x683.jpg\" alt=\"- - Bassin d&#039;Arcachon\" class=\"uag-image-42976\" width=\"1024\" height=\"683\" title=\"- - Bassin d&#039;Arcachon\" loading=\"lazy\" role=\"img\"><\/figure><\/div>\n<\/div>\n<\/div><\/div>\n\n\n\n<div style=\"height:40px\" aria-hidden=\"true\" class=\"wp-block-spacer\"><\/div>\n\n\n\n<div class=\"wp-block-uagb-container uagb-block-829041f6 alignfull uagb-is-root-container\"><div class=\"uagb-container-inner-blocks-wrap\">\n<figure class=\"wp-block-pullquote\" style=\"border-radius:0px;border-top-style:none;border-top-width:0px;border-right-style:none;border-right-width:0px;border-bottom-style:none;border-bottom-width:0px;border-left-width:2px\"><blockquote><p>The joy of a true vacation, the pleasure of doing everything or nothing, but doing it at your own pace!<\/p><\/blockquote><\/figure>\n<\/div><\/div>\n\n\n\n<div style=\"height:20px\" aria-hidden=\"true\" class=\"wp-block-spacer\"><\/div>\n\n\n\n<div class=\"wp-block-uagb-container uagb-block-8b524f5f alignfull uagb-is-root-container\"><div class=\"uagb-container-inner-blocks-wrap\">\n<div class=\"wp-block-uagb-container uagb-block-56d01f60\">\n<div class=\"wp-block-uagb-image uagb-block-a3b02c86 wp-block-uagb-image--layout-default wp-block-uagb-image--effect-static wp-block-uagb-image--align-none\"><figure class=\"wp-block-uagb-image__figure\"><img decoding=\"async\" srcset=\"https:\/\/bassin-arcachon.com\/wp-content\/uploads\/2017\/03\/pointe-aux-chevaux-hiver-1024x683.jpg \" sizes=\"auto, (max-width: 480px) 150px\" src=\"https:\/\/bassin-arcachon.com\/wp-content\/uploads\/2017\/03\/pointe-aux-chevaux-hiver-1024x683.jpg\" alt=\"- - Bassin d&#039;Arcachon\" class=\"uag-image-10684\" width=\"1024\" height=\"683\" title=\"- - Bassin d&#039;Arcachon\" loading=\"lazy\" role=\"img\"><\/figure><\/div>\n<\/div>\n\n\n\n<div class=\"wp-block-uagb-container uagb-block-09ba0835\">\n<h3 class=\"wp-block-heading\">The Pointe aux Chevaux: Panorama of the \u00cele aux Oiseaux (Bird Island)<\/h3>\n\n\n\n<p><a href=\"https:\/\/bassin-arcachon.com\/en\/our-essentials\/the-stilt-huts\/\" data-type=\"page\" data-id=\"127\">The \u00cele aux Oiseaux (Bird Island)<\/a> can be explored in several ways: by sea kayak, by boat... And for a picture-perfect postcard view, head to the Pointe aux Chevaux. From here, you will have the most beautiful view of this magical place. Then, descend the stairs for a walk in the village of Petit Piquey. Don't forget to indulge in some delicacies like the&nbsp;<a href=\"https:\/\/dunesblanches.fr\/\" target=\"_blank\" rel=\"noopener\">Dunes Blanches from Chez Pascal.<\/a><\/p>\n<\/div>\n<\/div><\/div>\n\n\n\n<div style=\"height:40px\" aria-hidden=\"true\" class=\"wp-block-spacer\"><\/div>\n\n\n\n<div class=\"wp-block-uagb-container uagb-block-12e88341 alignfull uagb-is-root-container\"><div class=\"uagb-container-inner-blocks-wrap\">\n<div class=\"wp-block-uagb-container uagb-block-7db9a849\">\n<h3 class=\"wp-block-heading\">The ocean beaches<\/h3>\n\n\n\n<p>Enjoy the waves! In L\u00e8ge-Cap Ferret, you have the choice to enjoy the calm and charming beaches on the Bay side or those on the Atlantic Ocean side. There are 4 of them in total: the Grand Crohot beach, the Horizon beach, accessible by a&nbsp;<a href=\"https:\/\/bassin-arcachon.com\/en\/what-to-do\/in-a-tribe-of-young-people\/\">little train<\/a>&nbsp;that kids love, the Truc Vert beach, and the Garonne beach.<\/p>\n\n\n\n<p>So many possibilities to explore a new location every day of your vacation, or almost!<\/p>\n<\/div>\n\n\n\n<div class=\"wp-block-uagb-container uagb-block-567d6e21\">\n<div class=\"wp-block-uagb-image uagb-block-5288d8b6 wp-block-uagb-image--layout-default wp-block-uagb-image--effect-static wp-block-uagb-image--align-none\"><figure class=\"wp-block-uagb-image__figure\"><img decoding=\"async\" srcset=\"https:\/\/bassin-arcachon.com\/wp-content\/uploads\/2017\/11\/plage-horizon-balade-hiver-24-1024x683.jpg \" sizes=\"auto, (max-width: 480px) 150px\" src=\"https:\/\/bassin-arcachon.com\/wp-content\/uploads\/2017\/11\/plage-horizon-balade-hiver-24-1024x683.jpg\" alt=\"- - Bassin d&#039;Arcachon\" class=\"uag-image-10688\" width=\"1024\" height=\"683\" title=\"- - Bassin d&#039;Arcachon\" loading=\"lazy\" role=\"img\"><\/figure><\/div>\n<\/div>\n<\/div><\/div>\n\n\n\n<div style=\"height:40px\" aria-hidden=\"true\" class=\"wp-block-spacer\"><\/div>\n\n\n\n<div class=\"wp-block-uagb-container uagb-block-2952884b alignfull uagb-is-root-container\"><div class=\"uagb-container-inner-blocks-wrap\">\n<div class=\"wp-block-uagb-container uagb-block-a4ac9f2b\">\n<div class=\"wp-block-uagb-image uagb-block-336e8c72 wp-block-uagb-image--layout-default wp-block-uagb-image--effect-static wp-block-uagb-image--align-none\"><figure class=\"wp-block-uagb-image__figure\"><img decoding=\"async\" srcset=\"https:\/\/bassin-arcachon.com\/wp-content\/uploads\/2017\/12\/gilberte-with-love-3-1024x683.jpg \" sizes=\"auto, (max-width: 480px) 150px\" src=\"https:\/\/bassin-arcachon.com\/wp-content\/uploads\/2017\/12\/gilberte-with-love-3-1024x683.jpg\" alt=\"- - Bassin d&#039;Arcachon\" class=\"uag-image-11594\" width=\"1024\" height=\"683\" title=\"- - Bassin d&#039;Arcachon\" loading=\"lazy\" role=\"img\"><\/figure><\/div>\n<\/div>\n\n\n\n<div class=\"wp-block-uagb-container uagb-block-207e3b34\">\n<h3 class=\"wp-block-heading\">From boutique to boutique in Piquey<\/h3>\n\n\n\n<p>If you enjoy strolling through home decor shops, head to the Bordeaux Road in Grand Piquey, where you'll find four boutiques well-known to the locals.<\/p>\n\n\n\n<p>Nearby, you will also love browsing for antiques in Petit Piquey. Plenty of opportunities to bring back a souvenir from the Arcachon Bay.<\/p>\n<\/div>\n<\/div><\/div>\n\n\n\n<div style=\"height:40px\" aria-hidden=\"true\" class=\"wp-block-spacer\"><\/div>\n\n\n\n<div class=\"wp-block-uagb-container uagb-block-992c4271 alignfull uagb-is-root-container\"><div class=\"uagb-container-inner-blocks-wrap\">\n<div class=\"wp-block-uagb-container uagb-block-0ae9a2e1\">\n<h3 class=\"wp-block-heading\">A Boat Ride on the Arcachon Bay<\/h3>\n\n\n\n<p>A Boat Ride on the Arcachon Bay&nbsp;<a href=\"https:\/\/bassin-arcachon.com\/en\/what-to-do\/on-water\/\">ride on a pinasse (a traditional wooden boat)?&nbsp;<\/a>After exploring the oyster villages on foot, this is a great opportunity to discover them from a different perspective, navigating on the Bay.<\/p>\n\n\n\n<p>Whether in summer or winter, you will be amazed by the ever-changing colours of the landscape, a joy to photograph.<\/p>\n<\/div>\n\n\n\n<div class=\"wp-block-uagb-container uagb-block-e1f217e5\">\n<div class=\"wp-block-uagb-image uagb-block-2c381640 wp-block-uagb-image--layout-default wp-block-uagb-image--effect-static wp-block-uagb-image--align-none\"><figure class=\"wp-block-uagb-image__figure\"><img decoding=\"async\" srcset=\"https:\/\/bassin-arcachon.com\/wp-content\/uploads\/2017\/02\/balade-pinasse-lege-cap-ferret-60-1024x683.jpg \" sizes=\"auto, (max-width: 480px) 150px\" src=\"https:\/\/bassin-arcachon.com\/wp-content\/uploads\/2017\/02\/balade-pinasse-lege-cap-ferret-60-1024x683.jpg\" alt=\"- - Bassin d&#039;Arcachon\" class=\"uag-image-10706\" width=\"1024\" height=\"683\" title=\"- - Bassin d&#039;Arcachon\" loading=\"lazy\" role=\"img\"><\/figure><\/div>\n<\/div>\n<\/div><\/div>\n\n\n\n<div style=\"height:40px\" aria-hidden=\"true\" class=\"wp-block-spacer\"><\/div>\n\n\n\n<div class=\"wp-block-uagb-container uagb-block-4848d61a alignfull uagb-is-root-container\"><div class=\"uagb-container-inner-blocks-wrap\">\n<div class=\"wp-block-uagb-container uagb-block-2ec528d1\">\n<div class=\"wp-block-uagb-image uagb-block-523a3f7f wp-block-uagb-image--layout-default wp-block-uagb-image--effect-static wp-block-uagb-image--align-none\"><figure class=\"wp-block-uagb-image__figure\"><img decoding=\"async\" srcset=\"https:\/\/bassin-arcachon.com\/wp-content\/uploads\/2017\/03\/marche-cap-ferret-1024x683.jpg \" sizes=\"auto, (max-width: 480px) 150px\" src=\"https:\/\/bassin-arcachon.com\/wp-content\/uploads\/2017\/03\/marche-cap-ferret-1024x683.jpg\" alt=\"- - Bassin d&#039;Arcachon\" class=\"uag-image-1761\" width=\"1024\" height=\"683\" title=\"- - Bassin d&#039;Arcachon\" loading=\"lazy\" role=\"img\"><\/figure><\/div>\n<\/div>\n\n\n\n<div class=\"wp-block-uagb-container uagb-block-d175779c\">\n<h3 class=\"wp-block-heading\">The Cap Ferret market<\/h3>\n\n\n\n<p>In the morning, after a lovely breakfast on a terrace, head to the Cap Ferret market with your basket!<\/p>\n\n\n\n<p>Here, you will love the atmosphere and especially the stalls. You will find fruits and vegetables, of course, but also many merchants offering jewelry, clothing, household linens, and fashion accessories.<\/p>\n<\/div>\n<\/div><\/div>\n\n\n\n<div style=\"height:40px\" aria-hidden=\"true\" class=\"wp-block-spacer\"><\/div>\n\n\n\n<div class=\"wp-block-uagb-container uagb-block-b5e5d07b alignfull uagb-is-root-container\"><div class=\"uagb-container-inner-blocks-wrap\">\n<div class=\"wp-block-uagb-container uagb-block-f52dd6d9\">\n<div class=\"wp-block-uagb-image uagb-block-ff08cbeb wp-block-uagb-image--layout-default wp-block-uagb-image--effect-static wp-block-uagb-image--align-none\"><figure class=\"wp-block-uagb-image__figure\"><img decoding=\"async\" srcset=\"https:\/\/bassin-arcachon.com\/wp-content\/uploads\/2018\/09\/nourri-a-lhu\u00eetre-\u00e9lev\u00e9-sous-les-pins-Bassin-dArcachon.jpg \" sizes=\"auto, (max-width: 480px) 150px\" src=\"https:\/\/bassin-arcachon.com\/wp-content\/uploads\/2018\/09\/nourri-a-lhu\u00eetre-\u00e9lev\u00e9-sous-les-pins-Bassin-dArcachon.jpg\" alt=\"- - Bassin d&#039;Arcachon\" class=\"uag-image-26169\" width=\"1000\" height=\"666\" title=\"- - Bassin d&#039;Arcachon\" loading=\"lazy\" role=\"img\"><\/figure><\/div>\n<\/div>\n\n\n\n<div class=\"wp-block-uagb-container uagb-block-93f7acec\">\n<h4 class=\"wp-block-heading\">Our useful links to prepare your vacation in L\u00e8ge-Cap Ferret<\/h4>\n\n\n\n<p><a href=\"https:\/\/bassin-arcachon.com\/en\/or-sleep\/camping\/light-cap-ferret\/\">Camping<\/a>,\u00a0<a href=\"https:\/\/bassin-arcachon.com\/en\/or-sleep\/bed-and-breakfast-rentals\/cap-ferret\/\">a bed and breakfast<\/a>,\u00a0<a href=\"https:\/\/bassin-arcachon.com\/en\/or-sleep\/hotels\/cap-ferret\/\">hotel<\/a>,\u00a0<a href=\"https:\/\/bassin-arcachon.com\/en\/agenda-outings-markets\/the-markets-of-lege-cap-ferret\/\">local markets in the peninsula<\/a>,\u00a0<a href=\"https:\/\/bassin-arcachon.com\/en\/download-our-app\/\">restaurants in L\u00e8ge Cap Ferret.<\/a><\/p>\n<\/div>\n<\/div><\/div>\n\n\n\n<div style=\"height:40px\" aria-hidden=\"true\" class=\"wp-block-spacer\"><\/div>","protected":false},"excerpt":{"rendered":"<p>L\u00e8ge-Cap Ferret et les souvenirs de l\u2019enfance Vue du ciel, cette presqu\u2019\u00eele semble entourer affectueusement le Bassin d\u2019Arcachon. Les pieds sur terre, les 10 villages qui composent L\u00e8ge-Cap Ferret sont [&hellip;]<\/p>\n","protected":false},"author":25,"featured_media":1769,"parent":29,"menu_order":8,"comment_status":"closed","ping_status":"closed","template":"","meta":{"_acf_changed":false,"_uag_custom_page_level_css":"","footnotes":""},"class_list":["post-342","page","type-page","status-publish","has-post-thumbnail","hentry"],"acf":[],"uagb_featured_image_src":{"full":["https:\/\/bassin-arcachon.com\/wp-content\/uploads\/2017\/03\/pique-nique-plage-truquette-petit-piquey.jpg",1200,800,false],"thumbnail":["https:\/\/bassin-arcachon.com\/wp-content\/uploads\/2017\/03\/pique-nique-plage-truquette-petit-piquey-150x150.jpg",150,150,true],"medium":["https:\/\/bassin-arcachon.com\/wp-content\/uploads\/2017\/03\/pique-nique-plage-truquette-petit-piquey-600x400.jpg",600,400,true],"medium_large":["https:\/\/bassin-arcachon.com\/wp-content\/uploads\/2017\/03\/pique-nique-plage-truquette-petit-piquey-768x512.jpg",768,512,true],"large":["https:\/\/bassin-arcachon.com\/wp-content\/uploads\/2017\/03\/pique-nique-plage-truquette-petit-piquey-1024x683.jpg",1024,683,true],"1536x1536":["https:\/\/bassin-arcachon.com\/wp-content\/uploads\/2017\/03\/pique-nique-plage-truquette-petit-piquey.jpg",1200,800,false],"2048x2048":["https:\/\/bassin-arcachon.com\/wp-content\/uploads\/2017\/03\/pique-nique-plage-truquette-petit-piquey.jpg",1200,800,false],"trp-custom-language-flag":["https:\/\/bassin-arcachon.com\/wp-content\/uploads\/2017\/03\/pique-nique-plage-truquette-petit-piquey-18x12.jpg",18,12,true]},"uagb_author_info":{"display_name":"Marie Clauzel","author_link":"https:\/\/bassin-arcachon.com\/en\/author\/mariesiba\/"},"uagb_comment_info":0,"uagb_excerpt":"L\u00e8ge-Cap Ferret et les souvenirs de l\u2019enfance Vue du ciel, cette presqu\u2019\u00eele semble entourer affectueusement le Bassin d\u2019Arcachon. Les pieds sur terre, les 10 villages qui composent L\u00e8ge-Cap Ferret sont [&hellip;]","_links":{"self":[{"href":"https:\/\/bassin-arcachon.com\/en\/wp-json\/wp\/v2\/pages\/342","targetHints":{"allow":["GET"]}}],"collection":[{"href":"https:\/\/bassin-arcachon.com\/en\/wp-json\/wp\/v2\/pages"}],"about":[{"href":"https:\/\/bassin-arcachon.com\/en\/wp-json\/wp\/v2\/types\/page"}],"author":[{"embeddable":true,"href":"https:\/\/bassin-arcachon.com\/en\/wp-json\/wp\/v2\/users\/25"}],"replies":[{"embeddable":true,"href":"https:\/\/bassin-arcachon.com\/en\/wp-json\/wp\/v2\/comments?post=342"}],"version-history":[{"count":0,"href":"https:\/\/bassin-arcachon.com\/en\/wp-json\/wp\/v2\/pages\/342\/revisions"}],"up":[{"embeddable":true,"href":"https:\/\/bassin-arcachon.com\/en\/wp-json\/wp\/v2\/pages\/29"}],"wp:featuredmedia":[{"embeddable":true,"href":"https:\/\/bassin-arcachon.com\/en\/wp-json\/wp\/v2\/media\/1769"}],"wp:attachment":[{"href":"https:\/\/bassin-arcachon.com\/en\/wp-json\/wp\/v2\/media?parent=342"}],"curies":[{"name":"wp","href":"https:\/\/api.w.org\/{rel}","templated":true}]}}