{"id":37585,"date":"2019-08-30T12:09:05","date_gmt":"2019-08-30T10:09:05","guid":{"rendered":"https:\/\/bassin-arcachon.com\/\/?page_id=37585"},"modified":"2024-08-27T10:27:46","modified_gmt":"2024-08-27T08:27:46","slug":"vtc-rental","status":"publish","type":"page","link":"https:\/\/bassin-arcachon.com\/en\/se-deplacer-sur-le-bassin\/location-vtc\/","title":{"rendered":"VTC rental"},"content":{"rendered":"<div class=\"wp-block-uagb-container uagb-block-8832d69f alignfull uagb-is-root-container\"><div class=\"uagb-container-inner-blocks-wrap\">\n<h2 class=\"wp-block-heading\">Find a vehicle with driver on the Bassin of Arcachon<\/h2>\n\n\n\n<h3 class=\"wp-block-heading\">ARCABERLINES<\/h3>\n\n\n\n<p>Benefits and services 7\/7 \u2013 24\/24 (by prior reservation only)<br>Such. 06 14 04 17 87<br>Email:&nbsp;<a href=\"mailto:contact@arcaberlines.com\">contact@arcaberlines.com<\/a><br>Website :&nbsp;<a href=\"http:\/\/www.arcaberlines.com\/\" target=\"_blank\" rel=\"noreferrer noopener\">www.arcaberlines.com<\/a><\/p>\n\n\n\n<h3 class=\"wp-block-heading\">BA VTC \/ LINE LIMOUSINE VTC <\/h3>\n\n\n\n<p>Benefits and services 7\/7 \u2013 24\/24<br>Tel. 0 805 38 08 08 (freephone number)<br>Email:\u00a0<a href=\"mailto:linelimousinevtc@gmail.com\">linelimousinevtc@gmail.com <\/a><br>Online reservations and payment by credit card on\u00a0<a href=\"https:\/\/ba591691d.web.app\/\" target=\"_blank\" rel=\"noreferrer noopener\">https:\/\/ba591691d.web.app\/<\/a><\/p>\n\n\n\n<h3 class=\"wp-block-heading\">TRANSPORT DRIVER<\/h3>\n\n\n\n<p>Such. 06 11 28 10 37<br>Email:&nbsp;<a href=\"mailto:contact-driver@orange.fr\">contact-driver@orange.fr<\/a><br>Website :&nbsp;<a href=\"http:\/\/www.transportdriver.fr\/\" target=\"_blank\" rel=\"noreferrer noopener\">www.transportdriver.fr<\/a><\/p>\n\n\n\n<h3 class=\"wp-block-heading\">NOCT&#039;AMBULE ARCACHON BASIN<\/h3>\n\n\n\n<p>Night transport \/ Station &amp; Airport \/ Provision<br>Tel. 06 37 16 57 23<br>Website :\u00a0<a href=\"https:\/\/www.vtc-noctambule.fr\/\" target=\"_blank\" rel=\"noopener\">https:\/\/www.vtc-noctambule.fr\/<\/a><\/p>\n\n\n\n<h3 class=\"wp-block-heading\">VIP DRIVER SERVICE<\/h3>\n\n\n\n<p>Such. 06 05 36 64 38<br>Email:\u00a0<a href=\"mailto:vip.chauffeur.service33@gmail.com\">vip.chauffeur.service.33@gmail.com <\/a><br>Website : <a href=\"https:\/\/www.eurecab.com\/annonce\/vip-chauffeur-service\" target=\"_blank\" rel=\"noreferrer noopener\">https:\/\/www.eurecab.com\/annonce\/vip-chauffeur-service<\/a><\/p>\n\n\n\n<h3 class=\"wp-block-heading\">ARCACHON TRANSFER<\/h3>\n\n\n\n<p>Tel. 07 71 80 75 28 \/ 07 71 10 05 75<br>Email:\u00a0<a href=\"mailto:arcachontransfert@gmail.com\">arcachontransfert@gmail.com<\/a> <\/p>\n\n\n\n<h3 class=\"wp-block-heading\">PRIVILEGE PRIVILEGE VTC<\/h3>\n\n\n\n<p>Benefits and services 7\/7 \u2013 24\/24<br>Such. 06 23 07 35 58<br>Email:\u00a0<a href=\"mailto:privilegeprivevtc@gmail.com\">privilegeprivevtc@gmail.com<\/a><br><\/p>\n\n\n\n<h3 class=\"wp-block-heading\">VTC SLP <\/h3>\n\n\n\n<p>Such. 06 70 04 56 42<br>Email:&nbsp;<a href=\"mailto:vtcslp@gmail.com\">vtcslp@gmail.com<\/a> <br>Website :&nbsp;<a href=\"https:\/\/www.facebook.com\/MavoituresurleBassin\/\" target=\"_blank\" rel=\"noopener\">https:\/\/www.facebook.com\/MavoituresurleBassin\/<\/a><\/p>\n\n\n\n<h3 class=\"wp-block-heading\">MISTER CAR DRIVER<\/h3>\n\n\n\n<p>Such. 06 42 57 81 55 <br>Email:&nbsp;<a href=\"mailto:mistercardriver33@gmail.com\">mistercardriver33@gmail.com<\/a><br>Website : <a href=\"https:\/\/www.mistercardriver-arcachon.fr\/\" target=\"_blank\" rel=\"noopener\">https:\/\/www.mistercardriver-arcachon.fr\/<\/a><\/p>\n\n\n\n<h3 class=\"wp-block-heading\">LADYDRIVER VTC<\/h3>\n\n\n\n<p>Tel. 06 70 42 42 17<br>Email: <a href=\"mailto:contact@ladydrivervtc.fr\">contact@ladydrivervtc.fr<\/a><br>Website : <a href=\"https:\/\/ladydrivervtc.fr\/\" target=\"_blank\" rel=\"noopener\">https:\/\/ladydrivervtc.fr\/<\/a><\/p>\n\n\n\n<h3 class=\"wp-block-heading\">ARCAR VTC <\/h3>\n\n\n\n<p>Tel. 06 23 37 60 66<br>Email: <a href=\"mailto:myarcar@gmail.com\" target=\"_blank\" rel=\"noreferrer noopener\">myarcar@gmail.com<\/a> Website : <a href=\"https:\/\/myarcar.com\/\" target=\"_blank\" rel=\"noopener\">myarcar.com<\/a><\/p>\n\n\n\n<h3 class=\"wp-block-heading\">V DRIVE \/ CAP FERRET V DRIVE<\/h3>\n\n\n\n<p>Such. 06 33 00 51 65<br>Email: <a href=\"mailto:vdrive.fr@gmail.com\">vdrive.fr@gmail.com <\/a><br>Website : <a href=\"https:\/\/v-drive.fr\/\" target=\"_blank\" rel=\"noopener\">https:\/\/v-drive.fr\/<\/a><\/p>\n\n\n\n<h3 class=\"wp-block-heading\">ABC VTC<\/h3>\n\n\n\n<p> Such. 07 74 34 65 00 <br>Email: <a href=\"mailto:lescigalesdubassin@gmail.com\">lescigalesdubassin@gmail.com<\/a><\/p>\n\n\n\n<h3 class=\"wp-block-heading\">FRANCKY VTC<\/h3>\n\n\n\n<p>Such. 07 83 86 29 61<br>Email: <a href=\"mailto:franckyvtc@gmail.com\">franckyvtc@gmail.com<\/a><\/p>\n\n\n\n<h3 class=\"wp-block-heading\">PYLAVTC<\/h3>\n\n\n\n<p>Such. 06 98 07 68 78<br>Email: <a href=\"mailto:contact@pylavtc.fr\" data-type=\"mailto\" data-id=\"mailto:contact@pylavtc.fr\">contact@pylavtc.fr<\/a><br>Website : <a href=\"http:\/\/pylavtc.fr\" target=\"_blank\" rel=\"noopener\">pylavtc.fr<\/a><\/p>\n<\/div><\/div>\n\n\n\n<h3 class=\"wp-block-heading\"><br><\/h3>\n\n\n\n<p><\/p>","protected":false},"excerpt":{"rendered":"<p>Trouvez un v\u00e9hicule avec chauffeur sur le Bassin d&rsquo;Arcachon ARCABERLINES Prestations et services 7\/7 \u2013 24\/24 (sur r\u00e9servation pr\u00e9alable uniquement)T\u00e9l. 06 14 04 17 87Mail :&nbsp;contact@arcaberlines.comSite web :&nbsp;www.arcaberlines.com BA VTC [&hellip;]<\/p>\n","protected":false},"author":25,"featured_media":26494,"parent":67,"menu_order":0,"comment_status":"closed","ping_status":"closed","template":"","meta":{"_acf_changed":false,"_uag_custom_page_level_css":"","footnotes":""},"class_list":["post-37585","page","type-page","status-publish","has-post-thumbnail","hentry"],"acf":[],"uagb_featured_image_src":{"full":["https:\/\/bassin-arcachon.com\/wp-content\/uploads\/2018\/10\/sentier-littoral-bassin-arcachon.jpg",1000,666,false],"thumbnail":["https:\/\/bassin-arcachon.com\/wp-content\/uploads\/2018\/10\/sentier-littoral-bassin-arcachon-150x150.jpg",150,150,true],"medium":["https:\/\/bassin-arcachon.com\/wp-content\/uploads\/2018\/10\/sentier-littoral-bassin-arcachon-600x400.jpg",600,400,true],"medium_large":["https:\/\/bassin-arcachon.com\/wp-content\/uploads\/2018\/10\/sentier-littoral-bassin-arcachon-768x511.jpg",768,511,true],"large":["https:\/\/bassin-arcachon.com\/wp-content\/uploads\/2018\/10\/sentier-littoral-bassin-arcachon.jpg",1000,666,false],"1536x1536":["https:\/\/bassin-arcachon.com\/wp-content\/uploads\/2018\/10\/sentier-littoral-bassin-arcachon.jpg",1000,666,false],"2048x2048":["https:\/\/bassin-arcachon.com\/wp-content\/uploads\/2018\/10\/sentier-littoral-bassin-arcachon.jpg",1000,666,false],"trp-custom-language-flag":["https:\/\/bassin-arcachon.com\/wp-content\/uploads\/2018\/10\/sentier-littoral-bassin-arcachon-18x12.jpg",18,12,true]},"uagb_author_info":{"display_name":"Marie Clauzel","author_link":"https:\/\/bassin-arcachon.com\/en\/author\/mariesiba\/"},"uagb_comment_info":0,"uagb_excerpt":"Trouvez un v\u00e9hicule avec chauffeur sur le Bassin d&rsquo;Arcachon ARCABERLINES Prestations et services 7\/7 \u2013 24\/24 (sur r\u00e9servation pr\u00e9alable uniquement)T\u00e9l. 06 14 04 17 87Mail :&nbsp;contact@arcaberlines.comSite web :&nbsp;www.arcaberlines.com BA VTC [&hellip;]","_links":{"self":[{"href":"https:\/\/bassin-arcachon.com\/en\/wp-json\/wp\/v2\/pages\/37585","targetHints":{"allow":["GET"]}}],"collection":[{"href":"https:\/\/bassin-arcachon.com\/en\/wp-json\/wp\/v2\/pages"}],"about":[{"href":"https:\/\/bassin-arcachon.com\/en\/wp-json\/wp\/v2\/types\/page"}],"author":[{"embeddable":true,"href":"https:\/\/bassin-arcachon.com\/en\/wp-json\/wp\/v2\/users\/25"}],"replies":[{"embeddable":true,"href":"https:\/\/bassin-arcachon.com\/en\/wp-json\/wp\/v2\/comments?post=37585"}],"version-history":[{"count":1,"href":"https:\/\/bassin-arcachon.com\/en\/wp-json\/wp\/v2\/pages\/37585\/revisions"}],"predecessor-version":[{"id":239046,"href":"https:\/\/bassin-arcachon.com\/en\/wp-json\/wp\/v2\/pages\/37585\/revisions\/239046"}],"up":[{"embeddable":true,"href":"https:\/\/bassin-arcachon.com\/en\/wp-json\/wp\/v2\/pages\/67"}],"wp:featuredmedia":[{"embeddable":true,"href":"https:\/\/bassin-arcachon.com\/en\/wp-json\/wp\/v2\/media\/26494"}],"wp:attachment":[{"href":"https:\/\/bassin-arcachon.com\/en\/wp-json\/wp\/v2\/media?parent=37585"}],"curies":[{"name":"wp","href":"https:\/\/api.w.org\/{rel}","templated":true}]}}