{"id":400,"date":"2017-03-14T08:40:27","date_gmt":"2017-03-14T07:40:27","guid":{"rendered":"https:\/\/bassin-arcachon.com\/\/?page_id=400"},"modified":"2025-01-06T10:18:30","modified_gmt":"2025-01-06T09:18:30","slug":"hotel","status":"publish","type":"page","link":"https:\/\/bassin-arcachon.com\/en\/ou-dormir\/hotel\/","title":{"rendered":"Hotels"},"content":{"rendered":"<div class=\"wp-block-uagb-container uagb-block-c9158cb7 alignfull uagb-is-root-container\"><div class=\"uagb-container-inner-blocks-wrap\">\n<p>You look for&nbsp;<a href=\"https:\/\/bassin-arcachon.com\/en\/or-sleep\/\" target=\"_blank\" rel=\"noreferrer noopener\">or sleep<\/a>&nbsp;on the Bassin of Arcachon? Discover our charming hotels, on the edge of the Bassin, with swimming pool or with spa, and spend an unforgettable stay with your feet in the water.<\/p>\n<\/div><\/div>\n\n\n\n<div class=\"wp-block-uagb-container uagb-block-a7b14adc alignfull uagb-is-root-container\"><div class=\"uagb-container-inner-blocks-wrap\">\n<div class=\"wp-block-uagb-container uagb-block-855fd94f\">\n<h2 class=\"wp-block-heading\">Hotel by the sea<\/h2>\n\n\n\n<p>Here, we are not really talking about a hotel by the sea, but rather on the edge of Bassin! HAS\u00a0<a href=\"https:\/\/bassin-arcachon.com\/en\/accommodations\/hotels%40andernos\/\" target=\"_blank\" rel=\"noreferrer noopener\">Andernos<\/a>, to\u00a0<a href=\"https:\/\/bassin-arcachon.com\/en\/accommodations\/hotels%40cap-ferret\/\" target=\"_blank\" rel=\"noreferrer noopener\">in Cap Ferret<\/a>, or on the other side of the Bassin, sleep with your feet in the water. And if you want to book a\u00a0<strong>hotel near the ocean<\/strong>\u00a0Atlantic, we recommend the peninsula of L\u00e8ge-Cap Ferret or the town of Teste du Buch, which both offer one of their sides to the waves of the ocean.<\/p>\n\n\n\n<div class=\"wp-block-buttons is-layout-flex wp-block-buttons-is-layout-flex\">\n<div class=\"wp-block-button\"><a class=\"wp-block-button__link wp-element-button\" href=\"https:\/\/bassin-arcachon.com\/en\/accommodations\/hotels%26amp%3bvuemer\/\">Hotels with a view Bassin<\/a><\/div>\n<\/div>\n<\/div>\n\n\n\n<div class=\"wp-block-uagb-container uagb-block-3512e021\">\n<div class=\"wp-block-uagb-image uagb-block-06931776 wp-block-uagb-image--layout-default wp-block-uagb-image--effect-static wp-block-uagb-image--align-none\"><figure class=\"wp-block-uagb-image__figure\"><img decoding=\"async\" srcset=\"https:\/\/bassin-arcachon.com\/wp-content\/uploads\/2020\/02\/chambre-dh\u00f4tes-gujan-mestras-cabane-14-1-1024x683.jpg \" sizes=\"auto, (max-width: 480px) 150px\" src=\"https:\/\/bassin-arcachon.com\/wp-content\/uploads\/2020\/02\/chambre-dh\u00f4tes-gujan-mestras-cabane-14-1-1024x683.jpg\" alt=\"- - Bassin d&#039;Arcachon\" class=\"uag-image-41869\" width=\"1024\" height=\"683\" title=\"- - Bassin d&#039;Arcachon\" loading=\"lazy\" role=\"img\"><\/figure><\/div>\n<\/div>\n<\/div><\/div>\n\n\n\n<div style=\"height:60px\" aria-hidden=\"true\" class=\"wp-block-spacer\"><\/div>\n\n\n\n<div class=\"wp-block-uagb-container uagb-block-90e98bfc alignfull uagb-is-root-container\">\n<div class=\"wp-block-cover is-light has-parallax\"><span aria-hidden=\"true\" class=\"wp-block-cover__background has-background-dim-0 has-background-dim\"><\/span><div class=\"wp-block-cover__image-background wp-image-1345 has-parallax\" style=\"background-position:50% 50%;background-image:url(https:\/\/bassin-arcachon.com\/wp-content\/uploads\/2017\/03\/Camping-Panorama-du-Pyla-cottage-vue-mer-coin-farniente.jpg)\"><\/div><div class=\"wp-block-cover__inner-container is-layout-flow wp-block-cover-is-layout-flow\">\n<div class=\"wp-block-uagb-container uagb-block-f463157c\">\n<h2 class=\"wp-block-heading has-text-align-center has-white-color has-text-color has-large-font-size\">To find the perfect hotel, book as early as possible!<\/h2>\n\n\n\n<p class=\"has-text-align-center has-white-color has-text-color\"><a href=\"https:\/\/bassin-arcachon.com\/en\/accommodations\/hotels\/\">START YOUR SEARCH<\/a><\/p>\n<\/div>\n<\/div><\/div>\n<\/div>\n\n\n\n<div style=\"height:60px\" aria-hidden=\"true\" class=\"wp-block-spacer\"><\/div>\n\n\n\n<div class=\"wp-block-uagb-container uagb-block-e1fdc3fa alignfull uagb-is-root-container\"><div class=\"uagb-container-inner-blocks-wrap\">\n<div class=\"wp-block-uagb-container uagb-block-fefb2fda\">\n<h2 class=\"wp-block-heading\">Your hotel with SPA<\/h2>\n\n\n\n<p>This is one of the pleasures during the holidays or for a weekend: being able to reserve a&nbsp;<strong>hotel with SPA<\/strong>. The advantage of the SPA is that you can enjoy Arcachon&#039;s Bassin in any season, because the hammam or the sauna are available whatever the weather. HAS&nbsp;<a href=\"https:\/\/bassin-arcachon.com\/en\/or-sleep\/hotel\/the-buch-test\/\" target=\"_blank\" rel=\"noreferrer noopener\">La Teste-de-Buch<\/a>&nbsp;or at the foot of&nbsp;<a href=\"https:\/\/bassin-arcachon.com\/en\/or-sleep\/hotel\/pilat-dune\/\" target=\"_blank\" rel=\"noreferrer noopener\">Dune du Pilat<\/a>, treat yourself to a pleasant moment of relaxation in the spa of your hotel!<\/p>\n\n\n\n<div class=\"wp-block-buttons is-layout-flex wp-block-buttons-is-layout-flex\">\n<div class=\"wp-block-button\"><a class=\"wp-block-button__link wp-element-button\" href=\"https:\/\/bassin-arcachon.com\/en\/accommodations\/hotels-spa\/\">Hotels with SPA<\/a><\/div>\n<\/div>\n<\/div>\n\n\n\n<div class=\"wp-block-uagb-container uagb-block-993a6690\">\n<div class=\"wp-block-uagb-image uagb-block-80e2563c wp-block-uagb-image--layout-default wp-block-uagb-image--effect-static wp-block-uagb-image--align-none\"><figure class=\"wp-block-uagb-image__figure\"><img decoding=\"async\" srcset=\"https:\/\/bassin-arcachon.com\/wp-content\/uploads\/2017\/02\/detente-spa-1024x683.jpg \" sizes=\"auto, (max-width: 480px) 150px\" src=\"https:\/\/bassin-arcachon.com\/wp-content\/uploads\/2017\/02\/detente-spa-1024x683.jpg\" alt=\"- - Bassin d&#039;Arcachon\" class=\"uag-image-7222\" width=\"1024\" height=\"683\" title=\"- - Bassin d&#039;Arcachon\" loading=\"lazy\" role=\"img\"><\/figure><\/div>\n<\/div>\n<\/div><\/div>\n\n\n\n<div style=\"height:60px\" aria-hidden=\"true\" class=\"wp-block-spacer\"><\/div>\n\n\n\n<div class=\"wp-block-uagb-container uagb-block-71b2b3c1 alignfull uagb-is-root-container\"><div class=\"uagb-container-inner-blocks-wrap\">\n<div class=\"wp-block-uagb-container uagb-block-5571b746\">\n<div class=\"wp-block-uagb-image uagb-block-d1f996b2 wp-block-uagb-image--layout-default wp-block-uagb-image--effect-static wp-block-uagb-image--align-none\"><figure class=\"wp-block-uagb-image__figure\"><img decoding=\"async\" srcset=\"https:\/\/bassin-arcachon.com\/wp-content\/uploads\/2017\/03\/hotel-arcachon.jpg \" sizes=\"auto, (max-width: 480px) 150px\" src=\"https:\/\/bassin-arcachon.com\/wp-content\/uploads\/2017\/03\/hotel-arcachon.jpg\" alt=\"- - Bassin d&#039;Arcachon\" class=\"uag-image-24506\" width=\"1000\" height=\"666\" title=\"- - Bassin d&#039;Arcachon\" loading=\"lazy\" role=\"img\"><\/figure><\/div>\n<\/div>\n\n\n\n<div class=\"wp-block-uagb-container uagb-block-88044b96\">\n<h2 class=\"wp-block-heading\">The charm of the Bassin hotels in Arcachon<\/h2>\n\n\n\n<p>Charming hotels are not lacking on the\u00a0<strong>Arcachon Bay<\/strong>. Beautiful addresses in the heart of Bassin,\u00a0<a href=\"https:\/\/bassin-arcachon.com\/en\/accommodations\/hotels%40lanton\/\" target=\"_blank\" rel=\"noreferrer noopener\">lanton<\/a>\u00a0in Biganos, or typical residences in\u00a0<a href=\"https:\/\/bassin-arcachon.com\/en\/accommodations\/hotelsarcachon-2\/\" target=\"_blank\" rel=\"noreferrer noopener\">Arcachon<\/a>, we have beautiful hotels for you to discover right now.<\/p>\n\n\n\n<div class=\"wp-block-buttons is-layout-flex wp-block-buttons-is-layout-flex\">\n<div class=\"wp-block-button\"><a class=\"wp-block-button__link wp-element-button\" href=\"https:\/\/bassin-arcachon.com\/en\/accommodations\/hotels\/\">Charming hotels<\/a><\/div>\n<\/div>\n<\/div>\n<\/div><\/div>\n\n\n\n<div style=\"height:60px\" aria-hidden=\"true\" class=\"wp-block-spacer\"><\/div>\n\n\n\n<div class=\"wp-block-uagb-container uagb-block-5cf21d76 alignfull uagb-is-root-container\"><div class=\"uagb-container-inner-blocks-wrap\">\n<div class=\"wp-block-uagb-container uagb-block-5ee4e383\">\n<h2 class=\"wp-block-heading\">The comfort of a hotel with swimming pool<\/h2>\n\n\n\n<p>Even if the Arcachon Bassin is never far away, having a\u00a0<strong>swimming pool in the hotel<\/strong>\u00a0is always appreciated. In case of low tide, or simply to take a dip as soon as you wake up, discover our selection of hotels with swimming pools all around the Bassin. Of\u00a0<a href=\"https:\/\/bassin-arcachon.com\/en\/accommodations\/hotelsgujan-mestras-2\/\" target=\"_blank\" rel=\"noreferrer noopener\">Gujan-Mestras<\/a>\u00a0at\u00a0<a href=\"https:\/\/bassin-arcachon.com\/en\/accommodations\/hotels%40ares\/\" target=\"_blank\" rel=\"noreferrer noopener\">Ares<\/a>, Passing by\u00a0<a href=\"https:\/\/bassin-arcachon.com\/en\/accommodations\/hotelsle-teich-3\/\" target=\"_blank\" rel=\"noreferrer noopener\">Le Teich<\/a>\u00a0Where\u00a0<a href=\"https:\/\/bassin-arcachon.com\/en\/accommodations\/hotelsheart-of-basin\/\" target=\"_blank\" rel=\"noreferrer noopener\">Audenge<\/a>, book your hotel with swimming pool!<\/p>\n\n\n\n<div class=\"wp-block-buttons is-layout-flex wp-block-buttons-is-layout-flex\">\n<div class=\"wp-block-button\"><a class=\"wp-block-button__link wp-element-button\" href=\"https:\/\/bassin-arcachon.com\/en\/accommodations\/hotels%26amp%3bpool\/\">Hotels with swimming pool<\/a><\/div>\n<\/div>\n<\/div>\n\n\n\n<div class=\"wp-block-uagb-container uagb-block-e52772f2\">\n<div class=\"wp-block-uagb-image uagb-block-f59a49ab wp-block-uagb-image--layout-default wp-block-uagb-image--effect-static wp-block-uagb-image--align-none\"><figure class=\"wp-block-uagb-image__figure\"><img decoding=\"async\" srcset=\"https:\/\/bassin-arcachon.com\/wp-content\/uploads\/2019\/11\/Piscine-2-600.jpg \" sizes=\"auto, (max-width: 480px) 150px\" src=\"https:\/\/bassin-arcachon.com\/wp-content\/uploads\/2019\/11\/Piscine-2-600.jpg\" alt=\"- - Bassin d&#039;Arcachon\" class=\"uag-image-38869\" width=\"600\" height=\"400\" title=\"- - Bassin d&#039;Arcachon\" loading=\"lazy\" role=\"img\"><\/figure><\/div>\n<\/div>\n<\/div><\/div>\n\n\n\n<div style=\"height:60px\" aria-hidden=\"true\" class=\"wp-block-spacer\"><\/div>\n\n\n\n<div class=\"wp-block-uagb-container uagb-block-2831fd6a alignfull uagb-is-root-container\"><div class=\"uagb-container-inner-blocks-wrap\">\n<h3 class=\"wp-block-heading has-text-align-center\">Discover the other types of accommodation around the Bassin in Arcachon:<\/h3>\n\n\n\n<p class=\"has-text-align-center\"><a href=\"https:\/\/bassin-arcachon.com\/en\/accommodations\/bed-and-breakfast-2\/\" target=\"_blank\" rel=\"noreferrer noopener\">The guest rooms<\/a><br><a href=\"https:\/\/bassin-arcachon.com\/en\/accommodations\/campsites\/\" target=\"_blank\" rel=\"noreferrer noopener\">Campsites<\/a><\/p>\n<\/div><\/div>\n\n\n\n<div style=\"height:60px\" aria-hidden=\"true\" class=\"wp-block-spacer\"><\/div>","protected":false},"excerpt":{"rendered":"<p>Vous cherchez&nbsp;o\u00f9 dormir&nbsp;sur le Bassin d\u2019Arcachon ? D\u00e9couvrez nos h\u00f4tels de charme, au bord du Bassin, avec piscine ou avec spa, et passez un s\u00e9jour inoubliable les pieds dans l\u2019eau. [&hellip;]<\/p>\n","protected":false},"author":25,"featured_media":394,"parent":43,"menu_order":3,"comment_status":"closed","ping_status":"closed","template":"","meta":{"_acf_changed":false,"_uag_custom_page_level_css":"","footnotes":""},"class_list":["post-400","page","type-page","status-publish","has-post-thumbnail","hentry"],"acf":[],"uagb_featured_image_src":{"full":["https:\/\/bassin-arcachon.com\/wp-content\/uploads\/2017\/03\/header-hotels.jpg",842,560,false],"thumbnail":["https:\/\/bassin-arcachon.com\/wp-content\/uploads\/2017\/03\/header-hotels-150x150.jpg",150,150,true],"medium":["https:\/\/bassin-arcachon.com\/wp-content\/uploads\/2017\/03\/header-hotels-600x399.jpg",600,399,true],"medium_large":["https:\/\/bassin-arcachon.com\/wp-content\/uploads\/2017\/03\/header-hotels-768x511.jpg",768,511,true],"large":["https:\/\/bassin-arcachon.com\/wp-content\/uploads\/2017\/03\/header-hotels.jpg",842,560,false],"1536x1536":["https:\/\/bassin-arcachon.com\/wp-content\/uploads\/2017\/03\/header-hotels.jpg",842,560,false],"2048x2048":["https:\/\/bassin-arcachon.com\/wp-content\/uploads\/2017\/03\/header-hotels.jpg",842,560,false],"trp-custom-language-flag":["https:\/\/bassin-arcachon.com\/wp-content\/uploads\/2017\/03\/header-hotels-18x12.jpg",18,12,true]},"uagb_author_info":{"display_name":"Marie Clauzel","author_link":"https:\/\/bassin-arcachon.com\/en\/author\/mariesiba\/"},"uagb_comment_info":0,"uagb_excerpt":"Vous cherchez&nbsp;o\u00f9 dormir&nbsp;sur le Bassin d\u2019Arcachon ? D\u00e9couvrez nos h\u00f4tels de charme, au bord du Bassin, avec piscine ou avec spa, et passez un s\u00e9jour inoubliable les pieds dans l\u2019eau. [&hellip;]","_links":{"self":[{"href":"https:\/\/bassin-arcachon.com\/en\/wp-json\/wp\/v2\/pages\/400","targetHints":{"allow":["GET"]}}],"collection":[{"href":"https:\/\/bassin-arcachon.com\/en\/wp-json\/wp\/v2\/pages"}],"about":[{"href":"https:\/\/bassin-arcachon.com\/en\/wp-json\/wp\/v2\/types\/page"}],"author":[{"embeddable":true,"href":"https:\/\/bassin-arcachon.com\/en\/wp-json\/wp\/v2\/users\/25"}],"replies":[{"embeddable":true,"href":"https:\/\/bassin-arcachon.com\/en\/wp-json\/wp\/v2\/comments?post=400"}],"version-history":[{"count":1,"href":"https:\/\/bassin-arcachon.com\/en\/wp-json\/wp\/v2\/pages\/400\/revisions"}],"predecessor-version":[{"id":68248,"href":"https:\/\/bassin-arcachon.com\/en\/wp-json\/wp\/v2\/pages\/400\/revisions\/68248"}],"up":[{"embeddable":true,"href":"https:\/\/bassin-arcachon.com\/en\/wp-json\/wp\/v2\/pages\/43"}],"wp:featuredmedia":[{"embeddable":true,"href":"https:\/\/bassin-arcachon.com\/en\/wp-json\/wp\/v2\/media\/394"}],"wp:attachment":[{"href":"https:\/\/bassin-arcachon.com\/en\/wp-json\/wp\/v2\/media?parent=400"}],"curies":[{"name":"wp","href":"https:\/\/api.w.org\/{rel}","templated":true}]}}