{"id":44470,"date":"2020-07-06T15:19:42","date_gmt":"2020-07-06T13:19:42","guid":{"rendered":"https:\/\/bassin-arcachon.com\/\/?page_id=44470"},"modified":"2024-11-06T11:42:38","modified_gmt":"2024-11-06T10:42:38","slug":"light-cap-ferret","status":"publish","type":"page","link":"https:\/\/bassin-arcachon.com\/en\/ou-dormir\/camping\/lege-cap-ferret\/","title":{"rendered":"Our campsites in L\u00e8ge Cap Ferret"},"content":{"rendered":"<div class=\"wp-block-uagb-container uagb-block-1c6506fd alignfull uagb-is-root-container\"><div class=\"uagb-container-inner-blocks-wrap\">\n<div class=\"wp-block-uagb-container uagb-block-8e4b4a20\">\n<h2 class=\"wp-block-heading\">Our campsites with swimming pool in L\u00e8ge Cap Ferret<\/h2>\n\n\n\n<p>And if you spend a dream vacation by the&nbsp;<strong>pool<\/strong>&nbsp;and close to the beach? Choose your&nbsp;<strong>camping<\/strong>&nbsp;of&nbsp;<strong>Lege-Cap-Ferret&nbsp;<\/strong>with&nbsp;<strong>pool<\/strong>, and enjoy unforgettable moments with your children or with friends! In the middle of the pines or at the edge of the water, our&nbsp;<strong>campsites<\/strong>&nbsp;with&nbsp;<strong>pool<\/strong>&nbsp;in L\u00e8ge-Cap-Ferret guarantee you a total change of scenery!<\/p>\n\n\n\n<div class=\"wp-block-buttons is-layout-flex wp-block-buttons-is-layout-flex\">\n<div class=\"wp-block-button\"><a class=\"wp-block-button__link wp-element-button\" href=\"https:\/\/bassin-arcachon.com\/en\/accommodations\/campsiteslege-cap-ferretswimming-pool\/\">Campsites with swimming pool<\/a><\/div>\n<\/div>\n<\/div>\n\n\n\n<div class=\"wp-block-uagb-container uagb-block-90e8a36d\">\n<div class=\"wp-block-uagb-image uagb-block-3a782d9c wp-block-uagb-image--layout-default wp-block-uagb-image--effect-static wp-block-uagb-image--align-none\"><figure class=\"wp-block-uagb-image__figure\"><img decoding=\"async\" srcset=\"https:\/\/bassin-arcachon.com\/wp-content\/uploads\/2018\/04\/villlage-ostreicole-velo-lege-cap-ferret-4-e1548069875703.jpg ,https:\/\/bassin-arcachon.com\/wp-content\/uploads\/2018\/04\/villlage-ostreicole-velo-lege-cap-ferret-4-e1548069875703.jpg 780w, https:\/\/bassin-arcachon.com\/wp-content\/uploads\/2018\/04\/villlage-ostreicole-velo-lege-cap-ferret-4-e1548069875703.jpg 360w\" sizes=\"auto, (max-width: 480px) 150px\" src=\"https:\/\/bassin-arcachon.com\/wp-content\/uploads\/2018\/04\/villlage-ostreicole-velo-lege-cap-ferret-4-e1548069875703.jpg\" alt=\"Walk in an oyster farming village of L\u00e8ge Cap Ferret\" class=\"uag-image-19931\" width=\"1024\" height=\"682\" title=\"Walk in an oyster farming village of L\u00e8ge Cap Ferret\" loading=\"lazy\" role=\"img\"\/><\/figure><\/div>\n<\/div>\n<\/div><\/div>\n\n\n\n<div style=\"height:60px\" aria-hidden=\"true\" class=\"wp-block-spacer\"><\/div>\n\n\n\n<div class=\"wp-block-uagb-container uagb-block-580af11a alignfull uagb-is-root-container\"><div class=\"uagb-container-inner-blocks-wrap\">\n<div class=\"wp-block-uagb-container uagb-block-fb01fee9\">\n<div class=\"wp-block-uagb-image uagb-block-2f070cf7 wp-block-uagb-image--layout-default wp-block-uagb-image--effect-static wp-block-uagb-image--align-none\"><figure class=\"wp-block-uagb-image__figure\"><img decoding=\"async\" srcset=\"https:\/\/bassin-arcachon.com\/wp-content\/uploads\/2017\/09\/la-pointe-aux-chevaux-printemps-1024x683.jpg \" sizes=\"auto, (max-width: 480px) 150px\" src=\"https:\/\/bassin-arcachon.com\/wp-content\/uploads\/2017\/09\/la-pointe-aux-chevaux-printemps-1024x683.jpg\" alt=\"- - Bassin d&#039;Arcachon\" class=\"uag-image-9680\" width=\"1024\" height=\"683\" title=\"- - Bassin d&#039;Arcachon\" loading=\"lazy\" role=\"img\"><\/figure><\/div>\n<\/div>\n\n\n\n<div class=\"wp-block-uagb-container uagb-block-0d7376de\">\n<h2 class=\"wp-block-heading\">Our campsites with a view of the basin in L\u00e8ge Cap Ferret<\/h2>\n\n\n\n<p>Want a moment of relaxation with family or friends? Opt for your&nbsp;<strong>camping<\/strong>&nbsp;at&nbsp;<strong>Lege-Cap-Ferret&nbsp;<\/strong>with&nbsp;<strong>view of the basin<\/strong>&nbsp;! Live to the rhythm of the tides, and wake up every morning to a new panorama. At the water&#039;s edge and with your feet in the sand, enjoy direct access to the beach. So don&#039;t miss our&nbsp;<strong>campsites<\/strong>&nbsp;with&nbsp;<strong>view of the basin<\/strong>&nbsp;at&nbsp;<strong>Lege-Cap-Ferret<\/strong>&nbsp;!<\/p>\n\n\n\n<div class=\"wp-block-buttons is-layout-flex wp-block-buttons-is-layout-flex\">\n<div class=\"wp-block-button\"><a class=\"wp-block-button__link wp-element-button\" href=\"https:\/\/bassin-arcachon.com\/en\/accommodations\/campsites%40lege-cap-ferret%26amp%3bvuemer\/\">Waterfront campsite<\/a><\/div>\n<\/div>\n<\/div>\n<\/div><\/div>\n\n\n\n<div style=\"height:60px\" aria-hidden=\"true\" class=\"wp-block-spacer\"><\/div>\n\n\n\n<div class=\"wp-block-uagb-container uagb-block-052cc5b4 alignfull uagb-is-root-container\"><div class=\"uagb-container-inner-blocks-wrap\">\n<div class=\"wp-block-uagb-container uagb-block-54bd363b\">\n<h2 class=\"wp-block-heading\">Our campsites open all year round in L\u00e8ge Cap Ferret<\/h2>\n\n\n\n<p><strong>Lege-Cap-Ferret&nbsp;<\/strong>reveals a new face over the seasons. The cold sets in, the landscapes change, and the Bassin transforms, becomes even more magical! Discover this facet of&nbsp;<strong>Lightship Cap Ferret<\/strong>&nbsp;and choose a&nbsp;<strong>camping<\/strong>&nbsp;<strong>open all year&nbsp;<\/strong>! Come and recharge your batteries in calm and freshness! Stroll on the deserted beaches and in the forest of&nbsp;<strong>Lightship Cap Ferret<\/strong>, and experience the magic of&nbsp;<strong>camping<\/strong>&nbsp;at any time of&nbsp;<strong>the year<\/strong>&nbsp;!<\/p>\n\n\n\n<div class=\"wp-block-buttons is-layout-flex wp-block-buttons-is-layout-flex\">\n<div class=\"wp-block-button\"><a class=\"wp-block-button__link wp-element-button\" href=\"https:\/\/bassin-arcachon.com\/en\/accommodations\/campingslege-cap-ferret-2\/\">Campsites open all year round<\/a><\/div>\n<\/div>\n<\/div>\n\n\n\n<div class=\"wp-block-uagb-container uagb-block-05875d1e\">\n<div class=\"wp-block-uagb-image uagb-block-1bc4f155 wp-block-uagb-image--layout-default wp-block-uagb-image--effect-static wp-block-uagb-image--align-none\"><figure class=\"wp-block-uagb-image__figure\"><img decoding=\"async\" srcset=\"https:\/\/bassin-arcachon.com\/wp-content\/uploads\/2018\/11\/Patinoire-L\u00e8ge-Cap-Ferret-1024x683.jpg \" sizes=\"auto, (max-width: 480px) 150px\" src=\"https:\/\/bassin-arcachon.com\/wp-content\/uploads\/2018\/11\/Patinoire-L\u00e8ge-Cap-Ferret-1024x683.jpg\" alt=\"- - Bassin d&#039;Arcachon\" class=\"uag-image-27045\" width=\"1024\" height=\"683\" title=\"- - Bassin d&#039;Arcachon\" loading=\"lazy\" role=\"img\"><\/figure><\/div>\n<\/div>\n<\/div><\/div>\n\n\n\n<div style=\"height:60px\" aria-hidden=\"true\" class=\"wp-block-spacer\"><\/div>\n\n\n\n<div class=\"wp-block-uagb-container uagb-block-2abae769 alignfull uagb-is-root-container\">\n<div class=\"wp-block-cover is-light has-parallax\"><span aria-hidden=\"true\" class=\"wp-block-cover__background has-background-dim-0 has-background-dim\"><\/span><div class=\"wp-block-cover__image-background wp-image-1345 has-parallax\" style=\"background-position:50% 50%;background-image:url(https:\/\/bassin-arcachon.com\/wp-content\/uploads\/2017\/03\/Camping-Panorama-du-Pyla-cottage-vue-mer-coin-farniente.jpg)\"><\/div><div class=\"wp-block-cover__inner-container is-layout-flow wp-block-cover-is-layout-flow\">\n<div class=\"wp-block-uagb-container uagb-block-396d4238\">\n<h2 class=\"wp-block-heading has-text-align-center has-white-color has-text-color has-large-font-size\">Spend your holidays with ease in one of the Bassin campsites in Arcachon!<\/h2>\n\n\n\n<p class=\"has-text-align-center has-white-color has-text-color\"><a href=\"https:\/\/bassin-arcachon.com\/en\/accommodations\/campsites\/\">START YOUR SEARCH<\/a><\/p>\n<\/div>\n<\/div><\/div>\n<\/div>\n\n\n\n<div style=\"height:60px\" aria-hidden=\"true\" class=\"wp-block-spacer\"><\/div>\n\n\n\n<div class=\"wp-block-uagb-container uagb-block-02e6a164 alignfull uagb-is-root-container\"><div class=\"uagb-container-inner-blocks-wrap\">\n<div class=\"wp-block-uagb-container uagb-block-8edb6d7d\">\n<h3 class=\"wp-block-heading\">Would you like to book a campsite around L\u00e8ge-Cap Ferret?<\/h3>\n\n\n\n<p>Discover all our campsites at Bassin Arcachon:&nbsp;<a href=\"https:\/\/bassin-arcachon.com\/en\/accommodations\/hotels+ares\/\">Ares<\/a>,&nbsp;<a href=\"https:\/\/bassin-arcachon.com\/en\/accommodations\/hotels+arcachon\/\">Arcachon<\/a>,&nbsp;<a href=\"https:\/\/bassin-arcachon.com\/en\/accommodations\/hotels+the-buch-test\/\">La Teste de Buch<\/a>,&nbsp;<a href=\"https:\/\/bassin-arcachon.com\/en\/accommodations\/hotels+andernos\/\">Andernos<\/a>,&nbsp;<a href=\"https:\/\/bassin-arcachon.com\/en\/accommodations\/hotels+gujan-mestras\/\">Gujan-Mestras,<\/a>&nbsp;<a href=\"https:\/\/bassin-arcachon.com\/en\/accommodations\/hotels+heart-of-the-basin-2\/\">Biganos,<\/a>&nbsp;<a href=\"https:\/\/bassin-arcachon.com\/en\/accommodations\/hotels+heart-of-the-basin-2\/\">Audenge<\/a>,<a href=\"https:\/\/bassin-arcachon.com\/en\/accommodations\/hotels+heart-of-the-basin-2\/\">&nbsp;lanton&nbsp;<\/a>and&nbsp;<a href=\"https:\/\/bassin-arcachon.com\/en\/accommodations\/hotels+the-teich\/\">Le Teich<\/a>&nbsp;!<\/p>\n<\/div>\n\n\n\n<div class=\"wp-block-uagb-container uagb-block-2e52a006\">\n<div class=\"wp-block-uagb-image uagb-block-a755267c wp-block-uagb-image--layout-default wp-block-uagb-image--effect-static wp-block-uagb-image--align-none\"><figure class=\"wp-block-uagb-image__figure\"><img decoding=\"async\" srcset=\"https:\/\/bassin-arcachon.com\/wp-content\/uploads\/2018\/09\/nourri-a-lhu\u00eetre-\u00e9lev\u00e9-sous-les-pins-Bassin-dArcachon.jpg \" sizes=\"auto, (max-width: 480px) 150px\" src=\"https:\/\/bassin-arcachon.com\/wp-content\/uploads\/2018\/09\/nourri-a-lhu\u00eetre-\u00e9lev\u00e9-sous-les-pins-Bassin-dArcachon.jpg\" alt=\"- - Bassin d&#039;Arcachon\" class=\"uag-image-26169\" width=\"1000\" height=\"666\" title=\"- - Bassin d&#039;Arcachon\" loading=\"lazy\" role=\"img\"><\/figure><\/div>\n<\/div>\n<\/div><\/div>\n\n\n\n<div style=\"height:40px\" aria-hidden=\"true\" class=\"wp-block-spacer\"><\/div>","protected":false},"excerpt":{"rendered":"<p>Nos campings avec piscine \u00e0 L\u00e8ge Cap Ferret Et si vous passiez des vacances de r\u00eave au bord de la&nbsp;piscine&nbsp;et \u00e0 deux pas de la plage ? Choisissez votre&nbsp;camping&nbsp;de&nbsp;L\u00e8ge-Cap-Ferret&nbsp;avec&nbsp;piscine, et [&hellip;]<\/p>\n","protected":false},"author":25,"featured_media":2217,"parent":392,"menu_order":1,"comment_status":"closed","ping_status":"closed","template":"","meta":{"_acf_changed":false,"_uag_custom_page_level_css":"","footnotes":""},"class_list":["post-44470","page","type-page","status-publish","has-post-thumbnail","hentry"],"acf":[],"uagb_featured_image_src":{"full":["https:\/\/bassin-arcachon.com\/wp-content\/uploads\/2017\/03\/camping-bassin-arcachon.jpg",1200,800,false],"thumbnail":["https:\/\/bassin-arcachon.com\/wp-content\/uploads\/2017\/03\/camping-bassin-arcachon-150x150.jpg",150,150,true],"medium":["https:\/\/bassin-arcachon.com\/wp-content\/uploads\/2017\/03\/camping-bassin-arcachon-600x400.jpg",600,400,true],"medium_large":["https:\/\/bassin-arcachon.com\/wp-content\/uploads\/2017\/03\/camping-bassin-arcachon-768x512.jpg",768,512,true],"large":["https:\/\/bassin-arcachon.com\/wp-content\/uploads\/2017\/03\/camping-bassin-arcachon-1024x683.jpg",1024,683,true],"1536x1536":["https:\/\/bassin-arcachon.com\/wp-content\/uploads\/2017\/03\/camping-bassin-arcachon.jpg",1200,800,false],"2048x2048":["https:\/\/bassin-arcachon.com\/wp-content\/uploads\/2017\/03\/camping-bassin-arcachon.jpg",1200,800,false],"trp-custom-language-flag":["https:\/\/bassin-arcachon.com\/wp-content\/uploads\/2017\/03\/camping-bassin-arcachon-18x12.jpg",18,12,true]},"uagb_author_info":{"display_name":"Marie Clauzel","author_link":"https:\/\/bassin-arcachon.com\/en\/author\/mariesiba\/"},"uagb_comment_info":0,"uagb_excerpt":"Nos campings avec piscine \u00e0 L\u00e8ge Cap Ferret Et si vous passiez des vacances de r\u00eave au bord de la&nbsp;piscine&nbsp;et \u00e0 deux pas de la plage ? Choisissez votre&nbsp;camping&nbsp;de&nbsp;L\u00e8ge-Cap-Ferret&nbsp;avec&nbsp;piscine, et [&hellip;]","_links":{"self":[{"href":"https:\/\/bassin-arcachon.com\/en\/wp-json\/wp\/v2\/pages\/44470","targetHints":{"allow":["GET"]}}],"collection":[{"href":"https:\/\/bassin-arcachon.com\/en\/wp-json\/wp\/v2\/pages"}],"about":[{"href":"https:\/\/bassin-arcachon.com\/en\/wp-json\/wp\/v2\/types\/page"}],"author":[{"embeddable":true,"href":"https:\/\/bassin-arcachon.com\/en\/wp-json\/wp\/v2\/users\/25"}],"replies":[{"embeddable":true,"href":"https:\/\/bassin-arcachon.com\/en\/wp-json\/wp\/v2\/comments?post=44470"}],"version-history":[{"count":2,"href":"https:\/\/bassin-arcachon.com\/en\/wp-json\/wp\/v2\/pages\/44470\/revisions"}],"predecessor-version":[{"id":68273,"href":"https:\/\/bassin-arcachon.com\/en\/wp-json\/wp\/v2\/pages\/44470\/revisions\/68273"}],"up":[{"embeddable":true,"href":"https:\/\/bassin-arcachon.com\/en\/wp-json\/wp\/v2\/pages\/392"}],"wp:featuredmedia":[{"embeddable":true,"href":"https:\/\/bassin-arcachon.com\/en\/wp-json\/wp\/v2\/media\/2217"}],"wp:attachment":[{"href":"https:\/\/bassin-arcachon.com\/en\/wp-json\/wp\/v2\/media?parent=44470"}],"curies":[{"name":"wp","href":"https:\/\/api.w.org\/{rel}","templated":true}]}}