{"id":44472,"date":"2020-07-06T15:25:39","date_gmt":"2020-07-06T13:25:39","guid":{"rendered":"https:\/\/bassin-arcachon.com\/\/?page_id=44472"},"modified":"2024-11-06T11:43:52","modified_gmt":"2024-11-06T10:43:52","slug":"gujan-mestras","status":"publish","type":"page","link":"https:\/\/bassin-arcachon.com\/en\/ou-dormir\/camping\/gujan-mestras\/","title":{"rendered":"Our campsites in Gujan-Mestras"},"content":{"rendered":"<div class=\"wp-block-uagb-container uagb-block-1f341a00 alignfull uagb-is-root-container\"><div class=\"uagb-container-inner-blocks-wrap\">\n<div class=\"wp-block-uagb-container uagb-block-907f347f\">\n<h2 class=\"wp-block-heading\">Our campsites in Gujan-Mestras with your pets<\/h2>\n\n\n\n<p>Go on vacation with your pet in one of our&nbsp;<strong>campsites&nbsp;<\/strong>at<strong>&nbsp;Gujan-Mestras, or nearby<\/strong>&nbsp;! Between dunes and forest, your&nbsp;<strong>animals<\/strong>&nbsp;will have plenty of room to have fun! Stroll on&nbsp;<a href=\"https:\/\/bassin-arcachon.com\/en\/our-essentials\/the-beaches\/\" target=\"_blank\" rel=\"noreferrer noopener\">one of the ranges of the Bassin<\/a>&nbsp;with your&nbsp;<strong>animals<\/strong>&nbsp;and spend unforgettable holidays in your&nbsp;<strong>camping<\/strong>&nbsp;at the heart of&nbsp;<strong>Gujan-Mestras<\/strong>, in the company of your most faithful companion!<\/p>\n\n\n\n<div class=\"wp-block-buttons is-layout-flex wp-block-buttons-is-layout-flex\">\n<div class=\"wp-block-button\"><a class=\"wp-block-button__link wp-element-button\" href=\"https:\/\/bassin-arcachon.com\/en\/accommodations\/campsitesgujan-mestrasanimals\/\">Camping with pets<\/a><\/div>\n<\/div>\n<\/div>\n\n\n\n<div class=\"wp-block-uagb-container uagb-block-d3e84a1a\">\n<div class=\"wp-block-uagb-image uagb-block-2e8de19e wp-block-uagb-image--layout-default wp-block-uagb-image--effect-static wp-block-uagb-image--align-none\"><figure class=\"wp-block-uagb-image__figure\"><img decoding=\"async\" srcset=\"https:\/\/bassin-arcachon.com\/wp-content\/uploads\/2017\/02\/IMG_04b_LaMolle-1024x683.jpg \" sizes=\"auto, (max-width: 480px) 150px\" src=\"https:\/\/bassin-arcachon.com\/wp-content\/uploads\/2017\/02\/IMG_04b_LaMolle-1024x683.jpg\" alt=\"Port of Gujan-Mestras\" class=\"uag-image-7219\" width=\"1024\" height=\"683\" title=\"- - Bassin d&#039;Arcachon\" loading=\"lazy\" role=\"img\"><\/figure><\/div>\n<\/div>\n<\/div><\/div>\n\n\n\n<div style=\"height:60px\" aria-hidden=\"true\" class=\"wp-block-spacer\"><\/div>\n\n\n\n<div class=\"wp-block-uagb-container uagb-block-fcce26e9 alignfull uagb-is-root-container\"><div class=\"uagb-container-inner-blocks-wrap\">\n<div class=\"wp-block-uagb-container uagb-block-556263d3\">\n<div class=\"wp-block-uagb-image uagb-block-f9eb4601 wp-block-uagb-image--layout-default wp-block-uagb-image--effect-static wp-block-uagb-image--align-none\"><figure class=\"wp-block-uagb-image__figure\"><img decoding=\"async\" srcset=\"https:\/\/bassin-arcachon.com\/wp-content\/uploads\/2017\/03\/Camping-Panorama-du-Pyla-vue-mer-1024x683.jpg \" sizes=\"auto, (max-width: 480px) 150px\" src=\"https:\/\/bassin-arcachon.com\/wp-content\/uploads\/2017\/03\/Camping-Panorama-du-Pyla-vue-mer-1024x683.jpg\" alt=\"- - Bassin d&#039;Arcachon\" class=\"uag-image-1336\" width=\"1024\" height=\"683\" title=\"- - Bassin d&#039;Arcachon\" loading=\"lazy\" role=\"img\"><\/figure><\/div>\n<\/div>\n\n\n\n<div class=\"wp-block-uagb-container uagb-block-ceee1af7\">\n<h2 class=\"wp-block-heading\">Our campsites in Gujan-Mestras with a motorhome pitch<\/h2>\n\n\n\n<p>Live an exceptional holiday aboard your&nbsp;<strong>camping car<\/strong>&nbsp;! Book your pitch in a&nbsp;<strong>camping<\/strong>&nbsp;of&nbsp;<strong>Gujan-Mestras<\/strong>&nbsp;and share special family moments on the Bassin. On the sand and at the edge of the water, choose your decor for an unforgettable awakening from your&nbsp;<strong>camping car&nbsp;<\/strong>!<\/p>\n\n\n\n<div class=\"wp-block-buttons is-layout-flex wp-block-buttons-is-layout-flex\">\n<div class=\"wp-block-button\"><a class=\"wp-block-button__link wp-element-button\" href=\"https:\/\/bassin-arcachon.com\/en\/accommodations\/campingsgujan-mestras\/\">Campsites with motorhome pitches<\/a><\/div>\n<\/div>\n<\/div>\n<\/div><\/div>\n\n\n\n<div style=\"height:60px\" aria-hidden=\"true\" class=\"wp-block-spacer\"><\/div>\n\n\n\n<div class=\"wp-block-uagb-container uagb-block-8baa74f7 alignfull uagb-is-root-container\"><div class=\"uagb-container-inner-blocks-wrap\">\n<div class=\"wp-block-uagb-container uagb-block-6ff0a6f8\">\n<h2 class=\"wp-block-heading\">Our campsites with swimming pool in Gujan-Mestras<\/h2>\n\n\n\n<p>Imagine your vacation at&nbsp;<strong>camping<\/strong>&nbsp;on the side of the&nbsp;<strong>pool<\/strong>, a treat for the whole family: small and large pools, water games and deckchairs, our&nbsp;<strong>campsites<\/strong>&nbsp;of&nbsp;<strong>Gujan-Mestras or nearby<\/strong>&nbsp;make your holiday a truly enchanted parenthesis! A stone&#039;s throw from the basin and surrounded by nature, enjoy the calm and clear water of the&nbsp;<strong>pool<\/strong>&nbsp;of your&nbsp;<strong>camping<\/strong>&nbsp;!<\/p>\n\n\n\n<div class=\"wp-block-buttons is-layout-flex wp-block-buttons-is-layout-flex\">\n<div class=\"wp-block-button\"><a class=\"wp-block-button__link wp-element-button\" href=\"https:\/\/bassin-arcachon.com\/en\/accommodations\/campsites%40gujan-mestras%26amp%3bpool\/\">Campsites with swimming pool<\/a><\/div>\n<\/div>\n<\/div>\n\n\n\n<div class=\"wp-block-uagb-container uagb-block-ecb83634\">\n<div class=\"wp-block-uagb-image uagb-block-4aef9e7b wp-block-uagb-image--layout-default wp-block-uagb-image--effect-static wp-block-uagb-image--align-none\"><figure class=\"wp-block-uagb-image__figure\"><img decoding=\"async\" srcset=\"https:\/\/bassin-arcachon.com\/wp-content\/uploads\/2017\/02\/IMG_28_Canal-1024x683.jpg \" sizes=\"auto, (max-width: 480px) 150px\" src=\"https:\/\/bassin-arcachon.com\/wp-content\/uploads\/2017\/02\/IMG_28_Canal-1024x683.jpg\" alt=\"- - Bassin d&#039;Arcachon\" class=\"uag-image-6995\" width=\"1024\" height=\"683\" title=\"- - Bassin d&#039;Arcachon\" loading=\"lazy\" role=\"img\"><\/figure><\/div>\n<\/div>\n<\/div><\/div>\n\n\n\n<div style=\"height:60px\" aria-hidden=\"true\" class=\"wp-block-spacer\"><\/div>\n\n\n\n<div class=\"wp-block-uagb-container uagb-block-041c39c5 alignfull uagb-is-root-container\">\n<div class=\"wp-block-cover is-light has-parallax\"><span aria-hidden=\"true\" class=\"wp-block-cover__background has-background-dim-0 has-background-dim\"><\/span><div class=\"wp-block-cover__image-background wp-image-1345 has-parallax\" style=\"background-position:50% 50%;background-image:url(https:\/\/bassin-arcachon.com\/wp-content\/uploads\/2017\/03\/Camping-Panorama-du-Pyla-cottage-vue-mer-coin-farniente.jpg)\"><\/div><div class=\"wp-block-cover__inner-container is-layout-flow wp-block-cover-is-layout-flow\">\n<div class=\"wp-block-uagb-container uagb-block-ae6479e7\">\n<h2 class=\"wp-block-heading has-text-align-center has-white-color has-text-color has-large-font-size\">Spend your holidays with ease in one of the Bassin campsites in Arcachon!<\/h2>\n\n\n\n<p class=\"has-text-align-center has-white-color has-text-color\"><a href=\"https:\/\/bassin-arcachon.com\/en\/accommodations\/campsites\/\">START YOUR SEARCH<\/a><\/p>\n<\/div>\n<\/div><\/div>\n<\/div>\n\n\n\n<div style=\"height:60px\" aria-hidden=\"true\" class=\"wp-block-spacer\"><\/div>\n\n\n\n<div class=\"wp-block-uagb-container uagb-block-02e6a164 alignfull uagb-is-root-container\"><div class=\"uagb-container-inner-blocks-wrap\">\n<div class=\"wp-block-uagb-container uagb-block-8edb6d7d\">\n<h3 class=\"wp-block-heading\">Would you like to book a campsite around Gujan-Mestras?<\/h3>\n\n\n\n<p>Discover all our campsites at Bassin Arcachon:&nbsp;<a href=\"https:\/\/bassin-arcachon.com\/en\/accommodations\/hotels+ares\/\">Ares<\/a>,&nbsp;<a href=\"https:\/\/bassin-arcachon.com\/en\/accommodations\/hotels+arcachon\/\">Arcachon<\/a>,&nbsp;<a href=\"https:\/\/bassin-arcachon.com\/en\/accommodations\/hotels+the-buch-test\/\">La Teste de Buch<\/a>,&nbsp;<a href=\"https:\/\/bassin-arcachon.com\/en\/accommodations\/hotels+andernos\/\">Andernos<\/a>,&nbsp;<a href=\"https:\/\/bassin-arcachon.com\/en\/accommodations\/hotels+the-teich\/\">Le Teich,<\/a>&nbsp;<a href=\"https:\/\/bassin-arcachon.com\/en\/accommodations\/hotels+heart-of-the-basin-2\/\">Biganos,<\/a>&nbsp;<a href=\"https:\/\/bassin-arcachon.com\/en\/accommodations\/hotels+heart-of-the-basin-2\/\">Audenge<\/a>,<a href=\"https:\/\/bassin-arcachon.com\/en\/accommodations\/hotels+heart-of-the-basin-2\/\">&nbsp;lanton&nbsp;<\/a>and&nbsp;<a href=\"https:\/\/bassin-arcachon.com\/en\/accommodations\/hotels+light-cap-ferret\/\">in Cap Ferret<\/a>&nbsp;!<\/p>\n<\/div>\n\n\n\n<div class=\"wp-block-uagb-container uagb-block-2e52a006\">\n<div class=\"wp-block-uagb-image uagb-block-a755267c wp-block-uagb-image--layout-default wp-block-uagb-image--effect-static wp-block-uagb-image--align-none\"><figure class=\"wp-block-uagb-image__figure\"><img decoding=\"async\" srcset=\"https:\/\/bassin-arcachon.com\/wp-content\/uploads\/2018\/09\/nourri-a-lhu\u00eetre-\u00e9lev\u00e9-sous-les-pins-Bassin-dArcachon.jpg \" sizes=\"auto, (max-width: 480px) 150px\" src=\"https:\/\/bassin-arcachon.com\/wp-content\/uploads\/2018\/09\/nourri-a-lhu\u00eetre-\u00e9lev\u00e9-sous-les-pins-Bassin-dArcachon.jpg\" alt=\"- - Bassin d&#039;Arcachon\" class=\"uag-image-26169\" width=\"1000\" height=\"666\" title=\"- - Bassin d&#039;Arcachon\" loading=\"lazy\" role=\"img\"><\/figure><\/div>\n<\/div>\n<\/div><\/div>\n\n\n\n<div style=\"height:60px\" aria-hidden=\"true\" class=\"wp-block-spacer\"><\/div>","protected":false},"excerpt":{"rendered":"<p>Nos campings \u00e0 Gujan-Mestras avec vos animaux de compagnie Partez en vacances avec votre animal de compagnie dans un de nos&nbsp;campings&nbsp;\u00e0&nbsp;Gujan-Mestras, ou \u00e0 proximit\u00e9&nbsp;! Entre dunes et for\u00eat, vos&nbsp;animaux&nbsp;auront bien [&hellip;]<\/p>\n","protected":false},"author":25,"featured_media":2217,"parent":392,"menu_order":1,"comment_status":"closed","ping_status":"closed","template":"","meta":{"_acf_changed":false,"_uag_custom_page_level_css":"","footnotes":""},"class_list":["post-44472","page","type-page","status-publish","has-post-thumbnail","hentry"],"acf":[],"uagb_featured_image_src":{"full":["https:\/\/bassin-arcachon.com\/wp-content\/uploads\/2017\/03\/camping-bassin-arcachon.jpg",1200,800,false],"thumbnail":["https:\/\/bassin-arcachon.com\/wp-content\/uploads\/2017\/03\/camping-bassin-arcachon-150x150.jpg",150,150,true],"medium":["https:\/\/bassin-arcachon.com\/wp-content\/uploads\/2017\/03\/camping-bassin-arcachon-600x400.jpg",600,400,true],"medium_large":["https:\/\/bassin-arcachon.com\/wp-content\/uploads\/2017\/03\/camping-bassin-arcachon-768x512.jpg",768,512,true],"large":["https:\/\/bassin-arcachon.com\/wp-content\/uploads\/2017\/03\/camping-bassin-arcachon-1024x683.jpg",1024,683,true],"1536x1536":["https:\/\/bassin-arcachon.com\/wp-content\/uploads\/2017\/03\/camping-bassin-arcachon.jpg",1200,800,false],"2048x2048":["https:\/\/bassin-arcachon.com\/wp-content\/uploads\/2017\/03\/camping-bassin-arcachon.jpg",1200,800,false],"trp-custom-language-flag":["https:\/\/bassin-arcachon.com\/wp-content\/uploads\/2017\/03\/camping-bassin-arcachon-18x12.jpg",18,12,true]},"uagb_author_info":{"display_name":"Marie Clauzel","author_link":"https:\/\/bassin-arcachon.com\/en\/author\/mariesiba\/"},"uagb_comment_info":0,"uagb_excerpt":"Nos campings \u00e0 Gujan-Mestras avec vos animaux de compagnie Partez en vacances avec votre animal de compagnie dans un de nos&nbsp;campings&nbsp;\u00e0&nbsp;Gujan-Mestras, ou \u00e0 proximit\u00e9&nbsp;! Entre dunes et for\u00eat, vos&nbsp;animaux&nbsp;auront bien [&hellip;]","_links":{"self":[{"href":"https:\/\/bassin-arcachon.com\/en\/wp-json\/wp\/v2\/pages\/44472","targetHints":{"allow":["GET"]}}],"collection":[{"href":"https:\/\/bassin-arcachon.com\/en\/wp-json\/wp\/v2\/pages"}],"about":[{"href":"https:\/\/bassin-arcachon.com\/en\/wp-json\/wp\/v2\/types\/page"}],"author":[{"embeddable":true,"href":"https:\/\/bassin-arcachon.com\/en\/wp-json\/wp\/v2\/users\/25"}],"replies":[{"embeddable":true,"href":"https:\/\/bassin-arcachon.com\/en\/wp-json\/wp\/v2\/comments?post=44472"}],"version-history":[{"count":2,"href":"https:\/\/bassin-arcachon.com\/en\/wp-json\/wp\/v2\/pages\/44472\/revisions"}],"predecessor-version":[{"id":68275,"href":"https:\/\/bassin-arcachon.com\/en\/wp-json\/wp\/v2\/pages\/44472\/revisions\/68275"}],"up":[{"embeddable":true,"href":"https:\/\/bassin-arcachon.com\/en\/wp-json\/wp\/v2\/pages\/392"}],"wp:featuredmedia":[{"embeddable":true,"href":"https:\/\/bassin-arcachon.com\/en\/wp-json\/wp\/v2\/media\/2217"}],"wp:attachment":[{"href":"https:\/\/bassin-arcachon.com\/en\/wp-json\/wp\/v2\/media?parent=44472"}],"curies":[{"name":"wp","href":"https:\/\/api.w.org\/{rel}","templated":true}]}}