{"id":45504,"date":"2020-07-10T13:54:08","date_gmt":"2020-07-10T11:54:08","guid":{"rendered":"https:\/\/bassin-arcachon.com\/\/?page_id=45504"},"modified":"2024-11-06T11:06:47","modified_gmt":"2024-11-06T10:06:47","slug":"our-bed-and-breakfast-in-audenge","status":"publish","type":"page","link":"https:\/\/bassin-arcachon.com\/en\/ou-dormir\/chambres-hotes\/nos-chambres-dhotes-a-audenge\/","title":{"rendered":"Our bed and breakfast in Audenge"},"content":{"rendered":"<div class=\"wp-block-uagb-container uagb-block-fd74a4c4 alignfull uagb-is-root-container\"><div class=\"uagb-container-inner-blocks-wrap\">\n<div class=\"wp-block-uagb-container uagb-block-28758e82\">\n<h2 class=\"wp-block-heading\">Our guest rooms in Audenge with swimming pool<\/h2>\n\n\n\n<p>Treat yourself to a moment of relaxation in the heated swimming pool or the private spa of your guest room! After the beach or as soon as you wake up, enjoy special moments in the swimming pool of your guest room. Romantic stay or family vacation, our guest rooms in Audenge guarantee you unforgettable moments!<\/p>\n\n\n\n<div class=\"wp-block-buttons is-layout-flex wp-block-buttons-is-layout-flex\">\n<div class=\"wp-block-button\"><a class=\"wp-block-button__link wp-element-button\" href=\"https:\/\/bassin-arcachon.com\/en\/accommodations\/bed-and-breakfast-heart-of-the-pool-swimming-pool\/\">Bed and breakfast with swimming pool<\/a><\/div>\n<\/div>\n<\/div>\n\n\n\n<div class=\"wp-block-uagb-container uagb-block-e0de0621\">\n<div class=\"wp-block-uagb-image uagb-block-e4880826 wp-block-uagb-image--layout-default wp-block-uagb-image--effect-static wp-block-uagb-image--align-none\"><figure class=\"wp-block-uagb-image__figure\"><img decoding=\"async\" srcset=\"https:\/\/bassin-arcachon.com\/wp-content\/uploads\/2017\/08\/happy3.jpg \" sizes=\"auto, (max-width: 480px) 150px\" src=\"https:\/\/bassin-arcachon.com\/wp-content\/uploads\/2017\/08\/happy3.jpg\" alt=\"Louise Andernos\" class=\"uag-image-7499\" width=\"700\" height=\"465\" title=\"- - Bassin d&#039;Arcachon\" loading=\"lazy\" role=\"img\"><\/figure><\/div>\n<\/div>\n<\/div><\/div>\n\n\n\n<div style=\"height:60px\" aria-hidden=\"true\" class=\"wp-block-spacer\"><\/div>\n\n\n\n<div class=\"wp-block-uagb-container uagb-block-b163b65c alignfull uagb-is-root-container\"><div class=\"uagb-container-inner-blocks-wrap\">\n<div class=\"wp-block-uagb-container uagb-block-e48199d8\">\n<div class=\"wp-block-uagb-image uagb-block-0962f45e wp-block-uagb-image--layout-default wp-block-uagb-image--effect-static wp-block-uagb-image--align-none\"><figure class=\"wp-block-uagb-image__figure\"><img decoding=\"async\" srcset=\"https:\/\/bassin-arcachon.com\/wp-content\/uploads\/2018\/07\/Jetee-andernos-les-bains-bassin-arcachon.jpg \" sizes=\"auto, (max-width: 480px) 150px\" src=\"https:\/\/bassin-arcachon.com\/wp-content\/uploads\/2018\/07\/Jetee-andernos-les-bains-bassin-arcachon.jpg\" alt=\"- - Bassin d&#039;Arcachon\" class=\"uag-image-23915\" width=\"1000\" height=\"750\" title=\"- - Bassin d&#039;Arcachon\" loading=\"lazy\" role=\"img\"><\/figure><\/div>\n<\/div>\n\n\n\n<div class=\"wp-block-uagb-container uagb-block-fca13e6d\">\n<h2 class=\"wp-block-heading\">Our guest rooms in Audenge with garden<\/h2>\n\n\n\n<p>Are you traveling with an animal or family to Audenge? Opt for a guest room with a garden and offer large green spaces to your pet. Family sporting activities and discovery of vegetables from the vegetable garden with the children, the garden of your bed and breakfast in Audenge is a true haven of rest for the whole family!<\/p>\n\n\n\n<div class=\"wp-block-buttons is-layout-flex wp-block-buttons-is-layout-flex\">\n<div class=\"wp-block-button\"><a class=\"wp-block-button__link wp-element-button\" href=\"https:\/\/bassin-arcachon.com\/en\/https%3a\/\/bassin-arcachon-com\/accommodations\/chambres-dhotes%40coeur-de-bassin%26amp%3b-jardin\/\">Bed and breakfast with garden<\/a><\/div>\n<\/div>\n<\/div>\n<\/div><\/div>\n\n\n\n<div style=\"height:60px\" aria-hidden=\"true\" class=\"wp-block-spacer\"><\/div>\n\n\n\n<div class=\"wp-block-uagb-container uagb-block-d3e8b395 alignfull uagb-is-root-container\"><div class=\"uagb-container-inner-blocks-wrap\">\n<div class=\"wp-block-uagb-container uagb-block-a804c9ac\">\n<h2 class=\"wp-block-heading\">Our guest rooms in Audenge open all year round<\/h2>\n\n\n\n<p>Spring, autumn, winter\u2026 Your guest rooms in Audenge welcome you all year round to discover the Bassin in a different way. Take advantage of the calm of the winter season to spend a relaxing and well-being stay with the girls! Massages, spa, heated swimming pools, walks on the beach, recharge your batteries by the sea and stay in a guest room open all year round in Audenge!<\/p>\n\n\n\n<div class=\"wp-block-buttons is-layout-flex wp-block-buttons-is-layout-flex\">\n<div class=\"wp-block-button\"><a class=\"wp-block-button__link wp-element-button\" href=\"https:\/\/bassin-arcachon.com\/en\/https%3a\/\/bassin-arcachon-com\/accommodations\/chambres-dhotes%40coeur-de-bassin\/\">Guest rooms open all year round<\/a><\/div>\n<\/div>\n<\/div>\n\n\n\n<div class=\"wp-block-uagb-container uagb-block-d7fe1fb4\">\n<div class=\"wp-block-uagb-image uagb-block-73edb94b wp-block-uagb-image--layout-default wp-block-uagb-image--effect-static wp-block-uagb-image--align-none\"><figure class=\"wp-block-uagb-image__figure\"><img decoding=\"async\" srcset=\"https:\/\/bassin-arcachon.com\/wp-content\/uploads\/2018\/10\/andernos-velo-SIBA-agence-les-conteurs-50-1024x683.jpg \" sizes=\"auto, (max-width: 480px) 150px\" src=\"https:\/\/bassin-arcachon.com\/wp-content\/uploads\/2018\/10\/andernos-velo-SIBA-agence-les-conteurs-50-1024x683.jpg\" alt=\"The beautiful villas in Andernos\" class=\"uag-image-26668\" width=\"1024\" height=\"683\" title=\"- - Bassin d&#039;Arcachon\" loading=\"lazy\" role=\"img\"><\/figure><\/div>\n<\/div>\n<\/div><\/div>\n\n\n\n<div style=\"height:60px\" aria-hidden=\"true\" class=\"wp-block-spacer\"><\/div>\n\n\n\n<div class=\"wp-block-uagb-container uagb-block-0b6bca49 alignfull uagb-is-root-container\">\n<div class=\"wp-block-cover is-light has-parallax\"><span aria-hidden=\"true\" class=\"wp-block-cover__background has-background-dim-0 has-background-dim\"><\/span><div class=\"wp-block-cover__image-background wp-image-1345 has-parallax\" style=\"background-position:50% 50%;background-image:url(https:\/\/bassin-arcachon.com\/wp-content\/uploads\/2017\/03\/Camping-Panorama-du-Pyla-cottage-vue-mer-coin-farniente.jpg)\"><\/div><div class=\"wp-block-cover__inner-container is-layout-flow wp-block-cover-is-layout-flow\">\n<div class=\"wp-block-uagb-container uagb-block-eaf3b6dd\">\n<h2 class=\"wp-block-heading has-text-align-center has-white-color has-text-color has-large-font-size\">Spend your holidays with ease in one of the Bassin guest rooms in Arcachon!<\/h2>\n\n\n\n<p class=\"has-text-align-center has-white-color has-text-color\"><a href=\"https:\/\/bassin-arcachon.com\/en\/https%3a\/\/bassin-arcachon-com\/accommodations\/bed-and-breakfast-2\/\">START YOUR SEARCH<\/a><\/p>\n<\/div>\n<\/div><\/div>\n<\/div>\n\n\n\n<div style=\"height:60px\" aria-hidden=\"true\" class=\"wp-block-spacer\"><\/div>\n\n\n\n<div class=\"wp-block-uagb-container uagb-block-9962b899 alignfull uagb-is-root-container\"><div class=\"uagb-container-inner-blocks-wrap\">\n<div class=\"wp-block-uagb-container uagb-block-158b0028\">\n<h3 class=\"wp-block-heading\">Would you like to book a guest room around Audenge?<\/h3>\n\n\n\n<p>Discover all guest rooms at Bassin Arcachon:&nbsp;<a href=\"https:\/\/bassin-arcachon.com\/en\/or-sleep\/bed-and-breakfast-rentals\/?commune=arcachon\">Arcachon<\/a>,&nbsp;<a href=\"https:\/\/bassin-arcachon.com\/en\/or-sleep\/bed-and-breakfast-rentals\/?commune=ares\">Ares<\/a>,&nbsp;<a href=\"https:\/\/bassin-arcachon.com\/en\/or-sleep\/bed-and-breakfast-rentals\/?commune=lanton\">lanton<\/a>,&nbsp;<a href=\"https:\/\/bassin-arcachon.com\/en\/or-sleep\/bed-and-breakfast-rentals\/?commune=gujan-mestras\">Gujan-Mestras<\/a>,&nbsp;<a href=\"https:\/\/bassin-arcachon.com\/en\/or-sleep\/bed-and-breakfast-rentals\/?commune=la-teste-de-buch\">La Teste de Buch<\/a>,&nbsp;<a href=\"https:\/\/bassin-arcachon.com\/en\/or-sleep\/bed-and-breakfast-rentals\/?commune=andernos-les-bains\">Andernos,<\/a>&nbsp;and&nbsp;<a href=\"https:\/\/bassin-arcachon.com\/en\/or-sleep\/bed-and-breakfast-rentals\/?commune=lege-cap-ferret\">in Cap Ferret<\/a>&nbsp;!<\/p>\n<\/div>\n\n\n\n<div class=\"wp-block-uagb-container uagb-block-01aac703\">\n<div class=\"wp-block-uagb-image uagb-block-d4c2327a wp-block-uagb-image--layout-default wp-block-uagb-image--effect-static wp-block-uagb-image--align-none\"><figure class=\"wp-block-uagb-image__figure\"><img decoding=\"async\" srcset=\"https:\/\/bassin-arcachon.com\/wp-content\/uploads\/2018\/09\/nourri-a-lhu\u00eetre-\u00e9lev\u00e9-sous-les-pins-Bassin-dArcachon.jpg \" sizes=\"auto, (max-width: 480px) 150px\" src=\"https:\/\/bassin-arcachon.com\/wp-content\/uploads\/2018\/09\/nourri-a-lhu\u00eetre-\u00e9lev\u00e9-sous-les-pins-Bassin-dArcachon.jpg\" alt=\"- - Bassin d&#039;Arcachon\" class=\"uag-image-26169\" width=\"1000\" height=\"666\" title=\"- - Bassin d&#039;Arcachon\" loading=\"lazy\" role=\"img\"><\/figure><\/div>\n<\/div>\n<\/div><\/div>\n\n\n\n<div style=\"height:60px\" aria-hidden=\"true\" class=\"wp-block-spacer\"><\/div>","protected":false},"excerpt":{"rendered":"<p>Nos chambres d\u2019h\u00f4tes \u00e0 Audenge avec piscine Offrez-vous un moment de d\u00e9tente dans la piscine chauff\u00e9e ou le spa privatif de votre chambre d\u2019h\u00f4tes ! Apr\u00e8s la plage ou d\u00e8s [&hellip;]<\/p>\n","protected":false},"author":25,"featured_media":2217,"parent":398,"menu_order":1,"comment_status":"closed","ping_status":"closed","template":"","meta":{"_acf_changed":false,"_uag_custom_page_level_css":"","footnotes":""},"class_list":["post-45504","page","type-page","status-publish","has-post-thumbnail","hentry"],"acf":[],"uagb_featured_image_src":{"full":["https:\/\/bassin-arcachon.com\/wp-content\/uploads\/2017\/03\/camping-bassin-arcachon.jpg",1200,800,false],"thumbnail":["https:\/\/bassin-arcachon.com\/wp-content\/uploads\/2017\/03\/camping-bassin-arcachon-150x150.jpg",150,150,true],"medium":["https:\/\/bassin-arcachon.com\/wp-content\/uploads\/2017\/03\/camping-bassin-arcachon-600x400.jpg",600,400,true],"medium_large":["https:\/\/bassin-arcachon.com\/wp-content\/uploads\/2017\/03\/camping-bassin-arcachon-768x512.jpg",768,512,true],"large":["https:\/\/bassin-arcachon.com\/wp-content\/uploads\/2017\/03\/camping-bassin-arcachon-1024x683.jpg",1024,683,true],"1536x1536":["https:\/\/bassin-arcachon.com\/wp-content\/uploads\/2017\/03\/camping-bassin-arcachon.jpg",1200,800,false],"2048x2048":["https:\/\/bassin-arcachon.com\/wp-content\/uploads\/2017\/03\/camping-bassin-arcachon.jpg",1200,800,false],"trp-custom-language-flag":["https:\/\/bassin-arcachon.com\/wp-content\/uploads\/2017\/03\/camping-bassin-arcachon-18x12.jpg",18,12,true]},"uagb_author_info":{"display_name":"Marie Clauzel","author_link":"https:\/\/bassin-arcachon.com\/en\/author\/mariesiba\/"},"uagb_comment_info":0,"uagb_excerpt":"Nos chambres d\u2019h\u00f4tes \u00e0 Audenge avec piscine Offrez-vous un moment de d\u00e9tente dans la piscine chauff\u00e9e ou le spa privatif de votre chambre d\u2019h\u00f4tes ! Apr\u00e8s la plage ou d\u00e8s [&hellip;]","_links":{"self":[{"href":"https:\/\/bassin-arcachon.com\/en\/wp-json\/wp\/v2\/pages\/45504","targetHints":{"allow":["GET"]}}],"collection":[{"href":"https:\/\/bassin-arcachon.com\/en\/wp-json\/wp\/v2\/pages"}],"about":[{"href":"https:\/\/bassin-arcachon.com\/en\/wp-json\/wp\/v2\/types\/page"}],"author":[{"embeddable":true,"href":"https:\/\/bassin-arcachon.com\/en\/wp-json\/wp\/v2\/users\/25"}],"replies":[{"embeddable":true,"href":"https:\/\/bassin-arcachon.com\/en\/wp-json\/wp\/v2\/comments?post=45504"}],"version-history":[{"count":1,"href":"https:\/\/bassin-arcachon.com\/en\/wp-json\/wp\/v2\/pages\/45504\/revisions"}],"predecessor-version":[{"id":68255,"href":"https:\/\/bassin-arcachon.com\/en\/wp-json\/wp\/v2\/pages\/45504\/revisions\/68255"}],"up":[{"embeddable":true,"href":"https:\/\/bassin-arcachon.com\/en\/wp-json\/wp\/v2\/pages\/398"}],"wp:featuredmedia":[{"embeddable":true,"href":"https:\/\/bassin-arcachon.com\/en\/wp-json\/wp\/v2\/media\/2217"}],"wp:attachment":[{"href":"https:\/\/bassin-arcachon.com\/en\/wp-json\/wp\/v2\/media?parent=45504"}],"curies":[{"name":"wp","href":"https:\/\/api.w.org\/{rel}","templated":true}]}}