{"id":45709,"date":"2020-07-10T16:15:35","date_gmt":"2020-07-10T14:15:35","guid":{"rendered":"https:\/\/bassin-arcachon.com\/\/?page_id=45709"},"modified":"2024-11-06T11:53:21","modified_gmt":"2024-11-06T10:53:21","slug":"our-vacation-rentals-in-la-teste-de-buch","status":"publish","type":"page","link":"https:\/\/bassin-arcachon.com\/en\/ou-dormir\/locations\/nos-locations-de-vacances-a-la-teste-de-buch\/","title":{"rendered":"Our holiday rentals in Teste De Buch"},"content":{"rendered":"<div class=\"wp-block-uagb-container uagb-block-27c706b1 alignfull uagb-is-root-container\"><div class=\"uagb-container-inner-blocks-wrap\">\n<div class=\"wp-block-uagb-container uagb-block-92bb9597\">\n<h2 class=\"wp-block-heading\">Our rentals with pets at La Teste de Buch<\/h2>\n\n\n\n<p>Go on vacation with your pets! Take advantage of an ideal location for walks, a stone&#039;s throw from the beaches and large green spaces! Spend an unforgettable stay in one of our rentals at La Teste de Buch, and give your animals a dream vacation in a natural 100% setting!<\/p>\n\n\n\n<div class=\"wp-block-buttons is-layout-flex wp-block-buttons-is-layout-flex\">\n<div class=\"wp-block-button\"><a class=\"wp-block-button__link wp-element-button\" href=\"https:\/\/bassin-arcachon.com\/en\/accommodations\/vacation-rentalsla-teste-de-buchanimaux-2\/\">Rentals with pets<\/a><\/div>\n<\/div>\n<\/div>\n\n\n\n<div class=\"wp-block-uagb-container uagb-block-e438cdb9\">\n<div class=\"wp-block-uagb-image uagb-block-d06a7a07 wp-block-uagb-image--layout-default wp-block-uagb-image--effect-static wp-block-uagb-image--align-none\"><figure class=\"wp-block-uagb-image__figure\"><img decoding=\"async\" srcset=\"https:\/\/bassin-arcachon.com\/wp-content\/uploads\/2018\/04\/Pr\u00e9s-sal\u00e9s-ouest-La-Teste-de-Buch-1-1024x683.jpg \" sizes=\"auto, (max-width: 480px) 150px\" src=\"https:\/\/bassin-arcachon.com\/wp-content\/uploads\/2018\/04\/Pr\u00e9s-sal\u00e9s-ouest-La-Teste-de-Buch-1-1024x683.jpg\" alt=\"- - Bassin d&#039;Arcachon\" class=\"uag-image-20095\" width=\"1024\" height=\"683\" title=\"- - Bassin d&#039;Arcachon\" loading=\"lazy\" role=\"img\"><\/figure><\/div>\n<\/div>\n<\/div><\/div>\n\n\n\n<div style=\"height:60px\" aria-hidden=\"true\" class=\"wp-block-spacer\"><\/div>\n\n\n\n<div class=\"wp-block-uagb-container uagb-block-27b472bb alignfull uagb-is-root-container\"><div class=\"uagb-container-inner-blocks-wrap\">\n<div class=\"wp-block-uagb-container uagb-block-bff7dc46\">\n<div class=\"wp-block-uagb-image uagb-block-8d9d4794 wp-block-uagb-image--layout-default wp-block-uagb-image--effect-static wp-block-uagb-image--align-none\"><figure class=\"wp-block-uagb-image__figure\"><img decoding=\"async\" srcset=\"https:\/\/bassin-arcachon.com\/wp-content\/uploads\/2018\/04\/pres-sales-ouest-la-teste-e1548070131821.jpg \" sizes=\"auto, (max-width: 480px) 150px\" src=\"https:\/\/bassin-arcachon.com\/wp-content\/uploads\/2018\/04\/pres-sales-ouest-la-teste-e1548070131821.jpg\" alt=\"Relaxing break in the West Salt Meadows at Teste de Buch\" class=\"uag-image-19913\" width=\"1000\" height=\"666\" title=\"- - Bassin d&#039;Arcachon\" loading=\"lazy\" role=\"img\"><\/figure><\/div>\n<\/div>\n\n\n\n<div class=\"wp-block-uagb-container uagb-block-c184dc85\">\n<h2 class=\"wp-block-heading\">Our vacation rentals in La Teste de Buch with garden<\/h2>\n\n\n\n<p>The Bassin of Arcachon is full of incredible treasures and natural riches. Come and discover them by staying in a vacation rental in La Teste de Buch! Benefit from an ideal location just a stone\u2019s throw away <a href=\"https:\/\/www.latestedebuch.fr\/viepratique\/plages-et-securite\/plages-et-securite\/\" data-type=\"URL\" data-id=\"https:\/\/www.latestedebuch.fr\/viepratique\/plages-et-securite\/plages-et-securite\/\" target=\"_blank\" rel=\"noopener\">beaches<\/a> and some <a href=\"https:\/\/bassin-arcachon.com\/en\/our-essentials\/the-dune-of-pilat\/\" data-type=\"page\" data-id=\"125\">Dune du Pilat<\/a> ! Opt for one of our cottages with a wooded garden to spend special moments with your family!<\/p>\n\n\n\n<div class=\"wp-block-buttons is-layout-flex wp-block-buttons-is-layout-flex\">\n<div class=\"wp-block-button\"><a class=\"wp-block-button__link wp-element-button\" href=\"https:\/\/bassin-arcachon.com\/en\/accommodations\/vacation-rentals%40la-teste-de-buch%26amp%3bjardin\/\">Rentals with garden<\/a><\/div>\n<\/div>\n<\/div>\n<\/div><\/div>\n\n\n\n<div style=\"height:60px\" aria-hidden=\"true\" class=\"wp-block-spacer\"><\/div>\n\n\n\n<div class=\"wp-block-uagb-container uagb-block-84377fed alignfull uagb-is-root-container\"><div class=\"uagb-container-inner-blocks-wrap\">\n<div class=\"wp-block-uagb-container uagb-block-b1897f48\">\n<h2 class=\"wp-block-heading\">Our vacation rentals in La Teste de Buch with swimming pool<\/h2>\n\n\n\n<p>Although the Bassin is incredibly beautiful, it is not always possible to swim there. With children, opt for a vacation rental with swimming pool in <a href=\"https:\/\/bassin-arcachon.com\/en\/our-towns-and-villages\/the-buch-test\/\">La Teste de Buch<\/a>, and please the whole family! In our lodgings with swimming pool, swimming is guaranteed at any time of the day!<\/p>\n\n\n\n<div class=\"wp-block-buttons is-layout-flex wp-block-buttons-is-layout-flex\">\n<div class=\"wp-block-button\"><a class=\"wp-block-button__link wp-element-button\" href=\"https:\/\/bassin-arcachon.com\/en\/accommodations\/vacation-rentals%40la-teste-de-buch%26amp%3bpool\/\">Rentals with swimming pool<\/a><\/div>\n<\/div>\n<\/div>\n\n\n\n<div class=\"wp-block-uagb-container uagb-block-2731984a\">\n<div class=\"wp-block-uagb-image uagb-block-f2202440 wp-block-uagb-image--layout-default wp-block-uagb-image--effect-static wp-block-uagb-image--align-none\"><figure class=\"wp-block-uagb-image__figure\"><img decoding=\"async\" srcset=\"https:\/\/bassin-arcachon.com\/wp-content\/uploads\/2017\/02\/lateste-general-1024x683.jpg \" sizes=\"auto, (max-width: 480px) 150px\" src=\"https:\/\/bassin-arcachon.com\/wp-content\/uploads\/2017\/02\/lateste-general-1024x683.jpg\" alt=\"- - Bassin d&#039;Arcachon\" class=\"uag-image-1090\" width=\"1024\" height=\"683\" title=\"- - Bassin d&#039;Arcachon\" loading=\"lazy\" role=\"img\"><\/figure><\/div>\n<\/div>\n<\/div><\/div>\n\n\n\n<div style=\"height:60px\" aria-hidden=\"true\" class=\"wp-block-spacer\"><\/div>\n\n\n\n<div class=\"wp-block-uagb-container uagb-block-8816c546 alignfull uagb-is-root-container\">\n<div class=\"wp-block-cover is-light has-parallax\"><span aria-hidden=\"true\" class=\"wp-block-cover__background has-background-dim-0 has-background-dim\"><\/span><div class=\"wp-block-cover__image-background wp-image-1345 has-parallax\" style=\"background-position:50% 50%;background-image:url(https:\/\/bassin-arcachon.com\/wp-content\/uploads\/2017\/03\/Camping-Panorama-du-Pyla-cottage-vue-mer-coin-farniente.jpg)\"><\/div><div class=\"wp-block-cover__inner-container is-layout-flow wp-block-cover-is-layout-flow\">\n<div class=\"wp-block-uagb-container uagb-block-17fa82e4\">\n<h2 class=\"wp-block-heading has-text-align-center has-white-color has-text-color has-large-font-size\">Spend your holidays with ease in one of the Bassin holiday rentals in Arcachon<\/h2>\n\n\n\n<p class=\"has-text-align-center has-white-color has-text-color\"><a href=\"https:\/\/bassin-arcachon.com\/en\/accommodations\/holiday-rents\/\">START YOUR SEARCH<\/a><\/p>\n<\/div>\n<\/div><\/div>\n<\/div>\n\n\n\n<div style=\"height:60px\" aria-hidden=\"true\" class=\"wp-block-spacer\"><\/div>\n\n\n\n<div class=\"wp-block-uagb-container uagb-block-5bc354f6 alignfull uagb-is-root-container\"><div class=\"uagb-container-inner-blocks-wrap\">\n<div class=\"wp-block-uagb-container uagb-block-014e0810\">\n<h2 class=\"wp-block-heading\">Do you want to book a vacation rental around La Teste de Buch?<\/h2>\n\n\n\n<p>Discover all our vacation rentals at Bassin Arcachon:&nbsp;<a href=\"https:\/\/bassin-arcachon.com\/en\/accommodations\/holiday-rents+ares\/\">Ares<\/a>,&nbsp;<a href=\"https:\/\/bassin-arcachon.com\/en\/accommodations\/holiday-rents+arcachon\/\">Arcachon<\/a>,&nbsp;<a href=\"https:\/\/bassin-arcachon.com\/en\/accommodations\/holiday-rents+the-teich\/\">Le Teich<\/a>,&nbsp;<a href=\"https:\/\/bassin-arcachon.com\/en\/accommodations\/holiday-rents+andernos\/\">Andernos<\/a>,&nbsp;<a href=\"https:\/\/bassin-arcachon.com\/en\/accommodations\/holiday-rents+gujan-mestras\/\">Gujan-Mestras,<\/a>&nbsp;<a href=\"https:\/\/bassin-arcachon.com\/en\/accommodations\/holiday-rents+heart-of-the-basin-2\/\">Biganos,<\/a>&nbsp;<a href=\"https:\/\/bassin-arcachon.com\/en\/accommodations\/holiday-rents+heart-of-the-basin-2\/\">Audenge<\/a>,<a href=\"https:\/\/bassin-arcachon.com\/en\/accommodations\/holiday-rents+heart-of-the-basin-2\/\">&nbsp;lanton&nbsp;<\/a>and&nbsp;<a href=\"https:\/\/bassin-arcachon.com\/en\/accommodations\/holiday-rents+light-cap-ferret\/\">in Cap Ferret<\/a>&nbsp;!<\/p>\n<\/div>\n\n\n\n<div class=\"wp-block-uagb-container uagb-block-7d2b4334\">\n<div class=\"wp-block-uagb-image uagb-block-d9b547aa wp-block-uagb-image--layout-default wp-block-uagb-image--effect-static wp-block-uagb-image--align-none\"><figure class=\"wp-block-uagb-image__figure\"><img decoding=\"async\" srcset=\"https:\/\/bassin-arcachon.com\/wp-content\/uploads\/2018\/09\/nourri-a-lhu\u00eetre-\u00e9lev\u00e9-sous-les-pins-Bassin-dArcachon.jpg \" sizes=\"auto, (max-width: 480px) 150px\" src=\"https:\/\/bassin-arcachon.com\/wp-content\/uploads\/2018\/09\/nourri-a-lhu\u00eetre-\u00e9lev\u00e9-sous-les-pins-Bassin-dArcachon.jpg\" alt=\"- - Bassin d&#039;Arcachon\" class=\"uag-image-26169\" width=\"1000\" height=\"666\" title=\"- - Bassin d&#039;Arcachon\" loading=\"lazy\" role=\"img\"><\/figure><\/div>\n<\/div>\n<\/div><\/div>\n\n\n\n<div style=\"height:60px\" aria-hidden=\"true\" class=\"wp-block-spacer\"><\/div>","protected":false},"excerpt":{"rendered":"<p>Nos locations avec animaux de compagnie \u00e0 La Teste de Buch Partez en vacances avec vos animaux ! Profitez d\u2019une situation id\u00e9ale pour les promenades, \u00e0 deux pas des plages [&hellip;]<\/p>\n","protected":false},"author":25,"featured_media":2217,"parent":508,"menu_order":1,"comment_status":"closed","ping_status":"closed","template":"","meta":{"_acf_changed":false,"_uag_custom_page_level_css":"","footnotes":""},"class_list":["post-45709","page","type-page","status-publish","has-post-thumbnail","hentry"],"acf":[],"uagb_featured_image_src":{"full":["https:\/\/bassin-arcachon.com\/wp-content\/uploads\/2017\/03\/camping-bassin-arcachon.jpg",1200,800,false],"thumbnail":["https:\/\/bassin-arcachon.com\/wp-content\/uploads\/2017\/03\/camping-bassin-arcachon-150x150.jpg",150,150,true],"medium":["https:\/\/bassin-arcachon.com\/wp-content\/uploads\/2017\/03\/camping-bassin-arcachon-600x400.jpg",600,400,true],"medium_large":["https:\/\/bassin-arcachon.com\/wp-content\/uploads\/2017\/03\/camping-bassin-arcachon-768x512.jpg",768,512,true],"large":["https:\/\/bassin-arcachon.com\/wp-content\/uploads\/2017\/03\/camping-bassin-arcachon-1024x683.jpg",1024,683,true],"1536x1536":["https:\/\/bassin-arcachon.com\/wp-content\/uploads\/2017\/03\/camping-bassin-arcachon.jpg",1200,800,false],"2048x2048":["https:\/\/bassin-arcachon.com\/wp-content\/uploads\/2017\/03\/camping-bassin-arcachon.jpg",1200,800,false],"trp-custom-language-flag":["https:\/\/bassin-arcachon.com\/wp-content\/uploads\/2017\/03\/camping-bassin-arcachon-18x12.jpg",18,12,true]},"uagb_author_info":{"display_name":"Marie Clauzel","author_link":"https:\/\/bassin-arcachon.com\/en\/author\/mariesiba\/"},"uagb_comment_info":0,"uagb_excerpt":"Nos locations avec animaux de compagnie \u00e0 La Teste de Buch Partez en vacances avec vos animaux ! Profitez d\u2019une situation id\u00e9ale pour les promenades, \u00e0 deux pas des plages [&hellip;]","_links":{"self":[{"href":"https:\/\/bassin-arcachon.com\/en\/wp-json\/wp\/v2\/pages\/45709","targetHints":{"allow":["GET"]}}],"collection":[{"href":"https:\/\/bassin-arcachon.com\/en\/wp-json\/wp\/v2\/pages"}],"about":[{"href":"https:\/\/bassin-arcachon.com\/en\/wp-json\/wp\/v2\/types\/page"}],"author":[{"embeddable":true,"href":"https:\/\/bassin-arcachon.com\/en\/wp-json\/wp\/v2\/users\/25"}],"replies":[{"embeddable":true,"href":"https:\/\/bassin-arcachon.com\/en\/wp-json\/wp\/v2\/comments?post=45709"}],"version-history":[{"count":2,"href":"https:\/\/bassin-arcachon.com\/en\/wp-json\/wp\/v2\/pages\/45709\/revisions"}],"predecessor-version":[{"id":68283,"href":"https:\/\/bassin-arcachon.com\/en\/wp-json\/wp\/v2\/pages\/45709\/revisions\/68283"}],"up":[{"embeddable":true,"href":"https:\/\/bassin-arcachon.com\/en\/wp-json\/wp\/v2\/pages\/508"}],"wp:featuredmedia":[{"embeddable":true,"href":"https:\/\/bassin-arcachon.com\/en\/wp-json\/wp\/v2\/media\/2217"}],"wp:attachment":[{"href":"https:\/\/bassin-arcachon.com\/en\/wp-json\/wp\/v2\/media?parent=45709"}],"curies":[{"name":"wp","href":"https:\/\/api.w.org\/{rel}","templated":true}]}}