{"id":47656,"date":"2020-09-18T11:22:19","date_gmt":"2020-09-18T09:22:19","guid":{"rendered":"https:\/\/bassin-arcachon.com\/\/?page_id=47656"},"modified":"2024-09-02T10:51:56","modified_gmt":"2024-09-02T08:51:56","slug":"green-meeting-2","status":"publish","type":"page","link":"https:\/\/bassin-arcachon.com\/en\/seminaires-congres\/green-meeting-2\/","title":{"rendered":"Green Meeting"},"content":{"rendered":"<div class=\"wp-block-uagb-container uagb-block-3086f23c alignfull uagb-is-root-container\"><div class=\"uagb-container-inner-blocks-wrap\">\n<div class=\"wp-block-uagb-container uagb-block-f235f073\">\t\t\t\t\t<div\n\t\t\t\t\t\tclass=\"wp-block-uagb-image-gallery uagb-block-c5031403\"\n\t\t\t\t\t\tstyle=\"\"\n\t\t\t\t\t>\n\t\t\t\t\t\t\t\t\t\t\t<div class=\"spectra-image-gallery spectra-image-gallery__layout--carousel\">\n\t\t\t\t\t\t\t\t<div class=\"uagb-slick-carousel uagb-block-c5031403\">\n\t\t\t\t\t\t\t\t\t\t\t\t<div class='spectra-image-gallery__media-wrapper' data-spectra-gallery-image-id='47762'>\n\t\t\t\t\t\t\t<div class=\"spectra-image-gallery__media spectra-image-gallery__media--carousel\">\n\t\t\t\t<picture>\n\t\t\t\t\t<source media=\"(min-width: 1024px)\" srcset=\"https:\/\/bassin-arcachon.com\/wp-content\/uploads\/2020\/09\/1-vvf-lege-cap-ferret-1024x683.jpg\">\n\t\t\t\t\t<source media=\"(min-width: 768px)\" srcset=\"https:\/\/bassin-arcachon.com\/wp-content\/uploads\/2020\/09\/1-vvf-lege-cap-ferret-1024x683.jpg\">\n\t\t\t\t\t<img decoding=\"async\" class=\"spectra-image-gallery__media-thumbnail spectra-image-gallery__media-thumbnail--carousel\" src=\"https:\/\/bassin-arcachon.com\/wp-content\/uploads\/2020\/09\/1-vvf-lege-cap-ferret-300x200.jpg\" alt=\"- - Bassin d&#039;Arcachon\" loading=\"lazy\" title=\"- - Bassin d&#039;Arcachon\">\n\t\t\t\t<\/picture>\n\t\t\t\t<div class=\"spectra-image-gallery__media-thumbnail-blurrer\"><\/div>\n\t\t\t\t\t\t\t\t\t\t\t<div class=\"spectra-image-gallery__media-thumbnail-caption-wrapper spectra-image-gallery__media-thumbnail-caption-wrapper--overlay\"><\/div>\n\t\t\t\t\t\t\t\t<\/div>\n\t\t\t\t\t\t<\/div>\n\t\t\t\t\t\t<div class='spectra-image-gallery__media-wrapper' data-spectra-gallery-image-id='47763'>\n\t\t\t\t\t\t\t<div class=\"spectra-image-gallery__media spectra-image-gallery__media--carousel\">\n\t\t\t\t<picture>\n\t\t\t\t\t<source media=\"(min-width: 1024px)\" srcset=\"https:\/\/bassin-arcachon.com\/wp-content\/uploads\/2020\/09\/2-d\u00e9gustation-huitres-arcachon-cap-ferret-1024x682.jpg\">\n\t\t\t\t\t<source media=\"(min-width: 768px)\" srcset=\"https:\/\/bassin-arcachon.com\/wp-content\/uploads\/2020\/09\/2-d\u00e9gustation-huitres-arcachon-cap-ferret-1024x682.jpg\">\n\t\t\t\t\t<img decoding=\"async\" class=\"spectra-image-gallery__media-thumbnail spectra-image-gallery__media-thumbnail--carousel\" src=\"https:\/\/bassin-arcachon.com\/wp-content\/uploads\/2020\/09\/2-d\u00e9gustation-huitres-arcachon-cap-ferret-300x200.jpg\" alt=\"- - Bassin d&#039;Arcachon\" loading=\"lazy\" title=\"- - Bassin d&#039;Arcachon\">\n\t\t\t\t<\/picture>\n\t\t\t\t<div class=\"spectra-image-gallery__media-thumbnail-blurrer\"><\/div>\n\t\t\t\t\t\t\t\t\t\t\t<div class=\"spectra-image-gallery__media-thumbnail-caption-wrapper spectra-image-gallery__media-thumbnail-caption-wrapper--overlay\"><\/div>\n\t\t\t\t\t\t\t\t<\/div>\n\t\t\t\t\t\t<\/div>\n\t\t\t\t\t\t<div class='spectra-image-gallery__media-wrapper' data-spectra-gallery-image-id='47764'>\n\t\t\t\t\t\t\t<div class=\"spectra-image-gallery__media spectra-image-gallery__media--carousel\">\n\t\t\t\t<picture>\n\t\t\t\t\t<source media=\"(min-width: 1024px)\" srcset=\"https:\/\/bassin-arcachon.com\/wp-content\/uploads\/2020\/09\/3-maison-de-lhu\u00eetre-gujan-mestras-1024x683.jpg\">\n\t\t\t\t\t<source media=\"(min-width: 768px)\" srcset=\"https:\/\/bassin-arcachon.com\/wp-content\/uploads\/2020\/09\/3-maison-de-lhu\u00eetre-gujan-mestras-1024x683.jpg\">\n\t\t\t\t\t<img decoding=\"async\" class=\"spectra-image-gallery__media-thumbnail spectra-image-gallery__media-thumbnail--carousel\" src=\"https:\/\/bassin-arcachon.com\/wp-content\/uploads\/2020\/09\/3-maison-de-lhu\u00eetre-gujan-mestras-300x200.jpg\" alt=\"- - Bassin d&#039;Arcachon\" loading=\"lazy\" title=\"- - Bassin d&#039;Arcachon\">\n\t\t\t\t<\/picture>\n\t\t\t\t<div class=\"spectra-image-gallery__media-thumbnail-blurrer\"><\/div>\n\t\t\t\t\t\t\t\t\t\t\t<div class=\"spectra-image-gallery__media-thumbnail-caption-wrapper spectra-image-gallery__media-thumbnail-caption-wrapper--overlay\"><\/div>\n\t\t\t\t\t\t\t\t<\/div>\n\t\t\t\t\t\t<\/div>\n\t\t\t\t\t\t<div class='spectra-image-gallery__media-wrapper' data-spectra-gallery-image-id='47765'>\n\t\t\t\t\t\t\t<div class=\"spectra-image-gallery__media spectra-image-gallery__media--carousel\">\n\t\t\t\t<picture>\n\t\t\t\t\t<source media=\"(min-width: 1024px)\" srcset=\"https:\/\/bassin-arcachon.com\/wp-content\/uploads\/2020\/09\/4-rallye-aventure-khapanat-1024x683.jpg\">\n\t\t\t\t\t<source media=\"(min-width: 768px)\" srcset=\"https:\/\/bassin-arcachon.com\/wp-content\/uploads\/2020\/09\/4-rallye-aventure-khapanat-1024x683.jpg\">\n\t\t\t\t\t<img decoding=\"async\" class=\"spectra-image-gallery__media-thumbnail spectra-image-gallery__media-thumbnail--carousel\" src=\"https:\/\/bassin-arcachon.com\/wp-content\/uploads\/2020\/09\/4-rallye-aventure-khapanat-300x200.jpg\" alt=\"- - Bassin d&#039;Arcachon\" loading=\"lazy\" title=\"- - Bassin d&#039;Arcachon\">\n\t\t\t\t<\/picture>\n\t\t\t\t<div class=\"spectra-image-gallery__media-thumbnail-blurrer\"><\/div>\n\t\t\t\t\t\t\t\t\t\t\t<div class=\"spectra-image-gallery__media-thumbnail-caption-wrapper spectra-image-gallery__media-thumbnail-caption-wrapper--overlay\"><\/div>\n\t\t\t\t\t\t\t\t<\/div>\n\t\t\t\t\t\t<\/div>\n\t\t\t\t\t\t<div class='spectra-image-gallery__media-wrapper' data-spectra-gallery-image-id='47766'>\n\t\t\t\t\t\t\t<div class=\"spectra-image-gallery__media spectra-image-gallery__media--carousel\">\n\t\t\t\t<picture>\n\t\t\t\t\t<source media=\"(min-width: 1024px)\" srcset=\"https:\/\/bassin-arcachon.com\/wp-content\/uploads\/2020\/09\/5-plogging-bassin-arcachon.jpg\">\n\t\t\t\t\t<source media=\"(min-width: 768px)\" srcset=\"https:\/\/bassin-arcachon.com\/wp-content\/uploads\/2020\/09\/5-plogging-bassin-arcachon.jpg\">\n\t\t\t\t\t<img decoding=\"async\" class=\"spectra-image-gallery__media-thumbnail spectra-image-gallery__media-thumbnail--carousel\" src=\"https:\/\/bassin-arcachon.com\/wp-content\/uploads\/2020\/09\/5-plogging-bassin-arcachon-300x170.jpg\" alt=\"- - Bassin d&#039;Arcachon\" loading=\"lazy\" title=\"- - Bassin d&#039;Arcachon\">\n\t\t\t\t<\/picture>\n\t\t\t\t<div class=\"spectra-image-gallery__media-thumbnail-blurrer\"><\/div>\n\t\t\t\t\t\t\t\t\t\t\t<div class=\"spectra-image-gallery__media-thumbnail-caption-wrapper spectra-image-gallery__media-thumbnail-caption-wrapper--overlay\"><\/div>\n\t\t\t\t\t\t\t\t<\/div>\n\t\t\t\t\t\t<\/div>\n\t\t\t\t\t\t<div class='spectra-image-gallery__media-wrapper' data-spectra-gallery-image-id='47767'>\n\t\t\t\t\t\t\t<div class=\"spectra-image-gallery__media spectra-image-gallery__media--carousel\">\n\t\t\t\t<picture>\n\t\t\t\t\t<source media=\"(min-width: 1024px)\" srcset=\"https:\/\/bassin-arcachon.com\/wp-content\/uploads\/2020\/09\/6-food-tour-goumand-cap-ferret-1024x683.jpg\">\n\t\t\t\t\t<source media=\"(min-width: 768px)\" srcset=\"https:\/\/bassin-arcachon.com\/wp-content\/uploads\/2020\/09\/6-food-tour-goumand-cap-ferret-1024x683.jpg\">\n\t\t\t\t\t<img decoding=\"async\" class=\"spectra-image-gallery__media-thumbnail spectra-image-gallery__media-thumbnail--carousel\" src=\"https:\/\/bassin-arcachon.com\/wp-content\/uploads\/2020\/09\/6-food-tour-goumand-cap-ferret-300x200.jpg\" alt=\"- - Bassin d&#039;Arcachon\" loading=\"lazy\" title=\"- - Bassin d&#039;Arcachon\">\n\t\t\t\t<\/picture>\n\t\t\t\t<div class=\"spectra-image-gallery__media-thumbnail-blurrer\"><\/div>\n\t\t\t\t\t\t\t\t\t\t\t<div class=\"spectra-image-gallery__media-thumbnail-caption-wrapper spectra-image-gallery__media-thumbnail-caption-wrapper--overlay\"><\/div>\n\t\t\t\t\t\t\t\t<\/div>\n\t\t\t\t\t\t<\/div>\n\t\t\t\t\t\t<div class='spectra-image-gallery__media-wrapper' data-spectra-gallery-image-id='47768'>\n\t\t\t\t\t\t\t<div class=\"spectra-image-gallery__media spectra-image-gallery__media--carousel\">\n\t\t\t\t<picture>\n\t\t\t\t\t<source media=\"(min-width: 1024px)\" srcset=\"https:\/\/bassin-arcachon.com\/wp-content\/uploads\/2020\/09\/dune-pilat-SIBA-agence-les-conteurs-132-1024x682.jpg\">\n\t\t\t\t\t<source media=\"(min-width: 768px)\" srcset=\"https:\/\/bassin-arcachon.com\/wp-content\/uploads\/2020\/09\/dune-pilat-SIBA-agence-les-conteurs-132-1024x682.jpg\">\n\t\t\t\t\t<img decoding=\"async\" class=\"spectra-image-gallery__media-thumbnail spectra-image-gallery__media-thumbnail--carousel\" src=\"https:\/\/bassin-arcachon.com\/wp-content\/uploads\/2020\/09\/dune-pilat-SIBA-agence-les-conteurs-132-300x200.jpg\" alt=\"- - Bassin d&#039;Arcachon\" loading=\"lazy\" title=\"- - Bassin d&#039;Arcachon\">\n\t\t\t\t<\/picture>\n\t\t\t\t<div class=\"spectra-image-gallery__media-thumbnail-blurrer\"><\/div>\n\t\t\t\t\t\t\t\t\t\t\t<div class=\"spectra-image-gallery__media-thumbnail-caption-wrapper spectra-image-gallery__media-thumbnail-caption-wrapper--overlay\"><\/div>\n\t\t\t\t\t\t\t\t<\/div>\n\t\t\t\t\t\t<\/div>\n\t\t\t\t\t\t<div class='spectra-image-gallery__media-wrapper' data-spectra-gallery-image-id='47769'>\n\t\t\t\t\t\t\t<div class=\"spectra-image-gallery__media spectra-image-gallery__media--carousel\">\n\t\t\t\t<picture>\n\t\t\t\t\t<source media=\"(min-width: 1024px)\" srcset=\"https:\/\/bassin-arcachon.com\/wp-content\/uploads\/2020\/09\/onewheel-1024x682.jpg\">\n\t\t\t\t\t<source media=\"(min-width: 768px)\" srcset=\"https:\/\/bassin-arcachon.com\/wp-content\/uploads\/2020\/09\/onewheel-1024x682.jpg\">\n\t\t\t\t\t<img decoding=\"async\" class=\"spectra-image-gallery__media-thumbnail spectra-image-gallery__media-thumbnail--carousel\" src=\"https:\/\/bassin-arcachon.com\/wp-content\/uploads\/2020\/09\/onewheel-300x200.jpg\" alt=\"- - Bassin d&#039;Arcachon\" loading=\"lazy\" title=\"- - Bassin d&#039;Arcachon\">\n\t\t\t\t<\/picture>\n\t\t\t\t<div class=\"spectra-image-gallery__media-thumbnail-blurrer\"><\/div>\n\t\t\t\t\t\t\t\t\t\t\t<div class=\"spectra-image-gallery__media-thumbnail-caption-wrapper spectra-image-gallery__media-thumbnail-caption-wrapper--overlay\"><\/div>\n\t\t\t\t\t\t\t\t<\/div>\n\t\t\t\t\t\t<\/div>\n\t\t\t\t\t\t\t\t\t\t\t<\/div>\n\t\t\t\t\t\t\t<\/div>\n\t\t\t\t\t\t\t\t\t\t\t<\/div>\n\t\t\t\t\t\t\t\t\t<\/div>\n\n\n\n<div class=\"wp-block-uagb-container uagb-block-859424fe\">\n<div class=\"wp-block-uagb-container uagb-block-8fd1b5b6\">\n<p class=\"has-white-color has-text-color\" style=\"font-size:16px\">Green Meeting offer<br><br>A seminar that makes sense<br><br>In the heart of nature<br><br>green rates<br><br>Eco-responsible discovery Plogging Cohesion<\/p>\n<\/div>\n\n\n\n<div class=\"wp-block-uagb-container uagb-block-b87b9e95\">\n<h4 class=\"wp-block-heading\">Contact us<\/h4>\n\n\n\n<p class=\"has-black-color has-text-color\"><a href=\"mailto:mice@siba-bassin-arcachon.fr\">mice@siba-bassin-arcachon.fr<\/a><\/p>\n<\/div>\n<\/div>\n<\/div><\/div>\n\n\n\n<div style=\"height:40px\" aria-hidden=\"true\" class=\"wp-block-spacer\"><\/div>\n\n\n\n<div class=\"wp-block-uagb-container uagb-block-849d9147 alignfull uagb-is-root-container\"><div class=\"uagb-container-inner-blocks-wrap\">\n<div class=\"wp-block-uagb-container uagb-block-b5166cbf\">\n<h2 class=\"wp-block-heading\">Suggested program<\/h2>\n\n\n\n<h3 class=\"wp-block-heading\">Day 1<strong><\/strong><\/h3>\n\n\n\n<ul class=\"wp-block-list\">\n<li>Arrival of participants in the morning<\/li>\n\n\n\n<li>Installation on the Bassin in a&nbsp;<strong>\u201ceco-responsible\u201d environment<\/strong>&nbsp;\u00bb<\/li>\n\n\n\n<li>Buffet lunch of local specialties&nbsp;<strong>healthy&nbsp;<\/strong>\u00bb<\/li>\n\n\n\n<li>Working meeting in the middle of nature with a letting go workshop or<strong>&nbsp;gourmet food tour<\/strong>&nbsp;in nature or by the sea.<\/li>\n\n\n\n<li>At the end of the day, visit the&nbsp;<strong>Oyster House&nbsp;<\/strong>(Gujan-Mestras), followed by a cocktail reception in a&nbsp;<strong>oyster farmer&#039;s hut on the port<\/strong>.<\/li>\n<\/ul>\n\n\n\n<p><a href=\"https:\/\/fr.calameo.com\/read\/0000244211152a79deb84\" target=\"_blank\" rel=\"noreferrer noopener\">Accommodation on the site of your choice.<\/a><\/p>\n\n\n\n<h3 class=\"wp-block-heading\">Day 2<strong><\/strong><\/h3>\n\n\n\n<ul class=\"wp-block-list\">\n<li>Breakfast buffet<\/li>\n\n\n\n<li>Business meeting and coffee break&nbsp;<strong>local products<\/strong><\/li>\n\n\n\n<li>Lunch at the hotel<\/li>\n\n\n\n<li>Afternoon devoted to an extraordinary jog: the &quot;&nbsp;<strong>Plogging<\/strong>&nbsp;! Or how to combine sport and nature? Make your teams aware of the environment and try the &quot;waste&quot; sculpture and the recyclable selfie!<\/li>\n<\/ul>\n\n\n\n<p><strong>WHERE<\/strong><\/p>\n\n\n\n<ul class=\"wp-block-list\">\n<li>Breathtaking challenge with a&nbsp;<strong>wind challenge<\/strong>&nbsp;! Generate your own energy to participate in an incredible race! Your team must build a wind turbine that generates as much electricity as possible within the allotted time.<\/li>\n<\/ul>\n\n\n\n<p><strong>WHERE<\/strong><\/p>\n\n\n\n<ul class=\"wp-block-list\">\n<li>Challenge between teams in a fun and original way with a<strong>&nbsp;adventure and nature rally&nbsp;<\/strong>on the Bassin of Arcachon,&nbsp;<a href=\"https:\/\/www.khapevent.fr\/pages\/nos-circuits-khap-event.html\" target=\"_blank\" rel=\"noreferrer noopener\">with Sandra and Jean-Marc from Khap Event<\/a>.<\/li>\n\n\n\n<li>Departure of the participants at the end of the day.<\/li>\n<\/ul>\n\n\n\n<p>The unifying activities offered in this program are cited as examples. Contact&nbsp;<a href=\"https:\/\/www.arcachonecotours.com\/\" target=\"_blank\" rel=\"noreferrer noopener\">Arcachon Ecotours incoming agency<\/a>&nbsp;for the organization of your eco-responsible professional stay on the Bassin.<\/p>\n\n\n\n<p><a href=\"https:\/\/www.bassin-arcachon.com\/wp-content\/uploads\/2020\/05\/CATALOGUE-ARCACHON-ECOTOURS-Web.pdf\" target=\"_blank\" rel=\"noreferrer noopener\">Discover all of its offer here<\/a>.<\/p>\n<\/div>\n\n\n\n<div class=\"wp-block-uagb-container uagb-block-1ba8209f\"><\/div>\n<\/div><\/div>\n\n\n\n<div style=\"height:60px\" aria-hidden=\"true\" class=\"wp-block-spacer\"><\/div>","protected":false},"excerpt":{"rendered":"<p>Offre Green Meeting Un s\u00e9minaire qui a du sens Au coeur de la nature Tarifs green D\u00e9couverte \u00e9co-responsable Plogging Coh\u00e9sion Nous contacter mice@siba-bassin-arcachon.fr Suggestion de programme Jour 1 H\u00e9bergement sur [&hellip;]<\/p>\n","protected":false},"author":13,"featured_media":44400,"parent":47639,"menu_order":0,"comment_status":"closed","ping_status":"closed","template":"","meta":{"_acf_changed":false,"_uag_custom_page_level_css":"","footnotes":""},"class_list":["post-47656","page","type-page","status-publish","has-post-thumbnail","hentry"],"acf":[],"uagb_featured_image_src":{"full":["https:\/\/bassin-arcachon.com\/wp-content\/uploads\/2020\/07\/pres-sales-ares-17.jpg",1200,800,false],"thumbnail":["https:\/\/bassin-arcachon.com\/wp-content\/uploads\/2020\/07\/pres-sales-ares-17-150x150.jpg",150,150,true],"medium":["https:\/\/bassin-arcachon.com\/wp-content\/uploads\/2020\/07\/pres-sales-ares-17-600x400.jpg",600,400,true],"medium_large":["https:\/\/bassin-arcachon.com\/wp-content\/uploads\/2020\/07\/pres-sales-ares-17-768x512.jpg",768,512,true],"large":["https:\/\/bassin-arcachon.com\/wp-content\/uploads\/2020\/07\/pres-sales-ares-17-1024x683.jpg",1024,683,true],"1536x1536":["https:\/\/bassin-arcachon.com\/wp-content\/uploads\/2020\/07\/pres-sales-ares-17.jpg",1200,800,false],"2048x2048":["https:\/\/bassin-arcachon.com\/wp-content\/uploads\/2020\/07\/pres-sales-ares-17.jpg",1200,800,false],"trp-custom-language-flag":["https:\/\/bassin-arcachon.com\/wp-content\/uploads\/2020\/07\/pres-sales-ares-17-18x12.jpg",18,12,true]},"uagb_author_info":{"display_name":"Marine, ambassadrice du Bassin d'Arcachon","author_link":"https:\/\/bassin-arcachon.com\/en\/author\/marineles-conteurs-com\/"},"uagb_comment_info":0,"uagb_excerpt":"Offre Green Meeting Un s\u00e9minaire qui a du sens Au coeur de la nature Tarifs green D\u00e9couverte \u00e9co-responsable Plogging Coh\u00e9sion Nous contacter mice@siba-bassin-arcachon.fr Suggestion de programme Jour 1 H\u00e9bergement sur [&hellip;]","_links":{"self":[{"href":"https:\/\/bassin-arcachon.com\/en\/wp-json\/wp\/v2\/pages\/47656","targetHints":{"allow":["GET"]}}],"collection":[{"href":"https:\/\/bassin-arcachon.com\/en\/wp-json\/wp\/v2\/pages"}],"about":[{"href":"https:\/\/bassin-arcachon.com\/en\/wp-json\/wp\/v2\/types\/page"}],"author":[{"embeddable":true,"href":"https:\/\/bassin-arcachon.com\/en\/wp-json\/wp\/v2\/users\/13"}],"replies":[{"embeddable":true,"href":"https:\/\/bassin-arcachon.com\/en\/wp-json\/wp\/v2\/comments?post=47656"}],"version-history":[{"count":0,"href":"https:\/\/bassin-arcachon.com\/en\/wp-json\/wp\/v2\/pages\/47656\/revisions"}],"up":[{"embeddable":true,"href":"https:\/\/bassin-arcachon.com\/en\/wp-json\/wp\/v2\/pages\/47639"}],"wp:featuredmedia":[{"embeddable":true,"href":"https:\/\/bassin-arcachon.com\/en\/wp-json\/wp\/v2\/media\/44400"}],"wp:attachment":[{"href":"https:\/\/bassin-arcachon.com\/en\/wp-json\/wp\/v2\/media?parent=47656"}],"curies":[{"name":"wp","href":"https:\/\/api.w.org\/{rel}","templated":true}]}}