{"id":58310,"date":"2024-05-07T13:31:15","date_gmt":"2024-05-07T11:31:15","guid":{"rendered":"https:\/\/bassin-arcachon.com\/?page_id=58310"},"modified":"2026-01-19T08:22:53","modified_gmt":"2026-01-19T07:22:53","slug":"arcachon-basin-weather-forecast-for-the-week","status":"publish","type":"page","link":"https:\/\/bassin-arcachon.com\/en\/previsions-meteo-bassin-arcachon-semaine\/","title":{"rendered":"Arcachon Bassin weather forecast"},"content":{"rendered":"<h2 class=\"wp-block-heading has-text-align-center\" style=\"font-size:33px\">Find your local weather <br>6 days on the Bassin from Arcachon<\/h2>\n\n\n\n<div style=\"height:28px\" aria-hidden=\"true\" class=\"wp-block-spacer\"><\/div>\n\n\n<div class=\"wp-block-image is-style-default\">\n<figure class=\"aligncenter size-large is-resized\"><img loading=\"lazy\" decoding=\"async\" width=\"1024\" height=\"683\" src=\"https:\/\/bassin-arcachon.com\/wp-content\/uploads\/2022\/11\/20160429_HD_Jetee-du-Moulleau_CASSIAU-9-scaled-1024x683.jpg\" alt=\"- - Bassin d&#039;Arcachon\" class=\"wp-image-52236\" style=\"width:736px;height:auto\" title=\"- - Bassin d&#039;Arcachon\" srcset=\"https:\/\/bassin-arcachon.com\/wp-content\/uploads\/2022\/11\/20160429_HD_Jetee-du-Moulleau_CASSIAU-9-scaled-1024x683.jpg 1024w, https:\/\/bassin-arcachon.com\/wp-content\/uploads\/2022\/11\/20160429_HD_Jetee-du-Moulleau_CASSIAU-9-scaled-600x400.jpg 600w, https:\/\/bassin-arcachon.com\/wp-content\/uploads\/2022\/11\/20160429_HD_Jetee-du-Moulleau_CASSIAU-9-scaled-768x512.jpg 768w, https:\/\/bassin-arcachon.com\/wp-content\/uploads\/2022\/11\/20160429_HD_Jetee-du-Moulleau_CASSIAU-9-scaled-1536x1024.jpg 1536w, https:\/\/bassin-arcachon.com\/wp-content\/uploads\/2022\/11\/20160429_HD_Jetee-du-Moulleau_CASSIAU-9-scaled-2048x1366.jpg 2048w, https:\/\/bassin-arcachon.com\/wp-content\/uploads\/2022\/11\/20160429_HD_Jetee-du-Moulleau_CASSIAU-9-scaled-18x12.jpg 18w\" sizes=\"auto, (max-width: 1024px) 100vw, 1024px\" \/><\/figure>\n<\/div>\n\n\n<div style=\"height:25px\" aria-hidden=\"true\" class=\"wp-block-spacer\"><\/div>\n\n\n\n<h2 class=\"wp-block-heading has-text-align-center has-large-font-size\">Schedule your activities according to the weather:<\/h2>\n\n\n\n<p class=\"has-text-align-center\">The weather is nice: It\u2019s an opportunity to discover <a href=\"https:\/\/bassin-arcachon.com\/en\/our-essentials\/the-beaches\/\">our most beautiful beaches<\/a> ! <br>It&#039;s raining: The Bassin in Arcachon is full <a href=\"https:\/\/bassin-arcachon.com\/en\/what-to-do-when-it-rains\/\">of activities<\/a> even in bad weather!<\/p>\n\n\n\n<div style=\"height:38px\" aria-hidden=\"true\" class=\"wp-block-spacer\"><\/div>\n\n\n\n<div class=\"wp-block-uagb-container uagb-block-311c41f9 alignfull uagb-is-root-container\"><div class=\"uagb-container-inner-blocks-wrap\"><iframe title=\"Ventus Weather Map Shortcode 44.65 -1.1667\" loading=\"lazy\" style=\"width: 100%; height: 600px; border-radius: 20px; box-sizing: border-box;\" src=\"https:\/\/embed.windy.com\/embed2.html?lat=44.65&lon=-1.1667&zoom=9&overlay=currents&marker=wrong&pressure=true&detailLat=44.65&detailLon=-1.1667&metricWind=knots&metricTemp=\u00b0C&detail=true&calendar=now&product=ecmwf&level=surface&menu=&message=true&type=map&location=coordinates&radarRange=-1\" frameborder=\"0\"><\/iframe>\n\n\n\n<div style=\"height:25px\" aria-hidden=\"true\" class=\"wp-block-spacer\"><\/div>\n\n\n\n<p class=\"has-text-align-center has-medium-font-size\"><strong>Located on the Atlantic coast of France, Arcachon enjoys a mild and temperate oceanic climate, offering varied weather conditions throughout the year.<\/strong><\/p>\n<\/div><\/div>\n\n\n\n<div style=\"height:29px\" aria-hidden=\"true\" class=\"wp-block-spacer\"><\/div>\n\n\n\n<div class=\"wp-block-uagb-container uagb-block-d27eeb93 alignfull uagb-is-root-container\"><div class=\"uagb-container-inner-blocks-wrap\">\n<div class=\"wp-block-uagb-container uagb-block-66f0952b\">\n<figure class=\"wp-block-image size-large\"><img loading=\"lazy\" decoding=\"async\" width=\"1024\" height=\"700\" src=\"https:\/\/bassin-arcachon.com\/wp-content\/uploads\/2020\/07\/20160531_HD_Printemps_Port-Biganos_CASSIAU-12-scaled-1024x700.jpg\" alt=\"Colourful huts in Biganos harbour\" class=\"wp-image-51799\" title=\"- - Bassin d&#039;Arcachon\" srcset=\"https:\/\/bassin-arcachon.com\/wp-content\/uploads\/2020\/07\/20160531_HD_Printemps_Port-Biganos_CASSIAU-12-scaled-1024x700.jpg 1024w, https:\/\/bassin-arcachon.com\/wp-content\/uploads\/2020\/07\/20160531_HD_Printemps_Port-Biganos_CASSIAU-12-scaled-600x410.jpg 600w, https:\/\/bassin-arcachon.com\/wp-content\/uploads\/2020\/07\/20160531_HD_Printemps_Port-Biganos_CASSIAU-12-scaled-768x525.jpg 768w, https:\/\/bassin-arcachon.com\/wp-content\/uploads\/2020\/07\/20160531_HD_Printemps_Port-Biganos_CASSIAU-12-scaled-1536x1050.jpg 1536w, https:\/\/bassin-arcachon.com\/wp-content\/uploads\/2020\/07\/20160531_HD_Printemps_Port-Biganos_CASSIAU-12-scaled-2048x1400.jpg 2048w, https:\/\/bassin-arcachon.com\/wp-content\/uploads\/2020\/07\/20160531_HD_Printemps_Port-Biganos_CASSIAU-12-scaled-18x12.jpg 18w\" sizes=\"auto, (max-width: 1024px) 100vw, 1024px\" \/><\/figure>\n<\/div>\n\n\n\n<div class=\"wp-block-uagb-container uagb-block-2e66e4fa\">\n<h2 class=\"wp-block-heading\">Weather in spring:<\/h2>\n\n\n\n<p>Spring, a mild and sunny season, invites you to discover the Bassin of Arcachon. Mild temperatures, bike rides, <a href=\"https:\/\/bassin-arcachon.com\/en\/our-towns-and-villages\/\">discovery of the villages<\/a>, hikes, <a href=\"https:\/\/www.reserve-ornithologique-du-teich.com\/\" data-type=\"link\" data-id=\"https:\/\/www.reserve-ornithologique-du-teich.com\/\" target=\"_blank\" rel=\"noopener\">bird watching<\/a>, tasting of oysters and local specialties, lively markets, crafts, water sports, shows\u2026 Spring at Bassin in Arcachon: an unforgettable stay!<\/p>\n\n\n\n<p><\/p>\n<\/div>\n<\/div><\/div>\n\n\n\n<div style=\"height:37px\" aria-hidden=\"true\" class=\"wp-block-spacer\"><\/div>\n\n\n\n<div class=\"wp-block-uagb-container uagb-block-10d90490 alignfull uagb-is-root-container\"><div class=\"uagb-container-inner-blocks-wrap\">\n<div class=\"wp-block-uagb-container uagb-block-2d3d2013\">\n<figure class=\"wp-block-image size-large\"><img loading=\"lazy\" decoding=\"async\" width=\"1024\" height=\"683\" src=\"https:\/\/bassin-arcachon.com\/wp-content\/uploads\/2017\/03\/1-plage-bassin-darcachon-j5-1024x683.jpg\" alt=\"weather summer beach sun Arcachon basin\" class=\"wp-image-533\" title=\"- - Bassin d&#039;Arcachon\" srcset=\"https:\/\/bassin-arcachon.com\/wp-content\/uploads\/2017\/03\/1-plage-bassin-darcachon-j5-1024x683.jpg 1024w, https:\/\/bassin-arcachon.com\/wp-content\/uploads\/2017\/03\/1-plage-bassin-darcachon-j5-600x400.jpg 600w, https:\/\/bassin-arcachon.com\/wp-content\/uploads\/2017\/03\/1-plage-bassin-darcachon-j5-768x512.jpg 768w, https:\/\/bassin-arcachon.com\/wp-content\/uploads\/2017\/03\/1-plage-bassin-darcachon-j5-18x12.jpg 18w, https:\/\/bassin-arcachon.com\/wp-content\/uploads\/2017\/03\/1-plage-bassin-darcachon-j5.jpg 1200w\" sizes=\"auto, (max-width: 1024px) 100vw, 1024px\" \/><\/figure>\n<\/div>\n\n\n\n<div class=\"wp-block-uagb-container uagb-block-0f4a85e9\">\n<h2 class=\"wp-block-heading\">The climate in summer:<\/h2>\n\n\n\n<p>During the summer months, the Bassin of Arcachon is bathed in gentle sea breezes and pleasant temperatures, with averages ranging from 20\u00b0C to 30\u00b0C. Sunny days invite you to relax on <a href=\"https:\/\/bassin-arcachon.com\/en\/our-essentials\/the-beaches\/\">The beaches<\/a> of fine sand and the discovery of the picturesque villages which border the Bassin.<\/p>\n<\/div>\n<\/div><\/div>\n\n\n\n<div style=\"height:37px\" aria-hidden=\"true\" class=\"wp-block-spacer\"><\/div>\n\n\n\n<div class=\"wp-block-uagb-container uagb-block-ad965336 alignfull uagb-is-root-container\"><div class=\"uagb-container-inner-blocks-wrap\">\n<div class=\"wp-block-uagb-container uagb-block-8a39d8e4\">\n<figure class=\"wp-block-image size-large\"><img loading=\"lazy\" decoding=\"async\" width=\"1024\" height=\"683\" src=\"https:\/\/bassin-arcachon.com\/wp-content\/uploads\/2023\/04\/20191010_BD_Sentier-Littoral-VeloPlage_CASSIAU-38-1024x683.jpg\" alt=\"walk in autumn Arcachon basin weather\" class=\"wp-image-55429\" title=\"- - Bassin d&#039;Arcachon\" srcset=\"https:\/\/bassin-arcachon.com\/wp-content\/uploads\/2023\/04\/20191010_BD_Sentier-Littoral-VeloPlage_CASSIAU-38-1024x683.jpg 1024w, https:\/\/bassin-arcachon.com\/wp-content\/uploads\/2023\/04\/20191010_BD_Sentier-Littoral-VeloPlage_CASSIAU-38-600x400.jpg 600w, https:\/\/bassin-arcachon.com\/wp-content\/uploads\/2023\/04\/20191010_BD_Sentier-Littoral-VeloPlage_CASSIAU-38-768x512.jpg 768w, https:\/\/bassin-arcachon.com\/wp-content\/uploads\/2023\/04\/20191010_BD_Sentier-Littoral-VeloPlage_CASSIAU-38-18x12.jpg 18w, https:\/\/bassin-arcachon.com\/wp-content\/uploads\/2023\/04\/20191010_BD_Sentier-Littoral-VeloPlage_CASSIAU-38.jpg 1500w\" sizes=\"auto, (max-width: 1024px) 100vw, 1024px\" \/><\/figure>\n<\/div>\n\n\n\n<div class=\"wp-block-uagb-container uagb-block-c26c47a5\">\n<h2 class=\"wp-block-heading\">The sweetness of autumn: <\/h2>\n\n\n\n<p>Autumn brings a palette of magnificent colors to the landscape of the Bassin of Arcachon. Temperatures are starting to drop slightly, providing refreshing days ideal for <a href=\"https:\/\/bassin-arcachon.com\/en\/5-ideas-for-walks-on-the-arcachon-basin-recommended-by-our-nature-guide\/\">walks<\/a> along coastal paths and relaxing moments in bustling seaside cafes.<\/p>\n<\/div>\n<\/div><\/div>\n\n\n\n<div style=\"height:37px\" aria-hidden=\"true\" class=\"wp-block-spacer\"><\/div>\n\n\n\n<div class=\"wp-block-uagb-container uagb-block-ae90c130 alignfull uagb-is-root-container\"><div class=\"uagb-container-inner-blocks-wrap\">\n<div class=\"wp-block-uagb-container uagb-block-653d626f\">\n<figure class=\"wp-block-image size-large\"><img loading=\"lazy\" decoding=\"async\" width=\"1024\" height=\"683\" src=\"https:\/\/bassin-arcachon.com\/wp-content\/uploads\/2021\/01\/hiver-famille-SIBA-agence-les-conteurs-33-1024x683.jpg\" alt=\"weather in winter dune of pilat basin arcachon\" class=\"wp-image-48545\" title=\"- - Bassin d&#039;Arcachon\" srcset=\"https:\/\/bassin-arcachon.com\/wp-content\/uploads\/2021\/01\/hiver-famille-SIBA-agence-les-conteurs-33-1024x683.jpg 1024w, https:\/\/bassin-arcachon.com\/wp-content\/uploads\/2021\/01\/hiver-famille-SIBA-agence-les-conteurs-33-600x400.jpg 600w, https:\/\/bassin-arcachon.com\/wp-content\/uploads\/2021\/01\/hiver-famille-SIBA-agence-les-conteurs-33-768x512.jpg 768w, https:\/\/bassin-arcachon.com\/wp-content\/uploads\/2021\/01\/hiver-famille-SIBA-agence-les-conteurs-33-18x12.jpg 18w, https:\/\/bassin-arcachon.com\/wp-content\/uploads\/2021\/01\/hiver-famille-SIBA-agence-les-conteurs-33.jpg 1500w\" sizes=\"auto, (max-width: 1024px) 100vw, 1024px\" \/><\/figure>\n<\/div>\n\n\n\n<div class=\"wp-block-uagb-container uagb-block-98dd496d\">\n<h2 class=\"wp-block-heading\">Weather in winter:<\/h2>\n\n\n\n<p>During the winter, the Bassin of Arcachon reveals a peaceful and calm atmosphere. Mild temperatures generally range between 5\u00b0C and 10\u00b0C, offering the opportunity to experience the wild beauty of the region from a different perspective. Beach walks and seafood tasting at local restaurants are must-do experiences on sunny days.<\/p>\n<\/div>\n<\/div><\/div>\n\n\n\n<div style=\"height:37px\" aria-hidden=\"true\" class=\"wp-block-spacer\"><\/div>\n\n\n\n<p class=\"has-text-align-center\">In addition, do not hesitate to consult the <a href=\"https:\/\/bassin-arcachon.com\/en\/tide-times\/\">tide times<\/a> of the Bassin of Arcachon<\/p>","protected":false},"excerpt":{"rendered":"<p>Retrouvez votre m\u00e9t\u00e9o locale \u00e0 6 jours sur le Bassin d&rsquo;Arcachon Programmez vos activit\u00e9s suivant la m\u00e9t\u00e9o : Il fait beau : C&rsquo;est l&rsquo;occasion de d\u00e9couvrir nos plus belles plages [&hellip;]<\/p>\n","protected":false},"author":305,"featured_media":54249,"parent":0,"menu_order":0,"comment_status":"closed","ping_status":"closed","template":"","meta":{"_acf_changed":false,"_uag_custom_page_level_css":"","footnotes":""},"class_list":["post-58310","page","type-page","status-publish","has-post-thumbnail","hentry"],"acf":[],"uagb_featured_image_src":{"full":["https:\/\/bassin-arcachon.com\/wp-content\/uploads\/2023\/01\/C6A9329-scaled.jpg",2560,1707,false],"thumbnail":["https:\/\/bassin-arcachon.com\/wp-content\/uploads\/2023\/01\/C6A9329-scaled-150x150.jpg",150,150,true],"medium":["https:\/\/bassin-arcachon.com\/wp-content\/uploads\/2023\/01\/C6A9329-scaled-600x400.jpg",600,400,true],"medium_large":["https:\/\/bassin-arcachon.com\/wp-content\/uploads\/2023\/01\/C6A9329-scaled-768x512.jpg",768,512,true],"large":["https:\/\/bassin-arcachon.com\/wp-content\/uploads\/2023\/01\/C6A9329-scaled-1024x683.jpg",1024,683,true],"1536x1536":["https:\/\/bassin-arcachon.com\/wp-content\/uploads\/2023\/01\/C6A9329-scaled-1536x1024.jpg",1536,1024,true],"2048x2048":["https:\/\/bassin-arcachon.com\/wp-content\/uploads\/2023\/01\/C6A9329-scaled-2048x1366.jpg",2048,1366,true],"trp-custom-language-flag":["https:\/\/bassin-arcachon.com\/wp-content\/uploads\/2023\/01\/C6A9329-scaled-18x12.jpg",18,12,true]},"uagb_author_info":{"display_name":"Franck BAUPREY","author_link":"https:\/\/bassin-arcachon.com\/en\/author\/weboostdigital33gmail-com\/"},"uagb_comment_info":0,"uagb_excerpt":"Retrouvez votre m\u00e9t\u00e9o locale \u00e0 6 jours sur le Bassin d&rsquo;Arcachon Programmez vos activit\u00e9s suivant la m\u00e9t\u00e9o : Il fait beau : C&rsquo;est l&rsquo;occasion de d\u00e9couvrir nos plus belles plages [&hellip;]","_links":{"self":[{"href":"https:\/\/bassin-arcachon.com\/en\/wp-json\/wp\/v2\/pages\/58310","targetHints":{"allow":["GET"]}}],"collection":[{"href":"https:\/\/bassin-arcachon.com\/en\/wp-json\/wp\/v2\/pages"}],"about":[{"href":"https:\/\/bassin-arcachon.com\/en\/wp-json\/wp\/v2\/types\/page"}],"author":[{"embeddable":true,"href":"https:\/\/bassin-arcachon.com\/en\/wp-json\/wp\/v2\/users\/305"}],"replies":[{"embeddable":true,"href":"https:\/\/bassin-arcachon.com\/en\/wp-json\/wp\/v2\/comments?post=58310"}],"version-history":[{"count":8,"href":"https:\/\/bassin-arcachon.com\/en\/wp-json\/wp\/v2\/pages\/58310\/revisions"}],"predecessor-version":[{"id":223662,"href":"https:\/\/bassin-arcachon.com\/en\/wp-json\/wp\/v2\/pages\/58310\/revisions\/223662"}],"wp:featuredmedia":[{"embeddable":true,"href":"https:\/\/bassin-arcachon.com\/en\/wp-json\/wp\/v2\/media\/54249"}],"wp:attachment":[{"href":"https:\/\/bassin-arcachon.com\/en\/wp-json\/wp\/v2\/media?parent=58310"}],"curies":[{"name":"wp","href":"https:\/\/api.w.org\/{rel}","templated":true}]}}