{"id":69,"date":"2019-09-26T11:20:36","date_gmt":"2019-09-26T09:20:36","guid":{"rendered":"https:\/\/bassin-arcachon.com\/\/?page_id=69"},"modified":"2024-12-16T13:59:34","modified_gmt":"2024-12-16T12:59:34","slug":"find-your-wifi-point","status":"publish","type":"page","link":"https:\/\/bassin-arcachon.com\/en\/trouver-votre-point-wifi\/","title":{"rendered":"Find your WiFi hotspot"},"content":{"rendered":"<div class=\"wp-block-uagb-container uagb-block-48fa6ada alignfull uagb-is-root-container\"><div class=\"uagb-container-inner-blocks-wrap\">\n<h2 class=\"wp-block-heading\">More than 80 WiFi points on the Bassin in Arcachon<\/h2>\n\n\n\n<h3 class=\"wp-block-heading\">The Bassin in Arcachon offers you free, unlimited and secure WiFi access to surf the Internet freely in equipped public places. <\/h3>\n\n\n\n<p><a href=\"https:\/\/bassin-arcachon.com\/wp-content\/uploads\/2020\/07\/Wifi_janvier_2025-dg.pdf\">Arcachon Bassin WiFi Brochure<\/a><\/p>\n<\/div><\/div>\n\n\n\n<div style=\"height:40px\" aria-hidden=\"true\" class=\"wp-block-spacer\"><\/div>\n\n\n\n<div class=\"wp-block-uagb-container uagb-block-090d7186 alignfull uagb-is-root-container\"><div class=\"uagb-container-inner-blocks-wrap\">\n<div class=\"wp-block-uagb-container gris uagb-block-54694b29\">\n<h2 class=\"wp-block-heading\">How to login<\/h2>\n\n\n\n<p><img loading=\"lazy\" decoding=\"async\" src=\"https:\/\/bassin-arcachon.com\/\/wp-content\/uploads\/2021\/02\/wifi-01-2.png\" alt=\"- - Bassin d&#039;Arcachon\" width=\"54\" height=\"43\" title=\"- - Bassin d&#039;Arcachon\">&nbsp;&nbsp; 1\/ Activate the WiFi function on your computer, tablet or smartphone.<\/p>\n\n\n\n<p><img loading=\"lazy\" decoding=\"async\" src=\"https:\/\/bassin-arcachon.com\/\/wp-content\/uploads\/2021\/02\/wifi-02-2-244x300.png\" alt=\"- - Bassin d&#039;Arcachon\" width=\"45\" height=\"55\" srcset=\"https:\/\/bassin-arcachon.com\/wp-content\/uploads\/2021\/02\/wifi-02-2-244x300.png 244w, https:\/\/bassin-arcachon.com\/wp-content\/uploads\/2021\/02\/wifi-02-2.png 321w\" title=\"- - Bassin d&#039;Arcachon\">&nbsp; &nbsp; &nbsp;2\/ Locate a WiFi access point thanks to its signage. Set up within 50m.<\/p>\n\n\n\n<p><img loading=\"lazy\" decoding=\"async\" src=\"https:\/\/bassin-arcachon.com\/\/wp-content\/uploads\/2021\/02\/wifi-03-2-300x234.png\" alt=\"- - Bassin d&#039;Arcachon\" width=\"55\" height=\"43\" srcset=\"https:\/\/bassin-arcachon.com\/wp-content\/uploads\/2021\/02\/wifi-03-2-300x234.png 300w, https:\/\/bassin-arcachon.com\/wp-content\/uploads\/2021\/02\/wifi-03-2.png 379w\" title=\"- - Bassin d&#039;Arcachon\">&nbsp; &nbsp;3\/ Select the \u201cWiFi_Bassin_Arcachon\u201d network and validate your choice.<\/p>\n\n\n\n<p><img loading=\"lazy\" decoding=\"async\" src=\"https:\/\/bassin-arcachon.com\/\/wp-content\/uploads\/2021\/02\/wifi-04-2-300x300.png\" alt=\"- - Bassin d&#039;Arcachon\" width=\"55\" height=\"55\" srcset=\"https:\/\/bassin-arcachon.com\/wp-content\/uploads\/2021\/02\/wifi-04-2-300x300.png 300w, https:\/\/bassin-arcachon.com\/wp-content\/uploads\/2021\/02\/wifi-04-2-150x150.png 150w, https:\/\/bassin-arcachon.com\/wp-content\/uploads\/2021\/02\/wifi-04-2.png 363w\" title=\"- - Bassin d&#039;Arcachon\">&nbsp; &nbsp;4\/ The WiFi_Bassin_Arcachon network access portal is displayed.<\/p>\n\n\n\n<p><img loading=\"lazy\" decoding=\"async\" src=\"https:\/\/bassin-arcachon.com\/\/wp-content\/uploads\/2021\/02\/wifi-05-2.png\" alt=\"- - Bassin d&#039;Arcachon\" width=\"64\" height=\"46\" title=\"- - Bassin d&#039;Arcachon\">&nbsp;&nbsp;5\/ Enter your email or use your Facebook, Twitter or Google account and accept the terms of use.<\/p>\n\n\n\n<p><img loading=\"lazy\" decoding=\"async\" src=\"https:\/\/bassin-arcachon.com\/\/wp-content\/uploads\/2021\/02\/wifi-06-2-300x290.png\" alt=\"- - Bassin d&#039;Arcachon\" width=\"54\" height=\"52\" srcset=\"https:\/\/bassin-arcachon.com\/wp-content\/uploads\/2021\/02\/wifi-06-2-300x290.png 300w, https:\/\/bassin-arcachon.com\/wp-content\/uploads\/2021\/02\/wifi-06-2.png 408w\" title=\"- - Bassin d&#039;Arcachon\">&nbsp; &nbsp; 6\/ You can now surf the Internet unlimited, free and in complete safety!<\/p>\n<\/div>\n\n\n\n<div class=\"wp-block-uagb-container uagb-block-4a9e8f10\">\n<div class=\"wp-block-uagb-image alignleft uagb-block-1a9dafad wp-block-uagb-image--layout-default wp-block-uagb-image--effect-static wp-block-uagb-image--align-left\"><figure class=\"wp-block-uagb-image__figure\"><a class=\"\" href=\"https:\/\/bassin-arcachon.com\/wp-content\/uploads\/2020\/07\/Wifi_janvier_2025-dg.pdf\" target=\"\" rel=\"noopener\"><img decoding=\"async\" srcset=\"https:\/\/bassin-arcachon.com\/wp-content\/uploads\/2022\/01\/capture-wifi-bassin-arcachon.png \" sizes=\"auto, (max-width: 480px) 150px\" src=\"https:\/\/bassin-arcachon.com\/wp-content\/uploads\/2022\/01\/capture-wifi-bassin-arcachon.png\" alt=\"- - Bassin d&#039;Arcachon\" class=\"uag-image-50923\" width=\"288\" height=\"511\" title=\"- - Bassin d&#039;Arcachon\" loading=\"lazy\" role=\"img\"><\/a><\/figure><\/div>\n<\/div>\n<\/div><\/div>\n\n\n\n<div style=\"height:40px\" aria-hidden=\"true\" class=\"wp-block-spacer\"><\/div>\n\n\n\n<div class=\"wp-block-group\"><div class=\"wp-block-group__inner-container is-layout-constrained wp-block-group-is-layout-constrained\">\n<div class=\"wp-block-uagb-container uagb-block-81f1f5a0 alignfull uagb-is-root-container\"><div class=\"uagb-container-inner-blocks-wrap\">\n<div class=\"wp-block-uagb-container uagb-block-7cfcf15d\">\n<h3 class=\"wp-block-heading\">Surf smart!<\/h3>\n\n\n\n<p>The WiFi_Bassin_Arcachon network remembers you, if your first connection is correctly established (validation of your email or complete connection process with Facebook, Google, Twitter)! The connection will be made automatically on the same device each time you are near one of our WiFi terminals, regardless of the municipality of the Bassin.<\/p>\n<\/div>\n\n\n\n<div class=\"wp-block-uagb-container uagb-block-b4eb1e67\">\n<h3 class=\"wp-block-heading\">Technical assistance at:<\/h3>\n\n\n\n<p>09 72 12 27 24 (Price of a local call).<br>Monday to Friday, from 8am to 18pm<br>More details on&nbsp;<a href=\"http:\/\/assistance.2isr.fr\/\" target=\"_blank\" rel=\"noreferrer noopener\">http:\/\/assistance.2isr.fr<\/a><\/p>\n<\/div>\n<\/div><\/div>\n<\/div><\/div>\n\n\n\n<div class=\"wp-block-uagb-container uagb-block-a72ac55a alignfull uagb-is-root-container\"><div class=\"uagb-container-inner-blocks-wrap\">\n<h3 class=\"wp-block-heading\">Digital sobriety<\/h3>\n\n\n\n<p>Let&#039;s adopt the right actions for a greener digital world! Together, let&#039;s reduce our environmental impact by adopting simple actions for a more responsible digital world. Discover our practical advice\u00a0<strong><a href=\"https:\/\/www.ecologie.gouv.fr\/sites\/default\/files\/guide-en-route-vers-sobriete-numerique.pdf\" target=\"_blank\" rel=\"noreferrer noopener\">on this site\u00a0<\/a>!<\/strong><\/p>\n<\/div><\/div>\n\n\n\n<div style=\"height:40px\" aria-hidden=\"true\" class=\"wp-block-spacer\"><\/div>\n\n\n\n<div class=\"wp-block-uagb-container uagb-block-5b52632f alignfull uagb-is-root-container\"><div class=\"uagb-container-inner-blocks-wrap\">\n<h2 class=\"wp-block-heading\">Your WIFI access points<\/h2>\n\n\n\n<p><a class=\"\" href=\"https:\/\/bassin-arcachon.com\/en\/find-your-wifi-point\/wifi-arcachon\/\">Wi-Fi in Arcachon<\/a>&nbsp;|&nbsp;<a class=\"\" href=\"https:\/\/bassin-arcachon.com\/en\/find-your-wifi-point\/wifi-la-teste-de-buch\/\">Wi-Fi at La Teste de Buch<\/a>&nbsp;|&nbsp;<a class=\"\" href=\"https:\/\/bassin-arcachon.com\/en\/find-your-wifi-point\/wifi-gujan-mestras\/\">Wi-Fi in Gujan-Mestras<\/a>&nbsp;|&nbsp;<a class=\"\" href=\"https:\/\/bassin-arcachon.com\/en\/find-your-wifi-point\/wifi-le-teich\/\">WiFi at Teich<\/a>&nbsp;|&nbsp;<a class=\"\" href=\"https:\/\/bassin-arcachon.com\/en\/find-your-wifi-point\/wifi-biganos\/\">Wi-Fi in Biganos<\/a>&nbsp;|&nbsp;<a class=\"\" href=\"https:\/\/bassin-arcachon.com\/en\/find-your-wifi-point\/wifi-audenge\/\">Wi-Fi in Audenge<\/a>&nbsp;|&nbsp;<a class=\"\" href=\"https:\/\/bassin-arcachon.com\/en\/find-your-wifi-point\/lanton-wifi\/\">Wi-Fi in Lanton<\/a>&nbsp;|&nbsp;<a class=\"\" href=\"https:\/\/bassin-arcachon.com\/en\/find-your-wifi-point\/wifi-andernos-les-bains\/\">Wi-Fi in Andernos-les-Bains<\/a>&nbsp;|&nbsp;<a class=\"\" href=\"https:\/\/bassin-arcachon.com\/en\/find-your-wifi-point\/wifi-ares\/\">Wi-Fi in Ares<\/a>&nbsp;|&nbsp;<a class=\"\" href=\"https:\/\/bassin-arcachon.com\/en\/find-your-wifi-point\/wifi-light-cap-ferret\/\">Wi-Fi in L\u00e8ge-Cap Ferret<\/a><\/p>\n<\/div><\/div>\n\n\n\n<div style=\"height:40px\" aria-hidden=\"true\" class=\"wp-block-spacer\"><\/div>","protected":false},"excerpt":{"rendered":"<p>Plus de 80 points WiFi sur le Bassin d&rsquo;Arcachon Le Bassin d\u2019Arcachon vous offre un acc\u00e8s WiFi gratuit, illimit\u00e9 et s\u00e9curis\u00e9 pour surfer sur Internet librement dans des lieux publics [&hellip;]<\/p>\n","protected":false},"author":25,"featured_media":7351,"parent":0,"menu_order":17,"comment_status":"closed","ping_status":"closed","template":"","meta":{"_acf_changed":false,"_uag_custom_page_level_css":"","footnotes":""},"class_list":["post-69","page","type-page","status-publish","has-post-thumbnail","hentry"],"acf":[],"uagb_featured_image_src":{"full":["https:\/\/bassin-arcachon.com\/wp-content\/uploads\/2017\/02\/Modif-Marion.jpg",915,368,false],"thumbnail":["https:\/\/bassin-arcachon.com\/wp-content\/uploads\/2017\/02\/Modif-Marion-150x150.jpg",150,150,true],"medium":["https:\/\/bassin-arcachon.com\/wp-content\/uploads\/2017\/02\/Modif-Marion-600x241.jpg",600,241,true],"medium_large":["https:\/\/bassin-arcachon.com\/wp-content\/uploads\/2017\/02\/Modif-Marion-768x309.jpg",768,309,true],"large":["https:\/\/bassin-arcachon.com\/wp-content\/uploads\/2017\/02\/Modif-Marion.jpg",915,368,false],"1536x1536":["https:\/\/bassin-arcachon.com\/wp-content\/uploads\/2017\/02\/Modif-Marion.jpg",915,368,false],"2048x2048":["https:\/\/bassin-arcachon.com\/wp-content\/uploads\/2017\/02\/Modif-Marion.jpg",915,368,false],"trp-custom-language-flag":["https:\/\/bassin-arcachon.com\/wp-content\/uploads\/2017\/02\/Modif-Marion-18x7.jpg",18,7,true]},"uagb_author_info":{"display_name":"Marie Clauzel","author_link":"https:\/\/bassin-arcachon.com\/en\/author\/mariesiba\/"},"uagb_comment_info":0,"uagb_excerpt":"Plus de 80 points WiFi sur le Bassin d&rsquo;Arcachon Le Bassin d\u2019Arcachon vous offre un acc\u00e8s WiFi gratuit, illimit\u00e9 et s\u00e9curis\u00e9 pour surfer sur Internet librement dans des lieux publics [&hellip;]","_links":{"self":[{"href":"https:\/\/bassin-arcachon.com\/en\/wp-json\/wp\/v2\/pages\/69","targetHints":{"allow":["GET"]}}],"collection":[{"href":"https:\/\/bassin-arcachon.com\/en\/wp-json\/wp\/v2\/pages"}],"about":[{"href":"https:\/\/bassin-arcachon.com\/en\/wp-json\/wp\/v2\/types\/page"}],"author":[{"embeddable":true,"href":"https:\/\/bassin-arcachon.com\/en\/wp-json\/wp\/v2\/users\/25"}],"replies":[{"embeddable":true,"href":"https:\/\/bassin-arcachon.com\/en\/wp-json\/wp\/v2\/comments?post=69"}],"version-history":[{"count":1,"href":"https:\/\/bassin-arcachon.com\/en\/wp-json\/wp\/v2\/pages\/69\/revisions"}],"predecessor-version":[{"id":119036,"href":"https:\/\/bassin-arcachon.com\/en\/wp-json\/wp\/v2\/pages\/69\/revisions\/119036"}],"wp:featuredmedia":[{"embeddable":true,"href":"https:\/\/bassin-arcachon.com\/en\/wp-json\/wp\/v2\/media\/7351"}],"wp:attachment":[{"href":"https:\/\/bassin-arcachon.com\/en\/wp-json\/wp\/v2\/media?parent=69"}],"curies":[{"name":"wp","href":"https:\/\/api.w.org\/{rel}","templated":true}]}}