{"id":891,"date":"2017-04-10T15:04:49","date_gmt":"2017-04-10T13:04:49","guid":{"rendered":"http:\/\/bassin-arcachon.com\/?page_id=891"},"modified":"2026-04-07T11:42:53","modified_gmt":"2026-04-07T09:42:53","slug":"space-pro","status":"publish","type":"page","link":"https:\/\/bassin-arcachon.com\/en\/espace-pro\/","title":{"rendered":"Professional area"},"content":{"rendered":"<div class=\"wp-block-uagb-container uagb-block-f8679caf alignfull uagb-is-root-container\"><div class=\"uagb-container-inner-blocks-wrap\">\n<h2 class=\"wp-block-heading\">Welcome to the Espace Pro: tools and support available to you! <\/h2>\n\n\n\n<h3 class=\"wp-block-heading\">1) Where can I find our content and videos promoting Bassin d'Arcachon? <\/h3>\n\n\n\n<p>Use \ud83d\ude0a and mention <strong>@bassindarcachon on <a href=\"https:\/\/www.facebook.com\/bassindarcachon\" target=\"_blank\" rel=\"noopener\">Facebook<\/a> and <a href=\"https:\/\/www.instagram.com\/bassindarcachon\/\" target=\"_blank\" rel=\"noopener\">instagram<\/a><\/strong>. <\/p>\n\n\n\n<ul class=\"wp-block-list\">\n<li><strong>Our videos<\/strong> are available to you: <a href=\"\/en\/vimeo.com\/bassindarcachon\/\">vimeo.com\/bassindarcachon<\/a> <em>(downloadable in HD)<\/em> and on<a href=\"https:\/\/www.youtube.com\/lebassindarcachon\" target=\"_blank\" rel=\"noopener\"> https:\/\/www.youtube.com\/lebassindarcachon<\/a><\/li>\n\n\n\n<li><strong>Bassin Arcachon website and blog<\/strong>\u00a0: <a href=\"https:\/\/bassin-arcachon.com\/en\/blog\/\">https:\/\/bassin-arcachon.com\/blog\/<\/a>\u00a0<\/li>\n\n\n\n<li>Holiday ideas from\u2019<strong>one week on Bassin<\/strong>&nbsp;: <a href=\"https:\/\/bassin-arcachon.com\/en\/1-week-pool\/\">https:\/\/bassin-arcachon.com\/1-semaine-bassin\/<\/a><\/li>\n\n\n\n<li><strong>Listing with contact details of activities and leisure facilities <\/strong>in dynamic playback : <a href=\"https:\/\/www.calameo.com\/bassin-arcachon\/read\/000024421aa7e5a3e7faf\" target=\"_blank\" rel=\"noopener\">guide 2026<\/a><\/li>\n\n\n\n<li>All <strong>downloadable brochures and documents<\/strong> online : <a href=\"https:\/\/bassin-arcachon.com\/en\/our-brochures\/\">https:\/\/bassin-arcachon.com\/nos-brochures\/<\/a> <em>(e.g. list of markets, handitourism, what to do if it rains)<\/em><\/li>\n\n\n\n<li>The <strong>Arcachon Bassin press pack and press releases sent to you<\/strong> by the SIBA : <a href=\"https:\/\/www.calameo.com\/bassin-arcachon\/subscriptions\/1430334\" target=\"_blank\" rel=\"noopener\">https:\/\/www.calameo.com\/bassin-arcachon\/subscriptions\/1430334<\/a><\/li>\n\n\n\n<li>Please note: <strong>an AI assistant, powered by OUR DATA<\/strong>, can help you answer any questions you may have: <a href=\"https:\/\/bassin-arcachon.com\/en\/\">https:\/\/bassin-arcachon.com\/<\/a><\/li>\n<\/ul>\n\n\n\n<h3 class=\"wp-block-heading\">2) Where to find reliable, up-to-date information on events in our 12 communes:<\/h3>\n\n\n\n<ul class=\"wp-block-list\">\n<li>Free download <a href=\"https:\/\/bassin-arcachon.com\/en\/download-our-app\/\"><strong>the Bassin application in Arcachon<\/strong><\/a> (<em>daily update<\/em>), recognisable by its 2 wheels. <\/li>\n\n\n\n<li>Select <strong>\u00abEntertainment\u00bb<\/strong>, Then <strong>\u00abevents calendar\u00bb<\/strong>, and finally the period.<\/li>\n<\/ul>\n\n\n\n<h3 class=\"wp-block-heading\">3) How can I appear on materials produced by the SIBA?<\/h3>\n\n\n\n<p>Our supports (<em>website and application<\/em>) use a <strong>regional database called SIRTAQUI<\/strong>. The information is entered by your <strong>tourist offices <\/strong>then distributed on SIBA media.<\/p>\n\n\n\n<p>To be included in this database, <strong>please contact your tourist office <\/strong>!<\/p>\n\n\n\n<h3 class=\"wp-block-heading\">4) How can we interact with our destination promotion networks?<\/h3>\n\n\n\n<ul class=\"wp-block-list\">\n<li>Bassin d'Arcachon : \n<ul class=\"wp-block-list\">\n<li><strong>Facebook : <a href=\"https:\/\/www.instagram.com\/bassindarcachon\/\" target=\"_blank\" rel=\"noopener\">https:\/\/www.instagram.com\/bassindarcachon\/<\/a><\/strong><\/li>\n\n\n\n<li><strong>Instagram : <a href=\"https:\/\/www.instagram.com\/bassindarcachon\/\" target=\"_blank\" rel=\"noopener\">https:\/\/www.instagram.com\/bassindarcachon\/<\/a><\/strong><\/li>\n\n\n\n<li><strong>LinkedIn :<\/strong>\n<ul class=\"wp-block-list\">\n<li><a href=\"https:\/\/www.linkedin.com\/in\/marque-bassin-arcachon\/\" target=\"_blank\" rel=\"noopener\">https:\/\/www.linkedin.com\/in\/marque-bassin-arcachon\/<\/a><\/li>\n\n\n\n<li><a href=\"https:\/\/www.linkedin.com\/in\/bassindarcachonaffaires\" target=\"_blank\" rel=\"noopener\">https:\/\/www.linkedin.com\/in\/bassindarcachonaffaires<\/a><\/li>\n<\/ul>\n<\/li>\n<\/ul>\n<\/li>\n<\/ul>\n\n\n\n<h3 class=\"wp-block-heading\">5) Where can I find \u00abBassin d'Arcachon\u00bb tourist information? &nbsp;<\/h3>\n\n\n\n<div class=\"wp-block-uagb-container uagb-block-c7374873\">\n<p>To obtain copies, please contact your Tourist Office first. You can also find our documentation on the interactive calam\u00e9o:<\/p>\n<\/div>\n\n\n\n<ul class=\"wp-block-list\">\n<li><strong><a href=\"https:\/\/www.calameo.com\/bassin-arcachon\/read\/000024421306f9920b5fd\" target=\"_blank\" rel=\"noopener\">Tourist card<\/a><\/strong> in French, <a href=\"https:\/\/www.calameo.com\/bassin-arcachon\/read\/000024421068f7d6c4614\" target=\"_blank\" rel=\"noopener\">English<\/a>, <a href=\"https:\/\/www.calameo.com\/bassin-arcachon\/read\/000024421e693dd179d84\" target=\"_blank\" rel=\"noopener\">German<\/a>,<a href=\"https:\/\/www.calameo.com\/bassin-arcachon\/read\/0000244213620f91402b8\" target=\"_blank\" rel=\"noopener\"> Spanish<\/a> and <a href=\"https:\/\/www.calameo.com\/bassin-arcachon\/read\/000024421fcbd62b9dd24\" target=\"_blank\" rel=\"noopener\">Italian<\/a><\/li>\n\n\n\n<li><strong><a href=\"https:\/\/www.calameo.com\/bassin-arcachon\/read\/0000244214d5faf8a6d5b\" target=\"_blank\" rel=\"noopener\">Bassin magazine from Arcachon<\/a><\/strong><\/li>\n\n\n\n<li>Directory \u00ab&nbsp;<a href=\"https:\/\/www.calameo.com\/bassin-arcachon\/read\/00002442172196ce0017a\" target=\"_blank\" rel=\"noopener\"><strong>My Bassin without MY car<\/strong><\/a>&nbsp;\u00bb (<em>bike hire companies, all you need to know about mobility on Bassin<\/em>)<\/li>\n<\/ul>\n\n\n\n<p>To help you <strong>deliver our documentation directly<\/strong>, please contact : <a href=\"mailto:communication@siba-bassin-arcachon.fr\">communication@siba-bassin-arcachon.fr<\/a><\/p>\n\n\n\n<h3 class=\"wp-block-heading\">6) Where can I find the key tourism data: visitor numbers, industry sectors, etc.? :<\/h3>\n\n\n\n<p><strong>Data collection accessible and downloadable<\/strong> online : <a href=\"https:\/\/www.siba-bassin-arcachon.fr\/le-pole-promotion\/le-recueil-de-donnees-tourisme\" target=\"_blank\" rel=\"noopener\">https:\/\/www.siba-bassin-arcachon.fr\/le-pole-promotion\/le-recueil-de-donnees-tourisme<\/a><\/p>\n\n\n\n<h3 class=\"wp-block-heading\">7) When should SIBA's promotion department be involved?<\/h3>\n\n\n\n<p>When <strong>a project, an action or a need<\/strong> promotion of the region on a collective scale, the Promotion Unit is a support service, <strong>at the service of institutional partners, tourism professionals and brand partners.<\/strong><\/p>\n\n\n\n<ul class=\"wp-block-list\">\n<li>For <strong>become a partner of <a href=\"https:\/\/www.marque-bassin-arcachon.fr\/\" target=\"_blank\" rel=\"noopener\">Arcachon Bassin territorial brand<\/a><\/strong> : send your reasoned request by e-mail to <a href=\"https:\/\/www.marque-bassin-arcachon.fr\/les-partenaires\/devenir-partenaire\/\" target=\"_blank\" rel=\"noopener\">https:\/\/www.marque-bassin-arcachon.fr\/les-partenaires\/devenir-partenaire\/<\/a><\/li>\n\n\n\n<li>To find out more <strong>who is a partner<\/strong>, Consult the interactive map online: <a href=\"https:\/\/www.marque-bassin-arcachon.fr\/les-partenaires\/deja-partenaires\/\" target=\"_blank\" rel=\"noopener\">https:\/\/www.marque-bassin-arcachon.fr\/les-partenaires\/deja-partenaires\/<\/a><\/li>\n\n\n\n<li>to join the <strong>network of business tourism professionals<\/strong>&nbsp;: <a href=\"mailto:mice@siba-bassin-arcachon.fr\">mice@siba-bassin-arcachon.fr<\/a>. For more information on business tourism, click here: <a href=\"https:\/\/bassin-arcachon.com\/en\/seminars-congresses\/\">https:\/\/bassin-arcachon.com\/seminaires-congres\/<\/a><\/li>\n\n\n\n<li>To benefit <strong>awareness-raising materials and tools<\/strong> preserving water quality (<a href=\"https:\/\/www.siba-bassin-arcachon.fr\/ici-commence-la-mer\" target=\"_blank\" rel=\"noopener\">here begins the sea \u00abthrow nothing away\u00bb<\/a>, game of geese, window stickers...)\u00a0<\/li>\n<\/ul>\n\n\n\n<h3 class=\"wp-block-heading\">8) Need to contact the local media <a href=\"https:\/\/tvba.fr\/\" target=\"_blank\" rel=\"noopener\">TVBA.fr<\/a>&nbsp;: <\/h3>\n\n\n\n<ul class=\"wp-block-list\">\n<li>Contact Fanny and Camille, our two local reporters, at <a href=\"mailto:contact@tvba.fr\">contact@tvba.fr<\/a>. Follow them on <strong><a href=\"https:\/\/tvba.fr\/\" target=\"_blank\" rel=\"noopener\">tvba.fr<\/a> <\/strong>and on their social networks for all the latest news:\n<ul class=\"wp-block-list\">\n<li><strong>Facebook : <a href=\"https:\/\/www.facebook.com\/tvba.fr\" target=\"_blank\" rel=\"noopener\">https:\/\/www.facebook.com\/tvba.fr<\/a><\/strong><\/li>\n\n\n\n<li><strong>Instagram : <a href=\"https:\/\/www.instagram.com\/tvba.fr\/\" target=\"_blank\" rel=\"noopener\">https:\/\/www.instagram.com\/tvba.fr\/<\/a><\/strong><\/li>\n<\/ul>\n<\/li>\n<\/ul>\n\n\n\n<p>If you need information, a brochure for your establishment or your business event, videos or goodies, don't hesitate to contact the SIBA Promotion Department by e-mail :&nbsp;<a href=\"mailto:contact@bassin-arcachon.com\">contact@bassin-arcachon.com<\/a><\/p>\n<\/div><\/div>\n\n\n\n<div style=\"height:60px\" aria-hidden=\"true\" class=\"wp-block-spacer\"><\/div>","protected":false},"excerpt":{"rendered":"<p>Bienvenue dans l&rsquo;Espace Pro : des outils et supports \u00e0 votre disposition ! 1) O\u00f9 trouver nos contenus et vid\u00e9os&nbsp;de promotion Bassin d\u2019Arcachon ? Servez-vous&nbsp;\ud83d\ude0a et mentionnez @bassindarcachon sur Facebook [&hellip;]<\/p>\n","protected":false},"author":25,"featured_media":51812,"parent":0,"menu_order":30,"comment_status":"closed","ping_status":"closed","template":"","meta":{"_acf_changed":false,"_uag_custom_page_level_css":"","footnotes":""},"class_list":["post-891","page","type-page","status-publish","has-post-thumbnail","hentry"],"acf":[],"uagb_featured_image_src":{"full":["https:\/\/bassin-arcachon.com\/wp-content\/uploads\/2022\/10\/SIBA-CONGRES-web.jpg",1383,524,false],"thumbnail":["https:\/\/bassin-arcachon.com\/wp-content\/uploads\/2022\/10\/SIBA-CONGRES-web-150x150.jpg",150,150,true],"medium":["https:\/\/bassin-arcachon.com\/wp-content\/uploads\/2022\/10\/SIBA-CONGRES-web-600x227.jpg",600,227,true],"medium_large":["https:\/\/bassin-arcachon.com\/wp-content\/uploads\/2022\/10\/SIBA-CONGRES-web-768x291.jpg",768,291,true],"large":["https:\/\/bassin-arcachon.com\/wp-content\/uploads\/2022\/10\/SIBA-CONGRES-web-1024x388.jpg",1024,388,true],"1536x1536":["https:\/\/bassin-arcachon.com\/wp-content\/uploads\/2022\/10\/SIBA-CONGRES-web.jpg",1383,524,false],"2048x2048":["https:\/\/bassin-arcachon.com\/wp-content\/uploads\/2022\/10\/SIBA-CONGRES-web.jpg",1383,524,false],"trp-custom-language-flag":["https:\/\/bassin-arcachon.com\/wp-content\/uploads\/2022\/10\/SIBA-CONGRES-web-18x7.jpg",18,7,true]},"uagb_author_info":{"display_name":"Marie Clauzel","author_link":"https:\/\/bassin-arcachon.com\/en\/author\/mariesiba\/"},"uagb_comment_info":0,"uagb_excerpt":"Bienvenue dans l&rsquo;Espace Pro : des outils et supports \u00e0 votre disposition ! 1) O\u00f9 trouver nos contenus et vid\u00e9os&nbsp;de promotion Bassin d\u2019Arcachon ? Servez-vous&nbsp;\ud83d\ude0a et mentionnez @bassindarcachon sur Facebook [&hellip;]","_links":{"self":[{"href":"https:\/\/bassin-arcachon.com\/en\/wp-json\/wp\/v2\/pages\/891","targetHints":{"allow":["GET"]}}],"collection":[{"href":"https:\/\/bassin-arcachon.com\/en\/wp-json\/wp\/v2\/pages"}],"about":[{"href":"https:\/\/bassin-arcachon.com\/en\/wp-json\/wp\/v2\/types\/page"}],"author":[{"embeddable":true,"href":"https:\/\/bassin-arcachon.com\/en\/wp-json\/wp\/v2\/users\/25"}],"replies":[{"embeddable":true,"href":"https:\/\/bassin-arcachon.com\/en\/wp-json\/wp\/v2\/comments?post=891"}],"version-history":[{"count":22,"href":"https:\/\/bassin-arcachon.com\/en\/wp-json\/wp\/v2\/pages\/891\/revisions"}],"predecessor-version":[{"id":244593,"href":"https:\/\/bassin-arcachon.com\/en\/wp-json\/wp\/v2\/pages\/891\/revisions\/244593"}],"wp:featuredmedia":[{"embeddable":true,"href":"https:\/\/bassin-arcachon.com\/en\/wp-json\/wp\/v2\/media\/51812"}],"wp:attachment":[{"href":"https:\/\/bassin-arcachon.com\/en\/wp-json\/wp\/v2\/media?parent=891"}],"curies":[{"name":"wp","href":"https:\/\/api.w.org\/{rel}","templated":true}]}}