{"id":98630,"date":"2024-11-18T12:22:45","date_gmt":"2024-11-18T11:22:45","guid":{"rendered":"https:\/\/bassin-arcachon.com\/?page_id=98630"},"modified":"2026-04-08T16:52:32","modified_gmt":"2026-04-08T14:52:32","slug":"practical-information-for-getting-around-by-bike","status":"publish","type":"page","link":"https:\/\/bassin-arcachon.com\/en\/informations-pratiques-pour-se-deplacer-a-velo\/","title":{"rendered":"Practical information for getting around by bike"},"content":{"rendered":"<div class=\"wp-block-uagb-container uagb-block-c7651c20 alignfull uagb-is-root-container\"><div class=\"uagb-container-inner-blocks-wrap\">\n<p>On this page, find all the useful and practical information for <strong>make your bike trips in the best conditions.<\/strong><\/p>\n<\/div><\/div>\n\n\n\n<div class=\"wp-block-uagb-container uagb-block-a9138734 alignfull uagb-is-root-container\"><div class=\"uagb-container-inner-blocks-wrap\">\n<h2 class=\"wp-block-heading\">1) Self-service inflation pumps<\/h2>\n<\/div><\/div>\n\n\n\n<div class=\"wp-block-uagb-container uagb-block-832224e8 alignfull uagb-is-root-container\"><div class=\"uagb-container-inner-blocks-wrap\">\n<div class=\"wp-block-uagb-container uagb-block-cf1714b1\">\n<figure class=\"wp-block-image size-full\"><img loading=\"lazy\" decoding=\"async\" width=\"480\" height=\"640\" src=\"https:\/\/bassin-arcachon.com\/wp-content\/uploads\/2024\/11\/N\u00b05-Station-de-Gonflage-Mairie-duTeich.jpg\" alt=\"- - Bassin d&#039;Arcachon\" class=\"wp-image-98633\" title=\"- - Bassin d&#039;Arcachon\" srcset=\"https:\/\/bassin-arcachon.com\/wp-content\/uploads\/2024\/11\/N\u00b05-Station-de-Gonflage-Mairie-duTeich.jpg 480w, https:\/\/bassin-arcachon.com\/wp-content\/uploads\/2024\/11\/N\u00b05-Station-de-Gonflage-Mairie-duTeich-450x600.jpg 450w, https:\/\/bassin-arcachon.com\/wp-content\/uploads\/2024\/11\/N\u00b05-Station-de-Gonflage-Mairie-duTeich-9x12.jpg 9w\" sizes=\"auto, (max-width: 480px) 100vw, 480px\" \/><figcaption class=\"wp-element-caption\">\u00a9 COBAS<\/figcaption><\/figure>\n<\/div>\n\n\n\n<div class=\"wp-block-uagb-container uagb-block-732da1a7\">\n<h3 class=\"wp-block-heading\"><strong>On the South-Bassin:<\/strong><\/h3>\n\n\n\n<ul class=\"wp-block-list\">\n<li><strong>Arcachon:<\/strong><br>Pereire, Place Peyneau, SNCF train station, Moulleau jetty, Small port of Arcachon<\/li>\n\n\n\n<li><strong>La Teste de Buch:<\/strong><br>Place Meller au Pyla, Halte Nautique de Cazaux, Port de La Teste, Intermarch\u00e9 Les Miquelots, Pr\u00e9s sal\u00e9s Ouest, Espace d'accueil de la Dune du Pilat (+ repairs)<\/li>\n\n\n\n<li><strong>Gujan-Mestras:<\/strong><br>Chante-Cigale roundabout, La Hume train station, La Ch\u00eaneraie, leisure area, Gujan-Mestras train station (north and south), Gujan-Mestras town hall<\/li>\n\n\n\n<li><strong>Le Teich:<\/strong><br>Le Teich Town Hall, SNCF Train Station, Super U, Le Teich Port<\/li>\n<\/ul>\n<\/div>\n<\/div><\/div>\n\n\n\n<div class=\"wp-block-uagb-container uagb-block-9a502bd6 alignfull uagb-is-root-container\"><div class=\"uagb-container-inner-blocks-wrap\">\n<div class=\"wp-block-uagb-container uagb-block-68dec60e\">\n<h3 class=\"wp-block-heading\"><a href=\"https:\/\/coban-atlantique.fr\/la-coban\/services-equipements\/\" target=\"_blank\" rel=\"noopener\">On the North Bassin: <\/a><\/h3>\n\n\n\n<ul class=\"wp-block-list\">\n<li><strong>Andernos les Bains:<\/strong><br>devant la m\u00e9diath\u00e8que avec un totem de r\u00e9paration, au March\u00e9 couvert et au Port ostr\u00e9icole<\/li>\n\n\n\n<li><strong>Ares:<\/strong><br>Au PEI d&rsquo;Ar\u00e8s-L\u00e8ge avec un totem de r\u00e9paration, \u00e0 la halte de l&rsquo;ancienne gare, devant l&rsquo;Office de tourisme et devant l&rsquo;Espace Br\u00e9montier<\/li>\n\n\n\n<li><strong>Audenge:<\/strong><br>Au PEI de Cardolle avec un totem de r\u00e9paration, au bassin de baignade, au rond point du centre-ville et devant le complexe sportif Ballion<\/li>\n\n\n\n<li><strong>Biganos:<\/strong><br>Sur le parvis de la gare TER, au PEI avec totem de r\u00e9paration et \u00e0 l&rsquo;entr\u00e9e du Parc Charles Lecoq<\/li>\n\n\n\n<li><strong>Lanton:<\/strong><br>Office du tourisme Coeur de Bassin &#8211; 1 route du Stade (sur le parking), \u00e0 la halte de Cassy (All\u00e9e de la halte &#8211; sur la V\u00e9lodyss\u00e9e) et au bassin de baignade<\/li>\n\n\n\n<li><strong>Light \u2013 Cap Ferret:<\/strong><br>\u00c0 l&rsquo;ancienne gare de L\u00e8ge, \u00e0 l&rsquo;Office de tourisme de Claouey, au port de la Vigne et \u00e0 l&rsquo;Office de tourisme de B\u00e9lisaire<\/li>\n\n\n\n<li><strong>Marcheprime:<\/strong><br>\u00c0 l&rsquo;\u00e9cole primaire Maurice FOGNET en centre-ville avec un totem de r\u00e9paration, devant la salle de La Caravelle et \u00e0 la gare TER<\/li>\n\n\n\n<li><strong>My:<\/strong><br>Parvis du bureau de l&rsquo;office du tourisme (All\u00e9e de Val de San Vicente) et au Parc Birabeille avec un totem de r\u00e9paration.<\/li>\n<\/ul>\n<\/div>\n\n\n\n<div class=\"wp-block-uagb-container uagb-block-67e8edc7\">\n<figure class=\"wp-block-image size-large\"><img loading=\"lazy\" decoding=\"async\" width=\"506\" height=\"1024\" src=\"https:\/\/bassin-arcachon.com\/wp-content\/uploads\/2024\/11\/mobilier-type-62668ba9b5506298122291-1-506x1024.jpg\" alt=\"- - Bassin d&#039;Arcachon\" class=\"wp-image-98636\" title=\"- - Bassin d&#039;Arcachon\" srcset=\"https:\/\/bassin-arcachon.com\/wp-content\/uploads\/2024\/11\/mobilier-type-62668ba9b5506298122291-1-506x1024.jpg 506w, https:\/\/bassin-arcachon.com\/wp-content\/uploads\/2024\/11\/mobilier-type-62668ba9b5506298122291-1-297x600.jpg 297w, https:\/\/bassin-arcachon.com\/wp-content\/uploads\/2024\/11\/mobilier-type-62668ba9b5506298122291-1-768x1553.jpg 768w, https:\/\/bassin-arcachon.com\/wp-content\/uploads\/2024\/11\/mobilier-type-62668ba9b5506298122291-1-759x1536.jpg 759w, https:\/\/bassin-arcachon.com\/wp-content\/uploads\/2024\/11\/mobilier-type-62668ba9b5506298122291-1-1013x2048.jpg 1013w, https:\/\/bassin-arcachon.com\/wp-content\/uploads\/2024\/11\/mobilier-type-62668ba9b5506298122291-1-6x12.jpg 6w, https:\/\/bassin-arcachon.com\/wp-content\/uploads\/2024\/11\/mobilier-type-62668ba9b5506298122291-1.jpg 1024w\" sizes=\"auto, (max-width: 506px) 100vw, 506px\" \/><\/figure>\n<\/div>\n<\/div><\/div>\n\n\n\n<div class=\"wp-block-uagb-container uagb-block-4c786e10 alignfull uagb-is-root-container\"><div class=\"uagb-container-inner-blocks-wrap\">\n<h2 class=\"wp-block-heading\">2) Secure bicycle parking<\/h2>\n<\/div><\/div>\n\n\n\n<div class=\"wp-block-uagb-container uagb-block-0b113335 alignfull uagb-is-root-container\"><div class=\"uagb-container-inner-blocks-wrap\">\n<div class=\"wp-block-uagb-container uagb-block-e639cbfa\">\n<figure class=\"wp-block-image size-full\"><img loading=\"lazy\" decoding=\"async\" width=\"380\" height=\"285\" src=\"https:\/\/bassin-arcachon.com\/wp-content\/uploads\/2024\/11\/PEI-audenge-380x285-1.jpg\" alt=\"- - Bassin d&#039;Arcachon\" class=\"wp-image-98640\" title=\"- - Bassin d&#039;Arcachon\" srcset=\"https:\/\/bassin-arcachon.com\/wp-content\/uploads\/2024\/11\/PEI-audenge-380x285-1.jpg 380w, https:\/\/bassin-arcachon.com\/wp-content\/uploads\/2024\/11\/PEI-audenge-380x285-1-16x12.jpg 16w\" sizes=\"auto, (max-width: 380px) 100vw, 380px\" \/><\/figure>\n<\/div>\n<\/div><\/div>\n\n\n\n<div class=\"wp-block-uagb-container uagb-block-0d2dcc91 alignfull uagb-is-root-container\"><div class=\"uagb-container-inner-blocks-wrap\">\n<p><strong>Parking safely is better!<\/strong><\/p>\n\n\n\n<p>Secure parking, spaces reserved for bicycles, are accessible:<\/p>\n\n\n\n<ul class=\"wp-block-list\">\n<li>At the stations of: <strong>Marcheprime, Biganos-Facture, Le Teich, Gujan-Mestras, <strong>The Hume<\/strong> et Arcachon<\/strong>Eventually, all stations will be equipped with them.<\/li>\n\n\n\n<li>Sur les aires de covoiturage<strong> de Mios A660 <\/strong>as well as at the level of the<strong>arr\u00eat de bus Al\u00e9go, boulevard de l&rsquo;A\u00e9rium \u00e0 Ar\u00e8s.<\/strong><\/li>\n\n\n\n<li>On the <strong>p\u00f4les d&rsquo;\u00e9changes intermodaux (PEI) d&rsquo;Audenge Cardolle<\/strong> (pr\u00e8s du camping du Braou) et<strong> d&rsquo;Ar\u00e8s-L\u00e8ge (intersection RD106\/RD3 \u00e0 Ar\u00e8s)<\/strong>. <\/li>\n\n\n\n<li>Bike parking at <strong>Moulleau (Arcachon)<\/strong><\/li>\n<\/ul>\n<\/div><\/div>\n\n\n\n<div class=\"wp-block-uagb-container uagb-block-40fa4ca0 alignfull uagb-is-root-container\"><div class=\"uagb-container-inner-blocks-wrap\">\n<h2 class=\"wp-block-heading\">3) Good to know: electric recharging points<\/h2>\n<\/div><\/div>\n\n\n\n<div class=\"wp-block-uagb-container uagb-block-26b285ea alignfull uagb-is-root-container\"><div class=\"uagb-container-inner-blocks-wrap\">\n<p>The small port of<strong>Arcachon<\/strong> or even the<strong>L\u00e8ge-Cap Ferret Tourist Office<\/strong>&nbsp;located in Claouey have a terminal for electric bicycles.<\/p>\n\n\n\n<p><strong>The Dune du Pilat Visitor Centre<\/strong> is proposing a \u00abdevice for recharging an electric bicycle battery\u00bb (plugs inside connected lockers).<\/p>\n\n\n\n<p><br><\/p>\n<\/div><\/div>\n\n\n\n<div class=\"wp-block-uagb-container uagb-block-d49d06d2 alignfull uagb-is-root-container\"><div class=\"uagb-container-inner-blocks-wrap\">\n<h2 class=\"wp-block-heading\">4) Any advice? A puncture? Accommodation?<\/h2>\n<\/div><\/div>\n\n\n\n<div class=\"wp-block-uagb-container uagb-block-c50e29ba alignfull uagb-is-root-container\"><div class=\"uagb-container-inner-blocks-wrap\">\n<p>Our professionals <strong>\u00abAccueil V\u00e9lo\u00bb<\/strong> are here for you: <a href=\"https:\/\/www.francevelotourisme.com\/accueil-velo\" target=\"_blank\" rel=\"noopener\">https:\/\/www.francevelotourisme.com\/accueil-velo<\/a><\/p>\n\n\n\n<p><strong>NEW in Ar\u00e8s : <\/strong>LA GARE, a one-stop shop offering a bicycle repair workshop for people passing through the area. Find out more here: <a href=\"https:\/\/www.facebook.com\/lagareares\/\" target=\"_blank\" rel=\"noopener\">https:\/\/www.facebook.com\/lagareares\/<\/a><\/p>\n<\/div><\/div>\n\n\n\n<div class=\"wp-block-uagb-container uagb-block-ebfe10dc alignfull uagb-is-root-container\"><div class=\"uagb-container-inner-blocks-wrap\">\n<h2 class=\"wp-block-heading\">5) In the event of forest fires <\/h2>\n\n\n\n<p>In summer, <strong>if there is a risk of forest fires, cycle paths may be closed<\/strong>. Check official information : <a href=\"https:\/\/qr.dfci-aquitaine.fr\/p\/dc7aBiOioS?utm_source=qrcode&amp;utm_medium=link-list&amp;utm_campaign=40434135\" target=\"_blank\" rel=\"noopener\">https:\/\/qr.dfci-aquitaine.fr\/p\/dc7aBiOioS?utm_source=qrcode&amp;utm_medium=link-list&amp;utm_campaign=40434135<\/a><\/p>\n<\/div><\/div>\n\n\n\n<div class=\"wp-block-uagb-container uagb-block-907b103f alignfull uagb-is-root-container\"><div class=\"uagb-container-inner-blocks-wrap\"><\/div><\/div>","protected":false},"excerpt":{"rendered":"<p>Sur cette page, retrouvez toutes les informations utiles et pratiques pour r\u00e9aliser vos d\u00e9placements \u00e0 v\u00e9lo dans les meilleures conditions. 1) Les pompes de gonflage en libre-service Sur le Sud-Bassin [&hellip;]<\/p>\n","protected":false},"author":25,"featured_media":223651,"parent":0,"menu_order":0,"comment_status":"closed","ping_status":"closed","template":"","meta":{"_acf_changed":false,"_uag_custom_page_level_css":"","footnotes":""},"class_list":["post-98630","page","type-page","status-publish","has-post-thumbnail","hentry"],"acf":[],"uagb_featured_image_src":{"full":["https:\/\/bassin-arcachon.com\/wp-content\/uploads\/2026\/01\/2015_HD_Viree-velo-Bassin_BIETTE-10-scaled-1.jpg",2560,1707,false],"thumbnail":["https:\/\/bassin-arcachon.com\/wp-content\/uploads\/2026\/01\/2015_HD_Viree-velo-Bassin_BIETTE-10-scaled-1-150x150.jpg",150,150,true],"medium":["https:\/\/bassin-arcachon.com\/wp-content\/uploads\/2026\/01\/2015_HD_Viree-velo-Bassin_BIETTE-10-scaled-1-600x400.jpg",600,400,true],"medium_large":["https:\/\/bassin-arcachon.com\/wp-content\/uploads\/2026\/01\/2015_HD_Viree-velo-Bassin_BIETTE-10-scaled-1-768x512.jpg",768,512,true],"large":["https:\/\/bassin-arcachon.com\/wp-content\/uploads\/2026\/01\/2015_HD_Viree-velo-Bassin_BIETTE-10-scaled-1-1024x683.jpg",1024,683,true],"1536x1536":["https:\/\/bassin-arcachon.com\/wp-content\/uploads\/2026\/01\/2015_HD_Viree-velo-Bassin_BIETTE-10-scaled-1-1536x1024.jpg",1536,1024,true],"2048x2048":["https:\/\/bassin-arcachon.com\/wp-content\/uploads\/2026\/01\/2015_HD_Viree-velo-Bassin_BIETTE-10-scaled-1-2048x1366.jpg",2048,1366,true],"trp-custom-language-flag":["https:\/\/bassin-arcachon.com\/wp-content\/uploads\/2026\/01\/2015_HD_Viree-velo-Bassin_BIETTE-10-scaled-1-18x12.jpg",18,12,true]},"uagb_author_info":{"display_name":"Marie Clauzel","author_link":"https:\/\/bassin-arcachon.com\/en\/author\/mariesiba\/"},"uagb_comment_info":0,"uagb_excerpt":"Sur cette page, retrouvez toutes les informations utiles et pratiques pour r\u00e9aliser vos d\u00e9placements \u00e0 v\u00e9lo dans les meilleures conditions. 1) Les pompes de gonflage en libre-service Sur le Sud-Bassin [&hellip;]","_links":{"self":[{"href":"https:\/\/bassin-arcachon.com\/en\/wp-json\/wp\/v2\/pages\/98630","targetHints":{"allow":["GET"]}}],"collection":[{"href":"https:\/\/bassin-arcachon.com\/en\/wp-json\/wp\/v2\/pages"}],"about":[{"href":"https:\/\/bassin-arcachon.com\/en\/wp-json\/wp\/v2\/types\/page"}],"author":[{"embeddable":true,"href":"https:\/\/bassin-arcachon.com\/en\/wp-json\/wp\/v2\/users\/25"}],"replies":[{"embeddable":true,"href":"https:\/\/bassin-arcachon.com\/en\/wp-json\/wp\/v2\/comments?post=98630"}],"version-history":[{"count":35,"href":"https:\/\/bassin-arcachon.com\/en\/wp-json\/wp\/v2\/pages\/98630\/revisions"}],"predecessor-version":[{"id":244851,"href":"https:\/\/bassin-arcachon.com\/en\/wp-json\/wp\/v2\/pages\/98630\/revisions\/244851"}],"wp:featuredmedia":[{"embeddable":true,"href":"https:\/\/bassin-arcachon.com\/en\/wp-json\/wp\/v2\/media\/223651"}],"wp:attachment":[{"href":"https:\/\/bassin-arcachon.com\/en\/wp-json\/wp\/v2\/media?parent=98630"}],"curies":[{"name":"wp","href":"https:\/\/api.w.org\/{rel}","templated":true}]}}