{"id":114,"date":"2017-02-07T16:15:20","date_gmt":"2017-02-07T15:15:20","guid":{"rendered":"https:\/\/bassin-arcachon.com\/\/?page_id=114"},"modified":"2024-12-13T10:52:37","modified_gmt":"2024-12-13T09:52:37","slug":"la-prueba-de-buch","status":"publish","type":"page","link":"https:\/\/bassin-arcachon.com\/es\/nos-villes-et-villages\/la-teste-de-buch\/","title":{"rendered":"La Teste de Buch"},"content":{"rendered":"<div class=\"wp-block-uagb-container uagb-block-0405e145 alignfull uagb-is-root-container\"><div class=\"uagb-container-inner-blocks-wrap\">\n<div class=\"wp-block-uagb-container uagb-block-0b973f92\">\n<div class=\"wp-block-uagb-image uagb-block-6c87cc13 wp-block-uagb-image--layout-default wp-block-uagb-image--effect-static wp-block-uagb-image--align-none\"><figure class=\"wp-block-uagb-image__figure\"><img decoding=\"async\" srcset=\"https:\/\/bassin-arcachon.com\/wp-content\/uploads\/2017\/02\/mini-map-la-teste.jpg \" sizes=\"auto, (max-width: 480px) 150px\" src=\"https:\/\/bassin-arcachon.com\/wp-content\/uploads\/2017\/02\/mini-map-la-teste.jpg\" alt=\"- - Bassin d&#039;Arcachon\" class=\"uag-image-1915\" width=\"278\" height=\"278\" title=\"- - Bassin d&#039;Arcachon\" loading=\"lazy\" role=\"img\"><\/figure><\/div>\n\n\n\n<h2 class=\"wp-block-heading\">La Teste de Buch, la joya de la bah\u00eda de Arcach\u00f3n<\/h2>\n\n\n\n<p>Bien conocida por su majestuosa&nbsp;<a href=\"https:\/\/bassin-arcachon.com\/es\/nuestros-elementos-esenciales\/la-duna-de-pilat\/\">la duna de Pilat,<\/a>, La Teste de Buch ofrece numerosas actividades en todas las estaciones.<\/p>\n\n\n\n<p>Aqu\u00ed encontrar\u00e1s todas las facetas de la bah\u00eda en la misma ciudad. \u00a1Se avecinan unas <a href=\"https:\/\/bassin-arcachon.com\/es\/donde-dormir\/alquileres\/nuestros-alquileres-de-vacaciones-en-la-teste-de-buch\/\">vacaciones<\/a> animadas!<\/p>\n\n\n\n<p>La Teste de Buch se compone de varios barrios:&nbsp;<strong>Pyla-sur-Mer<\/strong>,&nbsp;<strong>Cazaux<\/strong>&nbsp;y el centro urbano de La Teste, con su&nbsp;<strong>puerto ostr\u00edcola<\/strong>&nbsp;y su gran mercado.<\/p>\n<\/div>\n\n\n\n<div class=\"wp-block-uagb-container uagb-block-4cece41d\">\n<div class=\"wp-block-uagb-image uagb-block-0649958b wp-block-uagb-image--layout-default wp-block-uagb-image--effect-static wp-block-uagb-image--align-none\"><figure class=\"wp-block-uagb-image__figure\"><img decoding=\"async\" srcset=\"https:\/\/bassin-arcachon.com\/wp-content\/uploads\/2018\/07\/Dune-du-Pilat-683x1024.jpg \" sizes=\"auto, (max-width: 480px) 150px\" src=\"https:\/\/bassin-arcachon.com\/wp-content\/uploads\/2018\/07\/Dune-du-Pilat-683x1024.jpg\" alt=\"- - Bassin d&#039;Arcachon\" class=\"uag-image-23386\" width=\"683\" height=\"1024\" title=\"- - Bassin d&#039;Arcachon\" loading=\"lazy\" role=\"img\"><\/figure><\/div>\n<\/div>\n<\/div><\/div>\n\n\n\n<div style=\"height:40px\" aria-hidden=\"true\" class=\"wp-block-spacer\"><\/div>\n\n\n\n<div class=\"wp-block-uagb-container uagb-block-7e0427fe alignfull uagb-is-root-container\"><div class=\"uagb-container-inner-blocks-wrap\">\n<h2 class=\"wp-block-heading\">Subir a la duna m\u00e1s alta de Europa: la duna de Pilat<\/h2>\n\n\n\n<p>\u00a1Escalar la&nbsp;<strong>la duna de Pilat,<\/strong>equivale a sacar una entrada para admirar una de las vistas m\u00e1s hermosas de Francia! Atr\u00e9vete a ir m\u00e1s all\u00e1 de las escaleras. Al observar la duna, no sospechas que es un monumento natural en constante movimiento y un libro de historia a cielo abierto. Desde sus 110 m de altura, puedes admirar una magn\u00edfica vista panor\u00e1mica del&nbsp;<a href=\"https:\/\/bassin-arcachon.com\/es\/nuestros-elementos-esenciales\/el-banco-darguin\/\">Banco de Arguin<\/a>, el bosque y&nbsp;<a href=\"https:\/\/bassin-arcachon.com\/es\/nuestros-pueblos-y-aldeas\/huron-de-gorra-lege\/\">Cap Ferret<\/a>; al otro lado, un inmenso pinar se extiende hasta donde alcanza la vista. Sin embargo, la duna no solo se visita en verano: \u00a1no dudes en descubrirla con otros colores durante todo el a\u00f1o!<\/p>\n\n\n\n<p>Despu\u00e9s del ascenso, conc\u00e9dete un respiro en una de las&nbsp;<a href=\"https:\/\/bassin-arcachon.com\/es\/nuestros-elementos-esenciales\/las-playas\/\">grandes playas oce\u00e0nicas<\/a>&nbsp;La Teste de Buch (Petit Nice, La Lagune, etc.) para disfrutar de un refrescante ba\u00f1o<\/p>\n<\/div><\/div>\n\n\n\n<div style=\"height:40px\" aria-hidden=\"true\" class=\"wp-block-spacer\"><\/div>\n\n\n\n<div class=\"wp-block-uagb-container uagb-block-f52b50c9 alignfull uagb-is-root-container\"><div class=\"uagb-container-inner-blocks-wrap\">\n<div class=\"wp-block-uagb-container uagb-block-175dc71f\">\n<div class=\"wp-block-uagb-image aligncenter uagb-block-b9921567 wp-block-uagb-image--layout-overlay wp-block-uagb-image--effect-static wp-block-uagb-image--align-center\"><figure class=\"wp-block-uagb-image__figure\"><img decoding=\"async\" srcset=\"https:\/\/bassin-arcachon.com\/wp-content\/uploads\/2020\/07\/Plages-oceanes-Bassin-Arcachon-1024x683-1.jpg \" sizes=\"auto, (max-width: 480px) 150px\" src=\"https:\/\/bassin-arcachon.com\/wp-content\/uploads\/2020\/07\/Plages-oceanes-Bassin-Arcachon-1024x683-1.jpg\" alt=\"- - Bassin d&#039;Arcachon\" class=\"uag-image-53073\" width=\"1024\" height=\"683\" title=\"- - Bassin d&#039;Arcachon\" loading=\"lazy\" role=\"img\"><div class=\"wp-block-uagb-image--layout-overlay__color-wrapper\"><\/div><div class=\"wp-block-uagb-image--layout-overlay__inner center-center\"><h2 class=\"uagb-image-heading\">Antes de venir, consulta la afluencia del parking en tiempo real<\/h2><\/div><\/figure><\/div>\n<\/div>\n\n\n\n<div class=\"wp-block-uagb-container uagb-block-ac77147e\">\n<iframe loading=\"lazy\" width=\"100%\" height=\"393\" src=\"https:\/\/bassin-arcachon.com\/parking\/?lang=fr\" '=\"\" data-dashlane-frameid=\"2065\"><\/iframe>\n<\/div>\n<\/div><\/div>\n\n\n\n<div style=\"height:40px\" aria-hidden=\"true\" class=\"wp-block-spacer\"><\/div>\n\n\n\n<div class=\"wp-block-uagb-container uagb-block-93ac09d8 alignfull uagb-is-root-container\"><div class=\"uagb-container-inner-blocks-wrap\">\n<div class=\"wp-block-uagb-container uagb-block-417cc7d1\">\n<div class=\"wp-block-uagb-image uagb-block-cbde6e3c wp-block-uagb-image--layout-default wp-block-uagb-image--effect-static wp-block-uagb-image--align-none\"><figure class=\"wp-block-uagb-image__figure\"><img decoding=\"async\" srcset=\"https:\/\/bassin-arcachon.com\/wp-content\/uploads\/2017\/02\/banc-arguin-guide-1024x576.jpg ,https:\/\/bassin-arcachon.com\/wp-content\/uploads\/2017\/02\/banc-arguin-guide.jpg 780w, https:\/\/bassin-arcachon.com\/wp-content\/uploads\/2017\/02\/banc-arguin-guide.jpg 360w\" sizes=\"auto, (max-width: 480px) 150px\" src=\"https:\/\/bassin-arcachon.com\/wp-content\/uploads\/2017\/02\/banc-arguin-guide-1024x576.jpg\" alt=\"- - Bassin d&#039;Arcachon\" class=\"uag-image-976\" width=\"1024\" height=\"683\" title=\"- - Bassin d&#039;Arcachon\" loading=\"lazy\" role=\"img\"><\/figure><\/div>\n<\/div>\n\n\n\n<div class=\"wp-block-uagb-container uagb-block-62220edb\">\n<h2 class=\"wp-block-heading\">Un d\u00eda en el Banco de Arguin<\/h2>\n\n\n\n<p>Con las toallas de playa y el picnic , ve a pasar el d\u00eda al banco de Arguin. Aprovecha el paseo en barco para ver a los ostricultores trabajar en los criaderos antes de tocar la c\u00e1lida arena y jugar a Robinson Crusoe.<br><strong>A Argu\u00edn<\/strong>&nbsp;solo se puede acceder en barco durante el d\u00eda. Una parte del arenal est\u00e1 acordonada y  se\u00f1alizada como \u00abZona de protecci\u00f3n integral\u00bb; por favor, no entres en ella, pues es una importante \u00e1rea ornitol\u00f3gica. No est\u00e1 permitido acampar ni llevar perros al banco de Arguin.<\/p>\n<\/div>\n<\/div><\/div>\n\n\n\n<div style=\"height:40px\" aria-hidden=\"true\" class=\"wp-block-spacer\"><\/div>\n\n\n\n<div class=\"wp-block-uagb-container uagb-block-8ad2ee1a alignfull uagb-is-root-container\"><div class=\"uagb-container-inner-blocks-wrap\">\n<div class=\"wp-block-uagb-container uagb-block-cc4253ff\">\n<h2 class=\"wp-block-heading\">Navegar alrededor de la Isla de los P\u00e1jaros<\/h2>\n\n\n\n<p>Saliendo de Arcachon o de la pen\u00ednsula de L\u00e8ge-Cap Ferret, ya sea en barco o en kayak de mar, hay que rodear esta isla situada justo en medio de la bah\u00eda.<\/p>\n\n\n\n<p>En barco, es preferible salir con marea alta para acercarse lo m\u00e1s posible a ver las&nbsp;<a href=\"https:\/\/bassin-arcachon.com\/es\/nuestros-elementos-esenciales\/las-cabanas-tchanquee\/\">caba\u00f1as sobre pilotes<\/a>, pero el kayak de mar es la embarcaci\u00f3n  ideal! Hay varias rutas disponibles: del sencillo viaje de exploraci\u00f3n (2 horas) a la excursi\u00f3n (3 horas) o la caminata entre tierra y mar (de 4 a 5 horas). Por razones de accesibilidad del lugar, la Isla de los P\u00e1jaros no se visita.<\/p>\n<\/div>\n\n\n\n<div class=\"wp-block-uagb-container uagb-block-f742a4d2\">\n<div class=\"wp-block-uagb-image uagb-block-cd9525a3 wp-block-uagb-image--layout-default wp-block-uagb-image--effect-static wp-block-uagb-image--align-none\"><figure class=\"wp-block-uagb-image__figure\"><img decoding=\"async\" srcset=\"https:\/\/bassin-arcachon.com\/wp-content\/uploads\/2017\/02\/Cabanes-tchanqu\u00e9es-bassin-darcachon.jpg \" sizes=\"auto, (max-width: 480px) 150px\" src=\"https:\/\/bassin-arcachon.com\/wp-content\/uploads\/2017\/02\/Cabanes-tchanqu\u00e9es-bassin-darcachon.jpg\" alt=\"- - Bassin d&#039;Arcachon\" class=\"uag-image-23673\" width=\"1000\" height=\"666\" title=\"- - Bassin d&#039;Arcachon\" loading=\"lazy\" role=\"img\"><\/figure><\/div>\n<\/div>\n<\/div><\/div>\n\n\n\n<div style=\"height:40px\" aria-hidden=\"true\" class=\"wp-block-spacer\"><\/div>\n\n\n\n<div class=\"wp-block-uagb-container uagb-block-a57c6c2c alignfull uagb-is-root-container\"><div class=\"uagb-container-inner-blocks-wrap\">\n<div class=\"wp-block-uagb-container uagb-block-1145e4d4\">\n<div class=\"wp-block-uagb-image uagb-block-83d86437 wp-block-uagb-image--layout-default wp-block-uagb-image--effect-static wp-block-uagb-image--align-none\"><figure class=\"wp-block-uagb-image__figure\"><img decoding=\"async\" srcset=\"https:\/\/bassin-arcachon.com\/wp-content\/uploads\/2017\/04\/lateste_marche2-1024x660.jpg ,https:\/\/bassin-arcachon.com\/wp-content\/uploads\/2017\/04\/lateste_marche2.jpg 780w, https:\/\/bassin-arcachon.com\/wp-content\/uploads\/2017\/04\/lateste_marche2.jpg 360w\" sizes=\"auto, (max-width: 480px) 150px\" src=\"https:\/\/bassin-arcachon.com\/wp-content\/uploads\/2017\/04\/lateste_marche2-1024x660.jpg\" alt=\"- - Bassin d&#039;Arcachon\" class=\"uag-image-1113\" width=\"1024\" height=\"660\" title=\"- - Bassin d&#039;Arcachon\" loading=\"lazy\" role=\"img\"><\/figure><\/div>\n<\/div>\n\n\n\n<div class=\"wp-block-uagb-container uagb-block-fcdfb62f\">\n<h2 class=\"wp-block-heading\">Recorrer por los pasillos del mercado para comprar<\/h2>\n\n\n\n<p>\u00a1El mercado situado en el centro urbano La Teste de Buch es uno de los&nbsp;<strong>m\u00e1s grandes en Gironda<\/strong>&nbsp;! Tanto en verano como en invierno, hay numerosos puestos diferentes con productos para disfrutar o deleitar a los seres queridos al volver de vacaciones. Si te gustan las ostras, despu\u00e9s de visitar el mercado dir\u00edgete al puerto ostr\u00edcola, donde varias caba\u00f1as ofrecen degustaciones.<a href=\"https:\/\/bassin-arcachon.com\/es\/o-comer\/cabanes-a-huitres\/\">&nbsp;<\/a>ofrecer degustaciones.<\/p>\n<\/div>\n<\/div><\/div>\n\n\n\n<div style=\"height:40px\" aria-hidden=\"true\" class=\"wp-block-spacer\"><\/div>\n\n\n\n<div class=\"wp-block-uagb-container uagb-block-160d1a49 alignfull uagb-is-root-container\"><div class=\"uagb-container-inner-blocks-wrap\">\n<div class=\"wp-block-uagb-container uagb-block-6f423e88\">\n<h2 class=\"wp-block-heading\">Contemplar el paisaje de los Prados Salados del Oeste<\/h2>\n\n\n\n<p>Partiendo del puerto ostr\u00edcola, ve a explorar a pie o en bicicleta los&nbsp;<a href=\"https:\/\/bassin-arcachon.com\/es\/cerca-de-ventas-oeste-nuestro-pequeno-rincon-secreto\/\" target=\"_blank\" rel=\"noreferrer noopener\">Prados Salados del Oeste<\/a>&nbsp;un paisaje que cambia en funci\u00f3n de las estaciones y las mareas\u2026 para disfrute de todos los amantes de la naturaleza.<\/p>\n\n\n\n<p>La visita de este paraje natural se hace por un sendero se\u00f1alizado con numerosos paneles did\u00e1cticos. \u00a1Y no olvides los prism\u00e1ticos para poder admirar m\u00e1s de cerca las aves migratorias!<\/p>\n<\/div>\n\n\n\n<div class=\"wp-block-uagb-container uagb-block-a9183918\">\n<div class=\"wp-block-uagb-image uagb-block-6b6983fa wp-block-uagb-image--layout-default wp-block-uagb-image--effect-static wp-block-uagb-image--align-none\"><figure class=\"wp-block-uagb-image__figure\"><img decoding=\"async\" srcset=\"https:\/\/bassin-arcachon.com\/wp-content\/uploads\/2018\/04\/pres-sales-ouest-la-teste-e1548070131821.jpg \" sizes=\"auto, (max-width: 480px) 150px\" src=\"https:\/\/bassin-arcachon.com\/wp-content\/uploads\/2018\/04\/pres-sales-ouest-la-teste-e1548070131821.jpg\" alt=\"Descanso relajante en West Salt Meadows en Teste de Buch\" class=\"uag-image-19913\" width=\"1000\" height=\"666\" title=\"- - Bassin d&#039;Arcachon\" loading=\"lazy\" role=\"img\"><\/figure><\/div>\n<\/div>\n<\/div><\/div>\n\n\n\n<div style=\"height:40px\" aria-hidden=\"true\" class=\"wp-block-spacer\"><\/div>\n\n\n\n<div class=\"wp-block-uagb-container uagb-block-554d6e82 alignfull uagb-is-root-container\"><div class=\"uagb-container-inner-blocks-wrap\">\n<div class=\"wp-block-uagb-container uagb-block-26f6ea02\">\n<div class=\"wp-block-uagb-image uagb-block-a5298701 wp-block-uagb-image--layout-default wp-block-uagb-image--effect-static wp-block-uagb-image--align-none\"><figure class=\"wp-block-uagb-image__figure\"><img decoding=\"async\" srcset=\"https:\/\/bassin-arcachon.com\/wp-content\/uploads\/2017\/02\/Lac-de-Cazaux-en-famille.jpg \" sizes=\"auto, (max-width: 480px) 150px\" src=\"https:\/\/bassin-arcachon.com\/wp-content\/uploads\/2017\/02\/Lac-de-Cazaux-en-famille.jpg\" alt=\"- - Bassin d&#039;Arcachon\" class=\"uag-image-23753\" width=\"1000\" height=\"666\" title=\"- - Bassin d&#039;Arcachon\" loading=\"lazy\" role=\"img\"><\/figure><\/div>\n<\/div>\n\n\n\n<div class=\"wp-block-uagb-container uagb-block-3aec4116\">\n<h2 class=\"wp-block-heading\">Relajarse (o no) en el lago de Cazaux<\/h2>\n\n\n\n<p>\u00a1Tiempo de descanso a orillas del&nbsp;<strong>Lago Cazaux<\/strong>&nbsp;! Con sus actividades n\u00e1uticas, sus dos playas de arena fina y sus calas v\u00edrgenes , el lago de Cazaux te reserva bonitas sorpresas.<\/p>\n\n\n\n<p>Para los aficionados a las actividades n\u00e1uticas \u00a1es el momento de iniciarse en la vela, el paddle surf o el pirag\u00fcismo en uno de los lagos m\u00e1s grandes de Francia!<\/p>\n<\/div>\n<\/div><\/div>\n\n\n\n<div style=\"height:40px\" aria-hidden=\"true\" class=\"wp-block-spacer\"><\/div>\n\n\n\n<div class=\"wp-block-uagb-container uagb-block-5ccf7262 alignfull uagb-is-root-container\">\n<div class=\"wp-block-cover has-parallax\"><span aria-hidden=\"true\" class=\"wp-block-cover__background has-background-dim-0 has-background-dim\"><\/span><div class=\"wp-block-cover__image-background wp-image-23981 has-parallax\" style=\"background-position:50% 50%;background-image:url(https:\/\/bassin-arcachon.com\/wp-content\/uploads\/2018\/07\/Zoo-de-La-Teste-de-Buch.jpg)\"><\/div><div class=\"wp-block-cover__inner-container is-layout-flow wp-block-cover-is-layout-flow\">\n<h2 class=\"wp-block-heading has-text-align-center has-white-color has-text-color has-background has-large-font-size\" style=\"background-color:#000000b3\">\u00a1Pasa un d\u00eda con los ni\u00f1os en el zoo!<\/h2>\n<\/div><\/div>\n<\/div>\n\n\n\n<div style=\"height:20px\" aria-hidden=\"true\" class=\"wp-block-spacer\"><\/div>","protected":false},"excerpt":{"rendered":"<p>La Teste de Buch, le joyau du Bassin d\u2019Arcachon Tr\u00e8s connue pour sa majestueuse&nbsp;Dune du Pilat, La Teste de Buch offre de nombreuses activit\u00e9s en toutes saisons. Ici, vous retrouverez [&hellip;]<\/p>\n","protected":false},"author":25,"featured_media":22319,"parent":29,"menu_order":2,"comment_status":"closed","ping_status":"closed","template":"","meta":{"_acf_changed":false,"_uag_custom_page_level_css":"","footnotes":""},"class_list":["post-114","page","type-page","status-publish","has-post-thumbnail","hentry"],"acf":[],"uagb_featured_image_src":{"full":["https:\/\/bassin-arcachon.com\/wp-content\/uploads\/2018\/06\/Plage-oceane-Bassin.jpg",1000,666,false],"thumbnail":["https:\/\/bassin-arcachon.com\/wp-content\/uploads\/2018\/06\/Plage-oceane-Bassin-150x150.jpg",150,150,true],"medium":["https:\/\/bassin-arcachon.com\/wp-content\/uploads\/2018\/06\/Plage-oceane-Bassin-600x400.jpg",600,400,true],"medium_large":["https:\/\/bassin-arcachon.com\/wp-content\/uploads\/2018\/06\/Plage-oceane-Bassin-768x511.jpg",768,511,true],"large":["https:\/\/bassin-arcachon.com\/wp-content\/uploads\/2018\/06\/Plage-oceane-Bassin.jpg",1000,666,false],"1536x1536":["https:\/\/bassin-arcachon.com\/wp-content\/uploads\/2018\/06\/Plage-oceane-Bassin.jpg",1000,666,false],"2048x2048":["https:\/\/bassin-arcachon.com\/wp-content\/uploads\/2018\/06\/Plage-oceane-Bassin.jpg",1000,666,false],"trp-custom-language-flag":["https:\/\/bassin-arcachon.com\/wp-content\/uploads\/2018\/06\/Plage-oceane-Bassin-18x12.jpg",18,12,true]},"uagb_author_info":{"display_name":"Marie Clauzel","author_link":"https:\/\/bassin-arcachon.com\/es\/author\/mariesiba\/"},"uagb_comment_info":0,"uagb_excerpt":"La Teste de Buch, le joyau du Bassin d\u2019Arcachon Tr\u00e8s connue pour sa majestueuse&nbsp;Dune du Pilat, La Teste de Buch offre de nombreuses activit\u00e9s en toutes saisons. Ici, vous retrouverez [&hellip;]","_links":{"self":[{"href":"https:\/\/bassin-arcachon.com\/es\/wp-json\/wp\/v2\/pages\/114","targetHints":{"allow":["GET"]}}],"collection":[{"href":"https:\/\/bassin-arcachon.com\/es\/wp-json\/wp\/v2\/pages"}],"about":[{"href":"https:\/\/bassin-arcachon.com\/es\/wp-json\/wp\/v2\/types\/page"}],"author":[{"embeddable":true,"href":"https:\/\/bassin-arcachon.com\/es\/wp-json\/wp\/v2\/users\/25"}],"replies":[{"embeddable":true,"href":"https:\/\/bassin-arcachon.com\/es\/wp-json\/wp\/v2\/comments?post=114"}],"version-history":[{"count":1,"href":"https:\/\/bassin-arcachon.com\/es\/wp-json\/wp\/v2\/pages\/114\/revisions"}],"predecessor-version":[{"id":118612,"href":"https:\/\/bassin-arcachon.com\/es\/wp-json\/wp\/v2\/pages\/114\/revisions\/118612"}],"up":[{"embeddable":true,"href":"https:\/\/bassin-arcachon.com\/es\/wp-json\/wp\/v2\/pages\/29"}],"wp:featuredmedia":[{"embeddable":true,"href":"https:\/\/bassin-arcachon.com\/es\/wp-json\/wp\/v2\/media\/22319"}],"wp:attachment":[{"href":"https:\/\/bassin-arcachon.com\/es\/wp-json\/wp\/v2\/media?parent=114"}],"curies":[{"name":"wp","href":"https:\/\/api.w.org\/{rel}","templated":true}]}}